{"id":41147,"date":"2022-12-08T10:57:27","date_gmt":"2022-12-08T10:57:27","guid":{"rendered":"https:\/\/jackpotlotteryonline.com\/?page_id=41147"},"modified":"2022-12-29T11:15:09","modified_gmt":"2022-12-29T11:15:09","slug":"set-for-life","status":"publish","type":"page","link":"https:\/\/jackpotlotteryonline.com\/hu\/nyeroszamok\/set-for-life\/","title":{"rendered":"Set for Life sorsol\u00e1s eredm\u00e9nyei"},"content":{"rendered":"<p>A Set for Life lott\u00f3 az Egyes\u00fclt Kir\u00e1lys\u00e1g j\u00e1rad\u00e9kos lott\u00f3ja, amely es\u00e9lyt ad a j\u00e1t\u00e9kosoknak arra, hogy egy \u00e9letet megv\u00e1ltoztat\u00f3 nyerem\u00e9nyt nyerjenek. \u00c9letbev\u00e1g\u00f3 abban az \u00e9rtelemben, hogy a nyertes sz\u00e1mok 30 \u00e9ven kereszt\u00fcl minden h\u00f3napban 10 000 fontot kap. Ez majdnem olyan, mintha \u00e9leted h\u00e1tral\u00e9v\u0151 r\u00e9sz\u00e9ben minden h\u00f3napban megnyern\u00e9d a jackpotot.<\/p>\n<p>A j\u00e1t\u00e9kosok a vil\u00e1g minden t\u00e1j\u00e1r\u00f3l online <a href=\"https:\/\/jackpotlotteryonline.com\/hu\/jegyet-vasarolni\/set-for-life\">szelv\u00e9nyv\u00e1s\u00e1rl\u00e1ssal vehetnek r\u00e9szt a brit j\u00e1rad\u00e9kos lott\u00f3n.<\/a> Emellett online ellen\u0151rizhetik a nyer\u0151sz\u00e1mokat is, \u00e9s hozz\u00e1f\u00e9rhetnek a nyerem\u00e9ny\u00fckh\u00f6z is.<\/p>\n<p>Ha a <a href=\"https:\/\/jackpotlotteryonline.com\/hu\/hogyan-kell-jatszani\/set-for-life\">jackpotlotteryonline.com-on kereszt\u00fcl lott\u00f3zik<\/a>, gyakorlatilag egyablakos \u00fcgyint\u00e9z\u00e9st kap minden lott\u00f3sz\u00fcks\u00e9glet\u00e9hez. A lott\u00f3nyerem\u00e9nyre \u00f6sszpontos\u00edthat, ha online v\u00e1s\u00e1rolja meg a legjobb nemzetk\u00f6zi lott\u00f3j\u00e1t\u00e9kok szelv\u00e9nyeit.<\/p>\n<section class=\"layout\" style=\"border: solid 1px; width: 100%;\">\n<div class=\"img-div\" style=\"margin-top: 5px;\"><img decoding=\"async\" class=\"wp-image-17212 alignleft\" style=\"height: 45px; margin: 8px 8px 0px;\" src=\"https:\/\/jackpotlotteryonline.com\/wp-content\/uploads\/2022\/11\/read1.jpg\" alt=\"olvasd el\" width=\"\" height=\"\" \/><\/div>\n<div style=\"padding-left: 5px;\">\n<div style=\"font-size: 1.1em;\">\n<p><strong>Leg\u00e1lis-e m\u00e1s orsz\u00e1gok lott\u00f3j\u00e1t\u00e9kait online j\u00e1tszani?<\/strong><\/p>\n<p style=\"font-size: 0.85em; margin-top: -1.5em;\">Leg\u00e1lis-e online lott\u00f3szelv\u00e9nyt venni, \u00e9s val\u00f3ban kapok-e p\u00e9nzt?\u00a0<a href=\"https:\/\/jackpotlotteryonline.com\/hu\/legalis-e-mas-orszagok-lottojatekainak-online-jateka\"> tov\u00e1bb<\/a><\/p>\n<\/div>\n<\/div>\n<\/section>\n<h2>Mi\u00e9rt \u00e9rdemes online j\u00e1tszani?<\/h2>\n<p>El\u0151sz\u00f6r is, ha nem az Egyes\u00fclt Kir\u00e1lys\u00e1gban \u00e9l, akkor el\u00e9g neh\u00e9z lesz sz\u00e1modra szelv\u00e9nyt v\u00e1s\u00e1rolni erre a lott\u00f3j\u00e1t\u00e9kra. Alapvet\u0151en az Egyes\u00fclt Kir\u00e1lys\u00e1gon k\u00edv\u00fcl csak online j\u00e1tszhatsz a Set for Life lott\u00f3n. M\u00e1sodszor, ha megl\u00e1tod, milyen k\u00e9nyelmes az online j\u00e1t\u00e9k, nem fogsz m\u00e1sk\u00e9pp j\u00e1tszani a lott\u00f3n.<\/p>\n<p><strong>R\u00f6viden, itt van n\u00e9h\u00e1ny f\u0151 el\u0151nye az online lott\u00f3j\u00e1t\u00e9knak:<\/strong><img loading=\"lazy\" decoding=\"async\" class=\"alignright size-medium wp-image-27941\" src=\"https:\/\/jackpotlotteryonline.com\/wp-content\/uploads\/2022\/11\/1_lottery_winner_ticket-200x300.jpg\" alt=\"set for life j\u00e1t\u00e9k\" width=\"200\" height=\"300\" srcset=\"https:\/\/jackpotlotteryonline.com\/wp-content\/uploads\/2022\/11\/1_lottery_winner_ticket-200x300.jpg 200w, https:\/\/jackpotlotteryonline.com\/wp-content\/uploads\/2022\/11\/1_lottery_winner_ticket.jpg 320w\" sizes=\"auto, (max-width: 200px) 100vw, 200px\" \/><\/p>\n<ul>\n<li>Azonnali hozz\u00e1f\u00e9r\u00e9st kap a nyertes sz\u00e1mok megj\u00e1tsz\u00e1s\u00e1hoz minden egyes sorsol\u00e1sn\u00e1l.<\/li>\n<li>Hetekre el\u0151re be\u00e1ll\u00edthatja a bel\u00e9p\u0151it<\/li>\n<li>K\u00f6nnyed\u00e9n ellen\u0151rizheti a nyer\u0151sz\u00e1mokat<\/li>\n<li>Stressz n\u00e9lk\u00fcl hozz\u00e1f\u00e9rhet a nyerem\u00e9ny\u00e9hez<\/li>\n<\/ul>\n<p>Nagyon sok el\u0151nye van annak, ha online lott\u00f3zik. \u00c9s amikor vel\u00fcnk j\u00e1tszik a jackpotlotteryonline.com oldalon, megtapasztalhatja a lott\u00f3 k\u00f6nnyeds\u00e9g\u00e9t \u00e9s k\u00e9nyelm\u00e9t. Concierge-oldalk\u00e9nt mi int\u00e9zz\u00fck \u00d6n helyett a r\u00e9szleteket, mik\u00f6zben \u00d6n arra koncentr\u00e1l, hogy k\u00f6nnyed\u00e9n kiv\u00e1laszthassa a nyer\u0151sz\u00e1mokat. Ez mindenki sz\u00e1m\u00e1ra el\u0151ny\u00f6s.<\/p>\n<h2>Melyek a Set for Life nyer\u0151sz\u00e1mok?<\/h2>\n<p>Az egyetlen m\u00f3dja annak, hogy megtudja, hogy \u00d6nn\u00e9l vannak-e a nyer\u0151sz\u00e1mok, ha tudja, hogyan kell j\u00e1tszani ezt a brit lott\u00f3t. A j\u00e1t\u00e9khoz 5 sz\u00e1mot kell kiv\u00e1lasztania az 1 \u00e9s 47 k\u00f6z\u00f6tti sz\u00e1mtartom\u00e1nyb\u00f3l \u00e9s 1 Life Ball sz\u00e1mot az 1 \u00e9s 10 k\u00f6z\u00f6tti sz\u00e1mtartom\u00e1nyb\u00f3l. Miut\u00e1n kiv\u00e1lasztotta a sz\u00e1mokat, a k\u00f6vetkez\u0151 l\u00e9p\u00e9s az \u00d6n \u00e1ltal v\u00e1lasztott sorsol\u00e1son val\u00f3 r\u00e9szv\u00e9tel.<\/p>\n<p>A Set for Life heti k\u00e9t sorsol\u00e1si napot tart, h\u00e9tf\u0151nk\u00e9nt \u00e9s cs\u00fct\u00f6rt\u00f6k\u00f6nk\u00e9nt. Ez k\u00e9t es\u00e9lyt jelent a lott\u00f3nyerem\u00e9nyre. Term\u00e9szetesen mindk\u00e9t sorsol\u00e1son r\u00e9szt vehetsz, hiszen \u00edgy n\u00f6velheted a lott\u00f3nyerem\u00e9ny es\u00e9ly\u00e9t.<\/p>\n<p>A sorsol\u00e1sok ut\u00e1n ellen\u0151rizni kell az eredm\u00e9nyeket, hogy megn\u00e9zze, megvan-e a nyer\u0151 kombin\u00e1ci\u00f3. Aki a nyer\u0151sz\u00e1mokat kapja, az nyeri a lott\u00f3t.<\/p>\n<h2>A sorsol\u00e1s eredm\u00e9nyeinek ellen\u0151rz\u00e9s\u00e9nek h\u00e1rom m\u00f3dja<\/h2>\n<p>H\u00e1romf\u00e9lek\u00e9ppen ellen\u0151rizheti a nyer\u0151 kombin\u00e1ci\u00f3t enn\u00e9l az egyes\u00fclt kir\u00e1lys\u00e1gbeli lott\u00f3n\u00e1l. Ha az Egyes\u00fclt Kir\u00e1lys\u00e1gban \u00e9l, k\u00f6nnyen megn\u00e9zheti az \u00e9l\u0151 sorsol\u00e1sokat a telev\u00edzi\u00f3ban. Ha azonban \u00e9ppen dolgozik, vagy m\u00e1s funkci\u00f3ja van, akkor ez nem fog m\u0171k\u00f6dni az \u00d6n sz\u00e1m\u00e1ra.<\/p>\n<p>Egy m\u00e1sik alternat\u00edva, ha online n\u00e9zi meg a sorsol\u00e1s eredm\u00e9nyeit. K\u00fcl\u00f6nb\u00f6z\u0151 webhelyek k\u00f6zz\u00e9teszik az eredm\u00e9nyeket, k\u00fcl\u00f6n\u00f6sen a jackpot nyertes kombin\u00e1ci\u00f3j\u00e1t. Term\u00e9szetesen, mivel a lott\u00f3nak m\u00e1s nyerem\u00e9nykateg\u00f3ri\u00e1i is vannak, a jackpoton k\u00edv\u00fcl m\u00e1s nyerem\u00e9nykombin\u00e1ci\u00f3k is \u00e9rdekelhetik.<\/p>\n<p>A sorsol\u00e1si eredm\u00e9nyek ellen\u0151rz\u00e9s\u00e9nek legjobb m\u00f3dja, ha minden sorsol\u00e1s ut\u00e1n visszat\u00e9r erre az oldalra. A sorsol\u00e1si eredm\u00e9nyeket itt tessz\u00fck k\u00f6zz\u00e9, \u00e9s id\u0151t sz\u00e1nunk arra, hogy minden nyerem\u00e9nykateg\u00f3ri\u00e1ban megmutassuk a nyerem\u00e9nykombin\u00e1ci\u00f3kat. S\u0151t, ha t\u0151l\u00fcnk v\u00e1s\u00e1rolta a szelv\u00e9ny\u00e9t, akkor e-mailben \u00e9rtes\u00edtj\u00fck, ha nyertes szelv\u00e9nye van.<\/p>\n<h2>Set for Life nyerem\u00e9nykateg\u00f3ri\u00e1k<\/h2>\n<p>Ennek a brit lott\u00f3nak a f\u0151nyerem\u00e9nye a k\u00f6vetkez\u0151 30 \u00e9vben minden h\u00f3napban elk\u00e9peszt\u0151 10 000 font. K\u00e9pzelje el, hogy 30 \u00e9ven kereszt\u00fcl minden h\u00f3napban nyer egy ilyen \u00f6sszeget. Egy ilyen nyerem\u00e9ny mellett k\u00f6nnyen \u00e9rthet\u0151, hogy a fogad\u00f3k vil\u00e1gszerte mi\u00e9rt v\u00e1rj\u00e1k a lott\u00f3 nyer\u0151 kombin\u00e1ci\u00f3j\u00e1t.<\/p>\n<p>Az els\u0151 d\u00edj megnyer\u00e9s\u00e9n t\u00fal m\u00e1s izgalmas nyerem\u00e9nyeket is nyerhetnek a j\u00e1t\u00e9kosok ezzel a lott\u00f3val. \u00cdme a nyerem\u00e9nykateg\u00f3ri\u00e1k.<\/p>\n<p>1. kateg\u00f3ria: Match 5 + az \u00c9letgoly\u00f3 &#8211; \u00a310,000 minden h\u00f3napban 30 \u00e9ven kereszt\u00fcl<\/p>\n<p>2. kateg\u00f3ria: Csak a Match 5 &#8211; 10 000 font havonta 1 \u00e9ven kereszt\u00fcl<\/p>\n<p>3. kateg\u00f3ria: Match 4 + az \u00c9letlabda &#8211; 250 \u00a3<\/p>\n<p>Kateg\u00f3ria: 4: Csak a 4. m\u00e9rk\u0151z\u00e9s &#8211; 50 font<\/p>\n<p>kateg\u00f3ria: 3. m\u00e9rk\u0151z\u00e9s + Life Ball &#8211; 30 \u00a3<\/p>\n<p>6. kateg\u00f3ria: Csak a 3. m\u00e9rk\u0151z\u00e9s &#8211; 20 font<\/p>\n<p>7. kateg\u00f3ria: 2. m\u00e9rk\u0151z\u00e9s + a Life Ball &#8211; \u00a310<\/p>\n<p>8. kateg\u00f3ria Csak a 2. m\u00e9rk\u0151z\u00e9s &#8211; 5 font<\/p>\n<h2>Nyerem\u00e9nye kifizet\u00e9se<\/h2>\n<p>Eml\u00edtett\u00fck, hogy e-mailben \u00e9s a sz\u00e1ml\u00e1j\u00e1n kereszt\u00fcl \u00e9rtes\u00edtj\u00fck \u00d6nt, ha nyertes szelv\u00e9nye van. De hogyan veheti ki a nyerem\u00e9ny\u00e9t, ha nem az Egyes\u00fclt Kir\u00e1lys\u00e1gban \u00e9l? Ez egy olyan k\u00e9rd\u00e9s, ami miatt sok j\u00e1t\u00e9kos agg\u00f3dik. Nos, mi az\u00e9rt vagyunk itt, hogy megnyugtassuk a sz\u00edv\u00e9t a nyerem\u00e9nyeivel kapcsolatban.<\/p>\n<p>Amikor regisztr\u00e1l n\u00e1lunk, \u00e9s megv\u00e1s\u00e1rolja t\u0151l\u00fcnk a lott\u00f3szelv\u00e9nyeit, leegyszer\u0171s\u00edtj\u00fck a folyamatot az \u00d6n sz\u00e1m\u00e1ra. Concierge-oldalk\u00e9nt z\u00f6kken\u0151mentes folyamatot hoztunk l\u00e9tre, amellyel k\u00f6nnyed\u00e9n kiveheti nyerem\u00e9ny\u00e9t. A 2500 eur\u00f3 alatti nyerem\u00e9nyek eset\u00e9n csak annyit kell tennie, hogy az oldalunkon kereszt\u00fcl k\u00e9szp\u00e9nzben kiv\u00e1ltja a nyerem\u00e9nyt a sz\u00e1ml\u00e1j\u00e1ra.<\/p>\n<p>Ha olyan nyerem\u00e9nyt nyert, amely meghaladja ezt az \u00f6sszeget, akkor egy ig\u00e9nyl\u0151lapot biztos\u00edtunk \u00d6nnek. \u00cdgy k\u00f6zvetlen\u00fcl a lott\u00f3t\u00e1rsas\u00e1gt\u00f3l ig\u00e9nyelheti nyerem\u00e9ny\u00e9t. Teh\u00e1t menjen el\u0151re, \u00e9s v\u00e1s\u00e1roljon m\u00e9g ma egy lott\u00f3szelv\u00e9nyt, hogy es\u00e9lye legyen a nyer\u0151 kombin\u00e1ci\u00f3ra.<\/p>\n","protected":false},"excerpt":{"rendered":"<p>A Set for Life lott\u00f3 az Egyes\u00fclt Kir\u00e1lys\u00e1g j\u00e1rad\u00e9kos lott\u00f3ja, amely es\u00e9lyt ad a j\u00e1t\u00e9kosoknak arra, hogy egy \u00e9letet megv\u00e1ltoztat\u00f3 nyerem\u00e9nyt nyerjenek. \u00c9letbev\u00e1g\u00f3 abban az \u00e9rtelemben, hogy a nyertes sz\u00e1mok 30 \u00e9ven kereszt\u00fcl minden h\u00f3napban 10 000 fontot kap. Ez majdnem olyan, mintha \u00e9leted h\u00e1tral\u00e9v\u0151 r\u00e9sz\u00e9ben minden h\u00f3napban megnyern\u00e9d a jackpotot. A j\u00e1t\u00e9kosok a vil\u00e1g [&hellip;]<\/p>\n","protected":false},"author":1,"featured_media":0,"parent":35832,"menu_order":11,"comment_status":"closed","ping_status":"closed","template":"set-for-life-results.php","meta":{"_et_pb_use_builder":"","_et_pb_old_content":"","_et_gb_content_width":"","exclude_from_search":false,"footnotes":""},"class_list":["post-41147","page","type-page","status-publish","hentry"],"yoast_head":"<!-- This site is optimized with the Yoast SEO plugin v23.3 - https:\/\/yoast.com\/wordpress\/plugins\/seo\/ -->\n<title>Set for Life nyer\u0151sz\u00e1mok \u00e9s sorsol\u00e1s eredm\u00e9nye<\/title>\n<meta name=\"description\" content=\"A Set For Life lott\u00f3 sorsol\u00e1s eredm\u00e9nyei, valamint a nyer\u0151sz\u00e1mok itt a Jackpotlotteryonline.com oldalon.\" \/>\n<meta name=\"robots\" content=\"index, follow, max-snippet:-1, max-image-preview:large, max-video-preview:-1\" \/>\n<link rel=\"canonical\" href=\"https:\/\/jackpotlotteryonline.com\/hu\/nyeroszamok\/set-for-life\/\" \/>\n<meta property=\"og:locale\" content=\"hu_HU\" \/>\n<meta property=\"og:type\" content=\"article\" \/>\n<meta property=\"og:title\" content=\"Set for Life nyer\u0151sz\u00e1mok \u00e9s sorsol\u00e1s eredm\u00e9nye\" \/>\n<meta property=\"og:description\" content=\"A Set For Life lott\u00f3 sorsol\u00e1s eredm\u00e9nyei, valamint a nyer\u0151sz\u00e1mok itt a Jackpotlotteryonline.com oldalon.\" \/>\n<meta property=\"og:url\" content=\"https:\/\/jackpotlotteryonline.com\/hu\/nyeroszamok\/set-for-life\/\" \/>\n<meta property=\"og:site_name\" content=\"Lotto Online - Crack The International Lottery Jackpots\" \/>\n<meta property=\"article:modified_time\" content=\"2022-12-29T11:15:09+00:00\" \/>\n<meta property=\"og:image\" content=\"https:\/\/jackpotlotteryonline.com\/wp-content\/uploads\/2022\/11\/read1.jpg\" \/>\n<meta name=\"twitter:card\" content=\"summary_large_image\" \/>\n<meta name=\"twitter:label1\" content=\"Becs\u00fclt olvas\u00e1si id\u0151\" \/>\n\t<meta name=\"twitter:data1\" content=\"4 perc\" \/>\n<!-- \/ Yoast SEO plugin. -->","yoast_head_json":{"title":"Set for Life nyer\u0151sz\u00e1mok \u00e9s sorsol\u00e1s eredm\u00e9nye","description":"A Set For Life lott\u00f3 sorsol\u00e1s eredm\u00e9nyei, valamint a nyer\u0151sz\u00e1mok itt a Jackpotlotteryonline.com oldalon.","robots":{"index":"index","follow":"follow","max-snippet":"max-snippet:-1","max-image-preview":"max-image-preview:large","max-video-preview":"max-video-preview:-1"},"canonical":"https:\/\/jackpotlotteryonline.com\/hu\/nyeroszamok\/set-for-life\/","og_locale":"hu_HU","og_type":"article","og_title":"Set for Life nyer\u0151sz\u00e1mok \u00e9s sorsol\u00e1s eredm\u00e9nye","og_description":"A Set For Life lott\u00f3 sorsol\u00e1s eredm\u00e9nyei, valamint a nyer\u0151sz\u00e1mok itt a Jackpotlotteryonline.com oldalon.","og_url":"https:\/\/jackpotlotteryonline.com\/hu\/nyeroszamok\/set-for-life\/","og_site_name":"Lotto Online - Crack The International Lottery Jackpots","article_modified_time":"2022-12-29T11:15:09+00:00","og_image":[{"url":"https:\/\/jackpotlotteryonline.com\/wp-content\/uploads\/2022\/11\/read1.jpg"}],"twitter_card":"summary_large_image","twitter_misc":{"Becs\u00fclt olvas\u00e1si id\u0151":"4 perc"},"schema":{"@context":"https:\/\/schema.org","@graph":[{"@type":"WebPage","@id":"https:\/\/jackpotlotteryonline.com\/hu\/nyeroszamok\/set-for-life\/","url":"https:\/\/jackpotlotteryonline.com\/hu\/nyeroszamok\/set-for-life\/","name":"Set for Life nyer\u0151sz\u00e1mok \u00e9s sorsol\u00e1s eredm\u00e9nye","isPartOf":{"@id":"https:\/\/jackpotlotteryonline.com\/#website"},"primaryImageOfPage":{"@id":"https:\/\/jackpotlotteryonline.com\/hu\/nyeroszamok\/set-for-life\/#primaryimage"},"image":{"@id":"https:\/\/jackpotlotteryonline.com\/hu\/nyeroszamok\/set-for-life\/#primaryimage"},"thumbnailUrl":"https:\/\/jackpotlotteryonline.com\/wp-content\/uploads\/2022\/11\/read1.jpg","datePublished":"2022-12-08T10:57:27+00:00","dateModified":"2022-12-29T11:15:09+00:00","description":"A Set For Life lott\u00f3 sorsol\u00e1s eredm\u00e9nyei, valamint a nyer\u0151sz\u00e1mok itt a Jackpotlotteryonline.com oldalon.","breadcrumb":{"@id":"https:\/\/jackpotlotteryonline.com\/hu\/nyeroszamok\/set-for-life\/#breadcrumb"},"inLanguage":"hu","potentialAction":[{"@type":"ReadAction","target":["https:\/\/jackpotlotteryonline.com\/hu\/nyeroszamok\/set-for-life\/"]}]},{"@type":"ImageObject","inLanguage":"hu","@id":"https:\/\/jackpotlotteryonline.com\/hu\/nyeroszamok\/set-for-life\/#primaryimage","url":"https:\/\/jackpotlotteryonline.com\/wp-content\/uploads\/2022\/11\/read1.jpg","contentUrl":"https:\/\/jackpotlotteryonline.com\/wp-content\/uploads\/2022\/11\/read1.jpg"},{"@type":"BreadcrumbList","@id":"https:\/\/jackpotlotteryonline.com\/hu\/nyeroszamok\/set-for-life\/#breadcrumb","itemListElement":[{"@type":"ListItem","position":1,"name":"Home","item":"https:\/\/jackpotlotteryonline.com\/hu\/"},{"@type":"ListItem","position":2,"name":"Lott\u00f3 eredm\u00e9nyek","item":"https:\/\/jackpotlotteryonline.com\/hu\/nyeroszamok\/"},{"@type":"ListItem","position":3,"name":"Set for Life sorsol\u00e1s eredm\u00e9nyei"}]},{"@type":"WebSite","@id":"https:\/\/jackpotlotteryonline.com\/#website","url":"https:\/\/jackpotlotteryonline.com\/","name":"Lotto Online - Crack The International Lottery Jackpots","description":"","potentialAction":[{"@type":"SearchAction","target":{"@type":"EntryPoint","urlTemplate":"https:\/\/jackpotlotteryonline.com\/?s={search_term_string}"},"query-input":"required name=search_term_string"}],"inLanguage":"hu"}]}},"_links":{"self":[{"href":"https:\/\/jackpotlotteryonline.com\/hu\/wp-json\/wp\/v2\/pages\/41147","targetHints":{"allow":["GET"]}}],"collection":[{"href":"https:\/\/jackpotlotteryonline.com\/hu\/wp-json\/wp\/v2\/pages"}],"about":[{"href":"https:\/\/jackpotlotteryonline.com\/hu\/wp-json\/wp\/v2\/types\/page"}],"author":[{"embeddable":true,"href":"https:\/\/jackpotlotteryonline.com\/hu\/wp-json\/wp\/v2\/users\/1"}],"replies":[{"embeddable":true,"href":"https:\/\/jackpotlotteryonline.com\/hu\/wp-json\/wp\/v2\/comments?post=41147"}],"version-history":[{"count":0,"href":"https:\/\/jackpotlotteryonline.com\/hu\/wp-json\/wp\/v2\/pages\/41147\/revisions"}],"up":[{"embeddable":true,"href":"https:\/\/jackpotlotteryonline.com\/hu\/wp-json\/wp\/v2\/pages\/35832"}],"wp:attachment":[{"href":"https:\/\/jackpotlotteryonline.com\/hu\/wp-json\/wp\/v2\/media?parent=41147"}],"curies":[{"name":"wp","href":"https:\/\/api.w.org\/{rel}","templated":true}]}}