{"id":41201,"date":"2022-12-08T13:26:11","date_gmt":"2022-12-08T13:26:11","guid":{"rendered":"https:\/\/jackpotlotteryonline.com\/?page_id=41201"},"modified":"2022-12-29T21:11:25","modified_gmt":"2022-12-29T21:11:25","slug":"mega-sena","status":"publish","type":"page","link":"https:\/\/jackpotlotteryonline.com\/hu\/nyeroszamok\/mega-sena\/","title":{"rendered":"Mega-Sena sorsol\u00e1s eredm\u00e9nye"},"content":{"rendered":"<p>A j\u00e1t\u00e9kosok szerte a vil\u00e1gon m\u00e1r v\u00e1s\u00e1rolhatnak szelv\u00e9nyeket a Mega-Sena lott\u00f3j\u00e1t\u00e9kra. Nem csak ez, de miut\u00e1n megj\u00e1tszott\u00e1k a lott\u00f3t, online ellen\u0151rizhetik a Mega-Sena nyer\u0151sz\u00e1mokat. A lott\u00f3j\u00e1t\u00e9k l\u00e9nyeges r\u00e9sze a sorsol\u00e1s eredm\u00e9nyeinek ellen\u0151rz\u00e9se, hogy ne maradjon le a nyerem\u00e9nyekr\u0151l. A brazil lott\u00f3 nyer\u0151sz\u00e1mait t\u00f6bbf\u00e9lek\u00e9ppen is ellen\u0151rizheted, \u00e9s erre mindj\u00e1rt r\u00e1t\u00e9r\u00fcnk.<\/p>\n<p>De ha siet, hogy megtudja a legut\u00f3bbi sorsol\u00e1s eredm\u00e9ny\u00e9t, akkor l\u00e1togasson el a jackpotlotteryonline.com oldalra, ahol a legjobb nemzetk\u00f6zi lott\u00f3j\u00e1t\u00e9kokhoz f\u00e9rhet hozz\u00e1.<\/p>\n<section class=\"layout\" style=\"border: solid 1px; width: 100%;\">\n<div class=\"img-div\" style=\"margin-top: 5px;\"><img decoding=\"async\" class=\"wp-image-17212 alignleft\" style=\"height: 45px; margin: 8px 8px 0px;\" src=\"http:\/\/jackpotlotteryonline.com\/wp-content\/uploads\/2022\/11\/read1.jpg\" alt=\"olvasd el\" width=\"\" height=\"\" \/><\/div>\n<div style=\"padding-left: 5px;\">\n<div style=\"font-size: 1.1em;\">\n<p><strong>Eur\u00f3pai lott\u00f3j\u00e1t\u00e9kok<\/strong><\/p>\n<p style=\"font-size: 0.85em; margin-top: -1.5em;\">Melyik eur\u00f3pai lott\u00f3 a legjobb?\u00a0<a href=\"https:\/\/jackpotlotteryonline.com\/hu\/mely-europai-lottojatekok-a-legjobbak\"> tov\u00e1bb<\/a><\/p>\n<\/div>\n<\/div>\n<\/section>\n<h2>A Mega-Sena lott\u00f3 alapjai<\/h2>\n<p>A Mega-Sena olyan, mint b\u00e1rmelyik m\u00e1sik lott\u00f3 a j\u00e1t\u00e9km\u00f3dj\u00e1t tekintve. Egyszer\u0171en csak ki kell v\u00e1lasztania a sz\u00e1mokat egy bizonyos tartom\u00e1nyb\u00f3l. A brazil lott\u00f3n\u00e1l 6 sz\u00e1mot kell kiv\u00e1lasztani egy 1 \u00e9s 60 k\u00f6z\u00f6tti tartom\u00e1nyb\u00f3l. \u00c9s ennyi. Nincsenek extra vagy b\u00f3nusz sz\u00e1mok, csak a hatos sz\u00e1mok enn\u00e9l a lott\u00f3n\u00e1l.<\/p>\n<p>Miut\u00e1n kiv\u00e1lasztotta a k\u00edv\u00e1nt sz\u00e1mokat, a k\u00f6vetkez\u0151 l\u00e9p\u00e9s a sorsol\u00e1sokon val\u00f3 r\u00e9szv\u00e9tel. A Mega-Sena heti k\u00e9t sorsol\u00e1st tart, szerd\u00e1n \u00e9s cs\u00fct\u00f6rt\u00f6k\u00f6n.<\/p>\n<h2>Mega-Sena nyer\u0151sz\u00e1mok<\/h2>\n<p><img loading=\"lazy\" decoding=\"async\" class=\"size-full wp-image-29102 alignright\" src=\"http:\/\/jackpotlotteryonline.com\/wp-content\/uploads\/2022\/11\/1_play_lottery_international.jpg\" alt=\"Mega-Sena nyer\u0151sz\u00e1mok\" width=\"205\" height=\"147\" \/>Hogyan kell kiv\u00e1lasztani a Mega-Sena nyer\u0151sz\u00e1mokat? A k\u00fcl\u00f6nb\u00f6z\u0151 j\u00e1t\u00e9kosok k\u00fcl\u00f6nb\u00f6z\u0151 m\u00f3don v\u00e1lasztj\u00e1k ki a sz\u00e1mukra megfelel\u0151t. Kiv\u00e1laszthatja a nyer\u0151sz\u00e1mait a sz\u00e1m\u00e1ra k\u00fcl\u00f6nleges d\u00e1tumokkal. Ha vannak szerencs\u00e9s d\u00e1tumok vagy sz\u00e1mjegyek, ezek hasznosak lehetnek a sz\u00e1mok kiv\u00e1laszt\u00e1s\u00e1ban.<\/p>\n<p>Ha nincs semmilyen k\u00fcl\u00f6nleges sz\u00e1m a fejedben, ne agg\u00f3dj emiatt. Amikor <a href=\"https:\/\/jackpotlotteryonline.com\/hu\/hogyan-kell-jatszani\/mega-sena-2\">vel\u00fcnk Mega-Sena-t j\u00e1tszik<\/a>, haszn\u00e1lhatja az automatikus gener\u00e1torunkat a v\u00e9letlenszer\u0171 sz\u00e1mok kiv\u00e1laszt\u00e1s\u00e1hoz. V\u00e9gs\u0151 soron fontos megjegyezni, hogy a lott\u00f3 egy szerencsej\u00e1t\u00e9k. Az egyetlen val\u00f3di m\u00f3dja annak, hogy n\u00f6velje nyer\u00e9si es\u00e9lyeit, ha t\u00f6bb szelv\u00e9nyt v\u00e1s\u00e1rol, \u00e9s t\u00f6bb sorsol\u00e1son vesz r\u00e9szt.<\/p>\n<p>Online lott\u00f3zhat a Mega-Sena oldalunkon. Megk\u00f6nny\u00edtj\u00fck \u00d6nnek, hogy egyetlen sorsol\u00e1son vagy t\u00f6bb sorsol\u00e1son vegyen r\u00e9szt. Egy szelv\u00e9nyen t\u00f6bb sort is v\u00e1s\u00e1rolhat, \u00edgy t\u00f6bbsz\u00f6r\u00f6sen is r\u00e9szt vehet a lott\u00f3n.<\/p>\n<h2>Mega-Sena nyerem\u00e9nyek<\/h2>\n<p>A Mega-Sena lott\u00f3 garant\u00e1lt kezd\u0151 jackpotja 3 milli\u00f3 brazil re\u00e1l. Ez k\u00f6r\u00fclbel\u00fcl 549467,87 eur\u00f3nak felel meg. Ha azonban egy sorsol\u00e1s ut\u00e1n nincs nyertes, a jackpot a k\u00f6vetkez\u0151 sorsol\u00e1sra sz\u00e1ll \u00e1t. \u00cdgy a jackpot \u00f6sszege el\u00e9g nagyra n\u0151het, ami mindenhol \u00e9des \u00fczletet jelent a fogad\u00f3k sz\u00e1m\u00e1ra.<\/p>\n<p>R\u00e1ad\u00e1sul a Mega-Sena nyer\u00e9si es\u00e9lye 1 az 50 milli\u00f3hoz. Ha ezt \u00f6sszehasonl\u00edtja m\u00e1s vezet\u0151 nemzetk\u00f6zi lott\u00f3j\u00e1t\u00e9kokkal, akkor \u00e9rthet\u0151, hogy a brazil lott\u00f3 mi\u00e9rt n\u00e9pszer\u0171 a fogad\u00f3k k\u00f6r\u00e9ben.<\/p>\n<p>A brazil lott\u00f3 abban is k\u00fcl\u00f6nb\u00f6zik a t\u00f6bbi lott\u00f3t\u00f3l, hogy csak 3 nyerem\u00e9nykateg\u00f3ri\u00e1t k\u00edn\u00e1l, a jackpotot is bele\u00e9rtve. A lott\u00f3 megnyer\u00e9se teh\u00e1t azt jelenti, hogy a k\u00f6vetkez\u0151 nyerem\u00e9nyek b\u00e1rmelyik\u00e9t megnyerheti.<\/p>\n<p>Jackpot &#8211; Sena: A nyerem\u00e9nyalap 35%-a<\/p>\n<p>2. szint &#8211; Quina: 5. tal\u00e1lat &#8211; a nyerem\u00e9nyalap 19%-a<\/p>\n<p>3. szint &#8211; Quadra: 4. m\u00e9rk\u0151z\u00e9s &#8211; a nyerem\u00e9nyalap 19%-a<\/p>\n<h2>A nyerem\u00e9ny ig\u00e9nyl\u00e9se<\/h2>\n<p>A k\u00f6vetkez\u0151 l\u00e9p\u00e9s a nyerem\u00e9nyj\u00e1t\u00e9kban val\u00f3 r\u00e9szv\u00e9tel sor\u00e1n megnyert nyerem\u00e9ny ig\u00e9nyl\u00e9se. A nyerem\u00e9ny ig\u00e9nyl\u00e9s\u00e9nek m\u00f3dja att\u00f3l f\u00fcgg, hogy hol v\u00e1s\u00e1rolta a szelv\u00e9ny\u00e9t. Ha online lott\u00f3zik, fontos, hogy olyan oldalon v\u00e1s\u00e1rolja meg a szelv\u00e9ny\u00e9t, ahol es\u00e9lyt kap a lott\u00f3nyerem\u00e9nyre. Egyes oldalakon csak a lott\u00f3 eredm\u00e9ny\u00e9re fogadhatsz.<\/p>\n<p>Ha <a href=\"https:\/\/jackpotlotteryonline.com\/hu\/jegyet-vasarolni\/mega-sena\">t\u0151l\u00fcnk v\u00e1s\u00e1rolja meg a lott\u00f3szelv\u00e9ny\u00e9t<\/a>, akkor hozz\u00e1f\u00e9r\u00e9st kap a lott\u00f3hoz. Ez az\u00e9rt van, mert a braz\u00edliai \u00fcgyn\u00f6k\u00fcnk fizikai szelv\u00e9nyeket v\u00e1s\u00e1rol az \u00d6n megfelel\u0151 sz\u00e1maival. Ezzel es\u00e9lyt adva \u00d6nnek a lott\u00f3 megnyer\u00e9s\u00e9re.<\/p>\n<p>Teh\u00e1t, ha nyer valamilyen nyerem\u00e9nyt, csak annyit kell tennie, hogy a nyerem\u00e9ny\u00e9t az oldalunkon l\u00e9v\u0151 sz\u00e1ml\u00e1j\u00e1ra veszi fel. Ez ilyen egyszer\u0171. L\u00e1togasson el a felt\u00e9teleinkre, hogy megtudja, hogyan v\u00e1lthatja be a Mega-Sena nyer\u0151sz\u00e1mait.<\/p>\n","protected":false},"excerpt":{"rendered":"<p>A j\u00e1t\u00e9kosok szerte a vil\u00e1gon m\u00e1r v\u00e1s\u00e1rolhatnak szelv\u00e9nyeket a Mega-Sena lott\u00f3j\u00e1t\u00e9kra. Nem csak ez, de miut\u00e1n megj\u00e1tszott\u00e1k a lott\u00f3t, online ellen\u0151rizhetik a Mega-Sena nyer\u0151sz\u00e1mokat. A lott\u00f3j\u00e1t\u00e9k l\u00e9nyeges r\u00e9sze a sorsol\u00e1s eredm\u00e9nyeinek ellen\u0151rz\u00e9se, hogy ne maradjon le a nyerem\u00e9nyekr\u0151l. A brazil lott\u00f3 nyer\u0151sz\u00e1mait t\u00f6bbf\u00e9lek\u00e9ppen is ellen\u0151rizheted, \u00e9s erre mindj\u00e1rt r\u00e1t\u00e9r\u00fcnk. De ha siet, hogy megtudja a [&hellip;]<\/p>\n","protected":false},"author":1,"featured_media":0,"parent":35832,"menu_order":14,"comment_status":"closed","ping_status":"closed","template":"megasena-results.php","meta":{"_et_pb_use_builder":"","_et_pb_old_content":"","_et_gb_content_width":"","exclude_from_search":false,"footnotes":""},"class_list":["post-41201","page","type-page","status-publish","hentry"],"yoast_head":"<!-- This site is optimized with the Yoast SEO plugin v23.3 - https:\/\/yoast.com\/wordpress\/plugins\/seo\/ -->\n<title>Mega-Sena lott\u00f3 sorsol\u00e1s eredm\u00e9nyei \u00e9s nyer\u0151sz\u00e1mok<\/title>\n<meta name=\"description\" content=\"A brazil Mega-Sena lott\u00f3 eredm\u00e9nyeit neh\u00e9z megtal\u00e1lni - honlapunkon a mai \u00e9s tegnapi nyer\u0151sz\u00e1mokat \u00e9s sorsol\u00e1si eredm\u00e9nyeket list\u00e1zzuk.\" \/>\n<meta name=\"robots\" content=\"index, follow, max-snippet:-1, max-image-preview:large, max-video-preview:-1\" \/>\n<link rel=\"canonical\" href=\"https:\/\/jackpotlotteryonline.com\/hu\/nyeroszamok\/mega-sena\/\" \/>\n<meta property=\"og:locale\" content=\"hu_HU\" \/>\n<meta property=\"og:type\" content=\"article\" \/>\n<meta property=\"og:title\" content=\"Mega-Sena lott\u00f3 sorsol\u00e1s eredm\u00e9nyei \u00e9s nyer\u0151sz\u00e1mok\" \/>\n<meta property=\"og:description\" content=\"A brazil Mega-Sena lott\u00f3 eredm\u00e9nyeit neh\u00e9z megtal\u00e1lni - honlapunkon a mai \u00e9s tegnapi nyer\u0151sz\u00e1mokat \u00e9s sorsol\u00e1si eredm\u00e9nyeket list\u00e1zzuk.\" \/>\n<meta property=\"og:url\" content=\"https:\/\/jackpotlotteryonline.com\/hu\/nyeroszamok\/mega-sena\/\" \/>\n<meta property=\"og:site_name\" content=\"Lotto Online - Crack The International Lottery Jackpots\" \/>\n<meta property=\"article:modified_time\" content=\"2022-12-29T21:11:25+00:00\" \/>\n<meta property=\"og:image\" content=\"http:\/\/jackpotlotteryonline.com\/wp-content\/uploads\/2022\/11\/read1.jpg\" \/>\n<meta name=\"twitter:card\" content=\"summary_large_image\" \/>\n<meta name=\"twitter:label1\" content=\"Becs\u00fclt olvas\u00e1si id\u0151\" \/>\n\t<meta name=\"twitter:data1\" content=\"3 perc\" \/>\n<!-- \/ Yoast SEO plugin. -->","yoast_head_json":{"title":"Mega-Sena lott\u00f3 sorsol\u00e1s eredm\u00e9nyei \u00e9s nyer\u0151sz\u00e1mok","description":"A brazil Mega-Sena lott\u00f3 eredm\u00e9nyeit neh\u00e9z megtal\u00e1lni - honlapunkon a mai \u00e9s tegnapi nyer\u0151sz\u00e1mokat \u00e9s sorsol\u00e1si eredm\u00e9nyeket list\u00e1zzuk.","robots":{"index":"index","follow":"follow","max-snippet":"max-snippet:-1","max-image-preview":"max-image-preview:large","max-video-preview":"max-video-preview:-1"},"canonical":"https:\/\/jackpotlotteryonline.com\/hu\/nyeroszamok\/mega-sena\/","og_locale":"hu_HU","og_type":"article","og_title":"Mega-Sena lott\u00f3 sorsol\u00e1s eredm\u00e9nyei \u00e9s nyer\u0151sz\u00e1mok","og_description":"A brazil Mega-Sena lott\u00f3 eredm\u00e9nyeit neh\u00e9z megtal\u00e1lni - honlapunkon a mai \u00e9s tegnapi nyer\u0151sz\u00e1mokat \u00e9s sorsol\u00e1si eredm\u00e9nyeket list\u00e1zzuk.","og_url":"https:\/\/jackpotlotteryonline.com\/hu\/nyeroszamok\/mega-sena\/","og_site_name":"Lotto Online - Crack The International Lottery Jackpots","article_modified_time":"2022-12-29T21:11:25+00:00","og_image":[{"url":"http:\/\/jackpotlotteryonline.com\/wp-content\/uploads\/2022\/11\/read1.jpg"}],"twitter_card":"summary_large_image","twitter_misc":{"Becs\u00fclt olvas\u00e1si id\u0151":"3 perc"},"schema":{"@context":"https:\/\/schema.org","@graph":[{"@type":"WebPage","@id":"https:\/\/jackpotlotteryonline.com\/hu\/nyeroszamok\/mega-sena\/","url":"https:\/\/jackpotlotteryonline.com\/hu\/nyeroszamok\/mega-sena\/","name":"Mega-Sena lott\u00f3 sorsol\u00e1s eredm\u00e9nyei \u00e9s nyer\u0151sz\u00e1mok","isPartOf":{"@id":"https:\/\/jackpotlotteryonline.com\/#website"},"primaryImageOfPage":{"@id":"https:\/\/jackpotlotteryonline.com\/hu\/nyeroszamok\/mega-sena\/#primaryimage"},"image":{"@id":"https:\/\/jackpotlotteryonline.com\/hu\/nyeroszamok\/mega-sena\/#primaryimage"},"thumbnailUrl":"http:\/\/jackpotlotteryonline.com\/wp-content\/uploads\/2022\/11\/read1.jpg","datePublished":"2022-12-08T13:26:11+00:00","dateModified":"2022-12-29T21:11:25+00:00","description":"A brazil Mega-Sena lott\u00f3 eredm\u00e9nyeit neh\u00e9z megtal\u00e1lni - honlapunkon a mai \u00e9s tegnapi nyer\u0151sz\u00e1mokat \u00e9s sorsol\u00e1si eredm\u00e9nyeket list\u00e1zzuk.","breadcrumb":{"@id":"https:\/\/jackpotlotteryonline.com\/hu\/nyeroszamok\/mega-sena\/#breadcrumb"},"inLanguage":"hu","potentialAction":[{"@type":"ReadAction","target":["https:\/\/jackpotlotteryonline.com\/hu\/nyeroszamok\/mega-sena\/"]}]},{"@type":"ImageObject","inLanguage":"hu","@id":"https:\/\/jackpotlotteryonline.com\/hu\/nyeroszamok\/mega-sena\/#primaryimage","url":"http:\/\/jackpotlotteryonline.com\/wp-content\/uploads\/2022\/11\/read1.jpg","contentUrl":"http:\/\/jackpotlotteryonline.com\/wp-content\/uploads\/2022\/11\/read1.jpg"},{"@type":"BreadcrumbList","@id":"https:\/\/jackpotlotteryonline.com\/hu\/nyeroszamok\/mega-sena\/#breadcrumb","itemListElement":[{"@type":"ListItem","position":1,"name":"Home","item":"https:\/\/jackpotlotteryonline.com\/hu\/"},{"@type":"ListItem","position":2,"name":"Lott\u00f3 eredm\u00e9nyek","item":"https:\/\/jackpotlotteryonline.com\/hu\/nyeroszamok\/"},{"@type":"ListItem","position":3,"name":"Mega-Sena sorsol\u00e1s eredm\u00e9nye"}]},{"@type":"WebSite","@id":"https:\/\/jackpotlotteryonline.com\/#website","url":"https:\/\/jackpotlotteryonline.com\/","name":"Lotto Online - Crack The International Lottery Jackpots","description":"","potentialAction":[{"@type":"SearchAction","target":{"@type":"EntryPoint","urlTemplate":"https:\/\/jackpotlotteryonline.com\/?s={search_term_string}"},"query-input":"required name=search_term_string"}],"inLanguage":"hu"}]}},"_links":{"self":[{"href":"https:\/\/jackpotlotteryonline.com\/hu\/wp-json\/wp\/v2\/pages\/41201","targetHints":{"allow":["GET"]}}],"collection":[{"href":"https:\/\/jackpotlotteryonline.com\/hu\/wp-json\/wp\/v2\/pages"}],"about":[{"href":"https:\/\/jackpotlotteryonline.com\/hu\/wp-json\/wp\/v2\/types\/page"}],"author":[{"embeddable":true,"href":"https:\/\/jackpotlotteryonline.com\/hu\/wp-json\/wp\/v2\/users\/1"}],"replies":[{"embeddable":true,"href":"https:\/\/jackpotlotteryonline.com\/hu\/wp-json\/wp\/v2\/comments?post=41201"}],"version-history":[{"count":0,"href":"https:\/\/jackpotlotteryonline.com\/hu\/wp-json\/wp\/v2\/pages\/41201\/revisions"}],"up":[{"embeddable":true,"href":"https:\/\/jackpotlotteryonline.com\/hu\/wp-json\/wp\/v2\/pages\/35832"}],"wp:attachment":[{"href":"https:\/\/jackpotlotteryonline.com\/hu\/wp-json\/wp\/v2\/media?parent=41201"}],"curies":[{"name":"wp","href":"https:\/\/api.w.org\/{rel}","templated":true}]}}