{"id":41257,"date":"2022-12-08T19:30:35","date_gmt":"2022-12-08T19:30:35","guid":{"rendered":"https:\/\/jackpotlotteryonline.com\/?page_id=41257"},"modified":"2022-12-30T15:07:40","modified_gmt":"2022-12-30T15:07:40","slug":"saturday-lotto","status":"publish","type":"page","link":"https:\/\/jackpotlotteryonline.com\/hu\/nyeroszamok\/saturday-lotto\/","title":{"rendered":"Szombati lott\u00f3 sorsol\u00e1s eredm\u00e9nyei"},"content":{"rendered":"<p>A Tatts lott\u00f3 n\u00e9ven is ismert szombati lott\u00f3 Ausztr\u00e1lia egyik legnyer\u0151sebb lott\u00f3j\u00e1t\u00e9ka. \u00c9s most, hogy a j\u00e1t\u00e9kosok vil\u00e1gszerte r\u00e9szt vehetnek a lott\u00f3n, m\u00e9g fontosabb a nyer\u0151sz\u00e1mok kiv\u00e1laszt\u00e1sa. Ennek az ausztr\u00e1l lott\u00f3nak a megnyer\u00e9se azt jelenti, hogy legal\u00e1bb 5 milli\u00f3 doll\u00e1rral mehetsz haza. Ez az \u00f6sszeg tov\u00e1bbg\u00f6rd\u00fcl, ha egy sorsol\u00e1s ut\u00e1n nincs nyertes szelv\u00e9ny. R\u00e1ad\u00e1sul, ha r\u00e9szt veszel a megasorsol\u00e1son, amelyet \u00e9vente egyszer, kar\u00e1csonykor tartanak, akkor ak\u00e1r 30 milli\u00f3 doll\u00e1rt is nyerhetsz!<\/p>\n<p>Ha m\u00e9g nem vette meg a lott\u00f3nyerem\u00e9nyre sz\u00f3l\u00f3 szelv\u00e9ny\u00e9t, akkor l\u00e1togasson el a jackpotlotteryonline.com oldalra, \u00e9s <a href=\"https:\/\/jackpotlotteryonline.com\/hu\/jegyet-vasarolni\/saturday-lotto\">szerezze be a szelv\u00e9ny\u00e9t most<\/a>. Azt\u00e1n t\u00e9rjen vissza a nyer\u0151sz\u00e1mok\u00e9rt.<\/p>\n<h2>A szombati lott\u00f3nyerem\u00e9ny<\/h2>\n<p><img loading=\"lazy\" decoding=\"async\" class=\"alignright size-medium wp-image-28157\" src=\"http:\/\/jackpotlotteryonline.com\/wp-content\/uploads\/2022\/11\/1_lotto_money_win-300x150.jpg\" alt=\"nyerni szombati lott\u00f3\" width=\"300\" height=\"150\" srcset=\"https:\/\/jackpotlotteryonline.com\/wp-content\/uploads\/2022\/11\/1_lotto_money_win-300x150.jpg 300w, https:\/\/jackpotlotteryonline.com\/wp-content\/uploads\/2022\/11\/1_lotto_money_win.jpg 320w\" sizes=\"auto, (max-width: 300px) 100vw, 300px\" \/>A tatti lott\u00f3t k\u00f6nny\u0171 j\u00e1tszani, k\u00fcl\u00f6n\u00f6sen akkor, ha online j\u00e1tszol. Alapvet\u0151en a j\u00e1t\u00e9kosoknak 6 f\u0151 sz\u00e1mot kell kiv\u00e1lasztaniuk 1 \u00e9s 45 k\u00f6z\u00f6tt. Ezut\u00e1n 2 kieg\u00e9sz\u00edt\u0151 sz\u00e1mot 1 \u00e9s 6 k\u00f6z\u00f6tt. A kieg\u00e9sz\u00edt\u0151 sz\u00e1moknak nem sok k\u00f6z\u00fck van a jackpot meghat\u00e1roz\u00e1s\u00e1hoz. A jackpot megnyer\u00e9se azt jelenti, hogy csak a nyolc kih\u00fazott sz\u00e1mmal kell egyeznie.<\/p>\n<p>A lott\u00f3 megnyer\u00e9se teh\u00e1t azt jelenti, hogy a szelv\u00e9nye megegyezik azzal a hat goly\u00f3val, amelyet v\u00e9letlenszer\u0171en v\u00e1lasztanak ki a 45 goly\u00f3b\u00f3l \u00e1ll\u00f3 hord\u00f3b\u00f3l. Ezut\u00e1n k\u00e9t m\u00e1sik goly\u00f3t v\u00e1lasztanak ki egy m\u00e1sik hat goly\u00f3t tartalmaz\u00f3 hord\u00f3b\u00f3l. Ezeket a kieg\u00e9sz\u00edt\u0151 goly\u00f3kat a t\u00f6bbi nyerem\u00e9nykateg\u00f3ria megnyer\u00e9s\u00e9hez haszn\u00e1lj\u00e1k fel.<\/p>\n<p>A sorsol\u00e1sokat hetente egyszer, szombaton tartj\u00e1k. Teh\u00e1t, ha szeretn\u00e9d a nyer\u0151 szelv\u00e9nyt, id\u0151ben meg kell venned a bel\u00e9p\u0151det. A sorsol\u00e1sok szombaton 19:25-kor z\u00e1rulnak AEST szerint. Azoknak a j\u00e1t\u00e9kosoknak, akik r\u00e9szt szeretn\u00e9nek venni az adott heti sorsol\u00e1son, a z\u00e1r\u00e1s el\u0151tt kell megv\u00e1s\u00e1rolniuk a nyerem\u00e9nyszelv\u00e9nyt.<\/p>\n<h2>Online j\u00e1t\u00e9k<\/h2>\n<p>R\u00f6viden sz\u00f3lunk az online lott\u00f3nyer\u00e9sr\u0151l. Amikor megl\u00e1togatja a jackpotlotteryonline.com szombati lott\u00f3 oldal\u00e1t, megk\u00e9rik, hogy v\u00e1lassza ki a nyer\u0151sz\u00e1mokat. Ha van n\u00e9h\u00e1ny k\u00fcl\u00f6nleges d\u00e1tum, amely szerencs\u00e9t hozott neked, akkor azokat haszn\u00e1lhatod.<\/p>\n<p>Azok sz\u00e1m\u00e1ra azonban, akiknek nincsenek k\u00fcl\u00f6nleges sz\u00e1mok, amelyek k\u00f6z\u00fcl v\u00e1laszthatnak, ne f\u00e9ljenek. Van egy automatikus sz\u00e1mv\u00e1laszt\u00f3 programunk, amely v\u00e9letlenszer\u0171 nyer\u0151sz\u00e1mokat gener\u00e1l neked. Rengeteg lott\u00f3nyertes nyert a v\u00e9letlen sz\u00e1mv\u00e1laszt\u00f3 seg\u00edts\u00e9g\u00e9vel.<\/p>\n<p>Miut\u00e1n kiv\u00e1lasztotta a nyer\u0151sz\u00e1mokat, r\u00e9szt vesz a heti sorsol\u00e1son. A fizet\u00e9s feldolgoz\u00e1sa el\u0151tt megk\u00e9rj\u00fck, hogy regisztr\u00e1ljon. Ez az\u00e9rt van, hogy szelv\u00e9nye biztons\u00e1gban legyen, \u00e9s hogy seg\u00edtsen a nyerem\u00e9nye bev\u00e1lt\u00e1s\u00e1ban. Erre hamarosan r\u00e1t\u00e9r\u00fcnk.<\/p>\n<section class=\"layout\" style=\"border: solid 1px; width: 100%;\">\n<div class=\"img-div\" style=\"margin-top: 5px;\"><img decoding=\"async\" class=\"wp-image-17212 alignleft\" style=\"height: 45px; margin: 8px 8px 0px;\" src=\"http:\/\/jackpotlotteryonline.com\/wp-content\/uploads\/2022\/11\/read1.jpg\" alt=\"olvasd el\" width=\"\" height=\"\" \/><\/div>\n<div style=\"padding-left: 5px;\">\n<div style=\"font-size: 1.1em;\">\n<p><strong>N\u00e9zze \u00e9l\u0151ben a lott\u00f3sz\u00e1mok sorsol\u00e1s\u00e1t<\/strong><\/p>\n<p style=\"font-size: 0.85em; margin-top: -1.5em;\">Hogyan n\u00e9zheted meg kedvenc lott\u00f3j\u00e1t\u00e9kod \u00e9l\u0151 sorsol\u00e1s\u00e1t\u00a0 <a href=\"https:\/\/jackpotlotteryonline.com\/hu\/nezni-a-lotto-szamok-huzott-eloben\"> tov\u00e1bb<\/a><\/p>\n<\/div>\n<\/div>\n<\/section>\n<h2>D\u00edjoszt\u00e1lyok<\/h2>\n<p>A Tatts lott\u00f3 megnyer\u00e9se nem csak a jackpot megnyer\u00e9s\u00e9r\u0151l sz\u00f3l. Ebben a lott\u00f3ban \u00f6sszesen nyolc nyerem\u00e9nyoszt\u00e1ly van. Amikor szelv\u00e9nyt v\u00e1s\u00e1rol a lott\u00f3ra, es\u00e9lye van ezen nyerem\u00e9nykateg\u00f3ri\u00e1k b\u00e1rmelyik\u00e9re. Az egyes oszt\u00e1lyok nyer\u0151sz\u00e1mai az al\u00e1bbiakban tal\u00e1lhat\u00f3k.<\/p>\n<p>1. r\u00e9szleg: 6. m\u00e9rk\u0151z\u00e9s (Jackpot)<\/p>\n<p>2. oszt\u00e1ly: 5. m\u00e9rk\u0151z\u00e9s + 1 kieg\u00e9sz\u00edt\u0151 sz\u00e1m<\/p>\n<p>3. k\u00f6rzet: m\u00e1rcius 5.<\/p>\n<p>4. k\u00f6rzet: 4-es m\u00e9rk\u0151z\u00e9s<\/p>\n<p>5. k\u00f6rzet: 3. m\u00e9rk\u0151z\u00e9s + 1 kieg\u00e9sz\u00edt\u0151 sz\u00e1m<\/p>\n<p>6. k\u00f6rzet: 3. m\u00e9rk\u0151z\u00e9s<\/p>\n<p>Val\u00f3sz\u00edn\u0171leg az egyik ok, ami\u00e9rt az ausztr\u00e1lok annyira szeretik ezt a lott\u00f3t, az az, hogy mennyire k\u00f6nny\u0171 nyerni. A nyer\u00e9s val\u00f3sz\u00edn\u0171s\u00e9ge fantasztikus, \u00e9s a legal\u00e1bb 5 milli\u00f3 AUD jackpot nyerem\u00e9ny\u00e9vel ez aligha meglep\u0151. Ha m\u00e9g nem tette meg, akkor itt az ideje, hogy elgondolkodjon egy nyer\u0151 szelv\u00e9ny v\u00e1s\u00e1rl\u00e1s\u00e1n.<\/p>\n<h2>Kieg\u00e9sz\u00edt\u0151 sz\u00e1mok<\/h2>\n<p>Eml\u00edtett\u00fck a kieg\u00e9sz\u00edt\u0151 sz\u00e1mokat, \u00e9s val\u00f3sz\u00edn\u0171leg m\u00e1r \u00e9szrevette, hogy egyes r\u00e9szlegek ezeket haszn\u00e1lj\u00e1k. Vegye figyelembe, hogy ezeket v\u00e9letlenszer\u0171en gener\u00e1lj\u00e1k a sorsol\u00e1sok sor\u00e1n, \u00e9s a 2. \u00e9s az 5. oszt\u00e1s meghat\u00e1roz\u00e1s\u00e1hoz haszn\u00e1lj\u00e1k. A j\u00e1t\u00e9kosok nem v\u00e1lasztj\u00e1k ki ezeket a sz\u00e1mokat, \u00e9s nincs r\u00e1hat\u00e1suk. Teh\u00e1t ne ijedjen meg, ha nem l\u00e1tja ezt az opci\u00f3t a szelv\u00e9nyv\u00e1s\u00e1rl\u00e1skor.<\/p>\n<h2>Hogyan ellen\u0151rizheti a nyertes eredm\u00e9nyeket<\/h2>\n<p>Most, hogy megv\u00e1s\u00e1roltad a bel\u00e9p\u0151det, hogyan ellen\u0151rizheted, hogy n\u00e1lad van-e a nyertes szelv\u00e9ny? A legjobb m\u00f3dja ennek, ha ide t\u00e9rsz vissza. A sorsol\u00e1sok ut\u00e1n ezen az oldalon tessz\u00fck k\u00f6zz\u00e9 a szombati lott\u00f3 nyertes eredm\u00e9nyeit.<\/p>\n<p>Nem csak a jackpot sz\u00e1mokat tessz\u00fck k\u00f6zz\u00e9. Az \u00f6sszes t\u00f6bbi oszt\u00e1s nyertes sz\u00e1mait is k\u00f6zz\u00e9tessz\u00fck. \u00cdgy egy pillant\u00e1ssal l\u00e1thatja, hogy milyen k\u00f6zel j\u00e1rt a lott\u00f3nyerem\u00e9nyhez.<\/p>\n<p>Ha regisztr\u00e1lt n\u00e1lunk, akkor ez m\u00e9g egyszer\u0171bb. Nem kell sehova sem mennie, hogy megtudja, megnyerte-e a lott\u00f3t. Nem, mert \u00e9rtes\u00edt\u00e9st k\u00fcld\u00fcnk neked, amint megnyerted a nyerem\u00e9nyt. \u00cdgy van. Kapni fog egy e-mailt, amiben \u00e9rtes\u00edtj\u00fck, hogy \u00d6n\u00e9 a lott\u00f3 nyer\u0151sz\u00e1mai. Mindent megtesz\u00fcnk az\u00e9rt, hogy b\u00e1rhonnan k\u00f6nnyen \u00e9s stresszmentesen j\u00e1tszhasson a lott\u00f3n.<\/p>\n<h2>Nyerem\u00e9ny\u00e9nek bev\u00e1lt\u00e1sa<\/h2>\n<p><img loading=\"lazy\" decoding=\"async\" class=\"alignright size-medium wp-image-34997\" src=\"http:\/\/jackpotlotteryonline.com\/wp-content\/uploads\/2022\/11\/2_ticket_saturday_lotto_au-1-166x300.jpg\" alt=\"Szombati lott\u00f3 online \u00e1tv\u00e9teli elismerv\u00e9ny\" width=\"166\" height=\"300\" srcset=\"https:\/\/jackpotlotteryonline.com\/wp-content\/uploads\/2022\/11\/2_ticket_saturday_lotto_au-1-166x300.jpg 166w, https:\/\/jackpotlotteryonline.com\/wp-content\/uploads\/2022\/11\/2_ticket_saturday_lotto_au-1.jpg 250w\" sizes=\"auto, (max-width: 166px) 100vw, 166px\" \/>Ha megnyerte a lott\u00f3t, a k\u00f6vetkez\u0151 l\u00e9p\u00e9s az lesz, hogy hozz\u00e1f\u00e9rjen a nyerem\u00e9ny\u00e9hez. Nincs \u00e9rtelme megnyerni a lott\u00f3t Ausztr\u00e1li\u00e1ban, ha nem juthat hozz\u00e1 a nyerem\u00e9ny\u00e9hez. \u00c9s ez az a pont, ahol a dolgok igaz\u00e1n \u00e9rdekess\u00e9 v\u00e1lnak.<\/p>\n<p>Ha 2500 eur\u00f3 alatti lott\u00f3nyerem\u00e9nyt nyert, akkor a nyerem\u00e9nyhez val\u00f3 hozz\u00e1jut\u00e1s hihetetlen\u00fcl egyszer\u0171. Egyszer\u0171en vegye ki a nyerem\u00e9ny\u00e9t a platformunkr\u00f3l egyenesen a bankj\u00e1ba. Sz\u00e1mos m\u00f3dszer\u00fcnk van arra, hogy k\u00e9nyelmesen kiv\u00e1ltsa nyerem\u00e9ny\u00e9t.<\/p>\n<p>Ha a nyerem\u00e9nye 2500 eur\u00f3 felett van, akkor el\u0151fordulhat, hogy kapcsolatba kell l\u00e9pnie a lott\u00f3t\u00e1rsas\u00e1ggal, hogy ig\u00e9nyt ny\u00fajtson be. Mi megadjuk az ehhez sz\u00fcks\u00e9ges t\u00e1mogat\u00e1st, \u00e9s elk\u00fcld\u00fcnk \u00d6nnek egy kit\u00f6ltend\u0151 ig\u00e9nyl\u0151lapot. Ez egy egyszer\u0171 folyamat, gyakorlatilag nulla gonddal.<\/p>\n<h2>K\u00f6vetkeztet\u00e9s<\/h2>\n<p>A t\u0151l\u00fcnk v\u00e1s\u00e1rolt lott\u00f3szelv\u00e9nyek el\u0151nye, hogy \u00d6n tudja, hogy a lott\u00f3szelv\u00e9nyt megv\u00e1s\u00e1rolta. N\u00e1lunk nem fogad a v\u00e9geredm\u00e9nyre. \u00d6n val\u00f3ban bel\u00e9p\u0151t v\u00e1s\u00e1rol. Teh\u00e1t ha nyer, akkor megkapja a nyerem\u00e9ny\u00e9t.<\/p>\n<p>Mi megk\u00f6nny\u00edtj\u00fck a j\u00e1t\u00e9kosok sz\u00e1m\u00e1ra a legjobb nemzetk\u00f6zi lott\u00f3j\u00e1t\u00e9kok megj\u00e1tsz\u00e1s\u00e1t. Megv\u00e1s\u00e1rolhatja a szelv\u00e9nyeit, ellen\u0151rizheti a nyerem\u00e9nykombin\u00e1ci\u00f3t, \u00e9s k\u00f6nnyed\u00e9n bev\u00e1lthatja nyerem\u00e9ny\u00e9t. Gondoskodtunk a r\u00e9szletekr\u0151l, hogy \u00d6n nyugodtan pihenhessen \u00e9s sz\u00f3rakozhasson. Ha <a href=\"http:\/\/jackpotlotteryonline.com\/hu\/hogyan-kell-jatszani\/saturday-lotto\">a jackpotlotteryonline.com oldalon lott\u00f3zik<\/a>, akkor egy olyan helyzetet kap, amelyben mindenki nyer. Regisztr\u00e1ljon n\u00e1lunk m\u00e9g ma.<\/p>\n","protected":false},"excerpt":{"rendered":"<p>A Tatts lott\u00f3 n\u00e9ven is ismert szombati lott\u00f3 Ausztr\u00e1lia egyik legnyer\u0151sebb lott\u00f3j\u00e1t\u00e9ka. \u00c9s most, hogy a j\u00e1t\u00e9kosok vil\u00e1gszerte r\u00e9szt vehetnek a lott\u00f3n, m\u00e9g fontosabb a nyer\u0151sz\u00e1mok kiv\u00e1laszt\u00e1sa. Ennek az ausztr\u00e1l lott\u00f3nak a megnyer\u00e9se azt jelenti, hogy legal\u00e1bb 5 milli\u00f3 doll\u00e1rral mehetsz haza. Ez az \u00f6sszeg tov\u00e1bbg\u00f6rd\u00fcl, ha egy sorsol\u00e1s ut\u00e1n nincs nyertes szelv\u00e9ny. R\u00e1ad\u00e1sul, ha [&hellip;]<\/p>\n","protected":false},"author":1,"featured_media":0,"parent":35832,"menu_order":18,"comment_status":"closed","ping_status":"closed","template":"saturday-lotto-results.php","meta":{"_et_pb_use_builder":"","_et_pb_old_content":"","_et_gb_content_width":"","exclude_from_search":false,"footnotes":""},"class_list":["post-41257","page","type-page","status-publish","hentry"],"yoast_head":"<!-- This site is optimized with the Yoast SEO plugin v23.3 - https:\/\/yoast.com\/wordpress\/plugins\/seo\/ -->\n<title>Szombati Lotto nyer\u0151sz\u00e1mok \u00e9s sorsol\u00e1si eredm\u00e9nyek<\/title>\n<meta name=\"description\" content=\"Hasonl\u00edtsa \u00f6ssze lott\u00f3szelv\u00e9ny\u00e9t a legut\u00f3bbi szombati lott\u00f3 sorsol\u00e1s eredm\u00e9nyeivel - a nyer\u0151sz\u00e1mokat itt n\u00e9zheti meg!\" \/>\n<meta name=\"robots\" content=\"index, follow, max-snippet:-1, max-image-preview:large, max-video-preview:-1\" \/>\n<link rel=\"canonical\" href=\"https:\/\/jackpotlotteryonline.com\/hu\/nyeroszamok\/saturday-lotto\/\" \/>\n<meta property=\"og:locale\" content=\"hu_HU\" \/>\n<meta property=\"og:type\" content=\"article\" \/>\n<meta property=\"og:title\" content=\"Szombati Lotto nyer\u0151sz\u00e1mok \u00e9s sorsol\u00e1si eredm\u00e9nyek\" \/>\n<meta property=\"og:description\" content=\"Hasonl\u00edtsa \u00f6ssze lott\u00f3szelv\u00e9ny\u00e9t a legut\u00f3bbi szombati lott\u00f3 sorsol\u00e1s eredm\u00e9nyeivel - a nyer\u0151sz\u00e1mokat itt n\u00e9zheti meg!\" \/>\n<meta property=\"og:url\" content=\"https:\/\/jackpotlotteryonline.com\/hu\/nyeroszamok\/saturday-lotto\/\" \/>\n<meta property=\"og:site_name\" content=\"Lotto Online - Crack The International Lottery Jackpots\" \/>\n<meta property=\"article:modified_time\" content=\"2022-12-30T15:07:40+00:00\" \/>\n<meta property=\"og:image\" content=\"http:\/\/jackpotlotteryonline.com\/wp-content\/uploads\/2022\/11\/1_lotto_money_win-300x150.jpg\" \/>\n<meta name=\"twitter:card\" content=\"summary_large_image\" \/>\n<meta name=\"twitter:label1\" content=\"Becs\u00fclt olvas\u00e1si id\u0151\" \/>\n\t<meta name=\"twitter:data1\" content=\"4 perc\" \/>\n<!-- \/ Yoast SEO plugin. -->","yoast_head_json":{"title":"Szombati Lotto nyer\u0151sz\u00e1mok \u00e9s sorsol\u00e1si eredm\u00e9nyek","description":"Hasonl\u00edtsa \u00f6ssze lott\u00f3szelv\u00e9ny\u00e9t a legut\u00f3bbi szombati lott\u00f3 sorsol\u00e1s eredm\u00e9nyeivel - a nyer\u0151sz\u00e1mokat itt n\u00e9zheti meg!","robots":{"index":"index","follow":"follow","max-snippet":"max-snippet:-1","max-image-preview":"max-image-preview:large","max-video-preview":"max-video-preview:-1"},"canonical":"https:\/\/jackpotlotteryonline.com\/hu\/nyeroszamok\/saturday-lotto\/","og_locale":"hu_HU","og_type":"article","og_title":"Szombati Lotto nyer\u0151sz\u00e1mok \u00e9s sorsol\u00e1si eredm\u00e9nyek","og_description":"Hasonl\u00edtsa \u00f6ssze lott\u00f3szelv\u00e9ny\u00e9t a legut\u00f3bbi szombati lott\u00f3 sorsol\u00e1s eredm\u00e9nyeivel - a nyer\u0151sz\u00e1mokat itt n\u00e9zheti meg!","og_url":"https:\/\/jackpotlotteryonline.com\/hu\/nyeroszamok\/saturday-lotto\/","og_site_name":"Lotto Online - Crack The International Lottery Jackpots","article_modified_time":"2022-12-30T15:07:40+00:00","og_image":[{"url":"http:\/\/jackpotlotteryonline.com\/wp-content\/uploads\/2022\/11\/1_lotto_money_win-300x150.jpg"}],"twitter_card":"summary_large_image","twitter_misc":{"Becs\u00fclt olvas\u00e1si id\u0151":"4 perc"},"schema":{"@context":"https:\/\/schema.org","@graph":[{"@type":"WebPage","@id":"https:\/\/jackpotlotteryonline.com\/hu\/nyeroszamok\/saturday-lotto\/","url":"https:\/\/jackpotlotteryonline.com\/hu\/nyeroszamok\/saturday-lotto\/","name":"Szombati Lotto nyer\u0151sz\u00e1mok \u00e9s sorsol\u00e1si eredm\u00e9nyek","isPartOf":{"@id":"https:\/\/jackpotlotteryonline.com\/#website"},"primaryImageOfPage":{"@id":"https:\/\/jackpotlotteryonline.com\/hu\/nyeroszamok\/saturday-lotto\/#primaryimage"},"image":{"@id":"https:\/\/jackpotlotteryonline.com\/hu\/nyeroszamok\/saturday-lotto\/#primaryimage"},"thumbnailUrl":"http:\/\/jackpotlotteryonline.com\/wp-content\/uploads\/2022\/11\/1_lotto_money_win-300x150.jpg","datePublished":"2022-12-08T19:30:35+00:00","dateModified":"2022-12-30T15:07:40+00:00","description":"Hasonl\u00edtsa \u00f6ssze lott\u00f3szelv\u00e9ny\u00e9t a legut\u00f3bbi szombati lott\u00f3 sorsol\u00e1s eredm\u00e9nyeivel - a nyer\u0151sz\u00e1mokat itt n\u00e9zheti meg!","breadcrumb":{"@id":"https:\/\/jackpotlotteryonline.com\/hu\/nyeroszamok\/saturday-lotto\/#breadcrumb"},"inLanguage":"hu","potentialAction":[{"@type":"ReadAction","target":["https:\/\/jackpotlotteryonline.com\/hu\/nyeroszamok\/saturday-lotto\/"]}]},{"@type":"ImageObject","inLanguage":"hu","@id":"https:\/\/jackpotlotteryonline.com\/hu\/nyeroszamok\/saturday-lotto\/#primaryimage","url":"http:\/\/jackpotlotteryonline.com\/wp-content\/uploads\/2022\/11\/1_lotto_money_win-300x150.jpg","contentUrl":"http:\/\/jackpotlotteryonline.com\/wp-content\/uploads\/2022\/11\/1_lotto_money_win-300x150.jpg"},{"@type":"BreadcrumbList","@id":"https:\/\/jackpotlotteryonline.com\/hu\/nyeroszamok\/saturday-lotto\/#breadcrumb","itemListElement":[{"@type":"ListItem","position":1,"name":"Home","item":"https:\/\/jackpotlotteryonline.com\/hu\/"},{"@type":"ListItem","position":2,"name":"Lott\u00f3 eredm\u00e9nyek","item":"https:\/\/jackpotlotteryonline.com\/hu\/nyeroszamok\/"},{"@type":"ListItem","position":3,"name":"Szombati lott\u00f3 sorsol\u00e1s eredm\u00e9nyei"}]},{"@type":"WebSite","@id":"https:\/\/jackpotlotteryonline.com\/#website","url":"https:\/\/jackpotlotteryonline.com\/","name":"Lotto Online - Crack The International Lottery Jackpots","description":"","potentialAction":[{"@type":"SearchAction","target":{"@type":"EntryPoint","urlTemplate":"https:\/\/jackpotlotteryonline.com\/?s={search_term_string}"},"query-input":"required name=search_term_string"}],"inLanguage":"hu"}]}},"_links":{"self":[{"href":"https:\/\/jackpotlotteryonline.com\/hu\/wp-json\/wp\/v2\/pages\/41257","targetHints":{"allow":["GET"]}}],"collection":[{"href":"https:\/\/jackpotlotteryonline.com\/hu\/wp-json\/wp\/v2\/pages"}],"about":[{"href":"https:\/\/jackpotlotteryonline.com\/hu\/wp-json\/wp\/v2\/types\/page"}],"author":[{"embeddable":true,"href":"https:\/\/jackpotlotteryonline.com\/hu\/wp-json\/wp\/v2\/users\/1"}],"replies":[{"embeddable":true,"href":"https:\/\/jackpotlotteryonline.com\/hu\/wp-json\/wp\/v2\/comments?post=41257"}],"version-history":[{"count":0,"href":"https:\/\/jackpotlotteryonline.com\/hu\/wp-json\/wp\/v2\/pages\/41257\/revisions"}],"up":[{"embeddable":true,"href":"https:\/\/jackpotlotteryonline.com\/hu\/wp-json\/wp\/v2\/pages\/35832"}],"wp:attachment":[{"href":"https:\/\/jackpotlotteryonline.com\/hu\/wp-json\/wp\/v2\/media?parent=41257"}],"curies":[{"name":"wp","href":"https:\/\/api.w.org\/{rel}","templated":true}]}}