{"id":41311,"date":"2022-12-09T06:14:32","date_gmt":"2022-12-09T06:14:32","guid":{"rendered":"https:\/\/jackpotlotteryonline.com\/?page_id=41311"},"modified":"2022-12-29T13:27:33","modified_gmt":"2022-12-29T13:27:33","slug":"thunderball","status":"publish","type":"page","link":"https:\/\/jackpotlotteryonline.com\/hu\/nyeroszamok\/thunderball\/","title":{"rendered":"Thunderball lott\u00f3 sorsol\u00e1s eredm\u00e9nye"},"content":{"rendered":"<p>A Thunderball az Egyes\u00fclt Kir\u00e1lys\u00e1g egyik legn\u00e9pszer\u0171bb lott\u00f3j\u00e1t\u00e9ka. M\u00e1r egy kis \u00f6sszeg\u00e9rt f\u00e9lmilli\u00f3 fontot nyerhetnek a j\u00e1t\u00e9kosok, ami fantasztikus. Rengeteg lott\u00f3 l\u00e9tezik, de a Thunderballban van valami, ami vonzza a j\u00e1t\u00e9kosokat. Lehet, hogy a hihetetlen\u00fcl kedvez\u0151 nyerem\u00e9nyszorz\u00f3k, vagy az, hogy sok nyertest produk\u00e1l. B\u00e1rmi is legyen az oka, a j\u00e1t\u00e9kosok vil\u00e1gszerte online is v\u00e1s\u00e1rolnak Thunderball lott\u00f3szelv\u00e9nyeket.<\/p>\n<p>Ha <a href=\"https:\/\/jackpotlotteryonline.com\/hu\/hogyan-kell-jatszani\/thunderball\">online lott\u00f3zik<\/a>, felt\u00e9tlen\u00fcl ellen\u0151rizze a nyer\u0151sz\u00e1mokat. Ez az\u00e9rt van, hogy tudja, hogy van-e olyan szelv\u00e9nye, amelyik megegyezik a kisorsolt sz\u00e1mokkal. Ha azon gondolkodik, hogyan ellen\u0151rizheti a sorsol\u00e1s eredm\u00e9ny\u00e9t, akkor j\u00f3 helyen j\u00e1r. Megosztjuk a sorsol\u00e1si eredm\u00e9nyek ellen\u0151rz\u00e9s\u00e9nek legjobb m\u00f3dj\u00e1t is.<\/p>\n<p>Ha a <a href=\"https:\/\/jackpotlotteryonline.com\/hu\/jegyet-vasarolni\/thunderball\">jackpotlotteryonline.com oldalon v\u00e1s\u00e1rolja szelv\u00e9nyeit<\/a>, akkor olvassa tov\u00e1bb, hogy megtudja, hogyan ig\u00e9nyelheti nyerem\u00e9ny\u00e9t.<\/p>\n<h2>A Thunderball nyer\u0151sz\u00e1mok kiv\u00e1laszt\u00e1sa<\/h2>\n<p><img loading=\"lazy\" decoding=\"async\" class=\"alignright size-medium wp-image-29480\" src=\"https:\/\/jackpotlotteryonline.com\/wp-content\/uploads\/2022\/11\/1_rain_lottery_money_win-282x300.jpg\" alt=\"Thunderball nyer\u0151sz\u00e1mok\" width=\"282\" height=\"300\" srcset=\"https:\/\/jackpotlotteryonline.com\/wp-content\/uploads\/2022\/11\/1_rain_lottery_money_win-282x300.jpg 282w, https:\/\/jackpotlotteryonline.com\/wp-content\/uploads\/2022\/11\/1_rain_lottery_money_win.jpg 300w\" sizes=\"auto, (max-width: 282px) 100vw, 282px\" \/>A j\u00e1t\u00e9kosok k\u00e9tf\u00e9lek\u00e9ppen v\u00e1laszthatj\u00e1k ki a megj\u00e1tszani k\u00edv\u00e1nt sz\u00e1mokat. A legt\u00f6bb lott\u00f3 eset\u00e9ben egy bizonyos tartom\u00e1nyb\u00f3l kell v\u00e1lasztani. Ez\u00e9rt egyes j\u00e1t\u00e9kosok szeretnek olyan d\u00e1tumokat v\u00e1lasztani, amelyek k\u00fcl\u00f6nlegesek sz\u00e1mukra; p\u00e9ld\u00e1ul sz\u00fclet\u00e9snapokat vagy \u00e9vfordul\u00f3kat. Ezeket nevezik szerencs\u00e9s d\u00e1tumoknak.<\/p>\n<p>A vil\u00e1g egyes r\u00e9szein n\u00e9h\u00e1ny embernek vannak olyan sz\u00e1mai, amelyeket szerencs\u00e9snek tartanak. Egyesek p\u00e9ld\u00e1ul a 7-es sz\u00e1mot szerencs\u00e9s sz\u00e1mnak tartj\u00e1k, m\u00edg m\u00e1sok a 13-as sz\u00e1mot szerencs\u00e9tlennek. T\u00e9nyleg att\u00f3l f\u00fcgg, hogy mit tartasz szerencs\u00e9snek. Ezt a m\u00f3dszert vil\u00e1gszerte sok j\u00e1t\u00e9kos kedveli, \u00e9s neked is bev\u00e1lhat.<\/p>\n<p>A m\u00e1sodik lehet\u0151s\u00e9g, hogy az automatikus gener\u00e1torunk seg\u00edts\u00e9g\u00e9vel v\u00e9letlenszer\u0171en v\u00e1lasztja ki a sz\u00e1mokat. Ez n\u00e9h\u00e1ny embern\u00e9l egyszer\u0171en az\u00e9rt m\u0171k\u00f6dik, mert a lott\u00f3 a szerencse j\u00e1t\u00e9ka. B\u00e1r tehetsz olyan dolgokat, amelyekkel szerencs\u00e9snek \u00e9rezheted magad, a nyerem\u00e9nyt nem lehet garant\u00e1lni.<\/p>\n<h2>Hogyan j\u00e1tsszon Thunderballt online<\/h2>\n<p>Az Egyes\u00fclt Kir\u00e1lys\u00e1gban a Thunderball egy izgalmas j\u00e1t\u00e9k. A folyamat ugyan\u00fagy zajlik, mint b\u00e1rmely m\u00e1s lott\u00f3j\u00e1t\u00e9kban. Alapvet\u0151en 5 sz\u00e1mot kell kiv\u00e1lasztania az 1 \u00e9s 39 k\u00f6z\u00f6tti tartom\u00e1nyb\u00f3l, valamint egy speci\u00e1lis sz\u00e1mot 1 \u00e9s 14 k\u00f6z\u00f6tt. A k\u00fcl\u00f6nleges sz\u00e1mot &#8220;Thunderball&#8221;-nak h\u00edvj\u00e1k, \u00e9s hat nyerem\u00e9nykateg\u00f3ri\u00e1t hat\u00e1roz meg, bele\u00e9rtve a jackpotot is.<\/p>\n<p>Az online j\u00e1t\u00e9k nem sokban k\u00fcl\u00f6nb\u00f6zik, csak abban, hogy a sz\u00e1mgener\u00e1tor seg\u00edts\u00e9g\u00e9vel v\u00e9letlenszer\u0171 sz\u00e1mokat v\u00e1laszthatsz. Ez olyan, mint a &#8220;szerencsej\u00e1t\u00e9k&#8221; azok sz\u00e1m\u00e1ra, akik a fizikai szelv\u00e9nyekhez szoktak. T\u00f6bb sort \u00e9s t\u00f6bb szelv\u00e9nyt is v\u00e1laszthat, hogy n\u00f6velje a Thunderball nyer\u00e9si es\u00e9lyeit.<\/p>\n<p>A k\u00f6vetkez\u0151 l\u00e9p\u00e9s a sorsol\u00e1son val\u00f3 r\u00e9szv\u00e9tel, \u00e9s ez a legjobb r\u00e9sz. Ne feledje, hogy teljesen rendben van, ha t\u00f6bb sorsol\u00e1son is r\u00e9szt vesz. Ha pedig t\u0151l\u00fcnk v\u00e1s\u00e1rolja meg a szelv\u00e9ny\u00e9t, akkor t\u00f6bb h\u00e9ttel el\u0151re is benevezhet a sorsol\u00e1sra. Ez el\u0151nyt jelent \u00d6nnek, amikor ezt a szerencsej\u00e1t\u00e9kot j\u00e1tssza.<\/p>\n<section class=\"layout\" style=\"border: solid 1px; width: 100%;\">\n<div class=\"img-div\" style=\"margin-top: 5px;\"><img decoding=\"async\" class=\"wp-image-17212 alignleft\" style=\"height: 45px; margin: 8px 8px 0px;\" src=\"https:\/\/jackpotlotteryonline.com\/wp-content\/uploads\/2022\/11\/read1.jpg\" alt=\"olvasd el\" width=\"\" height=\"\" \/><\/div>\n<div style=\"padding-left: 5px;\">\n<div style=\"font-size: 1.1em;\">\n<p><strong>Azok a lott\u00f3j\u00e1t\u00e9kok, amelyeken a legjobb es\u00e9lye van arra, hogy nagyot nyerjen<\/strong><\/p>\n<p style=\"font-size: 0.85em; margin-top: -1.5em;\">Melyik lott\u00f3nak van a legjobb nyer\u00e9si es\u00e9lye?\u00a0 <a href=\"https:\/\/jackpotlotteryonline.com\/hu\/melyik-lotton-van-a-legjobb-nyeresi-eselye\"> tov\u00e1bb<\/a><\/p>\n<\/div>\n<\/div>\n<\/section>\n<h2>Thunderball sorsol\u00e1s napjai<\/h2>\n<p>A sorsol\u00e1si napok hetente n\u00e9gyszer vannak, kedden, szerd\u00e1n, p\u00e9nteken \u00e9s szombaton. Ezen az egyes\u00fclt kir\u00e1lys\u00e1gbeli lott\u00f3n minden h\u00e9ten n\u00e9gy sorsol\u00e1st tartanak. Ez a j\u00e1t\u00e9kosok sz\u00e1m\u00e1ra azt jelenti, hogy a Thunderball-lott\u00f3val n\u00e9gyszer nagyobb es\u00e9llyel nyerheti meg a jackpotot.<\/p>\n<p>Egyetlen sorsol\u00e1son is r\u00e9szt vehet, de val\u00f3sz\u00edn\u0171leg a legjobb, ha t\u00f6bb sorsol\u00e1son is r\u00e9szt vesz, \u00edgy sokkal nagyobb az es\u00e9lye a nyer\u00e9sre. Ne feledje, hogy t\u00f6bb nevez\u00e9ssel nagyobb a nyer\u00e9si val\u00f3sz\u00edn\u0171s\u00e9ge.<\/p>\n<h2>Hogyan ellen\u0151rizheti a Thunderball sorsol\u00e1s eredm\u00e9nyeit<\/h2>\n<p>Most pedig j\u00f6jj\u00f6n a legjobb r\u00e9sz, a sorsol\u00e1s eredm\u00e9nyeinek ellen\u0151rz\u00e9se. Az egyetlen m\u00f3dja annak, hogy megtudja, hogy a megfelel\u0151 kombin\u00e1ci\u00f3val rendelkezik-e, ha ellen\u0151rzi a sorsol\u00e1si eredm\u00e9nyeket. A legt\u00f6bb lott\u00f3t\u00e1rsas\u00e1g \u00e9l\u0151 sorsol\u00e1st tart, \u00e9s ez al\u00f3l a Thunderball sem kiv\u00e9tel. Teh\u00e1t online megn\u00e9zheti az \u00e9l\u0151 sorsol\u00e1st. Fontos megjegyezni, hogy az \u00e9l\u0151 sorsol\u00e1sok meghat\u00e1rozott id\u0151pontban zajlanak, \u00e9s ha nyer\u00e9s eset\u00e9n lemaradsz a nyerem\u00e9nyedr\u0151l.<\/p>\n<p>Term\u00e9szetesen b\u00e1rmikor felkutathatja az interneten, hogy megtudja, \u00d6n-e a nyertes. Sajnos, m\u00edg a jackpot kombin\u00e1ci\u00f3j\u00e1t meg tudod tal\u00e1lni, a t\u00f6bbi nyerem\u00e9nykateg\u00f3ria eset\u00e9ben ez nem ilyen egyszer\u0171. A Thunderball m\u00e1sodoszt\u00e1ly\u00fa nyerem\u00e9nye 5000 font, \u00e9s ezt nem szeretn\u00e9d kihagyni.<\/p>\n<p>A legjobb megold\u00e1s, ha minden sorsol\u00e1s ut\u00e1n visszan\u00e9zel erre az oldalra. Minden kateg\u00f3ri\u00e1ban k\u00f6zz\u00e9tessz\u00fck a legfrissebb sorsol\u00e1si eredm\u00e9nyeket. R\u00e1ad\u00e1sul, ha t\u0151l\u00fcnk v\u00e1s\u00e1rolta a szelv\u00e9ny\u00e9t, \u00e9rtes\u00edtj\u00fck, ha megnyerte valamelyik nyerem\u00e9nyt.<\/p>\n<h2>Nyerhet\u0151 nyerem\u00e9nyek<\/h2>\n<p>Azaz, mik a k\u00fcl\u00f6nb\u00f6z\u0151 nyerem\u00e9nyek a k\u00fcl\u00f6nb\u00f6z\u0151 kateg\u00f3ri\u00e1kban? Az Egyes\u00fclt Kir\u00e1lys\u00e1gban a Thunderball t\u00f6bb nyerem\u00e9nykateg\u00f3ri\u00e1ban is van egy nyerem\u00e9ny, amely csak a Thunderball tal\u00e1lat\u00e1\u00e9rt j\u00e1r. Nagy az es\u00e9lye annak, hogy egy j\u00e1t\u00e9kos nyerem\u00e9nyt nyerhet.<\/p>\n<p>\u00cdme a UK Thunderball nyerem\u00e9nykateg\u00f3ri\u00e1inak bont\u00e1sa, valamint a nyer\u00e9si es\u00e9lyek.<\/p>\n<p>1. kateg\u00f3ria: Match 5 + Thunderball &#8211; 1 a 8.060.598-b\u00f3l &#8211; 500.000 \u00a3<\/p>\n<p>2. kateg\u00f3ria: Csak 5. m\u00e9rk\u0151z\u00e9s &#8211; 1 a 620 046-hoz &#8211; 5000 font &#8211; 5000 font<\/p>\n<p>3. kateg\u00f3ria: 4. m\u00e9rk\u0151z\u00e9s + Thunderball &#8211; 1:47 416-b\u00f3l 47 416-b\u00f3l 250 \u00a3<\/p>\n<p>4. kateg\u00f3ria: Csak a 4. m\u00e9rk\u0151z\u00e9s &#8211; 1:3 648-b\u00f3l 1 &#8211; 100 font<\/p>\n<p>kateg\u00f3ria: 3. m\u00e9rk\u0151z\u00e9s + Thunderball &#8211; 1 az 1,437-b\u0151l &#8211; 20 \u00a3<\/p>\n<p>6. kateg\u00f3ria: Csak a 3. m\u00e9rk\u0151z\u00e9s &#8211; 1:111 &#8211; 10 font<\/p>\n<p>7. kateg\u00f3ria: 2. m\u00e9rk\u0151z\u00e9s + Thunderball &#8211; 1 a 135-b\u0151l &#8211; 10 \u00a3<\/p>\n<p>kateg\u00f3ria: 1. m\u00e9rk\u0151z\u00e9s + Thunderball &#8211; 1 a 35-b\u0151l &#8211; 5 font<\/p>\n<p>9. kateg\u00f3ria: Thunderball m\u00e9rk\u0151z\u00e9s &#8211; 1:29-hez &#8211; 3 font<\/p>\n<p>B\u00e1rki nyerhet Thunderball-d\u00edjat, m\u00e9g akkor is, ha nem az Egyes\u00fclt Kir\u00e1lys\u00e1gban \u00e9l. Egyszer\u0171en csak v\u00e1s\u00e1rolja meg online a szelv\u00e9ny\u00e9t, hogy es\u00e9lye legyen a nagy nyerem\u00e9nyre.<\/p>\n<h2>A nyerem\u00e9ny bev\u00e1lt\u00e1sa<\/h2>\n<p><img loading=\"lazy\" decoding=\"async\" class=\"alignright size-full wp-image-28832\" src=\"https:\/\/jackpotlotteryonline.com\/wp-content\/uploads\/2022\/11\/1_online_win_lottery.jpg\" alt=\"Thunderball nyerem\u00e9ny ig\u00e9nyl\u00e9se\" width=\"250\" height=\"167\" \/>Eml\u00edtett\u00fck, hogy e-mailben \u00e9s a fi\u00f3kj\u00e1n kereszt\u00fcl \u00e9rtes\u00edtj\u00fck \u00d6nt, ha nyertes szelv\u00e9nye van. De hogyan veheti ki a nyerem\u00e9ny\u00e9t, ha az Egyes\u00fclt Kir\u00e1lys\u00e1gon k\u00edv\u00fcl \u00e9l? Ez egy olyan k\u00e9rd\u00e9s, ami miatt sok fogad\u00f3 agg\u00f3dik. Nos, mi itt vagyunk, hogy megnyugtassuk a sz\u00edvedet a nyerem\u00e9nyeiddel kapcsolatban.<\/p>\n<p>Amikor regisztr\u00e1l n\u00e1lunk, \u00e9s megv\u00e1s\u00e1rolja t\u0151l\u00fcnk a lott\u00f3szelv\u00e9nyeit, leegyszer\u0171s\u00edtj\u00fck a folyamatot az \u00d6n sz\u00e1m\u00e1ra. Concierge-oldalk\u00e9nt z\u00f6kken\u0151mentes folyamatot hoztunk l\u00e9tre, amellyel k\u00f6nnyed\u00e9n kiveheti nyerem\u00e9ny\u00e9t. A 2500 eur\u00f3 alatti nyerem\u00e9nyek eset\u00e9ben csak annyit kell tennie, hogy az oldalunkr\u00f3l a sz\u00e1ml\u00e1j\u00e1ra kiv\u00e1ltja a nyerem\u00e9nyt.<\/p>\n<p>Ha olyan nyerem\u00e9nyt nyert, amely meghaladja ezt az \u00f6sszeget, akkor k\u00f6zvetlen\u00fcl a lott\u00f3t\u00e1rsas\u00e1gt\u00f3l kell ig\u00e9nyelnie a nyerem\u00e9ny\u00e9t. Mi biztos\u00edtunk \u00d6nnek egy ig\u00e9nyl\u0151lapot, \u00e9s v\u00e9gigvezetj\u00fck a folyamaton. Teh\u00e1t nem kell f\u00e9lnie, mi gondoskodunk arr\u00f3l, hogy minden egyszer\u0171 \u00e9s stresszmentes legyen.<\/p>\n<h2>Amit a nyerem\u00e9ny ig\u00e9nyl\u00e9se el\u0151tt tudnia kell<\/h2>\n<p>Miel\u0151tt ig\u00e9nyeln\u00e9 nyerem\u00e9ny\u00e9t, fontos tudni n\u00e9h\u00e1ny dolgot a lott\u00f3j\u00e1t\u00e9kr\u00f3l az Egyes\u00fclt Kir\u00e1lys\u00e1gban. Azt m\u00e1r tudjuk, hogy a lott\u00f3 \u00e1llampolg\u00e1rs\u00e1gt\u00f3l f\u00fcggetlen\u00fcl mindenki sz\u00e1m\u00e1ra nyitva \u00e1ll, azonban itt van n\u00e9h\u00e1ny dolog, amit \u00e9rdemes megjegyezni:<\/p>\n<ul>\n<li>A lott\u00f3n 16 \u00e9v feletti j\u00e1t\u00e9kosok vehetnek r\u00e9szt.<\/li>\n<li>A nyerem\u00e9nyeket egy \u00f6sszegben fizetik ki<\/li>\n<li>A lott\u00f3nyerem\u00e9nyeket nem kell megad\u00f3ztatni az orsz\u00e1gban. Ha azonban az orsz\u00e1gon k\u00edv\u00fclr\u0151l j\u00e1tszik, ellen\u0151rizze az orsz\u00e1ga ad\u00f3t\u00f6rv\u00e9nyeit.<\/li>\n<li>A nyerem\u00e9nyt 180 napon bel\u00fcl ig\u00e9nyelheti, miel\u0151tt az visszaker\u00fclne az alapba.<\/li>\n<li>Ha a lott\u00f3j\u00e1t\u00e9kra egy fizikai \u00e9rt\u00e9kes\u00edt\u0151n kereszt\u00fcl nevezett be, el\u0151fordulhat, hogy a nyerem\u00e9ny ig\u00e9nyl\u00e9s\u00e9hez kapcsolatba kell l\u00e9pnie a lott\u00f3 szervez\u0151ivel.<\/li>\n<\/ul>\n<h2>A Jackpotlotteryonline.com lott\u00f3j\u00e1t\u00e9k el\u0151nyei<\/h2>\n<ul>\n<li>Gyors \u00e9s azonnali hozz\u00e1f\u00e9r\u00e9st kap a lott\u00f3hoz. Nem kell az Egyes\u00fclt Kir\u00e1lys\u00e1gban \u00e9lnie a lott\u00f3j\u00e1t\u00e9khoz<\/li>\n<li>Szuper k\u00e9nyelmes, mivel nem kell elhagynia az otthona k\u00e9nyelm\u00e9t. Ellen\u0151rizze a kombin\u00e1ci\u00f3j\u00e1t a sz\u00e1m\u00edt\u00f3g\u00e9p\u00e9r\u0151l vagy mobileszk\u00f6z\u00e9r\u0151l.<\/li>\n<li>Biztons\u00e1gosabb is, mivel a szelv\u00e9ny\u00e9t digit\u00e1lisan t\u00e1rolj\u00e1k. Ez az\u00e9rt fontos, mert csak \u00edgy ig\u00e9nyelheti a nyerem\u00e9ny\u00e9t.<\/li>\n<li>Nem kell lemaradnia a nyerem\u00e9ny\u00e9r\u0151l, mert azonnal \u00e9rtes\u00edtj\u00fck, ha b\u00e1rmilyen nyerem\u00e9nyt megnyert.<\/li>\n<li>B\u00e1rmilyen nyerem\u00e9nyt k\u00f6nnyed\u00e9n kivehet online an\u00e9lk\u00fcl, hogy b\u00e1rhov\u00e1 is kellene mennie<\/li>\n<\/ul>\n<p>Ha m\u00e9g nem v\u00e1s\u00e1roltad meg a Thunderball szelv\u00e9nyedet, akkor itt a remek alkalom, hogy megtedd, \u00edgy r\u00e9szt vehetsz a k\u00f6vetkez\u0151 sorsol\u00e1son.<\/p>\n<h2>Mi az a concierge oldal?<\/h2>\n<p>Eml\u00edtett\u00fck, hogy mi egy concierge oldal vagyunk, \u00e9s tal\u00e1n k\u00edv\u00e1ncsi vagy, hogy ez mit jelent. Nos, a j\u00e1t\u00e9kosok egyik probl\u00e9m\u00e1ja az online jegyv\u00e1s\u00e1rl\u00e1ssal az, hogy soha nem tudj\u00e1k, hogy r\u00e9szt vettek-e a lott\u00f3n. Sok oldal hagyja, hogy a j\u00e1t\u00e9kosok a lott\u00f3 kimenetel\u00e9re fogadjanak, ami valami eg\u00e9szen m\u00e1s.<\/p>\n<p>A jackpotlotteryonline.com-on mi hozz\u00e1f\u00e9r\u00e9st biztos\u00edtunk felhaszn\u00e1l\u00f3inknak a vil\u00e1g legjobb nemzetk\u00f6zi lott\u00f3j\u00e1t\u00e9kaihoz. Ez az\u00e9rt van, mert egy olyan portaszolg\u00e1lati oldalt \u00fczemeltet\u00fcnk, ahol \u00fcgyn\u00f6keink vannak a vil\u00e1g k\u00fcl\u00f6nb\u00f6z\u0151 r\u00e9szein. Amikor t\u0151l\u00fcnk v\u00e1s\u00e1rol lott\u00f3szelv\u00e9nyt, az adott orsz\u00e1gban l\u00e9v\u0151 \u00fcgyn\u00f6k\u00fcnk v\u00e1s\u00e1rol egy fizikai szelv\u00e9nyt a megfelel\u0151 sz\u00e1mokkal. A szelv\u00e9nyt ezut\u00e1n beolvass\u00e1k \u00e9s elk\u00fcldik \u00d6nnek.<\/p>\n<p>Ha t\u0151l\u00fcnk v\u00e1s\u00e1rol Thunderball lott\u00f3szelv\u00e9nyt, biztos lehet benne, hogy ha a kisorsolt sz\u00e1mokkal egyezik, megnyeri a lott\u00f3t. Ez ilyen egyszer\u0171, m\u00e9gis ez az egyetlen dolog, ami nyugalmat ad \u00fcgyfeleinknek az online lott\u00f3z\u00e1shoz.<\/p>\n<h2>Tippek a Thunderball megnyer\u00e9s\u00e9hez<\/h2>\n<p>B\u00e1r a Thunderball egy szerencsej\u00e1t\u00e9k, vannak dolgok, amelyeket megtehetsz, hogy n\u00f6veld a nyer\u00e9si es\u00e9lyeidet. Az al\u00e1bbiakban felsorolunk n\u00e9h\u00e1nyat:<\/p>\n<ul>\n<li>V\u00e1lassza ki a szerencsesz\u00e1mokat. Nem lehet el\u00e9g szerencs\u00e9s, ha Thunderballt j\u00e1tszik.<\/li>\n<li>V\u00e1s\u00e1roljon t\u00f6bb szelv\u00e9nyt, \u00e9s vegyen r\u00e9szt t\u00f6bb sorsol\u00e1son. Ugyanis min\u00e9l t\u00f6bb bel\u00e9p\u0151je van, ann\u00e1l nagyobb az es\u00e9lye a nyer\u00e9sre.<\/li>\n<li>Csatlakozzon vagy alak\u00edtson szindik\u00e1tust. Ez olyan emberek csoportja, akik egyes\u00edtik er\u0151forr\u00e1saikat, hogy t\u00f6bb szelv\u00e9nyt tudjanak v\u00e1s\u00e1rolni.<\/li>\n<li>Legyen er\u0151s hite abban, hogy nyerni fog. Van valami abban, ha teljes sz\u00edvedb\u0151l hiszel, ami mag\u00e1hoz vonzza a szerencs\u00e9t. Sz\u00e1mos lott\u00f3nyertes besz\u00e9lt arr\u00f3l, hogy hitt abban, hogy nyerni fog.<\/li>\n<\/ul>\n<h2>Ellen\u0151rizze a nyer\u0151 kombin\u00e1ci\u00f3t a jackpotlotteryonline.com oldalon.<\/h2>\n<p>Megk\u00f6nny\u00edtj\u00fck a j\u00e1t\u00e9kosok sz\u00e1m\u00e1ra a hozz\u00e1f\u00e9r\u00e9st a legjobb nemzetk\u00f6zi lott\u00f3j\u00e1t\u00e9kokhoz az\u00e1ltal, hogy online szelv\u00e9nyeket biztos\u00edtunk. Ezen t\u00falmen\u0151en a sorsol\u00e1s eredm\u00e9nyeit is ellen\u0151rizheti, \u00e9s nyerem\u00e9nyeit is bev\u00e1lthatja oldalunkon. A Thunderball j\u00e1t\u00e9k m\u00e9g sosem volt ennyire pihentet\u0151 \u00e9s stresszmentes. \u00c9s mi kem\u00e9nyen dolgoztunk az\u00e9rt, hogy ez \u00edgy is maradjon.<\/p>\n<p>Ha szeretn\u00e9 kipr\u00f3b\u00e1lni a UK Thunderballt, ne habozzon, \u00e9s v\u00e1s\u00e1rolja meg jegyeit most. L\u00e1togasson el oldalunkra minden sorsol\u00e1s ut\u00e1n, hogy megismerje a sorsol\u00e1s eredm\u00e9nyeit, \u00e9s k\u00f6nnyed\u00e9n bev\u00e1lthassa nyerem\u00e9nyeit.<\/p>\n","protected":false},"excerpt":{"rendered":"<p>A Thunderball az Egyes\u00fclt Kir\u00e1lys\u00e1g egyik legn\u00e9pszer\u0171bb lott\u00f3j\u00e1t\u00e9ka. M\u00e1r egy kis \u00f6sszeg\u00e9rt f\u00e9lmilli\u00f3 fontot nyerhetnek a j\u00e1t\u00e9kosok, ami fantasztikus. Rengeteg lott\u00f3 l\u00e9tezik, de a Thunderballban van valami, ami vonzza a j\u00e1t\u00e9kosokat. Lehet, hogy a hihetetlen\u00fcl kedvez\u0151 nyerem\u00e9nyszorz\u00f3k, vagy az, hogy sok nyertest produk\u00e1l. B\u00e1rmi is legyen az oka, a j\u00e1t\u00e9kosok vil\u00e1gszerte online is v\u00e1s\u00e1rolnak Thunderball [&hellip;]<\/p>\n","protected":false},"author":1,"featured_media":0,"parent":35832,"menu_order":12,"comment_status":"closed","ping_status":"closed","template":"thunderball-results.php","meta":{"_et_pb_use_builder":"","_et_pb_old_content":"","_et_gb_content_width":"","exclude_from_search":false,"footnotes":""},"class_list":["post-41311","page","type-page","status-publish","hentry"],"yoast_head":"<!-- This site is optimized with the Yoast SEO plugin v23.3 - https:\/\/yoast.com\/wordpress\/plugins\/seo\/ -->\n<title>Thunderball Lott\u00f3 nyer\u0151sz\u00e1mok \u00e9s sorsol\u00e1si eredm\u00e9nyek<\/title>\n<meta name=\"description\" content=\"Ellen\u0151rizze szelv\u00e9ny\u00e9t a legut\u00f3bbi Thunderball sorsol\u00e1s nyer\u0151sz\u00e1maival \u00e9s eredm\u00e9nyeivel, vagy keresse meg a kor\u00e1bbi sorsol\u00e1si eredm\u00e9nyeket.\" \/>\n<meta name=\"robots\" content=\"index, follow, max-snippet:-1, max-image-preview:large, max-video-preview:-1\" \/>\n<link rel=\"canonical\" href=\"https:\/\/jackpotlotteryonline.com\/hu\/nyeroszamok\/thunderball\/\" \/>\n<meta property=\"og:locale\" content=\"hu_HU\" \/>\n<meta property=\"og:type\" content=\"article\" \/>\n<meta property=\"og:title\" content=\"Thunderball Lott\u00f3 nyer\u0151sz\u00e1mok \u00e9s sorsol\u00e1si eredm\u00e9nyek\" \/>\n<meta property=\"og:description\" content=\"Ellen\u0151rizze szelv\u00e9ny\u00e9t a legut\u00f3bbi Thunderball sorsol\u00e1s nyer\u0151sz\u00e1maival \u00e9s eredm\u00e9nyeivel, vagy keresse meg a kor\u00e1bbi sorsol\u00e1si eredm\u00e9nyeket.\" \/>\n<meta property=\"og:url\" content=\"https:\/\/jackpotlotteryonline.com\/hu\/nyeroszamok\/thunderball\/\" \/>\n<meta property=\"og:site_name\" content=\"Lotto Online - Crack The International Lottery Jackpots\" \/>\n<meta property=\"article:modified_time\" content=\"2022-12-29T13:27:33+00:00\" \/>\n<meta property=\"og:image\" content=\"https:\/\/jackpotlotteryonline.com\/wp-content\/uploads\/2022\/11\/1_rain_lottery_money_win-282x300.jpg\" \/>\n<meta name=\"twitter:card\" content=\"summary_large_image\" \/>\n<meta name=\"twitter:label1\" content=\"Becs\u00fclt olvas\u00e1si id\u0151\" \/>\n\t<meta name=\"twitter:data1\" content=\"7 perc\" \/>\n<!-- \/ Yoast SEO plugin. -->","yoast_head_json":{"title":"Thunderball Lott\u00f3 nyer\u0151sz\u00e1mok \u00e9s sorsol\u00e1si eredm\u00e9nyek","description":"Ellen\u0151rizze szelv\u00e9ny\u00e9t a legut\u00f3bbi Thunderball sorsol\u00e1s nyer\u0151sz\u00e1maival \u00e9s eredm\u00e9nyeivel, vagy keresse meg a kor\u00e1bbi sorsol\u00e1si eredm\u00e9nyeket.","robots":{"index":"index","follow":"follow","max-snippet":"max-snippet:-1","max-image-preview":"max-image-preview:large","max-video-preview":"max-video-preview:-1"},"canonical":"https:\/\/jackpotlotteryonline.com\/hu\/nyeroszamok\/thunderball\/","og_locale":"hu_HU","og_type":"article","og_title":"Thunderball Lott\u00f3 nyer\u0151sz\u00e1mok \u00e9s sorsol\u00e1si eredm\u00e9nyek","og_description":"Ellen\u0151rizze szelv\u00e9ny\u00e9t a legut\u00f3bbi Thunderball sorsol\u00e1s nyer\u0151sz\u00e1maival \u00e9s eredm\u00e9nyeivel, vagy keresse meg a kor\u00e1bbi sorsol\u00e1si eredm\u00e9nyeket.","og_url":"https:\/\/jackpotlotteryonline.com\/hu\/nyeroszamok\/thunderball\/","og_site_name":"Lotto Online - Crack The International Lottery Jackpots","article_modified_time":"2022-12-29T13:27:33+00:00","og_image":[{"url":"https:\/\/jackpotlotteryonline.com\/wp-content\/uploads\/2022\/11\/1_rain_lottery_money_win-282x300.jpg"}],"twitter_card":"summary_large_image","twitter_misc":{"Becs\u00fclt olvas\u00e1si id\u0151":"7 perc"},"schema":{"@context":"https:\/\/schema.org","@graph":[{"@type":"WebPage","@id":"https:\/\/jackpotlotteryonline.com\/hu\/nyeroszamok\/thunderball\/","url":"https:\/\/jackpotlotteryonline.com\/hu\/nyeroszamok\/thunderball\/","name":"Thunderball Lott\u00f3 nyer\u0151sz\u00e1mok \u00e9s sorsol\u00e1si eredm\u00e9nyek","isPartOf":{"@id":"https:\/\/jackpotlotteryonline.com\/#website"},"primaryImageOfPage":{"@id":"https:\/\/jackpotlotteryonline.com\/hu\/nyeroszamok\/thunderball\/#primaryimage"},"image":{"@id":"https:\/\/jackpotlotteryonline.com\/hu\/nyeroszamok\/thunderball\/#primaryimage"},"thumbnailUrl":"https:\/\/jackpotlotteryonline.com\/wp-content\/uploads\/2022\/11\/1_rain_lottery_money_win-282x300.jpg","datePublished":"2022-12-09T06:14:32+00:00","dateModified":"2022-12-29T13:27:33+00:00","description":"Ellen\u0151rizze szelv\u00e9ny\u00e9t a legut\u00f3bbi Thunderball sorsol\u00e1s nyer\u0151sz\u00e1maival \u00e9s eredm\u00e9nyeivel, vagy keresse meg a kor\u00e1bbi sorsol\u00e1si eredm\u00e9nyeket.","breadcrumb":{"@id":"https:\/\/jackpotlotteryonline.com\/hu\/nyeroszamok\/thunderball\/#breadcrumb"},"inLanguage":"hu","potentialAction":[{"@type":"ReadAction","target":["https:\/\/jackpotlotteryonline.com\/hu\/nyeroszamok\/thunderball\/"]}]},{"@type":"ImageObject","inLanguage":"hu","@id":"https:\/\/jackpotlotteryonline.com\/hu\/nyeroszamok\/thunderball\/#primaryimage","url":"https:\/\/jackpotlotteryonline.com\/wp-content\/uploads\/2022\/11\/1_rain_lottery_money_win-282x300.jpg","contentUrl":"https:\/\/jackpotlotteryonline.com\/wp-content\/uploads\/2022\/11\/1_rain_lottery_money_win-282x300.jpg"},{"@type":"BreadcrumbList","@id":"https:\/\/jackpotlotteryonline.com\/hu\/nyeroszamok\/thunderball\/#breadcrumb","itemListElement":[{"@type":"ListItem","position":1,"name":"Home","item":"https:\/\/jackpotlotteryonline.com\/hu\/"},{"@type":"ListItem","position":2,"name":"Lott\u00f3 eredm\u00e9nyek","item":"https:\/\/jackpotlotteryonline.com\/hu\/nyeroszamok\/"},{"@type":"ListItem","position":3,"name":"Thunderball lott\u00f3 sorsol\u00e1s eredm\u00e9nye"}]},{"@type":"WebSite","@id":"https:\/\/jackpotlotteryonline.com\/#website","url":"https:\/\/jackpotlotteryonline.com\/","name":"Lotto Online - Crack The International Lottery Jackpots","description":"","potentialAction":[{"@type":"SearchAction","target":{"@type":"EntryPoint","urlTemplate":"https:\/\/jackpotlotteryonline.com\/?s={search_term_string}"},"query-input":"required name=search_term_string"}],"inLanguage":"hu"}]}},"_links":{"self":[{"href":"https:\/\/jackpotlotteryonline.com\/hu\/wp-json\/wp\/v2\/pages\/41311","targetHints":{"allow":["GET"]}}],"collection":[{"href":"https:\/\/jackpotlotteryonline.com\/hu\/wp-json\/wp\/v2\/pages"}],"about":[{"href":"https:\/\/jackpotlotteryonline.com\/hu\/wp-json\/wp\/v2\/types\/page"}],"author":[{"embeddable":true,"href":"https:\/\/jackpotlotteryonline.com\/hu\/wp-json\/wp\/v2\/users\/1"}],"replies":[{"embeddable":true,"href":"https:\/\/jackpotlotteryonline.com\/hu\/wp-json\/wp\/v2\/comments?post=41311"}],"version-history":[{"count":0,"href":"https:\/\/jackpotlotteryonline.com\/hu\/wp-json\/wp\/v2\/pages\/41311\/revisions"}],"up":[{"embeddable":true,"href":"https:\/\/jackpotlotteryonline.com\/hu\/wp-json\/wp\/v2\/pages\/35832"}],"wp:attachment":[{"href":"https:\/\/jackpotlotteryonline.com\/hu\/wp-json\/wp\/v2\/media?parent=41311"}],"curies":[{"name":"wp","href":"https:\/\/api.w.org\/{rel}","templated":true}]}}