{"id":41364,"date":"2022-12-09T08:26:37","date_gmt":"2022-12-09T08:26:37","guid":{"rendered":"https:\/\/jackpotlotteryonline.com\/?page_id=41364"},"modified":"2022-12-30T09:30:40","modified_gmt":"2022-12-30T09:30:40","slug":"new-york-lottery","status":"publish","type":"page","link":"https:\/\/jackpotlotteryonline.com\/hu\/nyeroszamok\/new-york-lottery\/","title":{"rendered":"New York sorsol\u00e1s eredm\u00e9nye"},"content":{"rendered":"<p>A New York-i lott\u00f3 r\u00e9gebben az egyik olyan lott\u00f3 volt, amit figyelmen k\u00edv\u00fcl hagytak. Legink\u00e1bb az\u00e9rt, mert csak New York-i lakosk\u00e9nt lehetett r\u00e9szt venni a lott\u00f3n. Ez m\u00e1ra megv\u00e1ltozott, hiszen a j\u00e1t\u00e9kosok a vil\u00e1g minden t\u00e1j\u00e1r\u00f3l v\u00e1s\u00e1rolhatnak lott\u00f3szelv\u00e9nyt. Most m\u00e1r egyre t\u00f6bb lott\u00f3rajong\u00f3 v\u00e1lasztja ki a nyer\u0151sz\u00e1mokat online j\u00e1t\u00e9kkal. Ezt a New York-i lott\u00f3t az\u00e9rt alap\u00edtott\u00e1k, hogy p\u00e9nzt gy\u0171jts\u00f6n az oktat\u00e1sra, teh\u00e1t j\u00f3 \u00fcgyb\u0151l ered. Minden egyes alkalommal, amikor szelv\u00e9nyt v\u00e1s\u00e1rol, az oktat\u00e1s finansz\u00edroz\u00e1s\u00e1ra adakozik.<\/p>\n<p>A New York-i lott\u00f3 kombin\u00e1ci\u00f3j\u00e1t <a href=\"https:\/\/jackpotlotteryonline.com\/hu\/jegyet-vasarolni\/new-york-lottery\">a jackpotlotteryonline.com oldalon v\u00e1s\u00e1rolt<\/a> lott\u00f3szelv\u00e9ny megv\u00e1s\u00e1rl\u00e1sakor v\u00e1laszthatja ki.<\/p>\n<h2>Hogyan j\u00e1tsszon a New York-i lott\u00f3n online<\/h2>\n<p>Lott\u00f3zni sz\u00f3rakoztat\u00f3 \u00e9s izgalmas dolog. De ez az \u00e9lm\u00e9ny m\u00e9g fokozottabb, ha online j\u00e1tszik. Az online lott\u00f3n val\u00f3 r\u00e9szv\u00e9tel gyors, egyszer\u0171 \u00e9s teljesen egy\u00e9rtelm\u0171. Ha a New York-i lott\u00f3n j\u00e1tszik, az al\u00e1bbi l\u00e9p\u00e9sek k\u00f6vetkeznek:<\/p>\n<ul>\n<li>L\u00e1togasson el az \u00d6n \u00e1ltal kiv\u00e1lasztott oldalra (p\u00e9ld\u00e1ul a jackpotlotteryonline.com-ra), \u00e9s kattintson a lott\u00f3ra, amelyen j\u00e1tszani szeretne.<\/li>\n<li>V\u00e1lassza ki a 6-os sz\u00e1mot az 1 \u00e9s 59 k\u00f6z\u00f6tti tartom\u00e1nyb\u00f3l. Van egy 7. sz\u00e1m, de ezt a lott\u00f3t\u00e1rsas\u00e1g v\u00e9letlenszer\u0171en h\u00fazza ki, \u00e9s nem r\u00e9sze a szelv\u00e9ny\u00e9nek.<\/li>\n<li>Adja meg a sorsol\u00e1sokat, amelyek minden h\u00e9ten szerd\u00e1n \u00e9s szombaton vannak. Csak az egyik sorsol\u00e1son vagy mindkett\u0151n r\u00e9szt vehet.<\/li>\n<li>Fejezze be a fizet\u00e9st. A legt\u00f6bb lott\u00f3oldal k\u00e9rni fogja, hogy regisztr\u00e1ljon a fizet\u00e9s befejez\u00e9s\u00e9hez. Ez az\u00e9rt van, hogy a v\u00e1s\u00e1rl\u00e1s ut\u00e1n k\u00f6nnyed\u00e9n hozz\u00e1f\u00e9rhessen a szelv\u00e9ny\u00e9hez.<\/li>\n<\/ul>\n<p>Az online lott\u00f3j\u00e1t\u00e9k t\u00e9nyleg ilyen egyszer\u0171. Nincs m\u00e1s m\u00f3dja annak, hogy New Yorkon k\u00edv\u00fclr\u0151l szerezzen szelv\u00e9nyeket. Ez\u00e9rt biztos\u00edtjuk a v\u00e9gs\u0151 lehet\u0151s\u00e9get a vil\u00e1g m\u00e1s r\u00e9sz\u00e9n \u00e9l\u0151 j\u00e1t\u00e9kosok sz\u00e1m\u00e1ra.<\/p>\n<h2>Hogyan v\u00e1lasszuk ki a nyer\u0151sz\u00e1mokat<\/h2>\n<p><img loading=\"lazy\" decoding=\"async\" class=\"alignright size-full wp-image-29534\" src=\"https:\/\/jackpotlotteryonline.com\/wp-content\/uploads\/2022\/11\/1_results_lottery_online5.jpg\" alt=\"New York-i lott\u00f3 online j\u00e1t\u00e9k\" width=\"300\" height=\"200\" \/>Ok\u00e9, t\u00e9nyleg l\u00e9tezik olyan nyer\u0151 strat\u00e9gia a lott\u00f3sz\u00e1mkombin\u00e1ci\u00f3k kiv\u00e1laszt\u00e1s\u00e1ra, amelyek garant\u00e1ltan megnyerik a lott\u00f3t? Szerint\u00fcnk nincs, azon egyszer\u0171 okn\u00e1l fogva, hogy a lott\u00f3 szerencsej\u00e1t\u00e9k. El\u00e9g neh\u00e9z megmondani, hogy melyik kombin\u00e1ci\u00f3 seg\u00edt megnyerni a lott\u00f3t, k\u00fcl\u00f6n\u00f6sen az\u00e9rt, mert a sorsol\u00e1sok v\u00e9letlenszer\u0171ek.<\/p>\n<p>Ennek ellen\u00e9re fokozhatja a szerencs\u00e9j\u00e9t, ha olyan nyer\u0151sz\u00e1mokat v\u00e1laszt, amelyek szerencs\u00e9snek \u00e9rzik mag\u00e1t. \u00cdgy v\u00e1laszthatsz sz\u00fclet\u00e9snapokat, \u00e9vfordul\u00f3kat, sz\u00e1mjegyeket, amelyek eg\u00e9sz \u00e9letedben szerencs\u00e9t hoztak neked stb. Vagy egyszer\u0171en haszn\u00e1lhatja az oldalunkon tal\u00e1lhat\u00f3 automatikus gener\u00e1tor eszk\u00f6zt, hogy v\u00e9letlenszer\u0171 sz\u00e1mokat v\u00e1lasszon.<\/p>\n<h2>New York-i lott\u00f3 nyerem\u00e9nykateg\u00f3ri\u00e1k<\/h2>\n<p>Ennek a New York-i lott\u00f3nak a jackpot \u00f6sszege legal\u00e1bb 2 milli\u00f3 doll\u00e1r. De ha a sorsol\u00e1sok ut\u00e1n senki sem nyeri meg a jackpotot, akkor az 300 000 doll\u00e1rral n\u0151. Ez a nyerem\u00e9ny addig n\u00f6vekszik, am\u00edg egy nyertes nem ker\u00fcl ki.<\/p>\n<p>\u00d6sszesen \u00f6t nyerem\u00e9nykateg\u00f3ria van, bele\u00e9rtve a jackpotot is. A nyerem\u00e9ny es\u00e9lye pedig \u00f6sszess\u00e9g\u00e9ben 1:92,05-hez. A nyerem\u00e9nyek eloszt\u00e1sa a teljes forgalomt\u00f3l f\u00fcgg. \u00cdgy minden lott\u00f3 eset\u00e9ben az elad\u00e1sok 40%-\u00e1t nyerem\u00e9nyk\u00e9nt osztj\u00e1k el. A jackpot ennek egy sz\u00e1zal\u00e9k\u00e1t teszi ki, \u00e9s nem z\u00e1rolt \u00f6sszeg. A New York-i lott\u00f3 nyerem\u00e9nykateg\u00f3ri\u00e1it az al\u00e1bbiakban ismertetj\u00fck:<\/p>\n<p>kateg\u00f3ria: 6 sz\u00e1m &#8211; jackpot (30%)<\/p>\n<p>kateg\u00f3ria: 5 + b\u00f3nuszsz\u00e1m &#8211; az elad\u00e1sok 2,9%-a.<\/p>\n<p>kateg\u00f3ria: 5 sz\u00e1m &#8211; az elad\u00e1sok 2,2%-a.<\/p>\n<p>kateg\u00f3ria: 4 sz\u00e1m &#8211; az \u00e9rt\u00e9kes\u00edt\u00e9s 2,5%-a.<\/p>\n<p>kateg\u00f3ria: 3 sz\u00e1m &#8211; az elad\u00e1sok 2,4%-a<\/p>\n<h2>Hogyan ellen\u0151rizheti a nyer\u0151sz\u00e1mokat<\/h2>\n<p>Honnan tudhatja, hogy nyert-e nyerem\u00e9nyt? Alapvet\u0151en, ha a jackpotlotteryonline.com oldalon j\u00e1tszik a New York-i lott\u00f3n, akkor t\u00e1j\u00e9koztatjuk \u00d6nt, ha nyert egy nyerem\u00e9nyt. Ezt \u00fagy tessz\u00fck, hogy \u00fczenetet k\u00fcld\u00fcnk a fi\u00f3kj\u00e1ba \u00e9s az e-mail c\u00edm\u00e9re. T\u00e9nyleg nincs m\u00f3d arra, hogy lemaradjon a nyerem\u00e9ny\u00e9r\u0151l, ha regisztr\u00e1lt n\u00e1lunk.<\/p>\n<p>M\u00e9g ha nem is nyert\u00e9l nyerem\u00e9nyt, akkor is ellen\u0151rizheted a nyertes sz\u00e1mokat, ha ell\u00e1togatsz erre az oldalra. Minden sorsol\u00e1s ut\u00e1n itt tessz\u00fck k\u00f6zz\u00e9 a sorsol\u00e1s eredm\u00e9ny\u00e9t. N\u00e9zz vissza teh\u00e1t, \u00e9s n\u00e9zd meg, hogy milyen kombin\u00e1ci\u00f3 nyerte meg a jackpotot vagy a t\u00f6bbi kateg\u00f3ria nyerem\u00e9nyeit.<\/p>\n<h2>Hogyan veheti fel nyerem\u00e9ny\u00e9t<\/h2>\n<p><img loading=\"lazy\" decoding=\"async\" class=\"alignright size-medium wp-image-29183\" src=\"https:\/\/jackpotlotteryonline.com\/wp-content\/uploads\/2022\/11\/1_play_lotto-online-300x199.jpg\" alt=\"New York-i lott\u00f3 nyer\u0151sz\u00e1mok\" width=\"300\" height=\"199\" srcset=\"https:\/\/jackpotlotteryonline.com\/wp-content\/uploads\/2022\/11\/1_play_lotto-online-300x199.jpg 300w, https:\/\/jackpotlotteryonline.com\/wp-content\/uploads\/2022\/11\/1_play_lotto-online.jpg 350w\" sizes=\"auto, (max-width: 300px) 100vw, 300px\" \/>Ha nyert\u00e9l egy nyerem\u00e9nyt, k\u00f6nnyen hozz\u00e1f\u00e9rhetsz a nyerem\u00e9nyedhez itt, az oldalunkon. A 2500 eur\u00f3 alatti nyerem\u00e9nyek eset\u00e9ben a nyerem\u00e9nyt egyenesen a bankj\u00e1ba veheti ki a platformunkon. Ez csak n\u00e9h\u00e1ny kattint\u00e1s k\u00e9rd\u00e9se, \u00e9s m\u00e1ris megkapja a nyerem\u00e9ny\u00e9t, mindenf\u00e9le gond n\u00e9lk\u00fcl.<\/p>\n<p>Ha azonban a nyerem\u00e9nye meghaladja a 2500 eur\u00f3t, el\u0151fordulhat, hogy k\u00f6zvetlen\u00fcl a lott\u00f3t\u00e1rsas\u00e1ggal kell felvennie a kapcsolatot. Ebben az esetben k\u00fcld\u00fcnk \u00d6nnek egy ig\u00e9nyl\u0151lapot, amelyet kit\u00f6lthet, \u00e9s seg\u00edt\u00fcnk feldolgozni a nyerem\u00e9ny\u00e9t.<\/p>\n<h2>Tippek a New York-i lott\u00f3j\u00e1t\u00e9khoz<\/h2>\n<p>Ha sz\u00fcks\u00e9ge van n\u00e9h\u00e1ny tippre a lott\u00f3j\u00e1t\u00e9khoz, akkor olvasson tov\u00e1bb. Ezek a tippek akkor hasznosak, ha b\u00e1rmelyik vezet\u0151 nemzetk\u00f6zi lott\u00f3n j\u00e1tszik. Teh\u00e1t nem csak a New York-i lott\u00f3ra korl\u00e1toz\u00f3dnak.<\/p>\n<ul>\n<li style=\"list-style-type: none;\">\n<ul>\n<li>V\u00e1lassza ki a nyer\u0151sz\u00e1mokat k\u00f6r\u00fcltekint\u0151en. B\u00e1r nem tudod megj\u00f3solni a lott\u00f3 nyertes\u00e9t, mindig j\u00f3 \u00f6tlet olyan kombin\u00e1ci\u00f3t v\u00e1lasztani, amelynek jelent\u00e9se van sz\u00e1modra.<\/li>\n<li>Enn\u00e9l a New York-i lott\u00f3n\u00e1l a b\u00f3nuszsz\u00e1m az\u00e9rt fontos, mert ez hat\u00e1rozza meg a nyerem\u00e9nyt a m\u00e1sodik kateg\u00f3ri\u00e1ban. Ne hagyja teh\u00e1t figyelmen k\u00edv\u00fcl, hiszen m\u00e9g akkor is sz\u00e9p nyerem\u00e9nnyel t\u00e9rhet haza, ha nem nyeri meg a jackpotot.<\/li>\n<li>Figyeljen a sorsol\u00e1si napokra, mert ekkor der\u00fcl ki, hogy melyik sz\u00e1m nyer. Tov\u00e1bb\u00e1, ha nem nevezel be egy sorsol\u00e1sra, akkor nem nyerhetsz semmilyen nyerem\u00e9nyt az adott sorsol\u00e1son. A sorsol\u00e1si napok teh\u00e1t nagyon fontosak. A sorsol\u00e1sokra t\u00f6bb h\u00e9ttel el\u0151re is benevezhetsz (k\u00e9s\u0151bb megmutatjuk, hogyan).<\/li>\n<\/ul>\n<\/li>\n<\/ul>\n<section class=\"layout\" style=\"border: solid 1px; width: 100%;\">\n<div class=\"img-div\" style=\"margin-top: 5px;\"><img decoding=\"async\" class=\"wp-image-17212 alignleft\" style=\"height: 45px; margin: 8px 8px 0px;\" src=\"https:\/\/jackpotlotteryonline.com\/wp-content\/uploads\/2022\/11\/read1.jpg\" alt=\"olvasd el\" width=\"\" height=\"\" \/><\/div>\n<div style=\"padding-left: 5px;\">\n<div style=\"font-size: 1.1em;\">\n<p><strong>Mi a lott\u00f3siker titka?<\/strong><\/p>\n<p style=\"font-size: 0.85em; margin-top: -1.5em;\">Hogyan j\u00e1tszhatsz sikeresen a lott\u00f3n<a href=\"https:\/\/jackpotlotteryonline.com\/hu\/mi-az-a-titok-a-lotto-siker\"> tov\u00e1bb<\/a><\/p>\n<\/div>\n<\/div>\n<\/section>\n<h2>Ellen\u0151rizze a sorsol\u00e1s eredm\u00e9nyeit a jackpotlotteryonline.com oldalon.<\/h2>\n<p>Mi egy concierge oldal vagyunk, amely gondoskodik a r\u00e9szletekr\u0151l, hogy \u00fcgyfeleink \u00e9lvezhess\u00e9k a lott\u00f3z\u00e1s \u00e9lm\u00e9ny\u00e9t. Meg\u00e9rtj\u00fck, hogy senki sem akar az apr\u00f3s\u00e1gok miatt agg\u00f3dni. Ezt az id\u0151t jobban el lehetne t\u00f6lteni a lott\u00f3strat\u00e9gia t\u00f6k\u00e9letes\u00edt\u00e9s\u00e9vel. \u00c9s ez\u00e9rt vagyunk mi itt.<\/p>\n<p>Megadjuk \u00fcgyfeleinknek a lehet\u0151s\u00e9get, hogy r\u00e9szt vegyenek a lott\u00f3j\u00e1t\u00e9kokban a vil\u00e1g minden t\u00e1j\u00e1n. A lott\u00f3eredm\u00e9nyeket is itt tessz\u00fck k\u00f6zz\u00e9, \u00e9s z\u00f6kken\u0151mentes rendszert biztos\u00edtunk, hogy \u00d6n hozz\u00e1f\u00e9rhessen a nyerem\u00e9nyeihez.<\/p>\n<p>Ha vel\u00fcnk<a href=\"https:\/\/jackpotlotteryonline.com\/hu\/hogyan-kell-jatszani\/new-york-lottery-2\"> j\u00e1tszik a New York-i lott\u00f3n<\/a>, azzal mindenki nyer.<\/p>\n","protected":false},"excerpt":{"rendered":"<p>A New York-i lott\u00f3 r\u00e9gebben az egyik olyan lott\u00f3 volt, amit figyelmen k\u00edv\u00fcl hagytak. Legink\u00e1bb az\u00e9rt, mert csak New York-i lakosk\u00e9nt lehetett r\u00e9szt venni a lott\u00f3n. Ez m\u00e1ra megv\u00e1ltozott, hiszen a j\u00e1t\u00e9kosok a vil\u00e1g minden t\u00e1j\u00e1r\u00f3l v\u00e1s\u00e1rolhatnak lott\u00f3szelv\u00e9nyt. Most m\u00e1r egyre t\u00f6bb lott\u00f3rajong\u00f3 v\u00e1lasztja ki a nyer\u0151sz\u00e1mokat online j\u00e1t\u00e9kkal. Ezt a New York-i lott\u00f3t az\u00e9rt [&hellip;]<\/p>\n","protected":false},"author":1,"featured_media":0,"parent":35832,"menu_order":15,"comment_status":"closed","ping_status":"closed","template":"newyork-results.php","meta":{"_et_pb_use_builder":"","_et_pb_old_content":"","_et_gb_content_width":"","exclude_from_search":false,"footnotes":""},"class_list":["post-41364","page","type-page","status-publish","hentry"],"yoast_head":"<!-- This site is optimized with the Yoast SEO plugin v23.3 - https:\/\/yoast.com\/wordpress\/plugins\/seo\/ -->\n<title>New York lott\u00f3 nyer\u0151sz\u00e1mok \u00e9s sorsol\u00e1si eredm\u00e9nyek<\/title>\n<meta name=\"description\" content=\"A New York-i lott\u00f3 sorsol\u00e1s eredm\u00e9nyei - nyer\u0151sz\u00e1mok, nyertes \u00f6sszegek az \u00f6sszes kor\u00e1bbi \u00e9s jelenlegi sorsol\u00e1son.\" \/>\n<meta name=\"robots\" content=\"index, follow, max-snippet:-1, max-image-preview:large, max-video-preview:-1\" \/>\n<link rel=\"canonical\" href=\"https:\/\/jackpotlotteryonline.com\/hu\/nyeroszamok\/new-york-lottery\/\" \/>\n<meta property=\"og:locale\" content=\"hu_HU\" \/>\n<meta property=\"og:type\" content=\"article\" \/>\n<meta property=\"og:title\" content=\"New York lott\u00f3 nyer\u0151sz\u00e1mok \u00e9s sorsol\u00e1si eredm\u00e9nyek\" \/>\n<meta property=\"og:description\" content=\"A New York-i lott\u00f3 sorsol\u00e1s eredm\u00e9nyei - nyer\u0151sz\u00e1mok, nyertes \u00f6sszegek az \u00f6sszes kor\u00e1bbi \u00e9s jelenlegi sorsol\u00e1son.\" \/>\n<meta property=\"og:url\" content=\"https:\/\/jackpotlotteryonline.com\/hu\/nyeroszamok\/new-york-lottery\/\" \/>\n<meta property=\"og:site_name\" content=\"Lotto Online - Crack The International Lottery Jackpots\" \/>\n<meta property=\"article:modified_time\" content=\"2022-12-30T09:30:40+00:00\" \/>\n<meta property=\"og:image\" content=\"https:\/\/jackpotlotteryonline.com\/wp-content\/uploads\/2022\/11\/1_results_lottery_online5.jpg\" \/>\n<meta name=\"twitter:card\" content=\"summary_large_image\" \/>\n<meta name=\"twitter:label1\" content=\"Becs\u00fclt olvas\u00e1si id\u0151\" \/>\n\t<meta name=\"twitter:data1\" content=\"5 perc\" \/>\n<!-- \/ Yoast SEO plugin. -->","yoast_head_json":{"title":"New York lott\u00f3 nyer\u0151sz\u00e1mok \u00e9s sorsol\u00e1si eredm\u00e9nyek","description":"A New York-i lott\u00f3 sorsol\u00e1s eredm\u00e9nyei - nyer\u0151sz\u00e1mok, nyertes \u00f6sszegek az \u00f6sszes kor\u00e1bbi \u00e9s jelenlegi sorsol\u00e1son.","robots":{"index":"index","follow":"follow","max-snippet":"max-snippet:-1","max-image-preview":"max-image-preview:large","max-video-preview":"max-video-preview:-1"},"canonical":"https:\/\/jackpotlotteryonline.com\/hu\/nyeroszamok\/new-york-lottery\/","og_locale":"hu_HU","og_type":"article","og_title":"New York lott\u00f3 nyer\u0151sz\u00e1mok \u00e9s sorsol\u00e1si eredm\u00e9nyek","og_description":"A New York-i lott\u00f3 sorsol\u00e1s eredm\u00e9nyei - nyer\u0151sz\u00e1mok, nyertes \u00f6sszegek az \u00f6sszes kor\u00e1bbi \u00e9s jelenlegi sorsol\u00e1son.","og_url":"https:\/\/jackpotlotteryonline.com\/hu\/nyeroszamok\/new-york-lottery\/","og_site_name":"Lotto Online - Crack The International Lottery Jackpots","article_modified_time":"2022-12-30T09:30:40+00:00","og_image":[{"url":"https:\/\/jackpotlotteryonline.com\/wp-content\/uploads\/2022\/11\/1_results_lottery_online5.jpg"}],"twitter_card":"summary_large_image","twitter_misc":{"Becs\u00fclt olvas\u00e1si id\u0151":"5 perc"},"schema":{"@context":"https:\/\/schema.org","@graph":[{"@type":"WebPage","@id":"https:\/\/jackpotlotteryonline.com\/hu\/nyeroszamok\/new-york-lottery\/","url":"https:\/\/jackpotlotteryonline.com\/hu\/nyeroszamok\/new-york-lottery\/","name":"New York lott\u00f3 nyer\u0151sz\u00e1mok \u00e9s sorsol\u00e1si eredm\u00e9nyek","isPartOf":{"@id":"https:\/\/jackpotlotteryonline.com\/#website"},"primaryImageOfPage":{"@id":"https:\/\/jackpotlotteryonline.com\/hu\/nyeroszamok\/new-york-lottery\/#primaryimage"},"image":{"@id":"https:\/\/jackpotlotteryonline.com\/hu\/nyeroszamok\/new-york-lottery\/#primaryimage"},"thumbnailUrl":"https:\/\/jackpotlotteryonline.com\/wp-content\/uploads\/2022\/11\/1_results_lottery_online5.jpg","datePublished":"2022-12-09T08:26:37+00:00","dateModified":"2022-12-30T09:30:40+00:00","description":"A New York-i lott\u00f3 sorsol\u00e1s eredm\u00e9nyei - nyer\u0151sz\u00e1mok, nyertes \u00f6sszegek az \u00f6sszes kor\u00e1bbi \u00e9s jelenlegi sorsol\u00e1son.","breadcrumb":{"@id":"https:\/\/jackpotlotteryonline.com\/hu\/nyeroszamok\/new-york-lottery\/#breadcrumb"},"inLanguage":"hu","potentialAction":[{"@type":"ReadAction","target":["https:\/\/jackpotlotteryonline.com\/hu\/nyeroszamok\/new-york-lottery\/"]}]},{"@type":"ImageObject","inLanguage":"hu","@id":"https:\/\/jackpotlotteryonline.com\/hu\/nyeroszamok\/new-york-lottery\/#primaryimage","url":"https:\/\/jackpotlotteryonline.com\/wp-content\/uploads\/2022\/11\/1_results_lottery_online5.jpg","contentUrl":"https:\/\/jackpotlotteryonline.com\/wp-content\/uploads\/2022\/11\/1_results_lottery_online5.jpg"},{"@type":"BreadcrumbList","@id":"https:\/\/jackpotlotteryonline.com\/hu\/nyeroszamok\/new-york-lottery\/#breadcrumb","itemListElement":[{"@type":"ListItem","position":1,"name":"Home","item":"https:\/\/jackpotlotteryonline.com\/hu\/"},{"@type":"ListItem","position":2,"name":"Lott\u00f3 eredm\u00e9nyek","item":"https:\/\/jackpotlotteryonline.com\/hu\/nyeroszamok\/"},{"@type":"ListItem","position":3,"name":"New York sorsol\u00e1s eredm\u00e9nye"}]},{"@type":"WebSite","@id":"https:\/\/jackpotlotteryonline.com\/#website","url":"https:\/\/jackpotlotteryonline.com\/","name":"Lotto Online - Crack The International Lottery Jackpots","description":"","potentialAction":[{"@type":"SearchAction","target":{"@type":"EntryPoint","urlTemplate":"https:\/\/jackpotlotteryonline.com\/?s={search_term_string}"},"query-input":"required name=search_term_string"}],"inLanguage":"hu"}]}},"_links":{"self":[{"href":"https:\/\/jackpotlotteryonline.com\/hu\/wp-json\/wp\/v2\/pages\/41364","targetHints":{"allow":["GET"]}}],"collection":[{"href":"https:\/\/jackpotlotteryonline.com\/hu\/wp-json\/wp\/v2\/pages"}],"about":[{"href":"https:\/\/jackpotlotteryonline.com\/hu\/wp-json\/wp\/v2\/types\/page"}],"author":[{"embeddable":true,"href":"https:\/\/jackpotlotteryonline.com\/hu\/wp-json\/wp\/v2\/users\/1"}],"replies":[{"embeddable":true,"href":"https:\/\/jackpotlotteryonline.com\/hu\/wp-json\/wp\/v2\/comments?post=41364"}],"version-history":[{"count":0,"href":"https:\/\/jackpotlotteryonline.com\/hu\/wp-json\/wp\/v2\/pages\/41364\/revisions"}],"up":[{"embeddable":true,"href":"https:\/\/jackpotlotteryonline.com\/hu\/wp-json\/wp\/v2\/pages\/35832"}],"wp:attachment":[{"href":"https:\/\/jackpotlotteryonline.com\/hu\/wp-json\/wp\/v2\/media?parent=41364"}],"curies":[{"name":"wp","href":"https:\/\/api.w.org\/{rel}","templated":true}]}}