{"id":41418,"date":"2022-12-09T10:07:06","date_gmt":"2022-12-09T10:07:06","guid":{"rendered":"https:\/\/jackpotlotteryonline.com\/?page_id=41418"},"modified":"2022-12-30T11:56:39","modified_gmt":"2022-12-30T11:56:39","slug":"oz-lotto","status":"publish","type":"page","link":"https:\/\/jackpotlotteryonline.com\/hu\/nyeroszamok\/oz-lotto\/","title":{"rendered":"Oz Lotto sorsol\u00e1s eredm\u00e9nyei"},"content":{"rendered":"<h2>Oz Lotto sorsol\u00e1s eredm\u00e9nyei Inform\u00e1ci\u00f3<\/h2>\n<p><img loading=\"lazy\" decoding=\"async\" class=\"alignright size-full wp-image-26942\" src=\"https:\/\/jackpotlotteryonline.com\/wp-content\/uploads\/2022\/11\/1_euromillions_results.jpg\" alt=\"oz lott\u00f3 sorsol\u00e1s eredm\u00e9nyei\" width=\"300\" height=\"200\" \/>K\u00edv\u00e1ncsi vagy az Oz Lotto sorsol\u00e1s eredm\u00e9nyeire, vagy arra, hogy mi t\u00f6rt\u00e9nik, miut\u00e1n valaki nyert? Nos, ez a cikk eligaz\u00edtja \u00d6nt abban, hogy hogyan v\u00e1laszoljon ezekre a k\u00e9rd\u00e9sekre.<\/p>\n<p>Ezt az ausztr\u00e1l lott\u00f3t minden kedden \u00e9s szombaton 19:30-kor (AEST) sorsolj\u00e1k, \u00edgy miut\u00e1n kiv\u00e1lasztotta a sz\u00e1mokat, h\u00e1trad\u0151lhet \u00e9s v\u00e1rhatja a sorsol\u00e1st. A sorsol\u00e1sokat Sydneyben bonyol\u00edtj\u00e1k le sz\u00e1m\u00edt\u00f3g\u00e9pes sz\u00e1mgener\u00e1torral.<\/p>\n<p>Az Oz Lotto egy meglehet\u0151sen kifizet\u0151d\u0151 j\u00e1t\u00e9k, amely h\u00e9t nyerem\u00e9nyoszt\u00e1llyal rendelkezik, ahol, ha az 1. oszt\u00e1lyt (a jackpotot) nem siker\u00fcl megnyerni, m\u00e1s nyerem\u00e9nyeket lehet nyerni, ha a j\u00e1t\u00e9kos \u00f6t vagy n\u00e9gy sz\u00e1mot tal\u00e1l el. Ezenk\u00edv\u00fcl t\u00edz, egyenk\u00e9nt 2 milli\u00f3 doll\u00e1ros nyerem\u00e9nyt osztanak ki, ha egyetlen j\u00e1t\u00e9kos sem tal\u00e1lja el mind a h\u00e9t kih\u00fazott sz\u00e1mot.<\/p>\n<p>A lott\u00f3sorsol\u00e1s eredm\u00e9nyeit a sorsol\u00e1s ut\u00e1n egy h\u00e9ttel a viktori\u00e1nus korm\u00e1ny honlapj\u00e1n is k\u00f6zz\u00e9teszik. A sorsol\u00e1s id\u0151pontja nem nyilv\u00e1nos, ez a r\u00e9sztvev\u0151k mag\u00e1n\u00e9let\u00e9nek v\u00e9delm\u00e9t szolg\u00e1lja.<\/p>\n<h2>Hogyan lehet megnyerni az ausztr\u00e1l Oz lott\u00f3t?<\/h2>\n<p>Ahhoz, hogy b\u00e1rmilyen nyerem\u00e9nyt megnyerjen az Oz Lotto j\u00e1t\u00e9kban, a k\u00f6vetkez\u0151ket kell tudnia:<\/p>\n<ol>\n<li>Az <a href=\"https:\/\/jackpotlotteryonline.com\/hu\/hogyan-kell-jatszani\/oz-lotto\">Oz Lotto j\u00e1t\u00e9khoz<\/a> a j\u00e1t\u00e9kosnak t\u00edz sz\u00e1mot kell kih\u00faznia a 47 sz\u00e1mb\u00f3l.<\/li>\n<li>Az els\u0151 h\u00e9t kih\u00fazott sz\u00e1mot tekintik a jackpotnyerem\u00e9nyt jelent\u0151 nyer\u0151sz\u00e1moknak.<\/li>\n<li>A fennmarad\u00f3 h\u00e1rom kih\u00fazott sz\u00e1m a kieg\u00e9sz\u00edt\u0151 sz\u00e1mok, amelyeket a t\u00f6bbi r\u00e9szleg nyerem\u00e9ny\u00e9nek meghat\u00e1roz\u00e1s\u00e1hoz haszn\u00e1lnak.<\/li>\n<li>Min\u00e9l t\u00f6bb egyez\u0151 sz\u00e1mot tal\u00e1l a j\u00e1t\u00e9kos, ann\u00e1l nagyobb a nyerem\u00e9ny.<\/li>\n<li>Az Oz Lotto j\u00e1t\u00e9kban val\u00f3 r\u00e9szv\u00e9tel az es\u00e9lyek j\u00e1t\u00e9ka; vagy nyerhet, vagy vesz\u00edthet.<\/li>\n<\/ol>\n<h2>Hogyan tudom ellen\u0151rizni, hogy nyertem-e egy adott sorsol\u00e1son?<\/h2>\n<p><img loading=\"lazy\" decoding=\"async\" class=\"alignright size-full wp-image-26159\" src=\"https:\/\/jackpotlotteryonline.com\/wp-content\/uploads\/2022\/11\/1_buy_lottery_online.jpg\" alt=\"oz lott\u00f3 sorsol\u00e1s eredm\u00e9nyei\" width=\"212\" height=\"142\" \/>Ha <a href=\"https:\/\/jackpotlotteryonline.com\/hu\/jegyet-vasarolni\/oz-lotto\">n\u00e1lunk v\u00e1s\u00e1rolt szelv\u00e9nyt<\/a>, k\u00e9rj\u00fck, ellen\u0151rizze a sorsol\u00e1s eredm\u00e9ny\u00e9t a weboldalunkon. A legegyszer\u0171bb m\u00f3dja annak, hogy megtudja, nyert-e, ha bejelentkezik a weboldalunkon l\u00e9v\u0151 j\u00e1t\u00e9kosfi\u00f3kj\u00e1ba. Ezut\u00e1n l\u00e9pjen a &#8220;szelv\u00e9nyeim&#8221; men\u00fcpontra, \u00e9s l\u00e1tni fogja a szelv\u00e9nye beolvas\u00e1s\u00e1t azokkal a sz\u00e1mokkal, amelyekkel j\u00e1tszott. A sorsol\u00e1s ut\u00e1n az \u00f6sszes egyez\u0151 sz\u00e1mjegyet kiemelj\u00fck.<\/p>\n<p>Egy m\u00e1sik m\u00f3dja annak, hogy megtudja, nyert-e, ha ellen\u0151rzi az e-mailj\u00e9t. K\u00f6zvetlen\u00fcl a sorsol\u00e1s ut\u00e1n kap egy e-mailt, amelyben \u00e9rtes\u00edtik err\u0151l. Haszn\u00e1lja az inform\u00e1ci\u00f3t, hogy megtudja, nyert-e az adott sorsol\u00e1son.<\/p>\n<p>Emellett ell\u00e1togathat az ausztr\u00e1l Oz Lotto hivatalos weboldal\u00e1ra is, ahol t\u00f6bbet megtudhat a kor\u00e1bbi eredm\u00e9nyekr\u0151l \u00e9s a lott\u00f3r\u00f3l sz\u00f3l\u00f3 \u00e1ltal\u00e1nos inform\u00e1ci\u00f3kr\u00f3l.<\/p>\n<h2>A nyer\u00e9si es\u00e9lyeim n\u00f6vel\u00e9s\u00e9nek m\u00f3djai<\/h2>\n<p>A jackpot megszerz\u00e9s\u00e9nek es\u00e9ly\u00e9t n\u00f6velheti, ha t\u00f6bb sorsol\u00e1son is r\u00e9szt vesz, ha egym\u00e1st k\u00f6vet\u0151 sorsol\u00e1sokra v\u00e1s\u00e1rol szelv\u00e9nyeket. Ez lehet\u0151v\u00e9 teszi, hogy n\u00e9h\u00e1ny h\u00e9ten kereszt\u00fcl ugyanazt a v\u00e1laszt\u00e1st j\u00e1tsszuk. Nos, az ilyen m\u00f3don val\u00f3 j\u00e1t\u00e9k megn\u00f6veli a rendel\u00e9sek k\u00f6lts\u00e9geit, de lehet\u0151v\u00e9 teszi, hogy t\u00f6bb sorsol\u00e1son j\u00e1tsszon.<\/p>\n<section class=\"layout\" style=\"border: solid 1px; width: 100%;\">\n<div class=\"img-div\" style=\"margin-top: 5px;\"><img decoding=\"async\" class=\"wp-image-17212 alignleft\" style=\"height: 45px; margin: 8px 8px 0px;\" src=\"https:\/\/jackpotlotteryonline.com\/wp-content\/uploads\/2022\/11\/read1.jpg\" alt=\"olvasd el\" width=\"\" height=\"\" \/><\/div>\n<div style=\"padding-left: 5px;\">\n<div style=\"font-size: 1.1em;\">\n<p><strong>A nyertes lott\u00f3sz\u00e1mok k\u00e9zzel vagy egy RNG seg\u00edts\u00e9g\u00e9vel t\u00f6rt\u00e9n\u0151 kiv\u00e1laszt\u00e1sa<\/strong><\/p>\n<p style=\"font-size: 0.85em; margin-top: -1.5em;\">Hogyan lehet lott\u00f3nyer\u0151 sz\u00e1mokat gener\u00e1lni?\u00a0 <a href=\"https:\/\/jackpotlotteryonline.com\/hu\/hogyan-kell-generalni-nyero-lotto-szamok\"> tov\u00e1bb<\/a><\/p>\n<\/div>\n<\/div>\n<\/section>\n<h2>Hogyan kaphatom meg a nyerem\u00e9nyemet?<\/h2>\n<p>B\u00e1rmely nyerem\u00e9ny megnyer\u00e9se eset\u00e9n vegye figyelembe a k\u00f6vetkez\u0151ket:<\/p>\n<ul>\n<li>A 2500 eur\u00f3 alatti nyerem\u00e9nyeket automatikusan \u00e1tutaljuk a j\u00e1t\u00e9kos sz\u00e1ml\u00e1j\u00e1ra. A nyerem\u00e9nyb\u0151l kiveheti a p\u00e9nzt, vagy tov\u00e1bbi szelv\u00e9nyeket v\u00e1s\u00e1rolhat.<\/li>\n<li>A 2500 \u20ac-n\u00e1l magasabb nyerem\u00e9nyek eset\u00e9ben a nyerem\u00e9nyt k\u00f6zvetlen\u00fcl a lott\u00f3bizotts\u00e1g fizeti ki, \u00e9s azt banki \u00e1tutal\u00e1ssal vagy csekken veheti \u00e1t.<\/li>\n<\/ul>\n<p>\u00dcgyeljen arra, hogy ne maradjon le a sorsol\u00e1sokr\u00f3l. Annak \u00e9rdek\u00e9ben, hogy biztosan ne maradjon le semmilyen inform\u00e1ci\u00f3r\u00f3l, a j\u00e1t\u00e9kosoknak azt tan\u00e1csoljuk, hogy a jackpotlotteryonline.com-ot mint megb\u00edzhat\u00f3 e-mail szolg\u00e1ltat\u00f3t vegy\u00e9k fel a feh\u00e9r list\u00e1ra.<\/p>\n<p><strong>A dolgok lez\u00e1r\u00e1sak\u00e9nt&#8230;<\/strong><\/p>\n<p>Az Oz Lotto 1994 \u00f3ta az egyik legn\u00e9pszer\u0171bb lott\u00f3j\u00e1t\u00e9k Ausztr\u00e1li\u00e1ban. Sokan v\u00e1ltak milliomoss\u00e1 egyik napr\u00f3l a m\u00e1sikra ennek k\u00f6sz\u00f6nhet\u0151en. Akkor mi az, ami miatt nem j\u00e1tszol? Vegyen r\u00e9szt ezen az ausztr\u00e1l lott\u00f3n, \u00e9s legyen es\u00e9lye megnyerni a sok nyerem\u00e9ny egyik\u00e9t, ha nem is a jackpotot.<\/p>\n<p><strong>Regisztr\u00e1ljon m\u00e9g ma, hogy nyerjen!<\/strong><\/p>\n","protected":false},"excerpt":{"rendered":"<p>Oz Lotto sorsol\u00e1s eredm\u00e9nyei Inform\u00e1ci\u00f3 K\u00edv\u00e1ncsi vagy az Oz Lotto sorsol\u00e1s eredm\u00e9nyeire, vagy arra, hogy mi t\u00f6rt\u00e9nik, miut\u00e1n valaki nyert? Nos, ez a cikk eligaz\u00edtja \u00d6nt abban, hogy hogyan v\u00e1laszoljon ezekre a k\u00e9rd\u00e9sekre. Ezt az ausztr\u00e1l lott\u00f3t minden kedden \u00e9s szombaton 19:30-kor (AEST) sorsolj\u00e1k, \u00edgy miut\u00e1n kiv\u00e1lasztotta a sz\u00e1mokat, h\u00e1trad\u0151lhet \u00e9s v\u00e1rhatja a sorsol\u00e1st. A [&hellip;]<\/p>\n","protected":false},"author":1,"featured_media":0,"parent":35832,"menu_order":16,"comment_status":"closed","ping_status":"closed","template":"","meta":{"_et_pb_use_builder":"","_et_pb_old_content":"","_et_gb_content_width":"","exclude_from_search":false,"footnotes":""},"class_list":["post-41418","page","type-page","status-publish","hentry"],"yoast_head":"<!-- This site is optimized with the Yoast SEO plugin v23.3 - https:\/\/yoast.com\/wordpress\/plugins\/seo\/ -->\n<title>Oz Lotto nyer\u0151sz\u00e1mok \u00e9s sorsol\u00e1s eredm\u00e9nye<\/title>\n<meta name=\"description\" content=\"N\u00e9zze meg az ausztr\u00e1l Oz Lotto nyer\u0151sz\u00e1mait \u00e9s kor\u00e1bbi eredm\u00e9nyeit a sorsol\u00e1s eredm\u00e9nyei oldalon. Gy\u0151z\u0151dj\u00f6n meg r\u00f3la, hogy nem marad le!\" \/>\n<meta name=\"robots\" content=\"index, follow, max-snippet:-1, max-image-preview:large, max-video-preview:-1\" \/>\n<link rel=\"canonical\" href=\"https:\/\/jackpotlotteryonline.com\/hu\/nyeroszamok\/oz-lotto\/\" \/>\n<meta property=\"og:locale\" content=\"hu_HU\" \/>\n<meta property=\"og:type\" content=\"article\" \/>\n<meta property=\"og:title\" content=\"Oz Lotto nyer\u0151sz\u00e1mok \u00e9s sorsol\u00e1s eredm\u00e9nye\" \/>\n<meta property=\"og:description\" content=\"N\u00e9zze meg az ausztr\u00e1l Oz Lotto nyer\u0151sz\u00e1mait \u00e9s kor\u00e1bbi eredm\u00e9nyeit a sorsol\u00e1s eredm\u00e9nyei oldalon. Gy\u0151z\u0151dj\u00f6n meg r\u00f3la, hogy nem marad le!\" \/>\n<meta property=\"og:url\" content=\"https:\/\/jackpotlotteryonline.com\/hu\/nyeroszamok\/oz-lotto\/\" \/>\n<meta property=\"og:site_name\" content=\"Lotto Online - Crack The International Lottery Jackpots\" \/>\n<meta property=\"article:modified_time\" content=\"2022-12-30T11:56:39+00:00\" \/>\n<meta property=\"og:image\" content=\"https:\/\/jackpotlotteryonline.com\/wp-content\/uploads\/2022\/11\/1_euromillions_results.jpg\" \/>\n<meta name=\"twitter:card\" content=\"summary_large_image\" \/>\n<meta name=\"twitter:label1\" content=\"Becs\u00fclt olvas\u00e1si id\u0151\" \/>\n\t<meta name=\"twitter:data1\" content=\"3 perc\" \/>\n<!-- \/ Yoast SEO plugin. -->","yoast_head_json":{"title":"Oz Lotto nyer\u0151sz\u00e1mok \u00e9s sorsol\u00e1s eredm\u00e9nye","description":"N\u00e9zze meg az ausztr\u00e1l Oz Lotto nyer\u0151sz\u00e1mait \u00e9s kor\u00e1bbi eredm\u00e9nyeit a sorsol\u00e1s eredm\u00e9nyei oldalon. Gy\u0151z\u0151dj\u00f6n meg r\u00f3la, hogy nem marad le!","robots":{"index":"index","follow":"follow","max-snippet":"max-snippet:-1","max-image-preview":"max-image-preview:large","max-video-preview":"max-video-preview:-1"},"canonical":"https:\/\/jackpotlotteryonline.com\/hu\/nyeroszamok\/oz-lotto\/","og_locale":"hu_HU","og_type":"article","og_title":"Oz Lotto nyer\u0151sz\u00e1mok \u00e9s sorsol\u00e1s eredm\u00e9nye","og_description":"N\u00e9zze meg az ausztr\u00e1l Oz Lotto nyer\u0151sz\u00e1mait \u00e9s kor\u00e1bbi eredm\u00e9nyeit a sorsol\u00e1s eredm\u00e9nyei oldalon. Gy\u0151z\u0151dj\u00f6n meg r\u00f3la, hogy nem marad le!","og_url":"https:\/\/jackpotlotteryonline.com\/hu\/nyeroszamok\/oz-lotto\/","og_site_name":"Lotto Online - Crack The International Lottery Jackpots","article_modified_time":"2022-12-30T11:56:39+00:00","og_image":[{"url":"https:\/\/jackpotlotteryonline.com\/wp-content\/uploads\/2022\/11\/1_euromillions_results.jpg"}],"twitter_card":"summary_large_image","twitter_misc":{"Becs\u00fclt olvas\u00e1si id\u0151":"3 perc"},"schema":{"@context":"https:\/\/schema.org","@graph":[{"@type":"WebPage","@id":"https:\/\/jackpotlotteryonline.com\/hu\/nyeroszamok\/oz-lotto\/","url":"https:\/\/jackpotlotteryonline.com\/hu\/nyeroszamok\/oz-lotto\/","name":"Oz Lotto nyer\u0151sz\u00e1mok \u00e9s sorsol\u00e1s eredm\u00e9nye","isPartOf":{"@id":"https:\/\/jackpotlotteryonline.com\/#website"},"primaryImageOfPage":{"@id":"https:\/\/jackpotlotteryonline.com\/hu\/nyeroszamok\/oz-lotto\/#primaryimage"},"image":{"@id":"https:\/\/jackpotlotteryonline.com\/hu\/nyeroszamok\/oz-lotto\/#primaryimage"},"thumbnailUrl":"https:\/\/jackpotlotteryonline.com\/wp-content\/uploads\/2022\/11\/1_euromillions_results.jpg","datePublished":"2022-12-09T10:07:06+00:00","dateModified":"2022-12-30T11:56:39+00:00","description":"N\u00e9zze meg az ausztr\u00e1l Oz Lotto nyer\u0151sz\u00e1mait \u00e9s kor\u00e1bbi eredm\u00e9nyeit a sorsol\u00e1s eredm\u00e9nyei oldalon. Gy\u0151z\u0151dj\u00f6n meg r\u00f3la, hogy nem marad le!","breadcrumb":{"@id":"https:\/\/jackpotlotteryonline.com\/hu\/nyeroszamok\/oz-lotto\/#breadcrumb"},"inLanguage":"hu","potentialAction":[{"@type":"ReadAction","target":["https:\/\/jackpotlotteryonline.com\/hu\/nyeroszamok\/oz-lotto\/"]}]},{"@type":"ImageObject","inLanguage":"hu","@id":"https:\/\/jackpotlotteryonline.com\/hu\/nyeroszamok\/oz-lotto\/#primaryimage","url":"https:\/\/jackpotlotteryonline.com\/wp-content\/uploads\/2022\/11\/1_euromillions_results.jpg","contentUrl":"https:\/\/jackpotlotteryonline.com\/wp-content\/uploads\/2022\/11\/1_euromillions_results.jpg"},{"@type":"BreadcrumbList","@id":"https:\/\/jackpotlotteryonline.com\/hu\/nyeroszamok\/oz-lotto\/#breadcrumb","itemListElement":[{"@type":"ListItem","position":1,"name":"Home","item":"https:\/\/jackpotlotteryonline.com\/hu\/"},{"@type":"ListItem","position":2,"name":"Lott\u00f3 eredm\u00e9nyek","item":"https:\/\/jackpotlotteryonline.com\/hu\/nyeroszamok\/"},{"@type":"ListItem","position":3,"name":"Oz Lotto sorsol\u00e1s eredm\u00e9nyei"}]},{"@type":"WebSite","@id":"https:\/\/jackpotlotteryonline.com\/#website","url":"https:\/\/jackpotlotteryonline.com\/","name":"Lotto Online - Crack The International Lottery Jackpots","description":"","potentialAction":[{"@type":"SearchAction","target":{"@type":"EntryPoint","urlTemplate":"https:\/\/jackpotlotteryonline.com\/?s={search_term_string}"},"query-input":"required name=search_term_string"}],"inLanguage":"hu"}]}},"_links":{"self":[{"href":"https:\/\/jackpotlotteryonline.com\/hu\/wp-json\/wp\/v2\/pages\/41418","targetHints":{"allow":["GET"]}}],"collection":[{"href":"https:\/\/jackpotlotteryonline.com\/hu\/wp-json\/wp\/v2\/pages"}],"about":[{"href":"https:\/\/jackpotlotteryonline.com\/hu\/wp-json\/wp\/v2\/types\/page"}],"author":[{"embeddable":true,"href":"https:\/\/jackpotlotteryonline.com\/hu\/wp-json\/wp\/v2\/users\/1"}],"replies":[{"embeddable":true,"href":"https:\/\/jackpotlotteryonline.com\/hu\/wp-json\/wp\/v2\/comments?post=41418"}],"version-history":[{"count":0,"href":"https:\/\/jackpotlotteryonline.com\/hu\/wp-json\/wp\/v2\/pages\/41418\/revisions"}],"up":[{"embeddable":true,"href":"https:\/\/jackpotlotteryonline.com\/hu\/wp-json\/wp\/v2\/pages\/35832"}],"wp:attachment":[{"href":"https:\/\/jackpotlotteryonline.com\/hu\/wp-json\/wp\/v2\/media?parent=41418"}],"curies":[{"name":"wp","href":"https:\/\/api.w.org\/{rel}","templated":true}]}}