{"id":41470,"date":"2022-12-09T12:22:30","date_gmt":"2022-12-09T12:22:30","guid":{"rendered":"https:\/\/jackpotlotteryonline.com\/?page_id=41470"},"modified":"2022-12-30T13:36:10","modified_gmt":"2022-12-30T13:36:10","slug":"powerball-australia","status":"publish","type":"page","link":"https:\/\/jackpotlotteryonline.com\/hu\/nyeroszamok\/powerball-australia\/","title":{"rendered":"Powerball Ausztr\u00e1lia sorsol\u00e1s eredm\u00e9nyei"},"content":{"rendered":"<p><a href=\"https:\/\/jackpotlotteryonline.com\/hu\/hogyan-kell-jatszani\/powerball-australia\">Az ausztr\u00e1l Powerball j\u00e1t\u00e9k<\/a> egyszer\u0171, ha online v\u00e1s\u00e1rolja meg szelv\u00e9nyeit. \u00cdgy a vil\u00e1g b\u00e1rmely pontj\u00e1r\u00f3l hozz\u00e1f\u00e9rhet a Powerballhoz. A szelv\u00e9nyv\u00e1s\u00e1rl\u00e1s azonban csak egy r\u00e9sze a Powerball j\u00e1t\u00e9knak. A sorsol\u00e1s eredm\u00e9nyeit is meg kell n\u00e9znie, hogy megtudja a nyer\u0151sz\u00e1mokat. \u00cdgy megtudhatja, hogy megnyerte-e a lott\u00f3t vagy sem. Itt tippeket \u00e9s inform\u00e1ci\u00f3kat adunk arr\u00f3l, hogyan ellen\u0151rizheti a sorsol\u00e1s eredm\u00e9nyeit, \u00e9s hogyan juthat hozz\u00e1 nyerem\u00e9ny\u00e9hez.<\/p>\n<h2>Hogyan ellen\u0151rizheti a Powerball Ausztr\u00e1lia nyer\u0151sz\u00e1mokat<\/h2>\n<p>A Powerball j\u00e1t\u00e9khoz 7 sz\u00e1mot kell kiv\u00e1lasztania az 1-t\u0151l 35-ig terjed\u0151 tartom\u00e1nyb\u00f3l, valamint egy 1-t\u0151l 20-ig terjed\u0151 Powerball-sz\u00e1mot. A sorsol\u00e1sok sor\u00e1n 8 sz\u00e1mot v\u00e9letlenszer\u0171en h\u00faznak ki. Aki a kisorsolt sz\u00e1mokkal egyezik, az\u00e9 a nyertes Powerball szelv\u00e9ny.<\/p>\n<p>El\u0151fordulhat, hogy nem tudja \u00e9l\u0151ben n\u00e9zni a Powerball sorsol\u00e1sokat a telev\u00edzi\u00f3ban. De megn\u00e9zheti az online h\u00edroldalakon a Powerball nyer\u0151sz\u00e1mait. Ezek az oldalak azonban t\u00f6bbnyire csak a jackpotot megnyer\u0151 kombin\u00e1ci\u00f3t teszik k\u00f6zz\u00e9. A Powerballnak pedig t\u00f6bb m\u00e1s nyerem\u00e9nyszintje is van.<\/p>\n<p>Teh\u00e1t, ha szeretn\u00e9 megtudni a Powerball nyer\u0151sz\u00e1mait az \u00f6sszes nyerem\u00e9nyszintre vonatkoz\u00f3an, akkor minden sorsol\u00e1s ut\u00e1n visszan\u00e9zhet ide. A Powerball nyer\u0151sz\u00e1mait oldalunkon tessz\u00fck k\u00f6zz\u00e9. Tov\u00e1bb\u00e1, ha t\u0151l\u00fcnk v\u00e1s\u00e1rolta Powerball szelv\u00e9ny\u00e9t, figyelmeztetni fogjuk, ha valamelyik nyer\u0151sz\u00e1mot megkapta. K\u00fcld\u00fcnk \u00d6nnek egy e-mailt, \u00e9s \u00e9rtes\u00edt\u00e9st tesz\u00fcnk a sz\u00e1ml\u00e1j\u00e1ra. \u00cdgy nem kell att\u00f3l tartania, hogy lemarad a nyerem\u00e9ny\u00e9r\u0151l.<\/p>\n<h2>Mekkora az es\u00e9lye a Powerball-nyerem\u00e9nynek?<\/h2>\n<p><img loading=\"lazy\" decoding=\"async\" class=\"alignright size-full wp-image-31181\" src=\"http:\/\/jackpotlotteryonline.com\/wp-content\/uploads\/2022\/11\/logo_powerball-300x50-1.jpg\" alt=\"nyerem\u00e9ny Powerball\" width=\"300\" height=\"50\" \/>A lott\u00f3 megnyer\u00e9se nem egyszer\u0171 dolog. A legt\u00f6bb ember azt mondan\u00e1, hogy az es\u00e9lyek hihetetlen\u00fcl magasak. M\u00e9gis hallunk olyan emberekr\u0151l, akik \u00e9leteket megv\u00e1ltoztat\u00f3 \u00f6sszegeket nyertek. K\u00fcl\u00f6n\u00f6sen a Powerball Ausztr\u00e1lia rendelkezik a lott\u00f3nyertesek hossz\u00fa list\u00e1j\u00e1val, \u00e9s ez val\u00f3sz\u00edn\u0171leg az es\u00e9lyeknek k\u00f6sz\u00f6nhet\u0151.<\/p>\n<p>A Powerball lott\u00f3 nyer\u00e9si es\u00e9lye 1:70 milli\u00f3hoz. Ez azt jelenti, hogy sz\u00f3 szerint b\u00e1rki megnyerheti a Powerball lott\u00f3t.<\/p>\n<p>Emellett a Powerball \u00f6sszesen 9 nyerem\u00e9nykateg\u00f3ri\u00e1val rendelkezik, ami tov\u00e1bb n\u00f6veli a lott\u00f3nyerem\u00e9ny es\u00e9ly\u00e9t.<\/p>\n<h2>Powerball nyerem\u00e9nyek<\/h2>\n<p>A Powerball jackpotja \u00e1ltal\u00e1ban \u00e1tlagosan 8 milli\u00f3 ausztr\u00e1l doll\u00e1r. De sz\u00e1mos m\u00e1s nyerem\u00e9nyt is lehet nyerni, ha megvan a Powerball Australia nyer\u0151sz\u00e1ma.<\/p>\n<p>\u00cdme a nyerem\u00e9nykateg\u00f3ri\u00e1k \u00e9s a kifizet\u00e9s egy Powerball-sorsol\u00e1son. Ne feledje, hogy a kifizet\u00e9s nem minden sorsol\u00e1son lesz azonos, mivel a nyerem\u00e9nyek a lott\u00f3alapokt\u00f3l f\u00fcggnek. De ez csak az\u00e9rt van, hogy k\u00e9pet adjon arr\u00f3l, hogy mire sz\u00e1m\u00edthat, ha megkapja a Powerball nyer\u0151sz\u00e1mokat.<\/p>\n<p>1. r\u00e9szleg: 7-es tal\u00e1lat + Powerball &#8211; $8,000,000.00 (jackpot)<\/p>\n<p>2. r\u00e9szleg: csak a 7-es tal\u00e1lat &#8211; 95,726.15 $<\/p>\n<p>3. k\u00f6rzet: 6-os tal\u00e1lat + a Powerball &#8211; 5.661,20 USD<\/p>\n<p>4. k\u00f6rzet: csak a 6-os m\u00e9rk\u0151z\u00e9s &#8211; 501,70 doll\u00e1r<\/p>\n<p>5. k\u00f6rzet: 5. m\u00e9rk\u0151z\u00e9s + a Powerball &#8211; 166,75 $<\/p>\n<p>6. k\u00f6rzet: csak az 5. m\u00e9rk\u0151z\u00e9s &#8211; 73,10 $<\/p>\n<p>7. k\u00f6rzet: 4. m\u00e9rk\u0151z\u00e9s + Powerball &#8211; 41,60 $<\/p>\n<p>8. k\u00f6rzet: 3. m\u00e9rk\u0151z\u00e9s + a Powerball &#8211; 18,05 $<\/p>\n<p>9. k\u00f6rzet: 2. m\u00e9rk\u0151z\u00e9s + a Powerball &#8211; $10.95<\/p>\n<h2>Mi a teend\u0151, ha megvan a nyer\u0151sz\u00e1m<\/h2>\n<p>Ha ellen\u0151rizte a sorsol\u00e1s eredm\u00e9ny\u00e9t, \u00e9s \u00fagy l\u00e1tja, hogy \u00d6nn\u00e9l vannak a Powerball nyer\u0151sz\u00e1mai, a k\u00f6vetkez\u0151 l\u00e9p\u00e9s az, hogy hogyan juthat hozz\u00e1 a nyerem\u00e9ny\u00e9hez. Tekintettel arra, hogy a Powerballt \u00d3zdon k\u00edv\u00fcl j\u00e1tszod, val\u00f3sz\u00edn\u0171leg keresel egy k\u00e9nyelmes m\u00f3dot a k\u00e9szp\u00e9nzfelv\u00e9telre.<\/p>\n<p>Ha t\u0151l\u00fcnk <a href=\"https:\/\/jackpotlotteryonline.com\/hu\/jegyet-vasarolni\/powerball-australia\">v\u00e1s\u00e1rolja meg Powerball szelv\u00e9ny\u00e9t<\/a>, akkor b\u00e1rhonnan hozz\u00e1f\u00e9rhet nyerem\u00e9ny\u00e9hez. Bizonyos \u00f6sszeg alatti nyerem\u00e9nyek eset\u00e9n csak annyit kell tennie, hogy kiveszi a nyerem\u00e9ny\u00e9t a platformunkon. Egyenesen a banksz\u00e1ml\u00e1j\u00e1ra veheti ki.<\/p>\n<p>Ha a nyerem\u00e9nye magasabb, mint a megadott \u00f6sszeg, egy ig\u00e9nyl\u0151lapot biztos\u00edtunk, amelyet kit\u00f6lthet. \u00cdgy z\u00e9r\u00f3 gond n\u00e9lk\u00fcl ig\u00e9nyelheti nyerem\u00e9ny\u00e9t k\u00f6zvetlen\u00fcl a Powerball lott\u00f3t\u00e1rsas\u00e1gt\u00f3l.<\/p>\n<section class=\"layout\" style=\"border: solid 1px; width: 100%;\">\n<div class=\"img-div\" style=\"margin-top: 5px;\"><img decoding=\"async\" class=\"wp-image-17212 alignleft\" style=\"height: 45px; margin: 8px 8px 0px;\" src=\"http:\/\/jackpotlotteryonline.com\/wp-content\/uploads\/2022\/11\/read1.jpg\" alt=\"olvasd el\" width=\"\" height=\"\" \/><\/div>\n<div style=\"padding-left: 5px;\">\n<div style=\"font-size: 1.1em;\">\n<p><strong>Milyen aut\u00f3t venn\u00e9l, ha megnyern\u00e9d a lott\u00f3t?<\/strong><\/p>\n<p style=\"font-size: 0.85em; margin-top: -1.5em;\">Nyerj a lott\u00f3n \u00e9s szerezz egy \u00faj aut\u00f3t\u00a0 <a href=\"https:\/\/jackpotlotteryonline.com\/hu\/milyen-autot-vennel-ha-megnyerned-a-lottot\">tov\u00e1bb<\/a><\/p>\n<\/div>\n<\/div>\n<\/section>\n<h2>A Jackpotlotteryonline.com Powerball j\u00e1t\u00e9k el\u0151nyei<\/h2>\n<ul>\n<li>Gyors \u00e9s azonnali hozz\u00e1f\u00e9r\u00e9st kap a lott\u00f3hoz. Nem kell Ausztr\u00e1li\u00e1ban \u00e9lnie ahhoz, hogy Powerballt j\u00e1tszhasson<\/li>\n<li>Szuper k\u00e9nyelmes, mivel nem kell elhagynia az otthona k\u00e9nyelm\u00e9t. Ellen\u0151rizze a nyer\u0151sz\u00e1mokat a sz\u00e1m\u00edt\u00f3g\u00e9p\u00e9r\u0151l vagy mobileszk\u00f6z\u00e9r\u0151l.<\/li>\n<li>Biztons\u00e1gosabb is, mivel a szelv\u00e9ny\u00e9t digit\u00e1lisan t\u00e1rolj\u00e1k. Ez az\u00e9rt fontos, mert csak \u00edgy ig\u00e9nyelheti a nyerem\u00e9ny\u00e9t.<\/li>\n<li>Nem kell lemaradnia a nyerem\u00e9ny\u00e9r\u0151l, mert azonnal \u00e9rtes\u00edtj\u00fck, ha b\u00e1rmilyen nyerem\u00e9nyt megnyert<\/li>\n<li>B\u00e1rmilyen nyerem\u00e9nyt k\u00f6nnyed\u00e9n kivehet online an\u00e9lk\u00fcl, hogy b\u00e1rhov\u00e1 is kellene mennie<\/li>\n<\/ul>\n<h2>Ellen\u0151rizze vel\u00fcnk a nyer\u0151sz\u00e1mokat<\/h2>\n<p>Id\u0151vel rengeteg er\u0151forr\u00e1st \u00e9s er\u0151fesz\u00edt\u00e9st ford\u00edtottunk arra, hogy j\u00e1t\u00e9kosainknak a legjobb \u00e9lm\u00e9nyt ny\u00fajtsuk. Nemcsak megk\u00f6nny\u00edtj\u00fck \u00d6nnek a legjobb nemzetk\u00f6zi lott\u00f3j\u00e1t\u00e9kok szelv\u00e9nyeinek megv\u00e1s\u00e1rl\u00e1s\u00e1t, hanem t\u00f6bb l\u00e9p\u00e9ssel tov\u00e1bb is megy\u00fcnk. Ezt \u00fagy tessz\u00fck, hogy naprak\u00e9sz sorsol\u00e1si eredm\u00e9nyeket biztos\u00edtunk, \u00edgy k\u00f6nnyed\u00e9n ellen\u0151rizheti a nyertes sz\u00e1mokat.<\/p>\n<p>V\u00e9g\u00fcl pedig nem kell agg\u00f3dnia amiatt, hogyan f\u00e9rhet hozz\u00e1 nyerem\u00e9nyeihez, ha megnyerte a nyerem\u00e9nyt. Mindenre gondoltunk, hogy \u00d6n arra koncentr\u00e1lhasson, ami sz\u00e1m\u00edt. Regisztr\u00e1ljon n\u00e1lunk m\u00e9g ma.<\/p>\n","protected":false},"excerpt":{"rendered":"<p>Az ausztr\u00e1l Powerball j\u00e1t\u00e9k egyszer\u0171, ha online v\u00e1s\u00e1rolja meg szelv\u00e9nyeit. \u00cdgy a vil\u00e1g b\u00e1rmely pontj\u00e1r\u00f3l hozz\u00e1f\u00e9rhet a Powerballhoz. A szelv\u00e9nyv\u00e1s\u00e1rl\u00e1s azonban csak egy r\u00e9sze a Powerball j\u00e1t\u00e9knak. A sorsol\u00e1s eredm\u00e9nyeit is meg kell n\u00e9znie, hogy megtudja a nyer\u0151sz\u00e1mokat. \u00cdgy megtudhatja, hogy megnyerte-e a lott\u00f3t vagy sem. Itt tippeket \u00e9s inform\u00e1ci\u00f3kat adunk arr\u00f3l, hogyan ellen\u0151rizheti a [&hellip;]<\/p>\n","protected":false},"author":1,"featured_media":0,"parent":35832,"menu_order":17,"comment_status":"closed","ping_status":"closed","template":"powerball-au-results.php","meta":{"_et_pb_use_builder":"","_et_pb_old_content":"","_et_gb_content_width":"","exclude_from_search":false,"footnotes":""},"class_list":["post-41470","page","type-page","status-publish","hentry"],"yoast_head":"<!-- This site is optimized with the Yoast SEO plugin v23.3 - https:\/\/yoast.com\/wordpress\/plugins\/seo\/ -->\n<title>Powerball Ausztr\u00e1lia nyer\u0151sz\u00e1mok \u00e9s sorsol\u00e1si eredm\u00e9nyek<\/title>\n<meta name=\"description\" content=\"Keresi a Powerball Ausztr\u00e1lia nyer\u0151sz\u00e1mait? Ezen az oldalon megtal\u00e1lod az ausztr\u00e1l lott\u00f3 sorsol\u00e1si eredm\u00e9nyeit.\" \/>\n<meta name=\"robots\" content=\"index, follow, max-snippet:-1, max-image-preview:large, max-video-preview:-1\" \/>\n<link rel=\"canonical\" href=\"https:\/\/jackpotlotteryonline.com\/hu\/nyeroszamok\/powerball-australia\/\" \/>\n<meta property=\"og:locale\" content=\"hu_HU\" \/>\n<meta property=\"og:type\" content=\"article\" \/>\n<meta property=\"og:title\" content=\"Powerball Ausztr\u00e1lia nyer\u0151sz\u00e1mok \u00e9s sorsol\u00e1si eredm\u00e9nyek\" \/>\n<meta property=\"og:description\" content=\"Keresi a Powerball Ausztr\u00e1lia nyer\u0151sz\u00e1mait? Ezen az oldalon megtal\u00e1lod az ausztr\u00e1l lott\u00f3 sorsol\u00e1si eredm\u00e9nyeit.\" \/>\n<meta property=\"og:url\" content=\"https:\/\/jackpotlotteryonline.com\/hu\/nyeroszamok\/powerball-australia\/\" \/>\n<meta property=\"og:site_name\" content=\"Lotto Online - Crack The International Lottery Jackpots\" \/>\n<meta property=\"article:modified_time\" content=\"2022-12-30T13:36:10+00:00\" \/>\n<meta property=\"og:image\" content=\"http:\/\/jackpotlotteryonline.com\/wp-content\/uploads\/2022\/11\/logo_powerball-300x50-1.jpg\" \/>\n<meta name=\"twitter:card\" content=\"summary_large_image\" \/>\n<meta name=\"twitter:label1\" content=\"Becs\u00fclt olvas\u00e1si id\u0151\" \/>\n\t<meta name=\"twitter:data1\" content=\"4 perc\" \/>\n<!-- \/ Yoast SEO plugin. -->","yoast_head_json":{"title":"Powerball Ausztr\u00e1lia nyer\u0151sz\u00e1mok \u00e9s sorsol\u00e1si eredm\u00e9nyek","description":"Keresi a Powerball Ausztr\u00e1lia nyer\u0151sz\u00e1mait? Ezen az oldalon megtal\u00e1lod az ausztr\u00e1l lott\u00f3 sorsol\u00e1si eredm\u00e9nyeit.","robots":{"index":"index","follow":"follow","max-snippet":"max-snippet:-1","max-image-preview":"max-image-preview:large","max-video-preview":"max-video-preview:-1"},"canonical":"https:\/\/jackpotlotteryonline.com\/hu\/nyeroszamok\/powerball-australia\/","og_locale":"hu_HU","og_type":"article","og_title":"Powerball Ausztr\u00e1lia nyer\u0151sz\u00e1mok \u00e9s sorsol\u00e1si eredm\u00e9nyek","og_description":"Keresi a Powerball Ausztr\u00e1lia nyer\u0151sz\u00e1mait? Ezen az oldalon megtal\u00e1lod az ausztr\u00e1l lott\u00f3 sorsol\u00e1si eredm\u00e9nyeit.","og_url":"https:\/\/jackpotlotteryonline.com\/hu\/nyeroszamok\/powerball-australia\/","og_site_name":"Lotto Online - Crack The International Lottery Jackpots","article_modified_time":"2022-12-30T13:36:10+00:00","og_image":[{"url":"http:\/\/jackpotlotteryonline.com\/wp-content\/uploads\/2022\/11\/logo_powerball-300x50-1.jpg"}],"twitter_card":"summary_large_image","twitter_misc":{"Becs\u00fclt olvas\u00e1si id\u0151":"4 perc"},"schema":{"@context":"https:\/\/schema.org","@graph":[{"@type":"WebPage","@id":"https:\/\/jackpotlotteryonline.com\/hu\/nyeroszamok\/powerball-australia\/","url":"https:\/\/jackpotlotteryonline.com\/hu\/nyeroszamok\/powerball-australia\/","name":"Powerball Ausztr\u00e1lia nyer\u0151sz\u00e1mok \u00e9s sorsol\u00e1si eredm\u00e9nyek","isPartOf":{"@id":"https:\/\/jackpotlotteryonline.com\/#website"},"primaryImageOfPage":{"@id":"https:\/\/jackpotlotteryonline.com\/hu\/nyeroszamok\/powerball-australia\/#primaryimage"},"image":{"@id":"https:\/\/jackpotlotteryonline.com\/hu\/nyeroszamok\/powerball-australia\/#primaryimage"},"thumbnailUrl":"http:\/\/jackpotlotteryonline.com\/wp-content\/uploads\/2022\/11\/logo_powerball-300x50-1.jpg","datePublished":"2022-12-09T12:22:30+00:00","dateModified":"2022-12-30T13:36:10+00:00","description":"Keresi a Powerball Ausztr\u00e1lia nyer\u0151sz\u00e1mait? Ezen az oldalon megtal\u00e1lod az ausztr\u00e1l lott\u00f3 sorsol\u00e1si eredm\u00e9nyeit.","breadcrumb":{"@id":"https:\/\/jackpotlotteryonline.com\/hu\/nyeroszamok\/powerball-australia\/#breadcrumb"},"inLanguage":"hu","potentialAction":[{"@type":"ReadAction","target":["https:\/\/jackpotlotteryonline.com\/hu\/nyeroszamok\/powerball-australia\/"]}]},{"@type":"ImageObject","inLanguage":"hu","@id":"https:\/\/jackpotlotteryonline.com\/hu\/nyeroszamok\/powerball-australia\/#primaryimage","url":"http:\/\/jackpotlotteryonline.com\/wp-content\/uploads\/2022\/11\/logo_powerball-300x50-1.jpg","contentUrl":"http:\/\/jackpotlotteryonline.com\/wp-content\/uploads\/2022\/11\/logo_powerball-300x50-1.jpg"},{"@type":"BreadcrumbList","@id":"https:\/\/jackpotlotteryonline.com\/hu\/nyeroszamok\/powerball-australia\/#breadcrumb","itemListElement":[{"@type":"ListItem","position":1,"name":"Home","item":"https:\/\/jackpotlotteryonline.com\/hu\/"},{"@type":"ListItem","position":2,"name":"Lott\u00f3 eredm\u00e9nyek","item":"https:\/\/jackpotlotteryonline.com\/hu\/nyeroszamok\/"},{"@type":"ListItem","position":3,"name":"Powerball Ausztr\u00e1lia sorsol\u00e1s eredm\u00e9nyei"}]},{"@type":"WebSite","@id":"https:\/\/jackpotlotteryonline.com\/#website","url":"https:\/\/jackpotlotteryonline.com\/","name":"Lotto Online - Crack The International Lottery Jackpots","description":"","potentialAction":[{"@type":"SearchAction","target":{"@type":"EntryPoint","urlTemplate":"https:\/\/jackpotlotteryonline.com\/?s={search_term_string}"},"query-input":"required name=search_term_string"}],"inLanguage":"hu"}]}},"_links":{"self":[{"href":"https:\/\/jackpotlotteryonline.com\/hu\/wp-json\/wp\/v2\/pages\/41470","targetHints":{"allow":["GET"]}}],"collection":[{"href":"https:\/\/jackpotlotteryonline.com\/hu\/wp-json\/wp\/v2\/pages"}],"about":[{"href":"https:\/\/jackpotlotteryonline.com\/hu\/wp-json\/wp\/v2\/types\/page"}],"author":[{"embeddable":true,"href":"https:\/\/jackpotlotteryonline.com\/hu\/wp-json\/wp\/v2\/users\/1"}],"replies":[{"embeddable":true,"href":"https:\/\/jackpotlotteryonline.com\/hu\/wp-json\/wp\/v2\/comments?post=41470"}],"version-history":[{"count":0,"href":"https:\/\/jackpotlotteryonline.com\/hu\/wp-json\/wp\/v2\/pages\/41470\/revisions"}],"up":[{"embeddable":true,"href":"https:\/\/jackpotlotteryonline.com\/hu\/wp-json\/wp\/v2\/pages\/35832"}],"wp:attachment":[{"href":"https:\/\/jackpotlotteryonline.com\/hu\/wp-json\/wp\/v2\/media?parent=41470"}],"curies":[{"name":"wp","href":"https:\/\/api.w.org\/{rel}","templated":true}]}}