{"id":41523,"date":"2022-12-09T14:08:28","date_gmt":"2022-12-09T14:08:28","guid":{"rendered":"https:\/\/jackpotlotteryonline.com\/?page_id=41523"},"modified":"2022-12-29T18:41:45","modified_gmt":"2022-12-29T18:41:45","slug":"lotto-america","status":"publish","type":"page","link":"https:\/\/jackpotlotteryonline.com\/hu\/nyeroszamok\/lotto-america\/","title":{"rendered":"Lotto America sorsol\u00e1s eredm\u00e9nyei"},"content":{"rendered":"<p>A Lotto America egy lott\u00f3j\u00e1t\u00e9k az Egyes\u00fclt \u00c1llamokban, amely sok milliomost eredm\u00e9nyezett. A lott\u00f3nyerem\u00e9ny val\u00f3sz\u00edn\u0171s\u00e9ge fantasztikus, ami vonz\u00f3v\u00e1 teszi a j\u00e1t\u00e9kot a lott\u00f3rajong\u00f3k sz\u00e1m\u00e1ra. Mostant\u00f3l a j\u00e1t\u00e9kosok a vil\u00e1g minden t\u00e1j\u00e1n<a href=\"https:\/\/jackpotlotteryonline.com\/hu\/jegyet-vasarolni\/lotto-america\"> v\u00e1s\u00e1rolhatnak online szelv\u00e9nyeket erre az amerikai lott\u00f3j\u00e1t\u00e9kra<\/a>. Nem csak ezt, hanem a nyer\u0151sz\u00e1mokat is ellen\u0151rizhetik, hogy megtudj\u00e1k, nyertek-e a lott\u00f3n.<\/p>\n<p>A jackpotlotteryonline.com oldalon megv\u00e1s\u00e1rolhatja a legjobb nemzetk\u00f6zi lott\u00f3szelv\u00e9nyeket, \u00e9s itt ellen\u0151rizheti a nyer\u0151sz\u00e1mokat is. \u00c9s ha k\u00edv\u00e1ncsi vagy, hogyan f\u00e9rhetsz hozz\u00e1 online a nyerem\u00e9nyeidhez, akkor olvass tov\u00e1bb. Minden r\u00e9szletet megosztunk veled, \u00e9s hamar nyilv\u00e1nval\u00f3v\u00e1 v\u00e1lik, hogy az online j\u00e1t\u00e9k a legjobb megold\u00e1s.<\/p>\n<h2>Online Lotto America j\u00e1t\u00e9k<\/h2>\n<p><img loading=\"lazy\" decoding=\"async\" class=\"size-full wp-image-32081 alignright\" src=\"http:\/\/jackpotlotteryonline.com\/wp-content\/uploads\/2022\/11\/1_mega_lotto_win-213x300-1.jpg\" alt=\"J\u00e1tsszon Lotto America online\" width=\"213\" height=\"300\" \/>Eml\u00edtett\u00fck, hogy ezt a <a href=\"https:\/\/jackpotlotteryonline.com\/hu\/hogyan-kell-jatszani\/lotto-america-2\">lott\u00f3t online is j\u00e1tszhatod<\/a>, \u00e9s nem sz\u00e1m\u00edt, hogy hol \u00e9lsz. Jellemz\u0151en az Egyes\u00fclt \u00c1llamokban \u00e1rulj\u00e1k a szelv\u00e9nyeket, de itt a jackpotlotteryonline.com oldalon is megv\u00e1s\u00e1rolhatja \u0151ket.<\/p>\n<p>Vannak m\u00e1s oldalak is, amelyek jegyeket \u00e1rulnak a lott\u00f3ra, de ezeken csak a lott\u00f3 kimenetel\u00e9re fogadhatnak a j\u00e1t\u00e9kosok. Ez azt jelenti, hogy ha azon az oldalon v\u00e1s\u00e1rolsz lott\u00f3szelv\u00e9nyt, azzal nem veszel r\u00e9szt a lott\u00f3n. Teh\u00e1t, m\u00e9g ha az \u00f6sszes kisorsolt sz\u00e1mmal egyezik is, nem fogja megnyerni a jackpotot. Ez\u00e9rt nagyon fontos a haszn\u00e1lt oldal kiv\u00e1laszt\u00e1sa.<\/p>\n<h2>Az online lott\u00f3j\u00e1t\u00e9k l\u00e9p\u00e9sei<\/h2>\n<p>Miut\u00e1n d\u00f6nt\u00f6tt\u00e9l egy oldal mellett, k\u00f6vesd az al\u00e1bbi l\u00e9p\u00e9seket:<\/p>\n<ol>\n<li>L\u00e1togasson el a haszn\u00e1lni k\u00edv\u00e1nt oldalra, \u00e9s kattintson a Lotto America gombra.<\/li>\n<li>V\u00e1lasszon ki 5 sz\u00e1mot az 1 \u00e9s 52 k\u00f6z\u00f6tti tartom\u00e1nyb\u00f3l (ha nem tudja biztosan, hogy milyen sz\u00e1mokat haszn\u00e1ljon, pr\u00f3b\u00e1lja ki az automatikus sz\u00e1mgener\u00e1tort).<\/li>\n<li>Ezut\u00e1n v\u00e1lasszon egy b\u00f3nuszsz\u00e1mot (a Star Ball) 1 \u00e9s 10 k\u00f6z\u00f6tt.<\/li>\n<li>V\u00e1s\u00e1roljon tov\u00e1bbi sz\u00e1msorokat a nagyobb nyer\u00e9si es\u00e9lyek \u00e9rdek\u00e9ben<\/li>\n<li>Vegyen r\u00e9szt a sorsol\u00e1sokon (egyn\u00e9l t\u00f6bb sorsol\u00e1son is r\u00e9szt vehet)<\/li>\n<li>Regisztr\u00e1ljon \u00e9s fizessen a nevez\u00e9sek\u00e9rt.<\/li>\n<\/ol>\n<p>T\u00f6bb okb\u00f3l is k\u00e9rj\u00fck, hogy regisztr\u00e1ljon. El\u0151sz\u00f6r is, szeretn\u00e9nk biztos\u00edtani, hogy a digit\u00e1lis szelv\u00e9nye biztons\u00e1gban legyen. M\u00e1sodszor, a fi\u00f3kodat arra haszn\u00e1ljuk, hogy kapcsolatba l\u00e9pj\u00fcnk veled, ha megnyert\u00e9l egy nyerem\u00e9nyt. Err\u0151l k\u00e9s\u0151bb b\u0151vebben is besz\u00e9l\u00fcnk.<\/p>\n<h2>Lotto America sorsol\u00e1si napok \u00e9s jackpot<\/h2>\n<p>Ennek az amerikai lott\u00f3nak h\u00e1rom heti sorsol\u00e1sa van, h\u00e9tf\u0151n, szerd\u00e1n \u00e9s szombaton. A sorsol\u00e1sok sor\u00e1n kihirdetik a nyertes szelv\u00e9nyt. A jackpot megnyer\u00e9s\u00e9hez a szelv\u00e9ny\u00e9nek meg kell egyeznie a hat kih\u00fazott sz\u00e1mmal.<\/p>\n<p>A Lotto America jackpot nyerem\u00e9nyei 2 milli\u00f3 doll\u00e1rn\u00e1l kezd\u0151dnek, \u00e9s ha egy sorsol\u00e1st k\u00f6vet\u0151en nincs nyertes, akkor a nyerem\u00e9ny tov\u00e1bbg\u00f6rd\u00fclhet. Mivel minden egyes sorsol\u00e1s ut\u00e1n tov\u00e1bbg\u00f6rd\u00fcl (ha nincs nyertes), a nyerem\u00e9ny ak\u00e1r 18 milli\u00f3 doll\u00e1rra is emelkedhet. Ez egy csinos \u00f6sszeg, nem igaz?<\/p>\n<p>Val\u00f3j\u00e1ban a Lotto America rekord jackpotja 23 milli\u00f3 doll\u00e1r volt, \u00e9s egy csal\u00e1d nyerte meg 2018-ban.<\/p>\n<section class=\"layout\" style=\"border: solid 1px; width: 100%;\">\n<div class=\"img-div\" style=\"margin-top: 5px;\"><img decoding=\"async\" class=\"wp-image-17212 alignleft\" style=\"height: 45px; margin: 8px 8px 0px;\" src=\"http:\/\/jackpotlotteryonline.com\/wp-content\/uploads\/2022\/11\/read1.jpg\" alt=\"olvasd el\" width=\"\" height=\"\" \/><\/div>\n<div style=\"padding-left: 5px;\">\n<div style=\"font-size: 1.1em;\">\n<p><strong>N\u00e9h\u00e1ny lott\u00f3nyertes visszaadott a k\u00f6z\u00f6ss\u00e9gnek<\/strong><\/p>\n<p style=\"font-size: 0.85em; margin-top: -1.5em;\">N\u00e9h\u00e1ny \u00e9rdekes \u00e9s sz\u00edvmelenget\u0151 t\u00f6rt\u00e9net a lott\u00f3nyertesekr\u0151l, akik visszaadj\u00e1k a lott\u00f3t <a href=\"https:\/\/jackpotlotteryonline.com\/hu\/tortenetek-a-lotto-nyertesek-ad-vissza\">tov\u00e1bb<\/a><\/p>\n<\/div>\n<\/div>\n<\/section>\n<h2>D\u00edjkateg\u00f3ri\u00e1k<\/h2>\n<p>A jackpot term\u00e9szetesen a lott\u00f3 f\u0151nyerem\u00e9nye. De ennek a lott\u00f3nak 9 k\u00fcl\u00f6nb\u00f6z\u0151 nyerem\u00e9nykateg\u00f3ri\u00e1ja van, \u00edgy a j\u00e1t\u00e9kosok \u00e9rdekes nyerem\u00e9nyeket nyerhetnek.<\/p>\n<p>M\u00e9g ha nem is nyeri meg a jackpotot, m\u00e1s kateg\u00f3ri\u00e1k nyer\u0151sz\u00e1mainak eltal\u00e1l\u00e1s\u00e1val akkor is nagy nyerem\u00e9nnyel t\u00e9rhet haza. \u00cdme a nyerem\u00e9nyek feloszt\u00e1sa, valamint az egyes nyerem\u00e9nykateg\u00f3ri\u00e1k nyer\u00e9si es\u00e9lyei.<\/p>\n<p>1. r\u00e9szleg: 5 + csillaggoly\u00f3 &#8211; 1 a 25 989 600-hoz &#8211; Jackpot<\/p>\n<p>2. div\u00edzi\u00f3: 5 &#8211; 1 a 2 887 733-hoz &#8211; 20 000 doll\u00e1r<\/p>\n<p>3. div\u00edzi\u00f3: 4 + Csillaggoly\u00f3 &#8211; 1 a 110 594-hez &#8211; 1 000 $<\/p>\n<p>4. k\u00f6rzet: 4 &#8211; 1 a 12,288-b\u00f3l &#8211; $100<\/p>\n<p>5. k\u00f6rzet: 3 + Star Ball &#8211; 1 a 2,404-b\u0151l &#8211; $20<\/p>\n<p>6. k\u00f6rzet: 3 &#8211; 1 a 267-b\u0151l &#8211; 5 doll\u00e1r<\/p>\n<p>7. k\u00f6rzet: 2 + Csillaggoly\u00f3 &#8211; 1 a 160-b\u00f3l &#8211; 5 doll\u00e1r<\/p>\n<p>8. k\u00f6rzet: 1 + Star Ball &#8211; 1 a 29-b\u0151l &#8211; 2 doll\u00e1r<\/p>\n<p>9. k\u00f6rzet: 0 + Star Ball &#8211; 1 a 17-b\u0151l &#8211; 2 doll\u00e1r<\/p>\n<h2>A nyer\u0151sz\u00e1mok ellen\u0151rz\u00e9se<\/h2>\n<p>Annak ellen\u0151rz\u00e9se, hogy nyert-e valamilyen nyerem\u00e9nyt, olyan egyszer\u0171, mintha a sorsol\u00e1sok ut\u00e1n visszat\u00e9rne erre az oldalra. Minden sorsol\u00e1s ut\u00e1n k\u00f6zz\u00e9tessz\u00fck a sorsol\u00e1s eredm\u00e9nyeit minden egyes nyerem\u00e9nykateg\u00f3ri\u00e1ban. \u00cdgy k\u00e9nyelmesen, stressz n\u00e9lk\u00fcl ellen\u0151rizheti oldalunkat.<\/p>\n<p>Tov\u00e1bb\u00e1, ha t\u0151l\u00fcnk v\u00e1s\u00e1rolta a szelv\u00e9ny\u00e9t, akkor m\u00e1r regisztr\u00e1lt is n\u00e1lunk. Ez azt jelenti, hogy ha nyerem\u00e9nyt nyer, akkor a fi\u00f3kj\u00e1n kereszt\u00fcl \u00e9s e-mailben is \u00e9rtes\u00edthetj\u00fck \u00d6nt.<\/p>\n<p>Soha nem kell lemaradnia semmilyen nyerem\u00e9nyr\u0151l, ha t\u0151l\u00fcnk v\u00e1s\u00e1rolja meg a lott\u00f3szelv\u00e9ny\u00e9t.<\/p>\n<h2>A nyerem\u00e9nye bev\u00e1lt\u00e1sa<\/h2>\n<p><img loading=\"lazy\" decoding=\"async\" class=\"alignright size-full wp-image-31532\" src=\"http:\/\/jackpotlotteryonline.com\/wp-content\/uploads\/2022\/11\/lottoballs.jpg\" alt=\"Lotto America nyer\u0151sz\u00e1mok\" width=\"245\" height=\"123\" \/>Az egyik k\u00e9rd\u00e9s, amit gyakran hallunk a szerencsej\u00e1t\u00e9kosokt\u00f3l, hogy hogyan f\u00e9rhetnek hozz\u00e1 a nyerem\u00e9ny\u00fckh\u00f6z, ha online Lotto America j\u00e1t\u00e9kban vesznek r\u00e9szt. Ha a mi oldalunkon kereszt\u00fcl v\u00e1s\u00e1rol lott\u00f3szelv\u00e9nyt, egyszer\u0171 \u00e9s probl\u00e9mamentes m\u00f3dszert k\u00edn\u00e1lunk a nyerem\u00e9nyek \u00e1tv\u00e9tel\u00e9re.<\/p>\n<p>A 2500 eur\u00f3s nyerem\u00e9nyeket j\u00f3v\u00e1\u00edrjuk a sz\u00e1ml\u00e1j\u00e1n, majd tov\u00e1bbi k\u00f6lts\u00e9gek n\u00e9lk\u00fcl kiveheti azt. M\u00edg a nagyobb nyerem\u00e9nyek egy kicsit m\u00e1s elj\u00e1r\u00e1st ig\u00e9nyelnek. Nagyobb nyerem\u00e9nyek eset\u00e9n a nyerem\u00e9nyt a lott\u00f3t\u00e1rsas\u00e1gt\u00f3l kell ig\u00e9nyelnie. Mi azonban biztos\u00edtunk \u00d6nnek egy ig\u00e9nyl\u0151lapot, amelyet kit\u00f6lthet, \u00e9s miut\u00e1n ezt megtette, feldolgozzuk az ig\u00e9nyl\u00e9st az \u00d6n sz\u00e1m\u00e1ra.<\/p>\n<p>Ennek oka az, hogy azonos\u00edtania kell mag\u00e1t. Emellett egyes lott\u00f3t\u00e1rsas\u00e1gokn\u00e1l el\u0151fordulhat, hogy a nagyobb \u00f6sszegek \u00e1tv\u00e9tel\u00e9hez szem\u00e9lyesen kell megjelennie. Ha ez megt\u00f6rt\u00e9nik, azonnal \u00e9rtes\u00edtj\u00fck \u00d6nt.<\/p>\n<h2>V\u00e1s\u00e1rolja meg Lotto America jegyeket jackpotlotteryonline.com<\/h2>\n<p>Nagyon sok oka van annak, hogy mi\u00e9rt \u00e9rdemes t\u0151l\u00fcnk megv\u00e1s\u00e1rolnia Lotto America szelv\u00e9nyeit. El\u0151sz\u00f6r is, mi egy concierge oldal vagyunk. Ez azt jelenti, hogy h\u00e1trad\u0151lhet \u00e9s pihenhet, m\u00edg mi a finomabb r\u00e9szleteket int\u00e9zz\u00fck \u00d6nnek. \u00cdgy seg\u00edt\u00fcnk \u00d6nnek hozz\u00e1f\u00e9rni a legjobb nemzetk\u00f6zi lott\u00f3j\u00e1t\u00e9kokhoz, mint p\u00e9ld\u00e1ul a Lotto America.<\/p>\n<p>De nem \u00e1llunk meg itt. Egy olyan rendszert is biztos\u00edtunk, amely seg\u00edt a lott\u00f3j\u00e1t\u00e9kok kezel\u00e9s\u00e9ben. Sz\u00f3 szerint, t\u00f6bb lott\u00f3j\u00e1t\u00e9kot \u00e9s sorsol\u00e1st is be\u00edrhatsz k\u00f6zvetlen\u00fcl az oldalunkr\u00f3l. Nem kell m\u00e1shov\u00e1 mennie. Emellett k\u00e9nyelmes m\u00f3dot biztos\u00edtunk arra is, hogy egy helyen ellen\u0151rizze a Lotto America eredm\u00e9nyeit.<\/p>\n<p>V\u00e9g\u00fcl, k\u00f6nnyed\u00e9n ellen\u0151rizheti a nyer\u0151sz\u00e1mokat \u00e9s kiveheti a nyerem\u00e9nyeit a platformunkr\u00f3l egyenesen a sz\u00e1ml\u00e1j\u00e1ra. Minden nap kem\u00e9nyen dolgozunk azon, hogy t\u00f6k\u00e9letes\u00edts\u00fck a z\u00f6kken\u0151mentes rendszert az \u00d6n sz\u00e1m\u00e1ra. Hagyd, hogy levegy\u00fck r\u00f3lad a stresszt, hogy te a sz\u00f3rakoz\u00e1sra koncentr\u00e1lhass. Regisztr\u00e1ljon n\u00e1lunk, hogy m\u00e9g ma lott\u00f3zhasson.<\/p>\n","protected":false},"excerpt":{"rendered":"<p>A Lotto America egy lott\u00f3j\u00e1t\u00e9k az Egyes\u00fclt \u00c1llamokban, amely sok milliomost eredm\u00e9nyezett. A lott\u00f3nyerem\u00e9ny val\u00f3sz\u00edn\u0171s\u00e9ge fantasztikus, ami vonz\u00f3v\u00e1 teszi a j\u00e1t\u00e9kot a lott\u00f3rajong\u00f3k sz\u00e1m\u00e1ra. Mostant\u00f3l a j\u00e1t\u00e9kosok a vil\u00e1g minden t\u00e1j\u00e1n v\u00e1s\u00e1rolhatnak online szelv\u00e9nyeket erre az amerikai lott\u00f3j\u00e1t\u00e9kra. Nem csak ezt, hanem a nyer\u0151sz\u00e1mokat is ellen\u0151rizhetik, hogy megtudj\u00e1k, nyertek-e a lott\u00f3n. A jackpotlotteryonline.com oldalon megv\u00e1s\u00e1rolhatja [&hellip;]<\/p>\n","protected":false},"author":1,"featured_media":0,"parent":35832,"menu_order":13,"comment_status":"closed","ping_status":"closed","template":"lotto-america-results.php","meta":{"_et_pb_use_builder":"","_et_pb_old_content":"","_et_gb_content_width":"","exclude_from_search":false,"footnotes":""},"class_list":["post-41523","page","type-page","status-publish","hentry"],"yoast_head":"<!-- This site is optimized with the Yoast SEO plugin v23.3 - https:\/\/yoast.com\/wordpress\/plugins\/seo\/ -->\n<title>Lotto Amerika nyer\u0151sz\u00e1mok \u00e9s sorsol\u00e1si eredm\u00e9nyek<\/title>\n<meta name=\"description\" content=\"Keresi a Lotto Amerika nyer\u0151sz\u00e1mait? Az \u00f6sszes nagy amerikai lott\u00f3j\u00e1t\u00e9k sorsol\u00e1si eredm\u00e9nyei megtal\u00e1lhat\u00f3ak weboldalunkon!\" \/>\n<meta name=\"robots\" content=\"index, follow, max-snippet:-1, max-image-preview:large, max-video-preview:-1\" \/>\n<link rel=\"canonical\" href=\"https:\/\/jackpotlotteryonline.com\/hu\/nyeroszamok\/lotto-america\/\" \/>\n<meta property=\"og:locale\" content=\"hu_HU\" \/>\n<meta property=\"og:type\" content=\"article\" \/>\n<meta property=\"og:title\" content=\"Lotto Amerika nyer\u0151sz\u00e1mok \u00e9s sorsol\u00e1si eredm\u00e9nyek\" \/>\n<meta property=\"og:description\" content=\"Keresi a Lotto Amerika nyer\u0151sz\u00e1mait? Az \u00f6sszes nagy amerikai lott\u00f3j\u00e1t\u00e9k sorsol\u00e1si eredm\u00e9nyei megtal\u00e1lhat\u00f3ak weboldalunkon!\" \/>\n<meta property=\"og:url\" content=\"https:\/\/jackpotlotteryonline.com\/hu\/nyeroszamok\/lotto-america\/\" \/>\n<meta property=\"og:site_name\" content=\"Lotto Online - Crack The International Lottery Jackpots\" \/>\n<meta property=\"article:modified_time\" content=\"2022-12-29T18:41:45+00:00\" \/>\n<meta property=\"og:image\" content=\"http:\/\/jackpotlotteryonline.com\/wp-content\/uploads\/2022\/11\/1_mega_lotto_win-213x300-1.jpg\" \/>\n<meta name=\"twitter:card\" content=\"summary_large_image\" \/>\n<meta name=\"twitter:label1\" content=\"Becs\u00fclt olvas\u00e1si id\u0151\" \/>\n\t<meta name=\"twitter:data1\" content=\"5 perc\" \/>\n<!-- \/ Yoast SEO plugin. -->","yoast_head_json":{"title":"Lotto Amerika nyer\u0151sz\u00e1mok \u00e9s sorsol\u00e1si eredm\u00e9nyek","description":"Keresi a Lotto Amerika nyer\u0151sz\u00e1mait? Az \u00f6sszes nagy amerikai lott\u00f3j\u00e1t\u00e9k sorsol\u00e1si eredm\u00e9nyei megtal\u00e1lhat\u00f3ak weboldalunkon!","robots":{"index":"index","follow":"follow","max-snippet":"max-snippet:-1","max-image-preview":"max-image-preview:large","max-video-preview":"max-video-preview:-1"},"canonical":"https:\/\/jackpotlotteryonline.com\/hu\/nyeroszamok\/lotto-america\/","og_locale":"hu_HU","og_type":"article","og_title":"Lotto Amerika nyer\u0151sz\u00e1mok \u00e9s sorsol\u00e1si eredm\u00e9nyek","og_description":"Keresi a Lotto Amerika nyer\u0151sz\u00e1mait? Az \u00f6sszes nagy amerikai lott\u00f3j\u00e1t\u00e9k sorsol\u00e1si eredm\u00e9nyei megtal\u00e1lhat\u00f3ak weboldalunkon!","og_url":"https:\/\/jackpotlotteryonline.com\/hu\/nyeroszamok\/lotto-america\/","og_site_name":"Lotto Online - Crack The International Lottery Jackpots","article_modified_time":"2022-12-29T18:41:45+00:00","og_image":[{"url":"http:\/\/jackpotlotteryonline.com\/wp-content\/uploads\/2022\/11\/1_mega_lotto_win-213x300-1.jpg"}],"twitter_card":"summary_large_image","twitter_misc":{"Becs\u00fclt olvas\u00e1si id\u0151":"5 perc"},"schema":{"@context":"https:\/\/schema.org","@graph":[{"@type":"WebPage","@id":"https:\/\/jackpotlotteryonline.com\/hu\/nyeroszamok\/lotto-america\/","url":"https:\/\/jackpotlotteryonline.com\/hu\/nyeroszamok\/lotto-america\/","name":"Lotto Amerika nyer\u0151sz\u00e1mok \u00e9s sorsol\u00e1si eredm\u00e9nyek","isPartOf":{"@id":"https:\/\/jackpotlotteryonline.com\/#website"},"primaryImageOfPage":{"@id":"https:\/\/jackpotlotteryonline.com\/hu\/nyeroszamok\/lotto-america\/#primaryimage"},"image":{"@id":"https:\/\/jackpotlotteryonline.com\/hu\/nyeroszamok\/lotto-america\/#primaryimage"},"thumbnailUrl":"http:\/\/jackpotlotteryonline.com\/wp-content\/uploads\/2022\/11\/1_mega_lotto_win-213x300-1.jpg","datePublished":"2022-12-09T14:08:28+00:00","dateModified":"2022-12-29T18:41:45+00:00","description":"Keresi a Lotto Amerika nyer\u0151sz\u00e1mait? Az \u00f6sszes nagy amerikai lott\u00f3j\u00e1t\u00e9k sorsol\u00e1si eredm\u00e9nyei megtal\u00e1lhat\u00f3ak weboldalunkon!","breadcrumb":{"@id":"https:\/\/jackpotlotteryonline.com\/hu\/nyeroszamok\/lotto-america\/#breadcrumb"},"inLanguage":"hu","potentialAction":[{"@type":"ReadAction","target":["https:\/\/jackpotlotteryonline.com\/hu\/nyeroszamok\/lotto-america\/"]}]},{"@type":"ImageObject","inLanguage":"hu","@id":"https:\/\/jackpotlotteryonline.com\/hu\/nyeroszamok\/lotto-america\/#primaryimage","url":"http:\/\/jackpotlotteryonline.com\/wp-content\/uploads\/2022\/11\/1_mega_lotto_win-213x300-1.jpg","contentUrl":"http:\/\/jackpotlotteryonline.com\/wp-content\/uploads\/2022\/11\/1_mega_lotto_win-213x300-1.jpg"},{"@type":"BreadcrumbList","@id":"https:\/\/jackpotlotteryonline.com\/hu\/nyeroszamok\/lotto-america\/#breadcrumb","itemListElement":[{"@type":"ListItem","position":1,"name":"Home","item":"https:\/\/jackpotlotteryonline.com\/hu\/"},{"@type":"ListItem","position":2,"name":"Lott\u00f3 eredm\u00e9nyek","item":"https:\/\/jackpotlotteryonline.com\/hu\/nyeroszamok\/"},{"@type":"ListItem","position":3,"name":"Lotto America sorsol\u00e1s eredm\u00e9nyei"}]},{"@type":"WebSite","@id":"https:\/\/jackpotlotteryonline.com\/#website","url":"https:\/\/jackpotlotteryonline.com\/","name":"Lotto Online - Crack The International Lottery Jackpots","description":"","potentialAction":[{"@type":"SearchAction","target":{"@type":"EntryPoint","urlTemplate":"https:\/\/jackpotlotteryonline.com\/?s={search_term_string}"},"query-input":"required name=search_term_string"}],"inLanguage":"hu"}]}},"_links":{"self":[{"href":"https:\/\/jackpotlotteryonline.com\/hu\/wp-json\/wp\/v2\/pages\/41523","targetHints":{"allow":["GET"]}}],"collection":[{"href":"https:\/\/jackpotlotteryonline.com\/hu\/wp-json\/wp\/v2\/pages"}],"about":[{"href":"https:\/\/jackpotlotteryonline.com\/hu\/wp-json\/wp\/v2\/types\/page"}],"author":[{"embeddable":true,"href":"https:\/\/jackpotlotteryonline.com\/hu\/wp-json\/wp\/v2\/users\/1"}],"replies":[{"embeddable":true,"href":"https:\/\/jackpotlotteryonline.com\/hu\/wp-json\/wp\/v2\/comments?post=41523"}],"version-history":[{"count":0,"href":"https:\/\/jackpotlotteryonline.com\/hu\/wp-json\/wp\/v2\/pages\/41523\/revisions"}],"up":[{"embeddable":true,"href":"https:\/\/jackpotlotteryonline.com\/hu\/wp-json\/wp\/v2\/pages\/35832"}],"wp:attachment":[{"href":"https:\/\/jackpotlotteryonline.com\/hu\/wp-json\/wp\/v2\/media?parent=41523"}],"curies":[{"name":"wp","href":"https:\/\/api.w.org\/{rel}","templated":true}]}}