{"id":72939,"date":"2025-02-02T16:44:17","date_gmt":"2025-02-02T16:44:17","guid":{"rendered":"https:\/\/jackpotlotteryonline.com\/?page_id=72939"},"modified":"2025-02-02T16:44:17","modified_gmt":"2025-02-02T16:44:17","slug":"adatvedelmi-iranyelvek","status":"publish","type":"page","link":"https:\/\/jackpotlotteryonline.com\/hu\/adatvedelmi-iranyelvek\/","title":{"rendered":"Adatv\u00e9delmi Ir\u00e1nyelvek"},"content":{"rendered":"<p>A Playlottoonline adatv\u00e9delmi ir\u00e1nyelvei (a tov\u00e1bbiakban \u201eAdatv\u00e9delmi Ir\u00e1nyelvek\u201d) vonatkoznak a Playlottoonline.net weboldalra (a tov\u00e1bbiakban \u201eWeboldal\u201d), amelyet az LLL World Marketing Limited \u00fczemeltet, sz\u00e9khelye: Peiraios utca 30., 1. emelet, 1-es iroda, 2023 Strovolos, Nicosia &#8211; Ciprus. A Weboldal haszn\u00e1lat\u00e1val \u00d6n elfogadja az Adatv\u00e9delmi Ir\u00e1nyelveket \u00e9s a Felhaszn\u00e1l\u00e1si Felt\u00e9teleket.<\/p>\n<p><strong>Gy\u0171jt\u00f6tt Inform\u00e1ci\u00f3k<\/strong><\/p>\n<p><strong>\u00d6nt\u0151l akt\u00edvan gy\u0171jt\u00f6tt inform\u00e1ci\u00f3k<\/strong><\/p>\n<p>Amikor regisztr\u00e1l egy felhaszn\u00e1l\u00f3i fi\u00f3kot, megadja az e-mail c\u00edm\u00e9t, amelyet a fi\u00f3k egyedi azonos\u00edt\u00e1s\u00e1ra \u00e9s opcion\u00e1lisan a fi\u00f3k aktiv\u00e1l\u00e1s\u00e1ra haszn\u00e1lunk. Az e-mail c\u00edm szint\u00e9n arra szolg\u00e1l, hogy vissza\u00e1ll\u00edthassa a jelszav\u00e1t.<\/p>\n<p>Az e-mail c\u00edm\u00e9t \u00e9s telefonos el\u00e9rhet\u0151s\u00e9g\u00e9t haszn\u00e1lhatjuk, hogy \u00e9rtes\u00edt\u00e9seket k\u00fcldj\u00fcnk \u00d6nnek a Weboldal m\u0171k\u00f6d\u00e9s\u00e9vel kapcsolatosan (bele\u00e9rtve a jogi \u00e9rtes\u00edt\u00e9seket), \u00faj inform\u00e1ci\u00f3kat a Weboldalr\u00f3l, term\u00e9keket \u00e9s szolg\u00e1ltat\u00e1sokat, valamint harmadik f\u00e9l \u00e1ltal k\u00edn\u00e1lt term\u00e9kekkel \u00e9s szolg\u00e1ltat\u00e1sokkal kapcsolatos marketingc\u00e9l\u00fa \u00e9rtes\u00edt\u00e9seket (a tov\u00e1bbiakban: \u201e\u00c9rtes\u00edt\u00e9sek\u201d). B\u00e1rmikor leiratkozhat a marketing \u00e9rtes\u00edt\u00e9sekr\u0151l, ha az e-mailben tal\u00e1lhat\u00f3 leiratkoz\u00e1si hivatkoz\u00e1st haszn\u00e1lja, vagy kapcsolatba l\u00e9p vel\u00fcnk e-mailben, telefonon vagy az \u0171rlap seg\u00edts\u00e9g\u00e9vel.<\/p>\n<p>A regisztr\u00e1ci\u00f3 ut\u00e1n hozz\u00e1adhatja az al\u00e1bbi inform\u00e1ci\u00f3kat a profilj\u00e1hoz: n\u00e9v, vezet\u00e9kn\u00e9v, c\u00edm, sz\u00fclet\u00e9si d\u00e1tum, telefonsz\u00e1m \u00e9s id\u0151z\u00f3na. Ezeket az adatokat a kifizet\u00e9sek, befizet\u00e9sek \u00e9s kifizet\u00e9sek kezel\u00e9s\u00e9re, a Weboldal testreszab\u00e1s\u00e1ra (bele\u00e9rtve az \u00e9rtes\u00edt\u00e9seket) \u00e9s a 2500 USD-n\u00e1l nagyobb nyerem\u00e9nyek kezel\u00e9s\u00e9re haszn\u00e1ljuk, ahogyan azt a Felhaszn\u00e1l\u00e1si Felt\u00e9telek 3.5. szakasza \u00edrja el\u0151.<\/p>\n<p>Ezen k\u00edv\u00fcl meg\u0151rizhetj\u00fck az \u00d6n \u00e1ltal \u00f6nk\u00e9ntesen megadott inform\u00e1ci\u00f3kat, amelyeket kapcsolatfelv\u00e9teli \u0171rlapok, telefonh\u00edv\u00e1sok, postai k\u00fcldem\u00e9nyek, Facebook, Twitter vagy egy\u00e9b kommunik\u00e1ci\u00f3s csatorn\u00e1k \u00fatj\u00e1n k\u00fcld\u00f6tt el, p\u00e9ld\u00e1ul nev\u00e9t, e-mail c\u00edm\u00e9t, telefonsz\u00e1m\u00e1t \u00e9s c\u00edm\u00e9t. Az e-mail c\u00edm \u00e9s n\u00e9v sz\u00fcks\u00e9ges ahhoz, hogy \u00fczenetet k\u00fcldhess\u00fcnk a kapcsolatfelv\u00e9teli \u0171rlapon kereszt\u00fcl.<\/p>\n<p>A Facebookon vagy a Twitteren kereszt\u00fcl t\u00f6rt\u00e9n\u0151 kommunik\u00e1ci\u00f3 nem tekinthet\u0151 hivatalos kapcsolatfelv\u00e9telnek. Fenntartjuk a jogot, hogy ne v\u00e1laszoljunk az ezekben a csatorn\u00e1kban k\u00fcld\u00f6tt \u00fczenetekre, b\u00e1r igyeksz\u00fcnk v\u00e1laszolni r\u00e1juk. Tov\u00e1bbi inform\u00e1ci\u00f3k\u00e9rt a k\u00f6z\u00f6ss\u00e9gi m\u00e9di\u00e1n kereszt\u00fcl gy\u0171jt\u00f6tt adatokat illet\u0151en, k\u00e9rj\u00fck, tekintse meg az al\u00e1bbi dokumentumokat:<\/p>\n<p>Facebook: Adatv\u00e9delmi ir\u00e1nyelvek \u00e9s Felhaszn\u00e1l\u00e1si felt\u00e9telek;<br \/>\nTwitter: Adatv\u00e9delmi ir\u00e1nyelvek \u00e9s Felhaszn\u00e1l\u00e1si felt\u00e9telek.<\/p>\n<p>Szint\u00e9n gy\u0171jt\u00fcnk bankk\u00e1rtya-inform\u00e1ci\u00f3kat (k\u00e1rtyasz\u00e1m, lej\u00e1rati d\u00e1tum, k\u00e1rtyatulajdonos neve, CVV k\u00f3d) a bankk\u00e1rty\u00e1s kifizet\u00e9sek feldolgoz\u00e1sa \u00e9rdek\u00e9ben \u2013 tov\u00e1bbi r\u00e9szletek a k\u00f6vetkez\u0151 szakaszban tal\u00e1lhat\u00f3k.<\/p>\n<p><strong>Passz\u00edvan gy\u0171jt\u00f6tt inform\u00e1ci\u00f3k<\/strong><\/p>\n<p>Amikor \u00d6n a Weboldalt haszn\u00e1lja, automatikusan gy\u0171jt\u00fcnk bizonyos inform\u00e1ci\u00f3kat, amelyeket a Weboldal alapvet\u0151 funkci\u00f3inak kezel\u00e9s\u00e9re, a Weboldal testreszab\u00e1s\u00e1ra (bele\u00e9rtve az \u00e9rtes\u00edt\u00e9seket), az \u00e9rkez\u0151 forgalom nyomon k\u00f6vet\u00e9s\u00e9re \u00e9s a biztons\u00e1g biztos\u00edt\u00e1s\u00e1ra haszn\u00e1lunk. Ezek az inform\u00e1ci\u00f3k p\u00e9ld\u00e1ul:<\/p>\n<ul>\n<li>IP c\u00edm;<\/li>\n<li>HTTP fejl\u00e9cek, amelyeket a weboldal k\u00fcld, mint p\u00e9ld\u00e1ul \u201eUser-Agent\u201d, \u201eAccept-Language\u201d \u00e9s \u201eReferer\u201d, amelyek tartalmazz\u00e1k a b\u00f6ng\u00e9sz\u0151, a b\u00f6ng\u00e9sz\u0151 verzi\u00f3ja, a rendszer \u00e9s a b\u00f6ng\u00e9sz\u0151 t\u00edpus\u00e1nak, verzi\u00f3j\u00e1nak \u00e9s nyelv\u00e9nek inform\u00e1ci\u00f3it, valamint a Weboldalhoz val\u00f3 hozz\u00e1f\u00e9r\u00e9shez haszn\u00e1lt URL-t;<\/li>\n<li>Rendszerid\u0151;<\/li>\n<li>HTTP k\u00e9r\u00e9sek;<\/li>\n<li>Cookie-k, amelyeket a playlottoonline.org vagy annak aldomainjei t\u00e1rolnak.<\/li>\n<\/ul>\n<p>Az IP c\u00edmet arra is haszn\u00e1lhatjuk, hogy \u00f6sszegy\u0171jts\u00fck \u00e9s feldolgozzuk a t\u00e9nyleges hely\u00e9t a felhaszn\u00e1l\u00f3nak, hogy jav\u00edtsuk az inform\u00e1ci\u00f3k ny\u00fajt\u00e1s\u00e1nak folyamat\u00e1t \u00e9s testreszabjuk a Weboldalt (bele\u00e9rtve az \u00e9rtes\u00edt\u00e9seket).<\/p>\n<p>A Weboldal m\u0171k\u00f6d\u00e9se sor\u00e1n ideiglenes t\u00e1rol\u00e1st is haszn\u00e1lunk a b\u00f6ng\u00e9sz\u0151ben. Ez jav\u00edtja a Weboldal bet\u00f6lt\u00e9si idej\u00e9t \u00e9s megk\u00f6nny\u00edti a haszn\u00e1lat\u00e1t, mivel inform\u00e1ci\u00f3kat t\u00e1rol a b\u00f6ng\u00e9sz\u0151 munkameneteken kereszt\u00fcl, m\u00e9g a b\u00f6ng\u00e9sz\u0151 \u00fajraind\u00edt\u00e1sa ut\u00e1n is.<\/p>\n<p>A Weboldal szint\u00e9n haszn\u00e1l testreszab\u00e1si eszk\u00f6z\u00f6ket. Ezek k\u00f6z\u00e9 tartoznak a harmadik f\u00e9l cookie-k, amelyek arra szolg\u00e1lnak, hogy adatokat gy\u0171jtsenek a Weboldal haszn\u00e1lat\u00e1r\u00f3l \u00e9s szem\u00e9lyre szabott hirdet\u00e9seket jelen\u00edtsenek meg.<\/p>\n<p><strong>Harmadik f\u00e9lt\u0151l sz\u00e1rmaz\u00f3 szolg\u00e1ltat\u00e1sok<\/strong><\/p>\n<p>Statisztika, Hirdet\u00e9s \u00e9s Biztons\u00e1g<\/p>\n<p>A Weboldal biztons\u00e1g\u00e1nak kezel\u00e9se \u00e9s a Weboldal m\u0171k\u00f6d\u00e9s\u00e9r\u0151l val\u00f3 inform\u00e1ci\u00f3k gy\u0171jt\u00e9se \u00e9s elemz\u00e9se \u00e9rdek\u00e9ben a k\u00f6vetkez\u0151 harmadik f\u00e9lt\u0151l sz\u00e1rmaz\u00f3 szolg\u00e1ltat\u00e1sokat haszn\u00e1ljuk:<\/p>\n<ul>\n<li><strong>Google Analytics<\/strong> \u2013 forgalom nyomon k\u00f6vet\u00e9s\u00e9re \u00e9s analitikai statisztik\u00e1k gy\u0171jt\u00e9s\u00e9re, hogy azonos\u00edthassuk a l\u00e1togat\u00f3szerz\u00e9si forr\u00e1sokat \u00e9s elemezhess\u00fck a Weboldal teljes\u00edtm\u00e9ny\u00e9t.<\/li>\n<li><strong>Google reCAPTCHA<\/strong> \u2013 a Weboldal biztons\u00e1g\u00e1nak jav\u00edt\u00e1sa \u00e9s a robotok elleni v\u00e9delem.<\/li>\n<li><strong>Facebook Pixel<\/strong> \u2013 a forgalom nyomon k\u00f6vet\u00e9se \u00e9s analitikai statisztik\u00e1k gy\u0171jt\u00e9se, hogy jobb hirdet\u00e9si kamp\u00e1nyokat hozhassunk l\u00e9tre.<\/li>\n<\/ul>\n<p>A fent eml\u00edtett szolg\u00e1ltat\u00e1sok adatokat gy\u0171jtenek \u00e9s haszn\u00e1lnak a saj\u00e1t m\u0171k\u00f6d\u00e9s\u00fck c\u00e9lj\u00e1b\u00f3l. Tov\u00e1bbi inform\u00e1ci\u00f3k a Google \u00e1ltal gy\u0171jt\u00f6tt adatokr\u00f3l a Google Felhaszn\u00e1l\u00e1si Felt\u00e9teleiben \u00e9s a Google Adatv\u00e9delmi ir\u00e1nyelveiben tal\u00e1lhat\u00f3k. Tov\u00e1bbi inform\u00e1ci\u00f3k a Facebook \u00e1ltal gy\u0171jt\u00f6tt adatokr\u00f3l a Facebook Adatv\u00e9delmi ir\u00e1nyelveiben tal\u00e1lhat\u00f3k.<\/p>\n","protected":false},"excerpt":{"rendered":"<p>A Playlottoonline adatv\u00e9delmi ir\u00e1nyelvei (a tov\u00e1bbiakban \u201eAdatv\u00e9delmi Ir\u00e1nyelvek\u201d) vonatkoznak a Playlottoonline.net weboldalra (a tov\u00e1bbiakban \u201eWeboldal\u201d), amelyet az LLL World Marketing Limited \u00fczemeltet, sz\u00e9khelye: Peiraios utca 30., 1. emelet, 1-es iroda, 2023 Strovolos, Nicosia &#8211; Ciprus. A Weboldal haszn\u00e1lat\u00e1val \u00d6n elfogadja az Adatv\u00e9delmi Ir\u00e1nyelveket \u00e9s a Felhaszn\u00e1l\u00e1si Felt\u00e9teleket. Gy\u0171jt\u00f6tt Inform\u00e1ci\u00f3k \u00d6nt\u0151l akt\u00edvan gy\u0171jt\u00f6tt inform\u00e1ci\u00f3k Amikor regisztr\u00e1l [&hellip;]<\/p>\n","protected":false},"author":7,"featured_media":0,"parent":0,"menu_order":0,"comment_status":"closed","ping_status":"closed","template":"","meta":{"_et_pb_use_builder":"","_et_pb_old_content":"","_et_gb_content_width":"","exclude_from_search":false,"footnotes":""},"class_list":["post-72939","page","type-page","status-publish","hentry"],"yoast_head":"<!-- This site is optimized with the Yoast SEO plugin v23.3 - https:\/\/yoast.com\/wordpress\/plugins\/seo\/ -->\n<title>Adatv\u00e9delmi Ir\u00e1nyelvek - Lotto Online - Crack The International Lottery Jackpots<\/title>\n<meta name=\"robots\" content=\"index, follow, max-snippet:-1, max-image-preview:large, max-video-preview:-1\" \/>\n<link rel=\"canonical\" href=\"https:\/\/jackpotlotteryonline.com\/privacy-policy-2\/\" \/>\n<meta property=\"og:locale\" content=\"hu_HU\" \/>\n<meta property=\"og:type\" content=\"article\" \/>\n<meta property=\"og:title\" content=\"Adatv\u00e9delmi Ir\u00e1nyelvek - Lotto Online - Crack The International Lottery Jackpots\" \/>\n<meta property=\"og:description\" content=\"A Playlottoonline adatv\u00e9delmi ir\u00e1nyelvei (a tov\u00e1bbiakban \u201eAdatv\u00e9delmi Ir\u00e1nyelvek\u201d) vonatkoznak a Playlottoonline.net weboldalra (a tov\u00e1bbiakban \u201eWeboldal\u201d), amelyet az LLL World Marketing Limited \u00fczemeltet, sz\u00e9khelye: Peiraios utca 30., 1. emelet, 1-es iroda, 2023 Strovolos, Nicosia &#8211; Ciprus. A Weboldal haszn\u00e1lat\u00e1val \u00d6n elfogadja az Adatv\u00e9delmi Ir\u00e1nyelveket \u00e9s a Felhaszn\u00e1l\u00e1si Felt\u00e9teleket. Gy\u0171jt\u00f6tt Inform\u00e1ci\u00f3k \u00d6nt\u0151l akt\u00edvan gy\u0171jt\u00f6tt inform\u00e1ci\u00f3k Amikor regisztr\u00e1l [&hellip;]\" \/>\n<meta property=\"og:url\" content=\"https:\/\/jackpotlotteryonline.com\/privacy-policy-2\/\" \/>\n<meta property=\"og:site_name\" content=\"Lotto Online - Crack The International Lottery Jackpots\" \/>\n<meta name=\"twitter:card\" content=\"summary_large_image\" \/>\n<meta name=\"twitter:label1\" content=\"Becs\u00fclt olvas\u00e1si id\u0151\" \/>\n\t<meta name=\"twitter:data1\" content=\"3 perc\" \/>\n<!-- \/ Yoast SEO plugin. -->","yoast_head_json":{"title":"Adatv\u00e9delmi Ir\u00e1nyelvek - Lotto Online - Crack The International Lottery Jackpots","robots":{"index":"index","follow":"follow","max-snippet":"max-snippet:-1","max-image-preview":"max-image-preview:large","max-video-preview":"max-video-preview:-1"},"canonical":"https:\/\/jackpotlotteryonline.com\/privacy-policy-2\/","og_locale":"hu_HU","og_type":"article","og_title":"Adatv\u00e9delmi Ir\u00e1nyelvek - Lotto Online - Crack The International Lottery Jackpots","og_description":"A Playlottoonline adatv\u00e9delmi ir\u00e1nyelvei (a tov\u00e1bbiakban \u201eAdatv\u00e9delmi Ir\u00e1nyelvek\u201d) vonatkoznak a Playlottoonline.net weboldalra (a tov\u00e1bbiakban \u201eWeboldal\u201d), amelyet az LLL World Marketing Limited \u00fczemeltet, sz\u00e9khelye: Peiraios utca 30., 1. emelet, 1-es iroda, 2023 Strovolos, Nicosia &#8211; Ciprus. A Weboldal haszn\u00e1lat\u00e1val \u00d6n elfogadja az Adatv\u00e9delmi Ir\u00e1nyelveket \u00e9s a Felhaszn\u00e1l\u00e1si Felt\u00e9teleket. Gy\u0171jt\u00f6tt Inform\u00e1ci\u00f3k \u00d6nt\u0151l akt\u00edvan gy\u0171jt\u00f6tt inform\u00e1ci\u00f3k Amikor regisztr\u00e1l [&hellip;]","og_url":"https:\/\/jackpotlotteryonline.com\/privacy-policy-2\/","og_site_name":"Lotto Online - Crack The International Lottery Jackpots","twitter_card":"summary_large_image","twitter_misc":{"Becs\u00fclt olvas\u00e1si id\u0151":"3 perc"},"schema":{"@context":"https:\/\/schema.org","@graph":[{"@type":"WebPage","@id":"https:\/\/jackpotlotteryonline.com\/privacy-policy-2\/","url":"https:\/\/jackpotlotteryonline.com\/privacy-policy-2\/","name":"Adatv\u00e9delmi Ir\u00e1nyelvek - Lotto Online - Crack The International Lottery Jackpots","isPartOf":{"@id":"https:\/\/jackpotlotteryonline.com\/#website"},"datePublished":"2025-02-02T16:44:17+00:00","dateModified":"2025-02-02T16:44:17+00:00","breadcrumb":{"@id":"https:\/\/jackpotlotteryonline.com\/privacy-policy-2\/#breadcrumb"},"inLanguage":"hu","potentialAction":[{"@type":"ReadAction","target":["https:\/\/jackpotlotteryonline.com\/privacy-policy-2\/"]}]},{"@type":"BreadcrumbList","@id":"https:\/\/jackpotlotteryonline.com\/privacy-policy-2\/#breadcrumb","itemListElement":[{"@type":"ListItem","position":1,"name":"Home","item":"https:\/\/jackpotlotteryonline.com\/hu\/"},{"@type":"ListItem","position":2,"name":"Adatv\u00e9delmi Ir\u00e1nyelvek"}]},{"@type":"WebSite","@id":"https:\/\/jackpotlotteryonline.com\/#website","url":"https:\/\/jackpotlotteryonline.com\/","name":"Lotto Online - Crack The International Lottery Jackpots","description":"","potentialAction":[{"@type":"SearchAction","target":{"@type":"EntryPoint","urlTemplate":"https:\/\/jackpotlotteryonline.com\/?s={search_term_string}"},"query-input":"required name=search_term_string"}],"inLanguage":"hu"}]}},"_links":{"self":[{"href":"https:\/\/jackpotlotteryonline.com\/hu\/wp-json\/wp\/v2\/pages\/72939","targetHints":{"allow":["GET"]}}],"collection":[{"href":"https:\/\/jackpotlotteryonline.com\/hu\/wp-json\/wp\/v2\/pages"}],"about":[{"href":"https:\/\/jackpotlotteryonline.com\/hu\/wp-json\/wp\/v2\/types\/page"}],"author":[{"embeddable":true,"href":"https:\/\/jackpotlotteryonline.com\/hu\/wp-json\/wp\/v2\/users\/7"}],"replies":[{"embeddable":true,"href":"https:\/\/jackpotlotteryonline.com\/hu\/wp-json\/wp\/v2\/comments?post=72939"}],"version-history":[{"count":0,"href":"https:\/\/jackpotlotteryonline.com\/hu\/wp-json\/wp\/v2\/pages\/72939\/revisions"}],"wp:attachment":[{"href":"https:\/\/jackpotlotteryonline.com\/hu\/wp-json\/wp\/v2\/media?parent=72939"}],"curies":[{"name":"wp","href":"https:\/\/api.w.org\/{rel}","templated":true}]}}