{"id":73003,"date":"2025-02-02T18:17:12","date_gmt":"2025-02-02T18:17:12","guid":{"rendered":"https:\/\/jackpotlotteryonline.com\/?page_id=73003"},"modified":"2025-02-02T18:17:12","modified_gmt":"2025-02-02T18:17:12","slug":"feltetelek-es-kikotesek","status":"publish","type":"page","link":"https:\/\/jackpotlotteryonline.com\/hu\/feltetelek-es-kikotesek\/","title":{"rendered":"Felt\u00e9telek \u00e9s kik\u00f6t\u00e9sek"},"content":{"rendered":"<p>A Jackpot Lottery Online \u00c1ltal\u00e1nos Szerz\u0151d\u00e9si Felt\u00e9telek (a tov\u00e1bbiakban: Felhaszn\u00e1l\u00e1si Felt\u00e9telek) az LLL World Marketing Limited, Peiraios 30, 1st floor, office 1, 2023 Strovolos, Nicosia &#8211; Cyprus \u00e1ltal \u00fczemeltetett jackpotlotteryonline.com weboldalra (a tov\u00e1bbiakban: Weboldal) vonatkoznak.<\/p>\n<p>A jackpotlotteryonline.com weboldal megjelen\u00edt\u00e9s\u00e9vel, b\u00f6ng\u00e9sz\u00e9s\u00e9vel vagy b\u00e1rmilyen m\u00f3don t\u00f6rt\u00e9n\u0151 haszn\u00e1lat\u00e1val a J\u00e1t\u00e9kos az al\u00e1bbi Felhaszn\u00e1l\u00e1si felt\u00e9telek, valamint Adatv\u00e9delmi szab\u00e1lyzatunk hat\u00e1lya al\u00e1 tartozik. Amennyiben a J\u00e1t\u00e9kos nem \u00e9rt egyet ezek egyik\u00e9vel sem, k\u00e9rj\u00fck a J\u00e1t\u00e9kost, hogy hagyja abba a jackpotlotteryonline.com haszn\u00e1lat\u00e1t.<\/p>\n<p>Ha b\u00e1rmilyen k\u00e9rd\u00e9se van a Felhaszn\u00e1l\u00e1si felt\u00e9telekkel vagy az Adatv\u00e9delmi ir\u00e1nyelvekkel kapcsolatban, l\u00e9pjen kapcsolatba vel\u00fcnk a kapcsolatfelv\u00e9teli \u0171rlapunkon kereszt\u00fcl.<\/p>\n<p>Ezekre a Felhaszn\u00e1l\u00e1si felt\u00e9telekre Ciprus t\u00f6rv\u00e9nyei vonatkoznak.<\/p>\n<p>1. Fogalommeghat\u00e1roz\u00e1sok<br \/>\nLott\u00f3 &#8211; Olyan sz\u00e1mj\u00e1t\u00e9k, amelynek keret\u00e9ben sorsol\u00e1sra ker\u00fcl sor.<br \/>\nSorsol\u00e1s &#8211; Egy adott Lott\u00f3n bel\u00fcl a standard sz\u00e1mok vagy a standard \u00e9s b\u00f3nusz sz\u00e1mok meghat\u00e1rozott tartom\u00e1nyaib\u00f3l meghat\u00e1rozott sz\u00e1mok meghat\u00e1rozott sz\u00e1mmennyis\u00e9g\u00e9nek sorsol\u00e1sa. A sorsol\u00e1sokra ism\u00e9telten ker\u00fcl sor az adott Lott\u00f3 \u00fczemeltet\u0151je \u00e1ltal meghat\u00e1rozott napokon \u00e9s \u00f3r\u00e1kban.<br \/>\nLebonyol\u00edt\u00f3 &#8211; Az a szervezet, amely egy adott lott\u00f3 sorsol\u00e1s\u00e1t szervezi.<br \/>\nJ\u00e1t\u00e9kos &#8211; Az a szem\u00e9ly, aki r\u00e9szt vesz a jackpotlotteryonline.com-on k\u00edn\u00e1lt lott\u00f3j\u00e1t\u00e9kok valamelyik\u00e9ben.<br \/>\nSzelv\u00e9ny &#8211; A J\u00e1t\u00e9kos \u00e1ltal egy adott Lott\u00f3hoz kiv\u00e1lasztott, egy vagy t\u00f6bb vonalat tartalmaz\u00f3 elektronikus szelv\u00e9ny a Sorsol\u00e1sra.<br \/>\nVonal &#8211; Egyetlen sz\u00e1msor, amelyet a J\u00e1t\u00e9kos egy adott Lott\u00f3 sorsol\u00e1sra kiv\u00e1lasztott. A Lott\u00f3t\u00f3l f\u00fcgg\u0151en tartalmazhat m\u00e1s \u00f6sszeget \u00e9s\/vagy m\u00e1s (m\u00e1s tartom\u00e1nyba tartoz\u00f3) alap- \u00e9s b\u00f3nuszsz\u00e1mokat (ha vannak ilyenek).<br \/>\nNyerem\u00e9ny &#8211; Az az \u00f6sszeg, amelyet akkor nyer, ha a J\u00e1t\u00e9kos \u00e1ltal l\u00e9trehozott sor megegyezik egy el\u0151re meghat\u00e1rozott sz\u00e1msorral, amelyet azon a sorsol\u00e1son h\u00faztak ki, amelyre a sort tartalmaz\u00f3 szelv\u00e9nyt megv\u00e1s\u00e1rolt\u00e1k.<br \/>\nBet\u00e9t &#8211; A j\u00e1t\u00e9kos sz\u00e1ml\u00e1j\u00e1n elhelyezett p\u00e9nz\u00f6sszeg, amelyet k\u00e9s\u0151bb szelv\u00e9nyek v\u00e1s\u00e1rl\u00e1s\u00e1ra haszn\u00e1lnak fel.<br \/>\nFi\u00f3k &#8211; A j\u00e1t\u00e9kos felhaszn\u00e1l\u00f3i fi\u00f3kja, amelyhez a j\u00e1t\u00e9kos p\u00e9nzeszk\u00f6zei, a megv\u00e1s\u00e1rolt szelv\u00e9nyek \u00e9s a j\u00e1t\u00e9kos adatai vannak hozz\u00e1rendelve.<br \/>\n2. \u00c1ltal\u00e1nos inform\u00e1ci\u00f3k<br \/>\n2.1 A jackpotlotteryonline.com weboldal egy online platformon kereszt\u00fcl biztos\u00edt hozz\u00e1f\u00e9r\u00e9st a lott\u00f3j\u00e1t\u00e9kokhoz.<br \/>\n2.2 A Weboldal haszn\u00e1lat\u00e1hoz a J\u00e1t\u00e9kosoknak legal\u00e1bb 18 \u00e9vesnek kell lenni\u00fck.<br \/>\n2.3 A J\u00e1t\u00e9kos felel\u0151ss\u00e9ge, hogy ellen\u0151rizze, hogy az online lott\u00f3j\u00e1t\u00e9kokban val\u00f3 r\u00e9szv\u00e9tel leg\u00e1lis-e a saj\u00e1t joghat\u00f3s\u00e1ga alatt.<br \/>\n2.4 Az LLL World Marketing Limited v\u00e1llalat nem hivatalos lott\u00f3szervez\u0151. A ny\u00fajtott szolg\u00e1ltat\u00e1sok a sorsjegyekhez val\u00f3 hozz\u00e1f\u00e9r\u00e9ssel kapcsolatosak.<\/p>\n<p>3. Felhaszn\u00e1l\u00f3i fi\u00f3k<br \/>\n3.1 A J\u00e1t\u00e9kosoknak regisztr\u00e1lniuk kell egy Fi\u00f3kot a jackpotlotteryonline.com oldalon, hogy szelv\u00e9nyeket v\u00e1s\u00e1rolhassanak.<br \/>\n3.2 A regisztr\u00e1ci\u00f3 sor\u00e1n megadott szem\u00e9lyes adatoknak pontosnak kell lenni\u00fck. B\u00e1rmilyen hamis vagy f\u00e9lrevezet\u0151 adat a Fi\u00f3k felf\u00fcggeszt\u00e9s\u00e9hez vagy megsz\u00fcntet\u00e9s\u00e9hez vezethet.<br \/>\n3.3 A j\u00e1t\u00e9kosok felel\u0151sek bejelentkez\u00e9si adataik bizalmas kezel\u00e9s\u00e9\u00e9rt. A T\u00e1rsas\u00e1g nem v\u00e1llal felel\u0151ss\u00e9get a gondatlans\u00e1gb\u00f3l ered\u0151 jogosulatlan hozz\u00e1f\u00e9r\u00e9s\u00e9rt.<\/p>\n<p>4. Befizet\u00e9sek \u00e9s kifizet\u00e9sek<br \/>\n4.1 A befizet\u00e9seket a jackpotlotteryonline.com oldalon el\u00e9rhet\u0151 fizet\u00e9si m\u00f3dokon kereszt\u00fcl lehet teljes\u00edteni.<br \/>\n4.2 A j\u00e1t\u00e9kosok felel\u0151sek az\u00e9rt, hogy elegend\u0151 p\u00e9nzeszk\u00f6zzel rendelkezzenek a sz\u00e1ml\u00e1jukon a jegyek megv\u00e1s\u00e1rl\u00e1s\u00e1hoz.<br \/>\n4.3 Minden kifizet\u00e9s biztons\u00e1gos m\u00f3don ker\u00fcl feldolgoz\u00e1sra. A T\u00e1rsas\u00e1g fenntartja a jogot, hogy sz\u00fcks\u00e9g eset\u00e9n tov\u00e1bbi ellen\u0151rz\u00e9st k\u00e9rjen.<\/p>\n<p>5. Jegyek v\u00e1s\u00e1rl\u00e1sa<br \/>\n5.1 A j\u00e1t\u00e9kosok a jackpotlotteryonline.com oldalon k\u00edn\u00e1lt k\u00fcl\u00f6nb\u00f6z\u0151 lott\u00f3j\u00e1t\u00e9kokra v\u00e1s\u00e1rolhatnak jegyeket.<br \/>\n5.2 A szelv\u00e9nyek csak a sikeres fizet\u00e9s visszaigazol\u00e1sa ut\u00e1n tekinthet\u0151k \u00e9rv\u00e9nyesnek.<\/p>\n<p>6. Nyerem\u00e9nyek<br \/>\n6.1 A nyerem\u00e9nyek kisz\u00e1m\u00edt\u00e1sa a J\u00e1t\u00e9kos \u00e1ltal kiv\u00e1lasztott sz\u00e1mok \u00e9s a hivatalos lott\u00f3szervez\u0151 \u00e1ltal kisorsolt sz\u00e1mok k\u00f6z\u00f6tti egyez\u00e9s alapj\u00e1n t\u00f6rt\u00e9nik.<br \/>\n6.2 A T\u00e1rsas\u00e1g mindent megtesz annak \u00e9rdek\u00e9ben, hogy a nyerem\u00e9nyeket halad\u00e9ktalanul kiossza a J\u00e1t\u00e9kosnak.<br \/>\n6.3 A nagy \u00f6sszeg\u0171 nyerem\u00e9nyek eset\u00e9ben tov\u00e1bbi szem\u00e9lyazonoss\u00e1g-ellen\u0151rz\u00e9sre lehet sz\u00fcks\u00e9g, miel\u0151tt a J\u00e1t\u00e9kosnak kiadj\u00e1k.<\/p>\n<p>7. A felel\u0151ss\u00e9g korl\u00e1toz\u00e1sa<br \/>\n7.1 A T\u00e1rsas\u00e1g nem felel\u0151s a jackpotlotteryonline.com haszn\u00e1lata sor\u00e1n esetlegesen el\u0151fordul\u00f3 technikai hib\u00e1k\u00e9rt vagy zavarok\u00e9rt.<br \/>\n7.2 A T\u00e1rsas\u00e1g semmilyen k\u00f6r\u00fclm\u00e9nyek k\u00f6z\u00f6tt nem vonhat\u00f3 felel\u0151ss\u00e9gre a weboldal haszn\u00e1lat\u00e1b\u00f3l ered\u0151 k\u00f6zvetett, v\u00e9letlen vagy k\u00f6vetkezm\u00e9nyes k\u00e1rok\u00e9rt.<\/p>\n<p>8. Felmond\u00e1s<br \/>\n8.1 A T\u00e1rsas\u00e1g fenntartja a jogot, hogy a Felhaszn\u00e1l\u00e1si felt\u00e9telek megszeg\u00e9se eset\u00e9n b\u00e1rmely J\u00e1t\u00e9kos fi\u00f3kj\u00e1t megsz\u00fcntesse vagy felf\u00fcggessze.<br \/>\n8.2 A J\u00e1t\u00e9kosok b\u00e1rmikor k\u00e9rhetik a Fi\u00f3k bez\u00e1r\u00e1s\u00e1t, ha a kapcsolatfelv\u00e9teli \u0171rlapon kereszt\u00fcl kapcsolatba l\u00e9pnek az \u00fcgyf\u00e9lszolg\u00e1lattal.<\/p>\n<p>9. Ir\u00e1nyad\u00f3 jog<br \/>\n9.1 A jelen Felhaszn\u00e1l\u00e1si felt\u00e9telek Ciprus t\u00f6rv\u00e9nyei szerint ir\u00e1nyad\u00f3ak \u00e9s \u00e9rtelmezend\u0151k.<\/p>\n<p>A jackpotlotteryonline.com haszn\u00e1lat\u00e1val a J\u00e1t\u00e9kos beleegyezik a fenti Felhaszn\u00e1l\u00e1si felt\u00e9telek betart\u00e1s\u00e1ba.<\/p>\n","protected":false},"excerpt":{"rendered":"<p>A Jackpot Lottery Online \u00c1ltal\u00e1nos Szerz\u0151d\u00e9si Felt\u00e9telek (a tov\u00e1bbiakban: Felhaszn\u00e1l\u00e1si Felt\u00e9telek) az LLL World Marketing Limited, Peiraios 30, 1st floor, office 1, 2023 Strovolos, Nicosia &#8211; Cyprus \u00e1ltal \u00fczemeltetett jackpotlotteryonline.com weboldalra (a tov\u00e1bbiakban: Weboldal) vonatkoznak. A jackpotlotteryonline.com weboldal megjelen\u00edt\u00e9s\u00e9vel, b\u00f6ng\u00e9sz\u00e9s\u00e9vel vagy b\u00e1rmilyen m\u00f3don t\u00f6rt\u00e9n\u0151 haszn\u00e1lat\u00e1val a J\u00e1t\u00e9kos az al\u00e1bbi Felhaszn\u00e1l\u00e1si felt\u00e9telek, valamint Adatv\u00e9delmi szab\u00e1lyzatunk hat\u00e1lya [&hellip;]<\/p>\n","protected":false},"author":7,"featured_media":0,"parent":0,"menu_order":0,"comment_status":"closed","ping_status":"closed","template":"","meta":{"_et_pb_use_builder":"","_et_pb_old_content":"","_et_gb_content_width":"","exclude_from_search":false,"footnotes":""},"class_list":["post-73003","page","type-page","status-publish","hentry"],"yoast_head":"<!-- This site is optimized with the Yoast SEO plugin v23.3 - https:\/\/yoast.com\/wordpress\/plugins\/seo\/ -->\n<title>Felt\u00e9telek \u00e9s kik\u00f6t\u00e9sek - Lotto Online - Crack The International Lottery Jackpots<\/title>\n<meta name=\"robots\" content=\"index, follow, max-snippet:-1, max-image-preview:large, max-video-preview:-1\" \/>\n<link rel=\"canonical\" href=\"https:\/\/jackpotlotteryonline.com\/hu\/feltetelek-es-kikotesek\/\" \/>\n<meta property=\"og:locale\" content=\"hu_HU\" \/>\n<meta property=\"og:type\" content=\"article\" \/>\n<meta property=\"og:title\" content=\"Felt\u00e9telek \u00e9s kik\u00f6t\u00e9sek - Lotto Online - Crack The International Lottery Jackpots\" \/>\n<meta property=\"og:description\" content=\"A Jackpot Lottery Online \u00c1ltal\u00e1nos Szerz\u0151d\u00e9si Felt\u00e9telek (a tov\u00e1bbiakban: Felhaszn\u00e1l\u00e1si Felt\u00e9telek) az LLL World Marketing Limited, Peiraios 30, 1st floor, office 1, 2023 Strovolos, Nicosia &#8211; Cyprus \u00e1ltal \u00fczemeltetett jackpotlotteryonline.com weboldalra (a tov\u00e1bbiakban: Weboldal) vonatkoznak. A jackpotlotteryonline.com weboldal megjelen\u00edt\u00e9s\u00e9vel, b\u00f6ng\u00e9sz\u00e9s\u00e9vel vagy b\u00e1rmilyen m\u00f3don t\u00f6rt\u00e9n\u0151 haszn\u00e1lat\u00e1val a J\u00e1t\u00e9kos az al\u00e1bbi Felhaszn\u00e1l\u00e1si felt\u00e9telek, valamint Adatv\u00e9delmi szab\u00e1lyzatunk hat\u00e1lya [&hellip;]\" \/>\n<meta property=\"og:url\" content=\"https:\/\/jackpotlotteryonline.com\/hu\/feltetelek-es-kikotesek\/\" \/>\n<meta property=\"og:site_name\" content=\"Lotto Online - Crack The International Lottery Jackpots\" \/>\n<meta name=\"twitter:card\" content=\"summary_large_image\" \/>\n<meta name=\"twitter:label1\" content=\"Becs\u00fclt olvas\u00e1si id\u0151\" \/>\n\t<meta name=\"twitter:data1\" content=\"3 perc\" \/>\n<!-- \/ Yoast SEO plugin. -->","yoast_head_json":{"title":"Felt\u00e9telek \u00e9s kik\u00f6t\u00e9sek - Lotto Online - Crack The International Lottery Jackpots","robots":{"index":"index","follow":"follow","max-snippet":"max-snippet:-1","max-image-preview":"max-image-preview:large","max-video-preview":"max-video-preview:-1"},"canonical":"https:\/\/jackpotlotteryonline.com\/hu\/feltetelek-es-kikotesek\/","og_locale":"hu_HU","og_type":"article","og_title":"Felt\u00e9telek \u00e9s kik\u00f6t\u00e9sek - Lotto Online - Crack The International Lottery Jackpots","og_description":"A Jackpot Lottery Online \u00c1ltal\u00e1nos Szerz\u0151d\u00e9si Felt\u00e9telek (a tov\u00e1bbiakban: Felhaszn\u00e1l\u00e1si Felt\u00e9telek) az LLL World Marketing Limited, Peiraios 30, 1st floor, office 1, 2023 Strovolos, Nicosia &#8211; Cyprus \u00e1ltal \u00fczemeltetett jackpotlotteryonline.com weboldalra (a tov\u00e1bbiakban: Weboldal) vonatkoznak. A jackpotlotteryonline.com weboldal megjelen\u00edt\u00e9s\u00e9vel, b\u00f6ng\u00e9sz\u00e9s\u00e9vel vagy b\u00e1rmilyen m\u00f3don t\u00f6rt\u00e9n\u0151 haszn\u00e1lat\u00e1val a J\u00e1t\u00e9kos az al\u00e1bbi Felhaszn\u00e1l\u00e1si felt\u00e9telek, valamint Adatv\u00e9delmi szab\u00e1lyzatunk hat\u00e1lya [&hellip;]","og_url":"https:\/\/jackpotlotteryonline.com\/hu\/feltetelek-es-kikotesek\/","og_site_name":"Lotto Online - Crack The International Lottery Jackpots","twitter_card":"summary_large_image","twitter_misc":{"Becs\u00fclt olvas\u00e1si id\u0151":"3 perc"},"schema":{"@context":"https:\/\/schema.org","@graph":[{"@type":"WebPage","@id":"https:\/\/jackpotlotteryonline.com\/hu\/feltetelek-es-kikotesek\/","url":"https:\/\/jackpotlotteryonline.com\/hu\/feltetelek-es-kikotesek\/","name":"Felt\u00e9telek \u00e9s kik\u00f6t\u00e9sek - Lotto Online - Crack The International Lottery Jackpots","isPartOf":{"@id":"https:\/\/jackpotlotteryonline.com\/#website"},"datePublished":"2025-02-02T18:17:12+00:00","dateModified":"2025-02-02T18:17:12+00:00","breadcrumb":{"@id":"https:\/\/jackpotlotteryonline.com\/hu\/feltetelek-es-kikotesek\/#breadcrumb"},"inLanguage":"hu","potentialAction":[{"@type":"ReadAction","target":["https:\/\/jackpotlotteryonline.com\/hu\/feltetelek-es-kikotesek\/"]}]},{"@type":"BreadcrumbList","@id":"https:\/\/jackpotlotteryonline.com\/hu\/feltetelek-es-kikotesek\/#breadcrumb","itemListElement":[{"@type":"ListItem","position":1,"name":"Home","item":"https:\/\/jackpotlotteryonline.com\/hu\/"},{"@type":"ListItem","position":2,"name":"Felt\u00e9telek \u00e9s kik\u00f6t\u00e9sek"}]},{"@type":"WebSite","@id":"https:\/\/jackpotlotteryonline.com\/#website","url":"https:\/\/jackpotlotteryonline.com\/","name":"Lotto Online - Crack The International Lottery Jackpots","description":"","potentialAction":[{"@type":"SearchAction","target":{"@type":"EntryPoint","urlTemplate":"https:\/\/jackpotlotteryonline.com\/?s={search_term_string}"},"query-input":"required name=search_term_string"}],"inLanguage":"hu"}]}},"_links":{"self":[{"href":"https:\/\/jackpotlotteryonline.com\/hu\/wp-json\/wp\/v2\/pages\/73003","targetHints":{"allow":["GET"]}}],"collection":[{"href":"https:\/\/jackpotlotteryonline.com\/hu\/wp-json\/wp\/v2\/pages"}],"about":[{"href":"https:\/\/jackpotlotteryonline.com\/hu\/wp-json\/wp\/v2\/types\/page"}],"author":[{"embeddable":true,"href":"https:\/\/jackpotlotteryonline.com\/hu\/wp-json\/wp\/v2\/users\/7"}],"replies":[{"embeddable":true,"href":"https:\/\/jackpotlotteryonline.com\/hu\/wp-json\/wp\/v2\/comments?post=73003"}],"version-history":[{"count":0,"href":"https:\/\/jackpotlotteryonline.com\/hu\/wp-json\/wp\/v2\/pages\/73003\/revisions"}],"wp:attachment":[{"href":"https:\/\/jackpotlotteryonline.com\/hu\/wp-json\/wp\/v2\/media?parent=73003"}],"curies":[{"name":"wp","href":"https:\/\/api.w.org\/{rel}","templated":true}]}}