{"id":77598,"date":"2025-03-21T17:37:00","date_gmt":"2025-03-21T17:37:00","guid":{"rendered":"https:\/\/jackpotlotteryonline.com\/?page_id=77598"},"modified":"2025-03-21T17:37:00","modified_gmt":"2025-03-21T17:37:00","slug":"hol-vasarolhat-new-york-i-lottojegyeket-az-egyesult-allamokon-kivul","status":"publish","type":"page","link":"https:\/\/jackpotlotteryonline.com\/hu\/jegyet-vasarolni\/hol-vasarolhat-new-york-i-lottojegyeket-az-egyesult-allamokon-kivul\/","title":{"rendered":"Hol v\u00e1s\u00e1rolhat New York-i lott\u00f3jegyeket az Egyes\u00fclt \u00c1llamokon k\u00edv\u00fcl?"},"content":{"rendered":"<p>Ezek a New York-i jackpotok teljesen hatalmasak \u2013 gyakorlatilag legend\u00e1k. Az emberek a vil\u00e1g minden t\u00e1j\u00e1r\u00f3l \u00fcld\u00f6zik \u0151ket! Mi a helyzet azokkal, akik nem az Egyes\u00fclt \u00c1llamokban \u00e9lnek? V\u00e1s\u00e1rolhat-e New York Lott\u00f3 jegyeket az USA-n k\u00edv\u00fclr\u0151l Abszol\u00fat! Tal\u00e1ld ki mit? A JackpotLottery seg\u00edts\u00e9g\u00e9vel val\u00f3di New York-i lott\u00f3szelv\u00e9nyeket szerezhet online, p\u00e9ld\u00e1ul a bolyg\u00f3 b\u00e1rmely pontj\u00e1r\u00f3l!<\/p>\n<h2>V\u00e1s\u00e1rolhat-e New York-i lott\u00f3jegyeket az Egyes\u00fclt \u00c1llamokon k\u00edv\u00fclr\u0151l?<\/h2>\n<p>Teljesen! Teh\u00e1t m\u00e9g ha nem is tart\u00f3zkodik New Yorkban vagy \u00e9ppen Amerik\u00e1ban, akkor is r\u00e9szt vehet a New York-i lott\u00f3ban. A JackpotLottery seg\u00edts\u00e9g\u00e9vel a nemzetk\u00f6zi j\u00e1t\u00e9kosok b\u00e1rhonnan biztons\u00e1gosan v\u00e1s\u00e1rolhatnak lott\u00f3szelv\u00e9nyeket. Ez kiegyenl\u00edti a j\u00e1t\u00e9kteret, \u00e9s ugyanolyan es\u00e9lyt ad a nyer\u00e9sre, mintha szem\u00e9lyesen v\u00e1s\u00e1rolna jegyet. Alapvet\u0151en a JackpotLottery megveszi neked a jegyedet, p\u00e9ld\u00e1ul egy szem\u00e9lyes lott\u00f3v\u00e1s\u00e1rl\u00f3. A fi\u00f3kj\u00e1ban megkapja hivatalos jegy\u00e9nek szkennelt m\u00e1solat\u00e1t, amely egy\u00e9rtelm\u0171en igazolja a v\u00e1s\u00e1rl\u00e1st, \u00e9s tov\u00e1bbi biztons\u00e1got ny\u00fajt.<\/p>\n<h3>Hogyan v\u00e1s\u00e1roljunk New York-i lott\u00f3jegyeket online a JackpotLottery seg\u00edts\u00e9g\u00e9vel<img loading=\"lazy\" decoding=\"async\" class=\" wp-image-29318 alignright\" src=\"https:\/\/jackpotlotteryonline.com\/wp-content\/uploads\/2022\/11\/1_play_onlinelottery=\"4-300x200C.jpg a Ti Yorksside-t\u0151l\" altter Lottery az Egyes\u00fclt \u00c1llamokban\" width=\"262\" height=\"174\" \/><\/h3>\n<p>A New York-i lott\u00f3 nemzetk\u00f6zi szinten val\u00f3 r\u00e9szv\u00e9tele nagyon k\u00f6nnyen el\u00e9rhet\u0151 a Jackpotlott\u00f3 haszn\u00e1latakor. Ezek az egyszer\u0171 utas\u00edt\u00e1sok v\u00e9gigvezetik \u00d6nt:<\/p>\n<p>1. Kezdje a regisztr\u00e1ci\u00f3val. Kezdje el a JackpotLottery-t \u00fagy, hogy megadja adatait, \u00e9s igazolja szem\u00e9lyazonoss\u00e1g\u00e1t most. \u00cdgy minden biztons\u00e1gos, \u00e9s nem lesz gond a nyerem\u00e9ny megszerz\u00e9s\u00e9vel.<br \/>\n2. A lott\u00f3 szakaszban v\u00e1lassza a New York-i lott\u00f3 lehet\u0151s\u00e9get. Ha nagy jackpotra v\u00e1gyik, a New York-i lott\u00f3 rendk\u00edv\u00fcl n\u00e9pszer\u0171 lehet\u0151s\u00e9g.<br \/>\n3. Most v\u00e1lassza ki a sz\u00e1mokat. Lehet\u0151s\u00e9ge van manu\u00e1lisan kiv\u00e1lasztani hat sz\u00e1mot 1 \u00e9s 59 k\u00f6z\u00f6tt, vagy haszn\u00e1lhatja a Quick Pick funkci\u00f3t, hogy a rendszer v\u00e9letlenszer\u0171en gener\u00e1lja azokat.<br \/>\n4. Folytassa a jegyv\u00e1s\u00e1rl\u00e1ssal. V\u00e1lasszon a rendelkez\u00e9sre \u00e1ll\u00f3 fizet\u00e9si m\u00f3dok k\u00f6z\u00fcl a k\u00e9nyelmes jegyv\u00e1s\u00e1rl\u00e1shoz. A sikeres v\u00e1s\u00e1rl\u00e1s visszaigazol\u00e1s\u00e1t k\u00f6vet\u0151en a JackpotLottery megkezdi a hivatalos jegy megszerz\u00e9s\u00e9t az \u00d6n nev\u00e9re.<\/p>\n<p>5. Ismerje meg a sorsol\u00e1s eredm\u00e9ny\u00e9t.<br \/>\nAzonnal tudja, ha el\u00e9rte a f\u0151nyerem\u00e9nyt.<br \/>\n6. Ellen\u0151rz\u00f6tt fizet\u00e9si garancia<br \/>\nA kis nyerem\u00e9nyek k\u00f6zvetlen\u00fcl a sz\u00e1ml\u00e1dra ker\u00fclnek, a nagyobbak eset\u00e9ben pedig a JackpotLottery gondoskodik mindenr\u0151l.<\/p>\n<p><strong>J\u00e1tssz m\u00e9g ma a New York-i lott\u00f3t<\/strong><br \/>\nMost m\u00e1r tudja, hogyan kell k\u00fclf\u00f6ldr\u0151l j\u00e1tszani, menjen el\u0151re, \u00e9s pr\u00f3b\u00e1ljon meg nagyot nyerni a New York-i lott\u00f3n. V\u00e1gj bele az akci\u00f3ba! Iratkozzon fel a JackpotLottery-re, vegye fel jegy\u00e9t, \u00e9s legyen r\u00e9szese Amerika izgalmas lott\u00f3sorsol\u00e1s\u00e1nak! M\u00e1r csak egy jegy v\u00e1lasztja el att\u00f3l, hogy val\u00f3ra v\u00e1ltsa jackpot \u00e1lmait.<\/p>\n","protected":false},"excerpt":{"rendered":"<p>Ezek a New York-i jackpotok teljesen hatalmasak \u2013 gyakorlatilag legend\u00e1k. Az emberek a vil\u00e1g minden t\u00e1j\u00e1r\u00f3l \u00fcld\u00f6zik \u0151ket! Mi a helyzet azokkal, akik nem az Egyes\u00fclt \u00c1llamokban \u00e9lnek? V\u00e1s\u00e1rolhat-e New York Lott\u00f3 jegyeket az USA-n k\u00edv\u00fclr\u0151l Abszol\u00fat! Tal\u00e1ld ki mit? A JackpotLottery seg\u00edts\u00e9g\u00e9vel val\u00f3di New York-i lott\u00f3szelv\u00e9nyeket szerezhet online, p\u00e9ld\u00e1ul a bolyg\u00f3 b\u00e1rmely pontj\u00e1r\u00f3l! V\u00e1s\u00e1rolhat-e [&hellip;]<\/p>\n","protected":false},"author":7,"featured_media":0,"parent":35758,"menu_order":0,"comment_status":"closed","ping_status":"closed","template":"","meta":{"_et_pb_use_builder":"","_et_pb_old_content":"","_et_gb_content_width":"","exclude_from_search":false,"footnotes":""},"class_list":["post-77598","page","type-page","status-publish","hentry"],"yoast_head":"<!-- This site is optimized with the Yoast SEO plugin v23.3 - https:\/\/yoast.com\/wordpress\/plugins\/seo\/ -->\n<title>V\u00e1s\u00e1rolhat-e New York-i lott\u00f3jegyeket az Egyes\u00fclt \u00c1llamokon k\u00edv\u00fclr\u0151l?<\/title>\n<meta name=\"description\" content=\"K\u00edv\u00e1ncsi, hogy v\u00e1s\u00e1rolhat-e New York Lottery jegyeket az Egyes\u00fclt \u00c1llamokon k\u00edv\u00fclr\u0151l? Fedezze fel az online j\u00e1t\u00e9k legjobb m\u00f3djait, \u00e9s szerezzen nemzetk\u00f6zi d\u00edjakat!\" \/>\n<meta name=\"robots\" content=\"index, follow, max-snippet:-1, max-image-preview:large, max-video-preview:-1\" \/>\n<link rel=\"canonical\" href=\"https:\/\/jackpotlotteryonline.com\/where-can-you-buy-new-york-lottery-tickets-outside-the-usa\/\" \/>\n<meta property=\"og:locale\" content=\"hu_HU\" \/>\n<meta property=\"og:type\" content=\"article\" \/>\n<meta property=\"og:title\" content=\"V\u00e1s\u00e1rolhat-e New York-i lott\u00f3jegyeket az Egyes\u00fclt \u00c1llamokon k\u00edv\u00fclr\u0151l?\" \/>\n<meta property=\"og:description\" content=\"K\u00edv\u00e1ncsi, hogy v\u00e1s\u00e1rolhat-e New York Lottery jegyeket az Egyes\u00fclt \u00c1llamokon k\u00edv\u00fclr\u0151l? Fedezze fel az online j\u00e1t\u00e9k legjobb m\u00f3djait, \u00e9s szerezzen nemzetk\u00f6zi d\u00edjakat!\" \/>\n<meta property=\"og:url\" content=\"https:\/\/jackpotlotteryonline.com\/where-can-you-buy-new-york-lottery-tickets-outside-the-usa\/\" \/>\n<meta property=\"og:site_name\" content=\"Lotto Online - Crack The International Lottery Jackpots\" \/>\n<meta property=\"og:image\" content=\"https:\/\/jackpotlotteryonline.com\/wp-content\/uploads\/2022\/11\/1_play_onlinelottery=\" \/>\n<meta name=\"twitter:card\" content=\"summary_large_image\" \/>\n<!-- \/ Yoast SEO plugin. -->","yoast_head_json":{"title":"V\u00e1s\u00e1rolhat-e New York-i lott\u00f3jegyeket az Egyes\u00fclt \u00c1llamokon k\u00edv\u00fclr\u0151l?","description":"K\u00edv\u00e1ncsi, hogy v\u00e1s\u00e1rolhat-e New York Lottery jegyeket az Egyes\u00fclt \u00c1llamokon k\u00edv\u00fclr\u0151l? Fedezze fel az online j\u00e1t\u00e9k legjobb m\u00f3djait, \u00e9s szerezzen nemzetk\u00f6zi d\u00edjakat!","robots":{"index":"index","follow":"follow","max-snippet":"max-snippet:-1","max-image-preview":"max-image-preview:large","max-video-preview":"max-video-preview:-1"},"canonical":"https:\/\/jackpotlotteryonline.com\/where-can-you-buy-new-york-lottery-tickets-outside-the-usa\/","og_locale":"hu_HU","og_type":"article","og_title":"V\u00e1s\u00e1rolhat-e New York-i lott\u00f3jegyeket az Egyes\u00fclt \u00c1llamokon k\u00edv\u00fclr\u0151l?","og_description":"K\u00edv\u00e1ncsi, hogy v\u00e1s\u00e1rolhat-e New York Lottery jegyeket az Egyes\u00fclt \u00c1llamokon k\u00edv\u00fclr\u0151l? Fedezze fel az online j\u00e1t\u00e9k legjobb m\u00f3djait, \u00e9s szerezzen nemzetk\u00f6zi d\u00edjakat!","og_url":"https:\/\/jackpotlotteryonline.com\/where-can-you-buy-new-york-lottery-tickets-outside-the-usa\/","og_site_name":"Lotto Online - Crack The International Lottery Jackpots","og_image":[{"url":"https:\/\/jackpotlotteryonline.com\/wp-content\/uploads\/2022\/11\/1_play_onlinelottery="}],"twitter_card":"summary_large_image","schema":{"@context":"https:\/\/schema.org","@graph":[{"@type":"WebPage","@id":"https:\/\/jackpotlotteryonline.com\/where-can-you-buy-new-york-lottery-tickets-outside-the-usa\/","url":"https:\/\/jackpotlotteryonline.com\/where-can-you-buy-new-york-lottery-tickets-outside-the-usa\/","name":"V\u00e1s\u00e1rolhat-e New York-i lott\u00f3jegyeket az Egyes\u00fclt \u00c1llamokon k\u00edv\u00fclr\u0151l?","isPartOf":{"@id":"https:\/\/jackpotlotteryonline.com\/#website"},"primaryImageOfPage":{"@id":"https:\/\/jackpotlotteryonline.com\/where-can-you-buy-new-york-lottery-tickets-outside-the-usa\/#primaryimage"},"image":{"@id":"https:\/\/jackpotlotteryonline.com\/where-can-you-buy-new-york-lottery-tickets-outside-the-usa\/#primaryimage"},"thumbnailUrl":"https:\/\/jackpotlotteryonline.com\/wp-content\/uploads\/2022\/11\/1_play_onlinelottery=","datePublished":"2025-03-21T17:37:00+00:00","dateModified":"2025-03-21T17:37:00+00:00","description":"K\u00edv\u00e1ncsi, hogy v\u00e1s\u00e1rolhat-e New York Lottery jegyeket az Egyes\u00fclt \u00c1llamokon k\u00edv\u00fclr\u0151l? Fedezze fel az online j\u00e1t\u00e9k legjobb m\u00f3djait, \u00e9s szerezzen nemzetk\u00f6zi d\u00edjakat!","breadcrumb":{"@id":"https:\/\/jackpotlotteryonline.com\/where-can-you-buy-new-york-lottery-tickets-outside-the-usa\/#breadcrumb"},"inLanguage":"hu","potentialAction":[{"@type":"ReadAction","target":["https:\/\/jackpotlotteryonline.com\/where-can-you-buy-new-york-lottery-tickets-outside-the-usa\/"]}]},{"@type":"ImageObject","inLanguage":"hu","@id":"https:\/\/jackpotlotteryonline.com\/where-can-you-buy-new-york-lottery-tickets-outside-the-usa\/#primaryimage","url":"https:\/\/jackpotlotteryonline.com\/wp-content\/uploads\/2022\/11\/1_play_onlinelottery=","contentUrl":"https:\/\/jackpotlotteryonline.com\/wp-content\/uploads\/2022\/11\/1_play_onlinelottery="},{"@type":"BreadcrumbList","@id":"https:\/\/jackpotlotteryonline.com\/where-can-you-buy-new-york-lottery-tickets-outside-the-usa\/#breadcrumb","itemListElement":[{"@type":"ListItem","position":1,"name":"Home","item":"https:\/\/jackpotlotteryonline.com\/hu\/"},{"@type":"ListItem","position":2,"name":"Hol v\u00e1s\u00e1rolhat New York-i lott\u00f3jegyeket az Egyes\u00fclt \u00c1llamokon k\u00edv\u00fcl?"}]},{"@type":"WebSite","@id":"https:\/\/jackpotlotteryonline.com\/#website","url":"https:\/\/jackpotlotteryonline.com\/","name":"Lotto Online - Crack The International Lottery Jackpots","description":"","potentialAction":[{"@type":"SearchAction","target":{"@type":"EntryPoint","urlTemplate":"https:\/\/jackpotlotteryonline.com\/?s={search_term_string}"},"query-input":"required name=search_term_string"}],"inLanguage":"hu"}]}},"_links":{"self":[{"href":"https:\/\/jackpotlotteryonline.com\/hu\/wp-json\/wp\/v2\/pages\/77598","targetHints":{"allow":["GET"]}}],"collection":[{"href":"https:\/\/jackpotlotteryonline.com\/hu\/wp-json\/wp\/v2\/pages"}],"about":[{"href":"https:\/\/jackpotlotteryonline.com\/hu\/wp-json\/wp\/v2\/types\/page"}],"author":[{"embeddable":true,"href":"https:\/\/jackpotlotteryonline.com\/hu\/wp-json\/wp\/v2\/users\/7"}],"replies":[{"embeddable":true,"href":"https:\/\/jackpotlotteryonline.com\/hu\/wp-json\/wp\/v2\/comments?post=77598"}],"version-history":[{"count":1,"href":"https:\/\/jackpotlotteryonline.com\/hu\/wp-json\/wp\/v2\/pages\/77598\/revisions"}],"predecessor-version":[{"id":77599,"href":"https:\/\/jackpotlotteryonline.com\/hu\/wp-json\/wp\/v2\/pages\/77598\/revisions\/77599"}],"up":[{"embeddable":true,"href":"https:\/\/jackpotlotteryonline.com\/hu\/wp-json\/wp\/v2\/pages\/35758"}],"wp:attachment":[{"href":"https:\/\/jackpotlotteryonline.com\/hu\/wp-json\/wp\/v2\/media?parent=77598"}],"curies":[{"name":"wp","href":"https:\/\/api.w.org\/{rel}","templated":true}]}}