{"id":77677,"date":"2025-03-22T07:42:33","date_gmt":"2025-03-22T07:42:33","guid":{"rendered":"https:\/\/jackpotlotteryonline.com\/?page_id=77677"},"modified":"2025-03-22T07:42:33","modified_gmt":"2025-03-22T07:42:33","slug":"ismerje-meg-a-new-york-i-lotto-mai-eredmenyeit","status":"publish","type":"page","link":"https:\/\/jackpotlotteryonline.com\/hu\/nyeroszamok\/ismerje-meg-a-new-york-i-lotto-mai-eredmenyeit\/","title":{"rendered":"Ismerje meg a New York-i lott\u00f3 mai eredm\u00e9nyeit"},"content":{"rendered":"<p>Az emberek mindig izgatottak a New York-i lott\u00f3 miatt, \u00e9s v\u00e1rj\u00e1k a leg\u00fajabb sorsol\u00e1st. Ha sz\u00fcks\u00e9ge van a mai New York-i lott\u00f3 sz\u00e1mokra, akkor pontosan ott van, ahol lennie kell. A New York Lotto sz\u00e1mok ellen\u0151rz\u00e9se gyors \u00e9s egyszer\u0171, mind\u00f6ssze n\u00e9h\u00e1ny kattint\u00e1ssal.<\/p>\n<h2>Hol l\u00e1thatom a New York-i lott\u00f3 mai eredm\u00e9nyeit?<\/h2>\n<p>Egyszer\u0171 \u00e9s k\u00e9nyelmes a New York-i lott\u00f3 mai eredm\u00e9nyeinek ellen\u0151rz\u00e9se. Itt keresheti a nyer\u0151sz\u00e1mokat;<br \/>\nB\u00edzzon a JackpotLottery-ben a naprak\u00e9sz lott\u00f3eredm\u00e9nyek\u00e9rt \u00e9s a k\u00f6zvetlen online jegyv\u00e1s\u00e1rl\u00e1si lehet\u0151s\u00e9g\u00e9rt. K\u00f6zvetlen\u00fcl az eredm\u00e9nyek kihirdet\u00e9se ut\u00e1n \u00e1ltal\u00e1ban el\u00e9rhet\u0151k ezen a platformon. S\u0151t, azonnal \u00e9rtes\u00edt\u00e9st kap nyerem\u00e9ny\u00e9r\u0151l, hogy ne maradjon le nyerem\u00e9ny\u00e9r\u0151l.<\/p>\n<p><strong>Mikor vannak a New York-i lott\u00f3 sorsol\u00e1sok?<img loading=\"lazy\" decoding=\"async\" class=\" wp-image-51568 alignright\" src=\"https:\/\/jackpotlotteryonline.com\/wp-content\/uploads\/2023\/09\/8.png\" alt=\"Hol l\u00e1thatom a New York-i lott\u00f3 mai eredm\u00e9nyeit?\" width=\"233\" height=\"233\" srcset=\"https:\/\/jackpotlotteryonline.com\/wp-content\/uploads\/2023\/09\/8.png 300w, https:\/\/jackpotlotteryonline.com\/wp-content\/uploads\/2023\/09\/8-100x100.png 100w, https:\/\/jackpotlotteryonline.com\/wp-content\/uploads\/2023\/09\/8-150x150.png 150w\" sizes=\"auto, (max-width: 233px) 100vw, 233px\" \/><\/strong><\/p>\n<p>Megn\u00e9zheti a New York Lotto sorsol\u00e1s\u00e1t minden szerd\u00e1n \u00e9s szombaton keleti id\u0151 szerint 23:21-kor. Amikor ezt a platformot haszn\u00e1lja, mindig naprak\u00e9sz lesz. A sorsol\u00e1sig tart\u00f3 visszasz\u00e1ml\u00e1l\u00e1s mindig a sorsol\u00e1s mellett l\u00e1that\u00f3.<\/p>\n<h3>Hogyan ellen\u0151rizhet\u0151, hogy megnyerte-e a New York-i lott\u00f3t<\/h3>\n<ul>\n<li>Miut\u00e1n megkapta a New York-i lott\u00f3 mai eredm\u00e9nyeit, ezek a l\u00e9p\u00e9sek v\u00e9gigvezetik a jegy ellen\u0151rz\u00e9s\u00e9n.<\/li>\n<li>Hasonl\u00edtsa \u00f6ssze a sz\u00e1mokat: Ellen\u0151rizze, hogy a kiv\u00e1lasztott sz\u00e1mok megegyeznek-e a kih\u00fazott sz\u00e1mokkal.<\/li>\n<li>N\u00e9zze meg, vannak-e extr\u00e1i: Egyes j\u00e1t\u00e9koknak b\u00f3nuszsz\u00e1mai \u00e9s szorz\u00f3i vannak.<\/li>\n<li>A nyerem\u00e9nyek ig\u00e9nyl\u00e9s\u00e9hez tartsa be k\u00f6vetel\u00e9si elj\u00e1r\u00e1sunkat, amely a nyerem\u00e9ny \u00f6sszeg\u00e9t\u0151l f\u00fcgg\u0151en v\u00e1ltozik, \u00e9s kisebb \u00f6sszeg\u0171 online k\u00f6vetel\u00e9sekkel vagy nagy jackpotok szem\u00e9lyes ellen\u0151rz\u00e9s\u00e9vel j\u00e1rhat.<\/li>\n<\/ul>\n<h2>\u00datmutat\u00f3 a New York-i lott\u00f3 nyerteseinek<\/h2>\n<p>Ha megnyered a lott\u00f3n, az \u00e9leted hamarosan megv\u00e1ltozik, ez\u00e9rt a dolgokat a megfelel\u0151 m\u00f3don kell tenned.<\/p>\n<ul>\n<li>Maradjon szinten, \u00e9s ellen\u0151rizze: \u00dcnnepl\u00e9s el\u0151tt gy\u0151z\u0151dj\u00f6n meg arr\u00f3l, hogy jegye megegyezik a hivatalos sz\u00e1mokkal.<\/li>\n<li>D\u00f6ntse el, hogyan szeretn\u00e9 a nyerem\u00e9ny\u00e9t: A jackpotokat \u00e1ltal\u00e1ban egyszeri kifizet\u00e9sk\u00e9nt vagy \u00e9ves kifizet\u00e9sek sorozat\u00e1n kereszt\u00fcl fizetik ki.<\/li>\n<li>A hossz\u00fa t\u00e1v\u00fa biztons\u00e1g biztos\u00edt\u00e1sa: K\u00e9rjen tan\u00e1csot egy p\u00e9nz\u00fcgyi tan\u00e1csad\u00f3t\u00f3l, hogy b\u00f6lcsen kezelje lott\u00f3nyerem\u00e9ny\u00e9t.<\/li>\n<li>Legyen tiszt\u00e1ban az ig\u00e9nyl\u00e9s hat\u00e1ridej\u00e9vel: \u00dcgyeljen arra, hogy a nyerem\u00e9nyt a megadott id\u0151n bel\u00fcl ig\u00e9nyelje, mivel minden j\u00e1t\u00e9knak van hat\u00e1rideje.<\/li>\n<\/ul>\n<p><strong>Szerezze meg azonnal a leg\u00fajabb New York-i lott\u00f3eredm\u00e9nyeket!<\/strong><\/p>\n<p>Most, hogy tudja a v\u00e1laszt; Hol l\u00e1thatom a New York-i lott\u00f3 mai eredm\u00e9nyeit, ellen\u0151rizze gyakran jegyeit. A legfrissebb sorsol\u00e1sokkal kapcsolatos t\u00e1j\u00e9kozotts\u00e1g n\u00f6veli a siker es\u00e9lyeit, f\u00fcggetlen\u00fcl att\u00f3l, hogy laz\u00e1n vagy f\u0151nyerem\u00e9ny\u00e9rt j\u00e1tszol. Szerezze meg a JackpotLottery leg\u00fajabb friss\u00edt\u00e9seit, \u00e9s n\u00f6velje nyer\u00e9si es\u00e9lyeit! Minden j\u00f3t k\u00edv\u00e1nunk.<\/p>\n","protected":false},"excerpt":{"rendered":"<p>Az emberek mindig izgatottak a New York-i lott\u00f3 miatt, \u00e9s v\u00e1rj\u00e1k a leg\u00fajabb sorsol\u00e1st. Ha sz\u00fcks\u00e9ge van a mai New York-i lott\u00f3 sz\u00e1mokra, akkor pontosan ott van, ahol lennie kell. A New York Lotto sz\u00e1mok ellen\u0151rz\u00e9se gyors \u00e9s egyszer\u0171, mind\u00f6ssze n\u00e9h\u00e1ny kattint\u00e1ssal. Hol l\u00e1thatom a New York-i lott\u00f3 mai eredm\u00e9nyeit? Egyszer\u0171 \u00e9s k\u00e9nyelmes a New [&hellip;]<\/p>\n","protected":false},"author":7,"featured_media":0,"parent":35832,"menu_order":0,"comment_status":"closed","ping_status":"closed","template":"","meta":{"_et_pb_use_builder":"","_et_pb_old_content":"","_et_gb_content_width":"","exclude_from_search":false,"footnotes":""},"class_list":["post-77677","page","type-page","status-publish","hentry"],"yoast_head":"<!-- This site is optimized with the Yoast SEO plugin v23.3 - https:\/\/yoast.com\/wordpress\/plugins\/seo\/ -->\n<title>Hol tekinthetem meg a mai New York-i lott\u00f3eredm\u00e9nyeket?<\/title>\n<meta name=\"description\" content=\"Hol l\u00e1thatom a New York-i lott\u00f3 mai eredm\u00e9nyeit? Tudja meg, hol tekintheti meg azonnal a leg\u00fajabb nyer\u0151sz\u00e1mokat, \u00e9s maradjon naprak\u00e9sz\" \/>\n<meta name=\"robots\" content=\"index, follow, max-snippet:-1, max-image-preview:large, max-video-preview:-1\" \/>\n<link rel=\"canonical\" href=\"https:\/\/jackpotlotteryonline.com\/find-out-todays-results-for-new-york-lottery-2\/\" \/>\n<meta property=\"og:locale\" content=\"hu_HU\" \/>\n<meta property=\"og:type\" content=\"article\" \/>\n<meta property=\"og:title\" content=\"Hol tekinthetem meg a mai New York-i lott\u00f3eredm\u00e9nyeket?\" \/>\n<meta property=\"og:description\" content=\"Hol l\u00e1thatom a New York-i lott\u00f3 mai eredm\u00e9nyeit? Tudja meg, hol tekintheti meg azonnal a leg\u00fajabb nyer\u0151sz\u00e1mokat, \u00e9s maradjon naprak\u00e9sz\" \/>\n<meta property=\"og:url\" content=\"https:\/\/jackpotlotteryonline.com\/find-out-todays-results-for-new-york-lottery-2\/\" \/>\n<meta property=\"og:site_name\" content=\"Lotto Online - Crack The International Lottery Jackpots\" \/>\n<meta property=\"og:image\" content=\"https:\/\/jackpotlotteryonline.com\/wp-content\/uploads\/2023\/09\/8.png\" \/>\n<meta name=\"twitter:card\" content=\"summary_large_image\" \/>\n<!-- \/ Yoast SEO plugin. -->","yoast_head_json":{"title":"Hol tekinthetem meg a mai New York-i lott\u00f3eredm\u00e9nyeket?","description":"Hol l\u00e1thatom a New York-i lott\u00f3 mai eredm\u00e9nyeit? Tudja meg, hol tekintheti meg azonnal a leg\u00fajabb nyer\u0151sz\u00e1mokat, \u00e9s maradjon naprak\u00e9sz","robots":{"index":"index","follow":"follow","max-snippet":"max-snippet:-1","max-image-preview":"max-image-preview:large","max-video-preview":"max-video-preview:-1"},"canonical":"https:\/\/jackpotlotteryonline.com\/find-out-todays-results-for-new-york-lottery-2\/","og_locale":"hu_HU","og_type":"article","og_title":"Hol tekinthetem meg a mai New York-i lott\u00f3eredm\u00e9nyeket?","og_description":"Hol l\u00e1thatom a New York-i lott\u00f3 mai eredm\u00e9nyeit? Tudja meg, hol tekintheti meg azonnal a leg\u00fajabb nyer\u0151sz\u00e1mokat, \u00e9s maradjon naprak\u00e9sz","og_url":"https:\/\/jackpotlotteryonline.com\/find-out-todays-results-for-new-york-lottery-2\/","og_site_name":"Lotto Online - Crack The International Lottery Jackpots","og_image":[{"url":"https:\/\/jackpotlotteryonline.com\/wp-content\/uploads\/2023\/09\/8.png"}],"twitter_card":"summary_large_image","schema":{"@context":"https:\/\/schema.org","@graph":[{"@type":"WebPage","@id":"https:\/\/jackpotlotteryonline.com\/find-out-todays-results-for-new-york-lottery-2\/","url":"https:\/\/jackpotlotteryonline.com\/find-out-todays-results-for-new-york-lottery-2\/","name":"Hol tekinthetem meg a mai New York-i lott\u00f3eredm\u00e9nyeket?","isPartOf":{"@id":"https:\/\/jackpotlotteryonline.com\/#website"},"primaryImageOfPage":{"@id":"https:\/\/jackpotlotteryonline.com\/find-out-todays-results-for-new-york-lottery-2\/#primaryimage"},"image":{"@id":"https:\/\/jackpotlotteryonline.com\/find-out-todays-results-for-new-york-lottery-2\/#primaryimage"},"thumbnailUrl":"https:\/\/jackpotlotteryonline.com\/wp-content\/uploads\/2023\/09\/8.png","datePublished":"2025-03-22T07:42:33+00:00","dateModified":"2025-03-22T07:42:33+00:00","description":"Hol l\u00e1thatom a New York-i lott\u00f3 mai eredm\u00e9nyeit? Tudja meg, hol tekintheti meg azonnal a leg\u00fajabb nyer\u0151sz\u00e1mokat, \u00e9s maradjon naprak\u00e9sz","breadcrumb":{"@id":"https:\/\/jackpotlotteryonline.com\/find-out-todays-results-for-new-york-lottery-2\/#breadcrumb"},"inLanguage":"hu","potentialAction":[{"@type":"ReadAction","target":["https:\/\/jackpotlotteryonline.com\/find-out-todays-results-for-new-york-lottery-2\/"]}]},{"@type":"ImageObject","inLanguage":"hu","@id":"https:\/\/jackpotlotteryonline.com\/find-out-todays-results-for-new-york-lottery-2\/#primaryimage","url":"https:\/\/jackpotlotteryonline.com\/wp-content\/uploads\/2023\/09\/8.png","contentUrl":"https:\/\/jackpotlotteryonline.com\/wp-content\/uploads\/2023\/09\/8.png"},{"@type":"BreadcrumbList","@id":"https:\/\/jackpotlotteryonline.com\/find-out-todays-results-for-new-york-lottery-2\/#breadcrumb","itemListElement":[{"@type":"ListItem","position":1,"name":"Home","item":"https:\/\/jackpotlotteryonline.com\/hu\/"},{"@type":"ListItem","position":2,"name":"Ismerje meg a New York-i lott\u00f3 mai eredm\u00e9nyeit"}]},{"@type":"WebSite","@id":"https:\/\/jackpotlotteryonline.com\/#website","url":"https:\/\/jackpotlotteryonline.com\/","name":"Lotto Online - Crack The International Lottery Jackpots","description":"","potentialAction":[{"@type":"SearchAction","target":{"@type":"EntryPoint","urlTemplate":"https:\/\/jackpotlotteryonline.com\/?s={search_term_string}"},"query-input":"required name=search_term_string"}],"inLanguage":"hu"}]}},"_links":{"self":[{"href":"https:\/\/jackpotlotteryonline.com\/hu\/wp-json\/wp\/v2\/pages\/77677","targetHints":{"allow":["GET"]}}],"collection":[{"href":"https:\/\/jackpotlotteryonline.com\/hu\/wp-json\/wp\/v2\/pages"}],"about":[{"href":"https:\/\/jackpotlotteryonline.com\/hu\/wp-json\/wp\/v2\/types\/page"}],"author":[{"embeddable":true,"href":"https:\/\/jackpotlotteryonline.com\/hu\/wp-json\/wp\/v2\/users\/7"}],"replies":[{"embeddable":true,"href":"https:\/\/jackpotlotteryonline.com\/hu\/wp-json\/wp\/v2\/comments?post=77677"}],"version-history":[{"count":1,"href":"https:\/\/jackpotlotteryonline.com\/hu\/wp-json\/wp\/v2\/pages\/77677\/revisions"}],"predecessor-version":[{"id":77678,"href":"https:\/\/jackpotlotteryonline.com\/hu\/wp-json\/wp\/v2\/pages\/77677\/revisions\/77678"}],"up":[{"embeddable":true,"href":"https:\/\/jackpotlotteryonline.com\/hu\/wp-json\/wp\/v2\/pages\/35832"}],"wp:attachment":[{"href":"https:\/\/jackpotlotteryonline.com\/hu\/wp-json\/wp\/v2\/media?parent=77677"}],"curies":[{"name":"wp","href":"https:\/\/api.w.org\/{rel}","templated":true}]}}