{"id":77745,"date":"2025-03-22T08:30:54","date_gmt":"2025-03-22T08:30:54","guid":{"rendered":"https:\/\/jackpotlotteryonline.com\/?page_id=77745"},"modified":"2025-03-22T08:30:54","modified_gmt":"2025-03-22T08:30:54","slug":"tudja-meg-hogyan-kell-jatszani-a-new-york-i-lottot-az-egyesult-allamokon-kivulrol","status":"publish","type":"page","link":"https:\/\/jackpotlotteryonline.com\/hu\/tudja-meg-hogyan-kell-jatszani-a-new-york-i-lottot-az-egyesult-allamokon-kivulrol\/","title":{"rendered":"Tudja meg, hogyan kell j\u00e1tszani a New York-i lott\u00f3t az Egyes\u00fclt \u00c1llamokon k\u00edv\u00fclr\u0151l"},"content":{"rendered":"<p>Sz\u00f3val, akkor is szeretn\u00e9l j\u00e1tszani a New York-i lott\u00f3n, ha f\u00e9l\u00faton j\u00e1rsz a f\u00f6ldkereks\u00e9gen? Ezek a New York-i jackpotok olyan hatalmasak. Nem viccek. Az emberek mindenhonnan arr\u00f3l \u00e1lmodoznak, hogy nyerjenek. Ok\u00e9, k\u00e9pzeld el ezt: a New York-i lott\u00f3, igaz? Nagy nyerem\u00e9nyek, \u00e9letet megv\u00e1ltoztat\u00f3 nyerem\u00e9nyek. De nem \u00e9ppen a Times Square-en l\u00f3gsz. Nincs izzads\u00e1g! K\u00f6sz\u00f6net a Jackpotlotteryonline-nak; ahol az USA-n k\u00edv\u00fcl v\u00e1s\u00e1rolhatsz New York Lottery jegyeket, b\u00e1rhol is vagy, teljesen beugorhatsz a j\u00e1t\u00e9kba.<\/p>\n<h2>J\u00e1tszhat-e a New York-i lott\u00f3 az Egyes\u00fclt \u00c1llamokon k\u00edv\u00fclr\u0151l<img loading=\"lazy\" decoding=\"async\" class=\" wp-image-28535 alignright\" src=\"http:\/\/jackpotlotteryonline.com\/wp-content\/uploads\/2022\/11\/1_online_lottery_success-300x213.jpg\" J\u00e1tssz a New Yorkon k\u00edv\u00fclr\u0151l\" width=\"220\" height=\"156\" srcset=\"https:\/\/jackpotlotteryonline.com\/wp-content\/uploads\/2022\/11\/1_online_lottery_success-300x213.jpg 300w, https:\/\/jackpotlotteryonline.com\/wp-content\/uploads\/2022\/11\/1_online_lottery_success.jpg 320w\" sizes=\"auto, (max-width: 220px) 100vw, 220px\" \/><\/h2>\n<p>Igen, \u00e9s nem kell New Yorkban, de m\u00e9g az Egyes\u00fclt \u00c1llamokban sem. Platformunk lehet\u0151v\u00e9 teszi, hogy jegyet kapjon, \u00e9s csatlakozzon a sz\u00f3rakoz\u00e1shoz, ak\u00e1rcsak valaki, aki jegyet v\u00e1s\u00e1rol a sarki boltban. Ugyanilyen es\u00e9lyed van a jackpot megszerz\u00e9s\u00e9re.<\/p>\n<h3>Hogyan j\u00e1tsszuk a New York-i lott\u00f3t az Egyes\u00fclt \u00c1llamokon k\u00edv\u00fclr\u0151l<\/h3>\n<p>Ez rendk\u00edv\u00fcl egyszer\u0171 a Jackpotlotteryonline seg\u00edts\u00e9g\u00e9vel:<\/p>\n<ul>\n<li>Hozzon l\u00e9tre fi\u00f3kot: Regisztr\u00e1ljon, adja meg adatait, \u00e9s bizony\u00edtsa, hogy \u00d6n maga. Tartsa biztons\u00e1gban jegyeit \u00e9s k\u00e9szp\u00e9nz\u00e9t.<\/li>\n<li>Kezdje keresse meg a Lott\u00f3 r\u00e9szt, majd v\u00e1lassza ki a New York Lotto j\u00e1t\u00e9kot.<\/li>\n<li>V\u00e1laszd ki a szerencsesz\u00e1mokat: v\u00e1lassz hat sz\u00e1mot (1-59), vagy nyomd meg a &#8220;gyors v\u00e1laszt\u00e1s funkci\u00f3&#8221; gombot.<\/li>\n<li>V\u00e1s\u00e1rolja meg jegy\u00e9t: Fizessen azzal, ami m\u0171k\u00f6dik, mi pedig elk\u00fcldj\u00fck a hivatalos jegy\u00e9nek szkennelt p\u00e9ld\u00e1ny\u00e1t.<\/li>\n<li>V\u00e1rja a sorsol\u00e1st: A sorsol\u00e1s szerda \u00e9s szombat este van. Ellen\u0151rizze az eredm\u00e9nyeket ezen a platformon.<\/li>\n<\/ul>\n<h3>Mi\u00e9rt \u00e9rdemes online j\u00e1tszani?<\/h3>\n<ul>\n<li>Egyszer\u0171: J\u00e1tssz a kanap\u00e9r\u00f3l, nincs sz\u00fcks\u00e9g utaz\u00e1sra.<\/li>\n<li>Gyorsjegyek: V\u00e1s\u00e1rolja meg gyorsan, sorok n\u00e9lk\u00fcl.<\/li>\n<li>Nincsenek elveszett jegyek: Jegyei online, \u00e9ps\u00e9gben \u00e9lnek.<\/li>\n<li>\u00d6n nyert!: Azonnal elmondjuk, \u00e9s a kis nyerem\u00e9nyek egyenesen az \u00d6n sz\u00e1ml\u00e1j\u00e1ra ker\u00fclnek.<br \/>\nBiztons\u00e1gos k\u00e9szp\u00e9nz: Gondoskodunk arr\u00f3l, hogy megkapja nyerem\u00e9ny\u00e9t, semmi vicces \u00fcgy.<\/li>\n<\/ul>\n<p><strong>K\u00e9szp\u00e9nz megszerz\u00e9se, ha nyer:<\/strong><\/p>\n<ul>\n<li>Kisebb nyerem\u00e9nyek: k\u00f6zvetlen\u00fcl a fi\u00f3kj\u00e1ba helyezz\u00fck.<\/li>\n<li>Nagy gy\u0151zelem: Seg\u00edt\u00fcnk megszerezni, ak\u00e1r szem\u00e9lyesen is.<\/li>\n<li>Teljes biztons\u00e1gban: Nyerem\u00e9ny\u00e9t z\u00e1rolva tartjuk.<\/li>\n<\/ul>\n<p><strong>K\u00e9szen \u00e1llsz, hogy szerencs\u00e9t pr\u00f3b\u00e1lj?<\/strong><br \/>\nA New York-i lott\u00f3 vil\u00e1gszerte val\u00f3 r\u00e9szv\u00e9tele most hihetetlen\u00fcl egyszer\u0171. A Jackpotlotteryonline elhozza a New York-i lott\u00f3 izgalm\u00e1t, f\u00fcggetlen\u00fcl att\u00f3l, hogy hol tart\u00f3zkodik. A sz\u00e1mok kiv\u00e1laszt\u00e1sa gyerekj\u00e1t\u00e9k, ak\u00e1r saj\u00e1t maga v\u00e1lasztja ki \u0151ket, ak\u00e1r a Quick Pick funkci\u00f3t haszn\u00e1lja, \u00e9s ez mindig biztons\u00e1gos \u00e9s egyszer\u0171. Most, hogy az Egyes\u00fclt \u00c1llamokon k\u00edv\u00fcl is j\u00e1tszhat a New York-i lott\u00f3szelv\u00e9nyekkel, regisztr\u00e1ljon vagy jelentkezzen be platformunkon, ha m\u00e1r van fi\u00f3kja n\u00e1lunk, \u00e9s csatlakozzon a sz\u00f3rakoz\u00e1shoz. Ki tudja, lehet, hogy nagyot nyersz! A jackpot \u00e1lma csak n\u00e9h\u00e1ny kattint\u00e1snyira van.<\/p>\n","protected":false},"excerpt":{"rendered":"<p>Sz\u00f3val, akkor is szeretn\u00e9l j\u00e1tszani a New York-i lott\u00f3n, ha f\u00e9l\u00faton j\u00e1rsz a f\u00f6ldkereks\u00e9gen? Ezek a New York-i jackpotok olyan hatalmasak. Nem viccek. Az emberek mindenhonnan arr\u00f3l \u00e1lmodoznak, hogy nyerjenek. Ok\u00e9, k\u00e9pzeld el ezt: a New York-i lott\u00f3, igaz? Nagy nyerem\u00e9nyek, \u00e9letet megv\u00e1ltoztat\u00f3 nyerem\u00e9nyek. De nem \u00e9ppen a Times Square-en l\u00f3gsz. Nincs izzads\u00e1g! K\u00f6sz\u00f6net a [&hellip;]<\/p>\n","protected":false},"author":7,"featured_media":0,"parent":0,"menu_order":0,"comment_status":"closed","ping_status":"closed","template":"","meta":{"_et_pb_use_builder":"","_et_pb_old_content":"","_et_gb_content_width":"","exclude_from_search":false,"footnotes":""},"class_list":["post-77745","page","type-page","status-publish","hentry"],"yoast_head":"<!-- This site is optimized with the Yoast SEO plugin v23.3 - https:\/\/yoast.com\/wordpress\/plugins\/seo\/ -->\n<title>Hogyan j\u00e1tssz a New York-i lott\u00f3ban az Egyes\u00fclt \u00c1llamokon k\u00edv\u00fclr\u0151l<\/title>\n<meta name=\"description\" content=\"Ismerje meg, hogyan j\u00e1tsszon a New York-lott\u00f3n az Egyes\u00fclt \u00c1llamokon k\u00edv\u00fclr\u0151l Fedezze fel az online lehet\u0151s\u00e9geket, \u00e9s hogyan ig\u00e9nyelhet nyerem\u00e9nyeket b\u00e1rhonnan\" \/>\n<meta name=\"robots\" content=\"index, follow, max-snippet:-1, max-image-preview:large, max-video-preview:-1\" \/>\n<link rel=\"canonical\" href=\"https:\/\/jackpotlotteryonline.com\/find-out-how-to-play-the-new-york-lottery-from-outside-the-us\/\" \/>\n<meta property=\"og:locale\" content=\"hu_HU\" \/>\n<meta property=\"og:type\" content=\"article\" \/>\n<meta property=\"og:title\" content=\"Hogyan j\u00e1tssz a New York-i lott\u00f3ban az Egyes\u00fclt \u00c1llamokon k\u00edv\u00fclr\u0151l\" \/>\n<meta property=\"og:description\" content=\"Ismerje meg, hogyan j\u00e1tsszon a New York-lott\u00f3n az Egyes\u00fclt \u00c1llamokon k\u00edv\u00fclr\u0151l Fedezze fel az online lehet\u0151s\u00e9geket, \u00e9s hogyan ig\u00e9nyelhet nyerem\u00e9nyeket b\u00e1rhonnan\" \/>\n<meta property=\"og:url\" content=\"https:\/\/jackpotlotteryonline.com\/find-out-how-to-play-the-new-york-lottery-from-outside-the-us\/\" \/>\n<meta property=\"og:site_name\" content=\"Lotto Online - Crack The International Lottery Jackpots\" \/>\n<meta property=\"og:image\" content=\"http:\/\/jackpotlotteryonline.com\/wp-content\/uploads\/2022\/11\/1_online_lottery_success-300x213.jpg\" \/>\n<meta name=\"twitter:card\" content=\"summary_large_image\" \/>\n<!-- \/ Yoast SEO plugin. -->","yoast_head_json":{"title":"Hogyan j\u00e1tssz a New York-i lott\u00f3ban az Egyes\u00fclt \u00c1llamokon k\u00edv\u00fclr\u0151l","description":"Ismerje meg, hogyan j\u00e1tsszon a New York-lott\u00f3n az Egyes\u00fclt \u00c1llamokon k\u00edv\u00fclr\u0151l Fedezze fel az online lehet\u0151s\u00e9geket, \u00e9s hogyan ig\u00e9nyelhet nyerem\u00e9nyeket b\u00e1rhonnan","robots":{"index":"index","follow":"follow","max-snippet":"max-snippet:-1","max-image-preview":"max-image-preview:large","max-video-preview":"max-video-preview:-1"},"canonical":"https:\/\/jackpotlotteryonline.com\/find-out-how-to-play-the-new-york-lottery-from-outside-the-us\/","og_locale":"hu_HU","og_type":"article","og_title":"Hogyan j\u00e1tssz a New York-i lott\u00f3ban az Egyes\u00fclt \u00c1llamokon k\u00edv\u00fclr\u0151l","og_description":"Ismerje meg, hogyan j\u00e1tsszon a New York-lott\u00f3n az Egyes\u00fclt \u00c1llamokon k\u00edv\u00fclr\u0151l Fedezze fel az online lehet\u0151s\u00e9geket, \u00e9s hogyan ig\u00e9nyelhet nyerem\u00e9nyeket b\u00e1rhonnan","og_url":"https:\/\/jackpotlotteryonline.com\/find-out-how-to-play-the-new-york-lottery-from-outside-the-us\/","og_site_name":"Lotto Online - Crack The International Lottery Jackpots","og_image":[{"url":"http:\/\/jackpotlotteryonline.com\/wp-content\/uploads\/2022\/11\/1_online_lottery_success-300x213.jpg"}],"twitter_card":"summary_large_image","schema":{"@context":"https:\/\/schema.org","@graph":[{"@type":"WebPage","@id":"https:\/\/jackpotlotteryonline.com\/find-out-how-to-play-the-new-york-lottery-from-outside-the-us\/","url":"https:\/\/jackpotlotteryonline.com\/find-out-how-to-play-the-new-york-lottery-from-outside-the-us\/","name":"Hogyan j\u00e1tssz a New York-i lott\u00f3ban az Egyes\u00fclt \u00c1llamokon k\u00edv\u00fclr\u0151l","isPartOf":{"@id":"https:\/\/jackpotlotteryonline.com\/#website"},"primaryImageOfPage":{"@id":"https:\/\/jackpotlotteryonline.com\/find-out-how-to-play-the-new-york-lottery-from-outside-the-us\/#primaryimage"},"image":{"@id":"https:\/\/jackpotlotteryonline.com\/find-out-how-to-play-the-new-york-lottery-from-outside-the-us\/#primaryimage"},"thumbnailUrl":"http:\/\/jackpotlotteryonline.com\/wp-content\/uploads\/2022\/11\/1_online_lottery_success-300x213.jpg","datePublished":"2025-03-22T08:30:54+00:00","dateModified":"2025-03-22T08:30:54+00:00","description":"Ismerje meg, hogyan j\u00e1tsszon a New York-lott\u00f3n az Egyes\u00fclt \u00c1llamokon k\u00edv\u00fclr\u0151l Fedezze fel az online lehet\u0151s\u00e9geket, \u00e9s hogyan ig\u00e9nyelhet nyerem\u00e9nyeket b\u00e1rhonnan","breadcrumb":{"@id":"https:\/\/jackpotlotteryonline.com\/find-out-how-to-play-the-new-york-lottery-from-outside-the-us\/#breadcrumb"},"inLanguage":"hu","potentialAction":[{"@type":"ReadAction","target":["https:\/\/jackpotlotteryonline.com\/find-out-how-to-play-the-new-york-lottery-from-outside-the-us\/"]}]},{"@type":"ImageObject","inLanguage":"hu","@id":"https:\/\/jackpotlotteryonline.com\/find-out-how-to-play-the-new-york-lottery-from-outside-the-us\/#primaryimage","url":"http:\/\/jackpotlotteryonline.com\/wp-content\/uploads\/2022\/11\/1_online_lottery_success-300x213.jpg","contentUrl":"http:\/\/jackpotlotteryonline.com\/wp-content\/uploads\/2022\/11\/1_online_lottery_success-300x213.jpg"},{"@type":"BreadcrumbList","@id":"https:\/\/jackpotlotteryonline.com\/find-out-how-to-play-the-new-york-lottery-from-outside-the-us\/#breadcrumb","itemListElement":[{"@type":"ListItem","position":1,"name":"Home","item":"https:\/\/jackpotlotteryonline.com\/hu\/"},{"@type":"ListItem","position":2,"name":"Tudja meg, hogyan kell j\u00e1tszani a New York-i lott\u00f3t az Egyes\u00fclt \u00c1llamokon k\u00edv\u00fclr\u0151l"}]},{"@type":"WebSite","@id":"https:\/\/jackpotlotteryonline.com\/#website","url":"https:\/\/jackpotlotteryonline.com\/","name":"Lotto Online - Crack The International Lottery Jackpots","description":"","potentialAction":[{"@type":"SearchAction","target":{"@type":"EntryPoint","urlTemplate":"https:\/\/jackpotlotteryonline.com\/?s={search_term_string}"},"query-input":"required name=search_term_string"}],"inLanguage":"hu"}]}},"_links":{"self":[{"href":"https:\/\/jackpotlotteryonline.com\/hu\/wp-json\/wp\/v2\/pages\/77745","targetHints":{"allow":["GET"]}}],"collection":[{"href":"https:\/\/jackpotlotteryonline.com\/hu\/wp-json\/wp\/v2\/pages"}],"about":[{"href":"https:\/\/jackpotlotteryonline.com\/hu\/wp-json\/wp\/v2\/types\/page"}],"author":[{"embeddable":true,"href":"https:\/\/jackpotlotteryonline.com\/hu\/wp-json\/wp\/v2\/users\/7"}],"replies":[{"embeddable":true,"href":"https:\/\/jackpotlotteryonline.com\/hu\/wp-json\/wp\/v2\/comments?post=77745"}],"version-history":[{"count":1,"href":"https:\/\/jackpotlotteryonline.com\/hu\/wp-json\/wp\/v2\/pages\/77745\/revisions"}],"predecessor-version":[{"id":77746,"href":"https:\/\/jackpotlotteryonline.com\/hu\/wp-json\/wp\/v2\/pages\/77745\/revisions\/77746"}],"wp:attachment":[{"href":"https:\/\/jackpotlotteryonline.com\/hu\/wp-json\/wp\/v2\/media?parent=77745"}],"curies":[{"name":"wp","href":"https:\/\/api.w.org\/{rel}","templated":true}]}}