{"id":31955,"date":"2022-11-01T08:57:14","date_gmt":"2022-11-01T08:57:14","guid":{"rendered":"https:\/\/jackpotlotteryonline.com\/?page_id=31955"},"modified":"2023-01-06T11:33:39","modified_gmt":"2023-01-06T11:33:39","slug":"home","status":"publish","type":"page","link":"https:\/\/jackpotlotteryonline.com\/it\/","title":{"rendered":"Home"},"content":{"rendered":"<h2>Giocare al lotto online e migliorare le proprie possibilit\u00e0<\/h2>\n<p>Vi mostriamo i modi per <a href=\"https:\/\/jackpotlotteryonline.com\/it\/come-giocare\">giocare facilmente al lotto online<\/a> &#8211; per TUTTI gli enormi Jackpot, per le lotterie non solo del vostro paese, ma di tutto il mondo. La vostra lotteria nazionale non ha lotterie interessanti? Non \u00e8 pi\u00f9 un problema, basta puntare ai premi veramente grandi. Non sprecate i vostri soldi con premi piccoli: ci sono lotterie con jackpot enormi.<\/p>\n<p><strong>Controllate i banner sul nostro sito web per vedere i pi\u00f9 grandi jackpot per i quali potete giocare al momento.<\/strong><br \/>\n<img loading=\"lazy\" decoding=\"async\" class=\"size-full wp-image-18302 alignright\" src=\"https:\/\/jackpotlotteryonline.com\/wp-content\/uploads\/2022\/10\/ticket_balls.jpg\" alt=\"giocare al lotto online\" width=\"297\" height=\"101\" \/><\/p>\n<p>Tutti questi grandi eventi di lotteria con jackpot sono ora facilmente disponibili, indipendentemente dal luogo in cui si vive. Basta cliccare su uno dei link per giocare al lotto online e iscriversi a RedFoxLotto, dove \u00e8 possibile acquistare un biglietto via internet per ognuno di questi enormi jackpot! RedFoxLotto vi permette di acquistare un biglietto per tutti i pi\u00f9 grandi jackpot del mondo, indipendentemente dal luogo in cui vivete. L&#8217;azienda acquister\u00e0 in modo affidabile il biglietto per voi e si assicurer\u00e0 che riceviate le vostre vincite.<\/p>\n<h2>Accesso alle lotterie internazionali<\/h2>\n<p>Sul nostro sito web vi forniamo informazioni dettagliate su tutte le grandi lotterie con jackpot del mondo, su come giocare online, su come pagare, su come ottenere le vincite e su cosa dovete fare se vincete il jackpot. Basta leggere gli articoli su come partecipare e le recensioni delle lotterie su questo sito (controllare il menu in alto), per scegliere facilmente l&#8217;evento giusto per voi.<\/p>\n<h2>\u00c8 facile giocare online<\/h2>\n<p>Che vogliate giocare al Powerball Jackpot statunitense, all&#8217;EuroMillions Jackpot, all&#8217;El Gordo spagnolo, al SuperEnaLotto italiano o a qualsiasi altra lotteria, potete <a href=\"https:\/\/jackpotlotteryonline.com\/it\/comprare-biglietti\">acquistare tutti i vostri biglietti in un unico posto<\/a>, proprio qui sul nostro sito web.<\/p>\n<p>Con il nostro aiuto, non siete pi\u00f9 limitati al lotto nazionale: ora potete scegliere di giocare al lotto online per qualsiasi evento vogliate, via internet. In questo modo, potrete scegliere il jackpot pi\u00f9 alto del momento, aumentando cos\u00ec le vostre possibilit\u00e0 di vincita. Oppure, scegliete il lotto di prossima estrazione: in questo modo non dovrete aspettare a lungo per sapere se avete vinto! \u00c8 semplicissimo, dalla scelta del jackpot della lotteria all&#8217;estrazione dei numeri e al pagamento.<\/p>\n<section class=\"layout\" style=\"border: solid 1px; width: 100%;\">\n<div class=\"img-div\" style=\"margin-top: 5px;\"><img decoding=\"async\" class=\"wp-image-17212 alignleft\" style=\"height: 45px; margin: 8px 8px 0px;\" src=\"https:\/\/jackpotlotteryonline.com\/wp-content\/uploads\/2022\/11\/read1.jpg\" alt=\"leggere\" width=\"\" height=\"\" \/><\/div>\n<div style=\"padding-left: 5px;\">\n<div style=\"font-size: 1.1em;\">\n<p><strong>\u00c8 legale giocare alle lotterie di altri Paesi online?<\/strong><\/p>\n<p style=\"font-size: 0.85em; margin-top: -1.5em;\">\u00c8 legale prendere un biglietto della lotteria online e verr\u00f2 effettivamente pagato?\u00a0 <a href=\"https:\/\/jackpotlotteryonline.com\/it\/e-legale-giocare-alle-lotterie-di-altri-paesi-online\"> Per saperne di pi\u00f9<\/a><\/p>\n<\/div>\n<\/div>\n<\/section>\n<h2>Servizio di biglietteria online<\/h2>\n<p>Ecco come funziona: Offriamo un servizio di corriere per i biglietti della lotteria internazionale. Scegliete la lotteria che volete giocare online, cliccando su uno dei banner qui sopra. Poi scegliete i vostri numeri online. Se preferite che i numeri del vostro lotto siano scelti da un generatore di numeri casuali, potete farlo anche voi. Una volta decisi i numeri, si deve registrare un account e scegliere un metodo di pagamento per il biglietto del lotto. Sono disponibili diversi metodi di pagamento sicuri.<\/p>\n<p>I nostri agenti acquistano il biglietto per voi e vi inviano un&#8217;e-mail di conferma come prova dell&#8217;acquisto. Una copia scannerizzata del biglietto del lotto apparir\u00e0 sul vostro conto poco dopo l&#8217;acquisto.<\/p>\n<h2>I vantaggi di giocare alle lotterie internazionali online<\/h2>\n<ul>\n<li>Pi\u00f9 scelta &#8211; invece di essere costretti a giocare alla vostra lotteria locale, indipendentemente dall&#8217;entit\u00e0 del jackpot, potete scegliere tra pi\u00f9 lotterie.<\/li>\n<li>Migliore rapporto qualit\u00e0-prezzo &#8211; invece di pagare, ad esempio, 2 euro per un biglietto che pu\u00f2 vincere 1 milione di euro, si pu\u00f2 giocare per un Mega-Jackpot di 100 milioni di euro o molto di pi\u00f9. Anche se pagherete un prezzo pi\u00f9 alto per biglietto per la lotteria pi\u00f9 grande, matematicamente il vostro denaro sar\u00e0 meglio speso giocando per la ricompensa pi\u00f9 grande.<\/li>\n<li>Convenienza &#8211; non \u00e8 pi\u00f9 necessario uscire di casa per prendere un biglietto. \u00c8 possibile acquistare il biglietto da casa o utilizzare il cellulare per giocare alla lotteria.<\/li>\n<li>Sicurezza &#8211; un biglietto della lotteria online non pu\u00f2 essere perso, come un biglietto del lotto fisico. I biglietti della lotteria sono conservati in modo sicuro nel vostro conto online.<\/li>\n<\/ul>\n<h2>Quando si svolgono le estrazioni di tutte queste lotterie?<\/h2>\n<p>Guardate l&#8217;immagine qui sotto. Essa mostra una panoramica dei giorni della settimana per le estrazioni delle lotterie pi\u00f9 importanti.<br \/>\n<img loading=\"lazy\" decoding=\"async\" class=\"wp-image-17843 aligncenter\" src=\"https:\/\/jackpotlotteryonline.com\/wp-content\/uploads\/2022\/10\/Lotto-draw-calendar-UTC-300x50.jpg\" alt=\"orari di estrazione della lotteria\" width=\"684\" height=\"114\" srcset=\"https:\/\/jackpotlotteryonline.com\/wp-content\/uploads\/2022\/10\/Lotto-draw-calendar-UTC-300x50.jpg 300w, https:\/\/jackpotlotteryonline.com\/wp-content\/uploads\/2022\/10\/Lotto-draw-calendar-UTC-600x101.jpg 600w, https:\/\/jackpotlotteryonline.com\/wp-content\/uploads\/2022\/10\/Lotto-draw-calendar-UTC-1024x172.jpg 1024w, https:\/\/jackpotlotteryonline.com\/wp-content\/uploads\/2022\/10\/Lotto-draw-calendar-UTC-768x129.jpg 768w, https:\/\/jackpotlotteryonline.com\/wp-content\/uploads\/2022\/10\/Lotto-draw-calendar-UTC.jpg 1287w\" sizes=\"auto, (max-width: 684px) 100vw, 684px\" \/><\/p>\n<h2>Cosa succede se si vince un premio della lotteria?<\/h2>\n<p>In caso di vincita, vi invieremo un&#8217;e-mail di notifica della vincita. Non \u00e8 mai possibile perdere una vincita o smarrire il biglietto. La richiesta di pagamento verr\u00e0 inoltrata alla societ\u00e0 della lotteria, che provveder\u00e0 a emettere un assegno o a trasferire la vincita sul vostro conto corrente. Se vincete un grosso jackpot, in alcuni casi vi sar\u00e0 richiesto di presentarvi di persona presso la sede della lotteria. Non \u00e8 un problema, vero?<\/p>\n<p>Le vincite pi\u00f9 piccole, fino a 2.500 euro, saranno aggiunte subito al vostro conto giocatore e potrete incassarle o utilizzare i fondi per acquistare altri biglietti del lotto.<\/p>\n<p><strong>Ecco come funziona. Siete pronti a vincere alla grande? Acquistate i vostri biglietti oggi stesso!<\/strong><\/p>\n","protected":false},"excerpt":{"rendered":"<p>Giocare al lotto online e migliorare le proprie possibilit\u00e0 Vi mostriamo i modi per giocare facilmente al lotto online &#8211; per TUTTI gli enormi Jackpot, per le lotterie non solo del vostro paese, ma di tutto il mondo. La vostra lotteria nazionale non ha lotterie interessanti? Non \u00e8 pi\u00f9 un problema, basta puntare ai premi [&hellip;]<\/p>\n","protected":false},"author":1,"featured_media":0,"parent":0,"menu_order":1,"comment_status":"closed","ping_status":"closed","template":"lotto.php","meta":{"_et_pb_use_builder":"","_et_pb_old_content":"","_et_gb_content_width":"","exclude_from_search":false,"footnotes":""},"class_list":["post-31955","page","type-page","status-publish","hentry"],"yoast_head":"<!-- This site is optimized with the Yoast SEO plugin v23.3 - https:\/\/yoast.com\/wordpress\/plugins\/seo\/ -->\n<title>Gioca al Lotto online - Scopri i jackpot della lotteria internazionale!<\/title>\n<meta name=\"description\" content=\"Prendi il tuo biglietto per i jackpot della lotteria in tutto il mondo - gioca a tutti i jackpot online e vinci milioni.\" \/>\n<meta name=\"robots\" content=\"index, follow, max-snippet:-1, max-image-preview:large, max-video-preview:-1\" \/>\n<link rel=\"canonical\" href=\"https:\/\/jackpotlotteryonline.com\/it\/\" \/>\n<meta property=\"og:locale\" content=\"it_IT\" \/>\n<meta property=\"og:type\" content=\"article\" \/>\n<meta property=\"og:title\" content=\"Gioca al Lotto online - Scopri i jackpot della lotteria internazionale!\" \/>\n<meta property=\"og:description\" content=\"Prendi il tuo biglietto per i jackpot della lotteria in tutto il mondo - gioca a tutti i jackpot online e vinci milioni.\" \/>\n<meta property=\"og:url\" content=\"https:\/\/jackpotlotteryonline.com\/it\/\" \/>\n<meta property=\"og:site_name\" content=\"Lotto Online - Crack The International Lottery Jackpots\" \/>\n<meta property=\"article:modified_time\" content=\"2023-01-06T11:33:39+00:00\" \/>\n<meta property=\"og:image\" content=\"https:\/\/jackpotlotteryonline.com\/wp-content\/uploads\/2022\/10\/ticket_balls.jpg\" \/>\n<meta name=\"twitter:card\" content=\"summary_large_image\" \/>\n<meta name=\"twitter:label1\" content=\"Tempo di lettura stimato\" \/>\n\t<meta name=\"twitter:data1\" content=\"5 minuti\" \/>\n<!-- \/ Yoast SEO plugin. -->","yoast_head_json":{"title":"Gioca al Lotto online - Scopri i jackpot della lotteria internazionale!","description":"Prendi il tuo biglietto per i jackpot della lotteria in tutto il mondo - gioca a tutti i jackpot online e vinci milioni.","robots":{"index":"index","follow":"follow","max-snippet":"max-snippet:-1","max-image-preview":"max-image-preview:large","max-video-preview":"max-video-preview:-1"},"canonical":"https:\/\/jackpotlotteryonline.com\/it\/","og_locale":"it_IT","og_type":"article","og_title":"Gioca al Lotto online - Scopri i jackpot della lotteria internazionale!","og_description":"Prendi il tuo biglietto per i jackpot della lotteria in tutto il mondo - gioca a tutti i jackpot online e vinci milioni.","og_url":"https:\/\/jackpotlotteryonline.com\/it\/","og_site_name":"Lotto Online - Crack The International Lottery Jackpots","article_modified_time":"2023-01-06T11:33:39+00:00","og_image":[{"url":"https:\/\/jackpotlotteryonline.com\/wp-content\/uploads\/2022\/10\/ticket_balls.jpg"}],"twitter_card":"summary_large_image","twitter_misc":{"Tempo di lettura stimato":"5 minuti"},"schema":{"@context":"https:\/\/schema.org","@graph":[{"@type":"WebPage","@id":"https:\/\/jackpotlotteryonline.com\/it\/","url":"https:\/\/jackpotlotteryonline.com\/it\/","name":"Gioca al Lotto online - Scopri i jackpot della lotteria internazionale!","isPartOf":{"@id":"https:\/\/jackpotlotteryonline.com\/#website"},"primaryImageOfPage":{"@id":"https:\/\/jackpotlotteryonline.com\/it\/#primaryimage"},"image":{"@id":"https:\/\/jackpotlotteryonline.com\/it\/#primaryimage"},"thumbnailUrl":"https:\/\/jackpotlotteryonline.com\/wp-content\/uploads\/2022\/10\/ticket_balls.jpg","datePublished":"2022-11-01T08:57:14+00:00","dateModified":"2023-01-06T11:33:39+00:00","description":"Prendi il tuo biglietto per i jackpot della lotteria in tutto il mondo - gioca a tutti i jackpot online e vinci milioni.","breadcrumb":{"@id":"https:\/\/jackpotlotteryonline.com\/it\/#breadcrumb"},"inLanguage":"it-IT","potentialAction":[{"@type":"ReadAction","target":["https:\/\/jackpotlotteryonline.com\/it\/"]}]},{"@type":"ImageObject","inLanguage":"it-IT","@id":"https:\/\/jackpotlotteryonline.com\/it\/#primaryimage","url":"https:\/\/jackpotlotteryonline.com\/wp-content\/uploads\/2022\/10\/ticket_balls.jpg","contentUrl":"https:\/\/jackpotlotteryonline.com\/wp-content\/uploads\/2022\/10\/ticket_balls.jpg"},{"@type":"BreadcrumbList","@id":"https:\/\/jackpotlotteryonline.com\/it\/#breadcrumb","itemListElement":[{"@type":"ListItem","position":1,"name":"Home","item":"https:\/\/jackpotlotteryonline.com\/it\/"},{"@type":"ListItem","position":2,"name":"Home"}]},{"@type":"WebSite","@id":"https:\/\/jackpotlotteryonline.com\/#website","url":"https:\/\/jackpotlotteryonline.com\/","name":"Lotto Online - Crack The International Lottery Jackpots","description":"","potentialAction":[{"@type":"SearchAction","target":{"@type":"EntryPoint","urlTemplate":"https:\/\/jackpotlotteryonline.com\/?s={search_term_string}"},"query-input":"required name=search_term_string"}],"inLanguage":"it-IT"}]}},"_links":{"self":[{"href":"https:\/\/jackpotlotteryonline.com\/it\/wp-json\/wp\/v2\/pages\/31955","targetHints":{"allow":["GET"]}}],"collection":[{"href":"https:\/\/jackpotlotteryonline.com\/it\/wp-json\/wp\/v2\/pages"}],"about":[{"href":"https:\/\/jackpotlotteryonline.com\/it\/wp-json\/wp\/v2\/types\/page"}],"author":[{"embeddable":true,"href":"https:\/\/jackpotlotteryonline.com\/it\/wp-json\/wp\/v2\/users\/1"}],"replies":[{"embeddable":true,"href":"https:\/\/jackpotlotteryonline.com\/it\/wp-json\/wp\/v2\/comments?post=31955"}],"version-history":[{"count":0,"href":"https:\/\/jackpotlotteryonline.com\/it\/wp-json\/wp\/v2\/pages\/31955\/revisions"}],"wp:attachment":[{"href":"https:\/\/jackpotlotteryonline.com\/it\/wp-json\/wp\/v2\/media?parent=31955"}],"curies":[{"name":"wp","href":"https:\/\/api.w.org\/{rel}","templated":true}]}}