{"id":35700,"date":"2022-11-01T10:41:13","date_gmt":"2022-11-01T10:41:13","guid":{"rendered":"https:\/\/jackpotlotteryonline.com\/?page_id=35700"},"modified":"2022-12-19T07:29:29","modified_gmt":"2022-12-19T07:29:29","slug":"come-giocare","status":"publish","type":"page","link":"https:\/\/jackpotlotteryonline.com\/it\/come-giocare\/","title":{"rendered":"Come giocare"},"content":{"rendered":"<h2>Eventi e giochi della lotteria online<\/h2>\n<p>Volete avere la possibilit\u00e0 di diventare milionari? Se \u00e8 cos\u00ec, allora unitevi ai milioni di persone in tutto il mondo e iniziate a giocare alla lotteria online. Indipendentemente dal luogo in cui vi trovate, che sia negli Stati Uniti, nel Regno Unito, in Australia o in Nuova Zelanda, ci sono molti tipi diversi di giochi del lotto internazionale giocabili online tra cui scegliere, tutti con grandi jackpot che hanno la possibilit\u00e0 di essere vinti.<br \/>\n<img loading=\"lazy\" decoding=\"async\" class=\"size-full wp-image-17816 alignright\" src=\"http:\/\/jackpotlotteryonline.com\/wp-content\/uploads\/2022\/10\/lotteryticket.jpg\" alt=\"giocare alla lotteria online\" width=\"212\" height=\"142\" \/><\/p>\n<p>Iniziare a giocare al lotto online \u00e8 molto semplice. Una delle prime cose da fare \u00e8 visitare il nostro sito web e sfogliare le diverse lotterie disponibili. Potete farlo facilmente scegliendo una o pi\u00f9 delle lotterie elencate, alcune delle quali includono la Lotteria El Gordo, la Lotteria Nazionale del Regno Unito, Thunderball Lotto, la Lotteria di New York e molte altre.<\/p>\n<p>\u00c8 all&#8217;interno di ogni tipo di lotteria che potrete trovare tutto ci\u00f2 che vi serve sapere. Poi potrete utilizzare il nostro servizio per <a href=\"https:\/\/jackpotlotteryonline.com\/it\/comprare-biglietti\">acquistare un biglietto online.<\/a><\/p>\n<p>Nella descrizione di ogni lotteria, troverete dettagli come l&#8217;attuale ammontare del jackpot, il suo valore iniziale dopo la vincita, il numero di numeri da abbinare per vincere il jackpot e gli altri livelli di premio. Potrete anche scoprire informazioni come l&#8217;et\u00e0 necessaria per poter giocare alle lotterie online per ogni tipo, nonch\u00e9 i giorni e gli orari in cui si svolgono le estrazioni.<\/p>\n<section class=\"layout\" style=\"border: solid 1px; width: 100%;\">\n<div class=\"img-div\" style=\"margin-top: 5px;\"><img decoding=\"async\" class=\"wp-image-17212 alignleft\" style=\"height: 45px; margin: 8px 8px 0px;\" src=\"http:\/\/jackpotlotteryonline.com\/wp-content\/uploads\/2022\/11\/read1.jpg\" alt=\"come giocare\" width=\"\" height=\"\" \/><\/div>\n<div style=\"padding-left: 5px;\">\n<div style=\"font-size: 1.1em;\">\n<p><strong>Alcuni trucchi e suggerimenti per la scelta dei numeri<\/strong><\/p>\n<p style=\"font-size: 0.85em; margin-top: -1.5em;\">Aumentate le vostre possibilit\u00e0 di vincita: usate una strategia per scegliere i vostri numeri<a href=\"https:\/\/jackpotlotteryonline.com\/it\/alcuni-trucchi-e-consigli-per-scegliere-i-vostri-numeri\">Per saperne di pi\u00f9<\/a><\/p>\n<\/div>\n<\/div>\n<\/section>\n<h2>Lotto internazionale<\/h2>\n<p>Per massimizzare le possibilit\u00e0 di vincere il jackpot pi\u00f9 alto possibile, \u00e8 possibile scoprire quali sono i jackpot attuali. Ci\u00f2 significa che potrete scegliere strategicamente quali giochi del lotto giocare online e scegliere di giocare a quelli con i jackpot pi\u00f9 alti disponibili.<\/p>\n<p>Potrete anche giocare a diversi giochi della lotteria online. Ci\u00f2 significa che non dovrete piazzare un biglietto su un solo tipo di lotteria, ma potrete giocare contemporaneamente a diversi tipi di lotterie, se lo desiderate. Ad esempio, se volete, potete giocare contemporaneamente a una lotteria statunitense e a una britannica, il che aumenter\u00e0 notevolmente le vostre possibilit\u00e0 di vincere un premio in denaro.<\/p>\n<p>Oltre a poter giocare alle lotterie internazionali online indipendentemente dal luogo in cui vi trovate, potrete anche controllare i risultati delle lotterie. Tutti i <a href=\"http:\/\/jackpotlotteryonline.com\/it\/numeri-vincenti\">risultati di ogni gioco della lotteria<\/a>, indipendentemente da quale sia, saranno aggiornati online in tempo reale. Ci\u00f2 significa che non appena l&#8217;estrazione della lotteria per il gioco che avete scelto di giocare \u00e8 stata effettuata, i risultati saranno disponibili per voi molto rapidamente.<br \/>\n<img loading=\"lazy\" decoding=\"async\" class=\"alignright size-full wp-image-18329\" src=\"http:\/\/jackpotlotteryonline.com\/wp-content\/uploads\/2022\/10\/ticket_numbers_pick.jpg\" alt=\"biglietto del lotto online\" width=\"212\" height=\"142\" \/><\/p>\n<p>Inoltre, troverete dettagli su come giocare esattamente a ogni gioco della lotteria online. Ad esempio, non potete mai scegliere un numero troppo basso o troppo alto: il nostro sistema di ticket vi mostrer\u00e0 un messaggio ogni volta che commetterete un errore di questo tipo e vi indicher\u00e0 come correggerlo.<\/p>\n<p>Pertanto, anche se non avete mai giocato alla lotteria di un determinato Paese in passato, avrete a disposizione tutti i dettagli per giocare come se foste dei professionisti!<\/p>\n","protected":false},"excerpt":{"rendered":"<p>Eventi e giochi della lotteria online Volete avere la possibilit\u00e0 di diventare milionari? Se \u00e8 cos\u00ec, allora unitevi ai milioni di persone in tutto il mondo e iniziate a giocare alla lotteria online. Indipendentemente dal luogo in cui vi trovate, che sia negli Stati Uniti, nel Regno Unito, in Australia o in Nuova Zelanda, ci [&hellip;]<\/p>\n","protected":false},"author":1,"featured_media":0,"parent":0,"menu_order":2,"comment_status":"closed","ping_status":"closed","template":"Play-all.php","meta":{"_et_pb_use_builder":"","_et_pb_old_content":"","_et_gb_content_width":"","exclude_from_search":false,"footnotes":""},"class_list":["post-35700","page","type-page","status-publish","hentry"],"yoast_head":"<!-- This site is optimized with the Yoast SEO plugin v23.3 - https:\/\/yoast.com\/wordpress\/plugins\/seo\/ -->\n<title>Posso partecipare a una lotteria internazionale online?<\/title>\n<meta name=\"description\" content=\"Non \u00e8 necessario essere residenti per partecipare ai jackpot delle lotterie di qualsiasi paese.\" \/>\n<meta name=\"robots\" content=\"index, follow, max-snippet:-1, max-image-preview:large, max-video-preview:-1\" \/>\n<link rel=\"canonical\" href=\"https:\/\/jackpotlotteryonline.com\/play-online\/\" \/>\n<meta property=\"og:locale\" content=\"it_IT\" \/>\n<meta property=\"og:type\" content=\"article\" \/>\n<meta property=\"og:title\" content=\"Posso partecipare a una lotteria internazionale online?\" \/>\n<meta property=\"og:description\" content=\"Non \u00e8 necessario essere residenti per partecipare ai jackpot delle lotterie di qualsiasi paese.\" \/>\n<meta property=\"og:url\" content=\"https:\/\/jackpotlotteryonline.com\/play-online\/\" \/>\n<meta property=\"og:site_name\" content=\"Lotto Online - Crack The International Lottery Jackpots\" \/>\n<meta property=\"article:modified_time\" content=\"2022-12-19T07:29:29+00:00\" \/>\n<meta property=\"og:image\" content=\"http:\/\/jackpotlotteryonline.com\/wp-content\/uploads\/2022\/10\/lotteryticket.jpg\" \/>\n<meta name=\"twitter:card\" content=\"summary_large_image\" \/>\n<meta name=\"twitter:label1\" content=\"Tempo di lettura stimato\" \/>\n\t<meta name=\"twitter:data1\" content=\"3 minuti\" \/>\n<!-- \/ Yoast SEO plugin. -->","yoast_head_json":{"title":"Posso partecipare a una lotteria internazionale online?","description":"Non \u00e8 necessario essere residenti per partecipare ai jackpot delle lotterie di qualsiasi paese.","robots":{"index":"index","follow":"follow","max-snippet":"max-snippet:-1","max-image-preview":"max-image-preview:large","max-video-preview":"max-video-preview:-1"},"canonical":"https:\/\/jackpotlotteryonline.com\/play-online\/","og_locale":"it_IT","og_type":"article","og_title":"Posso partecipare a una lotteria internazionale online?","og_description":"Non \u00e8 necessario essere residenti per partecipare ai jackpot delle lotterie di qualsiasi paese.","og_url":"https:\/\/jackpotlotteryonline.com\/play-online\/","og_site_name":"Lotto Online - Crack The International Lottery Jackpots","article_modified_time":"2022-12-19T07:29:29+00:00","og_image":[{"url":"http:\/\/jackpotlotteryonline.com\/wp-content\/uploads\/2022\/10\/lotteryticket.jpg"}],"twitter_card":"summary_large_image","twitter_misc":{"Tempo di lettura stimato":"3 minuti"},"schema":{"@context":"https:\/\/schema.org","@graph":[{"@type":"WebPage","@id":"https:\/\/jackpotlotteryonline.com\/play-online\/","url":"https:\/\/jackpotlotteryonline.com\/play-online\/","name":"Posso partecipare a una lotteria internazionale online?","isPartOf":{"@id":"https:\/\/jackpotlotteryonline.com\/#website"},"primaryImageOfPage":{"@id":"https:\/\/jackpotlotteryonline.com\/play-online\/#primaryimage"},"image":{"@id":"https:\/\/jackpotlotteryonline.com\/play-online\/#primaryimage"},"thumbnailUrl":"http:\/\/jackpotlotteryonline.com\/wp-content\/uploads\/2022\/10\/lotteryticket.jpg","datePublished":"2022-11-01T10:41:13+00:00","dateModified":"2022-12-19T07:29:29+00:00","description":"Non \u00e8 necessario essere residenti per partecipare ai jackpot delle lotterie di qualsiasi paese.","breadcrumb":{"@id":"https:\/\/jackpotlotteryonline.com\/play-online\/#breadcrumb"},"inLanguage":"it-IT","potentialAction":[{"@type":"ReadAction","target":["https:\/\/jackpotlotteryonline.com\/play-online\/"]}]},{"@type":"ImageObject","inLanguage":"it-IT","@id":"https:\/\/jackpotlotteryonline.com\/play-online\/#primaryimage","url":"http:\/\/jackpotlotteryonline.com\/wp-content\/uploads\/2022\/10\/lotteryticket.jpg","contentUrl":"http:\/\/jackpotlotteryonline.com\/wp-content\/uploads\/2022\/10\/lotteryticket.jpg"},{"@type":"BreadcrumbList","@id":"https:\/\/jackpotlotteryonline.com\/play-online\/#breadcrumb","itemListElement":[{"@type":"ListItem","position":1,"name":"Home","item":"https:\/\/jackpotlotteryonline.com\/it\/"},{"@type":"ListItem","position":2,"name":"Come giocare"}]},{"@type":"WebSite","@id":"https:\/\/jackpotlotteryonline.com\/#website","url":"https:\/\/jackpotlotteryonline.com\/","name":"Lotto Online - Crack The International Lottery Jackpots","description":"","potentialAction":[{"@type":"SearchAction","target":{"@type":"EntryPoint","urlTemplate":"https:\/\/jackpotlotteryonline.com\/?s={search_term_string}"},"query-input":"required name=search_term_string"}],"inLanguage":"it-IT"}]}},"_links":{"self":[{"href":"https:\/\/jackpotlotteryonline.com\/it\/wp-json\/wp\/v2\/pages\/35700","targetHints":{"allow":["GET"]}}],"collection":[{"href":"https:\/\/jackpotlotteryonline.com\/it\/wp-json\/wp\/v2\/pages"}],"about":[{"href":"https:\/\/jackpotlotteryonline.com\/it\/wp-json\/wp\/v2\/types\/page"}],"author":[{"embeddable":true,"href":"https:\/\/jackpotlotteryonline.com\/it\/wp-json\/wp\/v2\/users\/1"}],"replies":[{"embeddable":true,"href":"https:\/\/jackpotlotteryonline.com\/it\/wp-json\/wp\/v2\/comments?post=35700"}],"version-history":[{"count":0,"href":"https:\/\/jackpotlotteryonline.com\/it\/wp-json\/wp\/v2\/pages\/35700\/revisions"}],"wp:attachment":[{"href":"https:\/\/jackpotlotteryonline.com\/it\/wp-json\/wp\/v2\/media?parent=35700"}],"curies":[{"name":"wp","href":"https:\/\/api.w.org\/{rel}","templated":true}]}}