{"id":35762,"date":"2022-11-01T13:09:47","date_gmt":"2022-11-01T13:09:47","guid":{"rendered":"https:\/\/jackpotlotteryonline.com\/?page_id=35762"},"modified":"2022-12-19T10:57:19","modified_gmt":"2022-12-19T10:57:19","slug":"comprare-biglietti","status":"publish","type":"page","link":"https:\/\/jackpotlotteryonline.com\/it\/comprare-biglietti\/","title":{"rendered":"Come acquistare i biglietti della lotteria online"},"content":{"rendered":"<p>L&#8217;acquisto di biglietti della lotteria online \u00e8 diventato estremamente popolare. Gli appassionati del Lotto di tutto il mondo utilizzano il nostro servizio di biglietti della lotteria online. E ci sono molte buone ragioni per questo.<\/p>\n<p>Per alcuni giocatori della lotteria, \u00e8 l&#8217;unico modo per acquistare i biglietti della lotteria, perch\u00e9 nel loro paese di residenza non c&#8217;\u00e8 una lotteria disponibile. Cercano quindi un modo per avere la possibilit\u00e0 di vincere grandi somme di denaro e per questo guardano alle lotterie di altri Paesi. E sul nostro sito web ci sono molti jackpot della lotteria tra cui scegliere.<\/p>\n<p>Altri appassionati di lotto hanno lotterie nei loro paesi, ma queste lotterie potrebbero non essere cos\u00ec attraenti per loro. Spesso queste lotterie locali hanno premi e jackpot inferiori, oppure vengono giocate solo una volta alla settimana. I giocatori cercheranno quindi altre <a href=\"https:\/\/jackpotlotteryonline.com\/it\/come-giocare\">opzioni pi\u00f9 redditizie.<\/a><\/p>\n<h2>Pagamenti pi\u00f9 elevati offerti dalle lotterie di altri Paesi<\/h2>\n<p><img loading=\"lazy\" decoding=\"async\" class=\"alignright wp-image-17212\" src=\"http:\/\/jackpotlotteryonline.com\/wp-content\/uploads\/2022\/10\/1_buy_ticket_online.jpg\" alt=\"comprare la lotteria online\" width=\"272\" height=\"204\" \/><\/p>\n<p>\u00c8 un principio ben noto che ha pi\u00f9 senso investire denaro in un biglietto della lotteria quando i jackpot sono molto alti. Dopo tutto, quando si acquista un biglietto, si vuole ottenere il massimo valore per il denaro. Ci\u00f2 significa che se il prezzo del biglietto \u00e8 lo stesso, un premio potenzialmente pi\u00f9 alto offre un miglior rapporto qualit\u00e0-prezzo.<\/p>\n<p>Ma anche se il biglietto online per la lotteria a cui volete giocare dovesse essere due volte pi\u00f9 costoso di un biglietto per la vostra lotteria locale, nella maggior parte dei casi avrebbe ancora senso acquistare il biglietto online pi\u00f9 costoso. Se il possibile jackpot \u00e8 pi\u00f9 del doppio di quello locale, le probabilit\u00e0 di vincita matematica sono pi\u00f9 alte con la lotteria per la quale si deve acquistare un biglietto online.<\/p>\n<h2>C&#8217;\u00e8 sempre un grande jackpot da qualche parte nel mondo<\/h2>\n<p>Questo \u00e8 il motivo principale per acquistare i biglietti della lotteria online. Con cos\u00ec tante lotterie accessibili tramite un servizio di biglietti online, troverete sempre un grande jackpot su cui vale la pena investire. In effetti, gran parte dei nostri clienti segue una semplice strategia: La lotteria con il jackpot pi\u00f9 alto \u00e8 quella per cui acquistano il biglietto. Ha perfettamente senso, no?<\/p>\n<section class=\"layout\" style=\"border: solid 1px; width: 100%;\">\n<div class=\"img-div\" style=\"margin-top: 5px;\"><img decoding=\"async\" class=\"wp-image-17212 alignleft\" style=\"height: 45px; margin: 8px 8px 0px;\" src=\"http:\/\/jackpotlotteryonline.com\/wp-content\/uploads\/2022\/11\/read1.jpg\" alt=\"Attenzione alle lotterie truffa\" width=\"\" height=\"\" \/><\/div>\n<div style=\"padding-left: 5px;\">\n<div style=\"font-size: 1.1em;\">\n<p><strong>Le truffe della lotteria di cui dovete essere consapevoli<\/strong><\/p>\n<p style=\"font-size: 0.85em; margin-top: -1.5em;\">Non cadete nelle trappole della lotteria \u00a0<a href=\"https:\/\/jackpotlotteryonline.com\/it\/attenzione-alle-truffe-delle-lotterie-online\">Per saperne di pi\u00f9<\/a><\/p>\n<\/div>\n<\/div>\n<\/section>\n<h2>\u00c8 legale acquistare un biglietto online per una di queste lotterie?<\/h2>\n<p>S\u00ec, lo \u00e8. Immaginate di trovarvi negli Stati Uniti e che la lotteria locale Powerball abbia un jackpot enorme. Andate a comprare un biglietto, e quel biglietto vince. Naturalmente la lotteria deve pagarvi, anche se non vi trovate pi\u00f9 nel Paese al<a href=\"https:\/\/jackpotlotteryonline.com\/it\/numeri-vincenti\"> momento dell&#8217;estrazione<\/a>. Avete legalmente acquistato un biglietto. Non importa se vivete o meno negli Stati Uniti. E funziona allo stesso modo con tutte le altre lotterie mondiali.<\/p>\n<p>La differenza nel nostro servizio online \u00e8 che noi acquistiamo il biglietto vero e proprio per conto vostro. Voi ordinate online e uno dei nostri agenti locali acquista un biglietto fisico per voi. Il biglietto verr\u00e0 scansionato e caricato sul vostro conto giocatore, in modo che possiate vedere che abbiamo acquistato un biglietto vero e proprio per voi.<br \/>\n<img loading=\"lazy\" decoding=\"async\" class=\"alignright size-medium wp-image-25854\" src=\"http:\/\/jackpotlotteryonline.com\/wp-content\/uploads\/2022\/10\/1_results_tickets_lotto-300x212.jpg\" alt=\"biglietto della lotteria\" width=\"300\" height=\"212\" srcset=\"https:\/\/jackpotlotteryonline.com\/wp-content\/uploads\/2022\/10\/1_results_tickets_lotto-300x212.jpg 300w, https:\/\/jackpotlotteryonline.com\/wp-content\/uploads\/2022\/10\/1_results_tickets_lotto.jpg 320w\" sizes=\"auto, (max-width: 300px) 100vw, 300px\" \/><\/p>\n<p>In caso di grossa vincita, spetta a voi decidere se recarvi nel Paese in cui si svolge la lotteria. Se lo desidera, pu\u00f2 ritirare il biglietto da noi e presentarlo di persona alla commissione della lotteria. Come faranno a sapere chi l&#8217;ha comprato?<\/p>\n<p>Ma in realt\u00e0 non \u00e8 necessario fare cos\u00ec. Perch\u00e9 parte del nostro servizio di biglietti della lotteria online \u00e8 che possiamo anche gestire il pagamento per voi. Noi elaboriamo le vostre vincite e la commissione della lotteria vi invia un assegno o trasferisce le vincite sul vostro conto bancario.<\/p>\n<p>E sapevate che tutte le vincite pi\u00f9 piccole (inferiori a \u20ac 2500,00) saranno immediatamente accreditate sul vostro conto giocatore sul nostro sito web? Non dovete fare nulla per ottenere queste vincite minori. Inoltre, potete richiedere un prelievo in qualsiasi momento e noi provvederemo a versare i fondi sul vostro conto bancario, sulla vostra carta di credito o sul vostro portafoglio di criptovalute (se ne avete uno).<\/p>\n<h2>Altri vantaggi dell&#8217;acquisto dei biglietti della lotteria online<\/h2>\n<p>Il nostro servizio di biglietteria presenta altri vantaggi piuttosto ovvi, che sono:<\/p>\n<ul>\n<li>Nessuna necessit\u00e0 di uscire di casa per prendere il biglietto<\/li>\n<li>Nessuna coda all&#8217;agenzia o al negozio della lotteria (importante soprattutto quando i montepremi sono elevati!)<\/li>\n<li>Il biglietto non pu\u00f2 essere smarrito, poich\u00e9 \u00e8 stato scansionato e conservato nei nostri caveau sicuri.<\/li>\n<\/ul>\n<p>Allora, cosa state aspettando? Scegliete una lotteria e acquistate oggi stesso i vostri biglietti online: con un po&#8217; di fortuna, potreste essere il vincitore del jackpot di domani!<\/p>\n","protected":false},"excerpt":{"rendered":"<p>L&#8217;acquisto di biglietti della lotteria online \u00e8 diventato estremamente popolare. Gli appassionati del Lotto di tutto il mondo utilizzano il nostro servizio di biglietti della lotteria online. E ci sono molte buone ragioni per questo. Per alcuni giocatori della lotteria, \u00e8 l&#8217;unico modo per acquistare i biglietti della lotteria, perch\u00e9 nel loro paese di residenza [&hellip;]<\/p>\n","protected":false},"author":1,"featured_media":0,"parent":0,"menu_order":3,"comment_status":"closed","ping_status":"closed","template":"Information.php","meta":{"_et_pb_use_builder":"","_et_pb_old_content":"","_et_gb_content_width":"","exclude_from_search":false,"footnotes":""},"class_list":["post-35762","page","type-page","status-publish","hentry"],"yoast_head":"<!-- This site is optimized with the Yoast SEO plugin v23.3 - https:\/\/yoast.com\/wordpress\/plugins\/seo\/ -->\n<title>Come acquistare online i biglietti per le lotterie di tutto il mondo<\/title>\n<meta name=\"description\" content=\"A cosa prestare attenzione quando si acquistano online i biglietti per le lotterie internazionali. Alcuni servizi di biglietteria online sono meno raccomandabili, scopri quali sono\" \/>\n<meta name=\"robots\" content=\"index, follow, max-snippet:-1, max-image-preview:large, max-video-preview:-1\" \/>\n<link rel=\"canonical\" href=\"https:\/\/jackpotlotteryonline.com\/buy-tickets\/\" \/>\n<meta property=\"og:locale\" content=\"it_IT\" \/>\n<meta property=\"og:type\" content=\"article\" \/>\n<meta property=\"og:title\" content=\"Come acquistare online i biglietti per le lotterie di tutto il mondo\" \/>\n<meta property=\"og:description\" content=\"A cosa prestare attenzione quando si acquistano online i biglietti per le lotterie internazionali. Alcuni servizi di biglietteria online sono meno raccomandabili, scopri quali sono\" \/>\n<meta property=\"og:url\" content=\"https:\/\/jackpotlotteryonline.com\/buy-tickets\/\" \/>\n<meta property=\"og:site_name\" content=\"Lotto Online - Crack The International Lottery Jackpots\" \/>\n<meta property=\"article:modified_time\" content=\"2022-12-19T10:57:19+00:00\" \/>\n<meta property=\"og:image\" content=\"http:\/\/jackpotlotteryonline.com\/wp-content\/uploads\/2022\/10\/1_buy_ticket_online.jpg\" \/>\n<meta name=\"twitter:card\" content=\"summary_large_image\" \/>\n<meta name=\"twitter:label1\" content=\"Tempo di lettura stimato\" \/>\n\t<meta name=\"twitter:data1\" content=\"4 minuti\" \/>\n<!-- \/ Yoast SEO plugin. -->","yoast_head_json":{"title":"Come acquistare online i biglietti per le lotterie di tutto il mondo","description":"A cosa prestare attenzione quando si acquistano online i biglietti per le lotterie internazionali. Alcuni servizi di biglietteria online sono meno raccomandabili, scopri quali sono","robots":{"index":"index","follow":"follow","max-snippet":"max-snippet:-1","max-image-preview":"max-image-preview:large","max-video-preview":"max-video-preview:-1"},"canonical":"https:\/\/jackpotlotteryonline.com\/buy-tickets\/","og_locale":"it_IT","og_type":"article","og_title":"Come acquistare online i biglietti per le lotterie di tutto il mondo","og_description":"A cosa prestare attenzione quando si acquistano online i biglietti per le lotterie internazionali. Alcuni servizi di biglietteria online sono meno raccomandabili, scopri quali sono","og_url":"https:\/\/jackpotlotteryonline.com\/buy-tickets\/","og_site_name":"Lotto Online - Crack The International Lottery Jackpots","article_modified_time":"2022-12-19T10:57:19+00:00","og_image":[{"url":"http:\/\/jackpotlotteryonline.com\/wp-content\/uploads\/2022\/10\/1_buy_ticket_online.jpg"}],"twitter_card":"summary_large_image","twitter_misc":{"Tempo di lettura stimato":"4 minuti"},"schema":{"@context":"https:\/\/schema.org","@graph":[{"@type":"WebPage","@id":"https:\/\/jackpotlotteryonline.com\/buy-tickets\/","url":"https:\/\/jackpotlotteryonline.com\/buy-tickets\/","name":"Come acquistare online i biglietti per le lotterie di tutto il mondo","isPartOf":{"@id":"https:\/\/jackpotlotteryonline.com\/#website"},"primaryImageOfPage":{"@id":"https:\/\/jackpotlotteryonline.com\/buy-tickets\/#primaryimage"},"image":{"@id":"https:\/\/jackpotlotteryonline.com\/buy-tickets\/#primaryimage"},"thumbnailUrl":"http:\/\/jackpotlotteryonline.com\/wp-content\/uploads\/2022\/10\/1_buy_ticket_online.jpg","datePublished":"2022-11-01T13:09:47+00:00","dateModified":"2022-12-19T10:57:19+00:00","description":"A cosa prestare attenzione quando si acquistano online i biglietti per le lotterie internazionali. Alcuni servizi di biglietteria online sono meno raccomandabili, scopri quali sono","breadcrumb":{"@id":"https:\/\/jackpotlotteryonline.com\/buy-tickets\/#breadcrumb"},"inLanguage":"it-IT","potentialAction":[{"@type":"ReadAction","target":["https:\/\/jackpotlotteryonline.com\/buy-tickets\/"]}]},{"@type":"ImageObject","inLanguage":"it-IT","@id":"https:\/\/jackpotlotteryonline.com\/buy-tickets\/#primaryimage","url":"http:\/\/jackpotlotteryonline.com\/wp-content\/uploads\/2022\/10\/1_buy_ticket_online.jpg","contentUrl":"http:\/\/jackpotlotteryonline.com\/wp-content\/uploads\/2022\/10\/1_buy_ticket_online.jpg"},{"@type":"BreadcrumbList","@id":"https:\/\/jackpotlotteryonline.com\/buy-tickets\/#breadcrumb","itemListElement":[{"@type":"ListItem","position":1,"name":"Home","item":"https:\/\/jackpotlotteryonline.com\/it\/"},{"@type":"ListItem","position":2,"name":"Come acquistare i biglietti della lotteria online"}]},{"@type":"WebSite","@id":"https:\/\/jackpotlotteryonline.com\/#website","url":"https:\/\/jackpotlotteryonline.com\/","name":"Lotto Online - Crack The International Lottery Jackpots","description":"","potentialAction":[{"@type":"SearchAction","target":{"@type":"EntryPoint","urlTemplate":"https:\/\/jackpotlotteryonline.com\/?s={search_term_string}"},"query-input":"required name=search_term_string"}],"inLanguage":"it-IT"}]}},"_links":{"self":[{"href":"https:\/\/jackpotlotteryonline.com\/it\/wp-json\/wp\/v2\/pages\/35762","targetHints":{"allow":["GET"]}}],"collection":[{"href":"https:\/\/jackpotlotteryonline.com\/it\/wp-json\/wp\/v2\/pages"}],"about":[{"href":"https:\/\/jackpotlotteryonline.com\/it\/wp-json\/wp\/v2\/types\/page"}],"author":[{"embeddable":true,"href":"https:\/\/jackpotlotteryonline.com\/it\/wp-json\/wp\/v2\/users\/1"}],"replies":[{"embeddable":true,"href":"https:\/\/jackpotlotteryonline.com\/it\/wp-json\/wp\/v2\/comments?post=35762"}],"version-history":[{"count":0,"href":"https:\/\/jackpotlotteryonline.com\/it\/wp-json\/wp\/v2\/pages\/35762\/revisions"}],"wp:attachment":[{"href":"https:\/\/jackpotlotteryonline.com\/it\/wp-json\/wp\/v2\/media?parent=35762"}],"curies":[{"name":"wp","href":"https:\/\/api.w.org\/{rel}","templated":true}]}}