{"id":35836,"date":"2022-11-02T07:07:59","date_gmt":"2022-11-02T07:07:59","guid":{"rendered":"https:\/\/jackpotlotteryonline.com\/?page_id=35836"},"modified":"2022-12-26T08:04:20","modified_gmt":"2022-12-26T08:04:20","slug":"numeri-vincenti","status":"publish","type":"page","link":"https:\/\/jackpotlotteryonline.com\/it\/numeri-vincenti\/","title":{"rendered":"Risultati della lotteria"},"content":{"rendered":"<h2>Risultati della lotteria online<\/h2>\n<p>Con la vasta gamma di lotterie disponibili e la facilit\u00e0 di accesso a Internet, molte persone preferiscono controllare rapidamente i risultati della lotteria online. Se avete acquistato un biglietto della lotteria, sarete ansiosi di scoprire quali sono i numeri vincenti per quella specifica estrazione. <strong>Ora potete facilmente controllare i risultati dei jackpot del lotto internazionale online in pochi secondi.<\/strong><\/p>\n<p>Questo servizio \u00e8 disponibile in tutto il mondo, quindi non importa dove vi troviate, che siate in vacanza, in viaggio d&#8217;affari all&#8217;estero, o semplicemente al lavoro o in giro con gli amici, non avrete pi\u00f9 bisogno di cercare sul giornale locale o di aspettare qualche giorno per scoprire se siete vincitori di un jackpot. Ora potete semplicemente visitare il nostro sito web e selezionare i risultati della lotteria su cui avete scommesso e scoprire rapidamente se avete abbinato qualche numero.<\/p>\n<section class=\"layout\" style=\"border: solid 1px; width: 100%;\">\n<div class=\"img-div\" style=\"margin-top: 5px;\"><img decoding=\"async\" class=\"wp-image-17212 alignleft\" style=\"height: 45px; margin: 8px 8px 0px;\" src=\"https:\/\/jackpotlotteryonline.com\/wp-content\/uploads\/2022\/11\/read1.jpg\" alt=\"leggere\" width=\"\" height=\"\" \/><\/div>\n<div style=\"padding-left: 5px;\">\n<div style=\"font-size: 1.1em;\">\n<p><strong>Guardare i numeri della lotteria estratti in diretta<\/strong><\/p>\n<p style=\"font-size: 0.85em; margin-top: -1.5em;\">Come guardare le estrazioni in diretta delle vostre lotterie preferite <a href=\"https:\/\/jackpotlotteryonline.com\/it\/guarda-i-numeri-della-tua-lotteria-che-vengono-estratti-in-diretta\">Per saperne di pi\u00f9<\/a><\/p>\n<\/div>\n<\/div>\n<\/section>\n<h2>Numeri vincenti del lotto internazionale<\/h2>\n<p>Controllate i numeri vincenti del lotto di questa settimana per i maggiori jackpot delle lotterie internazionali, aggiornati quotidianamente sul nostro sito web. Elenchiamo le migliori e pi\u00f9 grandi lotterie del pianeta, tra cui El Gordo, Euromillions, Mega Millions, Powerball, SuperEnaLotto e molte altre.<br \/>\n<img loading=\"lazy\" decoding=\"async\" class=\"alignright size-medium wp-image-19277\" src=\"https:\/\/jackpotlotteryonline.com\/wp-content\/uploads\/2022\/10\/2_ticket_powerball_au2-163x300.jpg\" alt=\"scansione del biglietto della lotteria\" width=\"163\" height=\"300\" srcset=\"https:\/\/jackpotlotteryonline.com\/wp-content\/uploads\/2022\/10\/2_ticket_powerball_au2-163x300.jpg 163w, https:\/\/jackpotlotteryonline.com\/wp-content\/uploads\/2022\/10\/2_ticket_powerball_au2.jpg 250w\" sizes=\"auto, (max-width: 163px) 100vw, 163px\" \/><\/p>\n<p><strong>Potreste pensare che la maggior parte di queste lotterie non siano disponibili per voi, ma non \u00e8 vero!<\/strong> Oggi \u00e8 facile <a href=\"https:\/\/jackpotlotteryonline.com\/it\/comprare-biglietti\">acquistare online i biglietti<\/a> di quasi tutte le lotterie. Ci\u00f2 significa che non \u00e8 necessario vivere nel Paese in cui si svolge la lotteria.<\/p>\n<p><strong>Questo \u00e8 possibile grazie a un servizio da noi fornito.<\/strong><\/p>\n<p>Basta cliccare su uno dei <a href=\"https:\/\/jackpotlotteryonline.com\/it\/come-giocare\">pulsanti &#8220;Gioca&#8221;<\/a> qui sopra per accedere alla pagina di selezione dei numeri di quella specifica lotteria. Scegliete i vostri numeri, registratevi e pagate online: \u00e8 semplicissimo! Riceverete una conferma del vostro biglietto personale subito dopo aver completato l&#8217;acquisto e una scansione del vostro biglietto poco dopo. Inoltre, ci assicureremo che vi venga pagato quanto avete vinto. I jackpot mondiali possono spesso essere 100 volte pi\u00f9 grandi di quelli della vostra lotteria locale, quindi cosa state aspettando? Scegliete!<\/p>\n<h2>Scoprite se avete vinto &#8211; confrontate il vostro biglietto con i numeri vincenti<\/h2>\n<p>Non solo potete controllare i risultati delle lotterie online dal vostro computer portatile, dal PC desktop o persino dall&#8217;iPhone a casa o in ufficio, ma potete anche controllare i risultati di molte lotterie immediatamente, in un&#8217;unica pagina.<\/p>\n<p>Una volta avvenuta l&#8217;estrazione di ogni lotto, i risultati vengono aggiornati in tempo reale. Ci\u00f2 significa che i risultati dei jackpot internazionali online sono disponibili o accessibili entro pochi istanti dall&#8217;estrazione.<br \/>\n<img loading=\"lazy\" decoding=\"async\" class=\"alignright wp-image-19599\" src=\"https:\/\/jackpotlotteryonline.com\/wp-content\/uploads\/2022\/10\/1_balls_draw_lotto_numbers-200x300.jpg\" alt=\"numeri vincenti della lotteria\" width=\"154\" height=\"231\" srcset=\"https:\/\/jackpotlotteryonline.com\/wp-content\/uploads\/2022\/10\/1_balls_draw_lotto_numbers-200x300.jpg 200w, https:\/\/jackpotlotteryonline.com\/wp-content\/uploads\/2022\/10\/1_balls_draw_lotto_numbers.jpg 320w\" sizes=\"auto, (max-width: 154px) 100vw, 154px\" \/><\/p>\n<p>Se avete scelto di acquistare un biglietto del lotto online, indipendentemente dal tipo di lotto, controllare i risultati della lotteria online qui sul nostro sito \u00e8 ancora pi\u00f9 facile. Infatti, al momento dell&#8217;acquisto del biglietto del lotto online, vi verr\u00e0 richiesto di inserire il vostro indirizzo e-mail. Questo non solo \u00e8 necessario per aprire un conto di gioco, ma anche per ricevere la notifica di una vincita.<\/p>\n<p>Una volta effettuata l&#8217;estrazione del lotto, sarete avvisati automaticamente via e-mail se avete indovinato i numeri che potrebbero avervi fatto vincere un premio in denaro. Basta controllare la casella di posta elettronica.<\/p>\n<p>Inoltre, se avete acquistato il vostro biglietto della lotteria online, potete accedere al vostro conto cliente e i risultati saranno visualizzati accanto al vostro biglietto per un confronto. I numeri del biglietto che corrispondono all&#8217;estrazione saranno evidenziati. \u00c8 quanto di pi\u00f9 comodo si possa immaginare!<\/p>\n<p>Grazie a tanti vantaggi e funzioni pratiche, come la possibilit\u00e0 di controllare rapidamente i risultati della lotteria online, <strong>molte persone scelgono di acquistare i biglietti del lotto online piuttosto che nei negozi.<\/strong><\/p>\n","protected":false},"excerpt":{"rendered":"<p>Risultati della lotteria online Con la vasta gamma di lotterie disponibili e la facilit\u00e0 di accesso a Internet, molte persone preferiscono controllare rapidamente i risultati della lotteria online. Se avete acquistato un biglietto della lotteria, sarete ansiosi di scoprire quali sono i numeri vincenti per quella specifica estrazione. Ora potete facilmente controllare i risultati dei [&hellip;]<\/p>\n","protected":false},"author":1,"featured_media":0,"parent":0,"menu_order":4,"comment_status":"closed","ping_status":"closed","template":"Results.php","meta":{"_et_pb_use_builder":"","_et_pb_old_content":"","_et_gb_content_width":"","exclude_from_search":false,"footnotes":""},"class_list":["post-35836","page","type-page","status-publish","hentry"],"yoast_head":"<!-- This site is optimized with the Yoast SEO plugin v23.3 - https:\/\/yoast.com\/wordpress\/plugins\/seo\/ -->\n<title>Numeri vincenti e risultati dei jackpot del lotto internazionale<\/title>\n<meta name=\"description\" content=\"Questa pagina mostra i risultati e i numeri vincenti della maggior parte delle lotterie internazionali online.\" \/>\n<meta name=\"robots\" content=\"index, follow, max-snippet:-1, max-image-preview:large, max-video-preview:-1\" \/>\n<link rel=\"canonical\" href=\"https:\/\/jackpotlotteryonline.com\/winning-numbers\/\" \/>\n<meta property=\"og:locale\" content=\"it_IT\" \/>\n<meta property=\"og:type\" content=\"article\" \/>\n<meta property=\"og:title\" content=\"Numeri vincenti e risultati dei jackpot del lotto internazionale\" \/>\n<meta property=\"og:description\" content=\"Questa pagina mostra i risultati e i numeri vincenti della maggior parte delle lotterie internazionali online.\" \/>\n<meta property=\"og:url\" content=\"https:\/\/jackpotlotteryonline.com\/winning-numbers\/\" \/>\n<meta property=\"og:site_name\" content=\"Lotto Online - Crack The International Lottery Jackpots\" \/>\n<meta property=\"article:modified_time\" content=\"2022-12-26T08:04:20+00:00\" \/>\n<meta property=\"og:image\" content=\"https:\/\/jackpotlotteryonline.com\/wp-content\/uploads\/2022\/11\/read1.jpg\" \/>\n<meta name=\"twitter:card\" content=\"summary_large_image\" \/>\n<meta name=\"twitter:label1\" content=\"Tempo di lettura stimato\" \/>\n\t<meta name=\"twitter:data1\" content=\"3 minuti\" \/>\n<!-- \/ Yoast SEO plugin. -->","yoast_head_json":{"title":"Numeri vincenti e risultati dei jackpot del lotto internazionale","description":"Questa pagina mostra i risultati e i numeri vincenti della maggior parte delle lotterie internazionali online.","robots":{"index":"index","follow":"follow","max-snippet":"max-snippet:-1","max-image-preview":"max-image-preview:large","max-video-preview":"max-video-preview:-1"},"canonical":"https:\/\/jackpotlotteryonline.com\/winning-numbers\/","og_locale":"it_IT","og_type":"article","og_title":"Numeri vincenti e risultati dei jackpot del lotto internazionale","og_description":"Questa pagina mostra i risultati e i numeri vincenti della maggior parte delle lotterie internazionali online.","og_url":"https:\/\/jackpotlotteryonline.com\/winning-numbers\/","og_site_name":"Lotto Online - Crack The International Lottery Jackpots","article_modified_time":"2022-12-26T08:04:20+00:00","og_image":[{"url":"https:\/\/jackpotlotteryonline.com\/wp-content\/uploads\/2022\/11\/read1.jpg"}],"twitter_card":"summary_large_image","twitter_misc":{"Tempo di lettura stimato":"3 minuti"},"schema":{"@context":"https:\/\/schema.org","@graph":[{"@type":"WebPage","@id":"https:\/\/jackpotlotteryonline.com\/winning-numbers\/","url":"https:\/\/jackpotlotteryonline.com\/winning-numbers\/","name":"Numeri vincenti e risultati dei jackpot del lotto internazionale","isPartOf":{"@id":"https:\/\/jackpotlotteryonline.com\/#website"},"primaryImageOfPage":{"@id":"https:\/\/jackpotlotteryonline.com\/winning-numbers\/#primaryimage"},"image":{"@id":"https:\/\/jackpotlotteryonline.com\/winning-numbers\/#primaryimage"},"thumbnailUrl":"https:\/\/jackpotlotteryonline.com\/wp-content\/uploads\/2022\/11\/read1.jpg","datePublished":"2022-11-02T07:07:59+00:00","dateModified":"2022-12-26T08:04:20+00:00","description":"Questa pagina mostra i risultati e i numeri vincenti della maggior parte delle lotterie internazionali online.","breadcrumb":{"@id":"https:\/\/jackpotlotteryonline.com\/winning-numbers\/#breadcrumb"},"inLanguage":"it-IT","potentialAction":[{"@type":"ReadAction","target":["https:\/\/jackpotlotteryonline.com\/winning-numbers\/"]}]},{"@type":"ImageObject","inLanguage":"it-IT","@id":"https:\/\/jackpotlotteryonline.com\/winning-numbers\/#primaryimage","url":"https:\/\/jackpotlotteryonline.com\/wp-content\/uploads\/2022\/11\/read1.jpg","contentUrl":"https:\/\/jackpotlotteryonline.com\/wp-content\/uploads\/2022\/11\/read1.jpg"},{"@type":"BreadcrumbList","@id":"https:\/\/jackpotlotteryonline.com\/winning-numbers\/#breadcrumb","itemListElement":[{"@type":"ListItem","position":1,"name":"Home","item":"https:\/\/jackpotlotteryonline.com\/it\/"},{"@type":"ListItem","position":2,"name":"Risultati della lotteria"}]},{"@type":"WebSite","@id":"https:\/\/jackpotlotteryonline.com\/#website","url":"https:\/\/jackpotlotteryonline.com\/","name":"Lotto Online - Crack The International Lottery Jackpots","description":"","potentialAction":[{"@type":"SearchAction","target":{"@type":"EntryPoint","urlTemplate":"https:\/\/jackpotlotteryonline.com\/?s={search_term_string}"},"query-input":"required name=search_term_string"}],"inLanguage":"it-IT"}]}},"_links":{"self":[{"href":"https:\/\/jackpotlotteryonline.com\/it\/wp-json\/wp\/v2\/pages\/35836","targetHints":{"allow":["GET"]}}],"collection":[{"href":"https:\/\/jackpotlotteryonline.com\/it\/wp-json\/wp\/v2\/pages"}],"about":[{"href":"https:\/\/jackpotlotteryonline.com\/it\/wp-json\/wp\/v2\/types\/page"}],"author":[{"embeddable":true,"href":"https:\/\/jackpotlotteryonline.com\/it\/wp-json\/wp\/v2\/users\/1"}],"replies":[{"embeddable":true,"href":"https:\/\/jackpotlotteryonline.com\/it\/wp-json\/wp\/v2\/comments?post=35836"}],"version-history":[{"count":0,"href":"https:\/\/jackpotlotteryonline.com\/it\/wp-json\/wp\/v2\/pages\/35836\/revisions"}],"wp:attachment":[{"href":"https:\/\/jackpotlotteryonline.com\/it\/wp-json\/wp\/v2\/media?parent=35836"}],"curies":[{"name":"wp","href":"https:\/\/api.w.org\/{rel}","templated":true}]}}