{"id":35888,"date":"2022-11-02T09:16:18","date_gmt":"2022-11-02T09:16:18","guid":{"rendered":"https:\/\/jackpotlotteryonline.com\/?page_id=35888"},"modified":"2022-12-19T09:11:56","modified_gmt":"2022-12-19T09:11:56","slug":"powerball","status":"publish","type":"page","link":"https:\/\/jackpotlotteryonline.com\/it\/come-giocare\/powerball\/","title":{"rendered":"Powerball USA"},"content":{"rendered":"<h2>Il Jackpot della lotteria Powerball online<\/h2>\n<p><img loading=\"lazy\" decoding=\"async\" class=\"alignright size-full wp-image-19358\" src=\"http:\/\/jackpotlotteryonline.com\/wp-content\/uploads\/2022\/10\/2_ticket_powerball3.jpg\" alt=\"biglietto powerball\" width=\"180\" height=\"194\" \/><\/p>\n<p>Siete di fronte a una delle pi\u00f9 antiche e pi\u00f9 grandi lotterie statunitensi. Il Jackpot della lotteria Powerball \u00e8 offerto da una commissione di lotteria multistatale formata da 41 stati americani. \u00c8 gestita in tutti gli Stati (comprese le Isole Vergini e il Distretto di Columbia) degli USA, tranne 8 (Nevada, California, Utah, Mississippi, Wyoming, Alabama, Hawaii e Alaska).<\/p>\n<p>Il jackpot della lotteria Powerball online ha superato in diverse occasioni i 300 milioni di dollari e il jackpot pi\u00f9 alto \u00e8 stato di 1.500 milioni di dollari. Normalmente, i jackpot partono da 20 milioni di dollari e aumentano di almeno 5 milioni di dollari ogni volta che il jackpot non viene raggiunto.<\/p>\n<section class=\"layout\" style=\"border: solid 1px; width: 100%;\">\n<div class=\"img-div\" style=\"margin-top: 5px;\"><img decoding=\"async\" class=\"wp-image-17212 alignleft\" style=\"height: 45px; margin: 8px 8px 0px;\" src=\"http:\/\/jackpotlotteryonline.com\/wp-content\/uploads\/2022\/11\/read1.jpg\" alt=\"Il pi\u00f9 grande jackpot del lotto\" width=\"\" height=\"\" \/><\/div>\n<div style=\"padding-left: 5px;\">\n<div style=\"font-size: 1.1em;\">\n<p><strong>I jackpot storici e da record delle lotterie<\/strong><\/p>\n<p style=\"font-size: 0.85em; margin-top: -1.5em;\">I pi\u00f9 grandi montepremi della storia del lotto vi faranno girare la testa <a href=\"https:\/\/jackpotlotteryonline.com\/it\/i-piu-grandi-jackpot-del-lotto-nella-storia\">Per saperne di pi\u00f9<\/a><\/p>\n<\/div>\n<\/div>\n<\/section>\n<h2>Come giocare alla lotteria Powerball<\/h2>\n<p>\u00c8 possibile <strong><a href=\"https:\/\/jackpotlotteryonline.com\/it\/comprare-biglietti\/powerball\">ottenere facilmente il biglietto della lotteria online<\/a> attraverso il nostro sito web. Per giocare e vincere il jackpot della lotteria Powerball<\/strong>, non \u00e8 necessario essere cittadini statunitensi &#8211; si pu\u00f2 vivere al di fuori degli Stati Uniti, ma \u00e8 necessario avere almeno 18 anni. Tutto ci\u00f2 che dovete fare \u00e8 cliccare su uno dei banner della lotteria, registrarvi e verificare voi stessi ed effettuare il pagamento. Al resto penseremo noi ogni volta che effettuerete un ordine. L&#8217;acquisto dei biglietti, la consegna e l&#8217;aiuto per la logistica del denaro sono le aree in cui \u00e8 possibile ricevere assistenza.<br \/>\n<img loading=\"lazy\" decoding=\"async\" class=\"alignright size-full wp-image-18167\" src=\"http:\/\/jackpotlotteryonline.com\/wp-content\/uploads\/2022\/10\/powerball_globe_logo.png\" alt=\"giocare al powerball online\" width=\"200\" height=\"212\" \/><\/p>\n<p>Per vincere il Jackpot della lotteria Powerball, bisogna azzeccare cinque numeri su 59, oltre al numero Powerball compreso tra 1 e 39. Ci sono nove modi per vincere, e uno lo si ottiene gi\u00e0 se si azzecca il numero Powerball.<\/p>\n<p>Il <a href=\"http:\/\/jackpotlotteryonline.com\/it\/comprare-biglietti\/powerball\">jackpot della lotteria Powerball<\/a> online \u00e8 un gioco tradizionale a due tamburi. Un tamburo contiene 59 palline bianche e il secondo tamburo 39 palline rosse. Dovrete selezionare 5 palline bianche e una rossa. Le palline possono essere scelte a caso e l&#8217;ordine di selezione non influisce sul risultato.<\/p>\n<p>Sicuramente giocare al jackpot della lotteria Powerball online ha i suoi vantaggi e, grazie alle sue impressionanti probabilit\u00e0 di vincita, c&#8217;\u00e8 una grande richiesta per questa lotteria.<\/p>\n<h2>\u00c8 il momento di tentare la fortuna al Powerball<\/h2>\n<p>Se siete persone che amano tentare la fortuna nei giochi d&#8217;azzardo, la lotteria Powerball \u00e8 sicuramente il posto giusto per iniziare. Sul nostro sito sono disponibili molte altre informazioni che possono aiutarvi a decidere quali numeri scegliere e giocare.<\/p>\n<p>Molte persone tendono a pensare che la lotteria sia un gioco d&#8217;azzardo. Ma potrebbero pensare un po&#8217; diversamente una volta capito come funziona la lotteria Powerball.<strong> Ci sono molti che hanno gi\u00e0 vinto al Powerball e non c&#8217;\u00e8 motivo per cui non possiate essere uno di loro. Iniziate ora&#8230;!<\/strong><\/p>\n","protected":false},"excerpt":{"rendered":"<p>Il Jackpot della lotteria Powerball online Siete di fronte a una delle pi\u00f9 antiche e pi\u00f9 grandi lotterie statunitensi. Il Jackpot della lotteria Powerball \u00e8 offerto da una commissione di lotteria multistatale formata da 41 stati americani. \u00c8 gestita in tutti gli Stati (comprese le Isole Vergini e il Distretto di Columbia) degli USA, tranne [&hellip;]<\/p>\n","protected":false},"author":1,"featured_media":0,"parent":35700,"menu_order":1,"comment_status":"closed","ping_status":"closed","template":"powerball-usa.php","meta":{"_et_pb_use_builder":"","_et_pb_old_content":"","_et_gb_content_width":"","exclude_from_search":false,"footnotes":""},"class_list":["post-35888","page","type-page","status-publish","hentry"],"yoast_head":"<!-- This site is optimized with the Yoast SEO plugin v23.3 - https:\/\/yoast.com\/wordpress\/plugins\/seo\/ -->\n<title>Giocare alla lotteria Powerball online, da fuori degli USA<\/title>\n<meta name=\"description\" content=\"La lotteria Powerball \u00e8 una delle pi\u00f9 antiche lotterie degli Stati Uniti - leggete questo articolo per scoprire come potete giocare online e da un paese al di fuori degli USA oggi!\" \/>\n<meta name=\"robots\" content=\"index, follow, max-snippet:-1, max-image-preview:large, max-video-preview:-1\" \/>\n<link rel=\"canonical\" href=\"https:\/\/jackpotlotteryonline.com\/play-online\/powerball\/\" \/>\n<meta property=\"og:locale\" content=\"it_IT\" \/>\n<meta property=\"og:type\" content=\"article\" \/>\n<meta property=\"og:title\" content=\"Giocare alla lotteria Powerball online, da fuori degli USA\" \/>\n<meta property=\"og:description\" content=\"La lotteria Powerball \u00e8 una delle pi\u00f9 antiche lotterie degli Stati Uniti - leggete questo articolo per scoprire come potete giocare online e da un paese al di fuori degli USA oggi!\" \/>\n<meta property=\"og:url\" content=\"https:\/\/jackpotlotteryonline.com\/play-online\/powerball\/\" \/>\n<meta property=\"og:site_name\" content=\"Lotto Online - Crack The International Lottery Jackpots\" \/>\n<meta property=\"article:modified_time\" content=\"2022-12-19T09:11:56+00:00\" \/>\n<meta property=\"og:image\" content=\"http:\/\/jackpotlotteryonline.com\/wp-content\/uploads\/2022\/10\/2_ticket_powerball3.jpg\" \/>\n<meta name=\"twitter:card\" content=\"summary_large_image\" \/>\n<meta name=\"twitter:label1\" content=\"Tempo di lettura stimato\" \/>\n\t<meta name=\"twitter:data1\" content=\"3 minuti\" \/>\n<!-- \/ Yoast SEO plugin. -->","yoast_head_json":{"title":"Giocare alla lotteria Powerball online, da fuori degli USA","description":"La lotteria Powerball \u00e8 una delle pi\u00f9 antiche lotterie degli Stati Uniti - leggete questo articolo per scoprire come potete giocare online e da un paese al di fuori degli USA oggi!","robots":{"index":"index","follow":"follow","max-snippet":"max-snippet:-1","max-image-preview":"max-image-preview:large","max-video-preview":"max-video-preview:-1"},"canonical":"https:\/\/jackpotlotteryonline.com\/play-online\/powerball\/","og_locale":"it_IT","og_type":"article","og_title":"Giocare alla lotteria Powerball online, da fuori degli USA","og_description":"La lotteria Powerball \u00e8 una delle pi\u00f9 antiche lotterie degli Stati Uniti - leggete questo articolo per scoprire come potete giocare online e da un paese al di fuori degli USA oggi!","og_url":"https:\/\/jackpotlotteryonline.com\/play-online\/powerball\/","og_site_name":"Lotto Online - Crack The International Lottery Jackpots","article_modified_time":"2022-12-19T09:11:56+00:00","og_image":[{"url":"http:\/\/jackpotlotteryonline.com\/wp-content\/uploads\/2022\/10\/2_ticket_powerball3.jpg"}],"twitter_card":"summary_large_image","twitter_misc":{"Tempo di lettura stimato":"3 minuti"},"schema":{"@context":"https:\/\/schema.org","@graph":[{"@type":"WebPage","@id":"https:\/\/jackpotlotteryonline.com\/play-online\/powerball\/","url":"https:\/\/jackpotlotteryonline.com\/play-online\/powerball\/","name":"Giocare alla lotteria Powerball online, da fuori degli USA","isPartOf":{"@id":"https:\/\/jackpotlotteryonline.com\/#website"},"primaryImageOfPage":{"@id":"https:\/\/jackpotlotteryonline.com\/play-online\/powerball\/#primaryimage"},"image":{"@id":"https:\/\/jackpotlotteryonline.com\/play-online\/powerball\/#primaryimage"},"thumbnailUrl":"http:\/\/jackpotlotteryonline.com\/wp-content\/uploads\/2022\/10\/2_ticket_powerball3.jpg","datePublished":"2022-11-02T09:16:18+00:00","dateModified":"2022-12-19T09:11:56+00:00","description":"La lotteria Powerball \u00e8 una delle pi\u00f9 antiche lotterie degli Stati Uniti - leggete questo articolo per scoprire come potete giocare online e da un paese al di fuori degli USA oggi!","breadcrumb":{"@id":"https:\/\/jackpotlotteryonline.com\/play-online\/powerball\/#breadcrumb"},"inLanguage":"it-IT","potentialAction":[{"@type":"ReadAction","target":["https:\/\/jackpotlotteryonline.com\/play-online\/powerball\/"]}]},{"@type":"ImageObject","inLanguage":"it-IT","@id":"https:\/\/jackpotlotteryonline.com\/play-online\/powerball\/#primaryimage","url":"http:\/\/jackpotlotteryonline.com\/wp-content\/uploads\/2022\/10\/2_ticket_powerball3.jpg","contentUrl":"http:\/\/jackpotlotteryonline.com\/wp-content\/uploads\/2022\/10\/2_ticket_powerball3.jpg"},{"@type":"BreadcrumbList","@id":"https:\/\/jackpotlotteryonline.com\/play-online\/powerball\/#breadcrumb","itemListElement":[{"@type":"ListItem","position":1,"name":"Home","item":"https:\/\/jackpotlotteryonline.com\/it\/"},{"@type":"ListItem","position":2,"name":"Come giocare","item":"https:\/\/jackpotlotteryonline.com\/play-online\/"},{"@type":"ListItem","position":3,"name":"Powerball USA"}]},{"@type":"WebSite","@id":"https:\/\/jackpotlotteryonline.com\/#website","url":"https:\/\/jackpotlotteryonline.com\/","name":"Lotto Online - Crack The International Lottery Jackpots","description":"","potentialAction":[{"@type":"SearchAction","target":{"@type":"EntryPoint","urlTemplate":"https:\/\/jackpotlotteryonline.com\/?s={search_term_string}"},"query-input":"required name=search_term_string"}],"inLanguage":"it-IT"}]}},"_links":{"self":[{"href":"https:\/\/jackpotlotteryonline.com\/it\/wp-json\/wp\/v2\/pages\/35888","targetHints":{"allow":["GET"]}}],"collection":[{"href":"https:\/\/jackpotlotteryonline.com\/it\/wp-json\/wp\/v2\/pages"}],"about":[{"href":"https:\/\/jackpotlotteryonline.com\/it\/wp-json\/wp\/v2\/types\/page"}],"author":[{"embeddable":true,"href":"https:\/\/jackpotlotteryonline.com\/it\/wp-json\/wp\/v2\/users\/1"}],"replies":[{"embeddable":true,"href":"https:\/\/jackpotlotteryonline.com\/it\/wp-json\/wp\/v2\/comments?post=35888"}],"version-history":[{"count":0,"href":"https:\/\/jackpotlotteryonline.com\/it\/wp-json\/wp\/v2\/pages\/35888\/revisions"}],"up":[{"embeddable":true,"href":"https:\/\/jackpotlotteryonline.com\/it\/wp-json\/wp\/v2\/pages\/35700"}],"wp:attachment":[{"href":"https:\/\/jackpotlotteryonline.com\/it\/wp-json\/wp\/v2\/media?parent=35888"}],"curies":[{"name":"wp","href":"https:\/\/api.w.org\/{rel}","templated":true}]}}