{"id":35951,"date":"2022-11-02T11:17:47","date_gmt":"2022-11-02T11:17:47","guid":{"rendered":"https:\/\/jackpotlotteryonline.com\/?page_id=35951"},"modified":"2022-12-30T19:16:23","modified_gmt":"2022-12-30T19:16:23","slug":"mega-millions","status":"publish","type":"page","link":"https:\/\/jackpotlotteryonline.com\/it\/come-giocare\/mega-millions\/","title":{"rendered":"Mega Millions USA"},"content":{"rendered":"<h2>Il jackpot del lotto online Mega Millions<\/h2>\n<p>Il Mega Millions Jackpot Lotto si trova nel Michigan USA e viene giocato in 12 stati federali degli Stati Uniti. Con le estrazioni previste ogni marted\u00ec e venerd\u00ec sera alle 20:00, la frequenza di vincita pu\u00f2 essere piuttosto elevata per un giocatore fortunato. Un biglietto Mega Millions costa relativamente poco e il jackpot pi\u00f9 grande mai pagato \u00e8 stato di oltre 1.500 milioni di dollari.<br \/>\n<img loading=\"lazy\" decoding=\"async\" class=\"alignright size-full wp-image-17546\" src=\"http:\/\/jackpotlotteryonline.com\/wp-content\/uploads\/2022\/10\/logo_Mega_Millions_233x110.png\" alt=\"gioca a mega millions online\" width=\"232\" height=\"110\" \/><\/p>\n<p>Se state pensando di giocare al Mega Millions, e per di pi\u00f9 con regolarit\u00e0, potete immaginare il tempo e l&#8217;energia che comporta correre alla lotteria due volte alla settimana. Il modo migliore per eliminare le complicazioni e risparmiare tempo \u00e8 giocare online. <a href=\"https:\/\/jackpotlotteryonline.com\/it\/numeri-vincenti\/mega-millions\">Acquistare il biglietto<\/a> con i vostri numeri preferiti e farvelo recapitare a casa non \u00e8 mai stato cos\u00ec facile. Con il nostro aiuto, il Jackpot del Lotto Mega Millions pu\u00f2 essere vinto online da chiunque nel mondo!<\/p>\n<h2>Come giocare al Mega Millions online<\/h2>\n<p>La lotteria Mega Millions parte da 20 milioni di dollari ed \u00e8 entrata nella storia quando ha raggiunto 1,5 miliardi di dollari, il jackpot pi\u00f9 alto della storia degli Stati Uniti! I giocatori possono scegliere cinque numeri tra 1 e 56 (pallina bianca) pi\u00f9 un cosiddetto numero Mega tra 1 e 46 (pallina dorata).<br \/>\n<img loading=\"lazy\" decoding=\"async\" class=\"alignright size-full wp-image-19115\" src=\"http:\/\/jackpotlotteryonline.com\/wp-content\/uploads\/2022\/10\/2_ticket_mega_millions3.jpg\" alt=\"scansione del biglietto mega millions\" width=\"180\" height=\"193\" \/><\/p>\n<p>Per vincere questo jackpot, \u00e8 necessario azzeccare tutti e cinque i numeri e il numero mega. Ma anche se non si riesce a vincere il jackpot, si hanno buone possibilit\u00e0 di vincita, poich\u00e9 1 biglietto su 40 risulta vincente. Chiunque concorda sul fatto che si tratta di ottime probabilit\u00e0 di vincere una lotteria.<\/p>\n<p>Il montepremi sar\u00e0 versato in 26 rate annuali, dette anche rendite, oppure si pu\u00f2 optare per una liquidazione in contanti, che prevede il pagamento del valore attuale della rendita.<a href=\"http:\/\/jackpotlotteryonline.com\/it\/numeri-vincenti\/mega-millions\"> Le estrazioni<\/a> si tengono solitamente nell&#8217;Idaho (Georgia), ma quando il jackpot supera la soglia dei 200 milioni di dollari, l&#8217;estrazione si tiene a Times Square (New York City).<\/p>\n<p>Per giocare a questa lotteria \u00e8 necessario avere almeno 18 anni, ma non \u00e8 necessario essere cittadini o residenti negli Stati Uniti. Con il nostro aiuto, potete giocare anche al di fuori degli Stati Uniti, da qualsiasi parte del mondo. Anzi, vi aiuteremo anche a farvi recapitare i premi vinti in modo sicuro e senza problemi.<\/p>\n<h2>Gli extra<\/h2>\n<p>In quasi tutte le giurisdizioni (42 su 43, tranne la California) del Mega Millions, i giocatori hanno la possibilit\u00e0 di attivare un extra chiamato Megaplier. Il Megaplier raddoppia la puntata del gioco e i giocatori possono moltiplicare per 2, 3 o 4 i premi non jackpot. Naturalmente, non \u00e8 necessario menzionare che le probabilit\u00e0 si riducono.<\/p>\n<p>Quindi, con una posta in gioco cos\u00ec alta, \u00e8 ora che prendiate in considerazione l&#8217;idea di giocare al Mega Millions, che pu\u00f2 farvi realizzare i vostri sogni. Registratevi sul nostro sito e provate a giocare alla pi\u00f9 grande lotteria statunitense di sempre.<\/p>\n<section class=\"layout\" style=\"border: solid 1px; width: 100%;\">\n<div class=\"img-div\" style=\"margin-top: 5px;\"><img decoding=\"async\" class=\"wp-image-17212 alignleft\" style=\"height: 45px; margin: 8px 8px 0px;\" src=\"http:\/\/jackpotlotteryonline.com\/wp-content\/uploads\/2022\/11\/read1.jpg\" alt=\"leggere\" width=\"\" height=\"\" \/><\/div>\n<div style=\"padding-left: 5px;\">\n<div style=\"font-size: 1.1em;\">\n<p><strong>La vostra lotteria nazionale a confronto internazionale<\/strong><\/p>\n<p style=\"font-size: 0.85em; margin-top: -1.5em;\">La vostra lotteria locale potrebbe essere la peggiore: perch\u00e9 ha pi\u00f9 senso pagare di pi\u00f9 ma puntare a jackpot pi\u00f9 grandi\u00a0 <a href=\"https:\/\/jackpotlotteryonline.com\/it\/la-tua-lotteria-nazionale-nel-confronto-internazionale\"> Per saperne di pi\u00f9<\/a><\/p>\n<\/div>\n<\/div>\n<\/section>\n","protected":false},"excerpt":{"rendered":"<p>Il jackpot del lotto online Mega Millions Il Mega Millions Jackpot Lotto si trova nel Michigan USA e viene giocato in 12 stati federali degli Stati Uniti. Con le estrazioni previste ogni marted\u00ec e venerd\u00ec sera alle 20:00, la frequenza di vincita pu\u00f2 essere piuttosto elevata per un giocatore fortunato. Un biglietto Mega Millions costa [&hellip;]<\/p>\n","protected":false},"author":1,"featured_media":0,"parent":35700,"menu_order":2,"comment_status":"closed","ping_status":"closed","template":"megamillion.php","meta":{"_et_pb_use_builder":"","_et_pb_old_content":"","_et_gb_content_width":"","exclude_from_search":false,"footnotes":""},"class_list":["post-35951","page","type-page","status-publish","hentry"],"yoast_head":"<!-- This site is optimized with the Yoast SEO plugin v23.3 - https:\/\/yoast.com\/wordpress\/plugins\/seo\/ -->\n<title>Gioca a Mega Millions online da fuori degli Stati Uniti<\/title>\n<meta name=\"description\" content=\"Il jackpot del lotto statunitense Mega Millions \u00e8 la madre di tutte le lotterie e ora \u00e8 possibile giocare online, anche se si vive fuori dagli Stati Uniti.\" \/>\n<meta name=\"robots\" content=\"index, follow, max-snippet:-1, max-image-preview:large, max-video-preview:-1\" \/>\n<link rel=\"canonical\" href=\"https:\/\/jackpotlotteryonline.com\/play-online\/mega-millions\/\" \/>\n<meta property=\"og:locale\" content=\"it_IT\" \/>\n<meta property=\"og:type\" content=\"article\" \/>\n<meta property=\"og:title\" content=\"Gioca a Mega Millions online da fuori degli Stati Uniti\" \/>\n<meta property=\"og:description\" content=\"Il jackpot del lotto statunitense Mega Millions \u00e8 la madre di tutte le lotterie e ora \u00e8 possibile giocare online, anche se si vive fuori dagli Stati Uniti.\" \/>\n<meta property=\"og:url\" content=\"https:\/\/jackpotlotteryonline.com\/play-online\/mega-millions\/\" \/>\n<meta property=\"og:site_name\" content=\"Lotto Online - Crack The International Lottery Jackpots\" \/>\n<meta property=\"article:modified_time\" content=\"2022-12-30T19:16:23+00:00\" \/>\n<meta property=\"og:image\" content=\"http:\/\/jackpotlotteryonline.com\/wp-content\/uploads\/2022\/10\/logo_Mega_Millions_233x110.png\" \/>\n<meta name=\"twitter:card\" content=\"summary_large_image\" \/>\n<meta name=\"twitter:label1\" content=\"Tempo di lettura stimato\" \/>\n\t<meta name=\"twitter:data1\" content=\"3 minuti\" \/>\n<!-- \/ Yoast SEO plugin. -->","yoast_head_json":{"title":"Gioca a Mega Millions online da fuori degli Stati Uniti","description":"Il jackpot del lotto statunitense Mega Millions \u00e8 la madre di tutte le lotterie e ora \u00e8 possibile giocare online, anche se si vive fuori dagli Stati Uniti.","robots":{"index":"index","follow":"follow","max-snippet":"max-snippet:-1","max-image-preview":"max-image-preview:large","max-video-preview":"max-video-preview:-1"},"canonical":"https:\/\/jackpotlotteryonline.com\/play-online\/mega-millions\/","og_locale":"it_IT","og_type":"article","og_title":"Gioca a Mega Millions online da fuori degli Stati Uniti","og_description":"Il jackpot del lotto statunitense Mega Millions \u00e8 la madre di tutte le lotterie e ora \u00e8 possibile giocare online, anche se si vive fuori dagli Stati Uniti.","og_url":"https:\/\/jackpotlotteryonline.com\/play-online\/mega-millions\/","og_site_name":"Lotto Online - Crack The International Lottery Jackpots","article_modified_time":"2022-12-30T19:16:23+00:00","og_image":[{"url":"http:\/\/jackpotlotteryonline.com\/wp-content\/uploads\/2022\/10\/logo_Mega_Millions_233x110.png"}],"twitter_card":"summary_large_image","twitter_misc":{"Tempo di lettura stimato":"3 minuti"},"schema":{"@context":"https:\/\/schema.org","@graph":[{"@type":"WebPage","@id":"https:\/\/jackpotlotteryonline.com\/play-online\/mega-millions\/","url":"https:\/\/jackpotlotteryonline.com\/play-online\/mega-millions\/","name":"Gioca a Mega Millions online da fuori degli Stati Uniti","isPartOf":{"@id":"https:\/\/jackpotlotteryonline.com\/#website"},"primaryImageOfPage":{"@id":"https:\/\/jackpotlotteryonline.com\/play-online\/mega-millions\/#primaryimage"},"image":{"@id":"https:\/\/jackpotlotteryonline.com\/play-online\/mega-millions\/#primaryimage"},"thumbnailUrl":"http:\/\/jackpotlotteryonline.com\/wp-content\/uploads\/2022\/10\/logo_Mega_Millions_233x110.png","datePublished":"2022-11-02T11:17:47+00:00","dateModified":"2022-12-30T19:16:23+00:00","description":"Il jackpot del lotto statunitense Mega Millions \u00e8 la madre di tutte le lotterie e ora \u00e8 possibile giocare online, anche se si vive fuori dagli Stati Uniti.","breadcrumb":{"@id":"https:\/\/jackpotlotteryonline.com\/play-online\/mega-millions\/#breadcrumb"},"inLanguage":"it-IT","potentialAction":[{"@type":"ReadAction","target":["https:\/\/jackpotlotteryonline.com\/play-online\/mega-millions\/"]}]},{"@type":"ImageObject","inLanguage":"it-IT","@id":"https:\/\/jackpotlotteryonline.com\/play-online\/mega-millions\/#primaryimage","url":"http:\/\/jackpotlotteryonline.com\/wp-content\/uploads\/2022\/10\/logo_Mega_Millions_233x110.png","contentUrl":"http:\/\/jackpotlotteryonline.com\/wp-content\/uploads\/2022\/10\/logo_Mega_Millions_233x110.png"},{"@type":"BreadcrumbList","@id":"https:\/\/jackpotlotteryonline.com\/play-online\/mega-millions\/#breadcrumb","itemListElement":[{"@type":"ListItem","position":1,"name":"Home","item":"https:\/\/jackpotlotteryonline.com\/it\/"},{"@type":"ListItem","position":2,"name":"Come giocare","item":"https:\/\/jackpotlotteryonline.com\/play-online\/"},{"@type":"ListItem","position":3,"name":"Mega Millions USA"}]},{"@type":"WebSite","@id":"https:\/\/jackpotlotteryonline.com\/#website","url":"https:\/\/jackpotlotteryonline.com\/","name":"Lotto Online - Crack The International Lottery Jackpots","description":"","potentialAction":[{"@type":"SearchAction","target":{"@type":"EntryPoint","urlTemplate":"https:\/\/jackpotlotteryonline.com\/?s={search_term_string}"},"query-input":"required name=search_term_string"}],"inLanguage":"it-IT"}]}},"_links":{"self":[{"href":"https:\/\/jackpotlotteryonline.com\/it\/wp-json\/wp\/v2\/pages\/35951","targetHints":{"allow":["GET"]}}],"collection":[{"href":"https:\/\/jackpotlotteryonline.com\/it\/wp-json\/wp\/v2\/pages"}],"about":[{"href":"https:\/\/jackpotlotteryonline.com\/it\/wp-json\/wp\/v2\/types\/page"}],"author":[{"embeddable":true,"href":"https:\/\/jackpotlotteryonline.com\/it\/wp-json\/wp\/v2\/users\/1"}],"replies":[{"embeddable":true,"href":"https:\/\/jackpotlotteryonline.com\/it\/wp-json\/wp\/v2\/comments?post=35951"}],"version-history":[{"count":0,"href":"https:\/\/jackpotlotteryonline.com\/it\/wp-json\/wp\/v2\/pages\/35951\/revisions"}],"up":[{"embeddable":true,"href":"https:\/\/jackpotlotteryonline.com\/it\/wp-json\/wp\/v2\/pages\/35700"}],"wp:attachment":[{"href":"https:\/\/jackpotlotteryonline.com\/it\/wp-json\/wp\/v2\/media?parent=35951"}],"curies":[{"name":"wp","href":"https:\/\/api.w.org\/{rel}","templated":true}]}}