{"id":36022,"date":"2022-11-03T08:13:59","date_gmt":"2022-11-03T08:13:59","guid":{"rendered":"https:\/\/jackpotlotteryonline.com\/?page_id=36022"},"modified":"2022-12-30T20:08:32","modified_gmt":"2022-12-30T20:08:32","slug":"euromillions","status":"publish","type":"page","link":"https:\/\/jackpotlotteryonline.com\/it\/come-giocare\/euromillions\/","title":{"rendered":"Gioca a Euro Millions"},"content":{"rendered":"<h2>Ottenere un biglietto per Euromillions online<\/h2>\n<p><img loading=\"lazy\" decoding=\"async\" class=\"alignright wp-image-18926\" src=\"https:\/\/jackpotlotteryonline.com\/wp-content\/uploads\/2022\/10\/2_ticket_euromillions3-111x300.jpg\" alt=\"biglietto euromillions\" width=\"83\" height=\"224\" srcset=\"https:\/\/jackpotlotteryonline.com\/wp-content\/uploads\/2022\/10\/2_ticket_euromillions3-111x300.jpg 111w, https:\/\/jackpotlotteryonline.com\/wp-content\/uploads\/2022\/10\/2_ticket_euromillions3.jpg 180w\" sizes=\"auto, (max-width: 83px) 100vw, 83px\" \/><\/p>\n<p>Euromillions \u00e8 una lotteria che si svolge in diversi Paesi europei come Francia, Regno Unito, Spagna, Irlanda, Belgio, Lussemburgo e Svizzera. Il jackpot della lotteria Euromillions online parte da un importo di 15 milioni di euro e il jackpot record \u00e8 di 190 milioni di euro.<\/p>\n<p>Per giocare alla lotteria Euromillions bisogna avere almeno 18 anni, ma si pu\u00f2 giocare da qualsiasi paese del mondo, utilizzando il servizio che offriamo su questo sito. Il servizio che offriamo \u00e8 unico nel suo genere, in quanto offre a tutti i cittadini del mondo, compresi paesi come Germania, Paesi Bassi, Italia e persino paesi extraeuropei, e non solo, l&#8217;opportunit\u00e0 di giocare e vincere il jackpot online. Fornendo un&#8217;opzione di scelta fortunata, \u00e8 pi\u00f9 facile selezionare numeri casuali invece di mettere sotto pressione le proprie cellule grigie.<\/p>\n<h2>Come acquistare il biglietto per il jackpot dell&#8217;Euromillions da fuori Europa<\/h2>\n<p><a href=\"https:\/\/jackpotlotteryonline.com\/it\/comprare-biglietti\/euromillions\">L&#8217;acquisto dei biglietti per il jackpot della lotteria online Euromillions<\/a> pu\u00f2 essere reso meno noioso grazie a noi. Una volta registrati sul nostro sito e verificati, dovrete solo selezionare la vostra lotteria ed effettuare il pagamento richiesto. Una volta fatto questo, il biglietto della lotteria viene acquistato a vostro nome e una scansione viene caricata sul vostro conto, una volta che avete pagato attraverso il mezzo di pagamento selezionato.<\/p>\n<p>Inoltre, se siete interessati a continuare a giocare al jackpot online di Euromillions per un certo periodo di tempo, potete selezionare i vostri numeri o randomizzarli e potete partecipare a pi\u00f9 estrazioni, ma dovrete pagare solo una volta ogni poche settimane.<\/p>\n<h2>Come funziona il jackpot della lotteria online Euromillions<\/h2>\n<p><img loading=\"lazy\" decoding=\"async\" class=\"alignright wp-image-17411\" src=\"https:\/\/jackpotlotteryonline.com\/wp-content\/uploads\/2022\/10\/euromillions.png\" alt=\"gioca a euromillions online\" width=\"143\" height=\"152\" \/><\/p>\n<p>Per vincere il jackpot \u00e8 necessario scegliere cinque numeri compresi tra 1 e 50 pi\u00f9 2 numeri Lucky Star aggiuntivi (tra 1 e 9). <a href=\"https:\/\/jackpotlotteryonline.com\/it\/numeri-vincenti\/euromillions\">L&#8217;estrazione del jackpot dell&#8217;Euromillions<\/a> ha luogo ogni venerd\u00ec sera e, oltre al jackpot, sono previsti 11 livelli di premi. Le probabilit\u00e0 di vincere almeno un premio sono una su 24.<\/p>\n<h2>Controllo dei risultati<\/h2>\n<p>\u00c8 possibile controllare i risultati online in qualsiasi momento una volta terminata l&#8217;estrazione. Potete infatti utilizzare il vostro iPad, iPhone o qualsiasi altro dispositivo per tenere sotto controllo la situazione. Se siete fortunati a vincere un premio o il jackpot della lotteria Euromillions online, vi aiuteremo a reclamare il premio e a fare in modo che vi venga consegnato.<\/p>\n<section class=\"layout\" style=\"border: solid 1px; width: 100%;\">\n<div class=\"img-div\" style=\"margin-top: 5px;\"><img decoding=\"async\" class=\"wp-image-17212 alignleft\" style=\"height: 45px; margin: 8px 8px 0px;\" src=\"https:\/\/jackpotlotteryonline.com\/wp-content\/uploads\/2022\/11\/read1.jpg\" alt=\"leggere\" width=\"\" height=\"\" \/><\/div>\n<div style=\"padding-left: 5px;\">\n<div style=\"font-size: 1.1em;\">\n<p><strong>Le lotterie che hanno le migliori probabilit\u00e0 di vincita<\/strong><\/p>\n<p style=\"font-size: 0.85em; margin-top: -1.5em;\">Quale lotteria ha le migliori probabilit\u00e0 di vincita?\u00a0<a href=\"https:\/\/jackpotlotteryonline.com\/it\/quale-lotteria-ha-le-migliori-probabilita-di-vincita\"> Per saperne di pi\u00f9<\/a><\/p>\n<\/div>\n<\/div>\n<\/section>\n<h2>Il jackpot della lotteria online Euromillions<\/h2>\n<p>Il jackpot dell&#8217;Euromillions \u00e8 stato lanciato inizialmente il 7 febbraio 2004 e ha tenuto la sua prima estrazione a Parigi il 13 febbraio 2004. La vincita pi\u00f9 notevole del jackpot \u00e8 avvenuta in una delle ultime estrazioni (12 luglio 2011) e l&#8217;importo di 185.000.000 euro \u00e8 stato intascato da Colin e Chris Weir di Glasgow (Regno Unito).<\/p>\n<p>Il jackpot online della Lotteria Euromillions non \u00e8 stato esente da scandali, soprattutto quello verificatosi in Belgio nel 2009. Tuttavia, sono stati privi di motivazioni fondate e da allora sono stati sedati. \u00c8 quindi giunto il momento di tentare la fortuna con una delle pi\u00f9 grandi offerte monetarie di sempre.<\/p>\n","protected":false},"excerpt":{"rendered":"<p>Ottenere un biglietto per Euromillions online Euromillions \u00e8 una lotteria che si svolge in diversi Paesi europei come Francia, Regno Unito, Spagna, Irlanda, Belgio, Lussemburgo e Svizzera. Il jackpot della lotteria Euromillions online parte da un importo di 15 milioni di euro e il jackpot record \u00e8 di 190 milioni di euro. Per giocare alla [&hellip;]<\/p>\n","protected":false},"author":1,"featured_media":0,"parent":35700,"menu_order":3,"comment_status":"closed","ping_status":"closed","template":"euromillions.php","meta":{"_et_pb_use_builder":"","_et_pb_old_content":"","_et_gb_content_width":"","exclude_from_search":false,"footnotes":""},"class_list":["post-36022","page","type-page","status-publish","hentry"],"yoast_head":"<!-- This site is optimized with the Yoast SEO plugin v23.3 - https:\/\/yoast.com\/wordpress\/plugins\/seo\/ -->\n<title>Giocare all&#039;Euromillions online da qualsiasi luogo, anche fuori dall&#039;Europa<\/title>\n<meta name=\"description\" content=\"La lotteria Euromillions \u00e8 una delle lotterie pi\u00f9 ambite. \u00c8 possibile giocare ora con un biglietto online, anche se ci si trova fuori dall&#039;Europa.\" \/>\n<meta name=\"robots\" content=\"index, follow, max-snippet:-1, max-image-preview:large, max-video-preview:-1\" \/>\n<link rel=\"canonical\" href=\"https:\/\/jackpotlotteryonline.com\/play-online\/euromillions\/\" \/>\n<meta property=\"og:locale\" content=\"it_IT\" \/>\n<meta property=\"og:type\" content=\"article\" \/>\n<meta property=\"og:title\" content=\"Giocare all&#039;Euromillions online da qualsiasi luogo, anche fuori dall&#039;Europa\" \/>\n<meta property=\"og:description\" content=\"La lotteria Euromillions \u00e8 una delle lotterie pi\u00f9 ambite. \u00c8 possibile giocare ora con un biglietto online, anche se ci si trova fuori dall&#039;Europa.\" \/>\n<meta property=\"og:url\" content=\"https:\/\/jackpotlotteryonline.com\/play-online\/euromillions\/\" \/>\n<meta property=\"og:site_name\" content=\"Lotto Online - Crack The International Lottery Jackpots\" \/>\n<meta property=\"article:modified_time\" content=\"2022-12-30T20:08:32+00:00\" \/>\n<meta property=\"og:image\" content=\"https:\/\/jackpotlotteryonline.com\/wp-content\/uploads\/2022\/10\/2_ticket_euromillions3-111x300.jpg\" \/>\n<meta name=\"twitter:card\" content=\"summary_large_image\" \/>\n<meta name=\"twitter:label1\" content=\"Tempo di lettura stimato\" \/>\n\t<meta name=\"twitter:data1\" content=\"3 minuti\" \/>\n<!-- \/ Yoast SEO plugin. -->","yoast_head_json":{"title":"Giocare all'Euromillions online da qualsiasi luogo, anche fuori dall'Europa","description":"La lotteria Euromillions \u00e8 una delle lotterie pi\u00f9 ambite. \u00c8 possibile giocare ora con un biglietto online, anche se ci si trova fuori dall'Europa.","robots":{"index":"index","follow":"follow","max-snippet":"max-snippet:-1","max-image-preview":"max-image-preview:large","max-video-preview":"max-video-preview:-1"},"canonical":"https:\/\/jackpotlotteryonline.com\/play-online\/euromillions\/","og_locale":"it_IT","og_type":"article","og_title":"Giocare all'Euromillions online da qualsiasi luogo, anche fuori dall'Europa","og_description":"La lotteria Euromillions \u00e8 una delle lotterie pi\u00f9 ambite. \u00c8 possibile giocare ora con un biglietto online, anche se ci si trova fuori dall'Europa.","og_url":"https:\/\/jackpotlotteryonline.com\/play-online\/euromillions\/","og_site_name":"Lotto Online - Crack The International Lottery Jackpots","article_modified_time":"2022-12-30T20:08:32+00:00","og_image":[{"url":"https:\/\/jackpotlotteryonline.com\/wp-content\/uploads\/2022\/10\/2_ticket_euromillions3-111x300.jpg"}],"twitter_card":"summary_large_image","twitter_misc":{"Tempo di lettura stimato":"3 minuti"},"schema":{"@context":"https:\/\/schema.org","@graph":[{"@type":"WebPage","@id":"https:\/\/jackpotlotteryonline.com\/play-online\/euromillions\/","url":"https:\/\/jackpotlotteryonline.com\/play-online\/euromillions\/","name":"Giocare all'Euromillions online da qualsiasi luogo, anche fuori dall'Europa","isPartOf":{"@id":"https:\/\/jackpotlotteryonline.com\/#website"},"primaryImageOfPage":{"@id":"https:\/\/jackpotlotteryonline.com\/play-online\/euromillions\/#primaryimage"},"image":{"@id":"https:\/\/jackpotlotteryonline.com\/play-online\/euromillions\/#primaryimage"},"thumbnailUrl":"https:\/\/jackpotlotteryonline.com\/wp-content\/uploads\/2022\/10\/2_ticket_euromillions3-111x300.jpg","datePublished":"2022-11-03T08:13:59+00:00","dateModified":"2022-12-30T20:08:32+00:00","description":"La lotteria Euromillions \u00e8 una delle lotterie pi\u00f9 ambite. \u00c8 possibile giocare ora con un biglietto online, anche se ci si trova fuori dall'Europa.","breadcrumb":{"@id":"https:\/\/jackpotlotteryonline.com\/play-online\/euromillions\/#breadcrumb"},"inLanguage":"it-IT","potentialAction":[{"@type":"ReadAction","target":["https:\/\/jackpotlotteryonline.com\/play-online\/euromillions\/"]}]},{"@type":"ImageObject","inLanguage":"it-IT","@id":"https:\/\/jackpotlotteryonline.com\/play-online\/euromillions\/#primaryimage","url":"https:\/\/jackpotlotteryonline.com\/wp-content\/uploads\/2022\/10\/2_ticket_euromillions3-111x300.jpg","contentUrl":"https:\/\/jackpotlotteryonline.com\/wp-content\/uploads\/2022\/10\/2_ticket_euromillions3-111x300.jpg"},{"@type":"BreadcrumbList","@id":"https:\/\/jackpotlotteryonline.com\/play-online\/euromillions\/#breadcrumb","itemListElement":[{"@type":"ListItem","position":1,"name":"Home","item":"https:\/\/jackpotlotteryonline.com\/it\/"},{"@type":"ListItem","position":2,"name":"Come giocare","item":"https:\/\/jackpotlotteryonline.com\/play-online\/"},{"@type":"ListItem","position":3,"name":"Gioca a Euro Millions"}]},{"@type":"WebSite","@id":"https:\/\/jackpotlotteryonline.com\/#website","url":"https:\/\/jackpotlotteryonline.com\/","name":"Lotto Online - Crack The International Lottery Jackpots","description":"","potentialAction":[{"@type":"SearchAction","target":{"@type":"EntryPoint","urlTemplate":"https:\/\/jackpotlotteryonline.com\/?s={search_term_string}"},"query-input":"required name=search_term_string"}],"inLanguage":"it-IT"}]}},"_links":{"self":[{"href":"https:\/\/jackpotlotteryonline.com\/it\/wp-json\/wp\/v2\/pages\/36022","targetHints":{"allow":["GET"]}}],"collection":[{"href":"https:\/\/jackpotlotteryonline.com\/it\/wp-json\/wp\/v2\/pages"}],"about":[{"href":"https:\/\/jackpotlotteryonline.com\/it\/wp-json\/wp\/v2\/types\/page"}],"author":[{"embeddable":true,"href":"https:\/\/jackpotlotteryonline.com\/it\/wp-json\/wp\/v2\/users\/1"}],"replies":[{"embeddable":true,"href":"https:\/\/jackpotlotteryonline.com\/it\/wp-json\/wp\/v2\/comments?post=36022"}],"version-history":[{"count":0,"href":"https:\/\/jackpotlotteryonline.com\/it\/wp-json\/wp\/v2\/pages\/36022\/revisions"}],"up":[{"embeddable":true,"href":"https:\/\/jackpotlotteryonline.com\/it\/wp-json\/wp\/v2\/pages\/35700"}],"wp:attachment":[{"href":"https:\/\/jackpotlotteryonline.com\/it\/wp-json\/wp\/v2\/media?parent=36022"}],"curies":[{"name":"wp","href":"https:\/\/api.w.org\/{rel}","templated":true}]}}