{"id":36075,"date":"2022-11-03T09:46:41","date_gmt":"2022-11-03T09:46:41","guid":{"rendered":"https:\/\/jackpotlotteryonline.com\/?page_id=36075"},"modified":"2022-12-30T20:55:01","modified_gmt":"2022-12-30T20:55:01","slug":"eurojackpot","status":"publish","type":"page","link":"https:\/\/jackpotlotteryonline.com\/it\/come-giocare\/eurojackpot\/","title":{"rendered":"EuroJackpot"},"content":{"rendered":"<h2>Come partecipare all&#8217;Eurojackpot da qualsiasi paese<\/h2>\n<p><strong>L&#8217;Eurojackpot<\/strong>, insieme all&#8217;Euromillions, \u00e8 una delle lotterie pi\u00f9 grandi e popolari di tutta Europa e viene giocata da milioni di persone in tutto il mondo ogni settimana. L&#8217;Eurojackpot \u00e8 stato creato per la prima volta nel 1994, ma, a causa di diverse modifiche alle regole e al formato, \u00e8 stato ritardato per alcuni anni fino a quando \u00e8 stato finalmente lanciato e pronto per essere giocato in Europa nel 2004.<br \/>\n<img loading=\"lazy\" decoding=\"async\" class=\"alignright wp-image-18574\" src=\"https:\/\/jackpotlotteryonline.com\/wp-content\/uploads\/2022\/10\/1_online_ticket_eurojackpot2.jpg\" alt=\"gioca a eurojackpot online\" width=\"260\" height=\"173\" \/><\/p>\n<p>Da quando si \u00e8 tenuta la prima estrazione nel 2004, milioni di persone hanno giocato a questo fantastico gioco d&#8217;azzardo e ci sono stati molti vincitori di jackpot, alcuni dei quali hanno avuto la fortuna di aggiudicarsi premi di oltre 180 milioni di euro!<\/p>\n<p>Con un montepremi standard di 15 milioni di euro che cambia la vita, non c&#8217;\u00e8 da stupirsi che l&#8217;EuroJackpot sia giocato online da milioni di persone ogni settimana. Le regole sono molto semplici: per giocare e vincere il jackpot, \u00e8 necessario scegliere correttamente 5 numeri, da un range compreso tra 1 e 50, oltre ad abbinare correttamente altri 2 numeri denominati &#8220;stelle fortunate&#8221; tra 1 e 11.<\/p>\n<p><a href=\"https:\/\/jackpotlotteryonline.com\/it\/comprare-biglietti\/eurojackpot\">Acquistate subito il vostro biglietto online<\/a> tramite il nostro servizio: chiunque pu\u00f2 partecipare e vincere!<\/p>\n<section class=\"layout\" style=\"border: solid 1px; width: 100%;\">\n<div class=\"img-div\" style=\"margin-top: 5px;\"><img decoding=\"async\" class=\"wp-image-17212 alignleft\" style=\"height: 45px; margin: 8px 8px 0px;\" src=\"https:\/\/jackpotlotteryonline.com\/wp-content\/uploads\/2022\/11\/read1.jpg\" alt=\"leggere\" width=\"\" height=\"\" \/><\/div>\n<div style=\"padding-left: 5px;\">\n<div style=\"font-size: 1.1em;\">\n<p><strong>Qual \u00e8 la migliore lotteria internazionale?<\/strong><\/p>\n<p style=\"font-size: 0.85em; margin-top: -1.5em;\">Quali sono le lotterie internazionali con le migliori probabilit\u00e0 di vincita?\u00a0<a href=\"https:\/\/jackpotlotteryonline.com\/it\/quale-lotteria-internazionale-e-la-migliore\"> Per saperne di pi\u00f9<\/a><\/p>\n<\/div>\n<\/div>\n<\/section>\n<h2>Acquistare un biglietto per l&#8217;EuroJackpot online<\/h2>\n<p><strong>Il bello di giocare all&#8217;EuroJackpot online<\/strong> \u00e8 che ci sono molti premi in palio, quindi se non siete i vincitori del jackpot non preoccupatevi, perch\u00e9 potreste comunque avere la possibilit\u00e0 di vincere grandi premi in denaro. Oltre al grande premio del jackpot che potreste vincere acquistando un biglietto dell&#8217;EuroJackpot online, ci sono 13 diversi premi in palio.<br \/>\n<img loading=\"lazy\" decoding=\"async\" class=\"alignright size-medium wp-image-18736\" src=\"https:\/\/jackpotlotteryonline.com\/wp-content\/uploads\/2022\/10\/2_ticket_eurojackpot-141x300.jpg\" alt=\"biglietto eurojackpot\" width=\"141\" height=\"300\" srcset=\"https:\/\/jackpotlotteryonline.com\/wp-content\/uploads\/2022\/10\/2_ticket_eurojackpot-141x300.jpg 141w, https:\/\/jackpotlotteryonline.com\/wp-content\/uploads\/2022\/10\/2_ticket_eurojackpot.jpg 150w\" sizes=\"auto, (max-width: 141px) 100vw, 141px\" \/><\/p>\n<p>Se non c&#8217;\u00e8 nessun vincitore del grande premio, l&#8217;Eurojackpot passa a un&#8217;altra settimana. Per questo motivo in passato sono stati vinti jackpot enormi, pari o superiori a 100 milioni di euro. La lotteria \u00e8 solitamente giocata dai residenti dei Paesi europei, quindi ogni settimana i partecipanti di localit\u00e0 come Regno Unito, Francia, Germania e Svizzera acquistano i biglietti dell&#8217;EuroJackpot online.<\/p>\n<p>L&#8217;acquisto di un biglietto della lotteria online sta rapidamente diventando il modo pi\u00f9 popolare per giocare alla lotteria Eurojackpot. Le regole sono le stesse, ma l&#8217;intero processo di gioco \u00e8 molto pi\u00f9 rapido e semplice in termini di acquisto del biglietto. Per esempio, invece di recarvi al negozio locale per acquistare un biglietto fisico, potete semplicemente collegarvi al sito di gioco e selezionare i vostri numeri comodamente da casa vostra o addirittura dal vostro ufficio in pochi secondi.<\/p>\n<p>Una volta selezionati i vostri numeri fortunati, o anche diverse serie di numeri se volete davvero aumentare le vostre probabilit\u00e0 di vincita, potete pagare il biglietto online in tutta sicurezza. Dopo ogni <a href=\"https:\/\/jackpotlotteryonline.com\/it\/numeri-vincenti\/euromillions\">estrazione della lotteria Eurojackpot,<\/a> i risultati saranno aggiornati online un attimo dopo la rivelazione dell&#8217;ultimo numero ogni settimana. Ci\u00f2 significa che potete semplicemente accedere nuovamente al vostro account e visualizzare i numeri vincenti in pochi secondi, eliminando la necessit\u00e0 di cercare i risultati sui giornali.<\/p>\n<p>Inoltre, quando giocate all&#8217;EuroJackpot online con noi, vi verr\u00e0 inviata automaticamente un&#8217;e-mail se avete indovinato qualche numero.<\/p>\n","protected":false},"excerpt":{"rendered":"<p>Come partecipare all&#8217;Eurojackpot da qualsiasi paese L&#8217;Eurojackpot, insieme all&#8217;Euromillions, \u00e8 una delle lotterie pi\u00f9 grandi e popolari di tutta Europa e viene giocata da milioni di persone in tutto il mondo ogni settimana. L&#8217;Eurojackpot \u00e8 stato creato per la prima volta nel 1994, ma, a causa di diverse modifiche alle regole e al formato, \u00e8 [&hellip;]<\/p>\n","protected":false},"author":1,"featured_media":0,"parent":35700,"menu_order":4,"comment_status":"closed","ping_status":"closed","template":"eurojackpot.php","meta":{"_et_pb_use_builder":"","_et_pb_old_content":"","_et_gb_content_width":"","exclude_from_search":false,"footnotes":""},"class_list":["post-36075","page","type-page","status-publish","hentry"],"yoast_head":"<!-- This site is optimized with the Yoast SEO plugin v23.3 - https:\/\/yoast.com\/wordpress\/plugins\/seo\/ -->\n<title>Gioca all&#039;Eurojackpot online, anche da fuori Europa<\/title>\n<meta name=\"description\" content=\"Giocare all&#039;Eurojackpot online ti porta pi\u00f9 vicino a diventare milionario!\" \/>\n<meta name=\"robots\" content=\"index, follow, max-snippet:-1, max-image-preview:large, max-video-preview:-1\" \/>\n<link rel=\"canonical\" href=\"https:\/\/jackpotlotteryonline.com\/play-online\/eurojackpot\/\" \/>\n<meta property=\"og:locale\" content=\"it_IT\" \/>\n<meta property=\"og:type\" content=\"article\" \/>\n<meta property=\"og:title\" content=\"Gioca all&#039;Eurojackpot online, anche da fuori Europa\" \/>\n<meta property=\"og:description\" content=\"Giocare all&#039;Eurojackpot online ti porta pi\u00f9 vicino a diventare milionario!\" \/>\n<meta property=\"og:url\" content=\"https:\/\/jackpotlotteryonline.com\/play-online\/eurojackpot\/\" \/>\n<meta property=\"og:site_name\" content=\"Lotto Online - Crack The International Lottery Jackpots\" \/>\n<meta property=\"article:modified_time\" content=\"2022-12-30T20:55:01+00:00\" \/>\n<meta property=\"og:image\" content=\"https:\/\/jackpotlotteryonline.com\/wp-content\/uploads\/2022\/10\/1_online_ticket_eurojackpot2.jpg\" \/>\n<meta name=\"twitter:card\" content=\"summary_large_image\" \/>\n<meta name=\"twitter:label1\" content=\"Tempo di lettura stimato\" \/>\n\t<meta name=\"twitter:data1\" content=\"3 minuti\" \/>\n<!-- \/ Yoast SEO plugin. -->","yoast_head_json":{"title":"Gioca all'Eurojackpot online, anche da fuori Europa","description":"Giocare all'Eurojackpot online ti porta pi\u00f9 vicino a diventare milionario!","robots":{"index":"index","follow":"follow","max-snippet":"max-snippet:-1","max-image-preview":"max-image-preview:large","max-video-preview":"max-video-preview:-1"},"canonical":"https:\/\/jackpotlotteryonline.com\/play-online\/eurojackpot\/","og_locale":"it_IT","og_type":"article","og_title":"Gioca all'Eurojackpot online, anche da fuori Europa","og_description":"Giocare all'Eurojackpot online ti porta pi\u00f9 vicino a diventare milionario!","og_url":"https:\/\/jackpotlotteryonline.com\/play-online\/eurojackpot\/","og_site_name":"Lotto Online - Crack The International Lottery Jackpots","article_modified_time":"2022-12-30T20:55:01+00:00","og_image":[{"url":"https:\/\/jackpotlotteryonline.com\/wp-content\/uploads\/2022\/10\/1_online_ticket_eurojackpot2.jpg"}],"twitter_card":"summary_large_image","twitter_misc":{"Tempo di lettura stimato":"3 minuti"},"schema":{"@context":"https:\/\/schema.org","@graph":[{"@type":"WebPage","@id":"https:\/\/jackpotlotteryonline.com\/play-online\/eurojackpot\/","url":"https:\/\/jackpotlotteryonline.com\/play-online\/eurojackpot\/","name":"Gioca all'Eurojackpot online, anche da fuori Europa","isPartOf":{"@id":"https:\/\/jackpotlotteryonline.com\/#website"},"primaryImageOfPage":{"@id":"https:\/\/jackpotlotteryonline.com\/play-online\/eurojackpot\/#primaryimage"},"image":{"@id":"https:\/\/jackpotlotteryonline.com\/play-online\/eurojackpot\/#primaryimage"},"thumbnailUrl":"https:\/\/jackpotlotteryonline.com\/wp-content\/uploads\/2022\/10\/1_online_ticket_eurojackpot2.jpg","datePublished":"2022-11-03T09:46:41+00:00","dateModified":"2022-12-30T20:55:01+00:00","description":"Giocare all'Eurojackpot online ti porta pi\u00f9 vicino a diventare milionario!","breadcrumb":{"@id":"https:\/\/jackpotlotteryonline.com\/play-online\/eurojackpot\/#breadcrumb"},"inLanguage":"it-IT","potentialAction":[{"@type":"ReadAction","target":["https:\/\/jackpotlotteryonline.com\/play-online\/eurojackpot\/"]}]},{"@type":"ImageObject","inLanguage":"it-IT","@id":"https:\/\/jackpotlotteryonline.com\/play-online\/eurojackpot\/#primaryimage","url":"https:\/\/jackpotlotteryonline.com\/wp-content\/uploads\/2022\/10\/1_online_ticket_eurojackpot2.jpg","contentUrl":"https:\/\/jackpotlotteryonline.com\/wp-content\/uploads\/2022\/10\/1_online_ticket_eurojackpot2.jpg"},{"@type":"BreadcrumbList","@id":"https:\/\/jackpotlotteryonline.com\/play-online\/eurojackpot\/#breadcrumb","itemListElement":[{"@type":"ListItem","position":1,"name":"Home","item":"https:\/\/jackpotlotteryonline.com\/it\/"},{"@type":"ListItem","position":2,"name":"Come giocare","item":"https:\/\/jackpotlotteryonline.com\/play-online\/"},{"@type":"ListItem","position":3,"name":"EuroJackpot"}]},{"@type":"WebSite","@id":"https:\/\/jackpotlotteryonline.com\/#website","url":"https:\/\/jackpotlotteryonline.com\/","name":"Lotto Online - Crack The International Lottery Jackpots","description":"","potentialAction":[{"@type":"SearchAction","target":{"@type":"EntryPoint","urlTemplate":"https:\/\/jackpotlotteryonline.com\/?s={search_term_string}"},"query-input":"required name=search_term_string"}],"inLanguage":"it-IT"}]}},"_links":{"self":[{"href":"https:\/\/jackpotlotteryonline.com\/it\/wp-json\/wp\/v2\/pages\/36075","targetHints":{"allow":["GET"]}}],"collection":[{"href":"https:\/\/jackpotlotteryonline.com\/it\/wp-json\/wp\/v2\/pages"}],"about":[{"href":"https:\/\/jackpotlotteryonline.com\/it\/wp-json\/wp\/v2\/types\/page"}],"author":[{"embeddable":true,"href":"https:\/\/jackpotlotteryonline.com\/it\/wp-json\/wp\/v2\/users\/1"}],"replies":[{"embeddable":true,"href":"https:\/\/jackpotlotteryonline.com\/it\/wp-json\/wp\/v2\/comments?post=36075"}],"version-history":[{"count":0,"href":"https:\/\/jackpotlotteryonline.com\/it\/wp-json\/wp\/v2\/pages\/36075\/revisions"}],"up":[{"embeddable":true,"href":"https:\/\/jackpotlotteryonline.com\/it\/wp-json\/wp\/v2\/pages\/35700"}],"wp:attachment":[{"href":"https:\/\/jackpotlotteryonline.com\/it\/wp-json\/wp\/v2\/media?parent=36075"}],"curies":[{"name":"wp","href":"https:\/\/api.w.org\/{rel}","templated":true}]}}