{"id":36127,"date":"2022-11-03T13:10:40","date_gmt":"2022-11-03T13:10:40","guid":{"rendered":"https:\/\/jackpotlotteryonline.com\/?page_id=36127"},"modified":"2022-12-31T07:25:31","modified_gmt":"2022-12-31T07:25:31","slug":"superenalotto","status":"publish","type":"page","link":"https:\/\/jackpotlotteryonline.com\/it\/come-giocare\/superenalotto\/","title":{"rendered":"SuperEnaLotto Italia"},"content":{"rendered":"<h2>Superenalotto Italia<\/h2>\n<p>Questa \u00e8 la lotteria italiana a montepremi che \u00e8 stata estratta per la prima volta il 3 dicembre 1997, e il jackpot online del <strong>Superenalotto raggiunge<\/strong> molto spesso somme astronomiche. Viene estratto ogni marted\u00ec, gioved\u00ec e sabato alle 20:00 in punto. Con i jackpot pi\u00f9 grandi, le probabilit\u00e0 di vincita di questa lotteria sono tra le pi\u00f9 basse. Il <strong>Superenalotto Italia<\/strong> \u00e8 noto per aver raggiunto jackpot di oltre 250 milioni di euro.<\/p>\n<section class=\"layout\" style=\"border: solid 1px; width: 100%;\">\n<div class=\"img-div\" style=\"margin-top: 5px;\"><img decoding=\"async\" class=\"wp-image-17212 alignleft\" style=\"height: 45px; margin: 8px 8px 0px;\" src=\"http:\/\/jackpotlotteryonline.com\/wp-content\/uploads\/2022\/11\/read1.jpg\" alt=\"leggere\" width=\"\" height=\"\" \/><\/div>\n<div style=\"padding-left: 5px;\">\n<div style=\"font-size: 1.1em;\">\n<p><strong>Lotterie europee<\/strong><\/p>\n<p style=\"font-size: 0.85em; margin-top: -1.5em;\">Quali sono le migliori lotterie europee?\u00a0 <a href=\"https:\/\/jackpotlotteryonline.com\/it\/quali-sono-le-migliori-lotterie-europee\">Per saperne di pi\u00f9<\/a><\/p>\n<\/div>\n<\/div>\n<\/section>\n<h2>Come funziona il Superenalotto<\/h2>\n<p><img loading=\"lazy\" decoding=\"async\" class=\"alignright wp-image-17735\" src=\"http:\/\/jackpotlotteryonline.com\/wp-content\/uploads\/2022\/10\/logo_superenalotto.png\" alt=\"gioca al superenalotto online\" width=\"168\" height=\"178\" \/><\/p>\n<p><strong>Il Superenalotto<\/strong> prevede l&#8217;abbinamento di 6 numeri su 90. <a href=\"http:\/\/jackpotlotteryonline.com\/it\/numeri-vincenti\/superenalotto\">L&#8217;estrazione principale<\/a> comprende l&#8217;estrazione di tutti e 6 i numeri, tra cui il numero Jolly, mentre una seconda estrazione indipendente ha luogo per il numero Superstar. Per avere qualche possibilit\u00e0 di vincita al <strong>Superenalotto Italia<\/strong>, bisogna indovinare almeno 3 numeri e le probabilit\u00e0 di ottenere questo risultato sono di 1 su 327. Per vincere il jackpot, le probabilit\u00e0 sono di 1 su 622 milioni.<\/p>\n<p>Il numero Superstar ha un costo aggiuntivo, ma se si \u00e8 abbastanza fortunati da centrarlo, pu\u00f2 aumentare il montepremi di 100 volte. Infatti, se si indovina il numero Superstar e non si indovinano i sei numeri base, si pu\u00f2 anche vincere un importo fisso in denaro.<\/p>\n<h2>Cosa si pu\u00f2 vincere con il Jackpot del Superenalotto?<\/h2>\n<p>L&#8217;anno 2022 vede attualmente il pi\u00f9 grande jackpot mai realizzato <strong>dal Superenalotto Italia, che ammonta attualmente a<\/strong> 295 milioni di euro. Si tratta di gran lunga del pi\u00f9 grande jackpot vinto nella storia del lotto italiano e, al momento dell&#8217;aggiornamento di questa pagina, non \u00e8 ancora stato trovato un vincitore!<br \/>\n<img loading=\"lazy\" decoding=\"async\" class=\"alignright size-medium wp-image-19493\" src=\"http:\/\/jackpotlotteryonline.com\/wp-content\/uploads\/2022\/10\/2_ticket_superenalotto4-211x300.jpg\" alt=\"biglietto superenalotto\" width=\"211\" height=\"300\" srcset=\"https:\/\/jackpotlotteryonline.com\/wp-content\/uploads\/2022\/10\/2_ticket_superenalotto4-211x300.jpg 211w, https:\/\/jackpotlotteryonline.com\/wp-content\/uploads\/2022\/10\/2_ticket_superenalotto4.jpg 300w\" sizes=\"auto, (max-width: 211px) 100vw, 211px\" \/><\/p>\n<p>Tuttavia, non c&#8217;\u00e8 motivo di scoraggiarsi. Anzi, pi\u00f9 alte sono le probabilit\u00e0, pi\u00f9 alto \u00e8 il jackpot da vincere e pi\u00f9 alta \u00e8 l&#8217;adrenalina. La lotteria \u00e8 sempre stata un gioco d&#8217;azzardo e c&#8217;\u00e8 la possibilit\u00e0 che siate voi i prossimi fortunati.<\/p>\n<p>L&#8217;aspetto migliore <strong>del jackpot della lotteria online Superena<\/strong> \u00e8 che pu\u00f2 parteciparvi chiunque da qualsiasi parte del mondo, anche dall&#8217;estero, e l&#8217;unico requisito di partecipazione \u00e8 l&#8217;et\u00e0 superiore ai 18 anni.<strong> Il nostro sito web<\/strong> vi offre <a href=\"https:\/\/jackpotlotteryonline.com\/it\/comprare-biglietti\/superenalotto\">la migliore possibilit\u00e0 di partecipare al Superenalotto Italia<\/a> e se non ci avete ancora giocato, state sfidando la fortuna nel posto sbagliato.<\/p>\n<p>Una volta registrati sul nostro sito e verificate le vostre credenziali, tutto ci\u00f2 che dovrete fare \u00e8 selezionare i vostri numeri ed effettuare il pagamento per assicurarvi di aver prenotato il vostro posto sull&#8217;autobus per i milioni. Il nostro rappresentante locale acquister\u00e0 il vostro biglietto in loco con i numeri da voi indicati e si assicurer\u00e0 che possiate vedere la scansione del biglietto poco dopo.<\/p>\n<p>Mentre la vincita al<strong> Superenalotto Italia<\/strong> \u00e8 una questione di probabilit\u00e0 sfavorevoli, potete anche controllare le altre lotterie di tutto il mondo che potete giocare online, con l&#8217;aiuto del nostro servizio.<\/p>\n<p>Scegliete i vostri giochi d&#8217;azzardo preferiti e aumentate le vostre percentuali di vincita unendovi oggi stesso alla comunit\u00e0 dei nostri utenti. \u00c8 arrivato il momento di mettere alla prova la vostra fortuna.<\/p>\n","protected":false},"excerpt":{"rendered":"<p>Superenalotto Italia Questa \u00e8 la lotteria italiana a montepremi che \u00e8 stata estratta per la prima volta il 3 dicembre 1997, e il jackpot online del Superenalotto raggiunge molto spesso somme astronomiche. Viene estratto ogni marted\u00ec, gioved\u00ec e sabato alle 20:00 in punto. Con i jackpot pi\u00f9 grandi, le probabilit\u00e0 di vincita di questa lotteria [&hellip;]<\/p>\n","protected":false},"author":1,"featured_media":0,"parent":35700,"menu_order":5,"comment_status":"closed","ping_status":"closed","template":"superenalotto.php","meta":{"_et_pb_use_builder":"","_et_pb_old_content":"","_et_gb_content_width":"","exclude_from_search":false,"footnotes":""},"class_list":["post-36127","page","type-page","status-publish","hentry"],"yoast_head":"<!-- This site is optimized with the Yoast SEO plugin v23.3 - https:\/\/yoast.com\/wordpress\/plugins\/seo\/ -->\n<title>Gioca al SuperEnaLotto online da fuori Italia<\/title>\n<meta name=\"description\" content=\"Il Superenalotto pu\u00f2 sembrare un osso duro, ma se si centra il jackpot, si vince alla grande. Gioca al Superenalotto dall&#039;estero!\" \/>\n<meta name=\"robots\" content=\"index, follow, max-snippet:-1, max-image-preview:large, max-video-preview:-1\" \/>\n<link rel=\"canonical\" href=\"https:\/\/jackpotlotteryonline.com\/play-online\/superenalotto\/\" \/>\n<meta property=\"og:locale\" content=\"it_IT\" \/>\n<meta property=\"og:type\" content=\"article\" \/>\n<meta property=\"og:title\" content=\"Gioca al SuperEnaLotto online da fuori Italia\" \/>\n<meta property=\"og:description\" content=\"Il Superenalotto pu\u00f2 sembrare un osso duro, ma se si centra il jackpot, si vince alla grande. Gioca al Superenalotto dall&#039;estero!\" \/>\n<meta property=\"og:url\" content=\"https:\/\/jackpotlotteryonline.com\/play-online\/superenalotto\/\" \/>\n<meta property=\"og:site_name\" content=\"Lotto Online - Crack The International Lottery Jackpots\" \/>\n<meta property=\"article:modified_time\" content=\"2022-12-31T07:25:31+00:00\" \/>\n<meta property=\"og:image\" content=\"http:\/\/jackpotlotteryonline.com\/wp-content\/uploads\/2022\/11\/read1.jpg\" \/>\n<meta name=\"twitter:card\" content=\"summary_large_image\" \/>\n<meta name=\"twitter:label1\" content=\"Tempo di lettura stimato\" \/>\n\t<meta name=\"twitter:data1\" content=\"3 minuti\" \/>\n<!-- \/ Yoast SEO plugin. -->","yoast_head_json":{"title":"Gioca al SuperEnaLotto online da fuori Italia","description":"Il Superenalotto pu\u00f2 sembrare un osso duro, ma se si centra il jackpot, si vince alla grande. Gioca al Superenalotto dall'estero!","robots":{"index":"index","follow":"follow","max-snippet":"max-snippet:-1","max-image-preview":"max-image-preview:large","max-video-preview":"max-video-preview:-1"},"canonical":"https:\/\/jackpotlotteryonline.com\/play-online\/superenalotto\/","og_locale":"it_IT","og_type":"article","og_title":"Gioca al SuperEnaLotto online da fuori Italia","og_description":"Il Superenalotto pu\u00f2 sembrare un osso duro, ma se si centra il jackpot, si vince alla grande. Gioca al Superenalotto dall'estero!","og_url":"https:\/\/jackpotlotteryonline.com\/play-online\/superenalotto\/","og_site_name":"Lotto Online - Crack The International Lottery Jackpots","article_modified_time":"2022-12-31T07:25:31+00:00","og_image":[{"url":"http:\/\/jackpotlotteryonline.com\/wp-content\/uploads\/2022\/11\/read1.jpg"}],"twitter_card":"summary_large_image","twitter_misc":{"Tempo di lettura stimato":"3 minuti"},"schema":{"@context":"https:\/\/schema.org","@graph":[{"@type":"WebPage","@id":"https:\/\/jackpotlotteryonline.com\/play-online\/superenalotto\/","url":"https:\/\/jackpotlotteryonline.com\/play-online\/superenalotto\/","name":"Gioca al SuperEnaLotto online da fuori Italia","isPartOf":{"@id":"https:\/\/jackpotlotteryonline.com\/#website"},"primaryImageOfPage":{"@id":"https:\/\/jackpotlotteryonline.com\/play-online\/superenalotto\/#primaryimage"},"image":{"@id":"https:\/\/jackpotlotteryonline.com\/play-online\/superenalotto\/#primaryimage"},"thumbnailUrl":"http:\/\/jackpotlotteryonline.com\/wp-content\/uploads\/2022\/11\/read1.jpg","datePublished":"2022-11-03T13:10:40+00:00","dateModified":"2022-12-31T07:25:31+00:00","description":"Il Superenalotto pu\u00f2 sembrare un osso duro, ma se si centra il jackpot, si vince alla grande. Gioca al Superenalotto dall'estero!","breadcrumb":{"@id":"https:\/\/jackpotlotteryonline.com\/play-online\/superenalotto\/#breadcrumb"},"inLanguage":"it-IT","potentialAction":[{"@type":"ReadAction","target":["https:\/\/jackpotlotteryonline.com\/play-online\/superenalotto\/"]}]},{"@type":"ImageObject","inLanguage":"it-IT","@id":"https:\/\/jackpotlotteryonline.com\/play-online\/superenalotto\/#primaryimage","url":"http:\/\/jackpotlotteryonline.com\/wp-content\/uploads\/2022\/11\/read1.jpg","contentUrl":"http:\/\/jackpotlotteryonline.com\/wp-content\/uploads\/2022\/11\/read1.jpg"},{"@type":"BreadcrumbList","@id":"https:\/\/jackpotlotteryonline.com\/play-online\/superenalotto\/#breadcrumb","itemListElement":[{"@type":"ListItem","position":1,"name":"Home","item":"https:\/\/jackpotlotteryonline.com\/it\/"},{"@type":"ListItem","position":2,"name":"Come giocare","item":"https:\/\/jackpotlotteryonline.com\/play-online\/"},{"@type":"ListItem","position":3,"name":"SuperEnaLotto Italia"}]},{"@type":"WebSite","@id":"https:\/\/jackpotlotteryonline.com\/#website","url":"https:\/\/jackpotlotteryonline.com\/","name":"Lotto Online - Crack The International Lottery Jackpots","description":"","potentialAction":[{"@type":"SearchAction","target":{"@type":"EntryPoint","urlTemplate":"https:\/\/jackpotlotteryonline.com\/?s={search_term_string}"},"query-input":"required name=search_term_string"}],"inLanguage":"it-IT"}]}},"_links":{"self":[{"href":"https:\/\/jackpotlotteryonline.com\/it\/wp-json\/wp\/v2\/pages\/36127","targetHints":{"allow":["GET"]}}],"collection":[{"href":"https:\/\/jackpotlotteryonline.com\/it\/wp-json\/wp\/v2\/pages"}],"about":[{"href":"https:\/\/jackpotlotteryonline.com\/it\/wp-json\/wp\/v2\/types\/page"}],"author":[{"embeddable":true,"href":"https:\/\/jackpotlotteryonline.com\/it\/wp-json\/wp\/v2\/users\/1"}],"replies":[{"embeddable":true,"href":"https:\/\/jackpotlotteryonline.com\/it\/wp-json\/wp\/v2\/comments?post=36127"}],"version-history":[{"count":0,"href":"https:\/\/jackpotlotteryonline.com\/it\/wp-json\/wp\/v2\/pages\/36127\/revisions"}],"up":[{"embeddable":true,"href":"https:\/\/jackpotlotteryonline.com\/it\/wp-json\/wp\/v2\/pages\/35700"}],"wp:attachment":[{"href":"https:\/\/jackpotlotteryonline.com\/it\/wp-json\/wp\/v2\/media?parent=36127"}],"curies":[{"name":"wp","href":"https:\/\/api.w.org\/{rel}","templated":true}]}}