{"id":36187,"date":"2022-11-04T06:28:32","date_gmt":"2022-11-04T06:28:32","guid":{"rendered":"https:\/\/jackpotlotteryonline.com\/?page_id=36187"},"modified":"2023-01-03T08:27:07","modified_gmt":"2023-01-03T08:27:07","slug":"el-gordo","status":"publish","type":"page","link":"https:\/\/jackpotlotteryonline.com\/it\/come-giocare\/el-gordo\/","title":{"rendered":"Gioca a El Gordo Lotto Spagna"},"content":{"rendered":"<h2>Jackpot del lotto online El Gordo<\/h2>\n<p><img loading=\"lazy\" decoding=\"async\" class=\"alignright wp-image-18709\" src=\"https:\/\/jackpotlotteryonline.com\/wp-content\/uploads\/2022\/10\/2_ticket_el_gordo3-218x300.jpg\" alt=\"biglietto el gordo\" width=\"174\" height=\"239\" srcset=\"https:\/\/jackpotlotteryonline.com\/wp-content\/uploads\/2022\/10\/2_ticket_el_gordo3-218x300.jpg 218w, https:\/\/jackpotlotteryonline.com\/wp-content\/uploads\/2022\/10\/2_ticket_el_gordo3.jpg 570w\" sizes=\"auto, (max-width: 174px) 100vw, 174px\" \/><\/p>\n<p>Nel 2009 lo spagnolo medio ha speso la cifra impressionante di 60 euro per il jackpot del lotto El Gordo. La cifra di 60 euro potrebbe non sembrare un granch\u00e9, ma se la si moltiplica per la popolazione spagnola, si pu\u00f2 rimanere sbalorditi. Conosciuta soprattutto per l&#8217;edizione natalizia della lotteria spagnola, la lotteria El Gordo \u00e8 anche un evento settimanale.<\/p>\n<p>Si tratta di una lotteria con <a href=\"https:\/\/jackpotlotteryonline.com\/it\/numeri-vincenti\/el-gordo-draw-results\">un&#8217;estrazione a settimana (ogni domenica)<\/a>, in cui si devono scegliere 5 numeri su una gamma di 54 numeri. Il nome El Gordo, tra l&#8217;altro, significa &#8220;Il Grande&#8221; in spagnolo.<\/p>\n<h2>L&#8217;estrazione di Natale El Gordo<\/h2>\n<p>Giocato una volta all&#8217;anno nel periodo natalizio, El Gordo Navidad \u00e8 molto diverso dalle altre lotterie comparabili nel mondo, poich\u00e9 ci sono solo 85000 numeri disponibili (da 00000 a 84999) e l&#8217;estrazione \u00e8 un evento molto speciale che richiede molto tempo per essere organizzato ed eseguito.<\/p>\n<section class=\"layout\" style=\"border: solid 1px; width: 100%;\">\n<div class=\"img-div\" style=\"margin-top: 5px;\"><img decoding=\"async\" class=\"wp-image-17212 alignleft\" style=\"height: 45px; margin: 8px 8px 0px;\" src=\"https:\/\/jackpotlotteryonline.com\/wp-content\/uploads\/2022\/11\/read1.jpg\" alt=\"leggere\" width=\"\" height=\"\" \/><\/div>\n<div style=\"padding-left: 5px;\">\n<div style=\"font-size: 1.1em;\">\n<p><strong>Non perdete gli orari di estrazione dei pi\u00f9 grandi jackpot della lotteria mondiale<\/strong><\/p>\n<p style=\"font-size: 0.85em; margin-top: -1.5em;\">Un elenco degli orari di estrazione delle lotterie internazionali\u00a0 <a href=\"https:\/\/jackpotlotteryonline.com\/it\/quando-sono-gli-orari-di-estrazione-delle-lotterie-internazionali-2\"> Per saperne di pi\u00f9<\/a><\/p>\n<\/div>\n<\/div>\n<\/section>\n<h2>Perch\u00e9 El Gordo di Natale \u00e8 unico?<\/h2>\n<p><img loading=\"lazy\" decoding=\"async\" class=\"alignright size-full wp-image-17870\" src=\"https:\/\/jackpotlotteryonline.com\/wp-content\/uploads\/2022\/10\/lotto_euros.jpg\" alt=\"vincere il Natale El Gordo\" width=\"225\" height=\"134\" \/><\/p>\n<p>L&#8217;estrazione in s\u00e9 \u00e8 molto particolare e diversa. Non c&#8217;\u00e8 quasi nessun macchinario o tecnologia coinvolta. Un&#8217;enorme sfera \u00e8 riempita di palline di legno, ognuna delle quali riporta uno dei numeri a 5 cifre. Una seconda sfera contiene le palline con i premi. L&#8217;estrazione viene effettuata da due bambini, che estraggono una pallina da ogni sfera, che definisce il numero vincente e il premio che questo numero ha vinto.<\/p>\n<p>Estratto interamente da mani umane, il jackpot del lotto online El Gordo \u00e8 davvero unico e uno dei pi\u00f9 ambiti dell&#8217;Europa continentale. Ci sono tre premi principali e oltre 1000 premi minori, e anche i numeri che corrispondono parzialmente ai tre numeri del premio principale vincono qualcosa. In questo modo le possibilit\u00e0 di vincita aumentano notevolmente.<\/p>\n<p>El Gordo \u00e8 uno dei pi\u00f9 grandi jackpot della lotteria al mondo, con un montepremi totale di oltre 3 miliardi di euro all&#8217;anno (al momento e in costante aumento). Non \u00e8 necessario essere spagnoli o cittadini europei, chiunque abbia pi\u00f9 di 18 anni pu\u00f2 giocare al Lotto El Gordo.<\/p>\n<h2>Come e perch\u00e9 giocare a El Gordo online?<\/h2>\n<p>Iscrivetevi oggi stesso al nostro sito web per essere sicuri di prenotare il vostro posto per la ricchezza. Aiuteremo i giocatori al di fuori della Spagna a partecipare alla Lotteria El Gordo. Tutto ci\u00f2 che dovete fare \u00e8 creare il vostro conto, scegliere i vostri numeri e completare il pagamento. In seguito, ci assicureremo che <a href=\"https:\/\/jackpotlotteryonline.com\/it\/comprare-biglietti\/el-gordo\">venga acquistato a vostro nome un biglietto per il jackpot del lotto El Gordo<\/a>. Il biglietto con i numeri selezionati verr\u00e0 scansionato per voi e, nel caso in cui vinciate una fortuna, ci assicureremo che il denaro vi arrivi il pi\u00f9 rapidamente possibile. Si consiglia di prenotare oggi stesso il biglietto con i numeri preferiti.<\/p>\n","protected":false},"excerpt":{"rendered":"<p>Jackpot del lotto online El Gordo Nel 2009 lo spagnolo medio ha speso la cifra impressionante di 60 euro per il jackpot del lotto El Gordo. La cifra di 60 euro potrebbe non sembrare un granch\u00e9, ma se la si moltiplica per la popolazione spagnola, si pu\u00f2 rimanere sbalorditi. Conosciuta soprattutto per l&#8217;edizione natalizia della [&hellip;]<\/p>\n","protected":false},"author":1,"featured_media":0,"parent":35700,"menu_order":6,"comment_status":"closed","ping_status":"closed","template":"el-gordo.php","meta":{"_et_pb_use_builder":"","_et_pb_old_content":"","_et_gb_content_width":"","exclude_from_search":false,"footnotes":""},"class_list":["post-36187","page","type-page","status-publish","hentry"],"yoast_head":"<!-- This site is optimized with the Yoast SEO plugin v23.3 - https:\/\/yoast.com\/wordpress\/plugins\/seo\/ -->\n<title>Giocate al El Gordo Lotto online, anche da fuori della Spagna.<\/title>\n<meta name=\"description\" content=\"Il Jackpot del Lotto online El Gordo \u00e8 uno dei pi\u00f9 grandi jackpot al mondo e pu\u00f2 essere giocato online anche da paesi al di fuori della Spagna.\" \/>\n<meta name=\"robots\" content=\"index, follow, max-snippet:-1, max-image-preview:large, max-video-preview:-1\" \/>\n<link rel=\"canonical\" href=\"https:\/\/jackpotlotteryonline.com\/play-online\/el-gordo\/\" \/>\n<meta property=\"og:locale\" content=\"it_IT\" \/>\n<meta property=\"og:type\" content=\"article\" \/>\n<meta property=\"og:title\" content=\"Giocate al El Gordo Lotto online, anche da fuori della Spagna.\" \/>\n<meta property=\"og:description\" content=\"Il Jackpot del Lotto online El Gordo \u00e8 uno dei pi\u00f9 grandi jackpot al mondo e pu\u00f2 essere giocato online anche da paesi al di fuori della Spagna.\" \/>\n<meta property=\"og:url\" content=\"https:\/\/jackpotlotteryonline.com\/play-online\/el-gordo\/\" \/>\n<meta property=\"og:site_name\" content=\"Lotto Online - Crack The International Lottery Jackpots\" \/>\n<meta property=\"article:modified_time\" content=\"2023-01-03T08:27:07+00:00\" \/>\n<meta property=\"og:image\" content=\"https:\/\/jackpotlotteryonline.com\/wp-content\/uploads\/2022\/10\/2_ticket_el_gordo3-218x300.jpg\" \/>\n<meta name=\"twitter:card\" content=\"summary_large_image\" \/>\n<meta name=\"twitter:label1\" content=\"Tempo di lettura stimato\" \/>\n\t<meta name=\"twitter:data1\" content=\"3 minuti\" \/>\n<!-- \/ Yoast SEO plugin. -->","yoast_head_json":{"title":"Giocate al El Gordo Lotto online, anche da fuori della Spagna.","description":"Il Jackpot del Lotto online El Gordo \u00e8 uno dei pi\u00f9 grandi jackpot al mondo e pu\u00f2 essere giocato online anche da paesi al di fuori della Spagna.","robots":{"index":"index","follow":"follow","max-snippet":"max-snippet:-1","max-image-preview":"max-image-preview:large","max-video-preview":"max-video-preview:-1"},"canonical":"https:\/\/jackpotlotteryonline.com\/play-online\/el-gordo\/","og_locale":"it_IT","og_type":"article","og_title":"Giocate al El Gordo Lotto online, anche da fuori della Spagna.","og_description":"Il Jackpot del Lotto online El Gordo \u00e8 uno dei pi\u00f9 grandi jackpot al mondo e pu\u00f2 essere giocato online anche da paesi al di fuori della Spagna.","og_url":"https:\/\/jackpotlotteryonline.com\/play-online\/el-gordo\/","og_site_name":"Lotto Online - Crack The International Lottery Jackpots","article_modified_time":"2023-01-03T08:27:07+00:00","og_image":[{"url":"https:\/\/jackpotlotteryonline.com\/wp-content\/uploads\/2022\/10\/2_ticket_el_gordo3-218x300.jpg"}],"twitter_card":"summary_large_image","twitter_misc":{"Tempo di lettura stimato":"3 minuti"},"schema":{"@context":"https:\/\/schema.org","@graph":[{"@type":"WebPage","@id":"https:\/\/jackpotlotteryonline.com\/play-online\/el-gordo\/","url":"https:\/\/jackpotlotteryonline.com\/play-online\/el-gordo\/","name":"Giocate al El Gordo Lotto online, anche da fuori della Spagna.","isPartOf":{"@id":"https:\/\/jackpotlotteryonline.com\/#website"},"primaryImageOfPage":{"@id":"https:\/\/jackpotlotteryonline.com\/play-online\/el-gordo\/#primaryimage"},"image":{"@id":"https:\/\/jackpotlotteryonline.com\/play-online\/el-gordo\/#primaryimage"},"thumbnailUrl":"https:\/\/jackpotlotteryonline.com\/wp-content\/uploads\/2022\/10\/2_ticket_el_gordo3-218x300.jpg","datePublished":"2022-11-04T06:28:32+00:00","dateModified":"2023-01-03T08:27:07+00:00","description":"Il Jackpot del Lotto online El Gordo \u00e8 uno dei pi\u00f9 grandi jackpot al mondo e pu\u00f2 essere giocato online anche da paesi al di fuori della Spagna.","breadcrumb":{"@id":"https:\/\/jackpotlotteryonline.com\/play-online\/el-gordo\/#breadcrumb"},"inLanguage":"it-IT","potentialAction":[{"@type":"ReadAction","target":["https:\/\/jackpotlotteryonline.com\/play-online\/el-gordo\/"]}]},{"@type":"ImageObject","inLanguage":"it-IT","@id":"https:\/\/jackpotlotteryonline.com\/play-online\/el-gordo\/#primaryimage","url":"https:\/\/jackpotlotteryonline.com\/wp-content\/uploads\/2022\/10\/2_ticket_el_gordo3-218x300.jpg","contentUrl":"https:\/\/jackpotlotteryonline.com\/wp-content\/uploads\/2022\/10\/2_ticket_el_gordo3-218x300.jpg"},{"@type":"BreadcrumbList","@id":"https:\/\/jackpotlotteryonline.com\/play-online\/el-gordo\/#breadcrumb","itemListElement":[{"@type":"ListItem","position":1,"name":"Home","item":"https:\/\/jackpotlotteryonline.com\/it\/"},{"@type":"ListItem","position":2,"name":"Come giocare","item":"https:\/\/jackpotlotteryonline.com\/play-online\/"},{"@type":"ListItem","position":3,"name":"Gioca a El Gordo Lotto Spagna"}]},{"@type":"WebSite","@id":"https:\/\/jackpotlotteryonline.com\/#website","url":"https:\/\/jackpotlotteryonline.com\/","name":"Lotto Online - Crack The International Lottery Jackpots","description":"","potentialAction":[{"@type":"SearchAction","target":{"@type":"EntryPoint","urlTemplate":"https:\/\/jackpotlotteryonline.com\/?s={search_term_string}"},"query-input":"required name=search_term_string"}],"inLanguage":"it-IT"}]}},"_links":{"self":[{"href":"https:\/\/jackpotlotteryonline.com\/it\/wp-json\/wp\/v2\/pages\/36187","targetHints":{"allow":["GET"]}}],"collection":[{"href":"https:\/\/jackpotlotteryonline.com\/it\/wp-json\/wp\/v2\/pages"}],"about":[{"href":"https:\/\/jackpotlotteryonline.com\/it\/wp-json\/wp\/v2\/types\/page"}],"author":[{"embeddable":true,"href":"https:\/\/jackpotlotteryonline.com\/it\/wp-json\/wp\/v2\/users\/1"}],"replies":[{"embeddable":true,"href":"https:\/\/jackpotlotteryonline.com\/it\/wp-json\/wp\/v2\/comments?post=36187"}],"version-history":[{"count":0,"href":"https:\/\/jackpotlotteryonline.com\/it\/wp-json\/wp\/v2\/pages\/36187\/revisions"}],"up":[{"embeddable":true,"href":"https:\/\/jackpotlotteryonline.com\/it\/wp-json\/wp\/v2\/pages\/35700"}],"wp:attachment":[{"href":"https:\/\/jackpotlotteryonline.com\/it\/wp-json\/wp\/v2\/media?parent=36187"}],"curies":[{"name":"wp","href":"https:\/\/api.w.org\/{rel}","templated":true}]}}