{"id":36244,"date":"2022-11-04T08:08:46","date_gmt":"2022-11-04T08:08:46","guid":{"rendered":"https:\/\/jackpotlotteryonline.com\/?page_id=36244"},"modified":"2022-12-31T10:45:39","modified_gmt":"2022-12-31T10:45:39","slug":"france-lotto","status":"publish","type":"page","link":"https:\/\/jackpotlotteryonline.com\/it\/come-giocare\/france-lotto\/","title":{"rendered":"Giocare alla lotteria francese"},"content":{"rendered":"<h2>France Lotto online<\/h2>\n<p><img loading=\"lazy\" decoding=\"async\" class=\"alignright size-full wp-image-18410\" src=\"https:\/\/jackpotlotteryonline.com\/wp-content\/uploads\/2022\/10\/win_big.jpg\" alt=\"giocare al lotto in Francia online\" width=\"224\" height=\"134\" \/><\/p>\n<p>France Lotto \u00e8 una delle pi\u00f9 antiche lotterie europee organizzate e gestite dal Gruppo Francaise des Jeux. \u00c8 molto popolare in Francia e in altre parti d&#8217;Europa. Poich\u00e9 i francesi sono appassionati del gioco d&#8217;azzardo, <a href=\"https:\/\/jackpotlotteryonline.com\/it\/numeri-vincenti\/france-lotto-2\">France Lotto online viene estratto tre volte alla settimana (luned\u00ec, mercoled\u00ec e sabato)<\/a>, a differenza della maggior parte delle altre lotterie europee che vengono estratte solo due volte alla settimana. Il totale dei premi messi in palio dal French Lotto \u00e8 stimato in oltre 4,4 miliardi di euro all&#8217;anno ed \u00e8 dotato di un grande jackpot.<\/p>\n<p>Non \u00e8 necessario essere residenti in Francia: <strong>giocare al lotto francese da fuori della Francia \u00e8 possibile grazie alla nostra assistenza online.<\/strong><\/p>\n<p>Rispetto alle altre lotterie europee, il Lotto francese online vede un notevole incremento dei jackpot offerti, poich\u00e9 il montepremi aumenta di un milione di euro. Con tre estrazioni settimanali, il montepremi si accumula e aumenta abbastanza rapidamente fino alla vincita. Il fatto che il jackpot non sia il pi\u00f9 alto tra le lotterie dimostra che il jackpot viene vinto pi\u00f9 che in altre lotterie.<\/p>\n<p>Si dice che France Lotto online abbia creato pi\u00f9 milionari della maggior parte delle altre lotterie comparabili in Europa. Dovreste correre il rischio di<a href=\"https:\/\/jackpotlotteryonline.com\/it\/comprare-biglietti\/lotto-france\"> acquistare un biglietto online di France Lotto<\/a> e diventare il prossimo milionario.<\/p>\n<p>Siamo qui per aiutarvi a giocare al France Lotto online. Giocare a questo gioco \u00e8 semplice come l&#8217;ABC e noi vi aiuteremo lungo tutto il percorso.<\/p>\n<section class=\"layout\" style=\"border: solid 1px; width: 100%;\">\n<div class=\"img-div\" style=\"margin-top: 5px;\"><img decoding=\"async\" class=\"wp-image-17212 alignleft\" style=\"height: 45px; margin: 8px 8px 0px;\" src=\"https:\/\/jackpotlotteryonline.com\/wp-content\/uploads\/2022\/11\/read1.jpg\" alt=\"leggere\" width=\"\" height=\"\" \/><\/div>\n<div style=\"padding-left: 5px;\">\n<div style=\"font-size: 1.1em;\">\n<p><strong>Guardare i numeri della lotteria estratti in diretta<\/strong><\/p>\n<p style=\"font-size: 0.85em; margin-top: -1.5em;\">Come guardare le estrazioni in diretta delle vostre lotterie preferite\u00a0<a href=\"https:\/\/jackpotlotteryonline.com\/it\/guarda-i-numeri-della-tua-lotteria-che-vengono-estratti-in-diretta\"> Per saperne di pi\u00f9<\/a><\/p>\n<\/div>\n<\/div>\n<\/section>\n<h2>Come si gioca al France Lotto online?<\/h2>\n<p><img loading=\"lazy\" decoding=\"async\" class=\"alignright wp-image-27131\" src=\"https:\/\/jackpotlotteryonline.com\/wp-content\/uploads\/2022\/11\/1_jckpot_win_online.jpg\" alt=\"jackpot della lotteria francese\" width=\"159\" height=\"159\" srcset=\"https:\/\/jackpotlotteryonline.com\/wp-content\/uploads\/2022\/11\/1_jckpot_win_online.jpg 300w, https:\/\/jackpotlotteryonline.com\/wp-content\/uploads\/2022\/11\/1_jckpot_win_online-100x100.jpg 100w, https:\/\/jackpotlotteryonline.com\/wp-content\/uploads\/2022\/11\/1_jckpot_win_online-150x150.jpg 150w\" sizes=\"auto, (max-width: 159px) 100vw, 159px\" \/><\/p>\n<p>Come qualsiasi altra lotteria, il France Lotto prevede la scelta di 5 numeri tra 49 e un singolo numero da un altro gruppo di 10 numeri. Acquistare un biglietto \u00e8 facile: una volta effettuato l&#8217;ordine tramite noi, acquisteremo un biglietto per conto vostro. Subito dopo l&#8217;acquisto, potrete vedere i numeri scelti nel vostro conto e, poco dopo, anche la scansione del vostro biglietto sar\u00e0 visibile nel vostro conto.<\/p>\n<p>Se siete scettici sulla selezione dei numeri, abbiamo anche un generatore di numeri della lotteria e l&#8217;opzione Quick Pick di France Lotto online permette di giocare numeri casuali.<\/p>\n<p>Per acquistare un biglietto del France Lotto online \u00e8 necessario avere pi\u00f9 di 18 anni e, prima di farlo attraverso di noi, \u00e8 possibile fare qualche ricerca sui risultati passati, per aiutarsi a selezionare i propri numeri fortunati.<\/p>\n<h2>Riscuotere i premi del France lotto online<\/h2>\n<p>Oltre al jackpot, il France Lotto online offre anche altri premi per i numeri corrispondenti. A differenza delle lotterie americane, i premi vengono pagati interamente e in contanti. Dovrete presentare le vostre richieste entro 2 mesi dalla data dell&#8217;estrazione, e noi vi aiuteremo a farlo. I premi inferiori a 2500 euro saranno accreditati sul vostro conto sul nostro sito web. I premi di importo superiore a tale cifra devono essere inviati al centro di pagamento della Francaise des Jeux.<\/p>\n<p>Se giocate tramite noi, vi aiuteremo anche a riscuotere i vostri premi, reclamando per vostro conto e assicurandoci che il premio vi venga consegnato il pi\u00f9 rapidamente possibile. Venite a registrarvi oggi stesso gratuitamente e a richiedere vantaggi imprevisti!<\/p>\n<p>Tutti i premi vinti a France Lotto sono esenti da imposte!<\/p>\n","protected":false},"excerpt":{"rendered":"<p>France Lotto online France Lotto \u00e8 una delle pi\u00f9 antiche lotterie europee organizzate e gestite dal Gruppo Francaise des Jeux. \u00c8 molto popolare in Francia e in altre parti d&#8217;Europa. Poich\u00e9 i francesi sono appassionati del gioco d&#8217;azzardo, France Lotto online viene estratto tre volte alla settimana (luned\u00ec, mercoled\u00ec e sabato), a differenza della maggior [&hellip;]<\/p>\n","protected":false},"author":1,"featured_media":0,"parent":35700,"menu_order":9,"comment_status":"closed","ping_status":"closed","template":"lotto-fr.php","meta":{"_et_pb_use_builder":"","_et_pb_old_content":"","_et_gb_content_width":"","exclude_from_search":false,"footnotes":""},"class_list":["post-36244","page","type-page","status-publish","hentry"],"yoast_head":"<!-- This site is optimized with the Yoast SEO plugin v23.3 - https:\/\/yoast.com\/wordpress\/plugins\/seo\/ -->\n<title>Partecipa al France Lotto online, da fuori della Francia<\/title>\n<meta name=\"description\" content=\"Compra il biglietto per il France Lotto qui - permettiamo agli appassionati del lotto di fuori dalla Francia di ottenere un biglietto per questa popolare lotteria.\" \/>\n<meta name=\"robots\" content=\"index, follow, max-snippet:-1, max-image-preview:large, max-video-preview:-1\" \/>\n<link rel=\"canonical\" href=\"https:\/\/jackpotlotteryonline.com\/play-online\/france-lotto\/\" \/>\n<meta property=\"og:locale\" content=\"it_IT\" \/>\n<meta property=\"og:type\" content=\"article\" \/>\n<meta property=\"og:title\" content=\"Partecipa al France Lotto online, da fuori della Francia\" \/>\n<meta property=\"og:description\" content=\"Compra il biglietto per il France Lotto qui - permettiamo agli appassionati del lotto di fuori dalla Francia di ottenere un biglietto per questa popolare lotteria.\" \/>\n<meta property=\"og:url\" content=\"https:\/\/jackpotlotteryonline.com\/play-online\/france-lotto\/\" \/>\n<meta property=\"og:site_name\" content=\"Lotto Online - Crack The International Lottery Jackpots\" \/>\n<meta property=\"article:modified_time\" content=\"2022-12-31T10:45:39+00:00\" \/>\n<meta property=\"og:image\" content=\"https:\/\/jackpotlotteryonline.com\/wp-content\/uploads\/2022\/10\/win_big.jpg\" \/>\n<meta name=\"twitter:card\" content=\"summary_large_image\" \/>\n<meta name=\"twitter:label1\" content=\"Tempo di lettura stimato\" \/>\n\t<meta name=\"twitter:data1\" content=\"3 minuti\" \/>\n<!-- \/ Yoast SEO plugin. -->","yoast_head_json":{"title":"Partecipa al France Lotto online, da fuori della Francia","description":"Compra il biglietto per il France Lotto qui - permettiamo agli appassionati del lotto di fuori dalla Francia di ottenere un biglietto per questa popolare lotteria.","robots":{"index":"index","follow":"follow","max-snippet":"max-snippet:-1","max-image-preview":"max-image-preview:large","max-video-preview":"max-video-preview:-1"},"canonical":"https:\/\/jackpotlotteryonline.com\/play-online\/france-lotto\/","og_locale":"it_IT","og_type":"article","og_title":"Partecipa al France Lotto online, da fuori della Francia","og_description":"Compra il biglietto per il France Lotto qui - permettiamo agli appassionati del lotto di fuori dalla Francia di ottenere un biglietto per questa popolare lotteria.","og_url":"https:\/\/jackpotlotteryonline.com\/play-online\/france-lotto\/","og_site_name":"Lotto Online - Crack The International Lottery Jackpots","article_modified_time":"2022-12-31T10:45:39+00:00","og_image":[{"url":"https:\/\/jackpotlotteryonline.com\/wp-content\/uploads\/2022\/10\/win_big.jpg"}],"twitter_card":"summary_large_image","twitter_misc":{"Tempo di lettura stimato":"3 minuti"},"schema":{"@context":"https:\/\/schema.org","@graph":[{"@type":"WebPage","@id":"https:\/\/jackpotlotteryonline.com\/play-online\/france-lotto\/","url":"https:\/\/jackpotlotteryonline.com\/play-online\/france-lotto\/","name":"Partecipa al France Lotto online, da fuori della Francia","isPartOf":{"@id":"https:\/\/jackpotlotteryonline.com\/#website"},"primaryImageOfPage":{"@id":"https:\/\/jackpotlotteryonline.com\/play-online\/france-lotto\/#primaryimage"},"image":{"@id":"https:\/\/jackpotlotteryonline.com\/play-online\/france-lotto\/#primaryimage"},"thumbnailUrl":"https:\/\/jackpotlotteryonline.com\/wp-content\/uploads\/2022\/10\/win_big.jpg","datePublished":"2022-11-04T08:08:46+00:00","dateModified":"2022-12-31T10:45:39+00:00","description":"Compra il biglietto per il France Lotto qui - permettiamo agli appassionati del lotto di fuori dalla Francia di ottenere un biglietto per questa popolare lotteria.","breadcrumb":{"@id":"https:\/\/jackpotlotteryonline.com\/play-online\/france-lotto\/#breadcrumb"},"inLanguage":"it-IT","potentialAction":[{"@type":"ReadAction","target":["https:\/\/jackpotlotteryonline.com\/play-online\/france-lotto\/"]}]},{"@type":"ImageObject","inLanguage":"it-IT","@id":"https:\/\/jackpotlotteryonline.com\/play-online\/france-lotto\/#primaryimage","url":"https:\/\/jackpotlotteryonline.com\/wp-content\/uploads\/2022\/10\/win_big.jpg","contentUrl":"https:\/\/jackpotlotteryonline.com\/wp-content\/uploads\/2022\/10\/win_big.jpg"},{"@type":"BreadcrumbList","@id":"https:\/\/jackpotlotteryonline.com\/play-online\/france-lotto\/#breadcrumb","itemListElement":[{"@type":"ListItem","position":1,"name":"Home","item":"https:\/\/jackpotlotteryonline.com\/it\/"},{"@type":"ListItem","position":2,"name":"Come giocare","item":"https:\/\/jackpotlotteryonline.com\/play-online\/"},{"@type":"ListItem","position":3,"name":"Giocare alla lotteria francese"}]},{"@type":"WebSite","@id":"https:\/\/jackpotlotteryonline.com\/#website","url":"https:\/\/jackpotlotteryonline.com\/","name":"Lotto Online - Crack The International Lottery Jackpots","description":"","potentialAction":[{"@type":"SearchAction","target":{"@type":"EntryPoint","urlTemplate":"https:\/\/jackpotlotteryonline.com\/?s={search_term_string}"},"query-input":"required name=search_term_string"}],"inLanguage":"it-IT"}]}},"_links":{"self":[{"href":"https:\/\/jackpotlotteryonline.com\/it\/wp-json\/wp\/v2\/pages\/36244","targetHints":{"allow":["GET"]}}],"collection":[{"href":"https:\/\/jackpotlotteryonline.com\/it\/wp-json\/wp\/v2\/pages"}],"about":[{"href":"https:\/\/jackpotlotteryonline.com\/it\/wp-json\/wp\/v2\/types\/page"}],"author":[{"embeddable":true,"href":"https:\/\/jackpotlotteryonline.com\/it\/wp-json\/wp\/v2\/users\/1"}],"replies":[{"embeddable":true,"href":"https:\/\/jackpotlotteryonline.com\/it\/wp-json\/wp\/v2\/comments?post=36244"}],"version-history":[{"count":0,"href":"https:\/\/jackpotlotteryonline.com\/it\/wp-json\/wp\/v2\/pages\/36244\/revisions"}],"up":[{"embeddable":true,"href":"https:\/\/jackpotlotteryonline.com\/it\/wp-json\/wp\/v2\/pages\/35700"}],"wp:attachment":[{"href":"https:\/\/jackpotlotteryonline.com\/it\/wp-json\/wp\/v2\/media?parent=36244"}],"curies":[{"name":"wp","href":"https:\/\/api.w.org\/{rel}","templated":true}]}}