{"id":36302,"date":"2022-11-04T09:44:28","date_gmt":"2022-11-04T09:44:28","guid":{"rendered":"https:\/\/jackpotlotteryonline.com\/?page_id=36302"},"modified":"2022-12-31T09:56:54","modified_gmt":"2022-12-31T09:56:54","slug":"german-lotto","status":"publish","type":"page","link":"https:\/\/jackpotlotteryonline.com\/it\/come-giocare\/german-lotto\/","title":{"rendered":"Lotto tedesco"},"content":{"rendered":"<h2>Il Lotto tedesco \u00e8 ora disponibile online<\/h2>\n<p><img loading=\"lazy\" decoding=\"async\" class=\"alignright wp-image-18464 size-full\" src=\"https:\/\/jackpotlotteryonline.com\/wp-content\/uploads\/2022\/10\/win_lottery_online.jpg\" alt=\"gioca al lotto tedesco online\" width=\"231\" height=\"130\" \/><\/p>\n<p>Il Lotto in Germania ha pi\u00f9 di 5 decenni e il lotto tedesco online \u00e8 organizzato e gestito da Deutscher Lotto e Toto Block. Con un&#8217;<a href=\"https:\/\/jackpotlotteryonline.com\/it\/numeri-vincenti\/german-lotto\">estrazione bisettimanale<\/a> il mercoled\u00ec e il sabato, il lotto tedesco online offre uno dei maggiori jackpot europei, il pi\u00f9 delle volte. Quindi, se vivete fuori dalla Germania, avete tutte le ragioni per giocare al lotto tedesco con un biglietto online.<\/p>\n<p>Se non vivete in Germania, l&#8217;unica possibilit\u00e0 di giocare al lotto tedesco online \u00e8 con noi. Una volta registrati sul nostro sito web, potrete ottenere tutte le informazioni rilevanti relative al lotto tedesco online. Queste includono i vecchi risultati, un generatore di numeri della lotteria e l&#8217;area in cui acquistare il biglietto. Vi aiuteranno anche a reclamare e a ricevere il premio.<\/p>\n<h2>Come funziona il lotto tedesco online<\/h2>\n<p>Tutto ci\u00f2 che dovete fare \u00e8<a href=\"https:\/\/jackpotlotteryonline.com\/it\/comprare-biglietti\/lotto-germany\"> acquistare un biglietto per il lotto tedesco online<\/a> selezionando 6 numeri da un gruppo di 49. Avrete anche la possibilit\u00e0 di scegliere un numero super tra 1 e 10. L&#8217;estrazione principale riguarda i numeri base e successivamente viene effettuata un&#8217;estrazione per il super numero. Quando i 6 numeri base coincidono, si vince il primo premio. Il jackpot vero e proprio viene assegnato quando i 6 numeri base e il super numero corrispondono all&#8217;estrazione.<\/p>\n<p>Anche le persone che non vivono in Germania possono giocare al lotto tedesco online. Sul nostro sito web, potete sfruttare questa opportunit\u00e0 per tentare la fortuna e lasciare a noi il resto della logistica. Per giocare al lotto tedesco con un biglietto online \u00e8 necessario avere pi\u00f9 di 18 anni.<\/p>\n<section class=\"layout\" style=\"border: solid 1px; width: 100%;\">\n<div class=\"img-div\" style=\"margin-top: 5px;\"><img decoding=\"async\" class=\"wp-image-17212 alignleft\" style=\"height: 45px; margin: 8px 8px 0px;\" src=\"https:\/\/jackpotlotteryonline.com\/wp-content\/uploads\/2022\/11\/read1.jpg\" alt=\"leggere\" width=\"\" height=\"\" \/><\/div>\n<div style=\"padding-left: 5px;\">\n<div style=\"font-size: 1.1em;\">\n<p><strong>Che auto compreresti se vincessi alla lotteria?<\/strong><\/p>\n<p style=\"font-size: 0.85em; margin-top: -1.5em;\">Vincere alla lotteria e avere un&#8217;auto nuova <a href=\"https:\/\/jackpotlotteryonline.com\/it\/che-auto-compreresti-se-vincessi-alla-lotteria\">Per saperne di pi\u00f9<\/a><\/p>\n<\/div>\n<\/div>\n<\/section>\n<h2>Vincere al lotto tedesco online<\/h2>\n<p><img loading=\"lazy\" decoding=\"async\" class=\"alignright size-medium wp-image-33350\" src=\"https:\/\/jackpotlotteryonline.com\/wp-content\/uploads\/2022\/11\/2_ticket_euromillions3-1-111x300.jpg\" alt=\"biglietto del lotto tedesco\" width=\"111\" height=\"300\" srcset=\"https:\/\/jackpotlotteryonline.com\/wp-content\/uploads\/2022\/11\/2_ticket_euromillions3-1-111x300.jpg 111w, https:\/\/jackpotlotteryonline.com\/wp-content\/uploads\/2022\/11\/2_ticket_euromillions3-1.jpg 180w\" sizes=\"auto, (max-width: 111px) 100vw, 111px\" \/><\/p>\n<p>Vincere al lotto tedesco online \u00e8 una questione di fortuna, ma lo \u00e8 anche per qualsiasi altra lotteria. Noi aumenteremo le vostre possibilit\u00e0 di vincere al lotto tedesco online utilizzando il nostro generatore di numeri del lotto e fornendovi informazioni sui risultati passati, per aiutarvi a selezionare i vostri numeri fortunati. Tutte le informazioni rilevanti sul lotto tedesco online sono disponibili e potete utilizzarle al meglio per aumentare le vostre possibilit\u00e0.<\/p>\n<p>Il lotto tedesco online non \u00e8 solo uno dei pi\u00f9 grandi jackpot d&#8217;Europa, ma \u00e8 anche la lotteria pi\u00f9 organizzata al mondo e gestita in modo molto professionale. Quando giocate al lotto tedesco online e se vincete, vi aiuteremo a reclamare il vostro premio senza alcuna difficolt\u00e0 e ci assicureremo che l&#8217;importo del premio vi venga consegnato senza alcun intoppo.<\/p>\n<p>Sebbene il lotto tedesco online sia una delle lotterie pi\u00f9 antiche d&#8217;Europa, non \u00e8 cos\u00ec popolare come le altre. Il motivo \u00e8 che non \u00e8 molto pubblicizzata al di fuori della Germania. <strong>In ogni caso, questo non \u00e8 un motivo per non giocare al lotto tedesco online. Tentate la fortuna al lotto in Germania oggi stesso.<\/strong><\/p>\n","protected":false},"excerpt":{"rendered":"<p>Il Lotto tedesco \u00e8 ora disponibile online Il Lotto in Germania ha pi\u00f9 di 5 decenni e il lotto tedesco online \u00e8 organizzato e gestito da Deutscher Lotto e Toto Block. Con un&#8217;estrazione bisettimanale il mercoled\u00ec e il sabato, il lotto tedesco online offre uno dei maggiori jackpot europei, il pi\u00f9 delle volte. Quindi, se [&hellip;]<\/p>\n","protected":false},"author":1,"featured_media":0,"parent":35700,"menu_order":8,"comment_status":"closed","ping_status":"closed","template":"lotto-german.php","meta":{"_et_pb_use_builder":"","_et_pb_old_content":"","_et_gb_content_width":"","exclude_from_search":false,"footnotes":""},"class_list":["post-36302","page","type-page","status-publish","hentry"],"yoast_head":"<!-- This site is optimized with the Yoast SEO plugin v23.3 - https:\/\/yoast.com\/wordpress\/plugins\/seo\/ -->\n<title>Giocare al Lotto tedesco da fuori la Germania, con un biglietto online<\/title>\n<meta name=\"description\" content=\"Vivi fuori dalla Germania? Non \u00e8 un problema: giocate al lotto tedesco con un biglietto online da noi.\" \/>\n<meta name=\"robots\" content=\"index, follow, max-snippet:-1, max-image-preview:large, max-video-preview:-1\" \/>\n<link rel=\"canonical\" href=\"https:\/\/jackpotlotteryonline.com\/play-online\/german-lotto\/\" \/>\n<meta property=\"og:locale\" content=\"it_IT\" \/>\n<meta property=\"og:type\" content=\"article\" \/>\n<meta property=\"og:title\" content=\"Giocare al Lotto tedesco da fuori la Germania, con un biglietto online\" \/>\n<meta property=\"og:description\" content=\"Vivi fuori dalla Germania? Non \u00e8 un problema: giocate al lotto tedesco con un biglietto online da noi.\" \/>\n<meta property=\"og:url\" content=\"https:\/\/jackpotlotteryonline.com\/play-online\/german-lotto\/\" \/>\n<meta property=\"og:site_name\" content=\"Lotto Online - Crack The International Lottery Jackpots\" \/>\n<meta property=\"article:modified_time\" content=\"2022-12-31T09:56:54+00:00\" \/>\n<meta property=\"og:image\" content=\"https:\/\/jackpotlotteryonline.com\/wp-content\/uploads\/2022\/10\/win_lottery_online.jpg\" \/>\n<meta name=\"twitter:card\" content=\"summary_large_image\" \/>\n<meta name=\"twitter:label1\" content=\"Tempo di lettura stimato\" \/>\n\t<meta name=\"twitter:data1\" content=\"3 minuti\" \/>\n<!-- \/ Yoast SEO plugin. -->","yoast_head_json":{"title":"Giocare al Lotto tedesco da fuori la Germania, con un biglietto online","description":"Vivi fuori dalla Germania? Non \u00e8 un problema: giocate al lotto tedesco con un biglietto online da noi.","robots":{"index":"index","follow":"follow","max-snippet":"max-snippet:-1","max-image-preview":"max-image-preview:large","max-video-preview":"max-video-preview:-1"},"canonical":"https:\/\/jackpotlotteryonline.com\/play-online\/german-lotto\/","og_locale":"it_IT","og_type":"article","og_title":"Giocare al Lotto tedesco da fuori la Germania, con un biglietto online","og_description":"Vivi fuori dalla Germania? Non \u00e8 un problema: giocate al lotto tedesco con un biglietto online da noi.","og_url":"https:\/\/jackpotlotteryonline.com\/play-online\/german-lotto\/","og_site_name":"Lotto Online - Crack The International Lottery Jackpots","article_modified_time":"2022-12-31T09:56:54+00:00","og_image":[{"url":"https:\/\/jackpotlotteryonline.com\/wp-content\/uploads\/2022\/10\/win_lottery_online.jpg"}],"twitter_card":"summary_large_image","twitter_misc":{"Tempo di lettura stimato":"3 minuti"},"schema":{"@context":"https:\/\/schema.org","@graph":[{"@type":"WebPage","@id":"https:\/\/jackpotlotteryonline.com\/play-online\/german-lotto\/","url":"https:\/\/jackpotlotteryonline.com\/play-online\/german-lotto\/","name":"Giocare al Lotto tedesco da fuori la Germania, con un biglietto online","isPartOf":{"@id":"https:\/\/jackpotlotteryonline.com\/#website"},"primaryImageOfPage":{"@id":"https:\/\/jackpotlotteryonline.com\/play-online\/german-lotto\/#primaryimage"},"image":{"@id":"https:\/\/jackpotlotteryonline.com\/play-online\/german-lotto\/#primaryimage"},"thumbnailUrl":"https:\/\/jackpotlotteryonline.com\/wp-content\/uploads\/2022\/10\/win_lottery_online.jpg","datePublished":"2022-11-04T09:44:28+00:00","dateModified":"2022-12-31T09:56:54+00:00","description":"Vivi fuori dalla Germania? Non \u00e8 un problema: giocate al lotto tedesco con un biglietto online da noi.","breadcrumb":{"@id":"https:\/\/jackpotlotteryonline.com\/play-online\/german-lotto\/#breadcrumb"},"inLanguage":"it-IT","potentialAction":[{"@type":"ReadAction","target":["https:\/\/jackpotlotteryonline.com\/play-online\/german-lotto\/"]}]},{"@type":"ImageObject","inLanguage":"it-IT","@id":"https:\/\/jackpotlotteryonline.com\/play-online\/german-lotto\/#primaryimage","url":"https:\/\/jackpotlotteryonline.com\/wp-content\/uploads\/2022\/10\/win_lottery_online.jpg","contentUrl":"https:\/\/jackpotlotteryonline.com\/wp-content\/uploads\/2022\/10\/win_lottery_online.jpg"},{"@type":"BreadcrumbList","@id":"https:\/\/jackpotlotteryonline.com\/play-online\/german-lotto\/#breadcrumb","itemListElement":[{"@type":"ListItem","position":1,"name":"Home","item":"https:\/\/jackpotlotteryonline.com\/it\/"},{"@type":"ListItem","position":2,"name":"Come giocare","item":"https:\/\/jackpotlotteryonline.com\/play-online\/"},{"@type":"ListItem","position":3,"name":"Lotto tedesco"}]},{"@type":"WebSite","@id":"https:\/\/jackpotlotteryonline.com\/#website","url":"https:\/\/jackpotlotteryonline.com\/","name":"Lotto Online - Crack The International Lottery Jackpots","description":"","potentialAction":[{"@type":"SearchAction","target":{"@type":"EntryPoint","urlTemplate":"https:\/\/jackpotlotteryonline.com\/?s={search_term_string}"},"query-input":"required name=search_term_string"}],"inLanguage":"it-IT"}]}},"_links":{"self":[{"href":"https:\/\/jackpotlotteryonline.com\/it\/wp-json\/wp\/v2\/pages\/36302","targetHints":{"allow":["GET"]}}],"collection":[{"href":"https:\/\/jackpotlotteryonline.com\/it\/wp-json\/wp\/v2\/pages"}],"about":[{"href":"https:\/\/jackpotlotteryonline.com\/it\/wp-json\/wp\/v2\/types\/page"}],"author":[{"embeddable":true,"href":"https:\/\/jackpotlotteryonline.com\/it\/wp-json\/wp\/v2\/users\/1"}],"replies":[{"embeddable":true,"href":"https:\/\/jackpotlotteryonline.com\/it\/wp-json\/wp\/v2\/comments?post=36302"}],"version-history":[{"count":0,"href":"https:\/\/jackpotlotteryonline.com\/it\/wp-json\/wp\/v2\/pages\/36302\/revisions"}],"up":[{"embeddable":true,"href":"https:\/\/jackpotlotteryonline.com\/it\/wp-json\/wp\/v2\/pages\/35700"}],"wp:attachment":[{"href":"https:\/\/jackpotlotteryonline.com\/it\/wp-json\/wp\/v2\/media?parent=36302"}],"curies":[{"name":"wp","href":"https:\/\/api.w.org\/{rel}","templated":true}]}}