{"id":36409,"date":"2022-11-07T06:42:17","date_gmt":"2022-11-07T06:42:17","guid":{"rendered":"https:\/\/jackpotlotteryonline.com\/?page_id=36409"},"modified":"2022-12-19T16:10:00","modified_gmt":"2022-12-19T16:10:00","slug":"powerball","status":"publish","type":"page","link":"https:\/\/jackpotlotteryonline.com\/it\/comprare-biglietti\/powerball\/","title":{"rendered":"La lotteria Powerball negli Stati Uniti"},"content":{"rendered":"<h2>Come ottenere i biglietti del Powerball al di fuori degli Stati Uniti<\/h2>\n<p>Esiste una lotteria in quasi tutti i Paesi del mondo, ma non tutte le lotterie sono come Powerball e Mega Millions, le grandi lotterie statunitensi. I jackpot del Lotto negli Stati Uniti hanno raggiunto importi pari a 1,5 miliardi di dollari (nel 2016). I jackpot delle lotterie di altri Paesi non hanno mai raggiunto una tale cifra, quindi ogni volta che gli appassionati di lotto leggono di un altro jackpot da record negli Stati Uniti, si pongono una domanda:<strong> Posso <a href=\"https:\/\/jackpotlotteryonline.com\/it\/come-giocare\/powerball\">giocare al Powerball da fuori degli Stati Uniti<\/a>, magari online?<\/strong><\/p>\n<p><strong>Ebbene, la risposta semplice \u00e8 s\u00ec: anche se vivete fuori dagli Stati Uniti<\/strong>, potete giocare al Powerball. Siamo un servizio affidabile che vi permette di acquistare biglietti per queste grandi lotterie o per una serie di altre lotterie internazionali. \u00c8 semplicissimo: voi scegliete i numeri online e noi inviamo i nostri agenti negli Stati Uniti a comprare i biglietti per voi. I biglietti del lotto appartengono a voi e quindi avete un diritto legittimo nei confronti della commissione della lotteria stessa. Se vincete, vi assisteremo anche nell&#8217;ottenere i vostri soldi.<\/p>\n<p>L&#8217;aspetto importante \u00e8 che qui otterrete un biglietto del lotto originale e non parteciperete a una sorta di truffa del lotto!<\/p>\n<h2>Il processo di acquisto del biglietto della lotteria online<\/h2>\n<p><img loading=\"lazy\" decoding=\"async\" class=\"alignright size-full wp-image-34943\" src=\"http:\/\/jackpotlotteryonline.com\/wp-content\/uploads\/2022\/11\/2_ticket_powerball3-1.jpg\" alt=\"biglietto powerball\" width=\"180\" height=\"194\" \/><\/p>\n<p><strong>Innanzitutto, si guarda alla parte superiore del nostro sito web<\/strong>, dove si clicca su uno dei banner e si sceglie la lotteria a cui si vuole partecipare. Il nostro sito \u00e8 disponibile in oltre 20 lingue diverse. La maggior parte dei clienti acquista biglietti per le lotterie statunitensi Powerball e\/o Mega Millions, ma molto spesso anche altre lotterie internazionali hanno jackpot enormi. \u00c8 possibile ordinarle in base all&#8217;entit\u00e0 del jackpot e giocare semplicemente al lotto che al momento ha l&#8217;importo pi\u00f9 alto. Se volete giocare a pi\u00f9 lotterie, anche questo \u00e8 facile: ad esempio, potete acquistare un biglietto per il Powerball e un altro per il El Gordo spagnolo.<\/p>\n<p>Poi si scelgono i numeri: \u00e8 facile, perch\u00e9 il nostro sito web vi mostrer\u00e0 quanti numeri dovete scegliere. Se preferite, esiste una funzione di scelta rapida che genera numeri a caso. Successivamente, scegliete quanti biglietti volete acquistare e per<a href=\"https:\/\/jackpotlotteryonline.com\/it\/numeri-vincenti\/powerball\"> quante estrazioni (settimane)<\/a> volete che il vostro biglietto sia valido. A seconda del numero di settimane di validit\u00e0 del biglietto, si otterr\u00e0 uno sconto sul prezzo del biglietto.<\/p>\n<p>Dopo aver scelto tutte le opzioni, \u00e8 possibile vedere il prezzo totale e il passo successivo \u00e8 quello di registrare un conto cliente. Anche il pagamento dei biglietti della lotteria \u00e8 facile: la maggior parte dei clienti sceglie l&#8217;opzione di pagamento con carta di credito, ma ci sono altre opzioni come il bonifico bancario istantaneo o le criptovalute (a seconda del Paese di provenienza).<\/p>\n<p>Per i pagamenti verranno utilizzati i protocolli pi\u00f9 recenti e sicuri, in modo che non dobbiate temere alcuna frode con la carta di credito. Se lo desiderate, potete scegliere l&#8217;opzione di ottenere un biglietto per estrazioni multiple: i vostri numeri parteciperanno al Powerball o alla lotteria che avete scelto, per 2, 4, 6 o addirittura 8 estrazioni di fila.\u00a0 Si tratta per\u00f2 di un&#8217;opzione: se non selezionate questa casella, vi verr\u00e0 addebitato il costo di una sola estrazione!<\/p>\n<p>La maggior parte delle persone al di fuori degli Stati Uniti gioca solo al lotto locale, senza essere a conoscenza di questa possibilit\u00e0 di giocare al lotto internazionale online. Ma ora che lo sapete, cosa vi impedisce di giocare a jackpot che spesso sono 100 volte superiori a quelli che potete vincere nel vostro Paese di residenza? Forse sarete voi i prossimi vincitori del Powerball!<\/p>\n<section class=\"layout\" style=\"border: solid 1px; width: 100%;\">\n<div class=\"img-div\" style=\"margin-top: 5px;\"><img decoding=\"async\" class=\"wp-image-17212 alignleft\" style=\"height: 45px; margin: 8px 8px 0px;\" src=\"http:\/\/jackpotlotteryonline.com\/wp-content\/uploads\/2022\/11\/read1.jpg\" alt=\"giocare al powerball da fuori degli Stati Uniti\" width=\"\" height=\"\" \/><\/div>\n<div style=\"padding-left: 5px;\">\n<div style=\"font-size: 1.1em;\">\n<p><strong>\u00c8 legale giocare alle lotterie di altri Paesi online?<\/strong><\/p>\n<p style=\"font-size: 0.85em; margin-top: -1.5em;\">\u00c8 legale prendere un biglietto della lotteria online e verr\u00f2 effettivamente pagato? \u00a0<a href=\"https:\/\/jackpotlotteryonline.com\/it\/e-legale-giocare-alle-lotterie-di-altri-paesi-online\">Per saperne di pi\u00f9<\/a><\/p>\n<\/div>\n<\/div>\n<\/section>\n<h2>Panoramica del Lotto USA online<\/h2>\n<p>Negli Stati Uniti ci sono 43 stati, pi\u00f9 il Distretto di Columbia, le Isole Vergini Americane e Porto Rico che gestiscono lotterie. In ognuna di queste aree esistono lotterie statali che rientrano nella <strong>categoria del Lotto USA<\/strong>. Alcune delle principali lotterie del Lotto USA sono il Mega Millions e il Powerball. Si tratta di lotterie enormi che sono disponibili per i residenti di tutti gli Stati Uniti e ora anche i giocatori stranieri possono partecipare online attraverso questo servizio.<\/p>\n<h2>Powerball Lotto USA<\/h2>\n<p><img loading=\"lazy\" decoding=\"async\" class=\"alignright size-full wp-image-31721\" src=\"http:\/\/jackpotlotteryonline.com\/wp-content\/uploads\/2022\/11\/powerball_globe_logo.png\" alt=\"comprare powerball online\" width=\"200\" height=\"212\" \/><\/p>\n<p>Il gioco del Lotto USA pi\u00f9 popolare \u00e8 il Powerball. Il Powerball viene estratto negli Universal Studios in Florida, negli Stati Uniti, ma ha un requisito di non residenza, il che significa che i residenti di Stati non aderenti al Powerball e anche i giocatori al di fuori degli Stati Uniti possono partecipare a questo gioco del Lotto USA.<\/p>\n<p>Per poter giocare al Powerball, i giocatori devono avere almeno 18 anni. I giocatori devono selezionare sei numeri &#8211; cinque numeri compresi tra 1 e 59 e un numero PowerBall compreso tra 1 e 39. I giocatori possono utilizzare la funzione Quick Pick, che seleziona 6 numeri a caso.<\/p>\n<p>I jackpot del Powerball sono in genere dell&#8217;ordine delle decine di milioni di dollari, anche se in passato hanno superato spesso i 200 milioni di dollari.<\/p>\n<h2>Mega Millions Lotto USA<\/h2>\n<p>Mega Millions \u00e8 un&#8217;altra<strong> lotteria del Lotto USA<\/strong> che si svolge negli Stati Uniti e viene infatti estratta ad Atlanta, in Georgia. Ciononostante, Mega Millions non prevede alcun requisito di residenza, il che significa che i residenti di Stati non appartenenti a Mega Millions e persino i non residenti negli Stati Uniti possono partecipare e vincere al Mega Millions Lotto USA.<\/p>\n<p>Per giocare al Mega Million Lotto USA \u00e8 necessario avere almeno 18 anni. \u00c8 necessario scegliere 6 numeri: cinque numeri compresi tra 1 e 56 e un numero Mega Ball compreso tra 1 e 46. \u00c8 possibile utilizzare l&#8217;opzione Quick Pick che seleziona i numeri in modo casuale.<\/p>\n<p>Il gioco Mega Million Lotto USA offre premi in denaro e un jackpot. \u00c8 noto che il jackpot, che cambia la vita, pu\u00f2 raggiungere le centinaia di milioni di dollari, il che lo rende molto popolare.<\/p>\n<h2>NASPL &#8211; Associazione del Lotto USA<\/h2>\n<p>La North American Association of State and Provincial lotteries (NASPL) rappresenta tutte le lotterie statali e provinciali statunitensi e le lotterie canadesi. Lotto USA \u00e8 gestito in modo pi\u00f9 efficace attraverso la NASPL. Essa funge da interfaccia per Lotto USA, fornisce informazioni, svolge attivit\u00e0 di ricerca e sviluppo, garantisce la sicurezza e forma il personale di Lotto USA. Tutte le principali lotterie statunitensi sono membri della NASPL.<\/p>\n","protected":false},"excerpt":{"rendered":"<p>Come ottenere i biglietti del Powerball al di fuori degli Stati Uniti Esiste una lotteria in quasi tutti i Paesi del mondo, ma non tutte le lotterie sono come Powerball e Mega Millions, le grandi lotterie statunitensi. I jackpot del Lotto negli Stati Uniti hanno raggiunto importi pari a 1,5 miliardi di dollari (nel 2016). [&hellip;]<\/p>\n","protected":false},"author":1,"featured_media":0,"parent":35762,"menu_order":1,"comment_status":"closed","ping_status":"closed","template":"powerball-usa-info.php","meta":{"_et_pb_use_builder":"","_et_pb_old_content":"","_et_gb_content_width":"","exclude_from_search":false,"footnotes":""},"class_list":["post-36409","page","type-page","status-publish","hentry"],"yoast_head":"<!-- This site is optimized with the Yoast SEO plugin v23.3 - https:\/\/yoast.com\/wordpress\/plugins\/seo\/ -->\n<title>Acquistare biglietti Powerball online da qualsiasi altro Paese al di fuori degli USA<\/title>\n<meta name=\"description\" content=\"Scopri come i residenti di altri Paesi possono giocare online agli enormi jackpot della lotteria Powerball - puoi essere al di fuori degli Stati Uniti e giocare lo stesso.\" \/>\n<meta name=\"robots\" content=\"index, follow, max-snippet:-1, max-image-preview:large, max-video-preview:-1\" \/>\n<link rel=\"canonical\" href=\"https:\/\/jackpotlotteryonline.com\/buy-tickets\/powerball\/\" \/>\n<meta property=\"og:locale\" content=\"it_IT\" \/>\n<meta property=\"og:type\" content=\"article\" \/>\n<meta property=\"og:title\" content=\"Acquistare biglietti Powerball online da qualsiasi altro Paese al di fuori degli USA\" \/>\n<meta property=\"og:description\" content=\"Scopri come i residenti di altri Paesi possono giocare online agli enormi jackpot della lotteria Powerball - puoi essere al di fuori degli Stati Uniti e giocare lo stesso.\" \/>\n<meta property=\"og:url\" content=\"https:\/\/jackpotlotteryonline.com\/buy-tickets\/powerball\/\" \/>\n<meta property=\"og:site_name\" content=\"Lotto Online - Crack The International Lottery Jackpots\" \/>\n<meta property=\"article:modified_time\" content=\"2022-12-19T16:10:00+00:00\" \/>\n<meta property=\"og:image\" content=\"http:\/\/jackpotlotteryonline.com\/wp-content\/uploads\/2022\/11\/2_ticket_powerball3-1.jpg\" \/>\n<meta name=\"twitter:card\" content=\"summary_large_image\" \/>\n<meta name=\"twitter:label1\" content=\"Tempo di lettura stimato\" \/>\n\t<meta name=\"twitter:data1\" content=\"5 minuti\" \/>\n<!-- \/ Yoast SEO plugin. -->","yoast_head_json":{"title":"Acquistare biglietti Powerball online da qualsiasi altro Paese al di fuori degli USA","description":"Scopri come i residenti di altri Paesi possono giocare online agli enormi jackpot della lotteria Powerball - puoi essere al di fuori degli Stati Uniti e giocare lo stesso.","robots":{"index":"index","follow":"follow","max-snippet":"max-snippet:-1","max-image-preview":"max-image-preview:large","max-video-preview":"max-video-preview:-1"},"canonical":"https:\/\/jackpotlotteryonline.com\/buy-tickets\/powerball\/","og_locale":"it_IT","og_type":"article","og_title":"Acquistare biglietti Powerball online da qualsiasi altro Paese al di fuori degli USA","og_description":"Scopri come i residenti di altri Paesi possono giocare online agli enormi jackpot della lotteria Powerball - puoi essere al di fuori degli Stati Uniti e giocare lo stesso.","og_url":"https:\/\/jackpotlotteryonline.com\/buy-tickets\/powerball\/","og_site_name":"Lotto Online - Crack The International Lottery Jackpots","article_modified_time":"2022-12-19T16:10:00+00:00","og_image":[{"url":"http:\/\/jackpotlotteryonline.com\/wp-content\/uploads\/2022\/11\/2_ticket_powerball3-1.jpg"}],"twitter_card":"summary_large_image","twitter_misc":{"Tempo di lettura stimato":"5 minuti"},"schema":{"@context":"https:\/\/schema.org","@graph":[{"@type":"WebPage","@id":"https:\/\/jackpotlotteryonline.com\/buy-tickets\/powerball\/","url":"https:\/\/jackpotlotteryonline.com\/buy-tickets\/powerball\/","name":"Acquistare biglietti Powerball online da qualsiasi altro Paese al di fuori degli USA","isPartOf":{"@id":"https:\/\/jackpotlotteryonline.com\/#website"},"primaryImageOfPage":{"@id":"https:\/\/jackpotlotteryonline.com\/buy-tickets\/powerball\/#primaryimage"},"image":{"@id":"https:\/\/jackpotlotteryonline.com\/buy-tickets\/powerball\/#primaryimage"},"thumbnailUrl":"http:\/\/jackpotlotteryonline.com\/wp-content\/uploads\/2022\/11\/2_ticket_powerball3-1.jpg","datePublished":"2022-11-07T06:42:17+00:00","dateModified":"2022-12-19T16:10:00+00:00","description":"Scopri come i residenti di altri Paesi possono giocare online agli enormi jackpot della lotteria Powerball - puoi essere al di fuori degli Stati Uniti e giocare lo stesso.","breadcrumb":{"@id":"https:\/\/jackpotlotteryonline.com\/buy-tickets\/powerball\/#breadcrumb"},"inLanguage":"it-IT","potentialAction":[{"@type":"ReadAction","target":["https:\/\/jackpotlotteryonline.com\/buy-tickets\/powerball\/"]}]},{"@type":"ImageObject","inLanguage":"it-IT","@id":"https:\/\/jackpotlotteryonline.com\/buy-tickets\/powerball\/#primaryimage","url":"http:\/\/jackpotlotteryonline.com\/wp-content\/uploads\/2022\/11\/2_ticket_powerball3-1.jpg","contentUrl":"http:\/\/jackpotlotteryonline.com\/wp-content\/uploads\/2022\/11\/2_ticket_powerball3-1.jpg"},{"@type":"BreadcrumbList","@id":"https:\/\/jackpotlotteryonline.com\/buy-tickets\/powerball\/#breadcrumb","itemListElement":[{"@type":"ListItem","position":1,"name":"Home","item":"https:\/\/jackpotlotteryonline.com\/it\/"},{"@type":"ListItem","position":2,"name":"Come acquistare i biglietti della lotteria online","item":"https:\/\/jackpotlotteryonline.com\/buy-tickets\/"},{"@type":"ListItem","position":3,"name":"La lotteria Powerball negli Stati Uniti"}]},{"@type":"WebSite","@id":"https:\/\/jackpotlotteryonline.com\/#website","url":"https:\/\/jackpotlotteryonline.com\/","name":"Lotto Online - Crack The International Lottery Jackpots","description":"","potentialAction":[{"@type":"SearchAction","target":{"@type":"EntryPoint","urlTemplate":"https:\/\/jackpotlotteryonline.com\/?s={search_term_string}"},"query-input":"required name=search_term_string"}],"inLanguage":"it-IT"}]}},"_links":{"self":[{"href":"https:\/\/jackpotlotteryonline.com\/it\/wp-json\/wp\/v2\/pages\/36409","targetHints":{"allow":["GET"]}}],"collection":[{"href":"https:\/\/jackpotlotteryonline.com\/it\/wp-json\/wp\/v2\/pages"}],"about":[{"href":"https:\/\/jackpotlotteryonline.com\/it\/wp-json\/wp\/v2\/types\/page"}],"author":[{"embeddable":true,"href":"https:\/\/jackpotlotteryonline.com\/it\/wp-json\/wp\/v2\/users\/1"}],"replies":[{"embeddable":true,"href":"https:\/\/jackpotlotteryonline.com\/it\/wp-json\/wp\/v2\/comments?post=36409"}],"version-history":[{"count":0,"href":"https:\/\/jackpotlotteryonline.com\/it\/wp-json\/wp\/v2\/pages\/36409\/revisions"}],"up":[{"embeddable":true,"href":"https:\/\/jackpotlotteryonline.com\/it\/wp-json\/wp\/v2\/pages\/35762"}],"wp:attachment":[{"href":"https:\/\/jackpotlotteryonline.com\/it\/wp-json\/wp\/v2\/media?parent=36409"}],"curies":[{"name":"wp","href":"https:\/\/api.w.org\/{rel}","templated":true}]}}