{"id":36466,"date":"2022-11-07T08:29:08","date_gmt":"2022-11-07T08:29:08","guid":{"rendered":"https:\/\/jackpotlotteryonline.com\/?page_id=36466"},"modified":"2022-12-19T19:15:44","modified_gmt":"2022-12-19T19:15:44","slug":"euromillions","status":"publish","type":"page","link":"https:\/\/jackpotlotteryonline.com\/it\/comprare-biglietti\/euromillions\/","title":{"rendered":"Posso ottenere un biglietto per l&#8217;Euromillions da fuori Europa?"},"content":{"rendered":"<h2>La pi\u00f9 grande lotteria europea \u00e8 Euromillions<\/h2>\n<p><img loading=\"lazy\" decoding=\"async\" class=\"alignright wp-image-17411 size-full\" src=\"http:\/\/jackpotlotteryonline.com\/wp-content\/uploads\/2022\/10\/euromillions.png\" alt=\"comprare euromillions online\" width=\"200\" height=\"212\" \/><\/p>\n<p>Euromillions \u00e8 una lotteria offerta in vari Paesi europei. \u00c8 stata progettata per offrire jackpot sostanzialmente pi\u00f9 grandi rispetto alle lotterie nazionali dei singoli Paesi. Ci\u00f2 \u00e8 stato possibile grazie a una struttura della lotteria con una probabilit\u00e0 pi\u00f9 bassa, il che significa un maggior numero di combinazioni di numeri possibili. Il fatto che questi jackpot richiedano di solito pi\u00f9 tempo per essere decifrati, combinato con un jackpot iniziale pi\u00f9 grande di 10 milioni di euro, ha portato a jackpot di oltre 100 milioni di euro su base regolare.<\/p>\n<h2>Perch\u00e9 avete bisogno di un servizio di biglietteria online per giocare?<\/h2>\n<p>Se vivete in uno dei Paesi europei partecipanti, non avete bisogno di un servizio come il nostro. Ma se non \u00e8 cos\u00ec, o se siete addirittura fuori dall&#8217;Europa, l&#8217;unico modo per ottenere un biglietto per l&#8217;Euromillions \u00e8 online. Tutto ci\u00f2 che dovete fare \u00e8 <strong>cliccare sul banner Euromillions in alto<\/strong> e ordinare i vostri biglietti, dopodich\u00e9 la vostra partecipazione \u00e8 assicurata. Tra l&#8217;altro, noi acquistiamo i biglietti per l&#8217;Euromillions tramite un rivenditore ufficiale di biglietti situato in Europa.<\/p>\n<section class=\"layout\" style=\"border: solid 1px; width: 100%;\">\n<div class=\"img-div\" style=\"margin-top: 5px;\"><img decoding=\"async\" class=\"wp-image-17212 alignleft\" style=\"height: 45px; margin: 8px 8px 0px;\" src=\"http:\/\/jackpotlotteryonline.com\/wp-content\/uploads\/2022\/11\/read1.jpg\" alt=\"giocare a Euromillions\" width=\"\" height=\"\" \/><\/div>\n<div style=\"padding-left: 5px;\">\n<div style=\"font-size: 1.1em;\">\n<p><strong>Le lotterie che hanno le migliori probabilit\u00e0 di vincita<\/strong><\/p>\n<p style=\"font-size: 0.85em; margin-top: -1.5em;\">Quale lotteria ha le migliori probabilit\u00e0 di vincita? \u00a0<a href=\"https:\/\/jackpotlotteryonline.com\/it\/quale-lotteria-ha-le-migliori-probabilita-di-vincita\">Per saperne di pi\u00f9<\/a><\/p>\n<\/div>\n<\/div>\n<\/section>\n<h2>Informazioni su Euromillions<\/h2>\n<p><a href=\"https:\/\/jackpotlotteryonline.com\/it\/numeri-vincenti\/euromillions\">Questa lotteria prevede due estrazioni settimanali,<\/a> il marted\u00ec e il venerd\u00ec. \u00c8 strutturata allo stesso modo dell&#8217;Eurojackpot, tranne per il fatto che non c&#8217;\u00e8 un tetto massimo per il jackpot e che si devono scegliere due numeri extra tra 1 e 12. Inoltre, ha 13 livelli di premio. Ha anche 13 livelli di premio.<\/p>\n<h2>Servizio di acquisto biglietti per le lotterie internazionali<\/h2>\n<p><img loading=\"lazy\" decoding=\"async\" class=\"alignright size-full wp-image-33431\" src=\"http:\/\/jackpotlotteryonline.com\/wp-content\/uploads\/2022\/11\/2_ticket_euromillions-112x300-1.jpg\" alt=\"biglietto euromillions\" width=\"112\" height=\"300\" \/><\/p>\n<p>Oltre a fornirvi i biglietti online per Euromillions ed Eurojackpot, abbiamo un totale di oltre 20 lotterie tra cui scegliere. Sebbene sia preferibile scegliere sempre quella con i jackpot pi\u00f9 alti, vale la pena di prendere in considerazione anche alcune lotterie &#8220;minori&#8221;. Possono offrire probabilit\u00e0 di vincita pi\u00f9 vantaggiose o prezzi dei biglietti pi\u00f9 bassi.<\/p>\n<p>Non dovete nemmeno preoccuparvi della sicurezza dei pagamenti e dei dati. Utilizziamo protocolli estremamente sicuri per l&#8217;elaborazione dei pagamenti. Accettiamo pagamenti con carte di credito, criptovalute, bonifici bancari e molte altre opzioni.<\/p>\n","protected":false},"excerpt":{"rendered":"<p>La pi\u00f9 grande lotteria europea \u00e8 Euromillions Euromillions \u00e8 una lotteria offerta in vari Paesi europei. \u00c8 stata progettata per offrire jackpot sostanzialmente pi\u00f9 grandi rispetto alle lotterie nazionali dei singoli Paesi. Ci\u00f2 \u00e8 stato possibile grazie a una struttura della lotteria con una probabilit\u00e0 pi\u00f9 bassa, il che significa un maggior numero di combinazioni [&hellip;]<\/p>\n","protected":false},"author":1,"featured_media":0,"parent":35762,"menu_order":3,"comment_status":"closed","ping_status":"closed","template":"euromillions-info.php","meta":{"_et_pb_use_builder":"","_et_pb_old_content":"","_et_gb_content_width":"","exclude_from_search":false,"footnotes":""},"class_list":["post-36466","page","type-page","status-publish","hentry"],"yoast_head":"<!-- This site is optimized with the Yoast SEO plugin v23.3 - https:\/\/yoast.com\/wordpress\/plugins\/seo\/ -->\n<title>Ottenere un biglietto per Euromillions da fuori Europa<\/title>\n<meta name=\"description\" content=\"Come partecipare all&#039;Euromillions online da fuori Europa - semplicemente acquistando il biglietto online sul nostro sito web\" \/>\n<meta name=\"robots\" content=\"index, follow, max-snippet:-1, max-image-preview:large, max-video-preview:-1\" \/>\n<link rel=\"canonical\" href=\"https:\/\/jackpotlotteryonline.com\/buy-tickets\/euromillions\/\" \/>\n<meta property=\"og:locale\" content=\"it_IT\" \/>\n<meta property=\"og:type\" content=\"article\" \/>\n<meta property=\"og:title\" content=\"Ottenere un biglietto per Euromillions da fuori Europa\" \/>\n<meta property=\"og:description\" content=\"Come partecipare all&#039;Euromillions online da fuori Europa - semplicemente acquistando il biglietto online sul nostro sito web\" \/>\n<meta property=\"og:url\" content=\"https:\/\/jackpotlotteryonline.com\/buy-tickets\/euromillions\/\" \/>\n<meta property=\"og:site_name\" content=\"Lotto Online - Crack The International Lottery Jackpots\" \/>\n<meta property=\"article:modified_time\" content=\"2022-12-19T19:15:44+00:00\" \/>\n<meta property=\"og:image\" content=\"http:\/\/jackpotlotteryonline.com\/wp-content\/uploads\/2022\/10\/euromillions.png\" \/>\n<meta name=\"twitter:card\" content=\"summary_large_image\" \/>\n<meta name=\"twitter:label1\" content=\"Tempo di lettura stimato\" \/>\n\t<meta name=\"twitter:data1\" content=\"3 minuti\" \/>\n<!-- \/ Yoast SEO plugin. -->","yoast_head_json":{"title":"Ottenere un biglietto per Euromillions da fuori Europa","description":"Come partecipare all'Euromillions online da fuori Europa - semplicemente acquistando il biglietto online sul nostro sito web","robots":{"index":"index","follow":"follow","max-snippet":"max-snippet:-1","max-image-preview":"max-image-preview:large","max-video-preview":"max-video-preview:-1"},"canonical":"https:\/\/jackpotlotteryonline.com\/buy-tickets\/euromillions\/","og_locale":"it_IT","og_type":"article","og_title":"Ottenere un biglietto per Euromillions da fuori Europa","og_description":"Come partecipare all'Euromillions online da fuori Europa - semplicemente acquistando il biglietto online sul nostro sito web","og_url":"https:\/\/jackpotlotteryonline.com\/buy-tickets\/euromillions\/","og_site_name":"Lotto Online - Crack The International Lottery Jackpots","article_modified_time":"2022-12-19T19:15:44+00:00","og_image":[{"url":"http:\/\/jackpotlotteryonline.com\/wp-content\/uploads\/2022\/10\/euromillions.png"}],"twitter_card":"summary_large_image","twitter_misc":{"Tempo di lettura stimato":"3 minuti"},"schema":{"@context":"https:\/\/schema.org","@graph":[{"@type":"WebPage","@id":"https:\/\/jackpotlotteryonline.com\/buy-tickets\/euromillions\/","url":"https:\/\/jackpotlotteryonline.com\/buy-tickets\/euromillions\/","name":"Ottenere un biglietto per Euromillions da fuori Europa","isPartOf":{"@id":"https:\/\/jackpotlotteryonline.com\/#website"},"primaryImageOfPage":{"@id":"https:\/\/jackpotlotteryonline.com\/buy-tickets\/euromillions\/#primaryimage"},"image":{"@id":"https:\/\/jackpotlotteryonline.com\/buy-tickets\/euromillions\/#primaryimage"},"thumbnailUrl":"http:\/\/jackpotlotteryonline.com\/wp-content\/uploads\/2022\/10\/euromillions.png","datePublished":"2022-11-07T08:29:08+00:00","dateModified":"2022-12-19T19:15:44+00:00","description":"Come partecipare all'Euromillions online da fuori Europa - semplicemente acquistando il biglietto online sul nostro sito web","breadcrumb":{"@id":"https:\/\/jackpotlotteryonline.com\/buy-tickets\/euromillions\/#breadcrumb"},"inLanguage":"it-IT","potentialAction":[{"@type":"ReadAction","target":["https:\/\/jackpotlotteryonline.com\/buy-tickets\/euromillions\/"]}]},{"@type":"ImageObject","inLanguage":"it-IT","@id":"https:\/\/jackpotlotteryonline.com\/buy-tickets\/euromillions\/#primaryimage","url":"http:\/\/jackpotlotteryonline.com\/wp-content\/uploads\/2022\/10\/euromillions.png","contentUrl":"http:\/\/jackpotlotteryonline.com\/wp-content\/uploads\/2022\/10\/euromillions.png"},{"@type":"BreadcrumbList","@id":"https:\/\/jackpotlotteryonline.com\/buy-tickets\/euromillions\/#breadcrumb","itemListElement":[{"@type":"ListItem","position":1,"name":"Home","item":"https:\/\/jackpotlotteryonline.com\/it\/"},{"@type":"ListItem","position":2,"name":"Come acquistare i biglietti della lotteria online","item":"https:\/\/jackpotlotteryonline.com\/buy-tickets\/"},{"@type":"ListItem","position":3,"name":"Posso ottenere un biglietto per l&#8217;Euromillions da fuori Europa?"}]},{"@type":"WebSite","@id":"https:\/\/jackpotlotteryonline.com\/#website","url":"https:\/\/jackpotlotteryonline.com\/","name":"Lotto Online - Crack The International Lottery Jackpots","description":"","potentialAction":[{"@type":"SearchAction","target":{"@type":"EntryPoint","urlTemplate":"https:\/\/jackpotlotteryonline.com\/?s={search_term_string}"},"query-input":"required name=search_term_string"}],"inLanguage":"it-IT"}]}},"_links":{"self":[{"href":"https:\/\/jackpotlotteryonline.com\/it\/wp-json\/wp\/v2\/pages\/36466","targetHints":{"allow":["GET"]}}],"collection":[{"href":"https:\/\/jackpotlotteryonline.com\/it\/wp-json\/wp\/v2\/pages"}],"about":[{"href":"https:\/\/jackpotlotteryonline.com\/it\/wp-json\/wp\/v2\/types\/page"}],"author":[{"embeddable":true,"href":"https:\/\/jackpotlotteryonline.com\/it\/wp-json\/wp\/v2\/users\/1"}],"replies":[{"embeddable":true,"href":"https:\/\/jackpotlotteryonline.com\/it\/wp-json\/wp\/v2\/comments?post=36466"}],"version-history":[{"count":0,"href":"https:\/\/jackpotlotteryonline.com\/it\/wp-json\/wp\/v2\/pages\/36466\/revisions"}],"up":[{"embeddable":true,"href":"https:\/\/jackpotlotteryonline.com\/it\/wp-json\/wp\/v2\/pages\/35762"}],"wp:attachment":[{"href":"https:\/\/jackpotlotteryonline.com\/it\/wp-json\/wp\/v2\/media?parent=36466"}],"curies":[{"name":"wp","href":"https:\/\/api.w.org\/{rel}","templated":true}]}}