{"id":36520,"date":"2022-11-07T10:10:19","date_gmt":"2022-11-07T10:10:19","guid":{"rendered":"https:\/\/jackpotlotteryonline.com\/?page_id=36520"},"modified":"2023-01-03T20:02:11","modified_gmt":"2023-01-03T20:02:11","slug":"eurojackpot","status":"publish","type":"page","link":"https:\/\/jackpotlotteryonline.com\/it\/comprare-biglietti\/eurojackpot\/","title":{"rendered":"Acquistare i biglietti di Eurojackpot al di fuori dei paesi partecipanti"},"content":{"rendered":"<h2>Informazioni su EuroJackpot<\/h2>\n<p><a href=\"https:\/\/jackpotlotteryonline.com\/it\/come-giocare\/eurojackpot\">Eurojackpot<\/a> ha una caratteristica interessante che \u00e8 bene conoscere: Ogni volta che il jackpot raggiunge i 90 milioni, c&#8217;\u00e8 un limite al montepremi che si pu\u00f2 vincere. Ci\u00f2 significa che tutti i fondi provenienti dalla vendita dei biglietti che superano i 90 milioni di euro saranno aggiunti al prezzo di seconda fascia. Questo prezzo di seconda fascia sar\u00e0 quindi significativamente pi\u00f9 alto. Considerando che la probabilit\u00e0 di vincere questo premio \u00e8 10 volte superiore a quella del jackpot, \u00e8 sempre una buona strategia concentrarsi su questa lotteria quando ha raggiunto la soglia dei 90 milioni di euro.<\/p>\n<p>Per <a href=\"https:\/\/jackpotlotteryonline.com\/it\/numeri-vincenti\/eurojackpot\">Eurojackpot c&#8217;\u00e8 un solo giorno di estrazione settimanale,<\/a> il venerd\u00ec. Scegliendo 5 numeri su 50, pi\u00f9 due numeri aggiuntivi tra l&#8217;1 e il 10, ci si avvia a vincere un premio da un totale di 12 livelli.<\/p>\n<h2>Come acquistare i biglietti dell&#8217;Eurojackpot<\/h2>\n<p><img loading=\"lazy\" decoding=\"async\" class=\"wp-image-26077 size-medium alignright\" src=\"https:\/\/jackpotlotteryonline.com\/wp-content\/uploads\/2022\/11\/1_buy_eurojackpot_ticket-300x99.jpg\" alt=\"acquista online i biglietti dell'eurojackpot\" width=\"300\" height=\"99\" srcset=\"https:\/\/jackpotlotteryonline.com\/wp-content\/uploads\/2022\/11\/1_buy_eurojackpot_ticket-300x99.jpg 300w, https:\/\/jackpotlotteryonline.com\/wp-content\/uploads\/2022\/11\/1_buy_eurojackpot_ticket.jpg 350w\" sizes=\"auto, (max-width: 300px) 100vw, 300px\" \/><\/p>\n<p>Eurojackpot \u00e8 una lotteria europea e i biglietti vengono venduti principalmente nei Paesi aderenti a Eurojackpot. Sono 18 i Paesi che partecipano alla lotteria Eurojackpot e chiunque viva in questi Paesi pu\u00f2 partecipare alla lotteria. I Paesi di Eurojackpot sono Croazia, Danimarca, Estonia, Finlandia, Germania, Islanda, Italia, Lettonia, Lituania, Paesi Bassi, Norvegia, Slovenia, Spagna e Svezia.<\/p>\n<p>Sebbene Eurojackpot abbia 18 Paesi membri, le schedine della lotteria sono vendute in alcuni Paesi non partecipanti all&#8217;interno del continente. I giocatori di questi Paesi possono entrare in qualsiasi negozio di lotterie e acquistare le schedine della lotteria. Questo non \u00e8 il caso dei giocatori extraeuropei che vogliono partecipare all&#8217;Eurojackpot.<\/p>\n<h2>Cosa fare se si vive fuori dall&#8217;Europa<\/h2>\n<p>Se vivete fuori dal continente e volete partecipare a Eurojackpot, la soluzione migliore \u00e8 quella di andare online. \u00c8 possibile farlo sia via web che su un dispositivo mobile. Dovete trovare un sito di lotterie, acquistare il biglietto e partecipare all&#8217;estrazione. Poi aspettate di vedere se avete vinto. Si tratta di un processo semplice, ma ci sono alcune cose a cui prestare attenzione.<\/p>\n<p>Le partecipazioni a Eurojackpot sono vendute su diversi siti internet, ma \u00e8 importante cercare un venditore online legittimo. Internet consente di accedere a incredibili lotterie internazionali, non solo all&#8217;Eurojackpot. Tuttavia, bisogna essere sicuri di aver partecipato all&#8217;Eurojackpot e non di aver scommesso contro l&#8217;esito della lotteria. S\u00ec, c&#8217;\u00e8 una differenza.<\/p>\n<section class=\"layout\" style=\"border: solid 1px; width: 100%;\">\n<div class=\"img-div\" style=\"margin-top: 5px;\"><img decoding=\"async\" class=\"wp-image-17212 alignleft\" style=\"height: 45px; margin: 8px 8px 0px;\" src=\"https:\/\/jackpotlotteryonline.com\/wp-content\/uploads\/2022\/11\/read1.jpg\" alt=\"Leggi\" width=\"\" height=\"\" \/><\/div>\n<div style=\"padding-left: 5px;\">\n<div style=\"font-size: 1.1em;\">\n<p><strong>Qual \u00e8 la migliore lotteria internazionale?<\/strong><\/p>\n<p style=\"font-size: 0.85em; margin-top: -1.5em;\">Quali sono le lotterie internazionali con le migliori probabilit\u00e0 di vincita? \u00a0<a href=\"https:\/\/jackpotlotteryonline.com\/it\/quale-lotteria-internazionale-e-la-migliore\">Per saperne di pi\u00f9<\/a><\/p>\n<\/div>\n<\/div>\n<\/section>\n<h2>Dove trovare i biglietti dell&#8217;Eurojackpot<\/h2>\n<p>Quando andate online alla ricerca di un venditore di Eurojackpot, non abbiate fretta di acquistare una partecipazione all&#8217;Eurojackpot, a meno che non sappiate che si tratta di un sito concierge. Siti come questo consentono ai giocatori di accedere alle migliori lotterie internazionali, come Eurojackpot, fornendo le schedine della lotteria.<\/p>\n<p>\u00c8 possibile acquistare una schedina dell&#8217;Eurojackpot su Internet, ma non essere iscritti alla lotteria. Questo perch\u00e9 questi siti permettono ai giocatori di scommettere solo sull&#8217;esito della lotteria. Noi di jackpotlotteryonline.com facciamo in modo che possiate partecipare alla lotteria Eurojackpot ovunque vi troviate.<\/p>\n<p>Quando acquistate una partecipazione da noi, i nostri agenti sul contenuto andranno ad acquistare una schedina Eurojackpot fisica con i numeri corrispondenti. In questo modo, anche se non siete fisicamente presenti nel Paese, partecipate comunque all&#8217;Eurojackpot. Se la vostra schedina corrisponde ai numeri estratti, vincerete il premio. Inoltre, non dovrete preoccuparvi di riscuotere il premio dell&#8217;Eurojackpot perch\u00e9 ce ne occupiamo noi. Tutto ci\u00f2 che deve fare \u00e8 ritirare il premio dalla nostra piattaforma sul suo conto online.<\/p>\n<h2>Vantaggi della registrazione a jackpotlotteryonline.com<\/h2>\n<p><img loading=\"lazy\" decoding=\"async\" class=\"alignright size-medium wp-image-28886\" src=\"https:\/\/jackpotlotteryonline.com\/wp-content\/uploads\/2022\/11\/1_pick_for_eurojackpot-300x100.jpg\" alt=\"biglietto eurojackpot\" width=\"300\" height=\"100\" srcset=\"https:\/\/jackpotlotteryonline.com\/wp-content\/uploads\/2022\/11\/1_pick_for_eurojackpot-300x100.jpg 300w, https:\/\/jackpotlotteryonline.com\/wp-content\/uploads\/2022\/11\/1_pick_for_eurojackpot-600x200.jpg 600w, https:\/\/jackpotlotteryonline.com\/wp-content\/uploads\/2022\/11\/1_pick_for_eurojackpot.jpg 734w\" sizes=\"auto, (max-width: 300px) 100vw, 300px\" \/><\/p>\n<p>Jackpotlotteryonline.com \u00e8 un sito di portineria, che permette ai suoi clienti di partecipare a lotterie di tutto il mondo. Riteniamo che Eurojackpot debba essere accessibile a tutti coloro che sono maggiorenni e capaci di farlo, e abbiamo portato questa passione nella fornitura del nostro servizio. Quando ti registri con noi, ecco cosa ottieni:<\/p>\n<ul>\n<li>Accesso a oltre due dozzine di lotterie internazionali, tra cui Eurojackpot.<\/li>\n<li>Un modo semplice di giocare alla lotteria<\/li>\n<li>\u00c8 possibile giocare a pi\u00f9 lotterie e partecipare a pi\u00f9 estrazioni in un unico luogo.<\/li>\n<li>Non deve tenere traccia di tutti i suoi biglietti della lotteria Eurojackpot: lo facciamo noi per lei.<\/li>\n<li>Inoltre, teniamo traccia delle tue vincite e ti avvisiamo in modo che tu non perda la possibilit\u00e0 di riscuotere il tuo premio.<\/li>\n<li>Incassare facilmente i premi dalla nostra piattaforma al suo conto online<\/li>\n<\/ul>\n<p>Il nostro obiettivo \u00e8 assicurarci che la vostra esperienza di gioco alla lotteria sia piacevole. Abbiamo modificato i nostri servizi e continuiamo a perfezionare il processo in modo che sia pi\u00f9 intuitivo per i nostri giocatori.<\/p>\n<h2>Seguire i seguenti passaggi per partecipare all&#8217;Eurojackpot<\/h2>\n<p><strong>Fase 1:<\/strong> visitare jackpotlotteryonline.com e andare alla lotteria a cui si vuole partecipare, in questo caso Eurojackpot. Fare clic su di essa.<\/p>\n<p><strong>Fase 2:<\/strong> scegliere 5 numeri principali e 2 numeri extra. \u00c8 possibile scegliere pi\u00f9 linee di ingresso per aumentare le probabilit\u00e0 di vincita dell&#8217;Eurojackpot. Se non avete un numero particolare, utilizzate &#8220;Quick Pick All&#8221; per velocizzare il processo di selezione.<\/p>\n<p><strong>Fase 3:<\/strong> Selezionare il tipo di biglietto che si desidera acquistare. \u00c8 possibile acquistare un biglietto singolo o un biglietto multiplo, che consente di partecipare a pi\u00f9 estrazioni. Anche in questo caso, la partecipazione a pi\u00f9 estrazioni offre maggiori possibilit\u00e0 di vincere l&#8217;Eurojackpot.<\/p>\n<p><strong>Fase 4:<\/strong> Andare alla pagina di pagamento. Nella pagina di pagamento, vi verr\u00e0 chiesto di iscrivervi o registrarvi. Il motivo \u00e8 triplice:<\/p>\n<ol>\n<li>Per assicurarsi di avere sempre accesso alla schedina dell&#8217;Eurojackpot, perch\u00e9 \u00e8 l&#8217;unico modo per riscuotere un premio.<\/li>\n<li>Per potervi avvisare in caso di vincita dell&#8217;Eurojackpot o di uno qualsiasi dei premi degli altri livelli. Lo faremo attraverso la piattaforma e anche tramite la sua e-mail.<\/li>\n<li>Per facilitare la richiesta e il ritiro del premio.<\/li>\n<\/ol>\n<p>Tutto qui. Partecipare a Eurojackpot da qualsiasi luogo \u00e8 semplice come seguire questi tre passaggi. Ora puoi scommettere in modo sicuro e senza problemi, comodamente dal tuo computer o dal tuo dispositivo mobile.<\/p>\n<p>Perch\u00e9 non registrarsi con noi oggi stesso per acquistare i biglietti di Eurojackpot da fuori Europa? Giocare alla lotteria \u00e8 emozionante e non si sa mai quando si \u00e8 fortunati. Se volete avere la possibilit\u00e0 di diventare milionari, andate online e partecipate oggi stesso all&#8217;Eurojackpot.<\/p>\n","protected":false},"excerpt":{"rendered":"<p>Informazioni su EuroJackpot Eurojackpot ha una caratteristica interessante che \u00e8 bene conoscere: Ogni volta che il jackpot raggiunge i 90 milioni, c&#8217;\u00e8 un limite al montepremi che si pu\u00f2 vincere. Ci\u00f2 significa che tutti i fondi provenienti dalla vendita dei biglietti che superano i 90 milioni di euro saranno aggiunti al prezzo di seconda fascia. [&hellip;]<\/p>\n","protected":false},"author":1,"featured_media":0,"parent":35762,"menu_order":4,"comment_status":"closed","ping_status":"closed","template":"eurojackpot-info.php","meta":{"_et_pb_use_builder":"","_et_pb_old_content":"","_et_gb_content_width":"","exclude_from_search":false,"footnotes":""},"class_list":["post-36520","page","type-page","status-publish","hentry"],"yoast_head":"<!-- This site is optimized with the Yoast SEO plugin v23.3 - https:\/\/yoast.com\/wordpress\/plugins\/seo\/ -->\n<title>Acquista i biglietti dell&#039;Eurojackpot al di fuori dell&#039;Europa | Acquista i biglietti online<\/title>\n<meta name=\"description\" content=\"In alcuni paesi europei \u00e8 possibile acquistare i biglietti dell&#039;Eurojackpot in negozio. Ma qui \u00e8 possibile acquistare i biglietti anche da paesi extraeuropei.\" \/>\n<meta name=\"robots\" content=\"index, follow, max-snippet:-1, max-image-preview:large, max-video-preview:-1\" \/>\n<link rel=\"canonical\" href=\"https:\/\/jackpotlotteryonline.com\/buy-tickets\/eurojackpot\/\" \/>\n<meta property=\"og:locale\" content=\"it_IT\" \/>\n<meta property=\"og:type\" content=\"article\" \/>\n<meta property=\"og:title\" content=\"Acquista i biglietti dell&#039;Eurojackpot al di fuori dell&#039;Europa | Acquista i biglietti online\" \/>\n<meta property=\"og:description\" content=\"In alcuni paesi europei \u00e8 possibile acquistare i biglietti dell&#039;Eurojackpot in negozio. Ma qui \u00e8 possibile acquistare i biglietti anche da paesi extraeuropei.\" \/>\n<meta property=\"og:url\" content=\"https:\/\/jackpotlotteryonline.com\/buy-tickets\/eurojackpot\/\" \/>\n<meta property=\"og:site_name\" content=\"Lotto Online - Crack The International Lottery Jackpots\" \/>\n<meta property=\"article:modified_time\" content=\"2023-01-03T20:02:11+00:00\" \/>\n<meta property=\"og:image\" content=\"https:\/\/jackpotlotteryonline.com\/wp-content\/uploads\/2022\/11\/1_buy_eurojackpot_ticket-300x99.jpg\" \/>\n<meta name=\"twitter:card\" content=\"summary_large_image\" \/>\n<meta name=\"twitter:label1\" content=\"Tempo di lettura stimato\" \/>\n\t<meta name=\"twitter:data1\" content=\"6 minuti\" \/>\n<!-- \/ Yoast SEO plugin. -->","yoast_head_json":{"title":"Acquista i biglietti dell'Eurojackpot al di fuori dell'Europa | Acquista i biglietti online","description":"In alcuni paesi europei \u00e8 possibile acquistare i biglietti dell'Eurojackpot in negozio. Ma qui \u00e8 possibile acquistare i biglietti anche da paesi extraeuropei.","robots":{"index":"index","follow":"follow","max-snippet":"max-snippet:-1","max-image-preview":"max-image-preview:large","max-video-preview":"max-video-preview:-1"},"canonical":"https:\/\/jackpotlotteryonline.com\/buy-tickets\/eurojackpot\/","og_locale":"it_IT","og_type":"article","og_title":"Acquista i biglietti dell'Eurojackpot al di fuori dell'Europa | Acquista i biglietti online","og_description":"In alcuni paesi europei \u00e8 possibile acquistare i biglietti dell'Eurojackpot in negozio. Ma qui \u00e8 possibile acquistare i biglietti anche da paesi extraeuropei.","og_url":"https:\/\/jackpotlotteryonline.com\/buy-tickets\/eurojackpot\/","og_site_name":"Lotto Online - Crack The International Lottery Jackpots","article_modified_time":"2023-01-03T20:02:11+00:00","og_image":[{"url":"https:\/\/jackpotlotteryonline.com\/wp-content\/uploads\/2022\/11\/1_buy_eurojackpot_ticket-300x99.jpg"}],"twitter_card":"summary_large_image","twitter_misc":{"Tempo di lettura stimato":"6 minuti"},"schema":{"@context":"https:\/\/schema.org","@graph":[{"@type":"WebPage","@id":"https:\/\/jackpotlotteryonline.com\/buy-tickets\/eurojackpot\/","url":"https:\/\/jackpotlotteryonline.com\/buy-tickets\/eurojackpot\/","name":"Acquista i biglietti dell'Eurojackpot al di fuori dell'Europa | Acquista i biglietti online","isPartOf":{"@id":"https:\/\/jackpotlotteryonline.com\/#website"},"primaryImageOfPage":{"@id":"https:\/\/jackpotlotteryonline.com\/buy-tickets\/eurojackpot\/#primaryimage"},"image":{"@id":"https:\/\/jackpotlotteryonline.com\/buy-tickets\/eurojackpot\/#primaryimage"},"thumbnailUrl":"https:\/\/jackpotlotteryonline.com\/wp-content\/uploads\/2022\/11\/1_buy_eurojackpot_ticket-300x99.jpg","datePublished":"2022-11-07T10:10:19+00:00","dateModified":"2023-01-03T20:02:11+00:00","description":"In alcuni paesi europei \u00e8 possibile acquistare i biglietti dell'Eurojackpot in negozio. Ma qui \u00e8 possibile acquistare i biglietti anche da paesi extraeuropei.","breadcrumb":{"@id":"https:\/\/jackpotlotteryonline.com\/buy-tickets\/eurojackpot\/#breadcrumb"},"inLanguage":"it-IT","potentialAction":[{"@type":"ReadAction","target":["https:\/\/jackpotlotteryonline.com\/buy-tickets\/eurojackpot\/"]}]},{"@type":"ImageObject","inLanguage":"it-IT","@id":"https:\/\/jackpotlotteryonline.com\/buy-tickets\/eurojackpot\/#primaryimage","url":"https:\/\/jackpotlotteryonline.com\/wp-content\/uploads\/2022\/11\/1_buy_eurojackpot_ticket-300x99.jpg","contentUrl":"https:\/\/jackpotlotteryonline.com\/wp-content\/uploads\/2022\/11\/1_buy_eurojackpot_ticket-300x99.jpg"},{"@type":"BreadcrumbList","@id":"https:\/\/jackpotlotteryonline.com\/buy-tickets\/eurojackpot\/#breadcrumb","itemListElement":[{"@type":"ListItem","position":1,"name":"Home","item":"https:\/\/jackpotlotteryonline.com\/it\/"},{"@type":"ListItem","position":2,"name":"Come acquistare i biglietti della lotteria online","item":"https:\/\/jackpotlotteryonline.com\/buy-tickets\/"},{"@type":"ListItem","position":3,"name":"Acquistare i biglietti di Eurojackpot al di fuori dei paesi partecipanti"}]},{"@type":"WebSite","@id":"https:\/\/jackpotlotteryonline.com\/#website","url":"https:\/\/jackpotlotteryonline.com\/","name":"Lotto Online - Crack The International Lottery Jackpots","description":"","potentialAction":[{"@type":"SearchAction","target":{"@type":"EntryPoint","urlTemplate":"https:\/\/jackpotlotteryonline.com\/?s={search_term_string}"},"query-input":"required name=search_term_string"}],"inLanguage":"it-IT"}]}},"_links":{"self":[{"href":"https:\/\/jackpotlotteryonline.com\/it\/wp-json\/wp\/v2\/pages\/36520","targetHints":{"allow":["GET"]}}],"collection":[{"href":"https:\/\/jackpotlotteryonline.com\/it\/wp-json\/wp\/v2\/pages"}],"about":[{"href":"https:\/\/jackpotlotteryonline.com\/it\/wp-json\/wp\/v2\/types\/page"}],"author":[{"embeddable":true,"href":"https:\/\/jackpotlotteryonline.com\/it\/wp-json\/wp\/v2\/users\/1"}],"replies":[{"embeddable":true,"href":"https:\/\/jackpotlotteryonline.com\/it\/wp-json\/wp\/v2\/comments?post=36520"}],"version-history":[{"count":0,"href":"https:\/\/jackpotlotteryonline.com\/it\/wp-json\/wp\/v2\/pages\/36520\/revisions"}],"up":[{"embeddable":true,"href":"https:\/\/jackpotlotteryonline.com\/it\/wp-json\/wp\/v2\/pages\/35762"}],"wp:attachment":[{"href":"https:\/\/jackpotlotteryonline.com\/it\/wp-json\/wp\/v2\/media?parent=36520"}],"curies":[{"name":"wp","href":"https:\/\/api.w.org\/{rel}","templated":true}]}}