{"id":36573,"date":"2022-11-07T13:52:57","date_gmt":"2022-11-07T13:52:57","guid":{"rendered":"https:\/\/jackpotlotteryonline.com\/?page_id=36573"},"modified":"2023-01-03T20:26:45","modified_gmt":"2023-01-03T20:26:45","slug":"superenalotto","status":"publish","type":"page","link":"https:\/\/jackpotlotteryonline.com\/it\/comprare-biglietti\/superenalotto\/","title":{"rendered":"Acquista i biglietti per il Superenalotto"},"content":{"rendered":"<h2>Perch\u00e9 il Superenalotto?<\/h2>\n<p>Vi siete chiesti come sia possibile acquistare i biglietti del Superenalotto al di fuori dell&#8217;Italia? Il Superenalotto \u00e8 una delle lotterie pi\u00f9 popolari del continente europeo. Non sorprende che i giocatori di tutto il mondo scommettano regolarmente su questa lotteria.<\/p>\n<p>Su jackpotlotteryonline.com diamo ai giocatori l&#8217;accesso alle migliori lotterie internazionali come il Superenalotto. Vi consentiamo di acquistare biglietti, controllare i risultati delle estrazioni e accedere alle vostre vincite.<\/p>\n<p>Con la proliferazione delle lotterie mondiali, perch\u00e9 un giocatore dovrebbe scegliere di scommettere sul Superenalotto? Vi illustriamo alcuni dei motivi per cui il Superenalotto sta rapidamente diventando la lotteria preferita dai giocatori. Se avete fretta di piazzare la vostra scommessa, visitateci subito per avere la possibilit\u00e0 di vincere molto al Superenalotto.<\/p>\n<h2>Il Superenalotto ha jackpot incredibili<\/h2>\n<p>Il motivo principale per cui i giocatori amano il Superenalotto italiano \u00e8 probabilmente l&#8217;incredibile jackpot in palio. \u00c8 interessante notare che il jackpot parte da un importo minimo di 2 milioni di euro. Non sembra una cifra impressionante se si considera che molte lotterie offrono tale importo.<\/p>\n<p>Il punto di forza, per\u00f2, \u00e8 che il jackpot del Superenalotto non ha un tetto massimo. Se non c&#8217;\u00e8 un vincitore dopo un&#8217;estrazione, il montepremi si arrotola e continua ad arrotolarsi dopo ogni estrazione, finch\u00e9 non emerge un vincitore. Per rendere ancora pi\u00f9 chiaro questo concetto, la lotteria del Superenalotto prevede<a href=\"https:\/\/jackpotlotteryonline.com\/it\/numeri-vincenti\/superenalotto\"> tre estrazioni a settimana<\/a>. Non c&#8217;\u00e8 quasi alcun limite al numero di volte in cui il jackpot pu\u00f2 essere rovesciato.<\/p>\n<p>In effetti, qualche anno fa il jackpot si \u00e8 rovesciato cos\u00ec tante volte che il jackpot record \u00e8 stato di 209,1 milioni di euro nel 2019.<\/p>\n<h2>Abbiamo detto che ci sono tre estrazioni a settimana?<\/h2>\n<p>Quando giocate al Superenalotto, avete tre possibilit\u00e0 di vincere molto ogni settimana. Questo perch\u00e9 la lotteria del Superenalotto tiene le sue estrazioni tre volte a settimana, il marted\u00ec, il gioved\u00ec e il sabato.<\/p>\n<p>Ci\u00f2 significa che se non c&#8217;\u00e8 un vincitore, l&#8217;importo del jackpot cresce pi\u00f9 rapidamente. Il jackpot del Superenalotto potrebbe essere triplicato in una sola settimana. Questo \u00e8 sufficiente per far s\u00ec che i giocatori si affrettino a piazzare le loro scommesse.<\/p>\n<p>Non volete perdere la prossima estrazione? Perch\u00e9 non andate su jackpotlotteryonline.com e piazzate subito la vostra scommessa sul Superenalotto? Non si pu\u00f2 mai sapere quando la fortuna vi favorir\u00e0.<\/p>\n<h2>I 5 migliori vincitori del Superenalotto<\/h2>\n<p><img loading=\"lazy\" decoding=\"async\" class=\"alignright size-full wp-image-31316\" src=\"http:\/\/jackpotlotteryonline.com\/wp-content\/uploads\/2022\/11\/logo_superenalotto.png\" alt=\"Palla della lotteria del Superenalotto\" width=\"200\" height=\"212\" \/><\/p>\n<p>Non siete ancora sicuri di voler piazzare una scommessa sulla lotteria del Superenalotto? Non c&#8217;\u00e8 problema. Vi sentirete spronati quando leggerete le cifre da capogiro che i precedenti vincitori si sono portati a casa.<\/p>\n<p>Il jackpot pi\u00f9 grande \u00e8 stato vinto nel 2019 da un sindacato della lotteria e l&#8217;importo \u00e8 stato di 209,1 milioni di euro. Ne abbiamo gi\u00e0 parlato brevemente, ma c&#8217;\u00e8 qualcos&#8217;altro che non abbiamo menzionato. Quel jackpot \u00e8 stato vinto da un singolo possessore di biglietto. Riuscite a immaginare di tornare a casa con oltre duecento milioni di euro?<\/p>\n<p>Il secondo jackpot pi\u00f9 grande \u00e8 stato vinto da un sindacato della lotteria nel 2010, per un importo di 177,7 milioni di euro. Segue un jackpot di 163,5 milioni di euro vinto da un singolo biglietto nel 2016. Il successivo jackpot pi\u00f9 grande \u00e8 stato vinto da un altro possessore di un singolo biglietto nel 2009, per un importo di 147,8 milioni di euro. Infine, nel 2010 due biglietti hanno condiviso il premio del jackpot di 139 milioni di euro.<\/p>\n<h2>Come giocare al Superenalotto<\/h2>\n<p><a href=\"https:\/\/jackpotlotteryonline.com\/it\/come-giocare\/superenalotto\">Per giocare al Superenalotto<\/a>, scegliere sei numeri principali compresi tra 1 e 90. \u00c8 possibile scegliere pi\u00f9 linee di numeri per aumentare le possibilit\u00e0 di vincere la lotteria. Quindi, scegliete il numero di estrazioni a cui volete partecipare. Se volete, potete decidere di partecipare a ogni estrazione ogni settimana per le 5 settimane successive. Pi\u00f9 estrazioni si effettuano, pi\u00f9 alte sono le possibilit\u00e0 di vincere un premio.<\/p>\n<p>Inoltre, esiste la cosiddetta &#8220;SuperStar&#8221;, un&#8217;opzione che contribuisce ad aumentare le possibilit\u00e0 di vincita. \u00c8 inoltre possibile acquistare il &#8220;numero Jolly&#8221;, che si sceglie da 1 a 90. Il numero Jolly non influisce sul jackpot, ma viene utilizzato per decidere il vincitore della seconda categoria di premi.<\/p>\n<p>Una volta scelti i numeri, pagate il biglietto e aspettate le estrazioni. Quando vi registrate con noi, automatizziamo il processo per un&#8217;esperienza pi\u00f9 fluida. Eliminiamo lo stress dell&#8217;operazione, in modo che possiate godervi il divertimento senza problemi.<\/p>\n<section class=\"layout\" style=\"border: solid 1px; width: 100%;\">\n<div class=\"img-div\" style=\"margin-top: 5px;\"><img decoding=\"async\" class=\"wp-image-17212 alignleft\" style=\"height: 45px; margin: 8px 8px 0px;\" src=\"http:\/\/jackpotlotteryonline.com\/wp-content\/uploads\/2022\/11\/read1.jpg\" alt=\"leggere\" width=\"\" height=\"\" \/><\/div>\n<div style=\"padding-left: 5px;\">\n<div style=\"font-size: 1.1em;\">\n<p><strong>Scegliere i numeri vincenti del lotto manualmente o utilizzando un RNG<\/strong><\/p>\n<p style=\"font-size: 0.85em; margin-top: -1.5em;\">Come generare i numeri vincenti del lotto?\u00a0\u00a0<a href=\"https:\/\/jackpotlotteryonline.com\/it\/come-generare-i-numeri-vincenti-del-lotto\"> Per saperne di pi\u00f9<\/a><\/p>\n<\/div>\n<\/div>\n<\/section>\n<h2>Quali sono le probabilit\u00e0 di vincere al Superenalotto?<\/h2>\n<p>In generale, la lotteria non \u00e8 nota per avere grandi probabilit\u00e0 per i giocatori. La verit\u00e0 \u00e8 che le probabilit\u00e0 di vincita non sono molto alte. \u00c8 interessante notare che questo rende molto pi\u00f9 eccitante giocare alla lotteria. Perch\u00e9 vincere quando sembra che le probabilit\u00e0 non siano a proprio favore d\u00e0 ai giocatori un senso di eccitazione. \u00c8 anche un modo meraviglioso per sapere di avere la fortuna dalla propria parte.<\/p>\n<p>Le probabilit\u00e0 di vincere il jackpot del Superenalotto sono di 1 su 622.614.630. Ma ci sono 6 categorie di premi e una categoria di vincita istantanea di 25 euro. Se si considerano queste categorie, le probabilit\u00e0 di vincere qualsiasi premio sono di 1 su 16.<\/p>\n<p>Qualsiasi scommettitore converr\u00e0 che si tratta di probabilit\u00e0 incredibili che favoriscono il giocatore.<\/p>\n<h2>Categorie di premi del Superenalotto<\/h2>\n<p><img loading=\"lazy\" decoding=\"async\" class=\"size-medium wp-image-35376 alignright\" src=\"http:\/\/jackpotlotteryonline.com\/wp-content\/uploads\/2022\/11\/2_ticket_superenalotto4-1-211x300.jpg\" alt=\"Biglietto del Superenalotto\" width=\"211\" height=\"300\" srcset=\"https:\/\/jackpotlotteryonline.com\/wp-content\/uploads\/2022\/11\/2_ticket_superenalotto4-1-211x300.jpg 211w, https:\/\/jackpotlotteryonline.com\/wp-content\/uploads\/2022\/11\/2_ticket_superenalotto4-1.jpg 300w\" sizes=\"auto, (max-width: 211px) 100vw, 211px\" \/><\/p>\n<p>Durante le estrazioni, sei numeri vengono scelti a caso da un tamburo che contiene palline con i numeri da 1 a 90. Ogni biglietto che corrisponde ai numeri estratti vince il jackpot.<br \/>\nIl montepremi del Superenalotto parte da 2 milioni di euro, ma di solito \u00e8 di gran lunga superiore perch\u00e9 viene arrotolato. Le altre categorie di premi sono determinate in base alla percentuale dei fondi disponibili. Non \u00e8 quindi possibile sapere quanto verr\u00e0 distribuito a ogni estrazione.<\/p>\n<p>6 numeri &#8211; jackpot (17,4% dei fondi totali)<br \/>\n5 + Numero Jolly &#8211; 13%<br \/>\n5 numeri &#8211; 4,2%<br \/>\n4 numeri &#8211; 4,2%<br \/>\n3 numeri &#8211; 12,8%<br \/>\n2 numeri &#8211; 40%<\/p>\n<p><strong>Per avere una prospettiva migliore, ecco l&#8217;importo medio per estrazione.<\/strong><\/p>\n<p>6 numeri &#8211; 92.056.091,66 euro<br \/>\n5 + numero Jolly &#8211; 594.951,95 euro<br \/>\n5 numeri &#8211; 49.736,38 euro<br \/>\n4 numeri &#8211; 354,83 euro<br \/>\n3 numeri &#8211; 27,15 euro<br \/>\n2 numeri &#8211; 5,48 \u20ac<\/p>\n<h2>Giocare al Superenalotto su internet<\/h2>\n<p>Il Superenalotto \u00e8 una lotteria italiana e le schedine sono vendute solo in Italia. Pertanto, se si vive fuori dall&#8217;Italia, l&#8217;unico modo per accedere al Superenalotto \u00e8 quello di acquistare una schedina online. Potete farlo da un fornitore di lotterie su internet come jackpotlotteryonline.com.<\/p>\n<h2>Vantaggi dell&#8217;acquisto online delle schedine del Superenalotto<\/h2>\n<ul>\n<li>Si ottiene un accesso rapido e immediato alla lotteria<\/li>\n<li>\u00c8 molto conveniente, perch\u00e9 non \u00e8 necessario lasciare la comodit\u00e0 di casa propria.<\/li>\n<li>\u00c8 anche pi\u00f9 sicuro perch\u00e9 il biglietto \u00e8 memorizzato in formato digitale. Questo \u00e8 importante perch\u00e9 \u00e8 l&#8217;unico modo per reclamare la vincita.<\/li>\n<li>Non c&#8217;\u00e8 bisogno di perdere la vincita perch\u00e9 vi avvisiamo immediatamente se vincete un premio.<\/li>\n<li>\u00c8 possibile ritirare facilmente le vincite online senza recarsi da nessuna parte.<\/li>\n<\/ul>\n<h2>Iscriviti con noi per giocare al Superenalotto<\/h2>\n<p>Se vivete fuori dall&#8217;Italia e volete acquistare l&#8217;accesso alla lotteria del Superenalotto, potete farlo iscrivendovi con noi. Forniamo un servizio di portineria che vi d\u00e0 accesso immediato alle migliori lotterie internazionali, tra cui il Superenalotto.<\/p>\n<p>Il nostro obiettivo \u00e8 rendere l&#8217;esperienza della lotteria un&#8217;esperienza piacevole per i nostri clienti. Eliminiamo lo stress delle cose semplici, lasciandovi il piacere di scommettere. Acquistate ora i biglietti della lotteria con noi per avere la possibilit\u00e0 di vincere molto al Superenalotto.<\/p>\n","protected":false},"excerpt":{"rendered":"<p>Perch\u00e9 il Superenalotto? Vi siete chiesti come sia possibile acquistare i biglietti del Superenalotto al di fuori dell&#8217;Italia? Il Superenalotto \u00e8 una delle lotterie pi\u00f9 popolari del continente europeo. Non sorprende che i giocatori di tutto il mondo scommettano regolarmente su questa lotteria. Su jackpotlotteryonline.com diamo ai giocatori l&#8217;accesso alle migliori lotterie internazionali come il [&hellip;]<\/p>\n","protected":false},"author":1,"featured_media":0,"parent":35762,"menu_order":5,"comment_status":"closed","ping_status":"closed","template":"superenalotto.php","meta":{"_et_pb_use_builder":"","_et_pb_old_content":"","_et_gb_content_width":"","exclude_from_search":false,"footnotes":""},"class_list":["post-36573","page","type-page","status-publish","hentry"],"yoast_head":"<!-- This site is optimized with the Yoast SEO plugin v23.3 - https:\/\/yoast.com\/wordpress\/plugins\/seo\/ -->\n<title>Acquista i biglietti del Superenalotto da fuori Italia | Acquista i biglietti online<\/title>\n<meta name=\"description\" content=\"Non vivi in Italia ma vuoi partecipare al Superenalotto? Acquista il tuo biglietto online per il Superenalotto tramite noi\" \/>\n<meta name=\"robots\" content=\"index, follow, max-snippet:-1, max-image-preview:large, max-video-preview:-1\" \/>\n<link rel=\"canonical\" href=\"https:\/\/jackpotlotteryonline.com\/buy-tickets\/superenalotto\/\" \/>\n<meta property=\"og:locale\" content=\"it_IT\" \/>\n<meta property=\"og:type\" content=\"article\" \/>\n<meta property=\"og:title\" content=\"Acquista i biglietti del Superenalotto da fuori Italia | Acquista i biglietti online\" \/>\n<meta property=\"og:description\" content=\"Non vivi in Italia ma vuoi partecipare al Superenalotto? Acquista il tuo biglietto online per il Superenalotto tramite noi\" \/>\n<meta property=\"og:url\" content=\"https:\/\/jackpotlotteryonline.com\/buy-tickets\/superenalotto\/\" \/>\n<meta property=\"og:site_name\" content=\"Lotto Online - Crack The International Lottery Jackpots\" \/>\n<meta property=\"article:modified_time\" content=\"2023-01-03T20:26:45+00:00\" \/>\n<meta property=\"og:image\" content=\"http:\/\/jackpotlotteryonline.com\/wp-content\/uploads\/2022\/11\/logo_superenalotto.png\" \/>\n<meta name=\"twitter:card\" content=\"summary_large_image\" \/>\n<meta name=\"twitter:label1\" content=\"Tempo di lettura stimato\" \/>\n\t<meta name=\"twitter:data1\" content=\"6 minuti\" \/>\n<!-- \/ Yoast SEO plugin. -->","yoast_head_json":{"title":"Acquista i biglietti del Superenalotto da fuori Italia | Acquista i biglietti online","description":"Non vivi in Italia ma vuoi partecipare al Superenalotto? Acquista il tuo biglietto online per il Superenalotto tramite noi","robots":{"index":"index","follow":"follow","max-snippet":"max-snippet:-1","max-image-preview":"max-image-preview:large","max-video-preview":"max-video-preview:-1"},"canonical":"https:\/\/jackpotlotteryonline.com\/buy-tickets\/superenalotto\/","og_locale":"it_IT","og_type":"article","og_title":"Acquista i biglietti del Superenalotto da fuori Italia | Acquista i biglietti online","og_description":"Non vivi in Italia ma vuoi partecipare al Superenalotto? Acquista il tuo biglietto online per il Superenalotto tramite noi","og_url":"https:\/\/jackpotlotteryonline.com\/buy-tickets\/superenalotto\/","og_site_name":"Lotto Online - Crack The International Lottery Jackpots","article_modified_time":"2023-01-03T20:26:45+00:00","og_image":[{"url":"http:\/\/jackpotlotteryonline.com\/wp-content\/uploads\/2022\/11\/logo_superenalotto.png"}],"twitter_card":"summary_large_image","twitter_misc":{"Tempo di lettura stimato":"6 minuti"},"schema":{"@context":"https:\/\/schema.org","@graph":[{"@type":"WebPage","@id":"https:\/\/jackpotlotteryonline.com\/buy-tickets\/superenalotto\/","url":"https:\/\/jackpotlotteryonline.com\/buy-tickets\/superenalotto\/","name":"Acquista i biglietti del Superenalotto da fuori Italia | Acquista i biglietti online","isPartOf":{"@id":"https:\/\/jackpotlotteryonline.com\/#website"},"primaryImageOfPage":{"@id":"https:\/\/jackpotlotteryonline.com\/buy-tickets\/superenalotto\/#primaryimage"},"image":{"@id":"https:\/\/jackpotlotteryonline.com\/buy-tickets\/superenalotto\/#primaryimage"},"thumbnailUrl":"http:\/\/jackpotlotteryonline.com\/wp-content\/uploads\/2022\/11\/logo_superenalotto.png","datePublished":"2022-11-07T13:52:57+00:00","dateModified":"2023-01-03T20:26:45+00:00","description":"Non vivi in Italia ma vuoi partecipare al Superenalotto? Acquista il tuo biglietto online per il Superenalotto tramite noi","breadcrumb":{"@id":"https:\/\/jackpotlotteryonline.com\/buy-tickets\/superenalotto\/#breadcrumb"},"inLanguage":"it-IT","potentialAction":[{"@type":"ReadAction","target":["https:\/\/jackpotlotteryonline.com\/buy-tickets\/superenalotto\/"]}]},{"@type":"ImageObject","inLanguage":"it-IT","@id":"https:\/\/jackpotlotteryonline.com\/buy-tickets\/superenalotto\/#primaryimage","url":"http:\/\/jackpotlotteryonline.com\/wp-content\/uploads\/2022\/11\/logo_superenalotto.png","contentUrl":"http:\/\/jackpotlotteryonline.com\/wp-content\/uploads\/2022\/11\/logo_superenalotto.png"},{"@type":"BreadcrumbList","@id":"https:\/\/jackpotlotteryonline.com\/buy-tickets\/superenalotto\/#breadcrumb","itemListElement":[{"@type":"ListItem","position":1,"name":"Home","item":"https:\/\/jackpotlotteryonline.com\/it\/"},{"@type":"ListItem","position":2,"name":"Come acquistare i biglietti della lotteria online","item":"https:\/\/jackpotlotteryonline.com\/buy-tickets\/"},{"@type":"ListItem","position":3,"name":"Acquista i biglietti per il Superenalotto"}]},{"@type":"WebSite","@id":"https:\/\/jackpotlotteryonline.com\/#website","url":"https:\/\/jackpotlotteryonline.com\/","name":"Lotto Online - Crack The International Lottery Jackpots","description":"","potentialAction":[{"@type":"SearchAction","target":{"@type":"EntryPoint","urlTemplate":"https:\/\/jackpotlotteryonline.com\/?s={search_term_string}"},"query-input":"required name=search_term_string"}],"inLanguage":"it-IT"}]}},"_links":{"self":[{"href":"https:\/\/jackpotlotteryonline.com\/it\/wp-json\/wp\/v2\/pages\/36573","targetHints":{"allow":["GET"]}}],"collection":[{"href":"https:\/\/jackpotlotteryonline.com\/it\/wp-json\/wp\/v2\/pages"}],"about":[{"href":"https:\/\/jackpotlotteryonline.com\/it\/wp-json\/wp\/v2\/types\/page"}],"author":[{"embeddable":true,"href":"https:\/\/jackpotlotteryonline.com\/it\/wp-json\/wp\/v2\/users\/1"}],"replies":[{"embeddable":true,"href":"https:\/\/jackpotlotteryonline.com\/it\/wp-json\/wp\/v2\/comments?post=36573"}],"version-history":[{"count":0,"href":"https:\/\/jackpotlotteryonline.com\/it\/wp-json\/wp\/v2\/pages\/36573\/revisions"}],"up":[{"embeddable":true,"href":"https:\/\/jackpotlotteryonline.com\/it\/wp-json\/wp\/v2\/pages\/35762"}],"wp:attachment":[{"href":"https:\/\/jackpotlotteryonline.com\/it\/wp-json\/wp\/v2\/media?parent=36573"}],"curies":[{"name":"wp","href":"https:\/\/api.w.org\/{rel}","templated":true}]}}