{"id":36627,"date":"2022-11-08T08:07:24","date_gmt":"2022-11-08T08:07:24","guid":{"rendered":"https:\/\/jackpotlotteryonline.com\/?page_id=36627"},"modified":"2023-01-03T20:43:38","modified_gmt":"2023-01-03T20:43:38","slug":"el-gordo","status":"publish","type":"page","link":"https:\/\/jackpotlotteryonline.com\/it\/comprare-biglietti\/el-gordo\/","title":{"rendered":"Acquista i biglietti per El Gordo"},"content":{"rendered":"<h2>L&#8217;incredibile lotteria spagnola<\/h2>\n<p>El Gordo \u00e8 dietro l&#8217;angolo e non tutti hanno la fortuna di vivere o viaggiare in Spagna. Tuttavia, i giocatori di tutto il mondo sono entusiasti al pensiero di partecipare al divertimento e ai festeggiamenti che accompagnano questa lotteria. Anche i giocatori che vivono fuori dal Paese possono partecipare a questa lotteria e noi vi mostreremo come fare.<\/p>\n<p>Se siete nuovi al <a href=\"https:\/\/jackpotlotteryonline.com\/it\/come-giocare\/el-gordo\">gioco della lotteria<\/a>, vi interesser\u00e0 sapere che si tratta di una lotteria spagnola. Si chiama El Gordo, che significa &#8220;il Grasso&#8221;, a causa del grande jackpot. Si dice che sia il pi\u00f9 grande jackpot del mondo.<\/p>\n<p>Quindi, come si pu\u00f2 ottenere una parte dell&#8217;azione anche se non si vive in Spagna? Continuate a leggere e vi spiegheremo tutto.<\/p>\n<h2>Come acquistare i biglietti per El Gordo fuori dalla Spagna<\/h2>\n<p><img loading=\"lazy\" decoding=\"async\" class=\"size-full wp-image-17870 alignright\" src=\"https:\/\/jackpotlotteryonline.com\/wp-content\/uploads\/2022\/10\/lotto_euros.jpg\" alt=\"Comprare i biglietti per El Gordo online\" width=\"225\" height=\"134\" \/><\/p>\n<p>Il modo pi\u00f9 semplice per acquistare i biglietti della lotteria El Gordo \u00e8 via internet da un fornitore di lotterie online come jackpotlotteryonline.com. Forniamo un servizio continuo che rende il gioco delle migliori lotterie internazionali un&#8217;esperienza senza sforzo. Quando ci si registra con noi, si ottiene una piattaforma su misura per le proprie esigenze.<\/p>\n<p>Vogliamo garantire ai nostri clienti il piacere di giocare alla lotteria. Partecipando a El Gordo, si entra a far parte della storia e della tradizione. Questa lotteria spagnola \u00e8 nota anche come lotteria di Natale e la stagione non \u00e8 la stessa senza di essa.<\/p>\n<p>Partecipare alla lotteria spagnola di Natale potrebbe essere un po&#8217; confuso se \u00e8 la prima volta. A differenza di altre lotterie, non \u00e8 possibile scegliere i propri numeri. Ogni biglietto ha i numeri gi\u00e0 stampati sopra. Per aumentare la confusione, nella lotteria El Gordo ci sono 100.000 numeri. Su jackpotlotteryonline.com vi guidiamo in ogni fase.<\/p>\n<h2>Perch\u00e9 partecipare a El Gordo<\/h2>\n<p>Ci sono diversi motivi per cui i giocatori di tutto il mondo amano El Gordo. Abbiamo accennato al fatto che \u00e8 ricca di storia e tradizione. La lotteria ha tenuto la sua prima estrazione nel 1812; ci\u00f2 significa che ha pi\u00f9 di 200 anni. El Gordo \u00e8 la seconda lotteria in corso pi\u00f9 antica del mondo ed \u00e8 diventata parte della cultura spagnola.<\/p>\n<p><a href=\"https:\/\/jackpotlotteryonline.com\/it\/numeri-vincenti\/el-gordo-draw-results\">L&#8217;estrazione<\/a> si tiene il 22 dicembre di ogni anno ed \u00e8 un ottimo modo per dare un tocco di colore alla stagione delle feste. L&#8217;estrazione stessa \u00e8 un altro grande evento: i risultati dell&#8217;estrazione vengono cantati dagli alunni della scuola di San Ildefonso. Abbiamo gi\u00e0 detto che El Gordo \u00e8 ricco di tradizioni? \u00c8 certamente qualcosa che vecchi e nuovi scommettitori attendono con ansia ogni anno.<\/p>\n<p>Inoltre, El Gordo \u00e8 una lotteria che promuove e celebra la comunit\u00e0. I biglietti sono divisi in diverse suddivisioni ed \u00e8 abbastanza comune trovare quartieri che si iscrivono a una suddivisione. Allora perch\u00e9 non fare qualcosa di speciale per la vostra famiglia e i vostri amici partecipando insieme a El Gordo? \u00c8 un modo meraviglioso di festeggiare il Natale.<\/p>\n<section class=\"layout\" style=\"border: solid 1px; width: 100%;\">\n<div class=\"img-div\" style=\"margin-top: 5px;\"><img decoding=\"async\" class=\"wp-image-17212 alignleft\" style=\"height: 45px; margin: 8px 8px 0px;\" src=\"https:\/\/jackpotlotteryonline.com\/wp-content\/uploads\/2022\/11\/read1.jpg\" alt=\"leggere\" width=\"\" height=\"\" \/><\/div>\n<div style=\"padding-left: 5px;\">\n<div style=\"font-size: 1.1em;\">\n<p><strong>Non perdete gli orari di estrazione dei pi\u00f9 grandi jackpot della lotteria mondiale<\/strong><\/p>\n<p style=\"font-size: 0.85em; margin-top: -1.5em;\">Un elenco degli orari di estrazione delle lotterie internazionali<a href=\"https:\/\/jackpotlotteryonline.com\/it\/quando-sono-gli-orari-di-estrazione-delle-lotterie-internazionali-2\">Per saperne di pi\u00f9<\/a><\/p>\n<\/div>\n<\/div>\n<\/section>\n<h2>Come si gioca a El Gordo<\/h2>\n<p><img loading=\"lazy\" decoding=\"async\" class=\"alignright size-full wp-image-32459\" src=\"https:\/\/jackpotlotteryonline.com\/wp-content\/uploads\/2022\/11\/2_ticket_el_gordo-1.jpg\" alt=\"Biglietto della lotteria El Gordo\" width=\"213\" height=\"300\" \/><\/p>\n<p>Quando si partecipa alla lotteria di Natale spagnola, il biglietto pu\u00f2 avere numeri che vanno da 00000 a 99999. Ogni biglietto \u00e8 diviso in dieci parti, ulteriormente suddivise. Quindi, indipendentemente dal vostro budget, potete permettervi di acquistare un biglietto.<\/p>\n<p>Altrettanto interessante \u00e8 che i giocatori di El Gordo hanno un&#8217;altissima probabilit\u00e0 di vincere. Il montepremi totale \u00e8 di miliardi di euro e le probabilit\u00e0 sono incredibili. I giocatori possono quindi tornare a casa con migliaia di euro anche se non vincono il primo premio.<\/p>\n<p>Una volta acquistato il biglietto, non resta che attendere le estrazioni del 22 dicembre. Sul nostro sito, chiediamo ai nostri clienti di registrarsi in modo da poterli informare non appena hanno vinto un premio. Inoltre, incassare le vincite \u00e8 facile, perch\u00e9 si pu\u00f2 fare dalla nostra piattaforma.<\/p>\n<h2>Passi per giocare a El Gordo online<\/h2>\n<ol>\n<li>Ora che siete eccitati quanto noi per la lotteria natalizia spagnola, vi illustriamo i passaggi da seguire.<\/li>\n<li>Acquistate il biglietto di El Gordo sul nostro sito<\/li>\n<li>Registratevi in modo da potervi contattare in caso di vincita<\/li>\n<li>Attendere l&#8217;estrazione<\/li>\n<\/ol>\n<h2>Prelevare le vincite in caso di vincita<\/h2>\n<p>Registrarsi con noi \u00e8 semplicissimo. Eliminiamo le complicazioni per lasciare a voi il divertimento del gioco. Se siete alla ricerca di un gioco di lotteria con buone probabilit\u00e0 di vincita, non cercate oltre.<\/p>\n<p>Va detto che, anche se El Gordo ha ottime probabilit\u00e0, si tratta di un gioco d&#8217;azzardo. Non c&#8217;\u00e8 modo di garantire che vincerete e non c&#8217;\u00e8 nulla che vi impedisca di farlo. Tuttavia, l&#8217;unico modo per avere la possibilit\u00e0 di vincere un premio \u00e8 quello di partecipare alla lotteria. Perci\u00f2 si registri subito con noi per acquistare i biglietti della lotteria spagnola di Natale.<\/p>\n","protected":false},"excerpt":{"rendered":"<p>L&#8217;incredibile lotteria spagnola El Gordo \u00e8 dietro l&#8217;angolo e non tutti hanno la fortuna di vivere o viaggiare in Spagna. Tuttavia, i giocatori di tutto il mondo sono entusiasti al pensiero di partecipare al divertimento e ai festeggiamenti che accompagnano questa lotteria. Anche i giocatori che vivono fuori dal Paese possono partecipare a questa lotteria [&hellip;]<\/p>\n","protected":false},"author":1,"featured_media":0,"parent":35762,"menu_order":6,"comment_status":"closed","ping_status":"closed","template":"el-gordo-info.php","meta":{"_et_pb_use_builder":"","_et_pb_old_content":"","_et_gb_content_width":"","exclude_from_search":false,"footnotes":""},"class_list":["post-36627","page","type-page","status-publish","hentry"],"yoast_head":"<!-- This site is optimized with the Yoast SEO plugin v23.3 - https:\/\/yoast.com\/wordpress\/plugins\/seo\/ -->\n<title>Acquistare i biglietti per El Gordo fuori dalla Spagna | Biglietti per El Gordo online<\/title>\n<meta name=\"description\" content=\"Potete acquistare i biglietti per El Gordo online, se vivete al di fuori della Spagna - proprio qui attraverso questo servizio di biglietteria online\" \/>\n<meta name=\"robots\" content=\"index, follow, max-snippet:-1, max-image-preview:large, max-video-preview:-1\" \/>\n<link rel=\"canonical\" href=\"https:\/\/jackpotlotteryonline.com\/buy-tickets\/el-gordo\/\" \/>\n<meta property=\"og:locale\" content=\"it_IT\" \/>\n<meta property=\"og:type\" content=\"article\" \/>\n<meta property=\"og:title\" content=\"Acquistare i biglietti per El Gordo fuori dalla Spagna | Biglietti per El Gordo online\" \/>\n<meta property=\"og:description\" content=\"Potete acquistare i biglietti per El Gordo online, se vivete al di fuori della Spagna - proprio qui attraverso questo servizio di biglietteria online\" \/>\n<meta property=\"og:url\" content=\"https:\/\/jackpotlotteryonline.com\/buy-tickets\/el-gordo\/\" \/>\n<meta property=\"og:site_name\" content=\"Lotto Online - Crack The International Lottery Jackpots\" \/>\n<meta property=\"article:modified_time\" content=\"2023-01-03T20:43:38+00:00\" \/>\n<meta property=\"og:image\" content=\"https:\/\/jackpotlotteryonline.com\/wp-content\/uploads\/2022\/10\/lotto_euros.jpg\" \/>\n<meta name=\"twitter:card\" content=\"summary_large_image\" \/>\n<meta name=\"twitter:label1\" content=\"Tempo di lettura stimato\" \/>\n\t<meta name=\"twitter:data1\" content=\"5 minuti\" \/>\n<!-- \/ Yoast SEO plugin. -->","yoast_head_json":{"title":"Acquistare i biglietti per El Gordo fuori dalla Spagna | Biglietti per El Gordo online","description":"Potete acquistare i biglietti per El Gordo online, se vivete al di fuori della Spagna - proprio qui attraverso questo servizio di biglietteria online","robots":{"index":"index","follow":"follow","max-snippet":"max-snippet:-1","max-image-preview":"max-image-preview:large","max-video-preview":"max-video-preview:-1"},"canonical":"https:\/\/jackpotlotteryonline.com\/buy-tickets\/el-gordo\/","og_locale":"it_IT","og_type":"article","og_title":"Acquistare i biglietti per El Gordo fuori dalla Spagna | Biglietti per El Gordo online","og_description":"Potete acquistare i biglietti per El Gordo online, se vivete al di fuori della Spagna - proprio qui attraverso questo servizio di biglietteria online","og_url":"https:\/\/jackpotlotteryonline.com\/buy-tickets\/el-gordo\/","og_site_name":"Lotto Online - Crack The International Lottery Jackpots","article_modified_time":"2023-01-03T20:43:38+00:00","og_image":[{"url":"https:\/\/jackpotlotteryonline.com\/wp-content\/uploads\/2022\/10\/lotto_euros.jpg"}],"twitter_card":"summary_large_image","twitter_misc":{"Tempo di lettura stimato":"5 minuti"},"schema":{"@context":"https:\/\/schema.org","@graph":[{"@type":"WebPage","@id":"https:\/\/jackpotlotteryonline.com\/buy-tickets\/el-gordo\/","url":"https:\/\/jackpotlotteryonline.com\/buy-tickets\/el-gordo\/","name":"Acquistare i biglietti per El Gordo fuori dalla Spagna | Biglietti per El Gordo online","isPartOf":{"@id":"https:\/\/jackpotlotteryonline.com\/#website"},"primaryImageOfPage":{"@id":"https:\/\/jackpotlotteryonline.com\/buy-tickets\/el-gordo\/#primaryimage"},"image":{"@id":"https:\/\/jackpotlotteryonline.com\/buy-tickets\/el-gordo\/#primaryimage"},"thumbnailUrl":"https:\/\/jackpotlotteryonline.com\/wp-content\/uploads\/2022\/10\/lotto_euros.jpg","datePublished":"2022-11-08T08:07:24+00:00","dateModified":"2023-01-03T20:43:38+00:00","description":"Potete acquistare i biglietti per El Gordo online, se vivete al di fuori della Spagna - proprio qui attraverso questo servizio di biglietteria online","breadcrumb":{"@id":"https:\/\/jackpotlotteryonline.com\/buy-tickets\/el-gordo\/#breadcrumb"},"inLanguage":"it-IT","potentialAction":[{"@type":"ReadAction","target":["https:\/\/jackpotlotteryonline.com\/buy-tickets\/el-gordo\/"]}]},{"@type":"ImageObject","inLanguage":"it-IT","@id":"https:\/\/jackpotlotteryonline.com\/buy-tickets\/el-gordo\/#primaryimage","url":"https:\/\/jackpotlotteryonline.com\/wp-content\/uploads\/2022\/10\/lotto_euros.jpg","contentUrl":"https:\/\/jackpotlotteryonline.com\/wp-content\/uploads\/2022\/10\/lotto_euros.jpg"},{"@type":"BreadcrumbList","@id":"https:\/\/jackpotlotteryonline.com\/buy-tickets\/el-gordo\/#breadcrumb","itemListElement":[{"@type":"ListItem","position":1,"name":"Home","item":"https:\/\/jackpotlotteryonline.com\/it\/"},{"@type":"ListItem","position":2,"name":"Come acquistare i biglietti della lotteria online","item":"https:\/\/jackpotlotteryonline.com\/buy-tickets\/"},{"@type":"ListItem","position":3,"name":"Acquista i biglietti per El Gordo"}]},{"@type":"WebSite","@id":"https:\/\/jackpotlotteryonline.com\/#website","url":"https:\/\/jackpotlotteryonline.com\/","name":"Lotto Online - Crack The International Lottery Jackpots","description":"","potentialAction":[{"@type":"SearchAction","target":{"@type":"EntryPoint","urlTemplate":"https:\/\/jackpotlotteryonline.com\/?s={search_term_string}"},"query-input":"required name=search_term_string"}],"inLanguage":"it-IT"}]}},"_links":{"self":[{"href":"https:\/\/jackpotlotteryonline.com\/it\/wp-json\/wp\/v2\/pages\/36627","targetHints":{"allow":["GET"]}}],"collection":[{"href":"https:\/\/jackpotlotteryonline.com\/it\/wp-json\/wp\/v2\/pages"}],"about":[{"href":"https:\/\/jackpotlotteryonline.com\/it\/wp-json\/wp\/v2\/types\/page"}],"author":[{"embeddable":true,"href":"https:\/\/jackpotlotteryonline.com\/it\/wp-json\/wp\/v2\/users\/1"}],"replies":[{"embeddable":true,"href":"https:\/\/jackpotlotteryonline.com\/it\/wp-json\/wp\/v2\/comments?post=36627"}],"version-history":[{"count":0,"href":"https:\/\/jackpotlotteryonline.com\/it\/wp-json\/wp\/v2\/pages\/36627\/revisions"}],"up":[{"embeddable":true,"href":"https:\/\/jackpotlotteryonline.com\/it\/wp-json\/wp\/v2\/pages\/35762"}],"wp:attachment":[{"href":"https:\/\/jackpotlotteryonline.com\/it\/wp-json\/wp\/v2\/media?parent=36627"}],"curies":[{"name":"wp","href":"https:\/\/api.w.org\/{rel}","templated":true}]}}