{"id":36679,"date":"2022-11-08T09:54:21","date_gmt":"2022-11-08T09:54:21","guid":{"rendered":"https:\/\/jackpotlotteryonline.com\/?page_id=36679"},"modified":"2023-01-03T21:01:10","modified_gmt":"2023-01-03T21:01:10","slug":"lotto-germany","status":"publish","type":"page","link":"https:\/\/jackpotlotteryonline.com\/it\/comprare-biglietti\/lotto-germany\/","title":{"rendered":"Acquista i biglietti per il Lotto Germania"},"content":{"rendered":"<p>Per i giocatori che vivono fuori dalla Germania potrebbe essere un po&#8217; difficile acquistare i biglietti del lotto tedesco, ma non \u00e8 detto che sia cos\u00ec. Il Lotto tedesco, noto anche come 6 aus 49, \u00e8 una delle lotterie pi\u00f9 longeve d&#8217;Europa. Fondata nel 1955, \u00e8 diventata rapidamente la principale lotteria del Paese.<\/p>\n<p>Le iscrizioni a questa lotteria sono disponibili presso i rivenditori accreditati in Germania. Ma se vivete in un&#8217;altra parte del mondo, dovrete affidarvi a un sito di lotterie online affidabile come jackpotlotteryoneline.com.<\/p>\n<p><a href=\"https:\/\/jackpotlotteryonline.com\/it\/come-giocare\/german-lotto\">Giocare alla lotteria online<\/a> \u00e8 semplice e, utilizzando il nostro sito, diventa un&#8217;esperienza piacevole e senza interruzioni.<\/p>\n<h2>Come giocare al Lotto tedesco sul nostro sito<\/h2>\n<p><img loading=\"lazy\" decoding=\"async\" class=\"alignright size-medium wp-image-33350\" src=\"https:\/\/jackpotlotteryonline.com\/wp-content\/uploads\/2022\/11\/2_ticket_euromillions3-1-111x300.jpg\" alt=\"biglietto del lotto tedesco\" width=\"111\" height=\"300\" srcset=\"https:\/\/jackpotlotteryonline.com\/wp-content\/uploads\/2022\/11\/2_ticket_euromillions3-1-111x300.jpg 111w, https:\/\/jackpotlotteryonline.com\/wp-content\/uploads\/2022\/11\/2_ticket_euromillions3-1.jpg 180w\" sizes=\"auto, (max-width: 111px) 100vw, 111px\" \/><\/p>\n<p>La traduzione letterale di 6 aus 49 \u00e8 sei su 49. Per giocare al lotto tedesco, \u00e8 necessario scegliere sei numeri compresi tra 1 e 49 e un numero bonus da 0 a 9. Questo vale sia per il gioco offline che per quello via internet.<\/p>\n<p>Quando acquistate una schedina del lotto tedesco sul nostro sito, potete scegliere 6 numeri su 49. Potete scegliere pi\u00f9 di una linea di numeri, poich\u00e9 ognuno di essi conta per una schedina e vi d\u00e0 maggiori probabilit\u00e0. Poi si pu\u00f2 scegliere se partecipare a una singola estrazione o a pi\u00f9 estrazioni.<\/p>\n<p><a href=\"https:\/\/jackpotlotteryonline.com\/it\/numeri-vincenti\/german-lotto\">La lotteria tedesca prevede due estrazioni<\/a> settimanali, il mercoled\u00ec e il sabato; si pu\u00f2 decidere di partecipare a un&#8217;estrazione singola o multipla. Una volta effettuata la scelta, il passo successivo consiste nel pagare l&#8217;acquisto. A questo punto vi chiederemo di registrarvi presso di noi. Questa operazione \u00e8 necessaria per diversi motivi:<\/p>\n<ul>\n<li>Registrandovi, potrete tenere al sicuro la vostra scheda di partecipazione, che vi servir\u00e0 per reclamare eventuali vincite.<\/li>\n<li>Potete controllare facilmente i risultati dell&#8217;estrazione, anche se, in caso di vincita di un premio, ve lo comunicheremo attraverso la vostra dashboard e via e-mail.<\/li>\n<li>Potrete anche riscuotere le vincite direttamente sulla nostra piattaforma.<\/li>\n<\/ul>\n<h2>Come vincere alla lotteria<\/h2>\n<p>Durante le estrazioni vengono sorteggiati sei numeri da 1 a 49. Il numero bonus, noto come Superzahl, viene estratto da un&#8217;altra macchina. Se i vostri numeri corrispondono a quelli estratti, vincete il jackpot.<\/p>\n<p>\u00c8 importante sottolineare che il jackpot non \u00e8 l&#8217;unico premio che i giocatori possono vincere giocando alla lotteria tedesca. Questa lotteria europea ha 10 diverse categorie di premi e c&#8217;\u00e8 un premio solo per l&#8217;abbinamento di due numeri e del numero bonus.<\/p>\n<p>Come abbiamo gi\u00e0 detto, le probabilit\u00e0 di vincere questa lotteria sono piuttosto buone. Le probabilit\u00e0 di vincere il jackpot sono di 1 su 139.838.160 e le probabilit\u00e0 complessive di vincere un premio sono di 1 su 31. Se non avete mai giocato al 6 aus 49 tedesco, questo \u00e8 un buon momento per pensare di fare una scommessa. Potete farlo acquistando una partecipazione alla lotteria su jackpotlotteryoneline.com.<\/p>\n<h2>Come faccio a sapere se ho un biglietto vero?<\/h2>\n<p><img loading=\"lazy\" decoding=\"async\" class=\"size-medium wp-image-27698 alignright\" src=\"https:\/\/jackpotlotteryonline.com\/wp-content\/uploads\/2022\/11\/1_lottery_results-300x150.jpg\" alt=\"palline del lotto tedesco\" width=\"300\" height=\"150\" srcset=\"https:\/\/jackpotlotteryonline.com\/wp-content\/uploads\/2022\/11\/1_lottery_results-300x150.jpg 300w, https:\/\/jackpotlotteryonline.com\/wp-content\/uploads\/2022\/11\/1_lottery_results.jpg 350w\" sizes=\"auto, (max-width: 300px) 100vw, 300px\" \/><\/p>\n<p>Questa \u00e8 una domanda molto importante, soprattutto quando si acquistano i biglietti della lotteria tedesca online. \u00c8 possibile acquistare quello che si ritiene essere un biglietto della lotteria, eppure non essere iscritti alla lotteria.<\/p>\n<p>Il lotto ha numeri di serie stampati su ogni biglietto e sono importanti per determinare se un biglietto \u00e8 autentico. Su jackpotlotteryonline.com, gestiamo un servizio di portineria per i nostri clienti. Ci\u00f2 significa che quando acquistate i biglietti della lotteria online da noi, i vostri biglietti avranno i numeri di serie della lotteria tedesca.<\/p>\n<p>In altre parole, con il nostro servizio avrete accesso alla lotteria. Se i numeri estratti coincidono, vincerete il jackpot.<\/p>\n<h2>Come posso reclamare la mia vincita?<\/h2>\n<p>Il vantaggio di giocare alla lotteria con noi \u00e8 che non dovete preoccuparvi di reclamare le vostre vincite. Innanzitutto, la schedina \u00e8 al sicuro nel vostro conto e non c&#8217;\u00e8 il timore di perderla. Dal momento che la schedina vi servir\u00e0 per reclamare le vostre vincite, questa \u00e8 una buona cosa. Nel 2021, un premio del jackpot di 11,3 milioni di euro \u00e8 tornato nel pool perch\u00e9 \u00e8 rimasto non reclamato per 3 anni. Non vogliamo che questo accada a voi.<\/p>\n<p>In secondo luogo, se vincete qualcosa, ve lo comunicheremo immediatamente e la prossima volta che accederete al vostro conto, i vostri fondi saranno l\u00ec ad aspettarvi. \u00c8 sufficiente prelevare i fondi sul vostro conto bancario e sarete pronti a godervi la vostra vincita.<\/p>\n<p>Sappiamo che quando si gioca alla lotteria ci si preoccupa di divertirsi. Dopotutto, dovrebbe essere un gioco divertente. Per questo lavoriamo instancabilmente per ridurre il processo in modo da renderlo fluido e senza problemi, lasciandovi liberi di godervi il gioco.<\/p>\n<section class=\"layout\" style=\"border: solid 1px; width: 100%;\">\n<div class=\"img-div\" style=\"margin-top: 5px;\"><img decoding=\"async\" class=\"wp-image-17212 alignleft\" style=\"height: 45px; margin: 8px 8px 0px;\" src=\"https:\/\/jackpotlotteryonline.com\/wp-content\/uploads\/2022\/11\/read1.jpg\" alt=\"leggere\" width=\"\" height=\"\" \/><\/div>\n<div style=\"padding-left: 5px;\">\n<div style=\"font-size: 1.1em;\">\n<p><strong>Che auto compreresti se vincessi alla lotteria?<\/strong><\/p>\n<p style=\"font-size: 0.85em; margin-top: -1.5em;\">Vincere alla lotteria e avere un&#8217;auto nuova \u00a0<a href=\"https:\/\/jackpotlotteryonline.com\/it\/che-auto-compreresti-se-vincessi-alla-lotteria\">Per saperne di pi\u00f9<\/a><\/p>\n<\/div>\n<\/div>\n<\/section>\n<h2>6 aus 49 livelli di premio<\/h2>\n<p>Volete sapere cosa potreste vincere giocando al lotto tedesco? Ecco i diversi livelli di premio e la percentuale del montepremi assegnata a ciascun livello.<\/p>\n<p>Partita 6 + Superzahl &#8211; 12,80% (Jackpot)<br \/>\nSolo partita 6 &#8211; 10%<br \/>\nPartita 5 + Superzahl &#8211; 5%<br \/>\nSolo Partita 5 &#8211; 15%<br \/>\nPartita 4 + Superzahl &#8211; 5%<br \/>\nSolo partita 4 &#8211; 10%<br \/>\nAbbinamento 3 + Superzahl &#8211; 10%<br \/>\nSolo partita 3 &#8211; 45%.<br \/>\nPartita 2 + Superzahl &#8211; \u20ac6<\/p>\n<p>Si noti che gli altri premi sono determinati dopo che il jackpot \u00e8 stato estratto dal montepremi.<\/p>\n<h2>A quanto ammonta il jackpot?<\/h2>\n<p>Il montepremi della lotteria tedesca parte da 2 milioni di euro e, se non c&#8217;\u00e8 un vincitore, viene rinnovato dopo ogni estrazione. Di conseguenza, il jackpot aumenta fino a raggiungere una cifra da capogiro.<\/p>\n<p>Ad esempio, nell&#8217;ottobre 2020 un singolo possessore di biglietto ha vinto un jackpot di 42.583.626 euro. Questa vincita \u00e8 stata il pi\u00f9 grande jackpot nella storia del lotto tedesco. A breve distanza si trovava il premio del jackpot di 33.832.008 euro, anch&#8217;esso vinto da un giocatore della lotteria.<\/p>\n<p>Molti altri possessori di biglietti della lotteria tedesca hanno vinto premi del valore di milioni di euro. Non sorprende quindi che i giocatori di tutto il mondo si affrettino a partecipare alle estrazioni settimanali.<\/p>\n<h2>Registratevi con noi per giocare alla lotteria online<\/h2>\n<p>Non \u00e8 necessario vivere in Germania per partecipare alla lotteria tedesca. Registrandovi con noi, avrete accesso alle migliori lotterie internazionali. Questo apre davvero un mondo di possibilit\u00e0. Si noti inoltre che i fondi della lotteria non sono tassabili in Germania. Tuttavia, vi consigliamo di controllare le leggi fiscali del vostro paese.<\/p>\n<p>Quindi, cosa state aspettando? Registratevi con noi per acquistare i biglietti della lotteria tedesca online e tuffatevi nell&#8217;emozionante mondo dei giochi della lotteria internazionale.<\/p>\n","protected":false},"excerpt":{"rendered":"<p>Per i giocatori che vivono fuori dalla Germania potrebbe essere un po&#8217; difficile acquistare i biglietti del lotto tedesco, ma non \u00e8 detto che sia cos\u00ec. Il Lotto tedesco, noto anche come 6 aus 49, \u00e8 una delle lotterie pi\u00f9 longeve d&#8217;Europa. Fondata nel 1955, \u00e8 diventata rapidamente la principale lotteria del Paese. Le iscrizioni [&hellip;]<\/p>\n","protected":false},"author":1,"featured_media":0,"parent":35762,"menu_order":8,"comment_status":"closed","ping_status":"closed","template":"lotto-german-info.php","meta":{"_et_pb_use_builder":"","_et_pb_old_content":"","_et_gb_content_width":"","exclude_from_search":false,"footnotes":""},"class_list":["post-36679","page","type-page","status-publish","hentry"],"yoast_head":"<!-- This site is optimized with the Yoast SEO plugin v23.3 - https:\/\/yoast.com\/wordpress\/plugins\/seo\/ -->\n<title>Acquistare i biglietti del Lotto tedesco fuori dalla Germania | Germania Lotto online<\/title>\n<meta name=\"description\" content=\"I biglietti per il German Lotto 6\/49 sono disponibili qui, potete acquistarli online in tutta sicurezza da fuori la Germania.\" \/>\n<meta name=\"robots\" content=\"index, follow, max-snippet:-1, max-image-preview:large, max-video-preview:-1\" \/>\n<link rel=\"canonical\" href=\"https:\/\/jackpotlotteryonline.com\/buy-tickets\/lotto-germany\/\" \/>\n<meta property=\"og:locale\" content=\"it_IT\" \/>\n<meta property=\"og:type\" content=\"article\" \/>\n<meta property=\"og:title\" content=\"Acquistare i biglietti del Lotto tedesco fuori dalla Germania | Germania Lotto online\" \/>\n<meta property=\"og:description\" content=\"I biglietti per il German Lotto 6\/49 sono disponibili qui, potete acquistarli online in tutta sicurezza da fuori la Germania.\" \/>\n<meta property=\"og:url\" content=\"https:\/\/jackpotlotteryonline.com\/buy-tickets\/lotto-germany\/\" \/>\n<meta property=\"og:site_name\" content=\"Lotto Online - Crack The International Lottery Jackpots\" \/>\n<meta property=\"article:modified_time\" content=\"2023-01-03T21:01:10+00:00\" \/>\n<meta property=\"og:image\" content=\"https:\/\/jackpotlotteryonline.com\/wp-content\/uploads\/2022\/11\/2_ticket_euromillions3-1-111x300.jpg\" \/>\n<meta name=\"twitter:card\" content=\"summary_large_image\" \/>\n<meta name=\"twitter:label1\" content=\"Tempo di lettura stimato\" \/>\n\t<meta name=\"twitter:data1\" content=\"6 minuti\" \/>\n<!-- \/ Yoast SEO plugin. -->","yoast_head_json":{"title":"Acquistare i biglietti del Lotto tedesco fuori dalla Germania | Germania Lotto online","description":"I biglietti per il German Lotto 6\/49 sono disponibili qui, potete acquistarli online in tutta sicurezza da fuori la Germania.","robots":{"index":"index","follow":"follow","max-snippet":"max-snippet:-1","max-image-preview":"max-image-preview:large","max-video-preview":"max-video-preview:-1"},"canonical":"https:\/\/jackpotlotteryonline.com\/buy-tickets\/lotto-germany\/","og_locale":"it_IT","og_type":"article","og_title":"Acquistare i biglietti del Lotto tedesco fuori dalla Germania | Germania Lotto online","og_description":"I biglietti per il German Lotto 6\/49 sono disponibili qui, potete acquistarli online in tutta sicurezza da fuori la Germania.","og_url":"https:\/\/jackpotlotteryonline.com\/buy-tickets\/lotto-germany\/","og_site_name":"Lotto Online - Crack The International Lottery Jackpots","article_modified_time":"2023-01-03T21:01:10+00:00","og_image":[{"url":"https:\/\/jackpotlotteryonline.com\/wp-content\/uploads\/2022\/11\/2_ticket_euromillions3-1-111x300.jpg"}],"twitter_card":"summary_large_image","twitter_misc":{"Tempo di lettura stimato":"6 minuti"},"schema":{"@context":"https:\/\/schema.org","@graph":[{"@type":"WebPage","@id":"https:\/\/jackpotlotteryonline.com\/buy-tickets\/lotto-germany\/","url":"https:\/\/jackpotlotteryonline.com\/buy-tickets\/lotto-germany\/","name":"Acquistare i biglietti del Lotto tedesco fuori dalla Germania | Germania Lotto online","isPartOf":{"@id":"https:\/\/jackpotlotteryonline.com\/#website"},"primaryImageOfPage":{"@id":"https:\/\/jackpotlotteryonline.com\/buy-tickets\/lotto-germany\/#primaryimage"},"image":{"@id":"https:\/\/jackpotlotteryonline.com\/buy-tickets\/lotto-germany\/#primaryimage"},"thumbnailUrl":"https:\/\/jackpotlotteryonline.com\/wp-content\/uploads\/2022\/11\/2_ticket_euromillions3-1-111x300.jpg","datePublished":"2022-11-08T09:54:21+00:00","dateModified":"2023-01-03T21:01:10+00:00","description":"I biglietti per il German Lotto 6\/49 sono disponibili qui, potete acquistarli online in tutta sicurezza da fuori la Germania.","breadcrumb":{"@id":"https:\/\/jackpotlotteryonline.com\/buy-tickets\/lotto-germany\/#breadcrumb"},"inLanguage":"it-IT","potentialAction":[{"@type":"ReadAction","target":["https:\/\/jackpotlotteryonline.com\/buy-tickets\/lotto-germany\/"]}]},{"@type":"ImageObject","inLanguage":"it-IT","@id":"https:\/\/jackpotlotteryonline.com\/buy-tickets\/lotto-germany\/#primaryimage","url":"https:\/\/jackpotlotteryonline.com\/wp-content\/uploads\/2022\/11\/2_ticket_euromillions3-1-111x300.jpg","contentUrl":"https:\/\/jackpotlotteryonline.com\/wp-content\/uploads\/2022\/11\/2_ticket_euromillions3-1-111x300.jpg"},{"@type":"BreadcrumbList","@id":"https:\/\/jackpotlotteryonline.com\/buy-tickets\/lotto-germany\/#breadcrumb","itemListElement":[{"@type":"ListItem","position":1,"name":"Home","item":"https:\/\/jackpotlotteryonline.com\/it\/"},{"@type":"ListItem","position":2,"name":"Come acquistare i biglietti della lotteria online","item":"https:\/\/jackpotlotteryonline.com\/buy-tickets\/"},{"@type":"ListItem","position":3,"name":"Acquista i biglietti per il Lotto Germania"}]},{"@type":"WebSite","@id":"https:\/\/jackpotlotteryonline.com\/#website","url":"https:\/\/jackpotlotteryonline.com\/","name":"Lotto Online - Crack The International Lottery Jackpots","description":"","potentialAction":[{"@type":"SearchAction","target":{"@type":"EntryPoint","urlTemplate":"https:\/\/jackpotlotteryonline.com\/?s={search_term_string}"},"query-input":"required name=search_term_string"}],"inLanguage":"it-IT"}]}},"_links":{"self":[{"href":"https:\/\/jackpotlotteryonline.com\/it\/wp-json\/wp\/v2\/pages\/36679","targetHints":{"allow":["GET"]}}],"collection":[{"href":"https:\/\/jackpotlotteryonline.com\/it\/wp-json\/wp\/v2\/pages"}],"about":[{"href":"https:\/\/jackpotlotteryonline.com\/it\/wp-json\/wp\/v2\/types\/page"}],"author":[{"embeddable":true,"href":"https:\/\/jackpotlotteryonline.com\/it\/wp-json\/wp\/v2\/users\/1"}],"replies":[{"embeddable":true,"href":"https:\/\/jackpotlotteryonline.com\/it\/wp-json\/wp\/v2\/comments?post=36679"}],"version-history":[{"count":0,"href":"https:\/\/jackpotlotteryonline.com\/it\/wp-json\/wp\/v2\/pages\/36679\/revisions"}],"up":[{"embeddable":true,"href":"https:\/\/jackpotlotteryonline.com\/it\/wp-json\/wp\/v2\/pages\/35762"}],"wp:attachment":[{"href":"https:\/\/jackpotlotteryonline.com\/it\/wp-json\/wp\/v2\/media?parent=36679"}],"curies":[{"name":"wp","href":"https:\/\/api.w.org\/{rel}","templated":true}]}}