{"id":36733,"date":"2022-11-08T12:28:06","date_gmt":"2022-11-08T12:28:06","guid":{"rendered":"https:\/\/jackpotlotteryonline.com\/?page_id=36733"},"modified":"2022-12-21T14:59:41","modified_gmt":"2022-12-21T14:59:41","slug":"la-primitiva","status":"publish","type":"page","link":"https:\/\/jackpotlotteryonline.com\/it\/comprare-biglietti\/la-primitiva\/","title":{"rendered":"Acquista i biglietti per La Primitiva"},"content":{"rendered":"<h2>La Primitiva online<\/h2>\n<p>Le lotterie spagnole hanno sempre catturato l&#8217;immaginazione di molti e La Primitiva non fa eccezione. Ora \u00e8 possibile <strong>acquistare un biglietto per La Primitiva online anche al di fuori della Spagna<\/strong>. In precedenza, La Primitiva era limitata ai soli cittadini spagnoli, ma con la diffusione delle comunicazioni \u00e8 passata alla generazione successiva ed \u00e8 offerta a tutti i maggiori di 18 anni.<\/p>\n<p>Attraverso il nostro sito web, il Lotto La Primitiva pu\u00f2 ora essere giocato online. Si tratta di una delle principali lotterie europee e prevede premi enormi.<\/p>\n<p>Se volete acquistare un biglietto del lotto La Primitiva online e vivete fuori dalla Spagna, l&#8217;unica opzione che avete \u00e8 quella di acquistarlo da noi. Con molti clienti da tutto il mondo, vi offriamo i migliori servizi, che includono l&#8217;acquisto del biglietto de La Primitiva per vostro conto, l&#8217;assistenza nella selezione dei numeri e la garanzia che il premio in denaro vi venga consegnato in modo sicuro.<\/p>\n<section class=\"layout\" style=\"border: solid 1px; width: 100%;\">\n<div class=\"img-div\" style=\"margin-top: 5px;\"><img decoding=\"async\" class=\"wp-image-17212 alignleft\" style=\"height: 45px; margin: 8px 8px 0px;\" src=\"http:\/\/jackpotlotteryonline.com\/wp-content\/uploads\/2022\/11\/read1.jpg\" alt=\"leggere\" width=\"\" height=\"\" \/><\/div>\n<div style=\"padding-left: 5px;\">\n<div style=\"font-size: 1.1em;\">\n<p><strong>Qual \u00e8 il segreto del successo alla lotteria?<\/strong><\/p>\n<p style=\"font-size: 0.85em; margin-top: -1.5em;\">Come giocare con successo alla lotteria\u00a0<a href=\"https:\/\/jackpotlotteryonline.com\/it\/qual-e-il-segreto-del-successo-della-lotteria\"> Per saperne di pi\u00f9<\/a><\/p>\n<\/div>\n<\/div>\n<\/section>\n<h2>Perch\u00e9 giocare a La Primitiva Online<\/h2>\n<p><a href=\"https:\/\/jackpotlotteryonline.com\/it\/numeri-vincenti\/la-primitiva\">La Primitiva Online viene estratta<\/a> tre volte alla settimana. Questo d\u00e0 tempo ai jackpot di aumentare rapidamente. Allo stesso tempo, le possibilit\u00e0 di vincita sono abbastanza buone, anche per i premi pi\u00f9 alti. Ogni appassionato di lotto che partecipa a La Primitiva Online ha 1 a 6 probabilit\u00e0 di vincere un premio in denaro.<\/p>\n<h2>La Primitiva vs El Gordo vs La Lotteria di Natale spagnola<\/h2>\n<p>Di gran lunga una delle lotterie pi\u00f9 grandi in termini di premi offerti, La Primitiva \u00e8 una delle pi\u00f9 ambite tra i tanti jackpot del lotto che si<a href=\"https:\/\/jackpotlotteryonline.com\/it\/come-giocare\/la-primitiva-2\"> possono giocare sul nostro sito<\/a>. Non c&#8217;\u00e8 motivo di perdere la speranza o l&#8217;opportunit\u00e0 anche se non vivete in Spagna. Potete giocare da qualsiasi parte del mondo se avete pi\u00f9 di 18 anni.<\/p>\n<p>El Gordo \u00e8 una lotteria completamente diversa, ma \u00e8 possibile giocarci anche sul nostro sito. El Gordo viene estratto solo una volta alla settimana, la domenica.<\/p>\n<p>Oltre alle estrazioni settimanali regolari di La Primitiva e El Gordo, c&#8217;\u00e8 l&#8217;edizione natalizia di El Gordo, che viene estratta solo una volta all&#8217;anno, il 22 dicembre.<\/p>\n","protected":false},"excerpt":{"rendered":"<p>La Primitiva online Le lotterie spagnole hanno sempre catturato l&#8217;immaginazione di molti e La Primitiva non fa eccezione. Ora \u00e8 possibile acquistare un biglietto per La Primitiva online anche al di fuori della Spagna. In precedenza, La Primitiva era limitata ai soli cittadini spagnoli, ma con la diffusione delle comunicazioni \u00e8 passata alla generazione successiva [&hellip;]<\/p>\n","protected":false},"author":1,"featured_media":0,"parent":35762,"menu_order":7,"comment_status":"closed","ping_status":"closed","template":"la-primitiva-info.php","meta":{"_et_pb_use_builder":"","_et_pb_old_content":"","_et_gb_content_width":"","exclude_from_search":false,"footnotes":""},"class_list":["post-36733","page","type-page","status-publish","hentry"],"yoast_head":"<!-- This site is optimized with the Yoast SEO plugin v23.3 - https:\/\/yoast.com\/wordpress\/plugins\/seo\/ -->\n<title>Acquistare il biglietto per La Primitiva Lotto online e da fuori Spagna<\/title>\n<meta name=\"description\" content=\"Compra i biglietti per La Primitiva Lotto da fuori Spagna, incrocia le dita, aspetta e fai il colpaccio!\" \/>\n<meta name=\"robots\" content=\"index, follow, max-snippet:-1, max-image-preview:large, max-video-preview:-1\" \/>\n<link rel=\"canonical\" href=\"https:\/\/jackpotlotteryonline.com\/buy-tickets\/la-primitiva\/\" \/>\n<meta property=\"og:locale\" content=\"it_IT\" \/>\n<meta property=\"og:type\" content=\"article\" \/>\n<meta property=\"og:title\" content=\"Acquistare il biglietto per La Primitiva Lotto online e da fuori Spagna\" \/>\n<meta property=\"og:description\" content=\"Compra i biglietti per La Primitiva Lotto da fuori Spagna, incrocia le dita, aspetta e fai il colpaccio!\" \/>\n<meta property=\"og:url\" content=\"https:\/\/jackpotlotteryonline.com\/buy-tickets\/la-primitiva\/\" \/>\n<meta property=\"og:site_name\" content=\"Lotto Online - Crack The International Lottery Jackpots\" \/>\n<meta property=\"article:modified_time\" content=\"2022-12-21T14:59:41+00:00\" \/>\n<meta property=\"og:image\" content=\"http:\/\/jackpotlotteryonline.com\/wp-content\/uploads\/2022\/11\/read1.jpg\" \/>\n<meta name=\"twitter:card\" content=\"summary_large_image\" \/>\n<meta name=\"twitter:label1\" content=\"Tempo di lettura stimato\" \/>\n\t<meta name=\"twitter:data1\" content=\"2 minuti\" \/>\n<!-- \/ Yoast SEO plugin. -->","yoast_head_json":{"title":"Acquistare il biglietto per La Primitiva Lotto online e da fuori Spagna","description":"Compra i biglietti per La Primitiva Lotto da fuori Spagna, incrocia le dita, aspetta e fai il colpaccio!","robots":{"index":"index","follow":"follow","max-snippet":"max-snippet:-1","max-image-preview":"max-image-preview:large","max-video-preview":"max-video-preview:-1"},"canonical":"https:\/\/jackpotlotteryonline.com\/buy-tickets\/la-primitiva\/","og_locale":"it_IT","og_type":"article","og_title":"Acquistare il biglietto per La Primitiva Lotto online e da fuori Spagna","og_description":"Compra i biglietti per La Primitiva Lotto da fuori Spagna, incrocia le dita, aspetta e fai il colpaccio!","og_url":"https:\/\/jackpotlotteryonline.com\/buy-tickets\/la-primitiva\/","og_site_name":"Lotto Online - Crack The International Lottery Jackpots","article_modified_time":"2022-12-21T14:59:41+00:00","og_image":[{"url":"http:\/\/jackpotlotteryonline.com\/wp-content\/uploads\/2022\/11\/read1.jpg"}],"twitter_card":"summary_large_image","twitter_misc":{"Tempo di lettura stimato":"2 minuti"},"schema":{"@context":"https:\/\/schema.org","@graph":[{"@type":"WebPage","@id":"https:\/\/jackpotlotteryonline.com\/buy-tickets\/la-primitiva\/","url":"https:\/\/jackpotlotteryonline.com\/buy-tickets\/la-primitiva\/","name":"Acquistare il biglietto per La Primitiva Lotto online e da fuori Spagna","isPartOf":{"@id":"https:\/\/jackpotlotteryonline.com\/#website"},"primaryImageOfPage":{"@id":"https:\/\/jackpotlotteryonline.com\/buy-tickets\/la-primitiva\/#primaryimage"},"image":{"@id":"https:\/\/jackpotlotteryonline.com\/buy-tickets\/la-primitiva\/#primaryimage"},"thumbnailUrl":"http:\/\/jackpotlotteryonline.com\/wp-content\/uploads\/2022\/11\/read1.jpg","datePublished":"2022-11-08T12:28:06+00:00","dateModified":"2022-12-21T14:59:41+00:00","description":"Compra i biglietti per La Primitiva Lotto da fuori Spagna, incrocia le dita, aspetta e fai il colpaccio!","breadcrumb":{"@id":"https:\/\/jackpotlotteryonline.com\/buy-tickets\/la-primitiva\/#breadcrumb"},"inLanguage":"it-IT","potentialAction":[{"@type":"ReadAction","target":["https:\/\/jackpotlotteryonline.com\/buy-tickets\/la-primitiva\/"]}]},{"@type":"ImageObject","inLanguage":"it-IT","@id":"https:\/\/jackpotlotteryonline.com\/buy-tickets\/la-primitiva\/#primaryimage","url":"http:\/\/jackpotlotteryonline.com\/wp-content\/uploads\/2022\/11\/read1.jpg","contentUrl":"http:\/\/jackpotlotteryonline.com\/wp-content\/uploads\/2022\/11\/read1.jpg"},{"@type":"BreadcrumbList","@id":"https:\/\/jackpotlotteryonline.com\/buy-tickets\/la-primitiva\/#breadcrumb","itemListElement":[{"@type":"ListItem","position":1,"name":"Home","item":"https:\/\/jackpotlotteryonline.com\/it\/"},{"@type":"ListItem","position":2,"name":"Come acquistare i biglietti della lotteria online","item":"https:\/\/jackpotlotteryonline.com\/buy-tickets\/"},{"@type":"ListItem","position":3,"name":"Acquista i biglietti per La Primitiva"}]},{"@type":"WebSite","@id":"https:\/\/jackpotlotteryonline.com\/#website","url":"https:\/\/jackpotlotteryonline.com\/","name":"Lotto Online - Crack The International Lottery Jackpots","description":"","potentialAction":[{"@type":"SearchAction","target":{"@type":"EntryPoint","urlTemplate":"https:\/\/jackpotlotteryonline.com\/?s={search_term_string}"},"query-input":"required name=search_term_string"}],"inLanguage":"it-IT"}]}},"_links":{"self":[{"href":"https:\/\/jackpotlotteryonline.com\/it\/wp-json\/wp\/v2\/pages\/36733","targetHints":{"allow":["GET"]}}],"collection":[{"href":"https:\/\/jackpotlotteryonline.com\/it\/wp-json\/wp\/v2\/pages"}],"about":[{"href":"https:\/\/jackpotlotteryonline.com\/it\/wp-json\/wp\/v2\/types\/page"}],"author":[{"embeddable":true,"href":"https:\/\/jackpotlotteryonline.com\/it\/wp-json\/wp\/v2\/users\/1"}],"replies":[{"embeddable":true,"href":"https:\/\/jackpotlotteryonline.com\/it\/wp-json\/wp\/v2\/comments?post=36733"}],"version-history":[{"count":0,"href":"https:\/\/jackpotlotteryonline.com\/it\/wp-json\/wp\/v2\/pages\/36733\/revisions"}],"up":[{"embeddable":true,"href":"https:\/\/jackpotlotteryonline.com\/it\/wp-json\/wp\/v2\/pages\/35762"}],"wp:attachment":[{"href":"https:\/\/jackpotlotteryonline.com\/it\/wp-json\/wp\/v2\/media?parent=36733"}],"curies":[{"name":"wp","href":"https:\/\/api.w.org\/{rel}","templated":true}]}}