{"id":36788,"date":"2022-11-09T06:55:28","date_gmt":"2022-11-09T06:55:28","guid":{"rendered":"https:\/\/jackpotlotteryonline.com\/?page_id=36788"},"modified":"2023-01-03T21:38:36","modified_gmt":"2023-01-03T21:38:36","slug":"lotto-france","status":"publish","type":"page","link":"https:\/\/jackpotlotteryonline.com\/it\/comprare-biglietti\/lotto-france\/","title":{"rendered":"Acquistare i biglietti del Lotto France"},"content":{"rendered":"<p>\u00c8 possibile acquistare i biglietti del Lotto francese al di fuori del Paese europeo? Forse siete un giocatore esperto o un principiante e vi state chiedendo perch\u00e9 dovreste essere interessati a questa particolare lotteria. Condivideremo con voi alcuni motivi per cui riteniamo che la lotteria nazionale francese sia un ottimo gioco. Se siete giocatori di un&#8217;altra parte del mondo, scoprirete come acquistare le quote di questa lotteria.<\/p>\n<p>La lotteria \u00e8 un gioco d&#8217;azzardo e a volte \u00e8 necessario allargare la rete per pescare pesci pi\u00f9 grandi. In pratica, questo significa esplorare altre lotterie per aumentare le possibilit\u00e0 di vincita. La lotteria francese \u00e8 un&#8217;ottima lotteria da provare per molti motivi, che verranno illustrati in questo articolo.<\/p>\n<h2>Importi incredibili dei jackpot<\/h2>\n<p>Chiamato anche France Lotto o semplicemente Loto, il lotto francese ha jackpot molto interessanti, che attirano giocatori da tutto il mondo. Con un importo iniziale di 2 milioni di euro, il jackpot ha il potenziale di crescere molto di pi\u00f9 se non viene vinto dopo ogni estrazione.<\/p>\n<p>Il jackpot della lotteria francese si arrotola quando non c&#8217;\u00e8 un vincitore e continua ad aumentare fino a raggiungere un importo considerevole. Giocando a questa lotteria europea, potreste essere i vincitori di un jackpot di 11 milioni di euro o pi\u00f9.<\/p>\n<p>A titolo di esempio, il jackpot aumenta di 1 milione di euro dopo ogni estrazione e pu\u00f2 aumentare per 34 volte consecutive prima di smettere di girare. Provate a immaginare a quanto potrebbe ammontare il tutto, e anche piuttosto rapidamente.<\/p>\n<h2>Diverse estrazioni a settimana<\/h2>\n<p>Il motivo per cui il montepremi cresce cos\u00ec rapidamente \u00e8 il numero di estrazioni. <a href=\"https:\/\/jackpotlotteryonline.com\/it\/numeri-vincenti\/france-lotto-2\">La lotteria francese prevede tre estrazioni alla settimana<\/a>, dando ai giocatori diverse possibilit\u00e0 di vincere molto. Le estrazioni hanno luogo il luned\u00ec, il mercoled\u00ec e il sabato.<\/p>\n<p>Se decidete di partecipare a questa lotteria, vi consigliamo di partecipare a pi\u00f9 estrazioni, perch\u00e9 \u00e8 un ottimo modo per aumentare le vostre possibilit\u00e0 di vincita.<\/p>\n<h2>10 diverse categorie di premi<\/h2>\n<p><img loading=\"lazy\" decoding=\"async\" class=\"alignright size-full wp-image-30344\" src=\"https:\/\/jackpotlotteryonline.com\/wp-content\/uploads\/2022\/11\/1_winning_numbers_euromillions.jpg\" alt=\"Categoria di premi della lotteria France Lotto\" width=\"300\" height=\"300\" srcset=\"https:\/\/jackpotlotteryonline.com\/wp-content\/uploads\/2022\/11\/1_winning_numbers_euromillions.jpg 300w, https:\/\/jackpotlotteryonline.com\/wp-content\/uploads\/2022\/11\/1_winning_numbers_euromillions-100x100.jpg 100w, https:\/\/jackpotlotteryonline.com\/wp-content\/uploads\/2022\/11\/1_winning_numbers_euromillions-150x150.jpg 150w\" sizes=\"auto, (max-width: 300px) 100vw, 300px\" \/><\/p>\n<p>Il premio del jackpot \u00e8 interessante, ma non \u00e8 l&#8217;unica cosa che si pu\u00f2 vincere<a href=\"https:\/\/jackpotlotteryonline.com\/it\/come-giocare\/france-lotto\"> giocando al lotto francese<\/a>. Questa lotteria, fondata nel 1978, ha dieci diverse categorie di premi. Esiste anche un premio per l&#8217;abbinamento del numero casuale.<\/p>\n<p>Le categorie di premi sono elencate di seguito.<\/p>\n<p>Abbinamento 5 numeri + numero casuale &#8211; Jackpot<br \/>\nSolo 5 numeri corrispondenti &#8211; 8,44% del montepremi<br \/>\nAbbinamento di 4 numeri + numero casuale &#8211; 2,06% del montepremi<br \/>\nAbbinamento di soli 4 numeri &#8211; 7,43% del montepremi<br \/>\nAbbinamento 3 numeri + numero Chance &#8211; 4,44% del montepremi<br \/>\nAbbinamento di soli 3 numeri &#8211; 15,98% del montepremi<br \/>\nAbbinamento 2 numeri + numero Chance &#8211; 12,43% del montepremi<br \/>\nAbbinamento di soli 2 numeri &#8211; 49,22% del montepremi<br \/>\nAbbinamento 1 numero + numero Chance &#8211; \u20ac 2,20<br \/>\nSolo numero Chance &#8211; \u20ac 2,20<\/p>\n<h2>Facile da giocare offline e online<\/h2>\n<p>Un&#8217;altra ragione per prendere in considerazione l&#8217;idea di giocare alla lotteria francese \u00e8 che \u00e8 abbastanza facile partecipare alla lotteria. Se si vive in Francia, per partecipare alla lotteria \u00e8 sufficiente recarsi presso un rivenditore registrato per acquistare una schedina. Sulla schedina si possono scegliere 5 numeri principali e un numero casuale. \u00c8 possibile scegliere pi\u00f9 di una riga di numeri per aumentare le probabilit\u00e0 di vincita alla lotteria.<\/p>\n<p>Se si vive fuori dalla Francia, tuttavia, partecipare alla lotteria \u00e8 meno semplice. Non \u00e8 possibile entrare in un negozio per acquistare i biglietti di questa lotteria, quindi l&#8217;opzione \u00e8 quella di acquistare i biglietti online. Se si partecipa alla lotteria via Internet, si applica lo stesso principio. Si tratta di scegliere i 5 numeri principali e un numero casuale.<\/p>\n<p>Sia che si giochi alla lotteria offline o online, \u00e8 necessario scegliere il numero di estrazioni a cui si desidera partecipare. Alla fine delle estrazioni, il biglietto che corrisponde ai numeri estratti vince la lotteria.<\/p>\n<section class=\"layout\" style=\"border: solid 1px; width: 100%;\">\n<div class=\"img-div\" style=\"margin-top: 5px;\"><img decoding=\"async\" class=\"wp-image-17212 alignleft\" style=\"height: 45px; margin: 8px 8px 0px;\" src=\"https:\/\/jackpotlotteryonline.com\/wp-content\/uploads\/2022\/11\/read1.jpg\" alt=\"leggere\" width=\"\" height=\"\" \/><\/div>\n<div style=\"padding-left: 5px;\">\n<div style=\"font-size: 1.1em;\">\n<p><strong>Guardare i numeri della lotteria estratti in diretta<\/strong><\/p>\n<p style=\"font-size: 0.85em; margin-top: -1.5em;\">Come guardare le estrazioni in diretta delle vostre lotterie preferite \u00a0<a href=\"https:\/\/jackpotlotteryonline.com\/it\/guarda-i-numeri-della-tua-lotteria-che-vengono-estratti-in-diretta\">Per saperne di pi\u00f9<\/a><\/p>\n<\/div>\n<\/div>\n<\/section>\n<h2>Giocare al Lotto francese con jackpotlotteryonline.com<\/h2>\n<p>Se non siete abituati a giocare alla lotteria via internet, le cose potrebbero diventare molto confuse in breve tempo. Come si fa a distinguere tra tutti i siti che affermano di vendere biglietti della lotteria e venditori autentici? \u00c8 semplice. Cercate un sito che offra servizi di portineria.<\/p>\n<p>Su jackpotlotteryoneline.com offriamo servizi di portineria ai nostri clienti per garantire loro l&#8217;accesso alle lotterie di loro scelta. Quando acquistate una schedina sul nostro sito, i nostri agenti in Francia acquisteranno le schedine fisiche con il numero da voi selezionato.<\/p>\n<p>Questo per garantire che non stiate solo scommettendo sull&#8217;esito della lotteria, ma che stiate effettivamente partecipando alle estrazioni per avere la possibilit\u00e0 di vincere il jackpot.<\/p>\n<h2>Suggerimenti per aumentare le probabilit\u00e0 di vincita<\/h2>\n<p><img loading=\"lazy\" decoding=\"async\" class=\"alignright size-full wp-image-35051\" src=\"https:\/\/jackpotlotteryonline.com\/wp-content\/uploads\/2022\/11\/2_ticket_saturday_lotto_au-1-166x300-1.jpg\" alt=\"Biglietto della lotteria Francia\" width=\"166\" height=\"300\" \/><\/p>\n<p>La lotteria \u00e8 un gioco di numeri. Pi\u00f9 si gioca, pi\u00f9 aumentano le probabilit\u00e0 di vincita. Una grande percentuale di vincitori della lotteria ha rivelato di aver giocato per diversi anni prima di vincere. Ecco quindi alcuni modi per aumentare le possibilit\u00e0 di vincere alla lotteria.<\/p>\n<ul>\n<li>Acquistate pi\u00f9 ingressi alla lotteria. Sembra una cosa ovvia, ma ci sono persone che acquistano una sola voce per una singola estrazione e poi si sentono deluse perch\u00e9 non hanno vinto. Se volete aumentare le vostre possibilit\u00e0 di vincita, dovete acquistare pi\u00f9 iscrizioni.<\/li>\n<li>Partecipate anche a pi\u00f9 estrazioni. La logica \u00e8 la stessa per le estrazioni. Pi\u00f9 estrazioni si partecipano, pi\u00f9 alte sono le possibilit\u00e0 di vincita.<\/li>\n<li>Provate a unirvi a un sindacato della lotteria. Si tratta di un gruppo di persone che si riuniscono per mettere in comune le proprie risorse in modo da poter giocare alla lotteria. Con le risorse messe in comune, possono acquistare pi\u00f9 ingressi e partecipare a pi\u00f9 estrazioni. \u00c8 interessante notare che molti sindacati della lotteria hanno vinto jackpot incredibili nel corso degli anni, quindi \u00e8 una buona opzione da provare.<\/li>\n<li>Credere che si vincer\u00e0. La legge dell&#8217;attrazione esiste e molti vincitori di lotterie vi diranno che avevano la certezza di vincere la lotteria. Se avete intenzione di passare del tempo a giocare alla lotteria, \u00e8 una buona idea avere una forte convinzione che vincerete.<\/li>\n<li>Non arrendetevi. La tentazione di arrendersi \u00e8 forte quando si gioca qualche volta senza vincere. Ma se volete davvero vincere molto, dovete essere costanti. Puntate solo quello che potete permettervi.<\/li>\n<li>Ricordate di divertirvi quando giocate alla lotteria. In fin dei conti, si tratta pur sempre di un gioco e, se vi godete l&#8217;esperienza, ne vale la pena.<\/li>\n<\/ul>\n<h2>Acquistate ora i biglietti del Lotto francese<\/h2>\n<p>Se, come noi, siete entusiasti della lotteria francese, \u00e8 arrivato il momento di acquistare i biglietti per la lotteria. Fortunatamente non importa pi\u00f9 dove vivete, perch\u00e9 potete acquistare i vostri biglietti online.<\/p>\n<p>Registrandovi con noi, non dovrete preoccuparvi di perdere i biglietti o di dimenticare di controllare i risultati. Ci occupiamo noi di tutto questo e vi avvisiamo di eventuali vincite. Potete anche ritirare le vostre vincite facilmente attraverso la nostra piattaforma.<\/p>\n<p>Giocare alla lotteria \u00e8 un&#8217;esperienza senza problemi e senza stress quando si gioca sul nostro sito. Non si pu\u00f2 mai sapere se questo \u00e8 il giorno in cui la fortuna sar\u00e0 dalla vostra parte. Allora perch\u00e9 non registrarsi con noi oggi stesso per acquistare i biglietti del lotto francese?<\/p>\n","protected":false},"excerpt":{"rendered":"<p>\u00c8 possibile acquistare i biglietti del Lotto francese al di fuori del Paese europeo? Forse siete un giocatore esperto o un principiante e vi state chiedendo perch\u00e9 dovreste essere interessati a questa particolare lotteria. Condivideremo con voi alcuni motivi per cui riteniamo che la lotteria nazionale francese sia un ottimo gioco. Se siete giocatori di [&hellip;]<\/p>\n","protected":false},"author":1,"featured_media":0,"parent":35762,"menu_order":9,"comment_status":"closed","ping_status":"closed","template":"lotto-fr-info.php","meta":{"_et_pb_use_builder":"","_et_pb_old_content":"","_et_gb_content_width":"","exclude_from_search":false,"footnotes":""},"class_list":["post-36788","page","type-page","status-publish","hentry"],"yoast_head":"<!-- This site is optimized with the Yoast SEO plugin v23.3 - https:\/\/yoast.com\/wordpress\/plugins\/seo\/ -->\n<title>Acquistare biglietti per il Lotto francese da fuori la Francia | Ottenere biglietti per il Lotto francese online<\/title>\n<meta name=\"description\" content=\"Per acquistare i biglietti del France Lotto non \u00e8 necessario trovarsi in Francia. Acquistate qui i vostri biglietti per la lotteria francese online!\" \/>\n<meta name=\"robots\" content=\"index, follow, max-snippet:-1, max-image-preview:large, max-video-preview:-1\" \/>\n<link rel=\"canonical\" href=\"https:\/\/jackpotlotteryonline.com\/buy-tickets\/lotto-france\/\" \/>\n<meta property=\"og:locale\" content=\"it_IT\" \/>\n<meta property=\"og:type\" content=\"article\" \/>\n<meta property=\"og:title\" content=\"Acquistare biglietti per il Lotto francese da fuori la Francia | Ottenere biglietti per il Lotto francese online\" \/>\n<meta property=\"og:description\" content=\"Per acquistare i biglietti del France Lotto non \u00e8 necessario trovarsi in Francia. Acquistate qui i vostri biglietti per la lotteria francese online!\" \/>\n<meta property=\"og:url\" content=\"https:\/\/jackpotlotteryonline.com\/buy-tickets\/lotto-france\/\" \/>\n<meta property=\"og:site_name\" content=\"Lotto Online - Crack The International Lottery Jackpots\" \/>\n<meta property=\"article:modified_time\" content=\"2023-01-03T21:38:36+00:00\" \/>\n<meta property=\"og:image\" content=\"https:\/\/jackpotlotteryonline.com\/wp-content\/uploads\/2022\/11\/1_winning_numbers_euromillions.jpg\" \/>\n<meta name=\"twitter:card\" content=\"summary_large_image\" \/>\n<meta name=\"twitter:label1\" content=\"Tempo di lettura stimato\" \/>\n\t<meta name=\"twitter:data1\" content=\"6 minuti\" \/>\n<!-- \/ Yoast SEO plugin. -->","yoast_head_json":{"title":"Acquistare biglietti per il Lotto francese da fuori la Francia | Ottenere biglietti per il Lotto francese online","description":"Per acquistare i biglietti del France Lotto non \u00e8 necessario trovarsi in Francia. Acquistate qui i vostri biglietti per la lotteria francese online!","robots":{"index":"index","follow":"follow","max-snippet":"max-snippet:-1","max-image-preview":"max-image-preview:large","max-video-preview":"max-video-preview:-1"},"canonical":"https:\/\/jackpotlotteryonline.com\/buy-tickets\/lotto-france\/","og_locale":"it_IT","og_type":"article","og_title":"Acquistare biglietti per il Lotto francese da fuori la Francia | Ottenere biglietti per il Lotto francese online","og_description":"Per acquistare i biglietti del France Lotto non \u00e8 necessario trovarsi in Francia. Acquistate qui i vostri biglietti per la lotteria francese online!","og_url":"https:\/\/jackpotlotteryonline.com\/buy-tickets\/lotto-france\/","og_site_name":"Lotto Online - Crack The International Lottery Jackpots","article_modified_time":"2023-01-03T21:38:36+00:00","og_image":[{"url":"https:\/\/jackpotlotteryonline.com\/wp-content\/uploads\/2022\/11\/1_winning_numbers_euromillions.jpg"}],"twitter_card":"summary_large_image","twitter_misc":{"Tempo di lettura stimato":"6 minuti"},"schema":{"@context":"https:\/\/schema.org","@graph":[{"@type":"WebPage","@id":"https:\/\/jackpotlotteryonline.com\/buy-tickets\/lotto-france\/","url":"https:\/\/jackpotlotteryonline.com\/buy-tickets\/lotto-france\/","name":"Acquistare biglietti per il Lotto francese da fuori la Francia | Ottenere biglietti per il Lotto francese online","isPartOf":{"@id":"https:\/\/jackpotlotteryonline.com\/#website"},"primaryImageOfPage":{"@id":"https:\/\/jackpotlotteryonline.com\/buy-tickets\/lotto-france\/#primaryimage"},"image":{"@id":"https:\/\/jackpotlotteryonline.com\/buy-tickets\/lotto-france\/#primaryimage"},"thumbnailUrl":"https:\/\/jackpotlotteryonline.com\/wp-content\/uploads\/2022\/11\/1_winning_numbers_euromillions.jpg","datePublished":"2022-11-09T06:55:28+00:00","dateModified":"2023-01-03T21:38:36+00:00","description":"Per acquistare i biglietti del France Lotto non \u00e8 necessario trovarsi in Francia. Acquistate qui i vostri biglietti per la lotteria francese online!","breadcrumb":{"@id":"https:\/\/jackpotlotteryonline.com\/buy-tickets\/lotto-france\/#breadcrumb"},"inLanguage":"it-IT","potentialAction":[{"@type":"ReadAction","target":["https:\/\/jackpotlotteryonline.com\/buy-tickets\/lotto-france\/"]}]},{"@type":"ImageObject","inLanguage":"it-IT","@id":"https:\/\/jackpotlotteryonline.com\/buy-tickets\/lotto-france\/#primaryimage","url":"https:\/\/jackpotlotteryonline.com\/wp-content\/uploads\/2022\/11\/1_winning_numbers_euromillions.jpg","contentUrl":"https:\/\/jackpotlotteryonline.com\/wp-content\/uploads\/2022\/11\/1_winning_numbers_euromillions.jpg"},{"@type":"BreadcrumbList","@id":"https:\/\/jackpotlotteryonline.com\/buy-tickets\/lotto-france\/#breadcrumb","itemListElement":[{"@type":"ListItem","position":1,"name":"Home","item":"https:\/\/jackpotlotteryonline.com\/it\/"},{"@type":"ListItem","position":2,"name":"Come acquistare i biglietti della lotteria online","item":"https:\/\/jackpotlotteryonline.com\/buy-tickets\/"},{"@type":"ListItem","position":3,"name":"Acquistare i biglietti del Lotto France"}]},{"@type":"WebSite","@id":"https:\/\/jackpotlotteryonline.com\/#website","url":"https:\/\/jackpotlotteryonline.com\/","name":"Lotto Online - Crack The International Lottery Jackpots","description":"","potentialAction":[{"@type":"SearchAction","target":{"@type":"EntryPoint","urlTemplate":"https:\/\/jackpotlotteryonline.com\/?s={search_term_string}"},"query-input":"required name=search_term_string"}],"inLanguage":"it-IT"}]}},"_links":{"self":[{"href":"https:\/\/jackpotlotteryonline.com\/it\/wp-json\/wp\/v2\/pages\/36788","targetHints":{"allow":["GET"]}}],"collection":[{"href":"https:\/\/jackpotlotteryonline.com\/it\/wp-json\/wp\/v2\/pages"}],"about":[{"href":"https:\/\/jackpotlotteryonline.com\/it\/wp-json\/wp\/v2\/types\/page"}],"author":[{"embeddable":true,"href":"https:\/\/jackpotlotteryonline.com\/it\/wp-json\/wp\/v2\/users\/1"}],"replies":[{"embeddable":true,"href":"https:\/\/jackpotlotteryonline.com\/it\/wp-json\/wp\/v2\/comments?post=36788"}],"version-history":[{"count":0,"href":"https:\/\/jackpotlotteryonline.com\/it\/wp-json\/wp\/v2\/pages\/36788\/revisions"}],"up":[{"embeddable":true,"href":"https:\/\/jackpotlotteryonline.com\/it\/wp-json\/wp\/v2\/pages\/35762"}],"wp:attachment":[{"href":"https:\/\/jackpotlotteryonline.com\/it\/wp-json\/wp\/v2\/media?parent=36788"}],"curies":[{"name":"wp","href":"https:\/\/api.w.org\/{rel}","templated":true}]}}