{"id":36840,"date":"2022-11-09T08:50:06","date_gmt":"2022-11-09T08:50:06","guid":{"rendered":"https:\/\/jackpotlotteryonline.com\/?page_id=36840"},"modified":"2023-01-04T09:10:50","modified_gmt":"2023-01-04T09:10:50","slug":"lotto-america","status":"publish","type":"page","link":"https:\/\/jackpotlotteryonline.com\/it\/comprare-biglietti\/lotto-america\/","title":{"rendered":"Biglietti Lotto America online"},"content":{"rendered":"<p>Nel marzo 2018 una famiglia ha vinto il jackpot del Lotto America di 23 milioni di dollari. Si tratta del premio pi\u00f9 alto vinto finora da qualsiasi giocatore, tuttavia ha attirato l&#8217;attenzione su questa lotteria. Fondata nel 1988 da sette Stati americani, molti altri Stati si sono uniti alla lotteria. Nel corso degli anni, ha prodotto diversi milionari.<\/p>\n<p>\u00c8 possibile acquistare i biglietti di questa lotteria in uno qualsiasi degli Stati partecipanti. \u00c8 interessante notare che questa non \u00e8 l&#8217;unica lotteria degli Stati Uniti, ma ha sempre attirato giocatori da ogni parte del mondo. Se siete giocatori al di fuori del Nord America, vi starete chiedendo come acquistare i biglietti di questa lotteria.<\/p>\n<p>Vi guideremo <a href=\"https:\/\/jackpotlotteryonline.com\/it\/come-giocare\/lotto-america-2\">attraverso il successo di questa lotteria da fuori degli Stati Uniti<\/a>. Faremo anche del nostro meglio per rispondere a tutte le domande che potreste avere su Lotto America e su come partecipare alla lotteria.<\/p>\n<h2>Come funziona la lotteria?<\/h2>\n<p><img loading=\"lazy\" decoding=\"async\" class=\"size-full wp-image-29993 alignright\" src=\"https:\/\/jackpotlotteryonline.com\/wp-content\/uploads\/2022\/11\/1_win_lottery_usa_online.jpg\" alt=\"Biglietti Lotto America online\" width=\"300\" height=\"200\" \/><\/p>\n<p>Come la maggior parte delle lotterie, anche questa \u00e8 un gioco di numeri in pi\u00f9 sensi. \u00c8 un gioco di numeri in cui i giocatori non hanno alte probabilit\u00e0 di vincere. Ma questa \u00e8 la lotteria e non si pu\u00f2 dire quando la fortuna favorisca un giocatore. \u00c8 un gioco di numeri anche nel modo in cui si gioca.<\/p>\n<p>Per questa lotteria statunitense, i giocatori devono scegliere cinque numeri principali tra 1 e 52. \u00c8 inoltre necessario scegliere un numero Star Ball compreso tra 1 e 10. In totale sono 6 numeri. Si tratta di un totale di 6 numeri. Se non si \u00e8 sicuri dei numeri da scegliere, \u00e8 possibile utilizzare un selezionatore automatico per velocizzare l&#8217;operazione. Inoltre, \u00e8 possibile scegliere pi\u00f9 linee di numeri per aumentare le probabilit\u00e0 di vincita.<\/p>\n<p>Successivamente, si seleziona il numero di estrazioni a cui si desidera partecipare. Questa lotteria americana prevede tre estrazioni settimanali, il luned\u00ec, il mercoled\u00ec e il sabato. \u00c8 possibile partecipare a pi\u00f9 estrazioni.<\/p>\n<h2>Giocare al Bonus All Star<\/h2>\n<p>Il Bonus All Star \u00e8 un modo per moltiplicare le vincite. Quando si scelgono i numeri, \u00e8 possibile includere il bonus All Star a un costo aggiuntivo. Questo \u00e8 particolarmente utile per coloro che vincono premi nelle altre categorie, in quanto pu\u00f2 aumentare in modo significativo la vincita.<\/p>\n<p>Il Bonus All Star viene scelto a caso e annunciato <a href=\"https:\/\/jackpotlotteryonline.com\/it\/numeri-vincenti\/lotto-america\">il giorno dell&#8217;estrazione<\/a>. Si noti che non \u00e8 possibile includerlo dopo aver effettuato l&#8217;acquisto. Deve essere incluso nell&#8217;acquisto del biglietto.<\/p>\n<section class=\"layout\" style=\"border: solid 1px; width: 100%;\">\n<div class=\"img-div\" style=\"margin-top: 5px;\"><img decoding=\"async\" class=\"wp-image-17212 alignleft\" style=\"height: 45px; margin: 8px 8px 0px;\" src=\"https:\/\/jackpotlotteryonline.com\/wp-content\/uploads\/2022\/11\/read1.jpg\" alt=\"leggere\" width=\"\" height=\"\" \/><\/div>\n<div style=\"padding-left: 5px;\">\n<div style=\"font-size: 1.1em;\">\n<p><strong>Alcuni vincitori della lotteria hanno restituito alla comunit\u00e0<\/strong><\/p>\n<p style=\"font-size: 0.85em; margin-top: -1.5em;\">Alcune storie interessanti e commoventi di vincitori di lotterie che fanno beneficenza <a href=\"https:\/\/jackpotlotteryonline.com\/it\/storie-di-vincitori-della-lotteria-che-restituiscono\">Per saperne di pi\u00f9<\/a><\/p>\n<\/div>\n<\/div>\n<\/section>\n<h2>Vincere il Jackpot<\/h2>\n<p>Il jackpot parte da 2 milioni di dollari. Se dopo un&#8217;estrazione non c&#8217;\u00e8 nessun vincitore, il montepremi passa all&#8217;estrazione successiva. Il montepremi continua a scorrere fino a raggiungere i 10 milioni di dollari. Come abbiamo detto all&#8217;inizio, pu\u00f2 arrivare a superare i 10 milioni di dollari.<\/p>\n<p>\u00c8 utile notare che il jackpot non \u00e8 l&#8217;unico premio che un giocatore pu\u00f2 vincere giocando a questa lotteria americana. Ci sono altri otto livelli di premio, tra cui un premio semplicemente per l&#8217;abbinamento con la Star Ball. Se abbinato al Bonus All Star, il giocatore che vince un premio sussidiario potrebbe tornare a casa molto pi\u00f9 ricco.<\/p>\n<h2>Quando si vince<\/h2>\n<p>Secondo il sito web di Lotto America, \u00e8 possibile richiedere un premio solo nello Stato in cui si \u00e8 vinto. Quindi, se avete acquistato il biglietto nel Maine, ad esempio, dovrete recarvi in quello Stato per reclamare la vincita. Tuttavia, se si vive al di fuori degli Stati Uniti, le cose sono leggermente diverse.<\/p>\n<h2>Come acquistare i biglietti del lotto America da fuori degli Stati Uniti<\/h2>\n<p><img loading=\"lazy\" decoding=\"async\" class=\"alignright size-medium wp-image-34079\" src=\"https:\/\/jackpotlotteryonline.com\/wp-content\/uploads\/2022\/11\/2_ticket_mon_wed_lotto_au-176x300.jpg\" alt=\"biglietti Lotto America da fuori degli USA\" width=\"176\" height=\"300\" srcset=\"https:\/\/jackpotlotteryonline.com\/wp-content\/uploads\/2022\/11\/2_ticket_mon_wed_lotto_au-176x300.jpg 176w, https:\/\/jackpotlotteryonline.com\/wp-content\/uploads\/2022\/11\/2_ticket_mon_wed_lotto_au.jpg 250w\" sizes=\"auto, (max-width: 176px) 100vw, 176px\" \/><\/p>\n<p>Ci sono solo due modi per partecipare a questa lotteria. Il primo \u00e8 quello di acquistare un biglietto da un venditore in uno qualsiasi degli Stati in cui i biglietti sono venduti. Mentre la seconda opzione \u00e8 quella di accedere alla lotteria attraverso internet. Sempre pi\u00f9 giocatori partecipano alle lotterie internazionali online.<\/p>\n<p>Esistono siti di lotterie che consentono ai giocatori di accedere legittimamente alle lotterie di tutto il mondo. Prima di visitare uno di questi siti, \u00e8 importante innanzitutto scoprire se si tratta di un sito concierge. Questo per evitare di finire a scommettere sui risultati della lotteria invece di partecipare alla lotteria.<\/p>\n<p>Quando acquistate il vostro biglietto della lotteria da noi, avrete accesso alla lotteria di vostra scelta. Gestiamo un servizio di concierge con agenti in tutto il mondo. Una volta acquistato il biglietto online, i nostri agenti in quel paese riceveranno anche un biglietto fisico con i numeri corrispondenti. Indipendentemente dal luogo in cui vi trovate, potete essere certi di avere la possibilit\u00e0 di vincere molto.<\/p>\n","protected":false},"excerpt":{"rendered":"<p>Nel marzo 2018 una famiglia ha vinto il jackpot del Lotto America di 23 milioni di dollari. Si tratta del premio pi\u00f9 alto vinto finora da qualsiasi giocatore, tuttavia ha attirato l&#8217;attenzione su questa lotteria. Fondata nel 1988 da sette Stati americani, molti altri Stati si sono uniti alla lotteria. Nel corso degli anni, ha [&hellip;]<\/p>\n","protected":false},"author":1,"featured_media":0,"parent":35762,"menu_order":13,"comment_status":"closed","ping_status":"closed","template":"lotto-america-info.php","meta":{"_et_pb_use_builder":"","_et_pb_old_content":"","_et_gb_content_width":"","exclude_from_search":false,"footnotes":""},"class_list":["post-36840","page","type-page","status-publish","hentry"],"yoast_head":"<!-- This site is optimized with the Yoast SEO plugin v23.3 - https:\/\/yoast.com\/wordpress\/plugins\/seo\/ -->\n<title>Comprare i biglietti del Lotto America fuori dagli USA | Lotto America online<\/title>\n<meta name=\"description\" content=\"Lotto America pu\u00f2 essere giocato anche da fuori dagli Stati Uniti: basta acquistare il biglietto Lotto America attraverso il nostro servizio di biglietteria online.\" \/>\n<meta name=\"robots\" content=\"index, follow, max-snippet:-1, max-image-preview:large, max-video-preview:-1\" \/>\n<link rel=\"canonical\" href=\"https:\/\/jackpotlotteryonline.com\/buy-tickets\/lotto-america\/\" \/>\n<meta property=\"og:locale\" content=\"it_IT\" \/>\n<meta property=\"og:type\" content=\"article\" \/>\n<meta property=\"og:title\" content=\"Comprare i biglietti del Lotto America fuori dagli USA | Lotto America online\" \/>\n<meta property=\"og:description\" content=\"Lotto America pu\u00f2 essere giocato anche da fuori dagli Stati Uniti: basta acquistare il biglietto Lotto America attraverso il nostro servizio di biglietteria online.\" \/>\n<meta property=\"og:url\" content=\"https:\/\/jackpotlotteryonline.com\/buy-tickets\/lotto-america\/\" \/>\n<meta property=\"og:site_name\" content=\"Lotto Online - Crack The International Lottery Jackpots\" \/>\n<meta property=\"article:modified_time\" content=\"2023-01-04T09:10:50+00:00\" \/>\n<meta property=\"og:image\" content=\"https:\/\/jackpotlotteryonline.com\/wp-content\/uploads\/2022\/11\/1_win_lottery_usa_online.jpg\" \/>\n<meta name=\"twitter:card\" content=\"summary_large_image\" \/>\n<meta name=\"twitter:label1\" content=\"Tempo di lettura stimato\" \/>\n\t<meta name=\"twitter:data1\" content=\"4 minuti\" \/>\n<!-- \/ Yoast SEO plugin. -->","yoast_head_json":{"title":"Comprare i biglietti del Lotto America fuori dagli USA | Lotto America online","description":"Lotto America pu\u00f2 essere giocato anche da fuori dagli Stati Uniti: basta acquistare il biglietto Lotto America attraverso il nostro servizio di biglietteria online.","robots":{"index":"index","follow":"follow","max-snippet":"max-snippet:-1","max-image-preview":"max-image-preview:large","max-video-preview":"max-video-preview:-1"},"canonical":"https:\/\/jackpotlotteryonline.com\/buy-tickets\/lotto-america\/","og_locale":"it_IT","og_type":"article","og_title":"Comprare i biglietti del Lotto America fuori dagli USA | Lotto America online","og_description":"Lotto America pu\u00f2 essere giocato anche da fuori dagli Stati Uniti: basta acquistare il biglietto Lotto America attraverso il nostro servizio di biglietteria online.","og_url":"https:\/\/jackpotlotteryonline.com\/buy-tickets\/lotto-america\/","og_site_name":"Lotto Online - Crack The International Lottery Jackpots","article_modified_time":"2023-01-04T09:10:50+00:00","og_image":[{"url":"https:\/\/jackpotlotteryonline.com\/wp-content\/uploads\/2022\/11\/1_win_lottery_usa_online.jpg"}],"twitter_card":"summary_large_image","twitter_misc":{"Tempo di lettura stimato":"4 minuti"},"schema":{"@context":"https:\/\/schema.org","@graph":[{"@type":"WebPage","@id":"https:\/\/jackpotlotteryonline.com\/buy-tickets\/lotto-america\/","url":"https:\/\/jackpotlotteryonline.com\/buy-tickets\/lotto-america\/","name":"Comprare i biglietti del Lotto America fuori dagli USA | Lotto America online","isPartOf":{"@id":"https:\/\/jackpotlotteryonline.com\/#website"},"primaryImageOfPage":{"@id":"https:\/\/jackpotlotteryonline.com\/buy-tickets\/lotto-america\/#primaryimage"},"image":{"@id":"https:\/\/jackpotlotteryonline.com\/buy-tickets\/lotto-america\/#primaryimage"},"thumbnailUrl":"https:\/\/jackpotlotteryonline.com\/wp-content\/uploads\/2022\/11\/1_win_lottery_usa_online.jpg","datePublished":"2022-11-09T08:50:06+00:00","dateModified":"2023-01-04T09:10:50+00:00","description":"Lotto America pu\u00f2 essere giocato anche da fuori dagli Stati Uniti: basta acquistare il biglietto Lotto America attraverso il nostro servizio di biglietteria online.","breadcrumb":{"@id":"https:\/\/jackpotlotteryonline.com\/buy-tickets\/lotto-america\/#breadcrumb"},"inLanguage":"it-IT","potentialAction":[{"@type":"ReadAction","target":["https:\/\/jackpotlotteryonline.com\/buy-tickets\/lotto-america\/"]}]},{"@type":"ImageObject","inLanguage":"it-IT","@id":"https:\/\/jackpotlotteryonline.com\/buy-tickets\/lotto-america\/#primaryimage","url":"https:\/\/jackpotlotteryonline.com\/wp-content\/uploads\/2022\/11\/1_win_lottery_usa_online.jpg","contentUrl":"https:\/\/jackpotlotteryonline.com\/wp-content\/uploads\/2022\/11\/1_win_lottery_usa_online.jpg"},{"@type":"BreadcrumbList","@id":"https:\/\/jackpotlotteryonline.com\/buy-tickets\/lotto-america\/#breadcrumb","itemListElement":[{"@type":"ListItem","position":1,"name":"Home","item":"https:\/\/jackpotlotteryonline.com\/it\/"},{"@type":"ListItem","position":2,"name":"Come acquistare i biglietti della lotteria online","item":"https:\/\/jackpotlotteryonline.com\/buy-tickets\/"},{"@type":"ListItem","position":3,"name":"Biglietti Lotto America online"}]},{"@type":"WebSite","@id":"https:\/\/jackpotlotteryonline.com\/#website","url":"https:\/\/jackpotlotteryonline.com\/","name":"Lotto Online - Crack The International Lottery Jackpots","description":"","potentialAction":[{"@type":"SearchAction","target":{"@type":"EntryPoint","urlTemplate":"https:\/\/jackpotlotteryonline.com\/?s={search_term_string}"},"query-input":"required name=search_term_string"}],"inLanguage":"it-IT"}]}},"_links":{"self":[{"href":"https:\/\/jackpotlotteryonline.com\/it\/wp-json\/wp\/v2\/pages\/36840","targetHints":{"allow":["GET"]}}],"collection":[{"href":"https:\/\/jackpotlotteryonline.com\/it\/wp-json\/wp\/v2\/pages"}],"about":[{"href":"https:\/\/jackpotlotteryonline.com\/it\/wp-json\/wp\/v2\/types\/page"}],"author":[{"embeddable":true,"href":"https:\/\/jackpotlotteryonline.com\/it\/wp-json\/wp\/v2\/users\/1"}],"replies":[{"embeddable":true,"href":"https:\/\/jackpotlotteryonline.com\/it\/wp-json\/wp\/v2\/comments?post=36840"}],"version-history":[{"count":0,"href":"https:\/\/jackpotlotteryonline.com\/it\/wp-json\/wp\/v2\/pages\/36840\/revisions"}],"up":[{"embeddable":true,"href":"https:\/\/jackpotlotteryonline.com\/it\/wp-json\/wp\/v2\/pages\/35762"}],"wp:attachment":[{"href":"https:\/\/jackpotlotteryonline.com\/it\/wp-json\/wp\/v2\/media?parent=36840"}],"curies":[{"name":"wp","href":"https:\/\/api.w.org\/{rel}","templated":true}]}}