{"id":36893,"date":"2022-11-09T09:59:30","date_gmt":"2022-11-09T09:59:30","guid":{"rendered":"https:\/\/jackpotlotteryonline.com\/?page_id=36893"},"modified":"2022-12-22T12:20:46","modified_gmt":"2022-12-22T12:20:46","slug":"uk-lottery","status":"publish","type":"page","link":"https:\/\/jackpotlotteryonline.com\/it\/comprare-biglietti\/uk-lottery\/","title":{"rendered":"Lotteria del Regno Unito"},"content":{"rendered":"<h2>Panoramica della lotteria online del Regno Unito<\/h2>\n<p>La Lotteria del Regno Unito \u00e8 un gioco popolare per la sua capacit\u00e0 di rendere milionari. Pu\u00f2 essere giocata anche online. <a href=\"https:\/\/jackpotlotteryonline.com\/it\/numeri-vincenti\/uk-lottery\">Il gioco viene estratto due volte a settimana<\/a>, il mercoled\u00ec e il sabato.<\/p>\n<h2>Come funziona la Lotteria del Regno Unito<\/h2>\n<p>Ogni giocatore deve selezionare 6 numeri sul proprio biglietto da una selezione di numeri da 1 a 49. Quando avviene l&#8217;estrazione, vengono selezionati sei numeri e un numero bonus. A causa della percentuale di vincita relativamente bassa, non consigliamo questa lotteria. Ci sono molti altri giochi di lotteria internazionali disponibili online con vincite migliori e jackpot pi\u00f9 alti.<\/p>\n<section class=\"layout\" style=\"border: solid 1px; width: 100%;\">\n<div class=\"img-div\" style=\"margin-top: 5px;\"><img decoding=\"async\" class=\"wp-image-17212 alignleft\" style=\"height: 45px; margin: 8px 8px 0px;\" src=\"https:\/\/jackpotlotteryonline.com\/wp-content\/uploads\/2022\/11\/read1.jpg\" alt=\"leggere\" width=\"\" height=\"\" \/><\/div>\n<div style=\"padding-left: 5px;\">\n<div style=\"font-size: 1.1em;\">\n<p><strong>Lotterie europee<\/strong><\/p>\n<p style=\"font-size: 0.85em; margin-top: -1.5em;\">Quali sono le migliori lotterie europee?\u00a0\u00a0 <a href=\"https:\/\/jackpotlotteryonline.com\/it\/quali-sono-le-migliori-lotterie-europee\">Per saperne di pi\u00f9<\/a><\/p>\n<\/div>\n<\/div>\n<\/section>\n<h2>Vincere alla lotteria del Regno Unito<\/h2>\n<p><img loading=\"lazy\" decoding=\"async\" class=\"alignright size-medium wp-image-19520\" src=\"https:\/\/jackpotlotteryonline.com\/wp-content\/uploads\/2022\/10\/2_ticket_uk_lottery-192x300.jpg\" alt=\"acquistare il biglietto della lotteria del Regno Unito\" width=\"192\" height=\"300\" srcset=\"https:\/\/jackpotlotteryonline.com\/wp-content\/uploads\/2022\/10\/2_ticket_uk_lottery-192x300.jpg 192w, https:\/\/jackpotlotteryonline.com\/wp-content\/uploads\/2022\/10\/2_ticket_uk_lottery.jpg 250w\" sizes=\"auto, (max-width: 192px) 100vw, 192px\" \/><\/p>\n<p>Per vincere un premio \u00e8 necessario abbinare un minimo di tre numeri ai numeri principali estratti. Il numero bonus \u00e8 rilevante solo se si abbinano almeno cinque dei numeri principali dell&#8217;estrazione.<\/p>\n<p>Richiedere la vincita \u00e8 semplice. In caso di vincita fino a 2.500 euro, la vincita sar\u00e0 pagata direttamente sul conto del giocatore della lotteria qui sul nostro sito. Per le vincite superiori a 2.500 euro, il nostro servizio di assistenza clienti vi contatter\u00e0 per organizzare un pagamento diretto da parte della societ\u00e0 di lotteria.<\/p>\n<p>Circa il 45% di tutti i fondi del lotto britannico sono destinati ai premi in denaro. Se si indovinano sei numeri principali, si ricever\u00e0 il 52% del fondo del lotto; se si indovinano cinque numeri principali, pi\u00f9 il numero bonus, si ricever\u00e0 il 16% del fondo del lotto rimanente; se si indovinano cinque numeri principali, si ricever\u00e0 il 10% del fondo del lotto rimanente; se si indovinano quattro numeri principali, si ricever\u00e0 il 22% del fondo del lotto rimanente e se si indovinano tre numeri principali, si ricever\u00e0 generalmente 10 sterline. La UK Lotto offre anche giochi a vincita istantanea online.<\/p>\n<h2>Giocare alla lotteria del Regno Unito online<\/h2>\n<p>\u00c8 possibile <a href=\"https:\/\/jackpotlotteryonline.com\/it\/come-giocare\/uk-lottery\">giocare alla lotteria del Regno Unito online<\/a>, il che la rende pi\u00f9 accessibile e conveniente. Non \u00e8 pi\u00f9 necessario uscire per acquistare un biglietto della lotteria del Regno Unito presso un rivenditore; ora \u00e8 possibile acquistare i biglietti comodamente da casa propria e non dipende dalla residenza nel Regno Unito.<\/p>\n<p>Per giocare al lotto del Regno Unito online e da fuori del Regno Unito, dovrete cliccare sul banner qui sopra per la lotteria del Regno Unito. \u00c8 sufficiente registrarsi e poi completare il pagamento online.<\/p>\n<h2>Perch\u00e9 la maggior parte dei jackpot delle lotterie internazionali sono pi\u00f9 interessanti di quelli della lotteria del Regno Unito<\/h2>\n<ul>\n<li>I jackpot sono molto pi\u00f9 alti nelle lotterie internazionali (controllate gli importi nel banner in alto).<\/li>\n<li>Il Lotto del Regno Unito distribuisce solo il 45% dei fondi come vincita.<\/li>\n<li>Sul nostro sito web, avete una variet\u00e0 di mega-lotterie e jackpot enormi tra cui scegliere!<\/li>\n<\/ul>\n","protected":false},"excerpt":{"rendered":"<p>Panoramica della lotteria online del Regno Unito La Lotteria del Regno Unito \u00e8 un gioco popolare per la sua capacit\u00e0 di rendere milionari. Pu\u00f2 essere giocata anche online. Il gioco viene estratto due volte a settimana, il mercoled\u00ec e il sabato. Come funziona la Lotteria del Regno Unito Ogni giocatore deve selezionare 6 numeri sul [&hellip;]<\/p>\n","protected":false},"author":1,"featured_media":0,"parent":35762,"menu_order":10,"comment_status":"closed","ping_status":"closed","template":"lotto-uk-info.php","meta":{"_et_pb_use_builder":"","_et_pb_old_content":"","_et_gb_content_width":"","exclude_from_search":false,"footnotes":""},"class_list":["post-36893","page","type-page","status-publish","hentry"],"yoast_head":"<!-- This site is optimized with the Yoast SEO plugin v23.3 - https:\/\/yoast.com\/wordpress\/plugins\/seo\/ -->\n<title>Acquistare biglietti online per la Lotteria del Regno Unito da fuori del Regno Unito<\/title>\n<meta name=\"description\" content=\"Come funziona la Lotteria del Regno Unito e come acquistare un biglietto e vincere online da fuori dal Regno Unito\" \/>\n<meta name=\"robots\" content=\"index, follow, max-snippet:-1, max-image-preview:large, max-video-preview:-1\" \/>\n<link rel=\"canonical\" href=\"https:\/\/jackpotlotteryonline.com\/it\/comprare-biglietti\/uk-lottery\/\" \/>\n<meta property=\"og:locale\" content=\"it_IT\" \/>\n<meta property=\"og:type\" content=\"article\" \/>\n<meta property=\"og:title\" content=\"Acquistare biglietti online per la Lotteria del Regno Unito da fuori del Regno Unito\" \/>\n<meta property=\"og:description\" content=\"Come funziona la Lotteria del Regno Unito e come acquistare un biglietto e vincere online da fuori dal Regno Unito\" \/>\n<meta property=\"og:url\" content=\"https:\/\/jackpotlotteryonline.com\/it\/comprare-biglietti\/uk-lottery\/\" \/>\n<meta property=\"og:site_name\" content=\"Lotto Online - Crack The International Lottery Jackpots\" \/>\n<meta property=\"article:modified_time\" content=\"2022-12-22T12:20:46+00:00\" \/>\n<meta property=\"og:image\" content=\"https:\/\/jackpotlotteryonline.com\/wp-content\/uploads\/2022\/11\/read1.jpg\" \/>\n<meta name=\"twitter:card\" content=\"summary_large_image\" \/>\n<meta name=\"twitter:label1\" content=\"Tempo di lettura stimato\" \/>\n\t<meta name=\"twitter:data1\" content=\"3 minuti\" \/>\n<!-- \/ Yoast SEO plugin. -->","yoast_head_json":{"title":"Acquistare biglietti online per la Lotteria del Regno Unito da fuori del Regno Unito","description":"Come funziona la Lotteria del Regno Unito e come acquistare un biglietto e vincere online da fuori dal Regno Unito","robots":{"index":"index","follow":"follow","max-snippet":"max-snippet:-1","max-image-preview":"max-image-preview:large","max-video-preview":"max-video-preview:-1"},"canonical":"https:\/\/jackpotlotteryonline.com\/it\/comprare-biglietti\/uk-lottery\/","og_locale":"it_IT","og_type":"article","og_title":"Acquistare biglietti online per la Lotteria del Regno Unito da fuori del Regno Unito","og_description":"Come funziona la Lotteria del Regno Unito e come acquistare un biglietto e vincere online da fuori dal Regno Unito","og_url":"https:\/\/jackpotlotteryonline.com\/it\/comprare-biglietti\/uk-lottery\/","og_site_name":"Lotto Online - Crack The International Lottery Jackpots","article_modified_time":"2022-12-22T12:20:46+00:00","og_image":[{"url":"https:\/\/jackpotlotteryonline.com\/wp-content\/uploads\/2022\/11\/read1.jpg"}],"twitter_card":"summary_large_image","twitter_misc":{"Tempo di lettura stimato":"3 minuti"},"schema":{"@context":"https:\/\/schema.org","@graph":[{"@type":"WebPage","@id":"https:\/\/jackpotlotteryonline.com\/it\/comprare-biglietti\/uk-lottery\/","url":"https:\/\/jackpotlotteryonline.com\/it\/comprare-biglietti\/uk-lottery\/","name":"Acquistare biglietti online per la Lotteria del Regno Unito da fuori del Regno Unito","isPartOf":{"@id":"https:\/\/jackpotlotteryonline.com\/#website"},"primaryImageOfPage":{"@id":"https:\/\/jackpotlotteryonline.com\/it\/comprare-biglietti\/uk-lottery\/#primaryimage"},"image":{"@id":"https:\/\/jackpotlotteryonline.com\/it\/comprare-biglietti\/uk-lottery\/#primaryimage"},"thumbnailUrl":"https:\/\/jackpotlotteryonline.com\/wp-content\/uploads\/2022\/11\/read1.jpg","datePublished":"2022-11-09T09:59:30+00:00","dateModified":"2022-12-22T12:20:46+00:00","description":"Come funziona la Lotteria del Regno Unito e come acquistare un biglietto e vincere online da fuori dal Regno Unito","breadcrumb":{"@id":"https:\/\/jackpotlotteryonline.com\/it\/comprare-biglietti\/uk-lottery\/#breadcrumb"},"inLanguage":"it-IT","potentialAction":[{"@type":"ReadAction","target":["https:\/\/jackpotlotteryonline.com\/it\/comprare-biglietti\/uk-lottery\/"]}]},{"@type":"ImageObject","inLanguage":"it-IT","@id":"https:\/\/jackpotlotteryonline.com\/it\/comprare-biglietti\/uk-lottery\/#primaryimage","url":"https:\/\/jackpotlotteryonline.com\/wp-content\/uploads\/2022\/11\/read1.jpg","contentUrl":"https:\/\/jackpotlotteryonline.com\/wp-content\/uploads\/2022\/11\/read1.jpg"},{"@type":"BreadcrumbList","@id":"https:\/\/jackpotlotteryonline.com\/it\/comprare-biglietti\/uk-lottery\/#breadcrumb","itemListElement":[{"@type":"ListItem","position":1,"name":"Home","item":"https:\/\/jackpotlotteryonline.com\/it\/"},{"@type":"ListItem","position":2,"name":"Come acquistare i biglietti della lotteria online","item":"https:\/\/jackpotlotteryonline.com\/buy-tickets\/"},{"@type":"ListItem","position":3,"name":"Lotteria del Regno Unito"}]},{"@type":"WebSite","@id":"https:\/\/jackpotlotteryonline.com\/#website","url":"https:\/\/jackpotlotteryonline.com\/","name":"Lotto Online - Crack The International Lottery Jackpots","description":"","potentialAction":[{"@type":"SearchAction","target":{"@type":"EntryPoint","urlTemplate":"https:\/\/jackpotlotteryonline.com\/?s={search_term_string}"},"query-input":"required name=search_term_string"}],"inLanguage":"it-IT"}]}},"_links":{"self":[{"href":"https:\/\/jackpotlotteryonline.com\/it\/wp-json\/wp\/v2\/pages\/36893","targetHints":{"allow":["GET"]}}],"collection":[{"href":"https:\/\/jackpotlotteryonline.com\/it\/wp-json\/wp\/v2\/pages"}],"about":[{"href":"https:\/\/jackpotlotteryonline.com\/it\/wp-json\/wp\/v2\/types\/page"}],"author":[{"embeddable":true,"href":"https:\/\/jackpotlotteryonline.com\/it\/wp-json\/wp\/v2\/users\/1"}],"replies":[{"embeddable":true,"href":"https:\/\/jackpotlotteryonline.com\/it\/wp-json\/wp\/v2\/comments?post=36893"}],"version-history":[{"count":0,"href":"https:\/\/jackpotlotteryonline.com\/it\/wp-json\/wp\/v2\/pages\/36893\/revisions"}],"up":[{"embeddable":true,"href":"https:\/\/jackpotlotteryonline.com\/it\/wp-json\/wp\/v2\/pages\/35762"}],"wp:attachment":[{"href":"https:\/\/jackpotlotteryonline.com\/it\/wp-json\/wp\/v2\/media?parent=36893"}],"curies":[{"name":"wp","href":"https:\/\/api.w.org\/{rel}","templated":true}]}}