{"id":36946,"date":"2022-11-09T11:13:49","date_gmt":"2022-11-09T11:13:49","guid":{"rendered":"https:\/\/jackpotlotteryonline.com\/?page_id=36946"},"modified":"2023-01-04T08:15:16","modified_gmt":"2023-01-04T08:15:16","slug":"set-for-life","status":"publish","type":"page","link":"https:\/\/jackpotlotteryonline.com\/it\/comprare-biglietti\/set-for-life\/","title":{"rendered":"Acquista i biglietti per Set for Life"},"content":{"rendered":"<p>Siete pronti ad avere la possibilit\u00e0 di essere incastonati per tutta la vita? Non c&#8217;\u00e8 momento migliore del presente per tentare di vincere 10.000 sterline al mese per i prossimi 30 anni e tutto inizia <a href=\"https:\/\/jackpotlotteryonline.com\/it\/come-giocare\/set-for-life\">giocando alla lotteria del Regno Unito<\/a>.<\/p>\n<p>Questa lotteria \u00e8 gestita dalla National Lottery del Regno Unito e ha avuto la sua prima estrazione nel 1999. Da allora, \u00e8 stata una delle preferite dai giocatori della lotteria britannica, poich\u00e9 l&#8217;attrazione di 10.000 sterline al mese per 30 anni sembra quasi troppo difficile per resistere. E non dovreste resistere nemmeno voi, se \u00e8 per questo. Vincere questa lotteria \u00e8 quasi come far venire Babbo Natale a casa vostra ogni mese.<br \/>\n<img loading=\"lazy\" decoding=\"async\" class=\"alignright size-medium wp-image-35457\" src=\"https:\/\/jackpotlotteryonline.com\/wp-content\/uploads\/2022\/11\/2_ticket_uk_lottery-192x300.jpg\" alt=\"Biglietti Set for Life\" width=\"192\" height=\"300\" srcset=\"https:\/\/jackpotlotteryonline.com\/wp-content\/uploads\/2022\/11\/2_ticket_uk_lottery-192x300.jpg 192w, https:\/\/jackpotlotteryonline.com\/wp-content\/uploads\/2022\/11\/2_ticket_uk_lottery.jpg 250w\" sizes=\"auto, (max-width: 192px) 100vw, 192px\" \/><\/p>\n<p>I biglietti di questa lotteria britannica sono venduti da un&#8217;ampia rete di venditori nel Paese. Tuttavia, se vivete al di fuori del Regno Unito, non c&#8217;\u00e8 motivo per cui non possiate acquistare i biglietti della lotteria. Jackpotlotteryonline.com offre agli appassionati del lotto l&#8217;accesso alle migliori lotterie internazionali comodamente dal proprio computer o dispositivo mobile.<\/p>\n<p>Si registri con noi per iniziare a giocare alle lotterie del Regno Unito e del resto del mondo.<\/p>\n<h2>Come giocare a Set for Life online<\/h2>\n<p>Questa lotteria \u00e8 diversa dalle altre perch\u00e9 si tratta di una lotteria a rendita, quindi i vincitori non andranno a casa con milioni di euro o sterline. Tuttavia, l&#8217;unica differenza sta nel modo in cui viene assegnato il premio. Come per le altre lotterie, il giocatore deve scegliere i numeri principali da una certa gamma e un numero speciale.<\/p>\n<p>Per ottenere i biglietti di Set for Life online, visitate il sito di vostra scelta, quindi scegliete cinque numeri principali tra 1 e 47. Scegliete un numero bonus aggiuntivo, chiamato &#8220;numero Life Ball&#8221;, da un intervallo di 1 a 10. Potete usare i vostri numeri fortunati o utilizzare lo strumento di selezione automatica per scegliere una riga di numeri a caso. Inoltre, \u00e8 possibile scegliere pi\u00f9 righe di numeri per aumentare le probabilit\u00e0 di vincita.<\/p>\n<p>Per vincere la lotteria \u00e8 necessario abbinare tutti e 6 i numeri estratti. Se vi registrate con noi, potete <a href=\"https:\/\/jackpotlotteryonline.com\/it\/numeri-vincenti\/set-for-life\">partecipare alle estrazioni con diverse settimane di anticipo.<\/a><\/p>\n<h2>I premi<\/h2>\n<p><img loading=\"lazy\" decoding=\"async\" class=\"size-medium wp-image-30128 alignright\" src=\"https:\/\/jackpotlotteryonline.com\/wp-content\/uploads\/2022\/11\/1_win_online_lottery_jackpot-300x182.jpg\" alt=\"Premio della lotteria britannica\" width=\"300\" height=\"182\" srcset=\"https:\/\/jackpotlotteryonline.com\/wp-content\/uploads\/2022\/11\/1_win_online_lottery_jackpot-300x182.jpg 300w, https:\/\/jackpotlotteryonline.com\/wp-content\/uploads\/2022\/11\/1_win_online_lottery_jackpot.jpg 320w\" sizes=\"auto, (max-width: 300px) 100vw, 300px\" \/><\/p>\n<p>Abbiamo parlato del jackpot, che ammonta a 10.000 sterline al mese per 30 anni. Ma questo non \u00e8 l&#8217;unico premio per i giocatori di questa lotteria. Ad esempio, se si indovinano solo i 5 numeri principali, si otterranno 10.000 sterline al mese per un anno. Non male, vero?<\/p>\n<p>Diamo un&#8217;occhiata alla ripartizione dei premi e a ci\u00f2 che i giocatori possono aspettarsi di vincere acquistando i biglietti di questa lotteria britannica.<\/p>\n<p>Abbinamento 5 numeri principali + Life Ball &#8211; 10.000 sterline al mese per 30 anni<br \/>\nAbbinamento dei soli 5 numeri principali &#8211; 10.000 sterline al mese per 1 anno<br \/>\nAbbinamento di 4 numeri principali + Life Ball &#8211; 250 sterline<br \/>\nAbbinamento di soli 4 numeri principali &#8211; \u00a350<br \/>\nAbbinamento 3 numeri principali + Life Ball &#8211; \u20ac30<br \/>\nSolo 3 numeri principali &#8211; \u20ac20<br \/>\nAbbinamento di 2 numeri principali + Life Ball &#8211; \u00a310<br \/>\nSolo 2 numeri principali &#8211; \u00a35<\/p>\n<h2>Richiedere il premio<\/h2>\n<p>Avete 180 giorni di tempo per richiedere il vostro premio, altrimenti non potrete pi\u00f9 reclamarlo. I premi della lotteria nel Regno Unito sono esenti da imposte, quindi potete godervi le vostre vincite come meglio credete. Tuttavia, per chi gioca dall&#8217;estero, \u00e8 bene informarsi sulle leggi fiscali vigenti nel proprio paese.<\/p>\n<section class=\"layout\" style=\"border: solid 1px; width: 100%;\">\n<div class=\"img-div\" style=\"margin-top: 5px;\"><img decoding=\"async\" class=\"wp-image-17212 alignleft\" style=\"height: 45px; margin: 8px 8px 0px;\" src=\"https:\/\/jackpotlotteryonline.com\/wp-content\/uploads\/2022\/11\/read1.jpg\" alt=\"leggere\" width=\"\" height=\"\" \/><\/div>\n<div style=\"padding-left: 5px;\">\n<div style=\"font-size: 1.1em;\">\n<p><strong>Tasse sulle vincite alla lotteria<\/strong><\/p>\n<p style=\"font-size: 0.85em; margin-top: -1.5em;\">Devo pagare le tasse sulle vincite alla lotteria?\u00a0<a href=\"https:\/\/jackpotlotteryonline.com\/it\/devo-pagare-le-tasse-sulle-vincite-alla-lotteria\"> Per saperne di pi\u00f9<\/a><\/p>\n<\/div>\n<\/div>\n<\/section>\n<h2>Un&#8217;incredibile opportunit\u00e0 di vita<\/h2>\n<p>La possibilit\u00e0 di vincere il Set for Life \u00e8 un&#8217;occasione unica nella vita. Significa non doversi pi\u00f9 preoccupare delle proprie finanze in caso di vincita. Ci sono storie di vincitori di lotterie che hanno speso tutto il loro patrimonio e ora sono in bancarotta. Con questa lotteria, questo non deve accadere a voi. Anche se spendete tutto il primo mese, sapete che potrete usarlo meglio il mese successivo.<\/p>\n<p>Pensate a cosa significherebbe ricevere una somma simile ogni mese per 30 anni.<\/p>\n<h2>Registratevi con noi per giocare a Set for Life<\/h2>\n<p>Ottenere un biglietto per la lotteria delle rendite del Regno Unito da qualsiasi luogo non \u00e8 mai stato cos\u00ec facile. Quando vi registrate con noi, vi consentiamo di giocare alle migliori lotterie del mondo in modo semplice e senza preoccupazioni. Il nostro obiettivo \u00e8 creare esperienze memorabili per i nostri clienti. Registratevi con noi oggi stesso per acquistare i biglietti di Set for Life da qualsiasi parte del mondo.<\/p>\n","protected":false},"excerpt":{"rendered":"<p>Siete pronti ad avere la possibilit\u00e0 di essere incastonati per tutta la vita? Non c&#8217;\u00e8 momento migliore del presente per tentare di vincere 10.000 sterline al mese per i prossimi 30 anni e tutto inizia giocando alla lotteria del Regno Unito. Questa lotteria \u00e8 gestita dalla National Lottery del Regno Unito e ha avuto la [&hellip;]<\/p>\n","protected":false},"author":1,"featured_media":0,"parent":35762,"menu_order":11,"comment_status":"closed","ping_status":"closed","template":"set-for-life-info.php","meta":{"_et_pb_use_builder":"","_et_pb_old_content":"","_et_gb_content_width":"","exclude_from_search":false,"footnotes":""},"class_list":["post-36946","page","type-page","status-publish","hentry"],"yoast_head":"<!-- This site is optimized with the Yoast SEO plugin v23.3 - https:\/\/yoast.com\/wordpress\/plugins\/seo\/ -->\n<title>Comprare i biglietti per Set for life fuori dal Regno Unito | Comprare i biglietti per Set for Life online<\/title>\n<meta name=\"description\" content=\"Set for Life \u00e8 una lotteria molto speciale, ma per partecipare da fuori il Regno Unito, \u00e8 necessario acquistare un biglietto online qui\" \/>\n<meta name=\"robots\" content=\"index, follow, max-snippet:-1, max-image-preview:large, max-video-preview:-1\" \/>\n<link rel=\"canonical\" href=\"https:\/\/jackpotlotteryonline.com\/it\/comprare-biglietti\/set-for-life\/\" \/>\n<meta property=\"og:locale\" content=\"it_IT\" \/>\n<meta property=\"og:type\" content=\"article\" \/>\n<meta property=\"og:title\" content=\"Comprare i biglietti per Set for life fuori dal Regno Unito | Comprare i biglietti per Set for Life online\" \/>\n<meta property=\"og:description\" content=\"Set for Life \u00e8 una lotteria molto speciale, ma per partecipare da fuori il Regno Unito, \u00e8 necessario acquistare un biglietto online qui\" \/>\n<meta property=\"og:url\" content=\"https:\/\/jackpotlotteryonline.com\/it\/comprare-biglietti\/set-for-life\/\" \/>\n<meta property=\"og:site_name\" content=\"Lotto Online - Crack The International Lottery Jackpots\" \/>\n<meta property=\"article:modified_time\" content=\"2023-01-04T08:15:16+00:00\" \/>\n<meta property=\"og:image\" content=\"https:\/\/jackpotlotteryonline.com\/wp-content\/uploads\/2022\/11\/2_ticket_uk_lottery-192x300.jpg\" \/>\n<meta name=\"twitter:card\" content=\"summary_large_image\" \/>\n<meta name=\"twitter:label1\" content=\"Tempo di lettura stimato\" \/>\n\t<meta name=\"twitter:data1\" content=\"4 minuti\" \/>\n<!-- \/ Yoast SEO plugin. -->","yoast_head_json":{"title":"Comprare i biglietti per Set for life fuori dal Regno Unito | Comprare i biglietti per Set for Life online","description":"Set for Life \u00e8 una lotteria molto speciale, ma per partecipare da fuori il Regno Unito, \u00e8 necessario acquistare un biglietto online qui","robots":{"index":"index","follow":"follow","max-snippet":"max-snippet:-1","max-image-preview":"max-image-preview:large","max-video-preview":"max-video-preview:-1"},"canonical":"https:\/\/jackpotlotteryonline.com\/it\/comprare-biglietti\/set-for-life\/","og_locale":"it_IT","og_type":"article","og_title":"Comprare i biglietti per Set for life fuori dal Regno Unito | Comprare i biglietti per Set for Life online","og_description":"Set for Life \u00e8 una lotteria molto speciale, ma per partecipare da fuori il Regno Unito, \u00e8 necessario acquistare un biglietto online qui","og_url":"https:\/\/jackpotlotteryonline.com\/it\/comprare-biglietti\/set-for-life\/","og_site_name":"Lotto Online - Crack The International Lottery Jackpots","article_modified_time":"2023-01-04T08:15:16+00:00","og_image":[{"url":"https:\/\/jackpotlotteryonline.com\/wp-content\/uploads\/2022\/11\/2_ticket_uk_lottery-192x300.jpg"}],"twitter_card":"summary_large_image","twitter_misc":{"Tempo di lettura stimato":"4 minuti"},"schema":{"@context":"https:\/\/schema.org","@graph":[{"@type":"WebPage","@id":"https:\/\/jackpotlotteryonline.com\/it\/comprare-biglietti\/set-for-life\/","url":"https:\/\/jackpotlotteryonline.com\/it\/comprare-biglietti\/set-for-life\/","name":"Comprare i biglietti per Set for life fuori dal Regno Unito | Comprare i biglietti per Set for Life online","isPartOf":{"@id":"https:\/\/jackpotlotteryonline.com\/#website"},"primaryImageOfPage":{"@id":"https:\/\/jackpotlotteryonline.com\/it\/comprare-biglietti\/set-for-life\/#primaryimage"},"image":{"@id":"https:\/\/jackpotlotteryonline.com\/it\/comprare-biglietti\/set-for-life\/#primaryimage"},"thumbnailUrl":"https:\/\/jackpotlotteryonline.com\/wp-content\/uploads\/2022\/11\/2_ticket_uk_lottery-192x300.jpg","datePublished":"2022-11-09T11:13:49+00:00","dateModified":"2023-01-04T08:15:16+00:00","description":"Set for Life \u00e8 una lotteria molto speciale, ma per partecipare da fuori il Regno Unito, \u00e8 necessario acquistare un biglietto online qui","breadcrumb":{"@id":"https:\/\/jackpotlotteryonline.com\/it\/comprare-biglietti\/set-for-life\/#breadcrumb"},"inLanguage":"it-IT","potentialAction":[{"@type":"ReadAction","target":["https:\/\/jackpotlotteryonline.com\/it\/comprare-biglietti\/set-for-life\/"]}]},{"@type":"ImageObject","inLanguage":"it-IT","@id":"https:\/\/jackpotlotteryonline.com\/it\/comprare-biglietti\/set-for-life\/#primaryimage","url":"https:\/\/jackpotlotteryonline.com\/wp-content\/uploads\/2022\/11\/2_ticket_uk_lottery-192x300.jpg","contentUrl":"https:\/\/jackpotlotteryonline.com\/wp-content\/uploads\/2022\/11\/2_ticket_uk_lottery-192x300.jpg"},{"@type":"BreadcrumbList","@id":"https:\/\/jackpotlotteryonline.com\/it\/comprare-biglietti\/set-for-life\/#breadcrumb","itemListElement":[{"@type":"ListItem","position":1,"name":"Home","item":"https:\/\/jackpotlotteryonline.com\/it\/"},{"@type":"ListItem","position":2,"name":"Come acquistare i biglietti della lotteria online","item":"https:\/\/jackpotlotteryonline.com\/buy-tickets\/"},{"@type":"ListItem","position":3,"name":"Acquista i biglietti per Set for Life"}]},{"@type":"WebSite","@id":"https:\/\/jackpotlotteryonline.com\/#website","url":"https:\/\/jackpotlotteryonline.com\/","name":"Lotto Online - Crack The International Lottery Jackpots","description":"","potentialAction":[{"@type":"SearchAction","target":{"@type":"EntryPoint","urlTemplate":"https:\/\/jackpotlotteryonline.com\/?s={search_term_string}"},"query-input":"required name=search_term_string"}],"inLanguage":"it-IT"}]}},"_links":{"self":[{"href":"https:\/\/jackpotlotteryonline.com\/it\/wp-json\/wp\/v2\/pages\/36946","targetHints":{"allow":["GET"]}}],"collection":[{"href":"https:\/\/jackpotlotteryonline.com\/it\/wp-json\/wp\/v2\/pages"}],"about":[{"href":"https:\/\/jackpotlotteryonline.com\/it\/wp-json\/wp\/v2\/types\/page"}],"author":[{"embeddable":true,"href":"https:\/\/jackpotlotteryonline.com\/it\/wp-json\/wp\/v2\/users\/1"}],"replies":[{"embeddable":true,"href":"https:\/\/jackpotlotteryonline.com\/it\/wp-json\/wp\/v2\/comments?post=36946"}],"version-history":[{"count":0,"href":"https:\/\/jackpotlotteryonline.com\/it\/wp-json\/wp\/v2\/pages\/36946\/revisions"}],"up":[{"embeddable":true,"href":"https:\/\/jackpotlotteryonline.com\/it\/wp-json\/wp\/v2\/pages\/35762"}],"wp:attachment":[{"href":"https:\/\/jackpotlotteryonline.com\/it\/wp-json\/wp\/v2\/media?parent=36946"}],"curies":[{"name":"wp","href":"https:\/\/api.w.org\/{rel}","templated":true}]}}