{"id":36999,"date":"2022-11-09T13:01:47","date_gmt":"2022-11-09T13:01:47","guid":{"rendered":"https:\/\/jackpotlotteryonline.com\/?page_id=36999"},"modified":"2022-12-24T08:38:40","modified_gmt":"2022-12-24T08:38:40","slug":"mega-sena","status":"publish","type":"page","link":"https:\/\/jackpotlotteryonline.com\/it\/comprare-biglietti\/mega-sena\/","title":{"rendered":"Acquista i biglietti per Mega Sena"},"content":{"rendered":"<p>Mega Sena \u00e8 la pi\u00f9 grande lotteria del Brasile con uno dei pi\u00f9 grandi jackpot del mondo. Non c&#8217;\u00e8 da stupirsi che i giocatori di tutto il mondo siano ansiosi di vincere il jackpot. \u00c8 interessante notare che Mega Sena \u00e8 anche una lotteria facile da giocare, pi\u00f9 facile di molte altre lotterie internazionali. La facilit\u00e0 di gioco, il grande jackpot e le quote favorevoli rendono questa lotteria estremamente attraente per i giocatori di tutto il mondo.<\/p>\n<p>Per <a href=\"https:\/\/jackpotlotteryonline.com\/it\/come-giocare\/mega-sena-2\">giocare alla lotteria Mega Sena<\/a> \u00e8 sufficiente indovinare i sei numeri estratti. Non ci sono numeri speciali o bonus quando si gioca a questa lotteria. Basta scegliere 6 numeri da 1 a 60 e <a href=\"https:\/\/jackpotlotteryonline.com\/it\/numeri-vincenti\/mega-sena\">partecipare all&#8217;estrazione<\/a>.<\/p>\n<p>Sebbene sia necessario scegliere sei numeri per partecipare all&#8217;estrazione, non c&#8217;\u00e8 limite al numero di linee che si possono scegliere. Pertanto, \u00e8 possibile scegliere dieci linee di sei numeri per aumentare le probabilit\u00e0 di vincita della lotteria.<\/p>\n<h2>Dove acquistare i biglietti di Mega Sena<\/h2>\n<p><img loading=\"lazy\" decoding=\"async\" class=\"alignright size-full wp-image-28778\" src=\"http:\/\/jackpotlotteryonline.com\/wp-content\/uploads\/2022\/11\/1_online_ticket_eurojackpot2.jpg\" alt=\"acquista i biglietti per il Mega Sena\" width=\"300\" height=\"200\" \/><\/p>\n<p>Se vivete in Brasile, per partecipare a questa lotteria \u00e8 sufficiente recarsi presso un distributore per acquistare i biglietti. Tuttavia, questo potrebbe rappresentare una sfida per i giocatori che vivono fuori dal Paese. Se vivete al di fuori di questa giurisdizione, c&#8217;\u00e8 un&#8217;opzione a vostra disposizione. Dovete acquistare i biglietti online.<\/p>\n<h2>Acquistare i biglietti di Mega Sena online<\/h2>\n<p>Giocare alla lotteria online \u00e8 piuttosto semplice e offre ai giocatori l&#8217;opportunit\u00e0 di partecipare a lotterie di tutto il mondo. Normalmente, i giocatori che non vivono in un determinato Paese non possono giocare alla lotteria di quel Paese. Internet ha democratizzato la partecipazione alle lotterie, fornendo un modo per i giocatori che in precedenza erano esclusi dai confini geografici.<\/p>\n<p>Ora, giocare alla lotteria Mega Sena \u00e8 semplice come visitare un sito di lotterie online come jackpotlotteryonline.com. L\u00ec potrete acquistare il vostro biglietto scegliendo i vostri numeri e decidendo poi a quante estrazioni volete partecipare. Una volta fatto questo, non resta che attendere i risultati dell&#8217;estrazione.<\/p>\n<h2>Qual \u00e8 il jackpot di questa lotteria?<\/h2>\n<p>Abbiamo gi\u00e0 detto che Mega Sena \u00e8 una delle lotterie pi\u00f9 grandi del mondo? Potrebbe sembrare difficile da credere se si considera il montepremi iniziale di 450,00 dollari, soprattutto se accostato ad altre lotterie con montepremi iniziali pi\u00f9 alti.<\/p>\n<p>Ma il bello di Mega Sena \u00e8 che i jackpot possono raggiungere importi incredibilmente elevati. Alcuni dei pi\u00f9 grandi jackpot vinti dai giocatori di Mega Sena hanno raggiunto i milioni di dollari americani. Il jackpot pi\u00f9 grande ha superato di poco i 73 milioni di dollari.<\/p>\n<p>Se si considera questo, \u00e8 chiaro che giocare alla lotteria Mega Sena potrebbe essere un&#8217;ottima opzione quando si \u00e8 alla ricerca di lotterie a cui partecipare.<\/p>\n<section class=\"layout\" style=\"border: solid 1px; width: 100%;\">\n<div class=\"img-div\" style=\"margin-top: 5px;\"><img decoding=\"async\" class=\"wp-image-17212 alignleft\" style=\"height: 45px; margin: 8px 8px 0px;\" src=\"http:\/\/jackpotlotteryonline.com\/wp-content\/uploads\/2022\/11\/read1.jpg\" alt=\"leggere\" width=\"\" height=\"\" \/><\/div>\n<div style=\"padding-left: 5px;\">\n<div style=\"font-size: 1.1em;\">\n<p><strong>Alcuni trucchi e suggerimenti per la scelta dei numeri<\/strong><\/p>\n<p style=\"font-size: 0.85em; margin-top: -1.5em;\">Aumentate le vostre possibilit\u00e0 di vincita: usate una strategia per scegliere i vostri numeri\u00a0 <a href=\"https:\/\/jackpotlotteryonline.com\/it\/alcuni-trucchi-e-consigli-per-scegliere-i-vostri-numeri\"> Per saperne di pi\u00f9<\/a><\/p>\n<\/div>\n<\/div>\n<\/section>\n<h2>Cosa succede se si vince la lotteria?<\/h2>\n<p>\u00c8 una domanda che ci viene posta spesso, soprattutto da coloro che acquistano i biglietti della lotteria Mega Sena da fuori del Paese sudamericano. Potreste chiedervi se dovete volare fino a quel paese sudamericano per reclamare il vostro premio. Ma non \u00e8 affatto necessario, anche se se avete voglia di visitare i siti, allora prenotate pure un volo.<\/p>\n<p>Tuttavia, se state cercando un modo semplice per giocare alla lotteria e riscuotere le vostre vincite senza stress, allora giocare online \u00e8 un ottimo modo per farlo.<\/p>\n<p>Quando vi registrate con noi, facciamo un ulteriore passo avanti garantendovi la possibilit\u00e0 di partecipare alle lotterie internazionali di vostra scelta, compresa la lotteria Mega Sena. Non solo, ma potrete anche prelevare facilmente le vostre vincite dal nostro sito sul vostro conto. Giocare alla lotteria non \u00e8 mai stato cos\u00ec facile.<\/p>\n<h2>E la Mega da Virada?<\/h2>\n<p><img loading=\"lazy\" decoding=\"async\" class=\"alignright size-full wp-image-35593\" src=\"http:\/\/jackpotlotteryonline.com\/wp-content\/uploads\/2022\/11\/2_ticket_uk_lottery2-1-190x300-1.jpg\" alt=\"Biglietto della lotteria Mega Sena\" width=\"190\" height=\"300\" \/><\/p>\n<p>Siamo particolarmente contenti che ce l&#8217;abbia chiesto, perch\u00e9 si tratta di uno dei jackpot pi\u00f9 grandi in circolazione. In realt\u00e0, \u00e8 il pi\u00f9 grande jackpot dell&#8217;anno in Brasile e l&#8217;importo potrebbe raggiungere i 60 milioni di dollari.<\/p>\n<p>Mega da Virada \u00e8 un jackpot speciale della lotteria Mega Sena che si svolge una volta all&#8217;anno. L&#8217;estrazione del Mega da Virada avviene il 31 ottobre di ogni anno e offre ai giocatori l&#8217;opportunit\u00e0 di vincere molto.<\/p>\n<p>Inoltre, il Mega da Virada non \u00e8 rinnovabile, per cui il premio deve essere vinto, altrimenti non sar\u00e0 pi\u00f9 disponibile per tutto l&#8217;anno.<\/p>\n<h2>Giorni regolari di estrazione del Mega Sena<\/h2>\n<p>Quando si acquistano i biglietti Mega Sena, si ha la possibilit\u00e0 di partecipare all&#8217;estrazione il mercoled\u00ec o il sabato. Naturalmente \u00e8 possibile partecipare a entrambe le estrazioni, cosa che consigliamo perch\u00e9 aumenta le possibilit\u00e0 di vincere un premio.<\/p>\n<p>Se siete davvero intenzionati ad aumentare le vostre possibilit\u00e0 di vincere il jackpot, dovreste prendere in considerazione l&#8217;idea di unirvi a un sindacato della lotteria. Il vantaggio \u00e8 che avrete accesso a un pool che vi permetter\u00e0 di partecipare a pi\u00f9 estrazioni senza spendere tutti i vostri fondi.<\/p>\n<h2>Livelli di premio<\/h2>\n<p>La lotteria Mega Sena prevede tre livelli di premio, che includono il jackpot. Ci\u00f2 significa che, oltre al premio del jackpot, i giocatori hanno la possibilit\u00e0 di vincere premi in altre due categorie. Le elenchiamo di seguito e vi mostriamo come potete vincere in queste categorie.<\/p>\n<p>Abbinamento di 6 numeri &#8211; Jackpot &#8211; 35% del montepremi<br \/>\nAbbinamento 5 numeri &#8211; Livello 2 &#8211; 19% del montepremi<br \/>\nAbbinamento di 4 numeri &#8211; Tier 3 &#8211; 19% del montepremi<\/p>\n<p><strong>Curiosit\u00e0: le probabilit\u00e0 di vincere un premio giocando un singolo biglietto con 6 numeri sono di 1 su 2.298.<\/strong><\/p>\n<h2>Registratevi con noi per partecipare alla lotteria Mega Sena<\/h2>\n<p>Non lasciate che il fatto di non vivere in Sud America vi impedisca di partecipare alla lotteria Mega Sena. Le probabilit\u00e0 di vincita sono elevate e i premi sono allettanti. Quindi, se vivete fuori dal Brasile, potete acquistare i biglietti della lotteria Mega Sena sul nostro sito, registrandovi.<\/p>\n<p>Offriamo una soluzione unica che semplifica l&#8217;intero processo di gioco della lotteria. Ora potete rilassarvi e piazzare la vostra scommessa con facilit\u00e0, perch\u00e9 siamo noi a gestire la parte pi\u00f9 stressante per voi. Perch\u00e9 non acquistare subito i biglietti di Mega Sena per avere la possibilit\u00e0 di vincere alla grande?<\/p>\n","protected":false},"excerpt":{"rendered":"<p>Mega Sena \u00e8 la pi\u00f9 grande lotteria del Brasile con uno dei pi\u00f9 grandi jackpot del mondo. Non c&#8217;\u00e8 da stupirsi che i giocatori di tutto il mondo siano ansiosi di vincere il jackpot. \u00c8 interessante notare che Mega Sena \u00e8 anche una lotteria facile da giocare, pi\u00f9 facile di molte altre lotterie internazionali. La [&hellip;]<\/p>\n","protected":false},"author":1,"featured_media":0,"parent":35762,"menu_order":15,"comment_status":"closed","ping_status":"closed","template":"megasena-info.php","meta":{"_et_pb_use_builder":"","_et_pb_old_content":"","_et_gb_content_width":"","exclude_from_search":false,"footnotes":""},"class_list":["post-36999","page","type-page","status-publish","hentry"],"yoast_head":"<!-- This site is optimized with the Yoast SEO plugin v23.3 - https:\/\/yoast.com\/wordpress\/plugins\/seo\/ -->\n<title>Compra i biglietti per Mega Sena da fuori Brasile | Compra i biglietti per Mega Sena online<\/title>\n<meta name=\"description\" content=\"Non \u00e8 necessario essere in Brasile per partecipare al Mega Sena, acquista il tuo biglietto per il Mega Sena online sul nostro sito web.\" \/>\n<meta name=\"robots\" content=\"index, follow, max-snippet:-1, max-image-preview:large, max-video-preview:-1\" \/>\n<link rel=\"canonical\" href=\"https:\/\/jackpotlotteryonline.com\/it\/comprare-biglietti\/mega-sena\/\" \/>\n<meta property=\"og:locale\" content=\"it_IT\" \/>\n<meta property=\"og:type\" content=\"article\" \/>\n<meta property=\"og:title\" content=\"Compra i biglietti per Mega Sena da fuori Brasile | Compra i biglietti per Mega Sena online\" \/>\n<meta property=\"og:description\" content=\"Non \u00e8 necessario essere in Brasile per partecipare al Mega Sena, acquista il tuo biglietto per il Mega Sena online sul nostro sito web.\" \/>\n<meta property=\"og:url\" content=\"https:\/\/jackpotlotteryonline.com\/it\/comprare-biglietti\/mega-sena\/\" \/>\n<meta property=\"og:site_name\" content=\"Lotto Online - Crack The International Lottery Jackpots\" \/>\n<meta property=\"article:modified_time\" content=\"2022-12-24T08:38:40+00:00\" \/>\n<meta property=\"og:image\" content=\"http:\/\/jackpotlotteryonline.com\/wp-content\/uploads\/2022\/11\/1_online_ticket_eurojackpot2.jpg\" \/>\n<meta name=\"twitter:card\" content=\"summary_large_image\" \/>\n<meta name=\"twitter:label1\" content=\"Tempo di lettura stimato\" \/>\n\t<meta name=\"twitter:data1\" content=\"6 minuti\" \/>\n<!-- \/ Yoast SEO plugin. -->","yoast_head_json":{"title":"Compra i biglietti per Mega Sena da fuori Brasile | Compra i biglietti per Mega Sena online","description":"Non \u00e8 necessario essere in Brasile per partecipare al Mega Sena, acquista il tuo biglietto per il Mega Sena online sul nostro sito web.","robots":{"index":"index","follow":"follow","max-snippet":"max-snippet:-1","max-image-preview":"max-image-preview:large","max-video-preview":"max-video-preview:-1"},"canonical":"https:\/\/jackpotlotteryonline.com\/it\/comprare-biglietti\/mega-sena\/","og_locale":"it_IT","og_type":"article","og_title":"Compra i biglietti per Mega Sena da fuori Brasile | Compra i biglietti per Mega Sena online","og_description":"Non \u00e8 necessario essere in Brasile per partecipare al Mega Sena, acquista il tuo biglietto per il Mega Sena online sul nostro sito web.","og_url":"https:\/\/jackpotlotteryonline.com\/it\/comprare-biglietti\/mega-sena\/","og_site_name":"Lotto Online - Crack The International Lottery Jackpots","article_modified_time":"2022-12-24T08:38:40+00:00","og_image":[{"url":"http:\/\/jackpotlotteryonline.com\/wp-content\/uploads\/2022\/11\/1_online_ticket_eurojackpot2.jpg"}],"twitter_card":"summary_large_image","twitter_misc":{"Tempo di lettura stimato":"6 minuti"},"schema":{"@context":"https:\/\/schema.org","@graph":[{"@type":"WebPage","@id":"https:\/\/jackpotlotteryonline.com\/it\/comprare-biglietti\/mega-sena\/","url":"https:\/\/jackpotlotteryonline.com\/it\/comprare-biglietti\/mega-sena\/","name":"Compra i biglietti per Mega Sena da fuori Brasile | Compra i biglietti per Mega Sena online","isPartOf":{"@id":"https:\/\/jackpotlotteryonline.com\/#website"},"primaryImageOfPage":{"@id":"https:\/\/jackpotlotteryonline.com\/it\/comprare-biglietti\/mega-sena\/#primaryimage"},"image":{"@id":"https:\/\/jackpotlotteryonline.com\/it\/comprare-biglietti\/mega-sena\/#primaryimage"},"thumbnailUrl":"http:\/\/jackpotlotteryonline.com\/wp-content\/uploads\/2022\/11\/1_online_ticket_eurojackpot2.jpg","datePublished":"2022-11-09T13:01:47+00:00","dateModified":"2022-12-24T08:38:40+00:00","description":"Non \u00e8 necessario essere in Brasile per partecipare al Mega Sena, acquista il tuo biglietto per il Mega Sena online sul nostro sito web.","breadcrumb":{"@id":"https:\/\/jackpotlotteryonline.com\/it\/comprare-biglietti\/mega-sena\/#breadcrumb"},"inLanguage":"it-IT","potentialAction":[{"@type":"ReadAction","target":["https:\/\/jackpotlotteryonline.com\/it\/comprare-biglietti\/mega-sena\/"]}]},{"@type":"ImageObject","inLanguage":"it-IT","@id":"https:\/\/jackpotlotteryonline.com\/it\/comprare-biglietti\/mega-sena\/#primaryimage","url":"http:\/\/jackpotlotteryonline.com\/wp-content\/uploads\/2022\/11\/1_online_ticket_eurojackpot2.jpg","contentUrl":"http:\/\/jackpotlotteryonline.com\/wp-content\/uploads\/2022\/11\/1_online_ticket_eurojackpot2.jpg"},{"@type":"BreadcrumbList","@id":"https:\/\/jackpotlotteryonline.com\/it\/comprare-biglietti\/mega-sena\/#breadcrumb","itemListElement":[{"@type":"ListItem","position":1,"name":"Home","item":"https:\/\/jackpotlotteryonline.com\/it\/"},{"@type":"ListItem","position":2,"name":"Come acquistare i biglietti della lotteria online","item":"https:\/\/jackpotlotteryonline.com\/buy-tickets\/"},{"@type":"ListItem","position":3,"name":"Acquista i biglietti per Mega Sena"}]},{"@type":"WebSite","@id":"https:\/\/jackpotlotteryonline.com\/#website","url":"https:\/\/jackpotlotteryonline.com\/","name":"Lotto Online - Crack The International Lottery Jackpots","description":"","potentialAction":[{"@type":"SearchAction","target":{"@type":"EntryPoint","urlTemplate":"https:\/\/jackpotlotteryonline.com\/?s={search_term_string}"},"query-input":"required name=search_term_string"}],"inLanguage":"it-IT"}]}},"_links":{"self":[{"href":"https:\/\/jackpotlotteryonline.com\/it\/wp-json\/wp\/v2\/pages\/36999","targetHints":{"allow":["GET"]}}],"collection":[{"href":"https:\/\/jackpotlotteryonline.com\/it\/wp-json\/wp\/v2\/pages"}],"about":[{"href":"https:\/\/jackpotlotteryonline.com\/it\/wp-json\/wp\/v2\/types\/page"}],"author":[{"embeddable":true,"href":"https:\/\/jackpotlotteryonline.com\/it\/wp-json\/wp\/v2\/users\/1"}],"replies":[{"embeddable":true,"href":"https:\/\/jackpotlotteryonline.com\/it\/wp-json\/wp\/v2\/comments?post=36999"}],"version-history":[{"count":0,"href":"https:\/\/jackpotlotteryonline.com\/it\/wp-json\/wp\/v2\/pages\/36999\/revisions"}],"up":[{"embeddable":true,"href":"https:\/\/jackpotlotteryonline.com\/it\/wp-json\/wp\/v2\/pages\/35762"}],"wp:attachment":[{"href":"https:\/\/jackpotlotteryonline.com\/it\/wp-json\/wp\/v2\/media?parent=36999"}],"curies":[{"name":"wp","href":"https:\/\/api.w.org\/{rel}","templated":true}]}}