{"id":37053,"date":"2022-11-10T07:04:48","date_gmt":"2022-11-10T07:04:48","guid":{"rendered":"https:\/\/jackpotlotteryonline.com\/?page_id=37053"},"modified":"2023-01-06T09:45:10","modified_gmt":"2023-01-06T09:45:10","slug":"new-york-lottery","status":"publish","type":"page","link":"https:\/\/jackpotlotteryonline.com\/it\/comprare-biglietti\/new-york-lottery\/","title":{"rendered":"Biglietti per la Lotteria di New York"},"content":{"rendered":"<p>Se siete alla ricerca di una lotteria dalla storia movimentata, la New York Lotto \u00e8 la scelta migliore. Ricca di storia e di scandali, questa lotteria \u00e8 stata fondata per una buona causa.<a href=\"https:\/\/jackpotlotteryonline.com\/it\/come-giocare\/new-york-lottery-2\"> Giocare alla lotteria<\/a> \u00e8 un buon modo per divertirsi e per avere qualcosa di cui rallegrarsi.<\/p>\n<p>Per i giocatori al di fuori degli Stati Uniti che desiderano acquistare i biglietti di questa lotteria, \u00e8 possibile farlo visitando jackpotlotteryonline.com. Noi diamo ai giocatori l&#8217;accesso alle migliori lotterie internazionali, indipendentemente da dove si trovino nel mondo.<\/p>\n<h2>Breve storia del New York Lotto<\/h2>\n<p>Si tratta di una lotteria gestita dal governo dello Stato di New York, negli Stati Uniti. \u00c8 stata fondata nel 1967 per contribuire al finanziamento dell&#8217;istruzione nello Stato. I cittadini dello Stato votarono con un referendum per emendare la costituzione e consentire una lotteria gestita dallo Stato. \u00c8 interessante notare che il primo slogan della lotteria era &#8220;L&#8217;occasione della tua vita per aiutare l&#8217;istruzione&#8221;.<\/p>\n<p>Se avete bisogno di sentirvi bene giocando alla lotteria, allora questa lotteria \u00e8 una buona opportunit\u00e0 per voi. Non solo avrete la possibilit\u00e0 di vincere molto, ma saprete anche di fare del bene.<\/p>\n<p>Un altro fatto interessante \u00e8 che all&#8217;inizio questa lotteria \u00e8 stata colpita da uno scandalo, non una ma due volte. Nel 1975-6 le vendite furono sospese perch\u00e9 si scopr\u00ec che i biglietti invenduti erano stati dichiarati vincitori. Poi, negli anni &#8217;80, i dipendenti statali manipolarono i risultati a favore di parenti e amici. Quei giorni sono ormai lontani e il Lotto \u00e8 diventato una delle lotterie pi\u00f9 affidabili del Paese.<\/p>\n<h2>Come acquistare i biglietti del Lotto fuori dagli Stati Uniti<\/h2>\n<p><img loading=\"lazy\" decoding=\"async\" class=\"alignright size-full wp-image-26402\" src=\"http:\/\/jackpotlotteryonline.com\/wp-content\/uploads\/2022\/11\/1_buy_online_ticket_powerball.jpg\" alt=\"Premio della Lotteria di New York\" width=\"300\" height=\"194\" \/><\/p>\n<p>Se vivete fuori dagli Stati Uniti, c&#8217;\u00e8 solo un modo legittimo per acquistare i biglietti della lotteria. Si tratta di acquistarli via internet da un venditore di lotterie online come jackpotlotteryonline.com.<\/p>\n<p>Per acquistare i biglietti \u00e8 sufficiente visitare il sito e cliccare sulla lotteria desiderata. Quindi, scegliere sei numeri tra 1 e 59. Non esitate ad acquistare pi\u00f9 linee di ingresso per aumentare le vostre probabilit\u00e0 di vincita. Una volta scelti i numeri, si pu\u00f2 accedere all&#8217;estrazione prescelta ed effettuare il pagamento.<\/p>\n<p>Giocare alla lotteria da fuori degli Stati Uniti via Internet \u00e8 legale e legittimo. Inoltre, apre un mondo di possibilit\u00e0 ai giocatori di tutto il mondo. Non \u00e8 pi\u00f9 necessario essere limitati dalla geografia, perch\u00e9 si pu\u00f2 scommettere senza confini.<\/p>\n<h2>Il numero di bonus<\/h2>\n<p>S\u00ec, esiste un numero bonus ed \u00e8 il settimo numero estratto. Il numero bonus non viene per\u00f2 utilizzato per determinare il premio del jackpot, ma per il secondo premio. Per vincere la seconda categoria di premi, il giocatore deve abbinare i sei numeri estratti e il numero bonus.<\/p>\n<section class=\"layout\" style=\"border: solid 1px; width: 100%;\">\n<div class=\"img-div\" style=\"margin-top: 5px;\"><img decoding=\"async\" class=\"wp-image-17212 alignleft\" style=\"height: 45px; margin: 8px 8px 0px;\" src=\"http:\/\/jackpotlotteryonline.com\/wp-content\/uploads\/2022\/11\/read1.jpg\" alt=\"leggere\" width=\"\" height=\"\" \/><\/div>\n<div style=\"padding-left: 5px;\">\n<div style=\"font-size: 1.1em;\">\n<p><strong>Suggerimenti per la lotteria<\/strong><\/p>\n<p style=\"font-size: 0.85em; margin-top: -1.5em;\">Consigli che aiutano a vincere alla lotteria <a href=\"https:\/\/jackpotlotteryonline.com\/it\/consigli-che-aiutano-a-vincere-alla-lotteria\">Per saperne di pi\u00f9<\/a><\/p>\n<\/div>\n<\/div>\n<\/section>\n<h2>Le categorie di premio<\/h2>\n<p>Le probabilit\u00e0 di vincere un premio complessivo sono di 1 su 92,05. La distribuzione dei premi dipende dalle vendite complessive. Pertanto, per ogni lotto, il 40% delle vendite viene assegnato come premio in denaro. Il montepremi \u00e8 una percentuale di questo e non \u00e8 un importo fisso. Le categorie di premi sono descritte di seguito:<\/p>\n<p>Categoria 1: 6 numeri &#8211; jackpot (30%)<br \/>\nCategoria 2: 5 + numero bonus &#8211; 2,9% delle vendite<br \/>\nCategoria 3: 5 numeri &#8211; 2,2% delle vendite<br \/>\nCategoria 4: 4 numeri &#8211; 2,5% delle vendite<br \/>\nCategoria 5: 3 numeri &#8211; 2,4% delle vendite<\/p>\n<h2>Giorni di estrazione del New York Lotto<\/h2>\n<p><a href=\"https:\/\/jackpotlotteryonline.com\/it\/numeri-vincenti\/new-york-lottery\">La lotteria di New York (come viene talvolta chiamata) ha due giorni di estrazione a settimana<\/a>. Si tratta del mercoled\u00ec e del sabato. \u00c8 quindi possibile iscriversi a pi\u00f9 giorni di estrazione con diverse settimane di anticipo.<\/p>\n<p>Per scoprire se avete vinto un premio, potete guardare le estrazioni in TV o controllare i risultati delle estrazioni al telegiornale. Tuttavia, questo potrebbe facilmente diventare noioso, soprattutto se siete impegnati in quel periodo. Per un&#8217;alternativa pi\u00f9 semplice, registratevi con noi e vi avviseremo immediatamente in caso di vincita.<\/p>\n<h2>Perch\u00e9 dovreste giocare alla lotteria di New York?<\/h2>\n<p>Se pensate al fatto che il montepremi \u00e8 determinato dalle vendite, potreste scoraggiarvi. Cosa succede se le vendite non sono buone? Significa che il premio del jackpot potrebbe ridursi in modo significativo. Questa \u00e8 una paura reale che i giocatori devono affrontare quando giocano a questa lotteria.<\/p>\n<p>Tuttavia, ci sono diversi elementi che giocano a favore della lotteria gestita dal governo dello Stato di New York. Il primo \u00e8 che c&#8217;\u00e8 molto interesse per questa lotteria, quindi le vendite sono ancora piuttosto buone. Il jackpot non \u00e8 grande come quello di altre lotterie internazionali, ma i giocatori possono vincere fino a 10 milioni di dollari.<\/p>\n<p>Inoltre, le probabilit\u00e0 di vincere un premio sono molto pi\u00f9 alte rispetto ad altre lotterie con jackpot pi\u00f9 grandi. Anche se alcuni scommettitori potrebbero non considerare queste scommesse ad alto rischio, le probabilit\u00e0 favorevoli rendono l&#8217;affare pi\u00f9 interessante. Inoltre, il premio del jackpot non \u00e8 affatto male e potrebbe rendere i vincitori milionari.<\/p>\n<h2>Registratevi con noi per un&#8217;esperienza senza stress<\/h2>\n<p><img loading=\"lazy\" decoding=\"async\" class=\"size-full wp-image-35321 alignright\" src=\"http:\/\/jackpotlotteryonline.com\/wp-content\/uploads\/2022\/11\/2_ticket_superenalotto-1.jpg\" alt=\"Biglietto della lotteria di New York\" width=\"228\" height=\"300\" \/><\/p>\n<p>Giocare al New York Lotto \u00e8 facile e senza problemi se vi registrate con noi. Visitando il nostro sito, troverete una vasta gamma di lotterie internazionali a cui potrete partecipare. Prendete un biglietto e scommettete sulla lotteria di vostra scelta e, se volete, scegliete di partecipare a pi\u00f9 lotterie. Se non siete sicuri dei numeri da scegliere, il nostro strumento di selezione automatica vi aiuter\u00e0 a farlo.<\/p>\n<p>Una volta scelti i numeri, partecipate alle estrazioni e accedete all&#8217;area di pagamento. A questo punto, vi chiederemo di registrarvi. Questo per i seguenti motivi:<\/p>\n<ul>\n<li>Registrandovi potrete assicurarvi che i vostri biglietti siano conservati al sicuro, in modo da poter reclamare facilmente i premi vinti.<\/li>\n<li>In caso di vincita di un premio, riceverete un avviso sulla vostra dashboard e via e-mail.<\/li>\n<li>Ritirare il premio non \u00e8 mai stato cos\u00ec facile, in quanto \u00e8 possibile farlo direttamente sulla nostra piattaforma.<\/li>\n<\/ul>\n<h2>Come si fa a sapere che si sta partecipando alla lotteria?<\/h2>\n<p>Questa \u00e8 una domanda legittima, perch\u00e9 ci sono diversi servizi che vendono biglietti della lotteria, ma non danno accesso alla lotteria. Quello che fanno \u00e8 darvi la possibilit\u00e0 di scommettere contro il jackpot. Quindi, anche se si vince, si pu\u00f2 ottenere solo una frazione dell&#8217;importo del jackpot. Noi non facciamo cos\u00ec.<\/p>\n<p>Gestiamo un servizio di concierge che garantisce ai nostri clienti l&#8217;accesso in tempo reale alle lotterie di loro scelta. Quando acquistate una partecipazione, i nostri agenti a New York acquisteranno anche un biglietto fisico con i vostri numeri preferiti. Ci\u00f2 significa che se i vostri numeri corrispondono a quelli estratti, avete vinto il jackpot.<\/p>\n<p>\u00c8 il momento giusto per ricordare che la lotteria \u00e8 un gioco d&#8217;azzardo. Pertanto, non c&#8217;\u00e8 modo di determinare chi vincer\u00e0. Quello che sappiamo \u00e8 che l&#8217;unico modo per avere una possibilit\u00e0 di vincere \u00e8 piazzare una scommessa. Ecco perch\u00e9 ci impegniamo al massimo per garantire ai nostri clienti questa opportunit\u00e0.<\/p>\n<h2>Giocate al New York Lotto online oggi stesso<\/h2>\n<p>\u00c8 ora di smettere di pensare di prendere un biglietto della lotteria e di prenderne uno. Questo potrebbe essere l&#8217;inizio dell&#8217;avventura di una vita. Allora perch\u00e9 non visitarci oggi stesso su jackpotlotteryonline.com per piazzare una giocata da qualsiasi parte del mondo? Non si sa mai quando si pu\u00f2 vincere alla lotteria.<\/p>\n","protected":false},"excerpt":{"rendered":"<p>Se siete alla ricerca di una lotteria dalla storia movimentata, la New York Lotto \u00e8 la scelta migliore. Ricca di storia e di scandali, questa lotteria \u00e8 stata fondata per una buona causa. Giocare alla lotteria \u00e8 un buon modo per divertirsi e per avere qualcosa di cui rallegrarsi. Per i giocatori al di fuori [&hellip;]<\/p>\n","protected":false},"author":1,"featured_media":0,"parent":35762,"menu_order":14,"comment_status":"closed","ping_status":"closed","template":"newyork-info.php","meta":{"_et_pb_use_builder":"","_et_pb_old_content":"","_et_gb_content_width":"","exclude_from_search":false,"footnotes":""},"class_list":["post-37053","page","type-page","status-publish","hentry"],"yoast_head":"<!-- This site is optimized with the Yoast SEO plugin v23.3 - https:\/\/yoast.com\/wordpress\/plugins\/seo\/ -->\n<title>Acquistare i biglietti per la Lotteria di New York da fuori degli Stati Uniti | Ottenere i biglietti della Lotteria di New York online<\/title>\n<meta name=\"description\" content=\"Vuoi acquistare un biglietto per la Lotteria di New York, ma vivi fuori dagli Stati Uniti? Acquistate i biglietti della lotteria online qui\" \/>\n<meta name=\"robots\" content=\"index, follow, max-snippet:-1, max-image-preview:large, max-video-preview:-1\" \/>\n<link rel=\"canonical\" href=\"https:\/\/jackpotlotteryonline.com\/it\/comprare-biglietti\/new-york-lottery\/\" \/>\n<meta property=\"og:locale\" content=\"it_IT\" \/>\n<meta property=\"og:type\" content=\"article\" \/>\n<meta property=\"og:title\" content=\"Acquistare i biglietti per la Lotteria di New York da fuori degli Stati Uniti | Ottenere i biglietti della Lotteria di New York online\" \/>\n<meta property=\"og:description\" content=\"Vuoi acquistare un biglietto per la Lotteria di New York, ma vivi fuori dagli Stati Uniti? Acquistate i biglietti della lotteria online qui\" \/>\n<meta property=\"og:url\" content=\"https:\/\/jackpotlotteryonline.com\/it\/comprare-biglietti\/new-york-lottery\/\" \/>\n<meta property=\"og:site_name\" content=\"Lotto Online - Crack The International Lottery Jackpots\" \/>\n<meta property=\"article:modified_time\" content=\"2023-01-06T09:45:10+00:00\" \/>\n<meta property=\"og:image\" content=\"http:\/\/jackpotlotteryonline.com\/wp-content\/uploads\/2022\/11\/1_buy_online_ticket_powerball.jpg\" \/>\n<meta name=\"twitter:card\" content=\"summary_large_image\" \/>\n<meta name=\"twitter:label1\" content=\"Tempo di lettura stimato\" \/>\n\t<meta name=\"twitter:data1\" content=\"6 minuti\" \/>\n<!-- \/ Yoast SEO plugin. -->","yoast_head_json":{"title":"Acquistare i biglietti per la Lotteria di New York da fuori degli Stati Uniti | Ottenere i biglietti della Lotteria di New York online","description":"Vuoi acquistare un biglietto per la Lotteria di New York, ma vivi fuori dagli Stati Uniti? Acquistate i biglietti della lotteria online qui","robots":{"index":"index","follow":"follow","max-snippet":"max-snippet:-1","max-image-preview":"max-image-preview:large","max-video-preview":"max-video-preview:-1"},"canonical":"https:\/\/jackpotlotteryonline.com\/it\/comprare-biglietti\/new-york-lottery\/","og_locale":"it_IT","og_type":"article","og_title":"Acquistare i biglietti per la Lotteria di New York da fuori degli Stati Uniti | Ottenere i biglietti della Lotteria di New York online","og_description":"Vuoi acquistare un biglietto per la Lotteria di New York, ma vivi fuori dagli Stati Uniti? Acquistate i biglietti della lotteria online qui","og_url":"https:\/\/jackpotlotteryonline.com\/it\/comprare-biglietti\/new-york-lottery\/","og_site_name":"Lotto Online - Crack The International Lottery Jackpots","article_modified_time":"2023-01-06T09:45:10+00:00","og_image":[{"url":"http:\/\/jackpotlotteryonline.com\/wp-content\/uploads\/2022\/11\/1_buy_online_ticket_powerball.jpg"}],"twitter_card":"summary_large_image","twitter_misc":{"Tempo di lettura stimato":"6 minuti"},"schema":{"@context":"https:\/\/schema.org","@graph":[{"@type":"WebPage","@id":"https:\/\/jackpotlotteryonline.com\/it\/comprare-biglietti\/new-york-lottery\/","url":"https:\/\/jackpotlotteryonline.com\/it\/comprare-biglietti\/new-york-lottery\/","name":"Acquistare i biglietti per la Lotteria di New York da fuori degli Stati Uniti | Ottenere i biglietti della Lotteria di New York online","isPartOf":{"@id":"https:\/\/jackpotlotteryonline.com\/#website"},"primaryImageOfPage":{"@id":"https:\/\/jackpotlotteryonline.com\/it\/comprare-biglietti\/new-york-lottery\/#primaryimage"},"image":{"@id":"https:\/\/jackpotlotteryonline.com\/it\/comprare-biglietti\/new-york-lottery\/#primaryimage"},"thumbnailUrl":"http:\/\/jackpotlotteryonline.com\/wp-content\/uploads\/2022\/11\/1_buy_online_ticket_powerball.jpg","datePublished":"2022-11-10T07:04:48+00:00","dateModified":"2023-01-06T09:45:10+00:00","description":"Vuoi acquistare un biglietto per la Lotteria di New York, ma vivi fuori dagli Stati Uniti? Acquistate i biglietti della lotteria online qui","breadcrumb":{"@id":"https:\/\/jackpotlotteryonline.com\/it\/comprare-biglietti\/new-york-lottery\/#breadcrumb"},"inLanguage":"it-IT","potentialAction":[{"@type":"ReadAction","target":["https:\/\/jackpotlotteryonline.com\/it\/comprare-biglietti\/new-york-lottery\/"]}]},{"@type":"ImageObject","inLanguage":"it-IT","@id":"https:\/\/jackpotlotteryonline.com\/it\/comprare-biglietti\/new-york-lottery\/#primaryimage","url":"http:\/\/jackpotlotteryonline.com\/wp-content\/uploads\/2022\/11\/1_buy_online_ticket_powerball.jpg","contentUrl":"http:\/\/jackpotlotteryonline.com\/wp-content\/uploads\/2022\/11\/1_buy_online_ticket_powerball.jpg"},{"@type":"BreadcrumbList","@id":"https:\/\/jackpotlotteryonline.com\/it\/comprare-biglietti\/new-york-lottery\/#breadcrumb","itemListElement":[{"@type":"ListItem","position":1,"name":"Home","item":"https:\/\/jackpotlotteryonline.com\/it\/"},{"@type":"ListItem","position":2,"name":"Come acquistare i biglietti della lotteria online","item":"https:\/\/jackpotlotteryonline.com\/buy-tickets\/"},{"@type":"ListItem","position":3,"name":"Biglietti per la Lotteria di New York"}]},{"@type":"WebSite","@id":"https:\/\/jackpotlotteryonline.com\/#website","url":"https:\/\/jackpotlotteryonline.com\/","name":"Lotto Online - Crack The International Lottery Jackpots","description":"","potentialAction":[{"@type":"SearchAction","target":{"@type":"EntryPoint","urlTemplate":"https:\/\/jackpotlotteryonline.com\/?s={search_term_string}"},"query-input":"required name=search_term_string"}],"inLanguage":"it-IT"}]}},"_links":{"self":[{"href":"https:\/\/jackpotlotteryonline.com\/it\/wp-json\/wp\/v2\/pages\/37053","targetHints":{"allow":["GET"]}}],"collection":[{"href":"https:\/\/jackpotlotteryonline.com\/it\/wp-json\/wp\/v2\/pages"}],"about":[{"href":"https:\/\/jackpotlotteryonline.com\/it\/wp-json\/wp\/v2\/types\/page"}],"author":[{"embeddable":true,"href":"https:\/\/jackpotlotteryonline.com\/it\/wp-json\/wp\/v2\/users\/1"}],"replies":[{"embeddable":true,"href":"https:\/\/jackpotlotteryonline.com\/it\/wp-json\/wp\/v2\/comments?post=37053"}],"version-history":[{"count":0,"href":"https:\/\/jackpotlotteryonline.com\/it\/wp-json\/wp\/v2\/pages\/37053\/revisions"}],"up":[{"embeddable":true,"href":"https:\/\/jackpotlotteryonline.com\/it\/wp-json\/wp\/v2\/pages\/35762"}],"wp:attachment":[{"href":"https:\/\/jackpotlotteryonline.com\/it\/wp-json\/wp\/v2\/media?parent=37053"}],"curies":[{"name":"wp","href":"https:\/\/api.w.org\/{rel}","templated":true}]}}