{"id":37105,"date":"2022-11-10T09:13:40","date_gmt":"2022-11-10T09:13:40","guid":{"rendered":"https:\/\/jackpotlotteryonline.com\/?page_id=37105"},"modified":"2023-01-04T08:45:54","modified_gmt":"2023-01-04T08:45:54","slug":"thunderball","status":"publish","type":"page","link":"https:\/\/jackpotlotteryonline.com\/it\/comprare-biglietti\/thunderball\/","title":{"rendered":"Acquista i biglietti per Thunderball"},"content":{"rendered":"<p>Nel Regno Unito non mancano le lotterie a cui i giocatori possono giocare. Dai giochi del lotto a quelli di rendita, ce n&#8217;\u00e8 per tutti i gusti e quasi ogni giorno. Ma uno dei giochi preferiti dai giocatori \u00e8 il Thunderball. \u00c8 interessante perch\u00e9 si tratta di una lotteria che non offre un jackpot di milioni di sterline. Infatti, possiamo garantirvi che anche se vincete il jackpot, non diventerete milionari. Perch\u00e9 allora i giocatori sembrano amare questa lotteria?<\/p>\n<p>Il motivo \u00e8 semplice: le probabilit\u00e0 sono molto pi\u00f9 alte rispetto ad altri giochi con jackpot pi\u00f9 grandi. Con quattro estrazioni settimanali e un montepremi considerevole, non c&#8217;\u00e8 da stupirsi se gli appassionati del lotto si affollano ogni settimana.<\/p>\n<p>Se vivete fuori dal Regno Unito, potete partecipare a qualsiasi estrazione. Visitate jackpotlotteryonline.com per acquistare i biglietti della lotteria in modo efficiente e senza stress, ovunque vi troviate.<\/p>\n<h2>Come funziona Thunderball?<\/h2>\n<p><img loading=\"lazy\" decoding=\"async\" class=\"alignright size-medium wp-image-30425\" src=\"https:\/\/jackpotlotteryonline.com\/wp-content\/uploads\/2022\/11\/1_you_win_jackpot-300x300.jpg\" alt=\"Come giocare a Thunderball\" width=\"300\" height=\"300\" srcset=\"https:\/\/jackpotlotteryonline.com\/wp-content\/uploads\/2022\/11\/1_you_win_jackpot-300x300.jpg 300w, https:\/\/jackpotlotteryonline.com\/wp-content\/uploads\/2022\/11\/1_you_win_jackpot-100x100.jpg 100w, https:\/\/jackpotlotteryonline.com\/wp-content\/uploads\/2022\/11\/1_you_win_jackpot-150x150.jpg 150w, https:\/\/jackpotlotteryonline.com\/wp-content\/uploads\/2022\/11\/1_you_win_jackpot.jpg 320w\" sizes=\"auto, (max-width: 300px) 100vw, 300px\" \/><\/p>\n<p>Questa lotteria britannica \u00e8 semplice e facile da giocare e i giocatori esperti non dovrebbero avere problemi con questa lotteria britannica.<\/p>\n<p>Per <a href=\"https:\/\/jackpotlotteryonline.com\/it\/come-giocare\/thunderball\">giocare a questa lotteria britannica<\/a>, i giocatori devono scegliere cinque numeri principali tra 1 e 39 e un numero speciale tra 1 e 14. Il numero speciale \u00e8 chiamato Thunderball. Il numero speciale \u00e8 chiamato Thunderball.<\/p>\n<p>Dopo aver scelto i numeri, il passo successivo \u00e8 <a href=\"https:\/\/jackpotlotteryonline.com\/it\/numeri-vincenti\/thunderball\">partecipare alle estrazioni<\/a> e attendere i risultati. Abbiamo gi\u00e0 detto che il gioco offre quattro estrazioni settimanali. Sono quattro opportunit\u00e0 per vincere il jackpot! Le estrazioni si tengono il marted\u00ec, il mercoled\u00ec, il gioved\u00ec e il sabato.<\/p>\n<h2>\u00c8 legale acquistare un biglietto della lotteria del Regno Unito online?<\/h2>\n<p>La domanda se sia possibile o meno partecipare alla lotteria via internet \u00e8 una preoccupazione valida. \u00c8 vero che ci sono truffe in giro e sarebbe sciocco ignorarlo. Tuttavia, esistono siti di lotterie legittimi che vendono biglietti per le lotterie di tutto il mondo e questo \u00e8 perfettamente legale.<\/p>\n<p>Innanzitutto, la lotteria britannica non \u00e8 limitata ai cittadini del Regno Unito. L&#8217;unica restrizione \u00e8 di tipo geografico, in quanto i biglietti fisici sono venduti da venditori del Paese. L&#8217;acquisto dei biglietti online \u00e8 l&#8217;unico modo per giocare alla lotteria da fuori del Paese.<\/p>\n<p>Prima di acquistare un biglietto della lotteria, assicuratevi di utilizzare un venditore legittimo, in particolare uno che abbia una buona reputazione. Un buon modo per controllare \u00e8 vedere se ha una storia di pagamenti di vincite, in modo da non perdere le vincite.<\/p>\n<section class=\"layout\" style=\"border: solid 1px; width: 100%;\">\n<div class=\"img-div\" style=\"margin-top: 5px;\"><img decoding=\"async\" class=\"wp-image-17212 alignleft\" style=\"height: 45px; margin: 8px 8px 0px;\" src=\"https:\/\/jackpotlotteryonline.com\/wp-content\/uploads\/2022\/11\/read1.jpg\" alt=\"leggere\" width=\"\" height=\"\" \/><\/div>\n<div style=\"padding-left: 5px;\">\n<div style=\"font-size: 1.1em;\">\n<p><strong>La vostra lotteria nazionale a confronto internazionale<\/strong><\/p>\n<p style=\"font-size: 0.85em; margin-top: -1.5em;\">La vostra lotteria locale potrebbe essere la peggiore: perch\u00e9 ha pi\u00f9 senso pagare di pi\u00f9 ma puntare a jackpot pi\u00f9 grandi\u00a0 <a href=\"https:\/\/jackpotlotteryonline.com\/it\/la-tua-lotteria-nazionale-nel-confronto-internazionale\"> Per saperne di pi\u00f9<\/a><\/p>\n<\/div>\n<\/div>\n<\/section>\n<h2>Jackpot e premi<\/h2>\n<p>Qual \u00e8 esattamente il montepremi di questa lotteria britannica? Il premio del jackpot \u00e8 di cinquecentomila sterline ed \u00e8 garantito per ogni estrazione. Ogni biglietto che corrisponde ai cinque numeri estratti e al numero speciale vince il jackpot.<\/p>\n<p>Il jackpot non \u00e8 l&#8217;unico premio che i giocatori possono vincere con questa lotteria, poich\u00e9 esistono altri livelli di premio. Anche il secondo premio di livello \u00e8 un importo fisso di cinquemila sterline, davvero eccezionale. In totale ci sono nove livelli di premio e c&#8217;\u00e8 un premio solo per aver indovinato il numero speciale.<\/p>\n<p>Anche in questo caso, le probabilit\u00e0 di questa lotteria sono incredibili, ed \u00e8 per questo che ha prodotto cos\u00ec tanti vincitori fin dalla prima estrazione del 1999. A causa della grande richiesta, la lotteria \u00e8 passata da una sola estrazione settimanale a quattro estrazioni settimanali. Quindi, se giocate a questa lotteria britannica, le probabilit\u00e0 di vincere il jackpot sono di 1 su 8.060.598, mentre le probabilit\u00e0 di vincere qualsiasi premio sono di 1 su 13.<br \/>\n<img loading=\"lazy\" decoding=\"async\" class=\"alignright size-medium wp-image-35457\" src=\"https:\/\/jackpotlotteryonline.com\/wp-content\/uploads\/2022\/11\/2_ticket_uk_lottery-192x300.jpg\" alt=\"biglietto thunderball\" width=\"192\" height=\"300\" srcset=\"https:\/\/jackpotlotteryonline.com\/wp-content\/uploads\/2022\/11\/2_ticket_uk_lottery-192x300.jpg 192w, https:\/\/jackpotlotteryonline.com\/wp-content\/uploads\/2022\/11\/2_ticket_uk_lottery.jpg 250w\" sizes=\"auto, (max-width: 192px) 100vw, 192px\" \/><\/p>\n<p><strong>Quando giocate a questa lotteria, ecco cosa potete aspettarvi di vincere:<\/strong><\/p>\n<p>Abbinamento 5 numeri + numero speciale &#8211; 500.000 sterline (Jackpot)<br \/>\nAbbinamento di soli 5 numeri &#8211; \u00a35.000<br \/>\nAbbinamento di 4 numeri + numero speciale &#8211; \u00a3250<br \/>\nAbbinamento di soli 4 numeri &#8211; \u00a3100<br \/>\nAbbinamento di 3 numeri + numero speciale &#8211; 20 \u20ac<br \/>\nAbbinamento di soli 3 numeri &#8211; \u00a310<br \/>\nAbbinamento 2 numeri + numero speciale &#8211; \u00a310<br \/>\nAbbinamento 1 numero + numero speciale &#8211; \u00a35<br \/>\nAbbinamento 0 numeri + numero speciale &#8211; \u20ac 3<\/p>\n<h2>Come richiedere il premio<\/h2>\n<p>Le modalit\u00e0 di riscossione del premio dipendono dal modo in cui \u00e8 stato acquistato il biglietto della lotteria. Se ha partecipato alla lotteria attraverso il nostro sito, pu\u00f2 richiedere il premio accedendo al suo conto e ritirando la vincita dalla nostra piattaforma.<\/p>\n<p>Prima di reclamare il premio, \u00e8 importante sapere alcune cose sul gioco della lotteria nel Regno Unito. Sappiamo gi\u00e0 che la lotteria \u00e8 aperta a tutti, indipendentemente dalla nazionalit\u00e0, ma ecco alcune cose da notare:<\/p>\n<ul>\n<li>La lotteria \u00e8 aperta ai giocatori di et\u00e0 superiore ai 16 anni.<\/li>\n<li>I premi vengono pagati in un&#8217;unica soluzione<\/li>\n<li>Le vincite alla lotteria non sono soggette a imposte nel Paese. Tuttavia, se si gioca dall&#8217;estero, \u00e8 necessario verificare le leggi fiscali del proprio Paese.<\/li>\n<li>Avete 180 giorni di tempo per reclamare una vincita prima che questa torni in gioco.<\/li>\n<li>Se avete partecipato alla lotteria tramite un venditore fisico, potreste dover contattare gli organizzatori della lotteria per reclamare la vostra vincita.<\/li>\n<\/ul>\n<h2>Perch\u00e9 dovreste giocare alla lotteria con noi<\/h2>\n<p>Siamo un servizio di concierge su misura che fornisce l&#8217;accesso alle migliori lotterie internazionali ai giocatori di tutto il mondo. Abbiamo trascorso anni a perfezionare il processo per garantire ai nostri clienti un&#8217;esperienza emozionante, piacevole e priva di stress.<\/p>\n<p>Quando vi registrate con noi, potete partecipare a diverse lotterie comodamente da un&#8217;unica piattaforma online. Vi offriamo la sicurezza di sapere che la vostra scheda di partecipazione \u00e8 al sicuro e non dovete preoccuparvi di perderla. Potete anche rilassarvi sapendo che non perderete nessuna vincita, perch\u00e9 vi informeremo non appena avrete vinto un premio.<\/p>\n<p>In pratica, eliminiamo tutti i problemi e gli scricchiolii legati al gioco della lotteria, lasciandovi liberi di fare ci\u00f2 che vi piace di pi\u00f9: divertirvi. Non importa dove vi troviate nel mondo: una volta che avete una connessione a Internet, potete partecipare alle migliori lotterie internazionali.<\/p>\n<p>Con jackpotlotteryonline.com avete a disposizione diverse opzioni. \u00c8 possibile giocare a una o pi\u00f9 lotterie, partecipare a una o pi\u00f9 estrazioni e persino impostare un abbonamento in modo che le iscrizioni avvengano con il pilota automatico. Perch\u00e9 non ci visitate oggi stesso per acquistare i biglietti del Thunderball al di fuori del Regno Unito?<\/p>\n","protected":false},"excerpt":{"rendered":"<p>Nel Regno Unito non mancano le lotterie a cui i giocatori possono giocare. Dai giochi del lotto a quelli di rendita, ce n&#8217;\u00e8 per tutti i gusti e quasi ogni giorno. Ma uno dei giochi preferiti dai giocatori \u00e8 il Thunderball. \u00c8 interessante perch\u00e9 si tratta di una lotteria che non offre un jackpot di [&hellip;]<\/p>\n","protected":false},"author":1,"featured_media":0,"parent":35762,"menu_order":12,"comment_status":"closed","ping_status":"closed","template":"thunderball-info.php","meta":{"_et_pb_use_builder":"","_et_pb_old_content":"","_et_gb_content_width":"","exclude_from_search":false,"footnotes":""},"class_list":["post-37105","page","type-page","status-publish","hentry"],"yoast_head":"<!-- This site is optimized with the Yoast SEO plugin v23.3 - https:\/\/yoast.com\/wordpress\/plugins\/seo\/ -->\n<title>Acquista i biglietti Thunderball da fuori dal Regno Unito | Lotteria Thunderball online<\/title>\n<meta name=\"description\" content=\"Acquistate un biglietto Thunderball al di fuori del Regno Unito, comprandolo online qui! Ottenete il vostro biglietto Thunderball scannerizzato attraverso il nostro servizio legale\" \/>\n<meta name=\"robots\" content=\"index, follow, max-snippet:-1, max-image-preview:large, max-video-preview:-1\" \/>\n<link rel=\"canonical\" href=\"https:\/\/jackpotlotteryonline.com\/it\/comprare-biglietti\/thunderball\/\" \/>\n<meta property=\"og:locale\" content=\"it_IT\" \/>\n<meta property=\"og:type\" content=\"article\" \/>\n<meta property=\"og:title\" content=\"Acquista i biglietti Thunderball da fuori dal Regno Unito | Lotteria Thunderball online\" \/>\n<meta property=\"og:description\" content=\"Acquistate un biglietto Thunderball al di fuori del Regno Unito, comprandolo online qui! Ottenete il vostro biglietto Thunderball scannerizzato attraverso il nostro servizio legale\" \/>\n<meta property=\"og:url\" content=\"https:\/\/jackpotlotteryonline.com\/it\/comprare-biglietti\/thunderball\/\" \/>\n<meta property=\"og:site_name\" content=\"Lotto Online - Crack The International Lottery Jackpots\" \/>\n<meta property=\"article:modified_time\" content=\"2023-01-04T08:45:54+00:00\" \/>\n<meta property=\"og:image\" content=\"https:\/\/jackpotlotteryonline.com\/wp-content\/uploads\/2022\/11\/1_you_win_jackpot-300x300.jpg\" \/>\n<meta name=\"twitter:card\" content=\"summary_large_image\" \/>\n<meta name=\"twitter:label1\" content=\"Tempo di lettura stimato\" \/>\n\t<meta name=\"twitter:data1\" content=\"6 minuti\" \/>\n<!-- \/ Yoast SEO plugin. -->","yoast_head_json":{"title":"Acquista i biglietti Thunderball da fuori dal Regno Unito | Lotteria Thunderball online","description":"Acquistate un biglietto Thunderball al di fuori del Regno Unito, comprandolo online qui! Ottenete il vostro biglietto Thunderball scannerizzato attraverso il nostro servizio legale","robots":{"index":"index","follow":"follow","max-snippet":"max-snippet:-1","max-image-preview":"max-image-preview:large","max-video-preview":"max-video-preview:-1"},"canonical":"https:\/\/jackpotlotteryonline.com\/it\/comprare-biglietti\/thunderball\/","og_locale":"it_IT","og_type":"article","og_title":"Acquista i biglietti Thunderball da fuori dal Regno Unito | Lotteria Thunderball online","og_description":"Acquistate un biglietto Thunderball al di fuori del Regno Unito, comprandolo online qui! Ottenete il vostro biglietto Thunderball scannerizzato attraverso il nostro servizio legale","og_url":"https:\/\/jackpotlotteryonline.com\/it\/comprare-biglietti\/thunderball\/","og_site_name":"Lotto Online - Crack The International Lottery Jackpots","article_modified_time":"2023-01-04T08:45:54+00:00","og_image":[{"url":"https:\/\/jackpotlotteryonline.com\/wp-content\/uploads\/2022\/11\/1_you_win_jackpot-300x300.jpg"}],"twitter_card":"summary_large_image","twitter_misc":{"Tempo di lettura stimato":"6 minuti"},"schema":{"@context":"https:\/\/schema.org","@graph":[{"@type":"WebPage","@id":"https:\/\/jackpotlotteryonline.com\/it\/comprare-biglietti\/thunderball\/","url":"https:\/\/jackpotlotteryonline.com\/it\/comprare-biglietti\/thunderball\/","name":"Acquista i biglietti Thunderball da fuori dal Regno Unito | Lotteria Thunderball online","isPartOf":{"@id":"https:\/\/jackpotlotteryonline.com\/#website"},"primaryImageOfPage":{"@id":"https:\/\/jackpotlotteryonline.com\/it\/comprare-biglietti\/thunderball\/#primaryimage"},"image":{"@id":"https:\/\/jackpotlotteryonline.com\/it\/comprare-biglietti\/thunderball\/#primaryimage"},"thumbnailUrl":"https:\/\/jackpotlotteryonline.com\/wp-content\/uploads\/2022\/11\/1_you_win_jackpot-300x300.jpg","datePublished":"2022-11-10T09:13:40+00:00","dateModified":"2023-01-04T08:45:54+00:00","description":"Acquistate un biglietto Thunderball al di fuori del Regno Unito, comprandolo online qui! Ottenete il vostro biglietto Thunderball scannerizzato attraverso il nostro servizio legale","breadcrumb":{"@id":"https:\/\/jackpotlotteryonline.com\/it\/comprare-biglietti\/thunderball\/#breadcrumb"},"inLanguage":"it-IT","potentialAction":[{"@type":"ReadAction","target":["https:\/\/jackpotlotteryonline.com\/it\/comprare-biglietti\/thunderball\/"]}]},{"@type":"ImageObject","inLanguage":"it-IT","@id":"https:\/\/jackpotlotteryonline.com\/it\/comprare-biglietti\/thunderball\/#primaryimage","url":"https:\/\/jackpotlotteryonline.com\/wp-content\/uploads\/2022\/11\/1_you_win_jackpot-300x300.jpg","contentUrl":"https:\/\/jackpotlotteryonline.com\/wp-content\/uploads\/2022\/11\/1_you_win_jackpot-300x300.jpg"},{"@type":"BreadcrumbList","@id":"https:\/\/jackpotlotteryonline.com\/it\/comprare-biglietti\/thunderball\/#breadcrumb","itemListElement":[{"@type":"ListItem","position":1,"name":"Home","item":"https:\/\/jackpotlotteryonline.com\/it\/"},{"@type":"ListItem","position":2,"name":"Come acquistare i biglietti della lotteria online","item":"https:\/\/jackpotlotteryonline.com\/buy-tickets\/"},{"@type":"ListItem","position":3,"name":"Acquista i biglietti per Thunderball"}]},{"@type":"WebSite","@id":"https:\/\/jackpotlotteryonline.com\/#website","url":"https:\/\/jackpotlotteryonline.com\/","name":"Lotto Online - Crack The International Lottery Jackpots","description":"","potentialAction":[{"@type":"SearchAction","target":{"@type":"EntryPoint","urlTemplate":"https:\/\/jackpotlotteryonline.com\/?s={search_term_string}"},"query-input":"required name=search_term_string"}],"inLanguage":"it-IT"}]}},"_links":{"self":[{"href":"https:\/\/jackpotlotteryonline.com\/it\/wp-json\/wp\/v2\/pages\/37105","targetHints":{"allow":["GET"]}}],"collection":[{"href":"https:\/\/jackpotlotteryonline.com\/it\/wp-json\/wp\/v2\/pages"}],"about":[{"href":"https:\/\/jackpotlotteryonline.com\/it\/wp-json\/wp\/v2\/types\/page"}],"author":[{"embeddable":true,"href":"https:\/\/jackpotlotteryonline.com\/it\/wp-json\/wp\/v2\/users\/1"}],"replies":[{"embeddable":true,"href":"https:\/\/jackpotlotteryonline.com\/it\/wp-json\/wp\/v2\/comments?post=37105"}],"version-history":[{"count":0,"href":"https:\/\/jackpotlotteryonline.com\/it\/wp-json\/wp\/v2\/pages\/37105\/revisions"}],"up":[{"embeddable":true,"href":"https:\/\/jackpotlotteryonline.com\/it\/wp-json\/wp\/v2\/pages\/35762"}],"wp:attachment":[{"href":"https:\/\/jackpotlotteryonline.com\/it\/wp-json\/wp\/v2\/media?parent=37105"}],"curies":[{"name":"wp","href":"https:\/\/api.w.org\/{rel}","templated":true}]}}