{"id":37160,"date":"2022-11-10T12:10:49","date_gmt":"2022-11-10T12:10:49","guid":{"rendered":"https:\/\/jackpotlotteryonline.com\/?page_id=37160"},"modified":"2022-12-24T15:12:38","modified_gmt":"2022-12-24T15:12:38","slug":"powerball-australia","status":"publish","type":"page","link":"https:\/\/jackpotlotteryonline.com\/it\/comprare-biglietti\/powerball-australia\/","title":{"rendered":"Comprare biglietti Powerball Australia"},"content":{"rendered":"<p>Quando si pensa a questa lotteria, la prima cosa che viene in mente \u00e8 la lotteria statunitense e non la versione australiana. Questa fantastica lotteria \u00e8 amata dagli appassionati del lotto australiano. Powerball Australia sta rapidamente diventando una delle lotterie internazionali pi\u00f9 popolari, poich\u00e9 i giocatori di tutto il mondo ne riconoscono il potenziale.<\/p>\n<p>Con un montepremi minimo garantito di 3 milioni di dollari, l&#8217;importo viene arrotolato se non c&#8217;\u00e8 un vincitore dopo un&#8217;estrazione. Il montepremi pu\u00f2 essere accumulato pi\u00f9 volte fino a diventare molto grande. Il jackpot record di 160 milioni di dollari \u00e8 stato vinto nell&#8217;ottobre 2022 da un singolo biglietto.<\/p>\n<p>Se volete ampliare il vostro raggio d&#8217;azione come giocatori di lotterie, allora dovreste prendere in considerazione Powerball Australia. \u00c8 divertente, pieno di spirito e offre ai giocatori l&#8217;opportunit\u00e0 di vincere molto senza le probabilit\u00e0 assurde della versione statunitense. Inoltre, non importa dove si vive, perch\u00e9 si pu\u00f2<a href=\"https:\/\/jackpotlotteryonline.com\/it\/come-giocare\/powerball-australia\"> giocare online su jackpotlotteryonline.com.<\/a><\/p>\n<h2>Come funziona il Powerball Australia?<\/h2>\n<p><img loading=\"lazy\" decoding=\"async\" class=\"size-full wp-image-31181 alignright\" src=\"https:\/\/jackpotlotteryonline.com\/wp-content\/uploads\/2022\/11\/logo_powerball-300x50-1.jpg\" alt=\"Powerball Australia\" width=\"300\" height=\"50\" \/><\/p>\n<p>Questa lotteria ha palline con due serie di numeri in due barili diversi. Le palline vengono estratte in modo casuale da ciascun barile e ogni voce che corrisponde ai numeri estratti vince. Il primo barile contiene 35 palline e i giocatori devono scegliere 7 numeri all&#8217;interno di questo intervallo. Il secondo barile ha 20 numeri e i giocatori devono scegliere UN solo numero in quell&#8217;intervallo.<\/p>\n<p>Una riga di ingresso ha 8 numeri e un biglietto pu\u00f2 avere pi\u00f9 di una riga di ingresso. In realt\u00e0, si consiglia di inserire pi\u00f9 righe per aumentare le probabilit\u00e0 di vincita. Le probabilit\u00e0 di vincere il jackpot sono 1 su 1:134.490.400.<\/p>\n<p>S\u00ec, le probabilit\u00e0 sono piuttosto alte, ma \u00e8 cos\u00ec che funziona la lotteria. \u00c8 un gioco di numeri e molto ha a che fare con la fortuna. Non si pu\u00f2 dire quando la fortuna decider\u00e0 di favorire un giocatore. Inoltre, \u00e8 un passatempo divertente, a patto che ci si limiti a ci\u00f2 che ci si pu\u00f2 permettere.<\/p>\n<h2>Si possono aumentare le probabilit\u00e0 di vincita?<\/h2>\n<p>\u00c8 interessante notare che \u00e8 possibile aumentare le probabilit\u00e0 di vincere il jackpot. Non esiste un metodo garantito, anche se la maggior parte dei vincitori ammette di aver giocato pi\u00f9 volte prima di vincere qualcosa. \u00c8 qui che sta il segreto.<\/p>\n<p>Per quanto ne sappiamo, il modo per far pendere le probabilit\u00e0 di vincita a vostro favore \u00e8 quello di acquistare pi\u00f9 ingressi. Ci\u00f2 significa pi\u00f9 linee di iscrizione e pi\u00f9 estrazioni. La lotteria effettua le estrazioni una volta alla settimana, il gioved\u00ec. Se acquistate i biglietti sul nostro sito, potete partecipare alle estrazioni con diverse settimane di anticipo.<\/p>\n<p>Un&#8217;altra opzione \u00e8 quella di unirsi a un sindacato della lotteria. Il vantaggio di unirsi a un sindacato \u00e8 che il vostro denaro va molto pi\u00f9 lontano che se giocaste da soli. Naturalmente, se un biglietto vince, ogni membro del sindacato divider\u00e0 la vincita.<\/p>\n<section class=\"layout\" style=\"border: solid 1px; width: 100%;\">\n<div class=\"img-div\" style=\"margin-top: 5px;\"><img decoding=\"async\" class=\"wp-image-17212 alignleft\" style=\"height: 45px; margin: 8px 8px 0px;\" src=\"https:\/\/jackpotlotteryonline.com\/wp-content\/uploads\/2022\/11\/read1.jpg\" alt=\"leggere\" width=\"\" height=\"\" \/><\/div>\n<div style=\"padding-left: 5px;\">\n<div style=\"font-size: 1.1em;\">\n<p><strong>Scegliere i numeri vincenti del lotto manualmente o utilizzando un RNG<\/strong><\/p>\n<p style=\"font-size: 0.85em; margin-top: -1.5em;\">Come generare i numeri vincenti del lotto?\u00a0 <a href=\"https:\/\/jackpotlotteryonline.com\/it\/come-generare-i-numeri-vincenti-del-lotto\"> Per saperne di pi\u00f9<\/a><\/p>\n<\/div>\n<\/div>\n<\/section>\n<h2>Come giocare alla lotteria australiana online<\/h2>\n<p><img loading=\"lazy\" decoding=\"async\" class=\"alignright size-medium wp-image-34538\" src=\"https:\/\/jackpotlotteryonline.com\/wp-content\/uploads\/2022\/11\/2_ticket_powerball_au-157x300.jpg\" alt=\"Biglietto della lotteria australiana\" width=\"157\" height=\"300\" srcset=\"https:\/\/jackpotlotteryonline.com\/wp-content\/uploads\/2022\/11\/2_ticket_powerball_au-157x300.jpg 157w, https:\/\/jackpotlotteryonline.com\/wp-content\/uploads\/2022\/11\/2_ticket_powerball_au.jpg 250w\" sizes=\"auto, (max-width: 157px) 100vw, 157px\" \/><\/p>\n<p>Giocare alla lotteria online \u00e8 semplice e pu\u00f2 farlo ovunque si trovi. Visitando il sito jackpotlotteryonline.com potrete facilmente acquistare le iscrizioni alle principali lotterie internazionali, comprese quelle australiane. Per acquistare le iscrizioni, basta scegliere i numeri e partecipare all&#8217;estrazione. Se non siete sicuri dei numeri da utilizzare, utilizzate il nostro strumento di scelta rapida per generare numeri casuali.<\/p>\n<p>Quando arriverete alla pagina di pagamento, vi chiederemo di registrarvi. In questo modo la schedina rimarr\u00e0 al sicuro nel vostro conto. Potete anche impostare i vostri giochi di lotteria su autopilota, in modo da partecipare automaticamente alle estrazioni di vostra scelta. In caso di vincita, vi informeremo tempestivamente e potrete ritirare il premio dalla nostra piattaforma.<\/p>\n<p>Lavoriamo duramente per semplificare l&#8217;esperienza della lotteria, in modo che possiate rilassarvi e concentrarvi sul divertimento.<\/p>\n<h2>Divisioni dei premi<\/h2>\n<p>Questa lotteria australiana ha 9 divisioni di premi e i giocatori non devono abbinare tutti gli 8 numeri estratti per vincere un premio. Sebbene il premio del jackpot parta da 3 milioni di dollari, pu\u00f2 essere accumulato pi\u00f9 volte fino a raggiungere un premio molto pi\u00f9 grande.<\/p>\n<p>Si noti che non c&#8217;\u00e8 un limite alle dimensioni del jackpot, ma pu\u00f2 essere superato solo 25 volte prima di tornare a 3 milioni di dollari.<\/p>\n<p>I premi delle divisioni inferiori sono una percentuale del montepremi. Condivideremo la vincita media per darvi un&#8217;idea. Non si tratta della vincita garantita per ogni estrazione, poich\u00e9 gli importi potrebbero variare.<\/p>\n<p>Abbinamento 7 numeri principali + numero speciale &#8211; 23.043.155,47 $ (vincita media)<br \/>\nAbbinamento di soli 7 numeri &#8211; $126.484,05<br \/>\nAbbinamento 6 numeri + numero speciale &#8211; $5.326,97<br \/>\nAbbinamento di soli 6 numeri &#8211; $454,35<br \/>\nAbbinamento 5 numeri + numero speciale &#8211; $158,34<br \/>\nAbbinamento 4 numeri + numero speciale &#8211; $70,85<br \/>\nAbbinamento di soli 5 numeri &#8211; $42,23<br \/>\nAbbinamento 3 numeri + numero speciale &#8211; $17,57<br \/>\nAbbinamento 2 numeri + numero speciale &#8211; $10,71<\/p>\n<h2>Come controllare i risultati<\/h2>\n<p>I risultati sono pubblicati sul nostro sito dopo ogni estrazione. Le estrazioni si svolgono ogni gioved\u00ec alle 19:25 AEST.<\/p>\n<p>Siamo consapevoli che a volte la vita accade e che non \u00e8 possibile<a href=\"https:\/\/jackpotlotteryonline.com\/it\/numeri-vincenti\/powerball-australia\"> controllare immediatamente i risultati delle estrazioni<\/a>. Per questo motivo, in caso di vincita di un premio, non solo vi avviseremo tramite il vostro account, ma vi invieremo anche un&#8217;e-mail. In questo modo, non dovrete perdere l&#8217;occasione di reclamare il vostro premio.<\/p>\n<h2>Si registri con noi per acquistare online i biglietti del Powerball Australia<\/h2>\n<p>Siete entusiasti della prospettiva di giocare a questa lotteria? Beh, anche noi lo siamo e siamo felici di portarla su un dispositivo mobile vicino a voi. Una volta che avete una connessione a Internet, potete acquistare un biglietto per la lotteria australiana.<\/p>\n<p>La lotteria \u00e8 un gioco divertente e ci sono storie di vincitori ovunque. Potreste essere voi i prossimi vincitori, ma non lo saprete se non partecipate alle estrazioni. Abbiamo semplificato il processo per renderlo un&#8217;esperienza priva di stress. Non dovrete lasciare la nostra pagina per svolgere alcuna attivit\u00e0 legata alla lotteria. \u00c8 cos\u00ec semplice.<\/p>\n<p>Non importa dove vi troviate nel mondo, potete acquistare una partecipazione alla pi\u00f9 grande lotteria australiana proprio qui sul nostro sito. Registratevi con noi oggi stesso.<\/p>\n","protected":false},"excerpt":{"rendered":"<p>Quando si pensa a questa lotteria, la prima cosa che viene in mente \u00e8 la lotteria statunitense e non la versione australiana. Questa fantastica lotteria \u00e8 amata dagli appassionati del lotto australiano. Powerball Australia sta rapidamente diventando una delle lotterie internazionali pi\u00f9 popolari, poich\u00e9 i giocatori di tutto il mondo ne riconoscono il potenziale. Con [&hellip;]<\/p>\n","protected":false},"author":1,"featured_media":0,"parent":35762,"menu_order":17,"comment_status":"closed","ping_status":"closed","template":"powerball-au-info.php","meta":{"_et_pb_use_builder":"","_et_pb_old_content":"","_et_gb_content_width":"","exclude_from_search":false,"footnotes":""},"class_list":["post-37160","page","type-page","status-publish","hentry"],"yoast_head":"<!-- This site is optimized with the Yoast SEO plugin v23.3 - https:\/\/yoast.com\/wordpress\/plugins\/seo\/ -->\n<title>Acquistare i biglietti del Powerball Australia da fuori Australia<\/title>\n<meta name=\"description\" content=\"La versione australiana della lotteria Powerball - puoi partecipare semplicemente acquistando un biglietto online proprio qui, sul nostro sito web.\" \/>\n<meta name=\"robots\" content=\"index, follow, max-snippet:-1, max-image-preview:large, max-video-preview:-1\" \/>\n<link rel=\"canonical\" href=\"https:\/\/jackpotlotteryonline.com\/it\/comprare-biglietti\/powerball-australia\/\" \/>\n<meta property=\"og:locale\" content=\"it_IT\" \/>\n<meta property=\"og:type\" content=\"article\" \/>\n<meta property=\"og:title\" content=\"Acquistare i biglietti del Powerball Australia da fuori Australia\" \/>\n<meta property=\"og:description\" content=\"La versione australiana della lotteria Powerball - puoi partecipare semplicemente acquistando un biglietto online proprio qui, sul nostro sito web.\" \/>\n<meta property=\"og:url\" content=\"https:\/\/jackpotlotteryonline.com\/it\/comprare-biglietti\/powerball-australia\/\" \/>\n<meta property=\"og:site_name\" content=\"Lotto Online - Crack The International Lottery Jackpots\" \/>\n<meta property=\"article:modified_time\" content=\"2022-12-24T15:12:38+00:00\" \/>\n<meta property=\"og:image\" content=\"https:\/\/jackpotlotteryonline.com\/wp-content\/uploads\/2022\/11\/logo_powerball-300x50-1.jpg\" \/>\n<meta name=\"twitter:card\" content=\"summary_large_image\" \/>\n<meta name=\"twitter:label1\" content=\"Tempo di lettura stimato\" \/>\n\t<meta name=\"twitter:data1\" content=\"5 minuti\" \/>\n<!-- \/ Yoast SEO plugin. -->","yoast_head_json":{"title":"Acquistare i biglietti del Powerball Australia da fuori Australia","description":"La versione australiana della lotteria Powerball - puoi partecipare semplicemente acquistando un biglietto online proprio qui, sul nostro sito web.","robots":{"index":"index","follow":"follow","max-snippet":"max-snippet:-1","max-image-preview":"max-image-preview:large","max-video-preview":"max-video-preview:-1"},"canonical":"https:\/\/jackpotlotteryonline.com\/it\/comprare-biglietti\/powerball-australia\/","og_locale":"it_IT","og_type":"article","og_title":"Acquistare i biglietti del Powerball Australia da fuori Australia","og_description":"La versione australiana della lotteria Powerball - puoi partecipare semplicemente acquistando un biglietto online proprio qui, sul nostro sito web.","og_url":"https:\/\/jackpotlotteryonline.com\/it\/comprare-biglietti\/powerball-australia\/","og_site_name":"Lotto Online - Crack The International Lottery Jackpots","article_modified_time":"2022-12-24T15:12:38+00:00","og_image":[{"url":"https:\/\/jackpotlotteryonline.com\/wp-content\/uploads\/2022\/11\/logo_powerball-300x50-1.jpg"}],"twitter_card":"summary_large_image","twitter_misc":{"Tempo di lettura stimato":"5 minuti"},"schema":{"@context":"https:\/\/schema.org","@graph":[{"@type":"WebPage","@id":"https:\/\/jackpotlotteryonline.com\/it\/comprare-biglietti\/powerball-australia\/","url":"https:\/\/jackpotlotteryonline.com\/it\/comprare-biglietti\/powerball-australia\/","name":"Acquistare i biglietti del Powerball Australia da fuori Australia","isPartOf":{"@id":"https:\/\/jackpotlotteryonline.com\/#website"},"primaryImageOfPage":{"@id":"https:\/\/jackpotlotteryonline.com\/it\/comprare-biglietti\/powerball-australia\/#primaryimage"},"image":{"@id":"https:\/\/jackpotlotteryonline.com\/it\/comprare-biglietti\/powerball-australia\/#primaryimage"},"thumbnailUrl":"https:\/\/jackpotlotteryonline.com\/wp-content\/uploads\/2022\/11\/logo_powerball-300x50-1.jpg","datePublished":"2022-11-10T12:10:49+00:00","dateModified":"2022-12-24T15:12:38+00:00","description":"La versione australiana della lotteria Powerball - puoi partecipare semplicemente acquistando un biglietto online proprio qui, sul nostro sito web.","breadcrumb":{"@id":"https:\/\/jackpotlotteryonline.com\/it\/comprare-biglietti\/powerball-australia\/#breadcrumb"},"inLanguage":"it-IT","potentialAction":[{"@type":"ReadAction","target":["https:\/\/jackpotlotteryonline.com\/it\/comprare-biglietti\/powerball-australia\/"]}]},{"@type":"ImageObject","inLanguage":"it-IT","@id":"https:\/\/jackpotlotteryonline.com\/it\/comprare-biglietti\/powerball-australia\/#primaryimage","url":"https:\/\/jackpotlotteryonline.com\/wp-content\/uploads\/2022\/11\/logo_powerball-300x50-1.jpg","contentUrl":"https:\/\/jackpotlotteryonline.com\/wp-content\/uploads\/2022\/11\/logo_powerball-300x50-1.jpg"},{"@type":"BreadcrumbList","@id":"https:\/\/jackpotlotteryonline.com\/it\/comprare-biglietti\/powerball-australia\/#breadcrumb","itemListElement":[{"@type":"ListItem","position":1,"name":"Home","item":"https:\/\/jackpotlotteryonline.com\/it\/"},{"@type":"ListItem","position":2,"name":"Come acquistare i biglietti della lotteria online","item":"https:\/\/jackpotlotteryonline.com\/buy-tickets\/"},{"@type":"ListItem","position":3,"name":"Comprare biglietti Powerball Australia"}]},{"@type":"WebSite","@id":"https:\/\/jackpotlotteryonline.com\/#website","url":"https:\/\/jackpotlotteryonline.com\/","name":"Lotto Online - Crack The International Lottery Jackpots","description":"","potentialAction":[{"@type":"SearchAction","target":{"@type":"EntryPoint","urlTemplate":"https:\/\/jackpotlotteryonline.com\/?s={search_term_string}"},"query-input":"required name=search_term_string"}],"inLanguage":"it-IT"}]}},"_links":{"self":[{"href":"https:\/\/jackpotlotteryonline.com\/it\/wp-json\/wp\/v2\/pages\/37160","targetHints":{"allow":["GET"]}}],"collection":[{"href":"https:\/\/jackpotlotteryonline.com\/it\/wp-json\/wp\/v2\/pages"}],"about":[{"href":"https:\/\/jackpotlotteryonline.com\/it\/wp-json\/wp\/v2\/types\/page"}],"author":[{"embeddable":true,"href":"https:\/\/jackpotlotteryonline.com\/it\/wp-json\/wp\/v2\/users\/1"}],"replies":[{"embeddable":true,"href":"https:\/\/jackpotlotteryonline.com\/it\/wp-json\/wp\/v2\/comments?post=37160"}],"version-history":[{"count":0,"href":"https:\/\/jackpotlotteryonline.com\/it\/wp-json\/wp\/v2\/pages\/37160\/revisions"}],"up":[{"embeddable":true,"href":"https:\/\/jackpotlotteryonline.com\/it\/wp-json\/wp\/v2\/pages\/35762"}],"wp:attachment":[{"href":"https:\/\/jackpotlotteryonline.com\/it\/wp-json\/wp\/v2\/media?parent=37160"}],"curies":[{"name":"wp","href":"https:\/\/api.w.org\/{rel}","templated":true}]}}