{"id":37215,"date":"2022-11-11T06:30:26","date_gmt":"2022-11-11T06:30:26","guid":{"rendered":"https:\/\/jackpotlotteryonline.com\/?page_id=37215"},"modified":"2022-12-24T10:31:19","modified_gmt":"2022-12-24T10:31:19","slug":"oz-lotto","status":"publish","type":"page","link":"https:\/\/jackpotlotteryonline.com\/it\/comprare-biglietti\/oz-lotto\/","title":{"rendered":"Acquista i biglietti del Lotto di Oz"},"content":{"rendered":"<p>Oz Lotto \u00e8 la prima lotteria nazionale australiana. Iniziata nel 1994, \u00e8 diventata popolare tra i giocatori di tutto il mondo grazie al generoso montepremi. I giocatori non si accontentano solo del grande jackpot.<\/p>\n<p>Le diverse lotterie hanno regole e metodi diversi, ma una cosa comune \u00e8 che le probabilit\u00e0 non sono sempre favorevoli. Tuttavia, questo non \u00e8 il caso di questa lotteria australiana. Se siete alla ricerca di una lotteria con probabilit\u00e0 incredibili, giocate a questa lotteria australiana.<\/p>\n<p>In generale, le lotterie sono aperte ai residenti dei Paesi in cui hanno sede. Pertanto, questa lotteria \u00e8 aperta a coloro che vivono in Australia. Non \u00e8 necessario essere cittadini per partecipare alla lotteria. Tuttavia, se vivete fuori dal Paese, dovrete acquistare i biglietti della lotteria online.<\/p>\n<h2>Come acquistare i biglietti dell&#8217;Oz Lotto in tutto il mondo<\/h2>\n<p><img loading=\"lazy\" decoding=\"async\" class=\"alignright size-full wp-image-31532\" src=\"http:\/\/jackpotlotteryonline.com\/wp-content\/uploads\/2022\/11\/lottoballs.jpg\" alt=\"Lotteria Oz\" width=\"245\" height=\"123\" \/><\/p>\n<p>Il modo pi\u00f9 comodo e diretto per accedere alla Oz Lottery da fuori l&#8217;Australia \u00e8 attraverso Internet. Esistono fornitori di lotterie online che consentono ai giocatori di accedere alle migliori lotterie internazionali. Questi siti offrono ai giocatori di tutto il mondo un modo legittimo per tentare di vincere milioni di euro.<\/p>\n<p>Internet offre un mondo di possibilit\u00e0 quasi infinite e non tutte sono positive. Cercare un sito di lotterie a caso potrebbe portare a esperienze spiacevoli. Per questo motivo \u00e8 sempre una buona idea cercare siti affidabili che abbiano una buona esperienza con i giocatori. Di seguito condividiamo i consigli per aiutarvi a scegliere il giusto fornitore di lotterie su internet.<\/p>\n<h2>Consigli per utilizzare il sito di lotterie giusto<\/h2>\n<p>Utilizzate solo venditori registrati a norma di legge. Un venditore di lotterie legittimo deve avere una licenza operativa e una sede legale. Questi dati devono essere visualizzati sul sito web per essere autentici.<\/p>\n<p>Assicuratevi che abbiano un&#8217;ampia gamma di lotterie internazionali. Non ha senso registrarsi su un sito che presenta solo una manciata di lotterie. L&#8217;essenza principale del <a href=\"https:\/\/jackpotlotteryonline.com\/it\/come-giocare\/oz-lotto\">giocare alla lotteria su Internet<\/a> \u00e8 l&#8217;accessibilit\u00e0 e la convenienza. Cosa c&#8217;\u00e8 di pi\u00f9 comodo della possibilit\u00e0 di partecipare a pi\u00f9 lotterie internazionali da un&#8217;unica postazione online?<\/p>\n<p>Se volete partecipare alla lotteria, utilizzate un sito di concierge. Quest&#8217;ultimo suggerimento \u00e8 molto importante perch\u00e9 potete investire il vostro denaro senza partecipare alla lotteria. Infatti, alcuni siti di lotterie consentono ai giocatori di scommettere sul risultato. Quindi, anche se i vostri numeri corrispondono, avrete diritto solo a una frazione del montepremi perch\u00e9 non avete partecipato alla lotteria.<\/p>\n<section class=\"layout\" style=\"border: solid 1px; width: 100%;\">\n<div class=\"img-div\" style=\"margin-top: 5px;\"><img decoding=\"async\" class=\"wp-image-17212 alignleft\" style=\"height: 45px; margin: 8px 8px 0px;\" src=\"http:\/\/jackpotlotteryonline.com\/wp-content\/uploads\/2022\/11\/read1.jpg\" alt=\"leggere\" width=\"\" height=\"\" \/><\/div>\n<div style=\"padding-left: 5px;\">\n<div style=\"font-size: 1.1em;\">\n<p><strong>Le truffe della lotteria di cui dovete essere consapevoli<\/strong><\/p>\n<p style=\"font-size: 0.85em; margin-top: -1.5em;\">Non cadete nelle trappole della lotteria\u00a0<a href=\"https:\/\/jackpotlotteryonline.com\/it\/attenzione-alle-truffe-delle-lotterie-online\"> Per saperne di pi\u00f9<\/a><\/p>\n<\/div>\n<\/div>\n<\/section>\n<h2>Registratevi con noi per partecipare alla lotteria online<\/h2>\n<p><img loading=\"lazy\" decoding=\"async\" class=\"size-medium wp-image-34403 alignright\" src=\"http:\/\/jackpotlotteryonline.com\/wp-content\/uploads\/2022\/11\/2_ticket_oz_lotto2-179x300.jpg\" alt=\"Biglietti Oz Lotto\" width=\"179\" height=\"300\" srcset=\"https:\/\/jackpotlotteryonline.com\/wp-content\/uploads\/2022\/11\/2_ticket_oz_lotto2-179x300.jpg 179w, https:\/\/jackpotlotteryonline.com\/wp-content\/uploads\/2022\/11\/2_ticket_oz_lotto2.jpg 250w\" sizes=\"auto, (max-width: 179px) 100vw, 179px\" \/><\/p>\n<p>Acquistare i biglietti della lotteria su Internet o tramite un&#8217;applicazione mobile \u00e8 semplice e senza problemi. Una volta individuato il fornitore che si desidera utilizzare, visitare il sito e scegliere la lotteria desiderata. Il passo successivo \u00e8 la scelta dei numeri. Nel caso di Oz Lotto, dovrete scegliere dieci numeri da 1 a 47.<\/p>\n<p><a href=\"https:\/\/jackpotlotteryonline.com\/it\/numeri-vincenti\/oz-lotto\">Partecipate all&#8217;estrazione ed effettuate il pagamento<\/a>. L&#8217;estrazione ha luogo una volta alla settimana, il marted\u00ec. L&#8217;aspetto interessante del gioco online \u00e8 che potete acquistare pi\u00f9 biglietti e partecipare a diverse estrazioni in anticipo. Inoltre, se non siete sicuri del numero da scegliere, potete facilmente utilizzare un selezionatore automatico di numeri.<\/p>\n<p>Come abbiamo detto, giocare alla lotteria via internet \u00e8 un modo conveniente e privo di stress per vivere un&#8217;esperienza piacevole. Che siate giocatori esperti o alle prime armi, qui potrete fare un viaggio meraviglioso. I nostri servizi di portineria offrono ai giocatori un modo legittimo di partecipare alla lotteria. Quando acquistate un biglietto della lotteria Oz da noi, ottenete un vero affare.<\/p>\n","protected":false},"excerpt":{"rendered":"<p>Oz Lotto \u00e8 la prima lotteria nazionale australiana. Iniziata nel 1994, \u00e8 diventata popolare tra i giocatori di tutto il mondo grazie al generoso montepremi. I giocatori non si accontentano solo del grande jackpot. Le diverse lotterie hanno regole e metodi diversi, ma una cosa comune \u00e8 che le probabilit\u00e0 non sono sempre favorevoli. Tuttavia, [&hellip;]<\/p>\n","protected":false},"author":1,"featured_media":0,"parent":35762,"menu_order":16,"comment_status":"closed","ping_status":"closed","template":"","meta":{"_et_pb_use_builder":"","_et_pb_old_content":"","_et_gb_content_width":"","exclude_from_search":false,"footnotes":""},"class_list":["post-37215","page","type-page","status-publish","hentry"],"yoast_head":"<!-- This site is optimized with the Yoast SEO plugin v23.3 - https:\/\/yoast.com\/wordpress\/plugins\/seo\/ -->\n<title>Acquistare i biglietti del Lotto Oz da fuori Australia | Biglietti del Lotto Oz online<\/title>\n<meta name=\"description\" content=\"OZ Lotto \u00e8 giocabile per voi, se non vivete in Australia, possiamo procurarvi un biglietto legale per questa lotteria australiana online.\" \/>\n<meta name=\"robots\" content=\"index, follow, max-snippet:-1, max-image-preview:large, max-video-preview:-1\" \/>\n<link rel=\"canonical\" href=\"https:\/\/jackpotlotteryonline.com\/it\/comprare-biglietti\/oz-lotto\/\" \/>\n<meta property=\"og:locale\" content=\"it_IT\" \/>\n<meta property=\"og:type\" content=\"article\" \/>\n<meta property=\"og:title\" content=\"Acquistare i biglietti del Lotto Oz da fuori Australia | Biglietti del Lotto Oz online\" \/>\n<meta property=\"og:description\" content=\"OZ Lotto \u00e8 giocabile per voi, se non vivete in Australia, possiamo procurarvi un biglietto legale per questa lotteria australiana online.\" \/>\n<meta property=\"og:url\" content=\"https:\/\/jackpotlotteryonline.com\/it\/comprare-biglietti\/oz-lotto\/\" \/>\n<meta property=\"og:site_name\" content=\"Lotto Online - Crack The International Lottery Jackpots\" \/>\n<meta property=\"article:modified_time\" content=\"2022-12-24T10:31:19+00:00\" \/>\n<meta property=\"og:image\" content=\"http:\/\/jackpotlotteryonline.com\/wp-content\/uploads\/2022\/11\/lottoballs.jpg\" \/>\n<meta name=\"twitter:card\" content=\"summary_large_image\" \/>\n<meta name=\"twitter:label1\" content=\"Tempo di lettura stimato\" \/>\n\t<meta name=\"twitter:data1\" content=\"3 minuti\" \/>\n<!-- \/ Yoast SEO plugin. -->","yoast_head_json":{"title":"Acquistare i biglietti del Lotto Oz da fuori Australia | Biglietti del Lotto Oz online","description":"OZ Lotto \u00e8 giocabile per voi, se non vivete in Australia, possiamo procurarvi un biglietto legale per questa lotteria australiana online.","robots":{"index":"index","follow":"follow","max-snippet":"max-snippet:-1","max-image-preview":"max-image-preview:large","max-video-preview":"max-video-preview:-1"},"canonical":"https:\/\/jackpotlotteryonline.com\/it\/comprare-biglietti\/oz-lotto\/","og_locale":"it_IT","og_type":"article","og_title":"Acquistare i biglietti del Lotto Oz da fuori Australia | Biglietti del Lotto Oz online","og_description":"OZ Lotto \u00e8 giocabile per voi, se non vivete in Australia, possiamo procurarvi un biglietto legale per questa lotteria australiana online.","og_url":"https:\/\/jackpotlotteryonline.com\/it\/comprare-biglietti\/oz-lotto\/","og_site_name":"Lotto Online - Crack The International Lottery Jackpots","article_modified_time":"2022-12-24T10:31:19+00:00","og_image":[{"url":"http:\/\/jackpotlotteryonline.com\/wp-content\/uploads\/2022\/11\/lottoballs.jpg"}],"twitter_card":"summary_large_image","twitter_misc":{"Tempo di lettura stimato":"3 minuti"},"schema":{"@context":"https:\/\/schema.org","@graph":[{"@type":"WebPage","@id":"https:\/\/jackpotlotteryonline.com\/it\/comprare-biglietti\/oz-lotto\/","url":"https:\/\/jackpotlotteryonline.com\/it\/comprare-biglietti\/oz-lotto\/","name":"Acquistare i biglietti del Lotto Oz da fuori Australia | Biglietti del Lotto Oz online","isPartOf":{"@id":"https:\/\/jackpotlotteryonline.com\/#website"},"primaryImageOfPage":{"@id":"https:\/\/jackpotlotteryonline.com\/it\/comprare-biglietti\/oz-lotto\/#primaryimage"},"image":{"@id":"https:\/\/jackpotlotteryonline.com\/it\/comprare-biglietti\/oz-lotto\/#primaryimage"},"thumbnailUrl":"http:\/\/jackpotlotteryonline.com\/wp-content\/uploads\/2022\/11\/lottoballs.jpg","datePublished":"2022-11-11T06:30:26+00:00","dateModified":"2022-12-24T10:31:19+00:00","description":"OZ Lotto \u00e8 giocabile per voi, se non vivete in Australia, possiamo procurarvi un biglietto legale per questa lotteria australiana online.","breadcrumb":{"@id":"https:\/\/jackpotlotteryonline.com\/it\/comprare-biglietti\/oz-lotto\/#breadcrumb"},"inLanguage":"it-IT","potentialAction":[{"@type":"ReadAction","target":["https:\/\/jackpotlotteryonline.com\/it\/comprare-biglietti\/oz-lotto\/"]}]},{"@type":"ImageObject","inLanguage":"it-IT","@id":"https:\/\/jackpotlotteryonline.com\/it\/comprare-biglietti\/oz-lotto\/#primaryimage","url":"http:\/\/jackpotlotteryonline.com\/wp-content\/uploads\/2022\/11\/lottoballs.jpg","contentUrl":"http:\/\/jackpotlotteryonline.com\/wp-content\/uploads\/2022\/11\/lottoballs.jpg"},{"@type":"BreadcrumbList","@id":"https:\/\/jackpotlotteryonline.com\/it\/comprare-biglietti\/oz-lotto\/#breadcrumb","itemListElement":[{"@type":"ListItem","position":1,"name":"Home","item":"https:\/\/jackpotlotteryonline.com\/it\/"},{"@type":"ListItem","position":2,"name":"Come acquistare i biglietti della lotteria online","item":"https:\/\/jackpotlotteryonline.com\/buy-tickets\/"},{"@type":"ListItem","position":3,"name":"Acquista i biglietti del Lotto di Oz"}]},{"@type":"WebSite","@id":"https:\/\/jackpotlotteryonline.com\/#website","url":"https:\/\/jackpotlotteryonline.com\/","name":"Lotto Online - Crack The International Lottery Jackpots","description":"","potentialAction":[{"@type":"SearchAction","target":{"@type":"EntryPoint","urlTemplate":"https:\/\/jackpotlotteryonline.com\/?s={search_term_string}"},"query-input":"required name=search_term_string"}],"inLanguage":"it-IT"}]}},"_links":{"self":[{"href":"https:\/\/jackpotlotteryonline.com\/it\/wp-json\/wp\/v2\/pages\/37215","targetHints":{"allow":["GET"]}}],"collection":[{"href":"https:\/\/jackpotlotteryonline.com\/it\/wp-json\/wp\/v2\/pages"}],"about":[{"href":"https:\/\/jackpotlotteryonline.com\/it\/wp-json\/wp\/v2\/types\/page"}],"author":[{"embeddable":true,"href":"https:\/\/jackpotlotteryonline.com\/it\/wp-json\/wp\/v2\/users\/1"}],"replies":[{"embeddable":true,"href":"https:\/\/jackpotlotteryonline.com\/it\/wp-json\/wp\/v2\/comments?post=37215"}],"version-history":[{"count":0,"href":"https:\/\/jackpotlotteryonline.com\/it\/wp-json\/wp\/v2\/pages\/37215\/revisions"}],"up":[{"embeddable":true,"href":"https:\/\/jackpotlotteryonline.com\/it\/wp-json\/wp\/v2\/pages\/35762"}],"wp:attachment":[{"href":"https:\/\/jackpotlotteryonline.com\/it\/wp-json\/wp\/v2\/media?parent=37215"}],"curies":[{"name":"wp","href":"https:\/\/api.w.org\/{rel}","templated":true}]}}