{"id":37271,"date":"2022-11-11T08:25:50","date_gmt":"2022-11-11T08:25:50","guid":{"rendered":"https:\/\/jackpotlotteryonline.com\/?page_id=37271"},"modified":"2022-12-24T20:31:34","modified_gmt":"2022-12-24T20:31:34","slug":"saturday-lotto","status":"publish","type":"page","link":"https:\/\/jackpotlotteryonline.com\/it\/comprare-biglietti\/saturday-lotto\/","title":{"rendered":"Acquista i biglietti per il Saturday Lotto Australia"},"content":{"rendered":"<p>In Australia ci sono molte lotterie, come il Lotto del mercoled\u00ec, il Powerball e il Saturday Lotto Australia. La lotteria del sabato \u00e8 molto popolare tra i giocatori e offre alle persone qualcosa da attendere con ansia ogni settimana. All&#8217;inizio di questa lotteria, solo i giocatori di Oz potevano parteciparvi. Oggi, fortunatamente, i giocatori di tutto il mondo possono partecipare alla lotteria del sabato.<\/p>\n<p>Ma come si fa a comprare i biglietti per il Saturday Lotto da fuori del Paese? Perch\u00e9 non continuare a leggere per scoprirlo? Vi guideremo attraverso il processo e risponderemo a tutte le vostre domande. Per coloro che non hanno familiarit\u00e0 con questa lotteria, ci prenderemo anche un po&#8217; di tempo per parlarne. Si spera che al termine della lettura sarete ansiosi di acquistare i biglietti di questa lotteria.<\/p>\n<h2>Cos&#8217;\u00e8 il Saturday Lotto Australia<\/h2>\n<p>Questa lotteria \u00e8 stata introdotta nel paese nel 1972 ed \u00e8 diventata una delle lotterie preferite dai giocatori. Conosciuta come Tatts Lotto, X Lotto e Gold Lotto in alcune parti del Paese, \u00e8 gestita dal gruppo Tatts Lottery.<\/p>\n<p>Questa lotteria ha sei divisioni di premi, di cui parleremo tra poco. La lotteria del sabato ha un jackpot iniziale di 5 milioni di dollari australiani. La cosa sorprendente \u00e8 che le probabilit\u00e0 di vincere il jackpot sono davvero buone. A differenza di altre lotterie, il giocatore deve indovinare solo i numeri principali per vincere il jackpot.<\/p>\n<p>Ci sono numeri supplementari, ma questi vengono utilizzati per determinare i vincitori delle altre divisioni di premi. Questo la dice lunga sul fatto che, nonostante ci sia una lotteria per quasi tutti i giorni della settimana, gli australiani sono attratti da questa. Di seguito vi spiegheremo come giocare a questa lotteria e le diverse divisioni dei premi.<\/p>\n<h2>Come si gioca alla lotteria del sabato<\/h2>\n<p><img loading=\"lazy\" decoding=\"async\" class=\"alignright size-full wp-image-35132\" src=\"https:\/\/jackpotlotteryonline.com\/wp-content\/uploads\/2022\/11\/2_ticket_saturday_lotto_au2-1-180x300-1.jpg\" alt=\"Biglietto della lotteria del sabato\" width=\"180\" height=\"300\" \/><\/p>\n<p>Per <a href=\"https:\/\/jackpotlotteryonline.com\/it\/come-giocare\/saturday-lotto\">giocare a questa lotteria<\/a>, il giocatore deve scegliere 6 numeri principali compresi tra 1 e 45. Poi 2 numeri supplementari da 1 a 45. Poi 2 numeri supplementari da 1 a 6. I numeri supplementari non vengono utilizzati per determinare il jackpot. Tutto ci\u00f2 che il giocatore deve fare \u00e8 abbinare gli otto numeri estratti per vincere il jackpot.<\/p>\n<p>Durante le estrazioni, sei palline vengono estratte a caso da un barile di 45 palline. I numeri su queste palline sono i numeri vincenti e ogni biglietto che corrisponde a questi \u00e8 il biglietto vincente. Poi vengono estratte altre due palline da un altro barile con sei palline. Questi sono i numeri supplementari che vengono utilizzati per determinare le altre categorie di premi.<\/p>\n<p>Come suggerisce il nome, le estrazioni hanno luogo il sabato di ogni settimana. Le estrazioni si chiudono il sabato entro le 19:25 AEST. I giocatori che vogliono partecipare all&#8217;estrazione di quella settimana devono acquistare i biglietti prima dell&#8217;orario di chiusura.<\/p>\n<h2>Divisioni dei premi<\/h2>\n<p>Il lotto Tatts ha otto divisioni di premi. Acquistando un biglietto di questa lotteria, si ha la possibilit\u00e0 di vincere una qualsiasi di queste categorie di premi. La combinazione vincente per ogni divisione \u00e8 indicata di seguito.<\/p>\n<p>Divisione 1 (Jackpot) &#8211; Abbinamento di 6 numeri principali<br \/>\nDivisione 2 &#8211; Abbinare qualsiasi 5 numeri principali + 1 numero supplementare<br \/>\nDivisione 3 &#8211; Abbina 5 numeri principali qualsiasi<br \/>\nDivisione 4 &#8211; Abbinamento di 4 numeri principali<br \/>\nDivisione 5 &#8211; Abbinamento di 3 numeri principali + 1 numero supplementare<br \/>\nDivisione 6 &#8211; Abbina 3 numeri principali qualsiasi<\/p>\n<p>Gli organizzatori hanno fatto in modo che i giocatori possano vincere questa lotteria. Le probabilit\u00e0 sono ottime e con un montepremi di 5 milioni di AUD, c&#8217;\u00e8 da stupirsi che i giocatori amino la lotteria del sabato? Se non l&#8217;avete ancora fatto, questo \u00e8 un buon momento per pensare di acquistare un biglietto.<\/p>\n<h2>Vincitori precedenti<\/h2>\n<p>Prima di condividere con voi come acquistare i biglietti di questa lotteria fuori dall&#8217;Oz, potrebbe essere una buona idea parlare dei vincitori precedenti. Nel corso degli anni ci sono stati molti vincitori, quindi ci limiteremo a sceglierne alcuni recenti, sperando che vi ispirino.<\/p>\n<p>La prima della nostra lista \u00e8 una mamma australiana che ha scelto di rimanere anonima. Ha vinto il jackpot di sabato insieme a un altro vincitore. Secondo quanto riportato, le ci sono volute due settimane prima di rendersi conto di aver vinto il jackpot. Se avesse aspettato ancora a lungo, non avrebbe potuto reclamare il premio. Per fortuna \u00e8 tornata a controllare e ha scoperto di aver vinto.<\/p>\n<p>Un altro vincitore \u00e8 un uomo che ha giocato alla lotteria del sabato per diversi anni con gli stessi numeri. La sua tenacia \u00e8 stata ripagata e ha vinto il jackpot. Molti vincitori della lotteria raccontano di aver giocato per anni prima di vincere. A volte ci vogliono fede e costanza per ottenere i risultati desiderati.<\/p>\n<section class=\"layout\" style=\"border: solid 1px; width: 100%;\">\n<div class=\"img-div\" style=\"margin-top: 5px;\"><img decoding=\"async\" class=\"wp-image-17212 alignleft\" style=\"height: 45px; margin: 8px 8px 0px;\" src=\"https:\/\/jackpotlotteryonline.com\/wp-content\/uploads\/2022\/11\/read1.jpg\" alt=\"leggere\" width=\"\" height=\"\" \/><\/div>\n<div style=\"padding-left: 5px;\">\n<div style=\"font-size: 1.1em;\">\n<p><strong>Alcuni vincitori della lotteria hanno restituito alla comunit\u00e0<\/strong><\/p>\n<p style=\"font-size: 0.85em; margin-top: -1.5em;\">Alcune storie interessanti e commoventi di vincitori di lotterie che fanno beneficenza\u00a0 <a href=\"https:\/\/jackpotlotteryonline.com\/it\/storie-di-vincitori-della-lotteria-che-restituiscono\">Per saperne di pi\u00f9<\/a><\/p>\n<\/div>\n<\/div>\n<\/section>\n<h2>Acquistare i biglietti da fuori l&#8217;Australia<\/h2>\n<p>Quindi, se non vivete nella bellissima terra di Oz, come potete acquistare i biglietti del Saturday Lotto? Prima di internet sarebbe stato impossibile o quantomeno molto difficile. Ma grazie a Internet \u00e8 possibile acquistare i biglietti della lotteria Tatts online.<\/p>\n<p>Esistono fornitori di lotterie online che permettono ai giocatori di acquistare i biglietti delle principali lotterie internazionali. Questi venditori gestiscono il cosiddetto servizio di portineria che aiuta i giocatori ad acquistare i biglietti della lotteria in qualsiasi paese. Quando ci si iscrive a questi siti, si pu\u00f2 facilmente partecipare alla lotteria del sabato e reclamare eventuali vincite.<\/p>\n<p>Noi di jackpotlotteryonline.com gestiamo un servizio di portineria che offre ai nostri utenti un&#8217;esperienza senza soluzione di continuit\u00e0. Quando vi iscrivete con noi, potete facilmente acquistare il vostro biglietto per la lotteria del sabato e per molte altre lotterie internazionali. Siete preoccupati di come riscuotere il premio in caso di vincita? Basta incassare il premio dalla nostra piattaforma senza problemi.<\/p>\n<h2>Domande frequenti<\/h2>\n<p><img loading=\"lazy\" decoding=\"async\" class=\"wp-image-29264 alignright\" src=\"https:\/\/jackpotlotteryonline.com\/wp-content\/uploads\/2022\/11\/1_play_online_lotto-300x300.jpg\" alt=\"Lotto online del sabato Australia\" width=\"235\" height=\"235\" srcset=\"https:\/\/jackpotlotteryonline.com\/wp-content\/uploads\/2022\/11\/1_play_online_lotto-300x300.jpg 300w, https:\/\/jackpotlotteryonline.com\/wp-content\/uploads\/2022\/11\/1_play_online_lotto-100x100.jpg 100w, https:\/\/jackpotlotteryonline.com\/wp-content\/uploads\/2022\/11\/1_play_online_lotto-150x150.jpg 150w, https:\/\/jackpotlotteryonline.com\/wp-content\/uploads\/2022\/11\/1_play_online_lotto.jpg 480w\" sizes=\"auto, (max-width: 235px) 100vw, 235px\" \/><\/p>\n<p>Sappiamo che probabilmente ci sono diverse domande che vi frullano per la testa. Non c&#8217;\u00e8 problema, siamo qui per rispondere alle vostre domande. Cercheremo di rispondere a tutte le domande, ma se avete ancora qualche dubbio, non esitate a contattarci. Siamo sempre felici di sentirvi. Faremo tutto il possibile per assisterla nel suo percorso per diventare un vincitore della lotteria.<\/p>\n<h2>Posso acquistare i biglietti della lotteria online?<\/h2>\n<p>S\u00ec, \u00e8 possibile acquistare i biglietti della lotteria online ed \u00e8 perfettamente legale. Assicuratevi di utilizzare un venditore di lotterie di fiducia per essere certi di partecipare alla lotteria. Molti gruppi di lotterie hanno siti web. Tuttavia, se volete giocare a pi\u00f9 di una lotteria, \u00e8 meglio che vi registriate presso un fornitore di lotterie. In particolare, uno che dia accesso a diverse altre lotterie.<\/p>\n<h2>Come si acquista un biglietto?<\/h2>\n<p>Acquistare un biglietto della lotteria \u00e8 facile se siete registrati con noi. Basta scegliere i numeri e partecipare all&#8217;estrazione. \u00c8 possibile acquistare pi\u00f9 biglietti per aumentare le possibilit\u00e0 di vincere un premio. Tutto dipende da voi. Se non siete sicuri di quale numero scegliere, il selezionatore automatico pu\u00f2 fare il lavoro per voi. Lavoriamo duramente per garantire che il processo sia facile e intuitivo per i giocatori.<\/p>\n<h2>Che cos&#8217;\u00e8 esattamente un servizio di concierge?<\/h2>\n<p>Siamo lieti che ce lo chiediate. Quando diciamo che gestiamo un servizio di portineria, significa che abbiamo agenti in diversi Paesi, tra cui l&#8217;Australia. Quando acquistate un biglietto della lotteria da noi, i nostri agenti vanno a comprare un biglietto fisico con i numeri corrispondenti. Ci\u00f2 significa che, ovunque vi troviate, siete iscritti alla lotteria.<\/p>\n<h2>Come si vince?<\/h2>\n<p>Per vincere questa lotteria australiana, \u00e8 sufficiente indovinare i sei numeri principali estratti per aggiudicarsi il jackpot. Non \u00e8 necessario indovinare i numeri supplementari, che sono utilizzati per determinare i premi delle Divisioni 2 e 5.<\/p>\n<h2>Come posso controllare i risultati?<\/h2>\n<p>Dopo ogni estrazione, pubblichiamo i risultati proprio qui su jackpotlotteryonline.com. Per la lotteria del sabato, \u00e8 sufficiente visitare la <a href=\"https:\/\/jackpotlotteryonline.com\/it\/numeri-vincenti\/saturday-lotto\">pagina delle estrazioni del sabato dopo le estrazioni del sabato<\/a> per trovare i risultati.<\/p>\n<h2>E se mi dimentico di controllare i risultati?<\/h2>\n<p>Questa \u00e8 la parte migliore. Quando acquistate da noi, non importa se dimenticate di controllare i risultati del lotto, perch\u00e9 noi vi copriamo le spalle. Se vincete un premio, vi invieremo un messaggio sul vostro cruscotto e un&#8217;e-mail per avvisarvi. Quando acquistate una schedina del lotto da noi, sapete di essere coperti.<\/p>\n<h2>Ho vinto, e adesso?<\/h2>\n<p>Se avete vinto alla lotteria, innanzitutto congratulazioni! Siamo felici per voi. Se vi siete registrati con noi, il passo successivo \u00e8 semplice. Andate sul vostro cruscotto e prelevate i vostri fondi attraverso i metodi disponibili. \u00c8 semplicissimo.<\/p>\n<h2>Registratevi con noi oggi stesso!<\/h2>\n<p>Giocare alla lotteria \u00e8 divertente e d\u00e0 ai giocatori qualcosa da aspettare ogni settimana. La lotteria del sabato ha un bel montepremi e quote favorevoli, che la rendono ideale sia per i nuovi che per i vecchi giocatori. Ora non \u00e8 pi\u00f9 riservata agli australiani, perch\u00e9 tutti i cittadini possono acquistare le quote della lotteria.<\/p>\n<p>Se siete alla ricerca di un gioco interessante, perch\u00e9 non provare la lotteria Tatts? Ovunque vi troviate, potete acquistare una schedina per questa lotteria registrandovi con noi. acquistate pi\u00f9 ingressi e partecipate a diverse estrazioni in anticipo con facilit\u00e0. Il nostro compito \u00e8 quello di rendervi possibile giocare alle lotterie di vostra scelta con il minimo stress.<\/p>\n<p>Rilassatevi e divertitevi mentre giocate, non si sa mai che questo sia il giorno della vostra grande vincita. Perch\u00e9 non acquistare l&#8217;accesso alla lotteria registrandosi con noi oggi stesso?<\/p>\n","protected":false},"excerpt":{"rendered":"<p>In Australia ci sono molte lotterie, come il Lotto del mercoled\u00ec, il Powerball e il Saturday Lotto Australia. La lotteria del sabato \u00e8 molto popolare tra i giocatori e offre alle persone qualcosa da attendere con ansia ogni settimana. All&#8217;inizio di questa lotteria, solo i giocatori di Oz potevano parteciparvi. Oggi, fortunatamente, i giocatori di [&hellip;]<\/p>\n","protected":false},"author":1,"featured_media":0,"parent":35762,"menu_order":18,"comment_status":"closed","ping_status":"closed","template":"saturday-lotto-info.php","meta":{"_et_pb_use_builder":"","_et_pb_old_content":"","_et_gb_content_width":"","exclude_from_search":false,"footnotes":""},"class_list":["post-37271","page","type-page","status-publish","hentry"],"yoast_head":"<!-- This site is optimized with the Yoast SEO plugin v23.3 - https:\/\/yoast.com\/wordpress\/plugins\/seo\/ -->\n<title>Acquistare i biglietti per il Saturday Lotto Australia da fuori Australia<\/title>\n<meta name=\"description\" content=\"Il popolare lotto australiano del sabato ha grandi jackpot. I giocatori di tutto il mondo possono ora acquistare un biglietto per il lotto del sabato online.\" \/>\n<meta name=\"robots\" content=\"index, follow, max-snippet:-1, max-image-preview:large, max-video-preview:-1\" \/>\n<link rel=\"canonical\" href=\"https:\/\/jackpotlotteryonline.com\/buy-tickets\/saturday-lotto\/\" \/>\n<meta property=\"og:locale\" content=\"it_IT\" \/>\n<meta property=\"og:type\" content=\"article\" \/>\n<meta property=\"og:title\" content=\"Acquistare i biglietti per il Saturday Lotto Australia da fuori Australia\" \/>\n<meta property=\"og:description\" content=\"Il popolare lotto australiano del sabato ha grandi jackpot. I giocatori di tutto il mondo possono ora acquistare un biglietto per il lotto del sabato online.\" \/>\n<meta property=\"og:url\" content=\"https:\/\/jackpotlotteryonline.com\/buy-tickets\/saturday-lotto\/\" \/>\n<meta property=\"og:site_name\" content=\"Lotto Online - Crack The International Lottery Jackpots\" \/>\n<meta property=\"article:modified_time\" content=\"2022-12-24T20:31:34+00:00\" \/>\n<meta property=\"og:image\" content=\"https:\/\/jackpotlotteryonline.com\/wp-content\/uploads\/2022\/11\/2_ticket_saturday_lotto_au2-1-180x300-1.jpg\" \/>\n<meta name=\"twitter:card\" content=\"summary_large_image\" \/>\n<meta name=\"twitter:label1\" content=\"Tempo di lettura stimato\" \/>\n\t<meta name=\"twitter:data1\" content=\"8 minuti\" \/>\n<!-- \/ Yoast SEO plugin. -->","yoast_head_json":{"title":"Acquistare i biglietti per il Saturday Lotto Australia da fuori Australia","description":"Il popolare lotto australiano del sabato ha grandi jackpot. I giocatori di tutto il mondo possono ora acquistare un biglietto per il lotto del sabato online.","robots":{"index":"index","follow":"follow","max-snippet":"max-snippet:-1","max-image-preview":"max-image-preview:large","max-video-preview":"max-video-preview:-1"},"canonical":"https:\/\/jackpotlotteryonline.com\/buy-tickets\/saturday-lotto\/","og_locale":"it_IT","og_type":"article","og_title":"Acquistare i biglietti per il Saturday Lotto Australia da fuori Australia","og_description":"Il popolare lotto australiano del sabato ha grandi jackpot. I giocatori di tutto il mondo possono ora acquistare un biglietto per il lotto del sabato online.","og_url":"https:\/\/jackpotlotteryonline.com\/buy-tickets\/saturday-lotto\/","og_site_name":"Lotto Online - Crack The International Lottery Jackpots","article_modified_time":"2022-12-24T20:31:34+00:00","og_image":[{"url":"https:\/\/jackpotlotteryonline.com\/wp-content\/uploads\/2022\/11\/2_ticket_saturday_lotto_au2-1-180x300-1.jpg"}],"twitter_card":"summary_large_image","twitter_misc":{"Tempo di lettura stimato":"8 minuti"},"schema":{"@context":"https:\/\/schema.org","@graph":[{"@type":"WebPage","@id":"https:\/\/jackpotlotteryonline.com\/buy-tickets\/saturday-lotto\/","url":"https:\/\/jackpotlotteryonline.com\/buy-tickets\/saturday-lotto\/","name":"Acquistare i biglietti per il Saturday Lotto Australia da fuori Australia","isPartOf":{"@id":"https:\/\/jackpotlotteryonline.com\/#website"},"primaryImageOfPage":{"@id":"https:\/\/jackpotlotteryonline.com\/buy-tickets\/saturday-lotto\/#primaryimage"},"image":{"@id":"https:\/\/jackpotlotteryonline.com\/buy-tickets\/saturday-lotto\/#primaryimage"},"thumbnailUrl":"https:\/\/jackpotlotteryonline.com\/wp-content\/uploads\/2022\/11\/2_ticket_saturday_lotto_au2-1-180x300-1.jpg","datePublished":"2022-11-11T08:25:50+00:00","dateModified":"2022-12-24T20:31:34+00:00","description":"Il popolare lotto australiano del sabato ha grandi jackpot. I giocatori di tutto il mondo possono ora acquistare un biglietto per il lotto del sabato online.","breadcrumb":{"@id":"https:\/\/jackpotlotteryonline.com\/buy-tickets\/saturday-lotto\/#breadcrumb"},"inLanguage":"it-IT","potentialAction":[{"@type":"ReadAction","target":["https:\/\/jackpotlotteryonline.com\/buy-tickets\/saturday-lotto\/"]}]},{"@type":"ImageObject","inLanguage":"it-IT","@id":"https:\/\/jackpotlotteryonline.com\/buy-tickets\/saturday-lotto\/#primaryimage","url":"https:\/\/jackpotlotteryonline.com\/wp-content\/uploads\/2022\/11\/2_ticket_saturday_lotto_au2-1-180x300-1.jpg","contentUrl":"https:\/\/jackpotlotteryonline.com\/wp-content\/uploads\/2022\/11\/2_ticket_saturday_lotto_au2-1-180x300-1.jpg"},{"@type":"BreadcrumbList","@id":"https:\/\/jackpotlotteryonline.com\/buy-tickets\/saturday-lotto\/#breadcrumb","itemListElement":[{"@type":"ListItem","position":1,"name":"Home","item":"https:\/\/jackpotlotteryonline.com\/it\/"},{"@type":"ListItem","position":2,"name":"Come acquistare i biglietti della lotteria online","item":"https:\/\/jackpotlotteryonline.com\/buy-tickets\/"},{"@type":"ListItem","position":3,"name":"Acquista i biglietti per il Saturday Lotto Australia"}]},{"@type":"WebSite","@id":"https:\/\/jackpotlotteryonline.com\/#website","url":"https:\/\/jackpotlotteryonline.com\/","name":"Lotto Online - Crack The International Lottery Jackpots","description":"","potentialAction":[{"@type":"SearchAction","target":{"@type":"EntryPoint","urlTemplate":"https:\/\/jackpotlotteryonline.com\/?s={search_term_string}"},"query-input":"required name=search_term_string"}],"inLanguage":"it-IT"}]}},"_links":{"self":[{"href":"https:\/\/jackpotlotteryonline.com\/it\/wp-json\/wp\/v2\/pages\/37271","targetHints":{"allow":["GET"]}}],"collection":[{"href":"https:\/\/jackpotlotteryonline.com\/it\/wp-json\/wp\/v2\/pages"}],"about":[{"href":"https:\/\/jackpotlotteryonline.com\/it\/wp-json\/wp\/v2\/types\/page"}],"author":[{"embeddable":true,"href":"https:\/\/jackpotlotteryonline.com\/it\/wp-json\/wp\/v2\/users\/1"}],"replies":[{"embeddable":true,"href":"https:\/\/jackpotlotteryonline.com\/it\/wp-json\/wp\/v2\/comments?post=37271"}],"version-history":[{"count":0,"href":"https:\/\/jackpotlotteryonline.com\/it\/wp-json\/wp\/v2\/pages\/37271\/revisions"}],"up":[{"embeddable":true,"href":"https:\/\/jackpotlotteryonline.com\/it\/wp-json\/wp\/v2\/pages\/35762"}],"wp:attachment":[{"href":"https:\/\/jackpotlotteryonline.com\/it\/wp-json\/wp\/v2\/media?parent=37271"}],"curies":[{"name":"wp","href":"https:\/\/api.w.org\/{rel}","templated":true}]}}