{"id":37765,"date":"2022-11-15T08:26:23","date_gmt":"2022-11-15T08:26:23","guid":{"rendered":"https:\/\/jackpotlotteryonline.com\/?page_id=37765"},"modified":"2022-11-15T08:26:23","modified_gmt":"2022-11-15T08:26:23","slug":"faq","status":"publish","type":"page","link":"https:\/\/jackpotlotteryonline.com\/it\/faq\/","title":{"rendered":"FAQ"},"content":{"rendered":"<h2>FAQ sulle lotterie online<\/h2>\n<p>Qui forniremo le risposte alle domande pi\u00f9 frequenti sulla lotteria online e sui jackpot del lotto online. Giocare alle lotterie online \u00e8 il modo pi\u00f9 comodo e semplice per mettere le mani sui grandi jackpot del Lotto internazionale.<\/p>\n<h2>Come funziona?<\/h2>\n<p>Noi agiamo come un servizio di messaggeria tra voi e le varie lotterie. Acquistiamo il biglietto a vostro nome e per vostro conto, scannerizziamo il nuovo biglietto e carichiamo la scansione sul vostro conto cliente, vi inviamo un messaggio quando vincete e vi aiutiamo a ricevere il vostro denaro quando vincete.<\/p>\n<h2>Quali sono i vantaggi di giocare tramite noi?<\/h2>\n<ul>\n<li>Non \u00e8 necessario recarsi in un negozio di lotterie. Si pu\u00f2 facilmente giocare da casa o dall&#8217;ufficio<\/li>\n<li>\u00e8 possibile pagare online, ad esempio con carta di credito o con altri strumenti<\/li>\n<li>le vincite al lotto fino a 2.500 euro saranno accreditate sul suo conto corrente<\/li>\n<li>in caso di vincita superiore a 2.500 euro, vi assisteremo gratuitamente per ottenere il vostro denaro<\/li>\n<li>non ci sono costi aggiuntivi in caso di vincita.<\/li>\n<\/ul>\n<p><strong>Chi pu\u00f2 giocare alle lotterie?<\/strong><\/p>\n<p>Chiunque abbia pi\u00f9 di 18 anni pu\u00f2 giocare alla lotteria.<\/p>\n<p><strong>Posso giocare alla lotteria da un paese straniero?<\/strong><\/p>\n<p>S\u00ec, \u00e8 possibile. Non importa in quale Paese risiedete, potete giocare a qualsiasi lotteria e jackpot del lotto in qualsiasi Paese di vostra scelta.<\/p>\n<p><strong>Posso scegliere i miei numeri del lotto?<\/strong><\/p>\n<p>S\u00ec, potete scegliere i numeri che desiderate, oppure potete chiedere al computer di scegliere i vostri numeri a caso.<\/p>\n<p><strong>Come ricever\u00f2 il mio biglietto della lotteria?<\/strong><\/p>\n<p>Una volta che il pagamento \u00e8 stato elaborato, invieremo per e-mail la conferma dell&#8217;acquisto. I numeri scelti possono essere visualizzati nel suo account. Poco dopo, nel suo account potr\u00e0 vedere anche il biglietto scansionato.<\/p>\n<p><strong>Come posso pagare il mio lotto o biglietto?<\/strong><\/p>\n<p>Sono disponibili diverse opzioni di pagamento, tra cui il pagamento con carta di credito, bonifico bancario, varie criptovalute e altro ancora.<\/p>\n<p><strong>Prendete una parte delle mie vincite?<\/strong><\/p>\n<p>Tutte le vincite della lotteria vi saranno pagate per intero, senza dedurre alcuna commissione.<\/p>\n<p><strong>Quando posso ordinare un biglietto della lotteria?<\/strong><\/p>\n<p>Per partecipare a una lotteria, \u00e8 necessario ordinare il biglietto almeno 2 ore prima dell&#8217;estrazione. Questo ci permette di elaborare l&#8217;ordine del biglietto del Lotto.<\/p>\n<p><strong>Come faccio a sapere se ho vinto?<\/strong><\/p>\n<p>In caso di vincita, vi invieremo un&#8217;e-mail per avvisarvi della vincita. Inoltre, i numeri vincenti di tutte le lotterie saranno pubblicati sul nostro sito web.<\/p>\n<p><strong>Come ricevo il mio denaro in caso di vincita?<\/strong><\/p>\n<p>Se si vince un importo inferiore a 2.500 euro, il denaro verr\u00e0 accreditato sul conto giocatore. Per qualsiasi vincita di importo superiore a 2.500 euro, vi invieremo un modulo di reclamo da compilare. Dovr\u00e0 identificarsi e noi provvederemo a inoltrare la sua richiesta alla societ\u00e0 della lotteria. La societ\u00e0 della lotteria emetter\u00e0 poi un assegno a vostro favore. Si noti che alcune societ\u00e0 di lotterie richiedono di reclamare la vincita di persona se si vince un premio del jackpot.<\/p>\n<p><strong>\u00c8 un servizio legale?<\/strong><\/p>\n<p>S\u00ec, lo \u00e8. Poich\u00e9 il nostro \u00e8 solo un servizio di messaggeria, \u00e8 perfettamente legale.<\/p>\n<p><strong>Come faccio a sapere che un biglietto della lotteria \u00e8 stato acquistato per mio conto?<\/strong><\/p>\n<p>Una volta pagato il biglietto della lotteria, riceverete una conferma di pagamento. Finch\u00e9 il biglietto della lotteria \u00e8 attivo, ricever\u00e0 un&#8217;e-mail di notifica e, dopo aver effettuato il login, potr\u00e0 vedere i suoi biglietti nella sua area clienti sul nostro sito web.<\/p>\n","protected":false},"excerpt":{"rendered":"<p>FAQ sulle lotterie online Qui forniremo le risposte alle domande pi\u00f9 frequenti sulla lotteria online e sui jackpot del lotto online. Giocare alle lotterie online \u00e8 il modo pi\u00f9 comodo e semplice per mettere le mani sui grandi jackpot del Lotto internazionale. Come funziona? Noi agiamo come un servizio di messaggeria tra voi e le [&hellip;]<\/p>\n","protected":false},"author":1,"featured_media":0,"parent":0,"menu_order":6,"comment_status":"closed","ping_status":"closed","template":"","meta":{"_et_pb_use_builder":"","_et_pb_old_content":"","_et_gb_content_width":"","exclude_from_search":false,"footnotes":""},"class_list":["post-37765","page","type-page","status-publish","hentry"],"yoast_head":"<!-- This site is optimized with the Yoast SEO plugin v23.3 - https:\/\/yoast.com\/wordpress\/plugins\/seo\/ -->\n<title>Lotteria FAQ | Domande frequenti sul Lotto online<\/title>\n<meta name=\"description\" content=\"Trova qui le risposte alle domande pi\u00f9 frequenti sul gioco del lotto online, oltre ai migliori servizi\" \/>\n<meta name=\"robots\" content=\"index, follow, max-snippet:-1, max-image-preview:large, max-video-preview:-1\" \/>\n<link rel=\"canonical\" href=\"https:\/\/jackpotlotteryonline.com\/it\/faq\/\" \/>\n<meta property=\"og:locale\" content=\"it_IT\" \/>\n<meta property=\"og:type\" content=\"article\" \/>\n<meta property=\"og:title\" content=\"Lotteria FAQ | Domande frequenti sul Lotto online\" \/>\n<meta property=\"og:description\" content=\"Trova qui le risposte alle domande pi\u00f9 frequenti sul gioco del lotto online, oltre ai migliori servizi\" \/>\n<meta property=\"og:url\" content=\"https:\/\/jackpotlotteryonline.com\/it\/faq\/\" \/>\n<meta property=\"og:site_name\" content=\"Lotto Online - Crack The International Lottery Jackpots\" \/>\n<meta name=\"twitter:card\" content=\"summary_large_image\" \/>\n<meta name=\"twitter:label1\" content=\"Tempo di lettura stimato\" \/>\n\t<meta name=\"twitter:data1\" content=\"3 minuti\" \/>\n<!-- \/ Yoast SEO plugin. -->","yoast_head_json":{"title":"Lotteria FAQ | Domande frequenti sul Lotto online","description":"Trova qui le risposte alle domande pi\u00f9 frequenti sul gioco del lotto online, oltre ai migliori servizi","robots":{"index":"index","follow":"follow","max-snippet":"max-snippet:-1","max-image-preview":"max-image-preview:large","max-video-preview":"max-video-preview:-1"},"canonical":"https:\/\/jackpotlotteryonline.com\/it\/faq\/","og_locale":"it_IT","og_type":"article","og_title":"Lotteria FAQ | Domande frequenti sul Lotto online","og_description":"Trova qui le risposte alle domande pi\u00f9 frequenti sul gioco del lotto online, oltre ai migliori servizi","og_url":"https:\/\/jackpotlotteryonline.com\/it\/faq\/","og_site_name":"Lotto Online - Crack The International Lottery Jackpots","twitter_card":"summary_large_image","twitter_misc":{"Tempo di lettura stimato":"3 minuti"},"schema":{"@context":"https:\/\/schema.org","@graph":[{"@type":"WebPage","@id":"https:\/\/jackpotlotteryonline.com\/it\/faq\/","url":"https:\/\/jackpotlotteryonline.com\/it\/faq\/","name":"Lotteria FAQ | Domande frequenti sul Lotto online","isPartOf":{"@id":"https:\/\/jackpotlotteryonline.com\/#website"},"datePublished":"2022-11-15T08:26:23+00:00","dateModified":"2022-11-15T08:26:23+00:00","description":"Trova qui le risposte alle domande pi\u00f9 frequenti sul gioco del lotto online, oltre ai migliori servizi","breadcrumb":{"@id":"https:\/\/jackpotlotteryonline.com\/it\/faq\/#breadcrumb"},"inLanguage":"it-IT","potentialAction":[{"@type":"ReadAction","target":["https:\/\/jackpotlotteryonline.com\/it\/faq\/"]}]},{"@type":"BreadcrumbList","@id":"https:\/\/jackpotlotteryonline.com\/it\/faq\/#breadcrumb","itemListElement":[{"@type":"ListItem","position":1,"name":"Home","item":"https:\/\/jackpotlotteryonline.com\/it\/"},{"@type":"ListItem","position":2,"name":"FAQ"}]},{"@type":"WebSite","@id":"https:\/\/jackpotlotteryonline.com\/#website","url":"https:\/\/jackpotlotteryonline.com\/","name":"Lotto Online - Crack The International Lottery Jackpots","description":"","potentialAction":[{"@type":"SearchAction","target":{"@type":"EntryPoint","urlTemplate":"https:\/\/jackpotlotteryonline.com\/?s={search_term_string}"},"query-input":"required name=search_term_string"}],"inLanguage":"it-IT"}]}},"_links":{"self":[{"href":"https:\/\/jackpotlotteryonline.com\/it\/wp-json\/wp\/v2\/pages\/37765","targetHints":{"allow":["GET"]}}],"collection":[{"href":"https:\/\/jackpotlotteryonline.com\/it\/wp-json\/wp\/v2\/pages"}],"about":[{"href":"https:\/\/jackpotlotteryonline.com\/it\/wp-json\/wp\/v2\/types\/page"}],"author":[{"embeddable":true,"href":"https:\/\/jackpotlotteryonline.com\/it\/wp-json\/wp\/v2\/users\/1"}],"replies":[{"embeddable":true,"href":"https:\/\/jackpotlotteryonline.com\/it\/wp-json\/wp\/v2\/comments?post=37765"}],"version-history":[{"count":0,"href":"https:\/\/jackpotlotteryonline.com\/it\/wp-json\/wp\/v2\/pages\/37765\/revisions"}],"wp:attachment":[{"href":"https:\/\/jackpotlotteryonline.com\/it\/wp-json\/wp\/v2\/media?parent=37765"}],"curies":[{"name":"wp","href":"https:\/\/api.w.org\/{rel}","templated":true}]}}