{"id":39203,"date":"2022-11-22T08:37:33","date_gmt":"2022-11-22T08:37:33","guid":{"rendered":"https:\/\/jackpotlotteryonline.com\/?page_id=39203"},"modified":"2023-01-03T08:53:01","modified_gmt":"2023-01-03T08:53:01","slug":"la-primitiva-2","status":"publish","type":"page","link":"https:\/\/jackpotlotteryonline.com\/it\/come-giocare\/la-primitiva-2\/","title":{"rendered":"giocare a La Primitiva online"},"content":{"rendered":"<p>La lotteria spagnola \u00e8 una delle lotterie pi\u00f9 popolari d&#8217;Europa e attira gli appassionati del lotto in tutto il Paese. La Primitiva \u00e8 anche una delle lotterie pi\u00f9 antiche del mondo. \u00c8 stata istituita nel 1763 e da quasi 260 anni rende felici gli appassionati di lotterie del Paese. Prima era limitata ai soli giocatori che vivevano all&#8217;interno di quella zona geografica, ma grazie a Internet i giocatori di tutto il mondo possono partecipare a questa lotteria. I giochi del lotto dipendono molto dalla fortuna e questo non fa eccezione. Per questo motivo, ad ogni estrazione ci sono tantissime iscrizioni, con i giocatori che cercano di avere la possibilit\u00e0 di vincere una grossa somma.<\/p>\n<p>Se vuole scommettere <a href=\"https:\/\/jackpotlotteryonline.com\/it\/comprare-biglietti\/la-primitiva\">sulle migliori lotterie internazionali<\/a>, tra cui La Primitiva, visiti subito jackptlotteryonline.com per iniziare.<\/p>\n<h2>Come giocare a La Primitiva<\/h2>\n<p><img loading=\"lazy\" decoding=\"async\" class=\"alignright size-medium wp-image-28103\" src=\"http:\/\/jackpotlotteryonline.com\/wp-content\/uploads\/2022\/11\/1_lotto_jackpot_online-257x300.jpg\" alt=\"giocare a La Primitiva\" width=\"257\" height=\"300\" srcset=\"https:\/\/jackpotlotteryonline.com\/wp-content\/uploads\/2022\/11\/1_lotto_jackpot_online-257x300.jpg 257w, https:\/\/jackpotlotteryonline.com\/wp-content\/uploads\/2022\/11\/1_lotto_jackpot_online.jpg 321w\" sizes=\"auto, (max-width: 257px) 100vw, 257px\" \/><\/p>\n<p>Per quanto la lotteria spagnola sia divertente da giocare, potrebbe essere un po&#8217; confusa per coloro che sono nuovi al gioco del lotto. Sembra che ci siano un po&#8217; pi\u00f9 numeri di quelli a cui alcuni giocatori potrebbero essere abituati e ci sono altri concetti che potrebbero essere difficili da capire. Ma, una volta capito come giocare a La Primitiva, diventa davvero semplice.<\/p>\n<p>La prima cosa da capire per giocare a questa lotteria \u00e8 il <strong>Reintegro<\/strong> e il <strong>Complementario<\/strong>. Il Reintegro e il Complementario sono essenziali per determinare il vincitore del jackpot. Se avete intenzione di vincere il jackpot, \u00e8 essenziale sapere di cosa si tratta e come funzionano.<\/p>\n<p>In sostanza, il Reintegro (tradotto rimborso in inglese) \u00e8 uno dei numeri bonus utilizzati per selezionare i vincitori dei premi. Il Complementario (tradotto in inglese come Complementary) \u00e8 il secondo numero bonus.<\/p>\n<p><strong>Per giocare a La Primitiva, un giocatore deve scegliere cinque numeri principali da 1 a 49 e il Reintegro da 0 a 9<\/strong>. Chiunque abbia un biglietto che corrisponde ai numeri estratti vince il jackpot.<\/p>\n<h2>Ma c&#8217;\u00e8 di pi\u00f9 sul Reintegro<\/h2>\n<p>In pratica, il Reintegro serve a selezionare il vincitore del jackpot. Pertanto, per vincere il jackpot \u00e8 necessario abbinare i cinque numeri principali e il numero del Reintegro.<\/p>\n<p>Inoltre, il Reintegro viene utilizzato per determinare un&#8217;altra categoria di premi. I giocatori che indovinano solo il numero Reintegro vincono il prezzo del biglietto. Per questo motivo viene chiamato &#8220;il rimborso&#8221;.<\/p>\n<section class=\"layout\" style=\"border: solid 1px; width: 100%;\">\n<div class=\"img-div\" style=\"margin-top: 5px;\"><img decoding=\"async\" class=\"wp-image-17212 alignleft\" style=\"height: 45px; margin: 8px 8px 0px;\" src=\"http:\/\/jackpotlotteryonline.com\/wp-content\/uploads\/2022\/11\/read1.jpg\" alt=\"leggere\" width=\"\" height=\"\" \/><\/div>\n<div style=\"padding-left: 5px;\">\n<div style=\"font-size: 1.1em;\">\n<p><strong>Qual \u00e8 il segreto del successo alla lotteria?<\/strong><\/p>\n<p style=\"font-size: 0.85em; margin-top: -1.5em;\">Come giocare con successo alla lotteria\u00a0 <a href=\"https:\/\/jackpotlotteryonline.com\/it\/qual-e-il-segreto-del-successo-della-lotteria\"> Per saperne di pi\u00f9<\/a><\/p>\n<\/div>\n<\/div>\n<\/section>\n<h2>E il Complementario?<\/h2>\n<p>L&#8217;altro numero bonus non \u00e8 rilevante per la vincita del jackpot, ma viene utilizzato per determinare la categoria di premio della Divisione 2. Quindi, un giocatore che corrisponde ai cinque numeri Reintegro vince il prezzo del biglietto. Quindi, chi indovina i cinque numeri principali e il numero Complementare vince un premio.<\/p>\n<h2>Capire come funziona il Joker<\/h2>\n<p>Il Joker \u00e8 un altro mistero se si acquistano i biglietti de La Primitiva per la prima volta, perch\u00e9 sembra creare una categoria di premi completamente diversa. In realt\u00e0, crea una categoria di premi diversa.\u00a0 \u00c8 per\u00f2 facoltativo e, al momento dell&#8217;acquisto del biglietto della lotteria, si pu\u00f2 scegliere di includere il Joker a un costo aggiuntivo.<\/p>\n<p>Il Joker \u00e8 pi\u00f9 simile a una lotteria che a una lotteria, perch\u00e9 i giocatori non possono scegliere i loro numeri. Se si opta per il Joker, al biglietto vengono allegati sette numeri casuali. Questo non annulla il biglietto della lotteria, ma \u00e8 solo un&#8217;inclusione. Il Joker offre agli scommettitori la possibilit\u00e0 di vincere fino a 1 milione di euro. Ha sette categorie di premi. Le trovate qui di seguito:<\/p>\n<p>1\u00b0 Premio &#8211; 1.000.000 \u20ac<\/p>\n<p>2\u00b0 Premio &#8211; 10.000 \u20ac<\/p>\n<p>3\u00b0 premio &#8211; 1.000 euro<\/p>\n<p>4\u00b0 premio &#8211; 300 euro<\/p>\n<p>5\u00b0 Premio &#8211; 50 \u20ac<\/p>\n<p>6\u00b0 premio &#8211; 5 euro<\/p>\n<p>7\u00b0 Premio &#8211; 5 \u20ac<\/p>\n<h2>Vincita del Joker<\/h2>\n<p>Se si vincono sia la lotteria che il Joker, si dovr\u00e0 sceglierne uno, poich\u00e9 i giocatori non possono richiedere entrambi i premi in un&#8217;unica estrazione per un solo biglietto. Tuttavia, verr\u00e0 pagata una ricompensa pi\u00f9 alta.<\/p>\n<h2>Procedura per giocare alla lotteria online<\/h2>\n<p><img loading=\"lazy\" decoding=\"async\" class=\"alignright size-medium wp-image-33512\" src=\"http:\/\/jackpotlotteryonline.com\/wp-content\/uploads\/2022\/11\/2_ticket_la_primitiva2-210x300.jpg\" alt=\"Biglietto online La Primitiva\" width=\"210\" height=\"300\" srcset=\"https:\/\/jackpotlotteryonline.com\/wp-content\/uploads\/2022\/11\/2_ticket_la_primitiva2-210x300.jpg 210w, https:\/\/jackpotlotteryonline.com\/wp-content\/uploads\/2022\/11\/2_ticket_la_primitiva2.jpg 250w\" sizes=\"auto, (max-width: 210px) 100vw, 210px\" \/><\/p>\n<p>Piazzare le proprie scommesse alla lotteria online \u00e8 uno dei piaceri pi\u00f9 semplici della vita, soprattutto per la comodit\u00e0 e la praticit\u00e0 con cui \u00e8 possibile farlo. \u00c8 possibile piazzare una scommessa con pochi passaggi o tocchi. Ecco una guida passo passo per piazzare le vostre scommesse su questo sito.<\/p>\n<p><strong>Fase 1:<\/strong> visitare il sito scelto e cercare la lotteria a cui si vuole giocare. Noi diamo agli appassionati di lotterie l&#8217;accesso a una grande variet\u00e0 di lotterie internazionali, tra cui La Primitiva.<\/p>\n<p><strong>Fase 2:<\/strong> scegliere i cinque numeri principali e i due numeri bonus. Se non siete sicuri dei numeri da utilizzare, potete utilizzare il generatore di numeri casuali presente sul sito. Inoltre, potete scegliere pi\u00f9 di una linea di numeri per aumentare le vostre probabilit\u00e0 di vincita.<\/p>\n<p><strong>Fase 3:<\/strong> <a href=\"https:\/\/jackpotlotteryonline.com\/it\/numeri-vincenti\/la-primitiva\">Inserire le estrazioni<\/a>. Si noti che se si partecipa a un&#8217;unica estrazione, \u00e8 possibile farlo solo il luned\u00ec. Le altre estrazioni sono settimanali e, se volete, potete partecipare a tutte.<\/p>\n<p><strong>Fase 4:<\/strong> Iscrizione e pagamento. Quando arriverete alla pagina di pagamento, vi verr\u00e0 chiesto di registrarvi. Questo per consentirvi di accedere facilmente al vostro biglietto dal vostro conto e per potervi avvisare in caso di vincita di un premio. Dovrete registrarvi una sola volta e le volte successive baster\u00e0 accedere al vostro account.<\/p>\n<p>Questo \u00e8 tutto ci\u00f2 che serve per accedere alle migliori lotterie internazionali comodamente dal vostro computer o dispositivo mobile!<\/p>\n<h2>Risultati dell&#8217;estrazione de La Primitiva<\/h2>\n<p>I giorni delle estrazioni sono pieni di emozioni e molti giocatori della lotteria li aspettano con ansia. \u00c8 il giorno in cui chi ha partecipato all&#8217;estrazione scopre se ha vinto il jackpot. Oltre al jackpot, i giocatori possono vincere altri premi, che vengono svelati il giorno dell&#8217;estrazione.<\/p>\n<p>La lotteria spagnola organizza tre estrazioni settimanali, il luned\u00ec, il gioved\u00ec e il sabato. Ci\u00f2 significa che ogni settimana i giocatori hanno tre possibilit\u00e0 di vincere la lotteria. Se giocate a La Primitive via internet, potete partecipare all&#8217;estrazione successiva o partecipare automaticamente a tutte le estrazioni. Ricordate che pi\u00f9 estrazioni si partecipano, pi\u00f9 alte sono le possibilit\u00e0 di vincere la lotteria.<\/p>\n<p>Quando vengono annunciate le estrazioni, i giocatori possono ascoltare i risultati in diretta. Tuttavia, se non avete il tempo di farlo, potete tornare qui per ottenere i risultati delle estrazioni. Non pubblichiamo solo i numeri che corrispondono a tutti i numeri estratti, ma anche i risultati degli altri livelli.<\/p>\n<h2>I premi de La Primitiva: cosa si pu\u00f2 vincere?<\/h2>\n<p>Oltre al premio principale, La Primitiva prevede altri 5 livelli di premio. Se si include il jackpot, il totale \u00e8 di 6 livelli. C&#8217;\u00e8 anche un premio per chi indovina solo il numero Reintegro. I premi non saranno milioni, ma ammontano a diverse migliaia di euro. Perci\u00f2, vale sicuramente la pena di dare un&#8217;occhiata.<\/p>\n<p>\u00c8 importante capire che non esiste un premio specifico per gli altri livelli, in quanto dipende dal numero di scommettitori per quell&#8217;estrazione. Il jackpot \u00e8 l&#8217;unico livello di premio garantito. Il 40% dell&#8217;importo del jackpot viene assegnato agli altri livelli di premio e distribuito ai vincitori di tali categorie.<\/p>\n<p>Ma si pu\u00f2 anche scegliere di giocare il Joker, che aumenta notevolmente la vincita potenziale. Il Joker ha anche altre sette categorie di premi, separate dalle categorie di premi principali, che danno ai giocatori de La Primitiva ancora pi\u00f9 possibilit\u00e0 di vincere.<\/p>\n<h2>Livelli di premio<\/h2>\n<p>Jackpot &#8211; Abbinamento di 6 numeri principali + Reintegro<\/p>\n<p>Divisione 1 &#8211; Abbinamento di 6 numeri principali<\/p>\n<p>Divisione 2 &#8211; Abbinamento di 5 numeri principali + Numero omaggio<\/p>\n<p>Divisione 3 &#8211; Abbinamento di 5 numeri principali<\/p>\n<p>Divisione 4 &#8211; Abbinamento di 4 numeri principali<\/p>\n<p>Divisione 5 &#8211; Abbinamento di 3 numeri principali<\/p>\n<p>Reintegro &#8211; Abbinare solo il numero Reintegro<\/p>\n<h2>Come ritirare le vincite<\/h2>\n<p>I giocatori si chiedono spesso come possono accedere alle loro vincite se giocano su Internet. La risposta dipende dal sito della lotteria che si utilizza. Alcuni siti di lotterie non sono molto efficienti nel pagare i vincitori, ma si tratta di un&#8217;eccezione, piuttosto che della regola. Tuttavia, \u00e8 sempre una buona idea rimanere al sicuro e affidarsi a un fornitore di lotterie affidabile.<\/p>\n<p>Se giocate alla lotteria con noi, potrete facilmente ritirare le vostre vincite. Abbiamo progettato il nostro sistema per offrire la massima facilit\u00e0 d&#8217;uso e zero stress. Grazie alle molteplici opzioni di prelievo, vi forniamo un metodo sicuro per entrare in possesso delle vostre vincite.<\/p>\n<p>Se la vostra vincita supera un certo importo (ad esempio se vincete il jackpot), dovrete identificarvi presso la societ\u00e0 della lotteria. Ma non preoccupatevi, vi forniremo un modulo da compilare e, una volta fatto, elaboreremo le richieste per voi.<\/p>\n<h2>Giocate con noi per avere la possibilit\u00e0 di vincere molto<\/h2>\n<p>Il luogo in cui piazzate le vostre scommesse \u00e8 molto importante e sul nostro sito abbiamo fatto del nostro meglio per creare un luogo sicuro per i giocatori di tutto il mondo. Con un&#8217;ampia variet\u00e0 di lotterie internazionali, potete scegliere qualsiasi gioco, compresa La Primitiva. I premi del jackpot sono grandi, ma ricordate che la maggior parte dei giochi di lotteria ha diversi livelli di premio, con importi molto generosi.<\/p>\n<p>Se siete pronti a vincere alla grande con La Primitiva, visitateci subito e piazzate le vostre scommesse. Con tre estrazioni settimanali, la lotteria spagnola offre ai giocatori diverse possibilit\u00e0 di vincere il jackpot ogni settimana. Su jackpotlotteryonline.com c&#8217;\u00e8 sempre un&#8217;estrazione a cui si pu\u00f2 partecipare e non si pu\u00f2 mai sapere se oggi \u00e8 il giorno in cui si vincer\u00e0 alla grande.<\/p>\n","protected":false},"excerpt":{"rendered":"<p>La lotteria spagnola \u00e8 una delle lotterie pi\u00f9 popolari d&#8217;Europa e attira gli appassionati del lotto in tutto il Paese. La Primitiva \u00e8 anche una delle lotterie pi\u00f9 antiche del mondo. \u00c8 stata istituita nel 1763 e da quasi 260 anni rende felici gli appassionati di lotterie del Paese. Prima era limitata ai soli giocatori [&hellip;]<\/p>\n","protected":false},"author":1,"featured_media":0,"parent":35700,"menu_order":7,"comment_status":"closed","ping_status":"closed","template":"la-primitiva.php","meta":{"_et_pb_use_builder":"","_et_pb_old_content":"","_et_gb_content_width":"","exclude_from_search":false,"footnotes":""},"class_list":["post-39203","page","type-page","status-publish","hentry"],"yoast_head":"<!-- This site is optimized with the Yoast SEO plugin v23.3 - https:\/\/yoast.com\/wordpress\/plugins\/seo\/ -->\n<title>Giocare alla lotteria online spagnola La Primitiva da qualsiasi paese<\/title>\n<meta name=\"description\" content=\"Come giocare a La Primitiva e vincere alla grande da qualsiasi parte del mondo. Scoprite le fasi di gioco della lotteria online e i premi in palio.\" \/>\n<meta name=\"robots\" content=\"index, follow, max-snippet:-1, max-image-preview:large, max-video-preview:-1\" \/>\n<link rel=\"canonical\" href=\"https:\/\/jackpotlotteryonline.com\/it\/come-giocare\/la-primitiva-2\/\" \/>\n<meta property=\"og:locale\" content=\"it_IT\" \/>\n<meta property=\"og:type\" content=\"article\" \/>\n<meta property=\"og:title\" content=\"Giocare alla lotteria online spagnola La Primitiva da qualsiasi paese\" \/>\n<meta property=\"og:description\" content=\"Come giocare a La Primitiva e vincere alla grande da qualsiasi parte del mondo. Scoprite le fasi di gioco della lotteria online e i premi in palio.\" \/>\n<meta property=\"og:url\" content=\"https:\/\/jackpotlotteryonline.com\/it\/come-giocare\/la-primitiva-2\/\" \/>\n<meta property=\"og:site_name\" content=\"Lotto Online - Crack The International Lottery Jackpots\" \/>\n<meta property=\"article:modified_time\" content=\"2023-01-03T08:53:01+00:00\" \/>\n<meta property=\"og:image\" content=\"http:\/\/jackpotlotteryonline.com\/wp-content\/uploads\/2022\/11\/1_lotto_jackpot_online-257x300.jpg\" \/>\n<meta name=\"twitter:card\" content=\"summary_large_image\" \/>\n<meta name=\"twitter:label1\" content=\"Tempo di lettura stimato\" \/>\n\t<meta name=\"twitter:data1\" content=\"8 minuti\" \/>\n<!-- \/ Yoast SEO plugin. -->","yoast_head_json":{"title":"Giocare alla lotteria online spagnola La Primitiva da qualsiasi paese","description":"Come giocare a La Primitiva e vincere alla grande da qualsiasi parte del mondo. Scoprite le fasi di gioco della lotteria online e i premi in palio.","robots":{"index":"index","follow":"follow","max-snippet":"max-snippet:-1","max-image-preview":"max-image-preview:large","max-video-preview":"max-video-preview:-1"},"canonical":"https:\/\/jackpotlotteryonline.com\/it\/come-giocare\/la-primitiva-2\/","og_locale":"it_IT","og_type":"article","og_title":"Giocare alla lotteria online spagnola La Primitiva da qualsiasi paese","og_description":"Come giocare a La Primitiva e vincere alla grande da qualsiasi parte del mondo. Scoprite le fasi di gioco della lotteria online e i premi in palio.","og_url":"https:\/\/jackpotlotteryonline.com\/it\/come-giocare\/la-primitiva-2\/","og_site_name":"Lotto Online - Crack The International Lottery Jackpots","article_modified_time":"2023-01-03T08:53:01+00:00","og_image":[{"url":"http:\/\/jackpotlotteryonline.com\/wp-content\/uploads\/2022\/11\/1_lotto_jackpot_online-257x300.jpg"}],"twitter_card":"summary_large_image","twitter_misc":{"Tempo di lettura stimato":"8 minuti"},"schema":{"@context":"https:\/\/schema.org","@graph":[{"@type":"WebPage","@id":"https:\/\/jackpotlotteryonline.com\/it\/come-giocare\/la-primitiva-2\/","url":"https:\/\/jackpotlotteryonline.com\/it\/come-giocare\/la-primitiva-2\/","name":"Giocare alla lotteria online spagnola La Primitiva da qualsiasi paese","isPartOf":{"@id":"https:\/\/jackpotlotteryonline.com\/#website"},"primaryImageOfPage":{"@id":"https:\/\/jackpotlotteryonline.com\/it\/come-giocare\/la-primitiva-2\/#primaryimage"},"image":{"@id":"https:\/\/jackpotlotteryonline.com\/it\/come-giocare\/la-primitiva-2\/#primaryimage"},"thumbnailUrl":"http:\/\/jackpotlotteryonline.com\/wp-content\/uploads\/2022\/11\/1_lotto_jackpot_online-257x300.jpg","datePublished":"2022-11-22T08:37:33+00:00","dateModified":"2023-01-03T08:53:01+00:00","description":"Come giocare a La Primitiva e vincere alla grande da qualsiasi parte del mondo. Scoprite le fasi di gioco della lotteria online e i premi in palio.","breadcrumb":{"@id":"https:\/\/jackpotlotteryonline.com\/it\/come-giocare\/la-primitiva-2\/#breadcrumb"},"inLanguage":"it-IT","potentialAction":[{"@type":"ReadAction","target":["https:\/\/jackpotlotteryonline.com\/it\/come-giocare\/la-primitiva-2\/"]}]},{"@type":"ImageObject","inLanguage":"it-IT","@id":"https:\/\/jackpotlotteryonline.com\/it\/come-giocare\/la-primitiva-2\/#primaryimage","url":"http:\/\/jackpotlotteryonline.com\/wp-content\/uploads\/2022\/11\/1_lotto_jackpot_online-257x300.jpg","contentUrl":"http:\/\/jackpotlotteryonline.com\/wp-content\/uploads\/2022\/11\/1_lotto_jackpot_online-257x300.jpg"},{"@type":"BreadcrumbList","@id":"https:\/\/jackpotlotteryonline.com\/it\/come-giocare\/la-primitiva-2\/#breadcrumb","itemListElement":[{"@type":"ListItem","position":1,"name":"Home","item":"https:\/\/jackpotlotteryonline.com\/it\/"},{"@type":"ListItem","position":2,"name":"Come giocare","item":"https:\/\/jackpotlotteryonline.com\/play-online\/"},{"@type":"ListItem","position":3,"name":"giocare a La Primitiva online"}]},{"@type":"WebSite","@id":"https:\/\/jackpotlotteryonline.com\/#website","url":"https:\/\/jackpotlotteryonline.com\/","name":"Lotto Online - Crack The International Lottery Jackpots","description":"","potentialAction":[{"@type":"SearchAction","target":{"@type":"EntryPoint","urlTemplate":"https:\/\/jackpotlotteryonline.com\/?s={search_term_string}"},"query-input":"required name=search_term_string"}],"inLanguage":"it-IT"}]}},"_links":{"self":[{"href":"https:\/\/jackpotlotteryonline.com\/it\/wp-json\/wp\/v2\/pages\/39203","targetHints":{"allow":["GET"]}}],"collection":[{"href":"https:\/\/jackpotlotteryonline.com\/it\/wp-json\/wp\/v2\/pages"}],"about":[{"href":"https:\/\/jackpotlotteryonline.com\/it\/wp-json\/wp\/v2\/types\/page"}],"author":[{"embeddable":true,"href":"https:\/\/jackpotlotteryonline.com\/it\/wp-json\/wp\/v2\/users\/1"}],"replies":[{"embeddable":true,"href":"https:\/\/jackpotlotteryonline.com\/it\/wp-json\/wp\/v2\/comments?post=39203"}],"version-history":[{"count":0,"href":"https:\/\/jackpotlotteryonline.com\/it\/wp-json\/wp\/v2\/pages\/39203\/revisions"}],"up":[{"embeddable":true,"href":"https:\/\/jackpotlotteryonline.com\/it\/wp-json\/wp\/v2\/pages\/35700"}],"wp:attachment":[{"href":"https:\/\/jackpotlotteryonline.com\/it\/wp-json\/wp\/v2\/media?parent=39203"}],"curies":[{"name":"wp","href":"https:\/\/api.w.org\/{rel}","templated":true}]}}