{"id":39315,"date":"2022-11-23T10:50:20","date_gmt":"2022-11-23T10:50:20","guid":{"rendered":"https:\/\/jackpotlotteryonline.com\/?page_id=39315"},"modified":"2024-07-07T09:52:34","modified_gmt":"2024-07-07T09:52:34","slug":"lotto-america","status":"publish","type":"page","link":"https:\/\/jackpotlotteryonline.com\/it\/come-giocare\/lotto-america\/","title":{"rendered":"Giocare al Lotto America online"},"content":{"rendered":"<p>Volete imparare a scommettere sul Lotto America da qualsiasi parte del mondo? Gli Stati Uniti hanno alcune delle pi\u00f9 grandi lotterie del mondo, come il Lotto America. \u00c8 interessante notare che questo lotto viene spesso trascurato a favore dei suoi cugini pi\u00f9 grandi, Powerball e Mega Millions. Tuttavia, alcuni scommettitori esperti sanno quanto sia incredibile il jackpot e le probabilit\u00e0 di vincita sono molto pi\u00f9 basse rispetto al Powerball statunitense, ad esempio. Quindi, se siete alla ricerca di un lotto statunitense che vi dia maggiori possibilit\u00e0 di vincere il jackpot rispetto ad altre lotterie, allora dovreste dare un&#8217;occhiata a Lotto America.<\/p>\n<p>\u00c8 vero che Lotto America \u00e8 una lotteria con sede negli Stati Uniti e quindi i biglietti vengono venduti negli Stati Uniti. Tuttavia, i giocatori possono acquistare i biglietti di questa lotteria utilizzando un sito come jackpotlotteryonline.com. Condivideremo alcuni dettagli al riguardo e faremo del nostro meglio per rispondere alle domande pi\u00f9 frequenti che ci vengono poste sul Lotto America.<\/p>\n<p>Continuate a leggere per scoprire il Lotto America e come orientarvi nel processo di acquisto dei biglietti e di riscossione delle vincite.<\/p>\n<section class=\"layout\" style=\"border: solid 1px; width: 100%;\">\n<div class=\"img-div\" style=\"margin-top: 5px;\"><img decoding=\"async\" class=\"wp-image-17212 alignleft\" style=\"height: 45px; margin: 8px 8px 0px;\" src=\"https:\/\/jackpotlotteryonline.com\/wp-content\/uploads\/2022\/11\/read1.jpg\" alt=\"Leggi \" width=\"\" height=\"\" \/><\/div>\n<div style=\"padding-left: 5px;\">\n<div style=\"font-size: 1.1em;\">\n<p><strong>Scegliere i numeri vincenti del lotto manualmente o utilizzando un RNG<\/strong><\/p>\n<p style=\"font-size: 0.85em; margin-top: -1.5em;\">Come generare i numeri vincenti del lotto?\u00a0 <a href=\"https:\/\/jackpotlotteryonline.com\/it\/come-generare-i-numeri-vincenti-del-lotto\"> Per saperne di pi\u00f9<\/a><\/p>\n<\/div>\n<\/div>\n<\/section>\n<h2>Un po&#8217; di cose su Lotto America<\/h2>\n<p><img loading=\"lazy\" decoding=\"async\" class=\"alignright size-full wp-image-29534\" src=\"https:\/\/jackpotlotteryonline.com\/wp-content\/uploads\/2022\/11\/1_results_lottery_online5.jpg\" alt=\"gioca al Lotto America online \" width=\"300\" height=\"200\" \/><\/p>\n<p>Rispetto ad altre lotterie in tutto il mondo, Lotto America \u00e8 relativamente nuova. \u00c8 stata fondata nel 2017 ed \u00e8 in funzione da soli 5 anni. \u00c8 stata creata per sostituire Hot Lotto, che \u00e8 stata colpita da numerosi scandali. Non vi annoieremo con i dettagli, vi basti sapere che nei suoi 5 anni di attivit\u00e0, Lotto America \u00e8 stata priva di scandali.<\/p>\n<p>Lotto America \u00e8 una lotteria multistatale, il che significa che viene offerta da diversi stati americani. I residenti di questi stati possono facilmente acquistare i biglietti per la Lotto America entrando in un qualsiasi rivenditore di lotterie dello stato. Ma cosa succede se si vive fuori dagli Stati Uniti?<\/p>\n<p>Per i giocatori che vivono al di fuori degli Stati Uniti e vogliono partecipare al Lotto America, c&#8217;\u00e8 una soluzione semplice. Internet ha permesso ai giocatori di tutto il mondo di partecipare alle migliori lotterie internazionali piazzando le loro scommesse attraverso un fornitore di lotterie online. Di seguito, condivideremo i consigli su come giocare al Lotto America online.<\/p>\n<h2>Giocare al Lotto America online<\/h2>\n<p>Il primo passo per giocare al Lotto America online \u00e8 individuare un sito web che vi permetta di <a href=\"https:\/\/jackpotlotteryonline.com\/it\/comprare-biglietti\/lotto-america\">acquistare i biglietti<\/a>. Questo sembra un po&#8217; ovvio, ma tra poco vedrete che non \u00e8 cos\u00ec semplice come sembra.<\/p>\n<p>La verit\u00e0 \u00e8 che ci sono diversi siti che affermano di offrire ai giocatori l&#8217;opportunit\u00e0 di partecipare al Lotto America. Ma offrono solo la possibilit\u00e0 di scommettere sull&#8217;esito del lotto. Se acquistate i biglietti su quel sito, non siete effettivamente entrati nel Lotto America e anche se indovinate tutti i numeri estratti, non vincerete il jackpot. La scelta del sito da utilizzare \u00e8 quindi molto importante.<\/p>\n<p><strong>Una volta scelto il sito, seguite i passaggi indicati di seguito:<\/strong><\/p>\n<ol>\n<li>Visitate il sito che desiderate utilizzare e cliccate su Lotto America.<\/li>\n<li>Scegliete 5 numeri da 1 a 52 (se non siete sicuri dei numeri da usare, provate il generatore automatico di numeri).<\/li>\n<li>Scegliete poi un numero bonus (la Star Ball) dall&#8217;1 al 10<\/li>\n<li>Acquistate ulteriori linee di numeri per avere maggiori possibilit\u00e0 di vincita.<\/li>\n<li><a href=\"https:\/\/jackpotlotteryonline.com\/it\/numeri-vincenti\/lotto-america\">Partecipare alle estrazioni<\/a> (\u00e8 possibile partecipare a pi\u00f9 di un&#8217;estrazione)<\/li>\n<li>Registratevi e pagate le vostre partecipazioni.<\/li>\n<\/ol>\n<h2>Che cos&#8217;\u00e8 il servizio di abbonamento?<\/h2>\n<p>Se utilizzate un sito come il nostro, c&#8217;\u00e8 quello che chiamiamo servizio di abbonamento per consentire di scommettere senza problemi e senza stress. Anche se va benissimo essere un giocatore occasionale (se \u00e8 questo che preferite), la maggior parte degli scommettitori gioca spesso. Il modo migliore per vincere al Lotto America \u00e8 scommettere regolarmente e questo \u00e8 l&#8217;obiettivo di questo servizio.<\/p>\n<p>\u00c8 possibile impostare il servizio in modo da essere iscritti automaticamente alle estrazioni future. Lotto America ha 3 giorni di estrazione a settimana: Luned\u00ec, mercoled\u00ec e sabato. Siamo onesti, pu\u00f2 diventare un po&#8217; faticoso ricordarsi di acquistare i biglietti per ogni estrazione, ma \u00e8 per questo che siamo qui.<\/p>\n<p>Una volta impostato il servizio di abbonamento, potrete rilassarvi e sapere che non dovrete perdere nessuna estrazione del Lotto America.<\/p>\n<h2>I nostri servizi di concierge<\/h2>\n<p>Abbiamo accennato ai pericoli derivanti dall&#8217;utilizzo di un sito qualsiasi su Internet per giocare al Lotto America. Ma come fate a sapere che state entrando nel Lotto America quando giocate sul nostro sito? \u00c8 semplice. Offriamo un servizio che vi aiuta ad acquistare il vostro biglietto nel paese in cui si gioca la lotteria. Inoltre, facilitiamo le vostre richieste di rimborso in caso di vincita. In pratica, possiamo essere considerati come un servizio di portineria per i giocatori di lotterie.<\/p>\n<p>Quando giocate a Lotto America sul nostro sito, ecco cosa succede. Una volta scelti i numeri ed effettuato il pagamento, il nostro agente negli Stati Uniti acquister\u00e0 un biglietto fisico utilizzando i vostri numeri. Naturalmente, si tratta di un biglietto per l&#8217;estrazione scelta. Il biglietto viene poi scansionato e caricato sul vostro conto.<\/p>\n<p>Questo \u00e8 un modo perfettamente legale di giocare a Lotto America da qualsiasi parte del mondo. Inoltre, garantisce che siate veramente iscritti alla lotteria di vostra scelta.<\/p>\n<h2>Controllo delle estrazioni<\/h2>\n<p><img loading=\"lazy\" decoding=\"async\" class=\"alignright size-full wp-image-30506\" src=\"https:\/\/jackpotlotteryonline.com\/wp-content\/uploads\/2022\/11\/3_screen_buy_lotto_tickets_online.jpg\" alt=\"Disegni del Lotto America\" width=\"300\" height=\"217\" \/><\/p>\n<p>Lotto America ha tre giorni di estrazione a settimana, luned\u00ec, mercoled\u00ec e sabato. Durante le estrazioni viene annunciato il biglietto vincente. Per vincere il jackpot, il biglietto deve corrispondere ai sei numeri estratti. I premi del jackpot di Lotto America partono da 2 milioni di dollari e possono essere rinnovati se non c&#8217;\u00e8 nessun vincitore dopo un&#8217;estrazione.<\/p>\n<p>Poich\u00e9 il montepremi viene rinnovato dopo ogni estrazione (se non c&#8217;\u00e8 un vincitore), pu\u00f2 arrivare fino a 18 milioni di dollari. \u00c8 una bella somma da vincere, no?<\/p>\n<p>Dopo ogni estrazione, potete consultare il nostro sito per scoprire se avete vinto un premio. Lotto America prevede 9 diverse categorie di premi e, in caso di vincita, vi invieremo un&#8217;e-mail di avviso.<\/p>\n<h2>Come richiedere le vincite<\/h2>\n<p>Una domanda che ci viene rivolta spesso dai giocatori \u00e8 come accedere alle vincite ottenute con il Lotto America online. Se acquistate i biglietti del Lotto America attraverso il nostro sito, vi offriamo un metodo semplice e senza problemi per richiedere le vostre vincite. Le vincite di importo pari a 2.500 euro saranno accreditate sul vostro conto e potrete ritirarle senza alcun costo aggiuntivo.<\/p>\n<p>Se si vince una somma pi\u00f9 significativa, la procedura \u00e8 leggermente diversa. Vi forniremo un modulo di richiesta di rimborso da compilare e, una volta fatto, elaboreremo la richiesta per voi. Il motivo \u00e8 che dovrete identificarvi. Inoltre, alcune societ\u00e0 di lotterie potrebbero richiedere la vostra presenza di persona per riscuotere somme maggiori. In tal caso, vi informeremo immediatamente.<\/p>\n<h2>Acquistate i biglietti su Lotto America con noi<\/h2>\n<p>Abbiamo trascorso anni a sfruttare le moderne tecnologie e a estrarre una vasta esperienza per fornire un luogo dove i giocatori possono acquistare i biglietti in tutta sicurezza. Potete facilmente acquistare i biglietti per Lotto America o per qualsiasi altra lotteria internazionale presente sul nostro sito.<\/p>\n<p>Perch\u00e9 non acquistare il vostro biglietto da noi oggi stesso, inserendo Lotto America? Ci occupiamo noi dei dettagli in modo che possiate fare ci\u00f2 che amate di pi\u00f9. Visitate jackpotlotteryonline.com per maggiori informazioni.<\/p>\n","protected":false},"excerpt":{"rendered":"<p>Volete imparare a scommettere sul Lotto America da qualsiasi parte del mondo? Gli Stati Uniti hanno alcune delle pi\u00f9 grandi lotterie del mondo, come il Lotto America. \u00c8 interessante notare che questo lotto viene spesso trascurato a favore dei suoi cugini pi\u00f9 grandi, Powerball e Mega Millions. Tuttavia, alcuni scommettitori esperti sanno quanto sia incredibile [&hellip;]<\/p>\n","protected":false},"author":1,"featured_media":0,"parent":35700,"menu_order":13,"comment_status":"closed","ping_status":"closed","template":"lotto-america.php","meta":{"_et_pb_use_builder":"","_et_pb_old_content":"","_et_gb_content_width":"","exclude_from_search":false,"footnotes":""},"class_list":["post-39315","page","type-page","status-publish","hentry"],"yoast_head":"<!-- This site is optimized with the Yoast SEO plugin v23.3 - https:\/\/yoast.com\/wordpress\/plugins\/seo\/ -->\n<title>Giocare al Lotto America online<\/title>\n<meta name=\"robots\" content=\"index, follow, max-snippet:-1, max-image-preview:large, max-video-preview:-1\" \/>\n<link rel=\"canonical\" href=\"https:\/\/jackpotlotteryonline.com\/it\/come-giocare\/lotto-america\/\" \/>\n<meta property=\"og:locale\" content=\"it_IT\" \/>\n<meta property=\"og:type\" content=\"article\" \/>\n<meta property=\"og:title\" content=\"Giocare al Lotto America online\" \/>\n<meta property=\"og:description\" content=\"Volete imparare a scommettere sul Lotto America da qualsiasi parte del mondo? Gli Stati Uniti hanno alcune delle pi\u00f9 grandi lotterie del mondo, come il Lotto America. \u00c8 interessante notare che questo lotto viene spesso trascurato a favore dei suoi cugini pi\u00f9 grandi, Powerball e Mega Millions. Tuttavia, alcuni scommettitori esperti sanno quanto sia incredibile [&hellip;]\" \/>\n<meta property=\"og:url\" content=\"https:\/\/jackpotlotteryonline.com\/it\/come-giocare\/lotto-america\/\" \/>\n<meta property=\"og:site_name\" content=\"Lotto Online - Crack The International Lottery Jackpots\" \/>\n<meta property=\"article:modified_time\" content=\"2024-07-07T09:52:34+00:00\" \/>\n<meta property=\"og:image\" content=\"https:\/\/jackpotlotteryonline.com\/wp-content\/uploads\/2022\/11\/read1.jpg\" \/>\n<meta name=\"twitter:card\" content=\"summary_large_image\" \/>\n<meta name=\"twitter:label1\" content=\"Tempo di lettura stimato\" \/>\n\t<meta name=\"twitter:data1\" content=\"6 minuti\" \/>\n<!-- \/ Yoast SEO plugin. -->","yoast_head_json":{"title":"Giocare al Lotto America online","robots":{"index":"index","follow":"follow","max-snippet":"max-snippet:-1","max-image-preview":"max-image-preview:large","max-video-preview":"max-video-preview:-1"},"canonical":"https:\/\/jackpotlotteryonline.com\/it\/come-giocare\/lotto-america\/","og_locale":"it_IT","og_type":"article","og_title":"Giocare al Lotto America online","og_description":"Volete imparare a scommettere sul Lotto America da qualsiasi parte del mondo? Gli Stati Uniti hanno alcune delle pi\u00f9 grandi lotterie del mondo, come il Lotto America. \u00c8 interessante notare che questo lotto viene spesso trascurato a favore dei suoi cugini pi\u00f9 grandi, Powerball e Mega Millions. Tuttavia, alcuni scommettitori esperti sanno quanto sia incredibile [&hellip;]","og_url":"https:\/\/jackpotlotteryonline.com\/it\/come-giocare\/lotto-america\/","og_site_name":"Lotto Online - Crack The International Lottery Jackpots","article_modified_time":"2024-07-07T09:52:34+00:00","og_image":[{"url":"https:\/\/jackpotlotteryonline.com\/wp-content\/uploads\/2022\/11\/read1.jpg"}],"twitter_card":"summary_large_image","twitter_misc":{"Tempo di lettura stimato":"6 minuti"},"schema":{"@context":"https:\/\/schema.org","@graph":[{"@type":"WebPage","@id":"https:\/\/jackpotlotteryonline.com\/it\/come-giocare\/lotto-america\/","url":"https:\/\/jackpotlotteryonline.com\/it\/come-giocare\/lotto-america\/","name":"Giocare al Lotto America online","isPartOf":{"@id":"https:\/\/jackpotlotteryonline.com\/#website"},"primaryImageOfPage":{"@id":"https:\/\/jackpotlotteryonline.com\/it\/come-giocare\/lotto-america\/#primaryimage"},"image":{"@id":"https:\/\/jackpotlotteryonline.com\/it\/come-giocare\/lotto-america\/#primaryimage"},"thumbnailUrl":"https:\/\/jackpotlotteryonline.com\/wp-content\/uploads\/2022\/11\/read1.jpg","datePublished":"2022-11-23T10:50:20+00:00","dateModified":"2024-07-07T09:52:34+00:00","breadcrumb":{"@id":"https:\/\/jackpotlotteryonline.com\/it\/come-giocare\/lotto-america\/#breadcrumb"},"inLanguage":"it-IT","potentialAction":[{"@type":"ReadAction","target":["https:\/\/jackpotlotteryonline.com\/it\/come-giocare\/lotto-america\/"]}]},{"@type":"ImageObject","inLanguage":"it-IT","@id":"https:\/\/jackpotlotteryonline.com\/it\/come-giocare\/lotto-america\/#primaryimage","url":"https:\/\/jackpotlotteryonline.com\/wp-content\/uploads\/2022\/11\/read1.jpg","contentUrl":"https:\/\/jackpotlotteryonline.com\/wp-content\/uploads\/2022\/11\/read1.jpg"},{"@type":"BreadcrumbList","@id":"https:\/\/jackpotlotteryonline.com\/it\/come-giocare\/lotto-america\/#breadcrumb","itemListElement":[{"@type":"ListItem","position":1,"name":"Home","item":"https:\/\/jackpotlotteryonline.com\/it\/"},{"@type":"ListItem","position":2,"name":"Come giocare","item":"https:\/\/jackpotlotteryonline.com\/play-online\/"},{"@type":"ListItem","position":3,"name":"Giocare al Lotto America online"}]},{"@type":"WebSite","@id":"https:\/\/jackpotlotteryonline.com\/#website","url":"https:\/\/jackpotlotteryonline.com\/","name":"Lotto Online - Crack The International Lottery Jackpots","description":"","potentialAction":[{"@type":"SearchAction","target":{"@type":"EntryPoint","urlTemplate":"https:\/\/jackpotlotteryonline.com\/?s={search_term_string}"},"query-input":"required name=search_term_string"}],"inLanguage":"it-IT"}]}},"_links":{"self":[{"href":"https:\/\/jackpotlotteryonline.com\/it\/wp-json\/wp\/v2\/pages\/39315","targetHints":{"allow":["GET"]}}],"collection":[{"href":"https:\/\/jackpotlotteryonline.com\/it\/wp-json\/wp\/v2\/pages"}],"about":[{"href":"https:\/\/jackpotlotteryonline.com\/it\/wp-json\/wp\/v2\/types\/page"}],"author":[{"embeddable":true,"href":"https:\/\/jackpotlotteryonline.com\/it\/wp-json\/wp\/v2\/users\/1"}],"replies":[{"embeddable":true,"href":"https:\/\/jackpotlotteryonline.com\/it\/wp-json\/wp\/v2\/comments?post=39315"}],"version-history":[{"count":0,"href":"https:\/\/jackpotlotteryonline.com\/it\/wp-json\/wp\/v2\/pages\/39315\/revisions"}],"up":[{"embeddable":true,"href":"https:\/\/jackpotlotteryonline.com\/it\/wp-json\/wp\/v2\/pages\/35700"}],"wp:attachment":[{"href":"https:\/\/jackpotlotteryonline.com\/it\/wp-json\/wp\/v2\/media?parent=39315"}],"curies":[{"name":"wp","href":"https:\/\/api.w.org\/{rel}","templated":true}]}}