{"id":39485,"date":"2022-11-24T11:33:42","date_gmt":"2022-11-24T11:33:42","guid":{"rendered":"https:\/\/jackpotlotteryonline.com\/?page_id=39485"},"modified":"2023-01-03T17:42:29","modified_gmt":"2023-01-03T17:42:29","slug":"mega-sena-2","status":"publish","type":"page","link":"https:\/\/jackpotlotteryonline.com\/it\/come-giocare\/mega-sena-2\/","title":{"rendered":"Giocare alla lotteria Mega-Sena online"},"content":{"rendered":"<p>Volete acquistare i biglietti della lotteria Mega-Sena da qualsiasi parte del mondo? Mega-Sena \u00e8 la pi\u00f9 grande lotteria brasiliana ed \u00e8 in corso dal 1996. Milioni di appassionati di lotto in Brasile si affrettano a comprare i biglietti della Mega-Sena prima di ogni estrazione e ora anche i giocatori di tutto il mondo possono partecipare alla possibilit\u00e0 di vincere milioni di Real.<\/p>\n<p>Forse uno dei motivi per cui Mega-Sena \u00e8 cos\u00ec popolare \u00e8 che \u00e8 gestito da una banca, che \u00e8 la pi\u00f9 grande banca di propriet\u00e0 del governo in Brasile. Deve esserci qualcosa di confortante e affidabile nell&#8217;acquistare i biglietti di una lotteria di propriet\u00e0 di una banca.<\/p>\n<p>Per chi vive fuori dal Brasile, partecipare alla lotteria Mega-Sena non \u00e8 pi\u00f9 un desiderio irraggiungibile. Indipendentemente dal luogo in cui si vive, \u00e8 possibile accedere a Mega-Sena, a condizione che si sia maggiorenni, ovviamente. Se volete sapere come potete accedere ai biglietti della lotteria brasiliana, continuate a leggere.<\/p>\n<p>Mega-Sena non \u00e8 l&#8217;unico lotto a cui si pu\u00f2 giocare da qualsiasi luogo. Visitate il sito jackpotlotteryonline.com per saperne di pi\u00f9 sulle principali lotterie internazionali a cui potete accedere.<\/p>\n<h2>Come giocare a Mega-Sena online<\/h2>\n<p>Che si trovi in Brasile o a un continente di distanza, pu\u00f2 giocare a Mega-Sena. Il modo per farlo \u00e8 <a href=\"https:\/\/jackpotlotteryonline.com\/it\/comprare-biglietti\/mega-sena\">acquistare i biglietti online<\/a> tramite noi. Noi diamo agli utenti l&#8217;accesso alle lotterie di tutto il mondo, compresa la Mega-Sena. Se utilizzate il nostro sito per giocare a Mega-Sena, vi offriamo un processo semplice per un&#8217;esperienza senza stress.<\/p>\n<p>Il primo passo \u00e8 visitare il nostro sito web, quindi cliccare sul link alla lotteria Mega-Sena. Successivamente, \u00e8 necessario scegliere 6 numeri da un range compreso tra 1 e 60. \u00c8 possibile scegliere fino a 6 serie di numeri per ogni estrazione per aumentare le possibilit\u00e0 di vincere il jackpot. Una volta scelti i numeri, scegliete i giorni di estrazione e completate il processo.<\/p>\n<p>Quando giocate online, \u00e8 essenziale utilizzare un servizio che vi dia accesso a Mega-Sena. Molti siti lo promettono, ma quando leggete le clausole, scoprirete che vi permettono di scommettere solo sull&#8217;esito del lotto. Se acquistate i biglietti di Mega-Sena sul nostro sito, vi assicureremo di entrare in Mega-Sena e se il vostro biglietto corrisponde ai numeri estratti, vincerete.<\/p>\n<h2>Come vincere a Mega-Sena<\/h2>\n<p><img loading=\"lazy\" decoding=\"async\" class=\"size-medium wp-image-28319 alignright\" src=\"https:\/\/jackpotlotteryonline.com\/wp-content\/uploads\/2022\/11\/1_mega_lottery_jackpot-300x207.jpg\" alt=\"vincere alla lotteria Mega-Sena\" width=\"300\" height=\"207\" srcset=\"https:\/\/jackpotlotteryonline.com\/wp-content\/uploads\/2022\/11\/1_mega_lottery_jackpot-300x207.jpg 300w, https:\/\/jackpotlotteryonline.com\/wp-content\/uploads\/2022\/11\/1_mega_lottery_jackpot.jpg 320w\" sizes=\"auto, (max-width: 300px) 100vw, 300px\" \/><\/p>\n<p>Denaro che cade. Banconote verdi volanti isolate su bianco, coriandoli di denaro piatto, concetto di vincita alla lotteria. Illustrazione vettoriale di un banner che guadagna denaro sullo sfondo<\/p>\n<p><a href=\"https:\/\/jackpotlotteryonline.com\/it\/numeri-vincenti\/mega-sena\">Vincere a Mega-Sena<\/a> significa che i numeri estratti coincidono. In pratica, ci sono 6 numeri che vengono estratti a caso su un totale di 60 numeri possibili. Ogni biglietto che corrisponde ai 6 numeri estratti vince il jackpot.<\/p>\n<p>Le estrazioni di Mega-Sena avvengono due volte alla settimana, il mercoled\u00ec e il sabato. Potete scegliere a quale estrazione partecipare quando acquistate i biglietti Mega-Sena. Potete anche partecipare a pi\u00f9 estrazioni. Questo \u00e8 ci\u00f2 che fanno i migliori giocatori per assicurarsi di avere il maggior numero di possibilit\u00e0 di vincere il jackpot.<\/p>\n<p>Un altro vantaggio di utilizzare il nostro sito \u00e8 che potete facilmente impostare un servizio di abbonamento automatico per l&#8217;acquisto dei biglietti Mega-Sena. Ci\u00f2 significa che non dovrete inserire manualmente ogni estrazione. \u00c8 facile dimenticarsi di queste cose e pensare a come ci si sentirebbe se l&#8217;estrazione a cui non si \u00e8 partecipato fosse quella che si sarebbe potuta vincere. Impostate il gioco in modo da essere iscritti automaticamente a ogni estrazione.<\/p>\n<h2>Jackpot di Mega-Sena<\/h2>\n<p>Il premio del jackpot parte da 3 milioni di reais e, se non c&#8217;\u00e8 nessun vincitore dopo un&#8217;estrazione, aumenta. E pu\u00f2 diventare molto grande. Le probabilit\u00e0 di vincere il jackpot sono di 1 su 50 milioni, il che \u00e8 davvero buono se confrontato con le altre principali lotterie internazionali.<\/p>\n<p>Il jackpot pi\u00f9 grande vinto da Mega-Sena \u00e8 stato di circa 53 milioni di euro. Si tratta di una somma che cambia la vita per qualsiasi standard. Il jackpot pi\u00f9 alto di Mega-Sena \u00e8 stato di ben 73 milioni di euro.<\/p>\n<p>Anche se il jackpot di Mega-Sena non raggiunge i miliardi di dollari, non c&#8217;\u00e8 dubbio che un giocatore possa vincere molto con questa lotteria. Se siete stati in dubbio su questa lotteria, \u00e8 il momento di comprare un biglietto.<\/p>\n<h2>Premi che si possono vincere<\/h2>\n<p>Abbiamo parlato diffusamente del jackpot di Mega-Sena, che \u00e8 il premio finale che ogni giocatore pu\u00f2 vincere partecipando a questo gioco del lotto. Tuttavia, il jackpot non \u00e8 l&#8217;unico premio che gli appassionati di Mega-Sena possono vincere.<\/p>\n<p>Mega-Sena ha un totale di 3 livelli di premio, compreso il jackpot. \u00c8 un po&#8217; difficile dire con esattezza a quanto ammonteranno i premi, dato che una percentuale del montepremi viene assegnata a ciascun livello. Scoprite i livelli di premio qui di seguito.<\/p>\n<p>Jackpot &#8211; Sena: Abbinamento di 6 numeri &#8211; 35% del montepremi<\/p>\n<p>Livello 2 &#8211; Quina: Abbinamento di 5 numeri &#8211; 19% del montepremi<\/p>\n<p>Livello 3 &#8211; Quadra: abbinare 4 numeri &#8211; 19% del montepremi<\/p>\n<h2>Mega da virada<\/h2>\n<p>Che cos&#8217;\u00e8 il mega da virada? Se avete mai provato a giocare a Mega-Sena, vi sarete imbattuti nella mega da virada. \u00c8 un altro gioco o una categoria di premi? Beh, non \u00e8 nessuno dei due. Si tratta invece di una parte della lotteria Mega-Sena, ma di un&#8217;estrazione speciale che si tiene ogni anno la vigilia di Capodanno.<\/p>\n<p>La mega da virada \u00e8 una lotteria che attira i giocatori esperti di tutto il mondo per l&#8217;entit\u00e0 del jackpot. Il jackpot per il 2022 \u00e8 di ben 450 milioni di reais e si dice che sia il premio pi\u00f9 grande nella storia del Mega-Sena! Non c&#8217;\u00e8 da stupirsi che gli appassionati del lotto si stiano affrettando ad acquistare le partecipazioni a questa estrazione.<\/p>\n<p>Potete partecipare alla mega da virada proprio qui sul nostro sito. Non c&#8217;\u00e8 bisogno di fare i salti mortali per partecipare alla mega da virada. Vi sveliamo un segreto: la mega da virada \u00e8 in realt\u00e0 Mega-Sena, ma \u00e8 l&#8217;ultima estrazione dell&#8217;anno. \u00c8 cos\u00ec. Quindi partecipate all&#8217;estrazione del Mega-Sena del 31 dicembre per avere la possibilit\u00e0 di vincere molto.<\/p>\n<h2>La verit\u00e0 sul gioco della lotteria Mega-Sena online<\/h2>\n<p><img loading=\"lazy\" decoding=\"async\" class=\"alignright size-medium wp-image-32000\" src=\"https:\/\/jackpotlotteryonline.com\/wp-content\/uploads\/2022\/11\/1_mega_lotto_ticket-213x300.jpg\" alt=\"Biglietto online della lotteria Mega-Sena\" width=\"213\" height=\"300\" srcset=\"https:\/\/jackpotlotteryonline.com\/wp-content\/uploads\/2022\/11\/1_mega_lotto_ticket-213x300.jpg 213w, https:\/\/jackpotlotteryonline.com\/wp-content\/uploads\/2022\/11\/1_mega_lotto_ticket.jpg 320w\" sizes=\"auto, (max-width: 213px) 100vw, 213px\" \/><\/p>\n<p>Bene, vorremmo prenderci qualche minuto per darvi alcuni consigli su come giocare a Mega-Sena su Internet. Prima di acquistare un biglietto per Mega-Sena, dovete essere sicuri di partecipare alla lotteria. Il modo migliore \u00e8 scoprire se il sito agisce come un agente. Ci\u00f2 significa che ha agenti in Brasile che acquisteranno i biglietti Mega-Sena fisici.<\/p>\n<p>Un&#8217;altra cosa da notare su questo gioco \u00e8 che si tratta di un gioco di numeri. In pratica, tutto ha a che fare con la fortuna. Tuttavia, ci sono alcuni modi per aiutare la fortuna e aumentare le possibilit\u00e0 di vincita. Un modo \u00e8 quello di acquistare pi\u00f9 ingressi.<\/p>\n<p>Mega-Sena ha ottime probabilit\u00e0 per gli scommettitori, quindi pi\u00f9 biglietti si acquistano, pi\u00f9 alte sono le possibilit\u00e0 di vincere la lotteria. Lo stesso vale per la partecipazione a pi\u00f9 estrazioni. \u00c8 sempre un buon piano di gioco partecipare a pi\u00f9 estrazioni.<\/p>\n<h2>Perch\u00e9 dovreste giocare alla lotteria con noi<\/h2>\n<p>Ci sono diversi siti di lotterie che offrono la possibilit\u00e0 di giocare alla lotteria Mega-Sena. Perch\u00e9 invece dovreste scegliere noi?<\/p>\n<ul>\n<li>Siamo un sito concierge con agenti della lotteria in tutto il mondo. Quando acquistate un biglietto Mega-Sena da noi, i nostri agenti in Brasile acquisteranno un biglietto con i numeri da voi scelti. Questo garantisce la partecipazione all&#8217;estrazione di Mega-Sena.<\/li>\n<li>Potete ritirare le vostre vincite (fino a un certo importo) dal nostro sito. Indipendentemente dall&#8217;importo della vincita, non applichiamo alcuna commissione.<\/li>\n<li>Quando acquistate i biglietti sul nostro sito, non dovete preoccuparvi di perdere le estrazioni. Pubblichiamo i risultati delle estrazioni sul nostro sito e se vincete un premio, vi invieremo un&#8217;e-mail.<\/li>\n<li>Qui siete al sicuro. Facciamo il possibile per proteggere il vostro biglietto, in modo che non dobbiate mai preoccuparvi di perderlo.<\/li>\n<\/ul>\n<p>In pratica, acquistare i biglietti della lotteria da noi significa assicurarsi la propria tranquillit\u00e0. Non vogliamo che vi preoccupiate dei dettagli, quindi lasciate che ce ne occupiamo noi mentre voi vi concentrate sulle cose importanti.<\/p>\n<section class=\"layout\" style=\"border: solid 1px; width: 100%;\">\n<div class=\"img-div\" style=\"margin-top: 5px;\"><img decoding=\"async\" class=\"wp-image-17212 alignleft\" style=\"height: 45px; margin: 8px 8px 0px;\" src=\"https:\/\/jackpotlotteryonline.com\/wp-content\/uploads\/2022\/11\/read1.jpg\" alt=\"Leggi \" width=\"\" height=\"\" \/><\/div>\n<div style=\"padding-left: 5px;\">\n<div style=\"font-size: 1.1em;\">\n<p><strong>Tasse sulle vincite alla lotteria<\/strong><\/p>\n<p style=\"font-size: 0.85em; margin-top: -1.5em;\">Devo pagare le tasse sulle vincite alla lotteria? <a href=\"https:\/\/jackpotlotteryonline.com\/it\/devo-pagare-le-tasse-sulle-vincite-alla-lotteria\">Per saperne di pi\u00f9<\/a><\/p>\n<\/div>\n<\/div>\n<\/section>\n<h2>Registratevi con noi per giocare a Mega-Sena online<\/h2>\n<p>Siete pronti a partecipare al gioco del lotto Mega-Sena? Non cercate oltre, basta registrarsi con noi per iniziare. Una volta registrati, avrete accesso alle migliori lotterie internazionali, tra cui Mega-Sena. La parte migliore \u00e8 che le vostre vincite sono sicure quando giocate con noi; potete ritirare ci\u00f2 che avete vinto.<\/p>\n<p>Siamo lieti di offrire diverse scelte ai nostri clienti. Perch\u00e9 limitarsi a una sola lotteria quando \u00e8 possibile giocare a pi\u00f9 di due dozzine di giochi diversi? Sul nostro sito troverete i giochi pi\u00f9 importanti, come il Powerball statunitense, La Primitiva ed Eurojackpot. Tutti i giochi presenti sul nostro sito sono facili da giocare.<\/p>\n<p>\u00c8 ora di smettere di stare con le mani in mano. Se volete davvero vincere molto, iscrivetevi oggi stesso a Mega-Sena. La prossima estrazione potrebbe essere il colpo di fortuna che stavate aspettando. Andate subito sul nostro sito e scegliete tra una vasta gamma di lotterie. Non dimenticate di pianificare in anticipo la mega da virada.<\/p>\n","protected":false},"excerpt":{"rendered":"<p>Volete acquistare i biglietti della lotteria Mega-Sena da qualsiasi parte del mondo? Mega-Sena \u00e8 la pi\u00f9 grande lotteria brasiliana ed \u00e8 in corso dal 1996. Milioni di appassionati di lotto in Brasile si affrettano a comprare i biglietti della Mega-Sena prima di ogni estrazione e ora anche i giocatori di tutto il mondo possono partecipare [&hellip;]<\/p>\n","protected":false},"author":1,"featured_media":0,"parent":35700,"menu_order":15,"comment_status":"closed","ping_status":"closed","template":"megasena.php","meta":{"_et_pb_use_builder":"","_et_pb_old_content":"","_et_gb_content_width":"","exclude_from_search":false,"footnotes":""},"class_list":["post-39485","page","type-page","status-publish","hentry"],"yoast_head":"<!-- This site is optimized with the Yoast SEO plugin v23.3 - https:\/\/yoast.com\/wordpress\/plugins\/seo\/ -->\n<title>Acquista i biglietti per il Mega-Sena online<\/title>\n<meta name=\"description\" content=\"\u00c8 possibile acquistare online i biglietti della lotteria Mega-Sena. Scoprite come giocare e incassare le vostre vincite proprio qui.\" \/>\n<meta name=\"robots\" content=\"index, follow, max-snippet:-1, max-image-preview:large, max-video-preview:-1\" \/>\n<link rel=\"canonical\" href=\"https:\/\/jackpotlotteryonline.com\/it\/come-giocare\/mega-sena-2\/\" \/>\n<meta property=\"og:locale\" content=\"it_IT\" \/>\n<meta property=\"og:type\" content=\"article\" \/>\n<meta property=\"og:title\" content=\"Acquista i biglietti per il Mega-Sena online\" \/>\n<meta property=\"og:description\" content=\"\u00c8 possibile acquistare online i biglietti della lotteria Mega-Sena. Scoprite come giocare e incassare le vostre vincite proprio qui.\" \/>\n<meta property=\"og:url\" content=\"https:\/\/jackpotlotteryonline.com\/it\/come-giocare\/mega-sena-2\/\" \/>\n<meta property=\"og:site_name\" content=\"Lotto Online - Crack The International Lottery Jackpots\" \/>\n<meta property=\"article:modified_time\" content=\"2023-01-03T17:42:29+00:00\" \/>\n<meta property=\"og:image\" content=\"https:\/\/jackpotlotteryonline.com\/wp-content\/uploads\/2022\/11\/1_mega_lottery_jackpot-300x207.jpg\" \/>\n<meta name=\"twitter:card\" content=\"summary_large_image\" \/>\n<meta name=\"twitter:label1\" content=\"Tempo di lettura stimato\" \/>\n\t<meta name=\"twitter:data1\" content=\"8 minuti\" \/>\n<!-- \/ Yoast SEO plugin. -->","yoast_head_json":{"title":"Acquista i biglietti per il Mega-Sena online","description":"\u00c8 possibile acquistare online i biglietti della lotteria Mega-Sena. Scoprite come giocare e incassare le vostre vincite proprio qui.","robots":{"index":"index","follow":"follow","max-snippet":"max-snippet:-1","max-image-preview":"max-image-preview:large","max-video-preview":"max-video-preview:-1"},"canonical":"https:\/\/jackpotlotteryonline.com\/it\/come-giocare\/mega-sena-2\/","og_locale":"it_IT","og_type":"article","og_title":"Acquista i biglietti per il Mega-Sena online","og_description":"\u00c8 possibile acquistare online i biglietti della lotteria Mega-Sena. Scoprite come giocare e incassare le vostre vincite proprio qui.","og_url":"https:\/\/jackpotlotteryonline.com\/it\/come-giocare\/mega-sena-2\/","og_site_name":"Lotto Online - Crack The International Lottery Jackpots","article_modified_time":"2023-01-03T17:42:29+00:00","og_image":[{"url":"https:\/\/jackpotlotteryonline.com\/wp-content\/uploads\/2022\/11\/1_mega_lottery_jackpot-300x207.jpg"}],"twitter_card":"summary_large_image","twitter_misc":{"Tempo di lettura stimato":"8 minuti"},"schema":{"@context":"https:\/\/schema.org","@graph":[{"@type":"WebPage","@id":"https:\/\/jackpotlotteryonline.com\/it\/come-giocare\/mega-sena-2\/","url":"https:\/\/jackpotlotteryonline.com\/it\/come-giocare\/mega-sena-2\/","name":"Acquista i biglietti per il Mega-Sena online","isPartOf":{"@id":"https:\/\/jackpotlotteryonline.com\/#website"},"primaryImageOfPage":{"@id":"https:\/\/jackpotlotteryonline.com\/it\/come-giocare\/mega-sena-2\/#primaryimage"},"image":{"@id":"https:\/\/jackpotlotteryonline.com\/it\/come-giocare\/mega-sena-2\/#primaryimage"},"thumbnailUrl":"https:\/\/jackpotlotteryonline.com\/wp-content\/uploads\/2022\/11\/1_mega_lottery_jackpot-300x207.jpg","datePublished":"2022-11-24T11:33:42+00:00","dateModified":"2023-01-03T17:42:29+00:00","description":"\u00c8 possibile acquistare online i biglietti della lotteria Mega-Sena. Scoprite come giocare e incassare le vostre vincite proprio qui.","breadcrumb":{"@id":"https:\/\/jackpotlotteryonline.com\/it\/come-giocare\/mega-sena-2\/#breadcrumb"},"inLanguage":"it-IT","potentialAction":[{"@type":"ReadAction","target":["https:\/\/jackpotlotteryonline.com\/it\/come-giocare\/mega-sena-2\/"]}]},{"@type":"ImageObject","inLanguage":"it-IT","@id":"https:\/\/jackpotlotteryonline.com\/it\/come-giocare\/mega-sena-2\/#primaryimage","url":"https:\/\/jackpotlotteryonline.com\/wp-content\/uploads\/2022\/11\/1_mega_lottery_jackpot-300x207.jpg","contentUrl":"https:\/\/jackpotlotteryonline.com\/wp-content\/uploads\/2022\/11\/1_mega_lottery_jackpot-300x207.jpg"},{"@type":"BreadcrumbList","@id":"https:\/\/jackpotlotteryonline.com\/it\/come-giocare\/mega-sena-2\/#breadcrumb","itemListElement":[{"@type":"ListItem","position":1,"name":"Home","item":"https:\/\/jackpotlotteryonline.com\/it\/"},{"@type":"ListItem","position":2,"name":"Come giocare","item":"https:\/\/jackpotlotteryonline.com\/play-online\/"},{"@type":"ListItem","position":3,"name":"Giocare alla lotteria Mega-Sena online"}]},{"@type":"WebSite","@id":"https:\/\/jackpotlotteryonline.com\/#website","url":"https:\/\/jackpotlotteryonline.com\/","name":"Lotto Online - Crack The International Lottery Jackpots","description":"","potentialAction":[{"@type":"SearchAction","target":{"@type":"EntryPoint","urlTemplate":"https:\/\/jackpotlotteryonline.com\/?s={search_term_string}"},"query-input":"required name=search_term_string"}],"inLanguage":"it-IT"}]}},"_links":{"self":[{"href":"https:\/\/jackpotlotteryonline.com\/it\/wp-json\/wp\/v2\/pages\/39485","targetHints":{"allow":["GET"]}}],"collection":[{"href":"https:\/\/jackpotlotteryonline.com\/it\/wp-json\/wp\/v2\/pages"}],"about":[{"href":"https:\/\/jackpotlotteryonline.com\/it\/wp-json\/wp\/v2\/types\/page"}],"author":[{"embeddable":true,"href":"https:\/\/jackpotlotteryonline.com\/it\/wp-json\/wp\/v2\/users\/1"}],"replies":[{"embeddable":true,"href":"https:\/\/jackpotlotteryonline.com\/it\/wp-json\/wp\/v2\/comments?post=39485"}],"version-history":[{"count":0,"href":"https:\/\/jackpotlotteryonline.com\/it\/wp-json\/wp\/v2\/pages\/39485\/revisions"}],"up":[{"embeddable":true,"href":"https:\/\/jackpotlotteryonline.com\/it\/wp-json\/wp\/v2\/pages\/35700"}],"wp:attachment":[{"href":"https:\/\/jackpotlotteryonline.com\/it\/wp-json\/wp\/v2\/media?parent=39485"}],"curies":[{"name":"wp","href":"https:\/\/api.w.org\/{rel}","templated":true}]}}