{"id":39545,"date":"2022-11-28T07:18:03","date_gmt":"2022-11-28T07:18:03","guid":{"rendered":"https:\/\/jackpotlotteryonline.com\/?page_id=39545"},"modified":"2023-01-03T18:00:37","modified_gmt":"2023-01-03T18:00:37","slug":"powerball-australia","status":"publish","type":"page","link":"https:\/\/jackpotlotteryonline.com\/it\/come-giocare\/powerball-australia\/","title":{"rendered":"giocare al Powerball Australia online"},"content":{"rendered":"<p>C&#8217;\u00e8 un motivo per cui gli appassionati di lotterie di tutto il mondo si stanno affrettando a giocare al Powerball australiano. Il 2022 \u00e8 stato l&#8217;anno dei mega jackpot e abbiamo visto diversi giocatori vincere milioni di dollari dalle lotterie internazionali. In tutto questo, il Powerball AU non ha fatto eccezione, visto che il jackpot pi\u00f9 grande di sempre, pari a 160 milioni di dollari australiani, \u00e8 stato vinto nell&#8217;ottobre 2022. Con diversi grandi jackpot vinti da singoli possessori di biglietti, dovreste prendere in considerazione l&#8217;idea di giocare a questo Powerball.<\/p>\n<p>\u00c8 interessante notare che questo Powerball esiste da tempo. La prima estrazione si \u00e8 tenuta il 23 maggio 1996, quindi ha 25 anni. \u00c8 vero che, se paragonato a lotterie come la spagnola La Primitiva, l&#8217;Oz Powerball \u00e8 praticamente un neonato. (La Primitiva \u00e8 stata fondata nel 1763 e si pu\u00f2 partecipare a questa lotteria su jackpotlotonline.com).<\/p>\n<p>Negli ultimi 25 anni, l&#8217;Oz Powerball ha mantenuto una reputazione di generose vincite e di ferventi fan. In precedenza, potevano accedervi solo i giocatori residenti nel continente. Ora, i giocatori di tutto il mondo possono giocare al Powerball AU online comodamente dal proprio computer o dispositivo mobile. Continuate a leggere per scoprire come giocare a questa lotteria online.<\/p>\n<h2>Come giocare a Powerball Australia<\/h2>\n<p><img loading=\"lazy\" decoding=\"async\" class=\"alignright size-full wp-image-26402\" src=\"https:\/\/jackpotlotteryonline.com\/wp-content\/uploads\/2022\/11\/1_buy_online_ticket_powerball.jpg\" alt=\"giocare al Powerball Australia online \" width=\"300\" height=\"194\" \/><\/p>\n<p>Una delle cose sorprendenti di questa lotteria \u00e8 che ha grandi probabilit\u00e0. Le probabilit\u00e0 di vincere il jackpot sono 1 su circa 76 milioni. Ci sono per\u00f2 diverse altre divisioni che hanno probabilit\u00e0 fantastiche.<\/p>\n<p>Per giocare a questo Powerball, \u00e8 necessario scegliere 7 numeri da 1 a 35 e un numero Powerball da 1 a 20. In totale, sono 8 i numeri da giocare. Si tratta di un totale di 8 numeri per ogni linea. Si noti che \u00e8 possibile inserire pi\u00f9 linee per aumentare le probabilit\u00e0 di vincita alla lotteria. Pi\u00f9 righe si inseriscono, pi\u00f9 alte sono le probabilit\u00e0 di vincita.<\/p>\n<p>Una volta scelti i numeri, il passo successivo \u00e8 quello di partecipare alle estrazioni. Questa lotteria ha un solo giorno di estrazione, ogni gioved\u00ec sera. Come si pu\u00f2 immaginare, il gioved\u00ec sera \u00e8 pieno di emozioni per i giocatori del continente. Anche voi potete partecipare all&#8217;eccitazione giocando al Powerball.<\/p>\n<h2>Perch\u00e9 il Powerball in Australia?<\/h2>\n<p>Questa \u00e8 un&#8217;ottima domanda. Grazie a Internet, gli appassionati di lotterie di tutto il mondo hanno a disposizione una grande variet\u00e0 di lotterie a cui possono partecipare. Perch\u00e9 si dovrebbe prendere in considerazione l&#8217;idea di giocare al Powerball Oz? Fondamentalmente, con questa lotteria si ha la possibilit\u00e0 di vincere milioni di euro senza dover affrontare probabilit\u00e0 incredibilmente alte.<\/p>\n<p>Il problema di molte altre lotterie pi\u00f9 popolari in altre parti del mondo sono le probabilit\u00e0 elevate. Prendiamo ad esempio il Powerball statunitense, la cui probabilit\u00e0 di vincita \u00e8 di 1 su oltre 200 milioni. Se confrontate con le probabilit\u00e0 di 1 su 76 milioni del Powerball australiano, \u00e8 facile capire perch\u00e9 molti scommettitori gravitano su questa lotteria.<\/p>\n<section class=\"layout\" style=\"border: solid 1px; width: 100%;\">\n<div class=\"img-div\" style=\"margin-top: 5px;\"><img decoding=\"async\" class=\"wp-image-17212 alignleft\" style=\"height: 45px; margin: 8px 8px 0px;\" src=\"https:\/\/jackpotlotteryonline.com\/wp-content\/uploads\/2022\/11\/read1.jpg\" alt=\"Leggi \" width=\"\" height=\"\" \/><\/div>\n<div style=\"padding-left: 5px;\">\n<div style=\"font-size: 1.1em;\">\n<p><strong>Le truffe della lotteria di cui dovete essere consapevoli<\/strong><\/p>\n<p style=\"font-size: 0.85em; margin-top: -1.5em;\">Non cadete nelle trappole della lotteria <a href=\"https:\/\/jackpotlotteryonline.com\/it\/attenzione-alle-truffe-delle-lotterie-online\">Per saperne di pi\u00f9<\/a><\/p>\n<\/div>\n<\/div>\n<\/section>\n<h2>Powerball Australia vs Powerball USA: cosa c&#8217;\u00e8 di diverso?<\/h2>\n<p>Ma c&#8217;\u00e8 qualche differenza tra il Powerball australiano e quello statunitense? La prima e pi\u00f9 evidente differenza \u00e8 la dimensione dei jackpot. Ci sono pochissimi jackpot al mondo che possono essere paragonati per dimensioni al Powerball statunitense. Di recente ha raggiunto la cifra di 2 miliardi di dollari. Se giocate al Powerball di Oz, non otterrete nulla di simile.<\/p>\n<p>Anche in questo caso, la versione statunitense prevede un range da 1 a 69. Ci\u00f2 significa che vengono estratte 5 palline da un range di 1 a 69. Ci\u00f2 significa che vengono estratte 5 palline da un barile con 69 palline. La versione OZ ha 7 numeri estratti da un barile con solo 35 palline. Inoltre, il Powerball negli Stati Uniti viene estratto da un barile con 26 palline, mentre in Australia \u00e8 di 20 palline.<\/p>\n<p>Se volete una lotteria che vi permetta di vincere milioni di euro senza dover fare i conti con le alte probabilit\u00e0, allora dovreste giocare al Powerball australiano.<\/p>\n<h2>Giocare online<\/h2>\n<p>Ora che sapete che potete giocare all&#8217;Oz Powerball da qualsiasi luogo, ecco come fare.<\/p>\n<ul>\n<li>Il primo passo \u00e8 visitare un sito di lotterie come jackpotlotteryonline.com e andare alla pagina dell&#8217;Australian Powerball.<\/li>\n<li>Quindi, scegliete i vostri numeri (potete usare il generatore automatico di numeri per selezionare i numeri in modo casuale).<\/li>\n<li><a href=\"https:\/\/jackpotlotteryonline.com\/it\/numeri-vincenti\/powerball-australia\">Partecipate all&#8217;estrazione<\/a> e completate il processo<\/li>\n<li>Vincere il jackpot<\/li>\n<\/ul>\n<p>L&#8217;estrazione avviene una volta alla settimana, il gioved\u00ec. Quindi, dopo aver partecipato all&#8217;estrazione, il passo successivo \u00e8 quello di attendere i risultati. Ogni biglietto che corrisponde agli 8 numeri estratti vince il jackpot.<\/p>\n<p>Esistono altri premi per numeri diversi, tra cui un premio per l&#8217;abbinamento di soli 2 numeri e del numero bonus.<\/p>\n<h2>Premi che si possono vincere<\/h2>\n<p><img loading=\"lazy\" decoding=\"async\" class=\"alignright size-medium wp-image-19277\" src=\"https:\/\/jackpotlotteryonline.com\/wp-content\/uploads\/2022\/10\/2_ticket_powerball_au2-163x300.jpg\" alt=\"Scansione del biglietto della lotteria\" width=\"163\" height=\"300\" srcset=\"https:\/\/jackpotlotteryonline.com\/wp-content\/uploads\/2022\/10\/2_ticket_powerball_au2-163x300.jpg 163w, https:\/\/jackpotlotteryonline.com\/wp-content\/uploads\/2022\/10\/2_ticket_powerball_au2.jpg 250w\" sizes=\"auto, (max-width: 163px) 100vw, 163px\" \/><\/p>\n<p>Quando si gioca alla lotteria, ci sono 9 divisioni di premi in totale.<\/p>\n<p>Divisione 1: 7 numeri + numero bonus &#8211; jackpot (in media 8 milioni di dollari australiani)<\/p>\n<p>Divisione 2: solo 7 numeri<\/p>\n<p>Divisione 3: 6 numeri + numero bonus<\/p>\n<p>Divisione 4: solo 6 numeri<\/p>\n<p>Divisione 5: 5 numeri + numero bonus<\/p>\n<p>Divisione 6: solo 5 numeri<\/p>\n<p>Divisione 7: 4 numeri + numero bonus<\/p>\n<p>Divisione 8: 3 numeri + numero bonus<\/p>\n<p>Divisione 9: 2 numeri + numero bonus<\/p>\n<p>I premi assegnati a ciascuna divisione sono una percentuale del montepremi. Quindi, pi\u00f9 alto \u00e8 il montepremi, pi\u00f9 soldi vanno a ciascuna divisione. I premi della Divisione 2 hanno raggiunto gli 800.000 dollari australiani.<\/p>\n<h2>Acquistate i biglietti della lotteria online<\/h2>\n<p>Se siete appassionati di lotterie, ora potete giocare alla lotteria online attraverso il nostro sito. Rendiamo il processo semplice per i nostri clienti fornendo tutto ci\u00f2 di cui avete bisogno in un unico posto. Potrete cos\u00ec acquistare i biglietti, controllare i risultati e, in caso di vincita, incassare le vincite direttamente dal nostro sito.<\/p>\n<p>Abbiamo diverse opzioni che potete utilizzare per <a href=\"https:\/\/jackpotlotteryonline.com\/it\/comprare-biglietti\/powerball-australia\">pagare i biglietti della lotteria<\/a>. \u00c8 inoltre possibile impostare il proprio account in modo da essere iscritti automaticamente a diverse estrazioni in anticipo. I nostri clienti possono permettersi il lusso di non dover controllare i risultati delle estrazioni, perch\u00e9 vi faremo sapere se avete vinto qualcosa.<\/p>\n<p>Infine, quando acquistate un biglietto della lotteria con noi, avete la certezza di giocare alla lotteria che preferite. Questo perch\u00e9 abbiamo agenti in diversi Paesi che acquisteranno il biglietto fisico con i numeri corrispondenti. In questo modo, non \u00e8 necessario trovarsi fisicamente in un Paese per giocare alla lotteria. Andate avanti e giocate ora al Powerball Australia.<\/p>\n","protected":false},"excerpt":{"rendered":"<p>C&#8217;\u00e8 un motivo per cui gli appassionati di lotterie di tutto il mondo si stanno affrettando a giocare al Powerball australiano. Il 2022 \u00e8 stato l&#8217;anno dei mega jackpot e abbiamo visto diversi giocatori vincere milioni di dollari dalle lotterie internazionali. In tutto questo, il Powerball AU non ha fatto eccezione, visto che il jackpot [&hellip;]<\/p>\n","protected":false},"author":1,"featured_media":0,"parent":35700,"menu_order":17,"comment_status":"closed","ping_status":"closed","template":"powerball-au.php","meta":{"_et_pb_use_builder":"","_et_pb_old_content":"","_et_gb_content_width":"","exclude_from_search":false,"footnotes":""},"class_list":["post-39545","page","type-page","status-publish","hentry"],"yoast_head":"<!-- This site is optimized with the Yoast SEO plugin v23.3 - https:\/\/yoast.com\/wordpress\/plugins\/seo\/ -->\n<title>Giocare al Powerball Australia da fuori dell&#039;Australia<\/title>\n<meta name=\"description\" content=\"Non \u00e8 necessario vivere in Australia per giocare al Powerball Australia. Scopri come giocare online.\" \/>\n<meta name=\"robots\" content=\"index, follow, max-snippet:-1, max-image-preview:large, max-video-preview:-1\" \/>\n<link rel=\"canonical\" href=\"https:\/\/jackpotlotteryonline.com\/it\/come-giocare\/powerball-australia\/\" \/>\n<meta property=\"og:locale\" content=\"it_IT\" \/>\n<meta property=\"og:type\" content=\"article\" \/>\n<meta property=\"og:title\" content=\"Giocare al Powerball Australia da fuori dell&#039;Australia\" \/>\n<meta property=\"og:description\" content=\"Non \u00e8 necessario vivere in Australia per giocare al Powerball Australia. Scopri come giocare online.\" \/>\n<meta property=\"og:url\" content=\"https:\/\/jackpotlotteryonline.com\/it\/come-giocare\/powerball-australia\/\" \/>\n<meta property=\"og:site_name\" content=\"Lotto Online - Crack The International Lottery Jackpots\" \/>\n<meta property=\"article:modified_time\" content=\"2023-01-03T18:00:37+00:00\" \/>\n<meta property=\"og:image\" content=\"https:\/\/jackpotlotteryonline.com\/wp-content\/uploads\/2022\/11\/1_buy_online_ticket_powerball.jpg\" \/>\n<meta name=\"twitter:card\" content=\"summary_large_image\" \/>\n<meta name=\"twitter:label1\" content=\"Tempo di lettura stimato\" \/>\n\t<meta name=\"twitter:data1\" content=\"6 minuti\" \/>\n<!-- \/ Yoast SEO plugin. -->","yoast_head_json":{"title":"Giocare al Powerball Australia da fuori dell'Australia","description":"Non \u00e8 necessario vivere in Australia per giocare al Powerball Australia. Scopri come giocare online.","robots":{"index":"index","follow":"follow","max-snippet":"max-snippet:-1","max-image-preview":"max-image-preview:large","max-video-preview":"max-video-preview:-1"},"canonical":"https:\/\/jackpotlotteryonline.com\/it\/come-giocare\/powerball-australia\/","og_locale":"it_IT","og_type":"article","og_title":"Giocare al Powerball Australia da fuori dell'Australia","og_description":"Non \u00e8 necessario vivere in Australia per giocare al Powerball Australia. Scopri come giocare online.","og_url":"https:\/\/jackpotlotteryonline.com\/it\/come-giocare\/powerball-australia\/","og_site_name":"Lotto Online - Crack The International Lottery Jackpots","article_modified_time":"2023-01-03T18:00:37+00:00","og_image":[{"url":"https:\/\/jackpotlotteryonline.com\/wp-content\/uploads\/2022\/11\/1_buy_online_ticket_powerball.jpg"}],"twitter_card":"summary_large_image","twitter_misc":{"Tempo di lettura stimato":"6 minuti"},"schema":{"@context":"https:\/\/schema.org","@graph":[{"@type":"WebPage","@id":"https:\/\/jackpotlotteryonline.com\/it\/come-giocare\/powerball-australia\/","url":"https:\/\/jackpotlotteryonline.com\/it\/come-giocare\/powerball-australia\/","name":"Giocare al Powerball Australia da fuori dell'Australia","isPartOf":{"@id":"https:\/\/jackpotlotteryonline.com\/#website"},"primaryImageOfPage":{"@id":"https:\/\/jackpotlotteryonline.com\/it\/come-giocare\/powerball-australia\/#primaryimage"},"image":{"@id":"https:\/\/jackpotlotteryonline.com\/it\/come-giocare\/powerball-australia\/#primaryimage"},"thumbnailUrl":"https:\/\/jackpotlotteryonline.com\/wp-content\/uploads\/2022\/11\/1_buy_online_ticket_powerball.jpg","datePublished":"2022-11-28T07:18:03+00:00","dateModified":"2023-01-03T18:00:37+00:00","description":"Non \u00e8 necessario vivere in Australia per giocare al Powerball Australia. Scopri come giocare online.","breadcrumb":{"@id":"https:\/\/jackpotlotteryonline.com\/it\/come-giocare\/powerball-australia\/#breadcrumb"},"inLanguage":"it-IT","potentialAction":[{"@type":"ReadAction","target":["https:\/\/jackpotlotteryonline.com\/it\/come-giocare\/powerball-australia\/"]}]},{"@type":"ImageObject","inLanguage":"it-IT","@id":"https:\/\/jackpotlotteryonline.com\/it\/come-giocare\/powerball-australia\/#primaryimage","url":"https:\/\/jackpotlotteryonline.com\/wp-content\/uploads\/2022\/11\/1_buy_online_ticket_powerball.jpg","contentUrl":"https:\/\/jackpotlotteryonline.com\/wp-content\/uploads\/2022\/11\/1_buy_online_ticket_powerball.jpg"},{"@type":"BreadcrumbList","@id":"https:\/\/jackpotlotteryonline.com\/it\/come-giocare\/powerball-australia\/#breadcrumb","itemListElement":[{"@type":"ListItem","position":1,"name":"Home","item":"https:\/\/jackpotlotteryonline.com\/it\/"},{"@type":"ListItem","position":2,"name":"Come giocare","item":"https:\/\/jackpotlotteryonline.com\/play-online\/"},{"@type":"ListItem","position":3,"name":"giocare al Powerball Australia online"}]},{"@type":"WebSite","@id":"https:\/\/jackpotlotteryonline.com\/#website","url":"https:\/\/jackpotlotteryonline.com\/","name":"Lotto Online - Crack The International Lottery Jackpots","description":"","potentialAction":[{"@type":"SearchAction","target":{"@type":"EntryPoint","urlTemplate":"https:\/\/jackpotlotteryonline.com\/?s={search_term_string}"},"query-input":"required name=search_term_string"}],"inLanguage":"it-IT"}]}},"_links":{"self":[{"href":"https:\/\/jackpotlotteryonline.com\/it\/wp-json\/wp\/v2\/pages\/39545","targetHints":{"allow":["GET"]}}],"collection":[{"href":"https:\/\/jackpotlotteryonline.com\/it\/wp-json\/wp\/v2\/pages"}],"about":[{"href":"https:\/\/jackpotlotteryonline.com\/it\/wp-json\/wp\/v2\/types\/page"}],"author":[{"embeddable":true,"href":"https:\/\/jackpotlotteryonline.com\/it\/wp-json\/wp\/v2\/users\/1"}],"replies":[{"embeddable":true,"href":"https:\/\/jackpotlotteryonline.com\/it\/wp-json\/wp\/v2\/comments?post=39545"}],"version-history":[{"count":0,"href":"https:\/\/jackpotlotteryonline.com\/it\/wp-json\/wp\/v2\/pages\/39545\/revisions"}],"up":[{"embeddable":true,"href":"https:\/\/jackpotlotteryonline.com\/it\/wp-json\/wp\/v2\/pages\/35700"}],"wp:attachment":[{"href":"https:\/\/jackpotlotteryonline.com\/it\/wp-json\/wp\/v2\/media?parent=39545"}],"curies":[{"name":"wp","href":"https:\/\/api.w.org\/{rel}","templated":true}]}}