{"id":39597,"date":"2022-11-28T08:43:13","date_gmt":"2022-11-28T08:43:13","guid":{"rendered":"https:\/\/jackpotlotteryonline.com\/?page_id=39597"},"modified":"2023-01-03T18:25:38","modified_gmt":"2023-01-03T18:25:38","slug":"saturday-lotto","status":"publish","type":"page","link":"https:\/\/jackpotlotteryonline.com\/it\/come-giocare\/saturday-lotto\/","title":{"rendered":"giocare al Lotto del sabato online"},"content":{"rendered":"<p>Il Saturday Lotto \u00e8 una delle lotterie pi\u00f9 popolari in Australia e i giocatori di tutto il Paese la attendono con ansia. Uno dei motivi \u00e8 che ha una storia di molti milionari. Il jackpot pu\u00f2 raggiungere i 10 milioni di dollari australiani, un premio incredibile se ci si pensa. In passato, per poter giocare a questa lotteria era necessario essere residenti in Australia, per il semplice motivo che i biglietti erano disponibili solo nel Paese. Con l&#8217;avvento di Internet, le cose sono cambiate e i giocatori di tutto il mondo possono giocare alla lotteria da qualsiasi luogo.<\/p>\n<p>Quindi, se volete giocare al lotto del sabato, non dovete far altro che visitare jackpotlotteryonline.com per<a href=\"https:\/\/jackpotlotteryonline.com\/it\/comprare-biglietti\/saturday-lotto\"> acquistare il vostro biglietto della lotteria<\/a>. \u00c8 interessante notare che qui si possono acquistare anche i biglietti di tutte le principali lotterie internazionali.<\/p>\n<h2>L&#8217;origine del Saturday Lotto<\/h2>\n<p><img loading=\"lazy\" decoding=\"async\" class=\"alignright size-medium wp-image-28103\" src=\"https:\/\/jackpotlotteryonline.com\/wp-content\/uploads\/2022\/11\/1_lotto_jackpot_online-257x300.jpg\" alt=\"Il jackpot del lotto del sabato\" width=\"257\" height=\"300\" srcset=\"https:\/\/jackpotlotteryonline.com\/wp-content\/uploads\/2022\/11\/1_lotto_jackpot_online-257x300.jpg 257w, https:\/\/jackpotlotteryonline.com\/wp-content\/uploads\/2022\/11\/1_lotto_jackpot_online.jpg 321w\" sizes=\"auto, (max-width: 257px) 100vw, 257px\" \/><\/p>\n<p>La prima estrazione si \u00e8 svolta il 24 giugno 1972 ed \u00e8 stata la prima lotteria di questo tipo in Australia. \u00c8 anche il lotto pi\u00f9 longevo in Australia. \u00c8 conosciuto con nomi diversi dai giocatori in diverse parti dell&#8217;Australia: Tattslotto, Gold lotto, X lotto o semplicemente lotto.<\/p>\n<p>L&#8217;importo minimo garantito del jackpot \u00e8 di 5 milioni di dollari australiani e, nel caso in cui non ci sia un vincitore, il montepremi passa alla settimana successiva. L&#8217;aspetto incredibile di questo lotto \u00e8 che i giocatori hanno un&#8217;ottima probabilit\u00e0 di vincere il jackpot. Le probabilit\u00e0 sono cos\u00ec basse che il premio del jackpot viene raramente ribaltato perch\u00e9 di solito c&#8217;\u00e8 sempre un vincitore.<\/p>\n<p>Il lotto del sabato organizza anche una mega-estrazione una volta all&#8217;anno, che si svolge dopo Natale. Il jackpot per le mega estrazioni \u00e8 piuttosto grande ed \u00e8 stato aumentato a 30 milioni di dollari australiani. La mega-estrazione di solito produce pi\u00f9 vincitori.<\/p>\n<h2>Come giocare al Saturday Lotto online<\/h2>\n<p>Per giocare al Saturday Lotto, basta visitare il sito jackpotlotteryonline.com e andare alla pagina del Lotto. Scegliere sei numeri tra 1 e 45. \u00c8 sempre possibile scegliere i numeri manualmente o utilizzare il nostro sistema automatico per generare numeri casuali.<\/p>\n<p><a href=\"https:\/\/jackpotlotteryonline.com\/it\/numeri-vincenti\/saturday-lotto\">Quindi, inserite le estrazioni<\/a>. In realt\u00e0, c&#8217;\u00e8 solo un&#8217;estrazione a settimana ed \u00e8 quella del sabato. Da qui il nome: Saturday Lotto. Tuttavia, potete scegliere di partecipare fino a 10 estrazioni consecutive. Se scegliete questa opzione, sarete automaticamente iscritti a tutte le estrazioni per le 10 settimane successive.<\/p>\n<p>Una volta fatto tutto ci\u00f2, il passo successivo \u00e8 quello di elaborare il pagamento. Vi chiederemo di registrarvi presso di noi, in modo da tenere al sicuro il vostro biglietto quando giocate. Vi informeremo anche in caso di vincita e potrete incassare le vostre vincite dalla nostra piattaforma.<\/p>\n<section class=\"layout\" style=\"border: solid 1px; width: 100%;\">\n<div class=\"img-div\" style=\"margin-top: 5px;\"><img decoding=\"async\" class=\"wp-image-17212 alignleft\" style=\"height: 45px; margin: 8px 8px 0px;\" src=\"https:\/\/jackpotlotteryonline.com\/wp-content\/uploads\/2022\/11\/read1.jpg\" alt=\"Leggi \" width=\"\" height=\"\" \/><\/div>\n<div style=\"padding-left: 5px;\">\n<div style=\"font-size: 1.1em;\">\n<p><strong>Alcuni trucchi e suggerimenti per la scelta dei numeri<\/strong><\/p>\n<p style=\"font-size: 0.85em; margin-top: -1.5em;\">Aumentate le vostre possibilit\u00e0 di vincita: usate una strategia per scegliere i vostri numeri\u00a0<a href=\"https:\/\/jackpotlotteryonline.com\/it\/alcuni-trucchi-e-consigli-per-scegliere-i-vostri-numeri\"> Per saperne di pi\u00f9<\/a><\/p>\n<\/div>\n<\/div>\n<\/section>\n<h2>I vantaggi<\/h2>\n<p>Per coloro che sono abituati a comprare i biglietti della lotteria fisici e a vedere i vantaggi della vincita, potrebbe essere difficile capire i vantaggi del gioco su internet. Ma ne condivideremo qui alcuni.<\/p>\n<p>Giocare al Saturday Lotto online \u00e8 comodo. Non \u00e8 necessario lasciare il luogo in cui ci si trova per andare ovunque, perch\u00e9 si pu\u00f2 facilmente giocare sul proprio computer o dispositivo mobile. Inoltre, significa che ora avete accesso a una pi\u00f9 ampia variet\u00e0 di lotterie di tutto il mondo.<\/p>\n<p>L&#8217;acquisto dei biglietti non \u00e8 l&#8217;unico vantaggio che si ottiene giocando alla lotteria. Forse il vantaggio principale \u00e8 la possibilit\u00e0 di ritirare facilmente le vincite. \u00c8 semplice e spesso non \u00e8 necessario seguire alcuna procedura complessa per ottenere le vincite.<\/p>\n<h2>Vincere al lotto del sabato<\/h2>\n<p>Per vincere al lotto \u00e8 necessario indovinare tutti e sei i numeri estratti. Ogni biglietto che corrisponde a tutti e sei i numeri estratti vince il jackpot. Ci sono altri premi che si possono vincere e di cui parleremo pi\u00f9 avanti. Tuttavia, \u00e8 possibile vincere un premio indovinando 3 numeri estratti.<\/p>\n<p>In caso di vincita alla lotteria, \u00e8 possibile ritirare la vincita dalla nostra piattaforma direttamente sul proprio conto.<\/p>\n<p>Se la vostra vincita \u00e8 superiore a 2500, dovrete richiedere la vincita direttamente alla societ\u00e0 della lotteria. Ma non preoccupatevi, vi aiuteremo a farlo fornendovi un modulo di reclamo da compilare.<\/p>\n<h2>Numeri supplementari<\/h2>\n<p><img loading=\"lazy\" decoding=\"async\" class=\"alignright size-medium wp-image-29183\" src=\"https:\/\/jackpotlotteryonline.com\/wp-content\/uploads\/2022\/11\/1_play_lotto-online-300x199.jpg\" alt=\"gioca al lotto del sabato online\" width=\"300\" height=\"199\" srcset=\"https:\/\/jackpotlotteryonline.com\/wp-content\/uploads\/2022\/11\/1_play_lotto-online-300x199.jpg 300w, https:\/\/jackpotlotteryonline.com\/wp-content\/uploads\/2022\/11\/1_play_lotto-online.jpg 350w\" sizes=\"auto, (max-width: 300px) 100vw, 300px\" \/><\/p>\n<p>Se controllate le divisioni dei premi, potreste notare che alcune di esse fanno uso di numeri supplementari. Non si tratta di numeri scelti da voi e che non hanno nulla a che fare con la vincita del jackpot. Si tratta semplicemente di numeri generati in modo casuale che vengono scelti durante ogni estrazione e che vengono utilizzati per determinare le divisioni 2 e 5.<\/p>\n<h2>I premi<\/h2>\n<p>Questo Lotto ha sei diverse divisioni di premi e basta indovinare i 3 numeri principali per vincere un premio. Naturalmente, pi\u00f9 numeri si indovinano, pi\u00f9 alto diventa il premio. Il premio della Divisione 1 \u00e8 il jackpot e per poterlo vincere \u00e8 necessario indovinare tutti e 6 i numeri.<\/p>\n<p>Spesso i giocatori si concentrano sul premio della Divisione 1, cio\u00e8 il jackpot, escludendo le altre divisioni di premi. Tuttavia, \u00e8 possibile vincere una buona somma anche da queste altre divisioni. Di seguito riportiamo le divisioni dei premi del Saturday Lotto e le probabilit\u00e0 di vincita di ciascuna divisione.<\/p>\n<p>Divisione 1: 6 numeri principali &#8211; jackpot (1 su 8.145.060)<\/p>\n<p>Divisione 2: 5 numeri principali + 1 o 2 numeri supplementari (1 su 678.755)<\/p>\n<p>Divisione 3: 5 numeri principali (1 su 36.689)<\/p>\n<p>Divisione 4: 4 numeri principali (1 su 733)<\/p>\n<p>Divisione 5: 3 numeri principali + 1 o 2 numeri supplementari (1 su 297)<\/p>\n<p>Divisione 6: 3 numeri principali (1 su 53)<\/p>\n<h2>Iscriviti ora per giocare al lotto del sabato<\/h2>\n<p>Se siete pronti a giocare al lotto, potete acquistare i biglietti del lotto proprio qui sul nostro sito. Una volta che avrete partecipato all&#8217;estrazione, avrete la possibilit\u00e0 di vincere milioni di euro.<\/p>\n<p>Mentre siete qui, potete anche dare un&#8217;occhiata alle altre lotterie. Abbiamo un&#8217;ampia collezione delle migliori lotterie internazionali e diamo ai nostri clienti la possibilit\u00e0 di accedere a queste lotterie. Potete acquistare i vostri biglietti per le lotterie degli Stati Uniti, dell&#8217;Europa e dell&#8217;Australia, indipendentemente dal luogo in cui vivete.<\/p>\n<p>In qualit\u00e0 di sito numero uno di lotterie, abbiamo semplificato il processo per offrire un&#8217;esperienza incredibile ai nostri clienti. Iscrivetevi oggi stesso per giocare al lotto.<\/p>\n","protected":false},"excerpt":{"rendered":"<p>Il Saturday Lotto \u00e8 una delle lotterie pi\u00f9 popolari in Australia e i giocatori di tutto il Paese la attendono con ansia. Uno dei motivi \u00e8 che ha una storia di molti milionari. Il jackpot pu\u00f2 raggiungere i 10 milioni di dollari australiani, un premio incredibile se ci si pensa. In passato, per poter giocare [&hellip;]<\/p>\n","protected":false},"author":1,"featured_media":0,"parent":35700,"menu_order":18,"comment_status":"closed","ping_status":"closed","template":"saturday-lotto.php","meta":{"_et_pb_use_builder":"","_et_pb_old_content":"","_et_gb_content_width":"","exclude_from_search":false,"footnotes":""},"class_list":["post-39597","page","type-page","status-publish","hentry"],"yoast_head":"<!-- This site is optimized with the Yoast SEO plugin v23.3 - https:\/\/yoast.com\/wordpress\/plugins\/seo\/ -->\n<title>Gioca al Lotto del sabato online<\/title>\n<meta name=\"description\" content=\"Godetevi la possibilit\u00e0 di vincere molto con il Saturday Lotto giocando online da qualsiasi luogo vi troviate. Scoprite come.\" \/>\n<meta name=\"robots\" content=\"index, follow, max-snippet:-1, max-image-preview:large, max-video-preview:-1\" \/>\n<link rel=\"canonical\" href=\"https:\/\/jackpotlotteryonline.com\/it\/come-giocare\/saturday-lotto\/\" \/>\n<meta property=\"og:locale\" content=\"it_IT\" \/>\n<meta property=\"og:type\" content=\"article\" \/>\n<meta property=\"og:title\" content=\"Gioca al Lotto del sabato online\" \/>\n<meta property=\"og:description\" content=\"Godetevi la possibilit\u00e0 di vincere molto con il Saturday Lotto giocando online da qualsiasi luogo vi troviate. Scoprite come.\" \/>\n<meta property=\"og:url\" content=\"https:\/\/jackpotlotteryonline.com\/it\/come-giocare\/saturday-lotto\/\" \/>\n<meta property=\"og:site_name\" content=\"Lotto Online - Crack The International Lottery Jackpots\" \/>\n<meta property=\"article:modified_time\" content=\"2023-01-03T18:25:38+00:00\" \/>\n<meta property=\"og:image\" content=\"https:\/\/jackpotlotteryonline.com\/wp-content\/uploads\/2022\/11\/1_lotto_jackpot_online-257x300.jpg\" \/>\n<meta name=\"twitter:card\" content=\"summary_large_image\" \/>\n<meta name=\"twitter:label1\" content=\"Tempo di lettura stimato\" \/>\n\t<meta name=\"twitter:data1\" content=\"6 minuti\" \/>\n<!-- \/ Yoast SEO plugin. -->","yoast_head_json":{"title":"Gioca al Lotto del sabato online","description":"Godetevi la possibilit\u00e0 di vincere molto con il Saturday Lotto giocando online da qualsiasi luogo vi troviate. Scoprite come.","robots":{"index":"index","follow":"follow","max-snippet":"max-snippet:-1","max-image-preview":"max-image-preview:large","max-video-preview":"max-video-preview:-1"},"canonical":"https:\/\/jackpotlotteryonline.com\/it\/come-giocare\/saturday-lotto\/","og_locale":"it_IT","og_type":"article","og_title":"Gioca al Lotto del sabato online","og_description":"Godetevi la possibilit\u00e0 di vincere molto con il Saturday Lotto giocando online da qualsiasi luogo vi troviate. Scoprite come.","og_url":"https:\/\/jackpotlotteryonline.com\/it\/come-giocare\/saturday-lotto\/","og_site_name":"Lotto Online - Crack The International Lottery Jackpots","article_modified_time":"2023-01-03T18:25:38+00:00","og_image":[{"url":"https:\/\/jackpotlotteryonline.com\/wp-content\/uploads\/2022\/11\/1_lotto_jackpot_online-257x300.jpg"}],"twitter_card":"summary_large_image","twitter_misc":{"Tempo di lettura stimato":"6 minuti"},"schema":{"@context":"https:\/\/schema.org","@graph":[{"@type":"WebPage","@id":"https:\/\/jackpotlotteryonline.com\/it\/come-giocare\/saturday-lotto\/","url":"https:\/\/jackpotlotteryonline.com\/it\/come-giocare\/saturday-lotto\/","name":"Gioca al Lotto del sabato online","isPartOf":{"@id":"https:\/\/jackpotlotteryonline.com\/#website"},"primaryImageOfPage":{"@id":"https:\/\/jackpotlotteryonline.com\/it\/come-giocare\/saturday-lotto\/#primaryimage"},"image":{"@id":"https:\/\/jackpotlotteryonline.com\/it\/come-giocare\/saturday-lotto\/#primaryimage"},"thumbnailUrl":"https:\/\/jackpotlotteryonline.com\/wp-content\/uploads\/2022\/11\/1_lotto_jackpot_online-257x300.jpg","datePublished":"2022-11-28T08:43:13+00:00","dateModified":"2023-01-03T18:25:38+00:00","description":"Godetevi la possibilit\u00e0 di vincere molto con il Saturday Lotto giocando online da qualsiasi luogo vi troviate. Scoprite come.","breadcrumb":{"@id":"https:\/\/jackpotlotteryonline.com\/it\/come-giocare\/saturday-lotto\/#breadcrumb"},"inLanguage":"it-IT","potentialAction":[{"@type":"ReadAction","target":["https:\/\/jackpotlotteryonline.com\/it\/come-giocare\/saturday-lotto\/"]}]},{"@type":"ImageObject","inLanguage":"it-IT","@id":"https:\/\/jackpotlotteryonline.com\/it\/come-giocare\/saturday-lotto\/#primaryimage","url":"https:\/\/jackpotlotteryonline.com\/wp-content\/uploads\/2022\/11\/1_lotto_jackpot_online-257x300.jpg","contentUrl":"https:\/\/jackpotlotteryonline.com\/wp-content\/uploads\/2022\/11\/1_lotto_jackpot_online-257x300.jpg"},{"@type":"BreadcrumbList","@id":"https:\/\/jackpotlotteryonline.com\/it\/come-giocare\/saturday-lotto\/#breadcrumb","itemListElement":[{"@type":"ListItem","position":1,"name":"Home","item":"https:\/\/jackpotlotteryonline.com\/it\/"},{"@type":"ListItem","position":2,"name":"Come giocare","item":"https:\/\/jackpotlotteryonline.com\/play-online\/"},{"@type":"ListItem","position":3,"name":"giocare al Lotto del sabato online"}]},{"@type":"WebSite","@id":"https:\/\/jackpotlotteryonline.com\/#website","url":"https:\/\/jackpotlotteryonline.com\/","name":"Lotto Online - Crack The International Lottery Jackpots","description":"","potentialAction":[{"@type":"SearchAction","target":{"@type":"EntryPoint","urlTemplate":"https:\/\/jackpotlotteryonline.com\/?s={search_term_string}"},"query-input":"required name=search_term_string"}],"inLanguage":"it-IT"}]}},"_links":{"self":[{"href":"https:\/\/jackpotlotteryonline.com\/it\/wp-json\/wp\/v2\/pages\/39597","targetHints":{"allow":["GET"]}}],"collection":[{"href":"https:\/\/jackpotlotteryonline.com\/it\/wp-json\/wp\/v2\/pages"}],"about":[{"href":"https:\/\/jackpotlotteryonline.com\/it\/wp-json\/wp\/v2\/types\/page"}],"author":[{"embeddable":true,"href":"https:\/\/jackpotlotteryonline.com\/it\/wp-json\/wp\/v2\/users\/1"}],"replies":[{"embeddable":true,"href":"https:\/\/jackpotlotteryonline.com\/it\/wp-json\/wp\/v2\/comments?post=39597"}],"version-history":[{"count":0,"href":"https:\/\/jackpotlotteryonline.com\/it\/wp-json\/wp\/v2\/pages\/39597\/revisions"}],"up":[{"embeddable":true,"href":"https:\/\/jackpotlotteryonline.com\/it\/wp-json\/wp\/v2\/pages\/35700"}],"wp:attachment":[{"href":"https:\/\/jackpotlotteryonline.com\/it\/wp-json\/wp\/v2\/media?parent=39597"}],"curies":[{"name":"wp","href":"https:\/\/api.w.org\/{rel}","templated":true}]}}