{"id":39652,"date":"2022-11-28T12:12:50","date_gmt":"2022-11-28T12:12:50","guid":{"rendered":"https:\/\/jackpotlotteryonline.com\/?page_id=39652"},"modified":"2022-12-31T13:08:05","modified_gmt":"2022-12-31T13:08:05","slug":"set-for-life","status":"publish","type":"page","link":"https:\/\/jackpotlotteryonline.com\/it\/come-giocare\/set-for-life\/","title":{"rendered":"gioca a Set For Life online"},"content":{"rendered":"<p>Un numero sempre maggiore di giocatori in tutto il mondo sta iniziando a rendersi conto della bellezza di avere una rendita per il resto della propria vita. Questo \u00e8 ci\u00f2 che la lotteria britannica Set for Life offre ai giocatori: la possibilit\u00e0 di vincere 10.000 sterline ogni singolo mese per 30 anni. Si chiama lotteria della rendita perch\u00e9 il vincitore non riceve una somma forfettaria. A prima vista, potrebbe non sembrare cos\u00ec allettante come vincere miliardi di euro. Tuttavia, ci sono alcuni giocatori che non si sentono a proprio agio nel gestire cos\u00ec tanto denaro in una volta sola. Inoltre, abbiamo letto di vincitori di lotterie che sono finiti sul lastrico dopo pochi anni. Con questa lotteria del Regno Unito, non c&#8217;\u00e8 alcuna possibilit\u00e0 che ci\u00f2 accada, poich\u00e9 il vincitore riceve 10.000 sterline ogni mese.<\/p>\n<p>Se vi state chiedendo come potete giocare a questa rendita britannica da fuori del Regno Unito, siete fortunati. Qui condivideremo come giocare alla lotteria e i consigli per giocare da fuori il Regno Unito.<\/p>\n<h2>Si pu\u00f2 giocare a Set For Life da fuori del Regno Unito?<\/h2>\n<p><img loading=\"lazy\" decoding=\"async\" class=\"alignright size-medium wp-image-27941\" src=\"https:\/\/jackpotlotteryonline.com\/wp-content\/uploads\/2022\/11\/1_lottery_winner_ticket-200x300.jpg\" alt=\"vinci alla grande con Set for life\" width=\"200\" height=\"300\" srcset=\"https:\/\/jackpotlotteryonline.com\/wp-content\/uploads\/2022\/11\/1_lottery_winner_ticket-200x300.jpg 200w, https:\/\/jackpotlotteryonline.com\/wp-content\/uploads\/2022\/11\/1_lottery_winner_ticket.jpg 320w\" sizes=\"auto, (max-width: 200px) 100vw, 200px\" \/><\/p>\n<p>Set For Life \u00e8 una lotteria essenzialmente britannica, ma il desiderio di vincere molto ogni mese \u00e8 condiviso da tutti i giocatori. Siamo onesti, a chi non piacerebbe l&#8217;idea di vincere 10.000 sterline al mese per 30 anni? In genere, Set For Life viene giocato solo nel Regno Unito, perch\u00e9 \u00e8 l\u00ec che vengono venduti i biglietti. Tuttavia, i giocatori possono ora acquistare i biglietti ovunque.<\/p>\n<p>Internet ha reso possibili molte cose, in particolare l&#8217;accesso alle informazioni. Ora i giocatori di tutto il mondo possono acquistare i biglietti delle migliori lotterie internazionali, tra cui Set For Life. Pertanto, se siete giocatori al di fuori del Regno Unito, potete facilmente <a href=\"https:\/\/jackpotlotteryonline.com\/it\/comprare-biglietti\/set-for-life\">acquistare i biglietti per la lotteria delle rendite del Regno Unito<\/a> visitando jackpotlotteryonline.com.<\/p>\n<p>Se vi piace l&#8217;idea di essere sistemati per il resto della vostra vita, affrettatevi ad acquistare un biglietto prima della prossima estrazione.<\/p>\n<h2>Come giocare<\/h2>\n<p>Per giocare alla lotteria del Regno Unito, i giocatori devono scegliere 5 numeri da 1 a 47 e 1 numero Life Ball da 1 a 10. Poi devono scegliere i giorni di estrazione. Poi si <a href=\"https:\/\/jackpotlotteryonline.com\/it\/numeri-vincenti\/set-for-life\">scelgono i giorni di estrazione<\/a> a cui si vuole partecipare e il numero di settimane in cui si vuole giocare.<\/p>\n<p>Quando utilizzate il nostro sito, potete usare il nostro generatore di numeri per selezionare casualmente i vostri numeri. Inoltre, \u00e8 possibile impostare la partecipazione automatica a ogni estrazione con diverse settimane di anticipo. In questo modo, non dovrete preoccuparvi di perdere un&#8217;estrazione. Inoltre, pubblichiamo i risultati grezzi proprio qui sul nostro sito.<\/p>\n<p>Le estrazioni di Set For Life hanno luogo ogni luned\u00ec e gioved\u00ec sera. Giocare alla lotteria con noi significa non dover perdere un&#8217;estrazione perch\u00e9 non si \u00e8 acquistato il biglietto prima della chiusura.<\/p>\n<h2>Suggerimenti per giocare online<\/h2>\n<p>Prima di acquistare un biglietto della lotteria su Internet, \u00e8 importante sapere alcune cose. Ecco alcuni consigli che vi aiuteranno ad avere un&#8217;esperienza di gioco pi\u00f9 piacevole.<\/p>\n<ul>\n<li>Utilizzate sempre un sito di portineria per acquistare i biglietti della lotteria.<\/li>\n<li>Assicuratevi di poter prelevare le vostre vincite senza problemi dal sito<\/li>\n<li>Acquistate pi\u00f9 biglietti e partecipate a pi\u00f9 estrazioni per aumentare le vostre probabilit\u00e0 di vincita.<\/li>\n<li>Utilizzate un sito che vi informi (tramite e-mail) quando vincete un premio.<\/li>\n<\/ul>\n<h2>Categorie di premi di Set For Life<\/h2>\n<div id=\"attachment_27779\" style=\"width: 222px\" class=\"wp-caption alignright\"><img loading=\"lazy\" decoding=\"async\" aria-describedby=\"caption-attachment-27779\" class=\"size-full wp-image-27779\" src=\"https:\/\/jackpotlotteryonline.com\/wp-content\/uploads\/2022\/11\/1_lottery_ticket.jpg\" alt=\"come giocare a Set for life\" width=\"212\" height=\"142\" \/><p id=\"caption-attachment-27779\" class=\"wp-caption-text\">Compilazione del biglietto della lotteria con matita su tavolo di legno, primo piano. Spazio per il testo<\/p><\/div>\n<p>Il primo premio di questa lotteria britannica \u00e8 di ben 10.000 sterline al mese per i prossimi 30 anni. \u00c8 come ricevere 10.000 sterline al mese per fare una vacanza di 30 anni. Questo premio entusiasma molti giocatori. Tuttavia, ancora pi\u00f9 entusiasmante \u00e8 il fatto che questa lotteria prevede anche altri emozionanti livelli di premio. Ecco le categorie di premi.<\/p>\n<p>Categoria 1: abbinamento di 5 numeri + il Life Ball &#8211; 10.000 sterline al mese per 30 anni<\/p>\n<p>Categoria 2: solo 5 numeri &#8211; 10.000 sterline ogni mese per 1 anno<\/p>\n<p>Categoria 3: indovinare 4 numeri + la LIfe Ball &#8211; 250 sterline<\/p>\n<p>Categoria 4: Abbinamento di soli 4 numeri &#8211; \u20ac 50<\/p>\n<p>Categoria 5: indovinare 3 numeri + il Life Ball &#8211; \u20ac 30<\/p>\n<p>Categoria 6: Abbinamento di soli 3 numeri &#8211; \u20ac 20<\/p>\n<p>Categoria 7: Abbinamento di 2 numeri + il Life Ball &#8211; \u20ac 10<\/p>\n<p>Categoria 8: abbinamento di soli 2 numeri &#8211; \u00a35<\/p>\n<section class=\"layout\" style=\"border: solid 1px; width: 100%;\">\n<div class=\"img-div\" style=\"margin-top: 5px;\"><img decoding=\"async\" class=\"wp-image-17212 alignleft\" style=\"height: 45px; margin: 8px 8px 0px;\" src=\"https:\/\/jackpotlotteryonline.com\/wp-content\/uploads\/2022\/11\/read1.jpg\" alt=\"leggere\" width=\"\" height=\"\" \/><\/div>\n<div style=\"padding-left: 5px;\">\n<div style=\"font-size: 1.1em;\">\n<p><strong>Alcuni vincitori della lotteria hanno restituito alla comunit\u00e0<\/strong><\/p>\n<p style=\"font-size: 0.85em; margin-top: -1.5em;\">Alcune storie interessanti e commoventi di vincitori di lotterie che fanno beneficenza\u00a0<a href=\"https:\/\/jackpotlotteryonline.com\/it\/storie-di-vincitori-della-lotteria-che-restituiscono\"> Per saperne di pi\u00f9<\/a><\/p>\n<\/div>\n<\/div>\n<\/section>\n<h2>Gioca alla lotteria delle rendite del Regno Unito qui oggi<\/h2>\n<p>Siamo un sito di lotterie concierge che consente ai giocatori di tutto il mondo di accedere alle migliori lotterie internazionali. Acquistando i biglietti della lotteria da noi, potrete godere del piacere di giocare alla lotteria senza alcun problema.<\/p>\n<p>Se vincete un premio, potete facilmente ritirare la vostra vincita direttamente dal nostro sito. Per noi \u00e8 cos\u00ec semplice. E se il premio \u00e8 superiore a un certo importo, vi aiuteremo a compilare un modulo di richiesta di rimborso per poter riscuotere la vostra vincita.<\/p>\n<p>Tutto ci\u00f2 che facciamo \u00e8 mirato a fornire ai nostri clienti un&#8217;esperienza di lotteria senza soluzione di continuit\u00e0. Quindi partecipate oggi stesso alla lotteria UK Set for Life.<\/p>\n","protected":false},"excerpt":{"rendered":"<p>Un numero sempre maggiore di giocatori in tutto il mondo sta iniziando a rendersi conto della bellezza di avere una rendita per il resto della propria vita. Questo \u00e8 ci\u00f2 che la lotteria britannica Set for Life offre ai giocatori: la possibilit\u00e0 di vincere 10.000 sterline ogni singolo mese per 30 anni. Si chiama lotteria [&hellip;]<\/p>\n","protected":false},"author":1,"featured_media":0,"parent":35700,"menu_order":11,"comment_status":"closed","ping_status":"closed","template":"set-for-life.php","meta":{"_et_pb_use_builder":"","_et_pb_old_content":"","_et_gb_content_width":"","exclude_from_search":false,"footnotes":""},"class_list":["post-39652","page","type-page","status-publish","hentry"],"yoast_head":"<!-- This site is optimized with the Yoast SEO plugin v23.3 - https:\/\/yoast.com\/wordpress\/plugins\/seo\/ -->\n<title>Gioca a Set for Life da fuori il Regno Unito<\/title>\n<meta name=\"description\" content=\"Giocate online alla lotteria delle rendite del Regno Unito e vincete la possibilit\u00e0 di essere sistemati per il resto della vostra vita.\" \/>\n<meta name=\"robots\" content=\"index, follow, max-snippet:-1, max-image-preview:large, max-video-preview:-1\" \/>\n<link rel=\"canonical\" href=\"https:\/\/jackpotlotteryonline.com\/it\/come-giocare\/set-for-life\/\" \/>\n<meta property=\"og:locale\" content=\"it_IT\" \/>\n<meta property=\"og:type\" content=\"article\" \/>\n<meta property=\"og:title\" content=\"Gioca a Set for Life da fuori il Regno Unito\" \/>\n<meta property=\"og:description\" content=\"Giocate online alla lotteria delle rendite del Regno Unito e vincete la possibilit\u00e0 di essere sistemati per il resto della vostra vita.\" \/>\n<meta property=\"og:url\" content=\"https:\/\/jackpotlotteryonline.com\/it\/come-giocare\/set-for-life\/\" \/>\n<meta property=\"og:site_name\" content=\"Lotto Online - Crack The International Lottery Jackpots\" \/>\n<meta property=\"article:modified_time\" content=\"2022-12-31T13:08:05+00:00\" \/>\n<meta property=\"og:image\" content=\"https:\/\/jackpotlotteryonline.com\/wp-content\/uploads\/2022\/11\/1_lottery_winner_ticket-200x300.jpg\" \/>\n<meta name=\"twitter:card\" content=\"summary_large_image\" \/>\n<meta name=\"twitter:label1\" content=\"Tempo di lettura stimato\" \/>\n\t<meta name=\"twitter:data1\" content=\"5 minuti\" \/>\n<!-- \/ Yoast SEO plugin. -->","yoast_head_json":{"title":"Gioca a Set for Life da fuori il Regno Unito","description":"Giocate online alla lotteria delle rendite del Regno Unito e vincete la possibilit\u00e0 di essere sistemati per il resto della vostra vita.","robots":{"index":"index","follow":"follow","max-snippet":"max-snippet:-1","max-image-preview":"max-image-preview:large","max-video-preview":"max-video-preview:-1"},"canonical":"https:\/\/jackpotlotteryonline.com\/it\/come-giocare\/set-for-life\/","og_locale":"it_IT","og_type":"article","og_title":"Gioca a Set for Life da fuori il Regno Unito","og_description":"Giocate online alla lotteria delle rendite del Regno Unito e vincete la possibilit\u00e0 di essere sistemati per il resto della vostra vita.","og_url":"https:\/\/jackpotlotteryonline.com\/it\/come-giocare\/set-for-life\/","og_site_name":"Lotto Online - Crack The International Lottery Jackpots","article_modified_time":"2022-12-31T13:08:05+00:00","og_image":[{"url":"https:\/\/jackpotlotteryonline.com\/wp-content\/uploads\/2022\/11\/1_lottery_winner_ticket-200x300.jpg"}],"twitter_card":"summary_large_image","twitter_misc":{"Tempo di lettura stimato":"5 minuti"},"schema":{"@context":"https:\/\/schema.org","@graph":[{"@type":"WebPage","@id":"https:\/\/jackpotlotteryonline.com\/it\/come-giocare\/set-for-life\/","url":"https:\/\/jackpotlotteryonline.com\/it\/come-giocare\/set-for-life\/","name":"Gioca a Set for Life da fuori il Regno Unito","isPartOf":{"@id":"https:\/\/jackpotlotteryonline.com\/#website"},"primaryImageOfPage":{"@id":"https:\/\/jackpotlotteryonline.com\/it\/come-giocare\/set-for-life\/#primaryimage"},"image":{"@id":"https:\/\/jackpotlotteryonline.com\/it\/come-giocare\/set-for-life\/#primaryimage"},"thumbnailUrl":"https:\/\/jackpotlotteryonline.com\/wp-content\/uploads\/2022\/11\/1_lottery_winner_ticket-200x300.jpg","datePublished":"2022-11-28T12:12:50+00:00","dateModified":"2022-12-31T13:08:05+00:00","description":"Giocate online alla lotteria delle rendite del Regno Unito e vincete la possibilit\u00e0 di essere sistemati per il resto della vostra vita.","breadcrumb":{"@id":"https:\/\/jackpotlotteryonline.com\/it\/come-giocare\/set-for-life\/#breadcrumb"},"inLanguage":"it-IT","potentialAction":[{"@type":"ReadAction","target":["https:\/\/jackpotlotteryonline.com\/it\/come-giocare\/set-for-life\/"]}]},{"@type":"ImageObject","inLanguage":"it-IT","@id":"https:\/\/jackpotlotteryonline.com\/it\/come-giocare\/set-for-life\/#primaryimage","url":"https:\/\/jackpotlotteryonline.com\/wp-content\/uploads\/2022\/11\/1_lottery_winner_ticket-200x300.jpg","contentUrl":"https:\/\/jackpotlotteryonline.com\/wp-content\/uploads\/2022\/11\/1_lottery_winner_ticket-200x300.jpg"},{"@type":"BreadcrumbList","@id":"https:\/\/jackpotlotteryonline.com\/it\/come-giocare\/set-for-life\/#breadcrumb","itemListElement":[{"@type":"ListItem","position":1,"name":"Home","item":"https:\/\/jackpotlotteryonline.com\/it\/"},{"@type":"ListItem","position":2,"name":"Come giocare","item":"https:\/\/jackpotlotteryonline.com\/play-online\/"},{"@type":"ListItem","position":3,"name":"gioca a Set For Life online"}]},{"@type":"WebSite","@id":"https:\/\/jackpotlotteryonline.com\/#website","url":"https:\/\/jackpotlotteryonline.com\/","name":"Lotto Online - Crack The International Lottery Jackpots","description":"","potentialAction":[{"@type":"SearchAction","target":{"@type":"EntryPoint","urlTemplate":"https:\/\/jackpotlotteryonline.com\/?s={search_term_string}"},"query-input":"required name=search_term_string"}],"inLanguage":"it-IT"}]}},"_links":{"self":[{"href":"https:\/\/jackpotlotteryonline.com\/it\/wp-json\/wp\/v2\/pages\/39652","targetHints":{"allow":["GET"]}}],"collection":[{"href":"https:\/\/jackpotlotteryonline.com\/it\/wp-json\/wp\/v2\/pages"}],"about":[{"href":"https:\/\/jackpotlotteryonline.com\/it\/wp-json\/wp\/v2\/types\/page"}],"author":[{"embeddable":true,"href":"https:\/\/jackpotlotteryonline.com\/it\/wp-json\/wp\/v2\/users\/1"}],"replies":[{"embeddable":true,"href":"https:\/\/jackpotlotteryonline.com\/it\/wp-json\/wp\/v2\/comments?post=39652"}],"version-history":[{"count":0,"href":"https:\/\/jackpotlotteryonline.com\/it\/wp-json\/wp\/v2\/pages\/39652\/revisions"}],"up":[{"embeddable":true,"href":"https:\/\/jackpotlotteryonline.com\/it\/wp-json\/wp\/v2\/pages\/35700"}],"wp:attachment":[{"href":"https:\/\/jackpotlotteryonline.com\/it\/wp-json\/wp\/v2\/media?parent=39652"}],"curies":[{"name":"wp","href":"https:\/\/api.w.org\/{rel}","templated":true}]}}