{"id":39710,"date":"2022-11-29T07:50:45","date_gmt":"2022-11-29T07:50:45","guid":{"rendered":"https:\/\/jackpotlotteryonline.com\/?page_id=39710"},"modified":"2023-01-03T10:20:54","modified_gmt":"2023-01-03T10:20:54","slug":"new-york-lottery-2","status":"publish","type":"page","link":"https:\/\/jackpotlotteryonline.com\/it\/come-giocare\/new-york-lottery-2\/","title":{"rendered":"Giocare al lotto di New York online"},"content":{"rendered":"<p>La storia del lotto di New York \u00e8 intrisa di buone azioni e di positivit\u00e0 generale. Essendo una lotteria creata per aiutare l&#8217;istruzione nello stato, \u00e8 una buona opzione per i giocatori che amano un po&#8217; di altruismo con il loro divertimento. In sostanza, se volete una lotteria che vi faccia sentire come se steste contribuendo a qualcosa di buono per il mondo, allora dovreste prendere in considerazione il lotto di New York.<\/p>\n<p>La domanda che si pone la maggior parte dei giocatori \u00e8 per\u00f2 come partecipare a questa lotteria da un&#8217;altra parte del mondo. Come probabilmente avrete intuito dal nome, il lotto di New York \u00e8 la lotteria statale dello Stato di New York, negli Stati Uniti. \u00c8 quindi aperta agli appassionati del lotto che vivono in questo stato e i biglietti della lotteria possono essere facilmente acquistati dai venditori dello stato. Se vivete fuori dallo stato &#8211; o addirittura in un altro continente &#8211; \u00e8 tutta un&#8217;altra storia.<\/p>\n<p>Ma non temete, vi mostreremo il modo migliore per acquistare i biglietti della lotteria da qualsiasi parte del mondo. Se avete fretta di partecipare alla prossima estrazione, perch\u00e9 non visitare jackpotlotteryonline.com per iniziare?<\/p>\n<h2>Consigli per giocare al lotto di New York<\/h2>\n<p>Passiamo ora al motivo per cui siamo qui: come giocare al lotto di New York da qualsiasi luogo. Prima di entrare nei dettagli, \u00e8 probabilmente una buona idea condividere alcuni consigli per giocare al lotto. Anche se stiamo parlando di un lotto specifico, questi consigli si applicano anche ad altre lotterie internazionali di alto livello, alle quali potete partecipare anche qui.<\/p>\n<p><strong>Detto questo, ecco i nostri consigli per giocare al lotto di New York:<\/strong><\/p>\n<ul>\n<li>Scegliete con cura i vostri numeri. \u00c8 vero che non c&#8217;\u00e8 un modo vero e proprio per prevedere quali numeri vinceranno al lotto, tuttavia c&#8217;\u00e8 qualcosa da dire sulla scelta dei numeri che hanno un significato per voi.<\/li>\n<li>Fate attenzione al numero bonus. Questo \u00e8 un aspetto che molti giocatori non capiscono: il fatto che il jackpot non \u00e8 tutto ci\u00f2 che si pu\u00f2 vincere. Il numero bonus \u00e8 quello che determina il secondo premio, che \u00e8 anche una bella somma da portare a casa.<\/li>\n<li>Non perdetevi le estrazioni. Se siete qui per vincere, dovete concentrarvi sull&#8217;iscrizione alle estrazioni. Il lotto di New York prevede due estrazioni a settimana, il mercoled\u00ec e il sabato. Cercate di partecipare a entrambe le estrazioni. Potete anche partecipare alle estrazioni con diverse settimane di anticipo (vi mostreremo come, pi\u00f9 avanti).<\/li>\n<\/ul>\n<h2>Offline vs Online<\/h2>\n<p><img loading=\"lazy\" decoding=\"async\" class=\"alignright size-full wp-image-31505\" src=\"https:\/\/jackpotlotteryonline.com\/wp-content\/uploads\/2022\/11\/lotto2-300x84-1.png\" alt=\"gioca al lotto di New York online\" width=\"300\" height=\"84\" \/>Qual \u00e8 la differenza tra giocare alla lotteria online e offline e ci sono dei vantaggi? S\u00ec, sentiamo spesso queste domande e sono valide. Se vivete a New York, per esempio, \u00e8 naturale chiedersi se ci sia qualche vantaggio nel partecipare alla lotteria online. Beh, possiamo darvene uno: la convenienza.<\/p>\n<p>Cercare di capire quale venditore vende quale biglietto della lotteria pu\u00f2 essere stressante, soprattutto quando si hanno pochi minuti a disposizione prima della chiusura delle vendite dei biglietti. Inoltre, potreste voler partecipare a pi\u00f9 lotterie e questo diventa disordinato se dovete spostarvi da un venditore all&#8217;altro.<\/p>\n<p>Giocare alla lotteria online offre ai giocatori una comodit\u00e0 che prima d&#8217;ora non era nemmeno immaginabile. Direttamente dal vostro computer o dispositivo mobile, potete acquistare i biglietti del lotto, controllare i risultati delle estrazioni e incassare le vincite. Una volta che avrete provato a giocare alla lotteria online, non potrete pi\u00f9 tornare indietro, ve lo possiamo garantire.<\/p>\n<h2>Come giocare online<\/h2>\n<p>Che siate scommettitori esperti o principianti, partecipare alla lotteria online \u00e8 veloce, semplice e assolutamente immediato. Se state giocando al lotto di New York, ecco come procedere:<\/p>\n<ul>\n<li>Cliccate sulla lotteria che volete giocare.<\/li>\n<li>Scegliete 6 numeri da un range compreso tra 1 e 59. C&#8217;\u00e8 un settimo numero, ma questo \u00e8 un numero che non \u00e8 stato selezionato. C&#8217;\u00e8 un settimo numero, ma viene estratto a caso dalla societ\u00e0 del lotto e non fa parte del biglietto.<\/li>\n<li><a href=\"https:\/\/jackpotlotteryonline.com\/it\/numeri-vincenti\/new-york-lottery\">Partecipare alle estrazioni<\/a> che si tengono il mercoled\u00ec e il sabato di ogni settimana. \u00c8 possibile partecipare a una sola estrazione o a entrambe.<\/li>\n<li>Completare il pagamento. La maggior parte dei siti di lotterie richiede la registrazione per completare il pagamento. In questo modo potrete accedere facilmente al vostro biglietto dopo averlo acquistato.<\/li>\n<\/ul>\n<p>Giocare alla lotteria online \u00e8 davvero cos\u00ec semplice. Considerando che non c&#8217;\u00e8 altro modo per ottenere i biglietti del lotto di New York al di fuori dello stato di New York negli Stati Uniti, questo \u00e8 un metodo fantastico anche per chi vive in un&#8217;altra parte del mondo.<\/p>\n<section class=\"layout\" style=\"border: solid 1px; width: 100%;\">\n<div class=\"img-div\" style=\"margin-top: 5px;\"><img decoding=\"async\" class=\"wp-image-17212 alignleft\" style=\"height: 45px; margin: 8px 8px 0px;\" src=\"https:\/\/jackpotlotteryonline.com\/wp-content\/uploads\/2022\/11\/read1.jpg\" alt=\"Leggi \" width=\"\" height=\"\" \/><\/div>\n<div style=\"padding-left: 5px;\">\n<div style=\"font-size: 1.1em;\">\n<p><strong>Come vengo pagato se vinco alla lotteria online?<\/strong><\/p>\n<p style=\"font-size: 0.85em; margin-top: -1.5em;\">Ecco come ricevere i soldi se si vince alla lotteria online\u00a0<a href=\"https:\/\/jackpotlotteryonline.com\/it\/come-vengo-pagato-se-vinco-alla-lotteria-online\"> Per saperne di pi\u00f9<\/a><\/p>\n<\/div>\n<\/div>\n<\/section>\n<h2>Come scegliere i numeri vincenti<\/h2>\n<p>La scelta dei numeri vincenti \u00e8 un argomento complesso, anche se a ben guardare non dovrebbe esserlo. \u00c8 eccessivamente complicato da coloro che vogliono darvi le cosiddette formule matematiche per vincere al lotto. Sul serio, non fidatevi di nessun cosiddetto metodo scientifico.<\/p>\n<p>La lotteria \u00e8 un gioco d&#8217;azzardo e il lotto di New York non fa eccezione. I numeri sono generati in modo casuale e la fortuna ha molto a che fare con chi vince la lotteria.<\/p>\n<p>Tenendo presente questo, \u00e8 sempre una buona idea capitalizzare un po&#8217; il fattore fortuna scegliendo i propri numeri fortunati. Si possono quindi scegliere i numeri di compleanno, gli anniversari, i numeri che sono stati fortunati per tutta la vita, ecc. Oppure, potete semplicemente utilizzare lo strumento del generatore automatico sul nostro sito per scegliere i numeri in modo casuale. In fin dei conti, \u00e8 tutta una questione di fortuna.<\/p>\n<h2>Dove acquistare i biglietti per il lotto di New York<\/h2>\n<p><img loading=\"lazy\" decoding=\"async\" class=\"alignright size-medium wp-image-28913\" src=\"https:\/\/jackpotlotteryonline.com\/wp-content\/uploads\/2022\/11\/1_pick_lottery_numbers-300x200.jpg\" alt=\"compra i biglietti del lotto di New York\" width=\"300\" height=\"200\" srcset=\"https:\/\/jackpotlotteryonline.com\/wp-content\/uploads\/2022\/11\/1_pick_lottery_numbers-300x200.jpg 300w, https:\/\/jackpotlotteryonline.com\/wp-content\/uploads\/2022\/11\/1_pick_lottery_numbers.jpg 320w\" sizes=\"auto, (max-width: 300px) 100vw, 300px\" \/><\/p>\n<p>Se siete pronti a partecipare al lotto di New York, il passo successivo \u00e8 <a href=\"https:\/\/jackpotlotteryonline.com\/it\/comprare-biglietti\/new-york-lottery\">acquistare i biglietti<\/a>. Potete farlo online da un sito di vendita di lotterie come jackpotlotteryonline.com. \u00c8 importante diffidare dei siti di lotterie che non vi dicono esattamente come vi procureranno i biglietti. Tali siti possono solo permettervi di scommettere sull&#8217;esito della lotteria senza parteciparvi effettivamente.<\/p>\n<p>Quando acquistate i biglietti della lotteria da noi, i nostri agenti a New York acquisteranno i biglietti con i numeri corrispondenti. \u00c8 quasi come avere un agente personale della lotteria in diverse parti del mondo.<\/p>\n<h2>Livelli di premio per il lotto di New York<\/h2>\n<p>Il lotto di New York prevede diversi livelli di premio. Sebbene la maggior parte dei giocatori punti al jackpot, e anche voi dovreste farlo, \u00e8 un dato di fatto che non tutti possono vincere il jackpot. Tuttavia, ci sono diverse altre categorie di premi che i giocatori possono vincere.<\/p>\n<p>Il premio del jackpot parte da 2 milioni di dollari, ma non lasciatevi ingannare da questa cifra. Quando non c&#8217;\u00e8 un vincitore dopo un&#8217;estrazione, il premio viene rinnovato e inizia a crescere sempre di pi\u00f9. Il premio pi\u00f9 grande mai vinto da questa lotteria \u00e8 stato di ben 176 milioni di dollari. S\u00ec, una cifra che cambia la vita.<\/p>\n<p>Livello 1 (jackpot) &#8211; indovinare tutti i 6 numeri estratti<\/p>\n<p>Livello 2 &#8211; indovinare 5 numeri + numero bonus<\/p>\n<p>Livello 3 &#8211; indovina 5 numeri<\/p>\n<p>Livello 4 &#8211; indovina 4 numeri<\/p>\n<p>Livello 5 &#8211; abbina 3 numeri<\/p>\n<h2>Vincita e incasso<\/h2>\n<p>Vincere al lotto di New York significa avere un biglietto che corrisponde ai numeri estratti. Chi corrisponde ai numeri estratti vince la lotteria. Per sapere se avete vinto la lotteria, dovete controllare i risultati dell&#8217;estrazione. Se siete registrati con noi, vi invieremo un&#8217;e-mail se vincete un premio.<\/p>\n<p>Se acquistate i biglietti del lotto da noi, potete facilmente ritirare le vostre vincite dalla nostra piattaforma al vostro conto. Se vince 2500 euro o meno, pu\u00f2 ritirare il suo denaro con un semplice clic. Se la vincita \u00e8 superiore, vi invieremo un modulo di richiesta di rimborso da compilare e vi aiuteremo a processare la vostra vincita.<\/p>\n<p>Cerchi subito i biglietti per il lotto di New York su jackpotlotteryonline.com.<\/p>\n","protected":false},"excerpt":{"rendered":"<p>La storia del lotto di New York \u00e8 intrisa di buone azioni e di positivit\u00e0 generale. Essendo una lotteria creata per aiutare l&#8217;istruzione nello stato, \u00e8 una buona opzione per i giocatori che amano un po&#8217; di altruismo con il loro divertimento. In sostanza, se volete una lotteria che vi faccia sentire come se steste [&hellip;]<\/p>\n","protected":false},"author":1,"featured_media":0,"parent":35700,"menu_order":14,"comment_status":"closed","ping_status":"closed","template":"newyork.php","meta":{"_et_pb_use_builder":"","_et_pb_old_content":"","_et_gb_content_width":"","exclude_from_search":false,"footnotes":""},"class_list":["post-39710","page","type-page","status-publish","hentry"],"yoast_head":"<!-- This site is optimized with the Yoast SEO plugin v23.3 - https:\/\/yoast.com\/wordpress\/plugins\/seo\/ -->\n<title>Come giocare al lotto di New York da qualsiasi luogo<\/title>\n<meta name=\"description\" content=\"Non importa dove vi troviate, potete partecipare al lotto di New York online. Scoprite qui come giocare e vincere.\" \/>\n<meta name=\"robots\" content=\"index, follow, max-snippet:-1, max-image-preview:large, max-video-preview:-1\" \/>\n<link rel=\"canonical\" href=\"https:\/\/jackpotlotteryonline.com\/it\/come-giocare\/new-york-lottery-2\/\" \/>\n<meta property=\"og:locale\" content=\"it_IT\" \/>\n<meta property=\"og:type\" content=\"article\" \/>\n<meta property=\"og:title\" content=\"Come giocare al lotto di New York da qualsiasi luogo\" \/>\n<meta property=\"og:description\" content=\"Non importa dove vi troviate, potete partecipare al lotto di New York online. Scoprite qui come giocare e vincere.\" \/>\n<meta property=\"og:url\" content=\"https:\/\/jackpotlotteryonline.com\/it\/come-giocare\/new-york-lottery-2\/\" \/>\n<meta property=\"og:site_name\" content=\"Lotto Online - Crack The International Lottery Jackpots\" \/>\n<meta property=\"article:modified_time\" content=\"2023-01-03T10:20:54+00:00\" \/>\n<meta property=\"og:image\" content=\"https:\/\/jackpotlotteryonline.com\/wp-content\/uploads\/2022\/11\/lotto2-300x84-1.png\" \/>\n<meta name=\"twitter:card\" content=\"summary_large_image\" \/>\n<meta name=\"twitter:label1\" content=\"Tempo di lettura stimato\" \/>\n\t<meta name=\"twitter:data1\" content=\"7 minuti\" \/>\n<!-- \/ Yoast SEO plugin. -->","yoast_head_json":{"title":"Come giocare al lotto di New York da qualsiasi luogo","description":"Non importa dove vi troviate, potete partecipare al lotto di New York online. Scoprite qui come giocare e vincere.","robots":{"index":"index","follow":"follow","max-snippet":"max-snippet:-1","max-image-preview":"max-image-preview:large","max-video-preview":"max-video-preview:-1"},"canonical":"https:\/\/jackpotlotteryonline.com\/it\/come-giocare\/new-york-lottery-2\/","og_locale":"it_IT","og_type":"article","og_title":"Come giocare al lotto di New York da qualsiasi luogo","og_description":"Non importa dove vi troviate, potete partecipare al lotto di New York online. Scoprite qui come giocare e vincere.","og_url":"https:\/\/jackpotlotteryonline.com\/it\/come-giocare\/new-york-lottery-2\/","og_site_name":"Lotto Online - Crack The International Lottery Jackpots","article_modified_time":"2023-01-03T10:20:54+00:00","og_image":[{"url":"https:\/\/jackpotlotteryonline.com\/wp-content\/uploads\/2022\/11\/lotto2-300x84-1.png"}],"twitter_card":"summary_large_image","twitter_misc":{"Tempo di lettura stimato":"7 minuti"},"schema":{"@context":"https:\/\/schema.org","@graph":[{"@type":"WebPage","@id":"https:\/\/jackpotlotteryonline.com\/it\/come-giocare\/new-york-lottery-2\/","url":"https:\/\/jackpotlotteryonline.com\/it\/come-giocare\/new-york-lottery-2\/","name":"Come giocare al lotto di New York da qualsiasi luogo","isPartOf":{"@id":"https:\/\/jackpotlotteryonline.com\/#website"},"primaryImageOfPage":{"@id":"https:\/\/jackpotlotteryonline.com\/it\/come-giocare\/new-york-lottery-2\/#primaryimage"},"image":{"@id":"https:\/\/jackpotlotteryonline.com\/it\/come-giocare\/new-york-lottery-2\/#primaryimage"},"thumbnailUrl":"https:\/\/jackpotlotteryonline.com\/wp-content\/uploads\/2022\/11\/lotto2-300x84-1.png","datePublished":"2022-11-29T07:50:45+00:00","dateModified":"2023-01-03T10:20:54+00:00","description":"Non importa dove vi troviate, potete partecipare al lotto di New York online. Scoprite qui come giocare e vincere.","breadcrumb":{"@id":"https:\/\/jackpotlotteryonline.com\/it\/come-giocare\/new-york-lottery-2\/#breadcrumb"},"inLanguage":"it-IT","potentialAction":[{"@type":"ReadAction","target":["https:\/\/jackpotlotteryonline.com\/it\/come-giocare\/new-york-lottery-2\/"]}]},{"@type":"ImageObject","inLanguage":"it-IT","@id":"https:\/\/jackpotlotteryonline.com\/it\/come-giocare\/new-york-lottery-2\/#primaryimage","url":"https:\/\/jackpotlotteryonline.com\/wp-content\/uploads\/2022\/11\/lotto2-300x84-1.png","contentUrl":"https:\/\/jackpotlotteryonline.com\/wp-content\/uploads\/2022\/11\/lotto2-300x84-1.png"},{"@type":"BreadcrumbList","@id":"https:\/\/jackpotlotteryonline.com\/it\/come-giocare\/new-york-lottery-2\/#breadcrumb","itemListElement":[{"@type":"ListItem","position":1,"name":"Home","item":"https:\/\/jackpotlotteryonline.com\/it\/"},{"@type":"ListItem","position":2,"name":"Come giocare","item":"https:\/\/jackpotlotteryonline.com\/play-online\/"},{"@type":"ListItem","position":3,"name":"Giocare al lotto di New York online"}]},{"@type":"WebSite","@id":"https:\/\/jackpotlotteryonline.com\/#website","url":"https:\/\/jackpotlotteryonline.com\/","name":"Lotto Online - Crack The International Lottery Jackpots","description":"","potentialAction":[{"@type":"SearchAction","target":{"@type":"EntryPoint","urlTemplate":"https:\/\/jackpotlotteryonline.com\/?s={search_term_string}"},"query-input":"required name=search_term_string"}],"inLanguage":"it-IT"}]}},"_links":{"self":[{"href":"https:\/\/jackpotlotteryonline.com\/it\/wp-json\/wp\/v2\/pages\/39710","targetHints":{"allow":["GET"]}}],"collection":[{"href":"https:\/\/jackpotlotteryonline.com\/it\/wp-json\/wp\/v2\/pages"}],"about":[{"href":"https:\/\/jackpotlotteryonline.com\/it\/wp-json\/wp\/v2\/types\/page"}],"author":[{"embeddable":true,"href":"https:\/\/jackpotlotteryonline.com\/it\/wp-json\/wp\/v2\/users\/1"}],"replies":[{"embeddable":true,"href":"https:\/\/jackpotlotteryonline.com\/it\/wp-json\/wp\/v2\/comments?post=39710"}],"version-history":[{"count":0,"href":"https:\/\/jackpotlotteryonline.com\/it\/wp-json\/wp\/v2\/pages\/39710\/revisions"}],"up":[{"embeddable":true,"href":"https:\/\/jackpotlotteryonline.com\/it\/wp-json\/wp\/v2\/pages\/35700"}],"wp:attachment":[{"href":"https:\/\/jackpotlotteryonline.com\/it\/wp-json\/wp\/v2\/media?parent=39710"}],"curies":[{"name":"wp","href":"https:\/\/api.w.org\/{rel}","templated":true}]}}